{"id":12525,"date":"2021-08-04T14:27:13","date_gmt":"2021-08-04T12:27:13","guid":{"rendered":"https:\/\/czerwonagora.pl\/?page_id=12525"},"modified":"2021-08-05T12:32:10","modified_gmt":"2021-08-05T10:32:10","slug":"przygotowanie-pacjenta-do-rtg","status":"publish","type":"page","link":"https:\/\/czerwonagora.pl\/index.php\/przygotowanie-pacjenta-do-rtg\/","title":{"rendered":"Przygotowanie pacjenta do RTG"},"content":{"rendered":"\t\t<div data-elementor-type=\"wp-page\" data-elementor-id=\"12525\" class=\"elementor elementor-12525\">\n\t\t\t\t\t\t<section class=\"elementor-section elementor-top-section elementor-element elementor-element-2703e1e8 elementor-section-boxed elementor-section-height-default elementor-section-height-default\" data-id=\"2703e1e8\" data-element_type=\"section\" data-e-type=\"section\">\n\t\t\t\t\t\t<div class=\"elementor-container elementor-column-gap-default\">\n\t\t\t\t\t<div class=\"elementor-column elementor-col-100 elementor-top-column elementor-element elementor-element-31e79a9\" data-id=\"31e79a9\" data-element_type=\"column\" data-e-type=\"column\">\n\t\t\t<div class=\"elementor-widget-wrap elementor-element-populated\">\n\t\t\t\t\t\t<div class=\"elementor-element elementor-element-aaf4ed8 elementor-position-inline-start elementor-view-default elementor-mobile-position-block-start elementor-widget elementor-widget-icon-box\" data-id=\"aaf4ed8\" data-element_type=\"widget\" data-e-type=\"widget\" data-widget_type=\"icon-box.default\">\n\t\t\t\t<div class=\"elementor-widget-container\">\n\t\t\t\t\t\t\t<div class=\"elementor-icon-box-wrapper\">\n\n\t\t\t\t\t\t<div class=\"elementor-icon-box-icon\">\n\t\t\t\t<span  class=\"elementor-icon\">\n\t\t\t\t<i aria-hidden=\"true\" class=\"fas fa-radiation-alt\"><\/i>\t\t\t\t<\/span>\n\t\t\t<\/div>\n\t\t\t\n\t\t\t\t\t\t<div class=\"elementor-icon-box-content\">\n\n\t\t\t\t\t\t\t\t\t<h3 class=\"elementor-icon-box-title\">\n\t\t\t\t\t\t<span  >\n\t\t\t\t\t\t\tBadanie RTG\t\t\t\t\t\t<\/span>\n\t\t\t\t\t<\/h3>\n\t\t\t\t\n\t\t\t\t\t\t\t\t\t<p class=\"elementor-icon-box-description\">\n\t\t\t\t\t\tRTG  to  technika  obrazowania  wykorzystuj\u0105ca  promieniowanie  rentgenowskie (promieniowanie X). Jest to badanie radiologiczne, nazywane potocznie \u201eprze\u015bwietleniem\". Badanie RTG nale\u017cy do nieinwazyjnych  metod bada\u0144 obrazowych. Pozwala na wykrycie ewentualnych nieprawid\u0142owo\u015bci w budowie prze\u015bwietlanego narz\u0105du.\t\t\t\t\t<\/p>\n\t\t\t\t\n\t\t\t<\/div>\n\t\t\t\n\t\t<\/div>\n\t\t\t\t\t\t<\/div>\n\t\t\t\t<\/div>\n\t\t\t\t<div class=\"elementor-element elementor-element-27734084 elementor-widget elementor-widget-text-editor\" data-id=\"27734084\" data-element_type=\"widget\" data-e-type=\"widget\" data-widget_type=\"text-editor.default\">\n\t\t\t\t<div class=\"elementor-widget-container\">\n\t\t\t\t\t\t\t\t\t<p><strong>Przebieg badania RTG<\/strong><\/p><p>Badanie RTG jest kr\u00f3tkie, bezbolesne i nie wymaga specjalnego przygotowania (z wyj\u0105tkiem prze\u015bwietlenia kr\u0119gos\u0142upa l\u0119d\u017awiowego, jamy brzusznej i urografii).Po wej\u015bciu do pokoju, w kt\u00f3rym odbywa si\u0119 badanie, Pacjent jest proszony o przyj\u0119cie odpowiedniej pozycji i ods\u0142oni\u0119cie fragmentu cia\u0142a, kt\u00f3ry ma by\u0107 prze\u015bwietlany. Nast\u0119pnie osoba wykonuj\u0105ca prze\u015bwietlenie wychodzi do innego pomieszczenia i stamt\u0105d obs\u0142uguje aparatur\u0119. W zale\u017cno\u015bci od rodzaju badania Pacjent mo\u017ce by\u0107 poproszony o chwilowe wstrzymanie oddechu.<\/p><p><strong>RTG kr\u0119gos\u0142upa l\u0119d\u017awiowego \u2013 przygotowanie do badania<\/strong><\/p><p>Na badanie nale\u017cy zg\u0142osi\u0107 si\u0119 ze skierowaniem od lekarza. Niezb\u0119dne badania dodatkowe nie s\u0105 konieczne, cho\u0107 potrzeb\u0119 wykonania badania nale\u017cy ka\u017cdorazowo om\u00f3wi\u0107 z lekarzem. Spos\u00f3b przygotowania do badania.<\/p><p>Spos\u00f3b przygotowania do badania:<\/p><ul><li>Dwa dni przed badaniem powinni\u015bmy zastosowa\u0107 diet\u0119 p\u0142ynn\u0105 bezcukrow\u0105<\/li><li>W dniu poprzedzaj\u0105cym badanie nale\u017cy przyjmowa\u0107 p\u0142yny oboj\u0119tne (ok. 1\u00bd l wodu mineralnej niegazowanej, lekkiej gorzkiej herbaty)<\/li><li>\u00a0Pacjenci z zaparciem powinni poinformowa\u0107 o tym lekarza kieruj\u0105cego, kt\u00f3ry w zale\u017cno\u015bci od wskaza\u0144 medycznych mo\u017ce zaleci\u0107 zastosowanie preparatu przeczyszczaj\u0105cego. Preparat nale\u017cy stosowa\u0107 zgodnie z ulotk\u0105.<\/li><li>Pacjenci z niedowag\u0105 \u2013 nale\u017cy om\u00f3wi\u0107 przygotowanie z lekarzem kieruj\u0105cym na badanie.<\/li><li>W dniu badania mo\u017cna zje\u015b\u0107 tylko lekkie \u015bniadanie.<\/li><\/ul><p>W dniu badania nale\u017cy za\u017cy\u0107 wszystkie leki przyjmowane na sta\u0142e.<\/p><p>Niezb\u0119dne informacje przekazywane lekarzowi:<\/p><ul><li>Pacjent powinien dostarczy\u0107 dokumentacj\u0119 wcze\u015bniej wykonanych bada\u0144 obrazowych i karty informacyjne ze szpitala.<\/li><li>Pacjentki w ci\u0105\u017cy powinny bezwzgl\u0119dnie powiadomi\u0107 o tym bia\u0142y personel (lekarz, piel\u0119gniarka, technik).<\/li><\/ul><p>Pacjent powinien pami\u0119ta\u0107, aby podczas badania poinformowa\u0107 o nag\u0142ych dolegliwo\u015bciach.<\/p><p>Bezwzgl\u0119dnym przeciwskazaniem do badania jest ci\u0105\u017ca.<\/p><h4><strong>RTG jamy brzusznej &#8211; przygotowanie do badania.<\/strong><\/h4><p>Na badanie nale\u017cy zg\u0142osi\u0107 si\u0119 ze skierowaniem od lekarza. Badania dodatkowe nie s\u0105 z regu\u0142y konieczne, jednak potrzeb\u0119 wykonania badania nale\u017cy ka\u017cdorazowo om\u00f3wi\u0107 z lekarzem.<\/p><h4><strong>Spos\u00f3b przygotowania do badania<\/strong><\/h4><ul><li>W ci\u0105gu dw\u00f3ch dni poprzedzaj\u0105cych badanie zalecana jest dieta p\u00f3\u0142p\u0142ynna. Nie nale\u017cy je\u015b\u0107 owoc\u00f3w, warzyw, s\u0142odyczy, ciemnego pieczywa ani pi\u0107 sok\u00f3w oraz napoj\u00f3w gazowanych.<\/li><li>W dniu poprzedzaj\u0105cym badanie nale\u017cy przyjmowa\u0107 Espumisan 3 razy dziennie po 3 do 4 kapsu\u0142ek (\u015brodek odgazowuj\u0105cy &#8211; dost\u0119pny w aptece bez recepty).<\/li><li>W przeddzie\u0144 badania nie nale\u017cy je\u015b\u0107 kolacji.<\/li><li>W dniu badania nale\u017cy pozostawa\u0107 na czczo &#8211; nie je\u015b\u0107 i nie pi\u0107 minimum 6 godzin.<\/li><li>W dniu badania nale\u017cy za\u017cy\u0107 wszystkie leki przyjmowane na sta\u0142e.<\/li><\/ul><h4><strong>Niezb\u0119dne informacje przekazywane lekarzowi:<\/strong><\/h4><ul><li>Pacjent powinien dostarczy\u0107 dokumentacj\u0119 wcze\u015bniej wykonanych bada\u0144 obrazowych i karty informacyjne ze szpitala.<\/li><li>Pacjentki w ci\u0105\u017cy powinny bezwzgl\u0119dnie powiadomi\u0107 o tym bia\u0142y personel (lekarz, piel\u0119gniarka, technik).<\/li><li>Pacjent powinien pami\u0119ta\u0107, aby podczas badania poinformowa\u0107 o nag\u0142ych dolegliwo\u015bciach.<\/li><li>Bezwzgl\u0119dnym przeciwwskazaniem do badania jest ci\u0105\u017ca.<\/li><\/ul><h4><strong>Urografia \u2013przygotowanie do badania<\/strong><\/h4><p>Na badanie nale\u017cy zg\u0142osi\u0107 si\u0119 ze skierowaniem od lekarza.<\/p><h4><strong>Spos\u00f3b przygotowania do badania<\/strong><\/h4><p>Dwa dni przed badaniem Pacjent powinien zastosowa\u0107 diet\u0119 p\u0142ynn\u0105 bezcukrow\u0105.<\/p><h4><strong>W dniu poprzedzaj\u0105cym badanie:<\/strong><\/h4><ul><li>Nale\u017cy przyjmowa\u0107 p\u0142yny oboj\u0119tne (ok. 1\u00bdl, woda mineralna niegazowana, lekka gorzka herbata, kawa nie jest zalecana)<\/li><li>Oko\u0142o godziny 15<sup>00<\/sup> dnia poprzedzaj\u0105cego badanie nale\u017cy wypi\u0107 preparat przeczyszczaj\u0105cy FORTRANS (preparat dost\u0119pny jest na recept\u0119; recept\u0119 wystawia lekarz kieruj\u0105cy na badanie; przed zastosowaniem preparatu FORTRANS prosimy o przeczytanie ulotki informacyjnej do\u0142\u0105czonej do preparatu).<\/li><li>Preparat FORTRANS przygotowujemy rozpuszczaj\u0105c w wodzie w stosunku 1 saszetka na 1 litr. Nale\u017cy wypi\u0107 1l tak przygotowanego leku. Smak roztworu mo\u017cna w razie potrzeby poprawi\u0107 poprzez dodanie soku z cytryny. Preparatu nie mo\u017cna podawa\u0107 osobom z niedro\u017cno\u015bci\u0105 jelit oraz z objawami zespo\u0142u ostrego brzucha.<\/li><\/ul><p>W przypadku Pacjent\u00f3w z niedowag\u0105, przygotowanie do badania nale\u017cy om\u00f3wi\u0107 z lekarzem kieruj\u0105cym.<\/p><p><strong>W dniu badania:<\/strong><\/p><ul><li>nale\u017cy pozostawa\u0107 na czczo, nie ograniczaj\u0105c spo\u017cycia wody niegazowanej<\/li><li>nale\u017cy za\u017cy\u0107 wszystkie leki przyjmowane na sta\u0142e.<\/li><li>Pacjenci leczeni preparatami Metforminy powinni zaprzesta\u0107 jej przyjmowania na 48 godzin przed <br \/>i na 24 godziny po badaniu.<\/li><\/ul><h4><strong>Niezb\u0119dne informacje przekazywane lekarzowi:<\/strong><\/h4><ul><li>Pacjent powinien dostarczy\u0107 dokumentacj\u0119 wcze\u015bniej wykonanych bada\u0144 obrazowych i karty informacyjne ze szpitala.<\/li><li>Prosimy o bezwzgl\u0119dne poinformowanie lekarza o uczuleniu na \u015brodki kontrastowe, alergiach lub schorzeniach nerek (zw\u0142aszcza Pacjenci z klirensem kreatyniny (GFR) poni\u017cej 30 ml\/min).<\/li><li>Pacjentki w ci\u0105\u017cy powinny bezwzgl\u0119dnie powiadomi\u0107 o tym bia\u0142y personel (lekarz, piel\u0119gniarka, technik).<\/li><\/ul><p>Pacjent powinien pami\u0119ta\u0107, aby podczas badania poinformowa\u0107 o nag\u0142ych dolegliwo\u015bciach.<\/p><p>Bezwzgl\u0119dnym przeciwwskazaniem do wykonania badania jest pierwszy trymestr ci\u0105\u017cy. Drugi i trzeci trymestr s\u0105 przeciwwskazaniem wzgl\u0119dnym &#8211; w zale\u017cno\u015bci od wskaza\u0144 medycznych. W razie w\u0105tpliwo\u015bci Pacjentka powinna we w\u0142asnym zakresie wykona\u0107 test ci\u0105\u017cowy.<\/p><p>Ka\u017cde badanie z kontrastem wymaga odpowiedniego przygotowania, o kt\u00f3rym Pacjent jest dok\u0142adnie informowany podczas rejestracji na badanie.<\/p><h4><strong>Forma wyniku:<\/strong><\/h4><p>Pacjent otrzymuje wynik w formie cyfrowej na p\u0142ycie CD\/DVD oraz w formie opisu lekarskiego<\/p>\t\t\t\t\t\t\t\t<\/div>\n\t\t\t\t<\/div>\n\t\t\t\t\t<\/div>\n\t\t<\/div>\n\t\t\t\t\t<\/div>\n\t\t<\/section>\n\t\t\t\t<\/div>\n\t\t","protected":false},"excerpt":{"rendered":"<p>Badanie RTG RTG to technika obrazowania wykorzystuj\u0105ca promieniowanie rentgenowskie (promieniowanie X). Jest to badanie radiologiczne, nazywane potocznie \u201eprze\u015bwietleniem&#8221;. Badanie RTG nale\u017cy do nieinwazyjnych metod bada\u0144 obrazowych. Pozwala na wykrycie ewentualnych nieprawid\u0142owo\u015bci w budowie prze\u015bwietlanego narz\u0105du. Przebieg badania RTG Badanie RTG jest kr\u00f3tkie, bezbolesne i nie wymaga specjalnego przygotowania (z wyj\u0105tkiem prze\u015bwietlenia kr\u0119gos\u0142upa l\u0119d\u017awiowego, jamy brzusznej [&hellip;]<\/p>\n","protected":false},"author":3,"featured_media":0,"parent":0,"menu_order":0,"comment_status":"closed","ping_status":"closed","template":"","meta":{"zakra_page_container_layout":"customizer","zakra_page_sidebar_layout":"customizer","zakra_remove_content_margin":false,"zakra_sidebar":"customizer","zakra_transparent_header":"customizer","zakra_logo":0,"zakra_main_header_style":"default","zakra_menu_item_color":"","zakra_menu_item_hover_color":"","zakra_menu_item_active_color":"","zakra_menu_active_style":"","zakra_page_header":true,"footnotes":""},"class_list":["post-12525","page","type-page","status-publish","hentry"],"yoast_head":"<!-- This site is optimized with the Yoast SEO plugin v27.3 - https:\/\/yoast.com\/product\/yoast-seo-wordpress\/ -->\n<title>Przygotowanie pacjenta do RTG - Wojew\u00f3dzki Szpital Specjalistyczny im. \u015aw. Rafa\u0142a w Czerwonej G\u00f3rze<\/title>\n<meta name=\"robots\" content=\"index, follow, max-snippet:-1, max-image-preview:large, max-video-preview:-1\" \/>\n<link rel=\"canonical\" href=\"https:\/\/czerwonagora.pl\/index.php\/przygotowanie-pacjenta-do-rtg\/\" \/>\n<meta property=\"og:locale\" content=\"pl_PL\" \/>\n<meta property=\"og:type\" content=\"article\" \/>\n<meta property=\"og:title\" content=\"Przygotowanie pacjenta do RTG - Wojew\u00f3dzki Szpital Specjalistyczny im. \u015aw. Rafa\u0142a w Czerwonej G\u00f3rze\" \/>\n<meta property=\"og:description\" content=\"Badanie RTG RTG to technika obrazowania wykorzystuj\u0105ca promieniowanie rentgenowskie (promieniowanie X). Jest to badanie radiologiczne, nazywane potocznie \u201eprze\u015bwietleniem&#8221;. Badanie RTG nale\u017cy do nieinwazyjnych metod bada\u0144 obrazowych. Pozwala na wykrycie ewentualnych nieprawid\u0142owo\u015bci w budowie prze\u015bwietlanego narz\u0105du. Przebieg badania RTG Badanie RTG jest kr\u00f3tkie, bezbolesne i nie wymaga specjalnego przygotowania (z wyj\u0105tkiem prze\u015bwietlenia kr\u0119gos\u0142upa l\u0119d\u017awiowego, jamy brzusznej [&hellip;]\" \/>\n<meta property=\"og:url\" content=\"https:\/\/czerwonagora.pl\/index.php\/przygotowanie-pacjenta-do-rtg\/\" \/>\n<meta property=\"og:site_name\" content=\"Wojew\u00f3dzki Szpital Specjalistyczny im. \u015aw. Rafa\u0142a w Czerwonej G\u00f3rze\" \/>\n<meta property=\"article:publisher\" content=\"https:\/\/www.facebook.com\/SzpitalCzerwonaGora\/\" \/>\n<meta property=\"article:modified_time\" content=\"2021-08-05T10:32:10+00:00\" \/>\n<meta property=\"og:image\" content=\"https:\/\/czerwonagora.pl\/wp-content\/uploads\/2021\/06\/DJI_0005-Duzy.jpg\" \/>\n\t<meta property=\"og:image:width\" content=\"1920\" \/>\n\t<meta property=\"og:image:height\" content=\"1080\" \/>\n\t<meta property=\"og:image:type\" content=\"image\/jpeg\" \/>\n<meta name=\"twitter:card\" content=\"summary_large_image\" \/>\n<meta name=\"twitter:label1\" content=\"Szacowany czas czytania\" \/>\n\t<meta name=\"twitter:data1\" content=\"4 minuty\" \/>\n<script type=\"application\/ld+json\" class=\"yoast-schema-graph\">{\"@context\":\"https:\\\/\\\/schema.org\",\"@graph\":[{\"@type\":\"WebPage\",\"@id\":\"https:\\\/\\\/czerwonagora.pl\\\/index.php\\\/przygotowanie-pacjenta-do-rtg\\\/\",\"url\":\"https:\\\/\\\/czerwonagora.pl\\\/index.php\\\/przygotowanie-pacjenta-do-rtg\\\/\",\"name\":\"Przygotowanie pacjenta do RTG - Wojew\u00f3dzki Szpital Specjalistyczny im. \u015aw. Rafa\u0142a w Czerwonej G\u00f3rze\",\"isPartOf\":{\"@id\":\"https:\\\/\\\/czerwonagora.pl\\\/#website\"},\"datePublished\":\"2021-08-04T12:27:13+00:00\",\"dateModified\":\"2021-08-05T10:32:10+00:00\",\"breadcrumb\":{\"@id\":\"https:\\\/\\\/czerwonagora.pl\\\/index.php\\\/przygotowanie-pacjenta-do-rtg\\\/#breadcrumb\"},\"inLanguage\":\"pl-PL\",\"potentialAction\":[{\"@type\":\"ReadAction\",\"target\":[\"https:\\\/\\\/czerwonagora.pl\\\/index.php\\\/przygotowanie-pacjenta-do-rtg\\\/\"]}]},{\"@type\":\"BreadcrumbList\",\"@id\":\"https:\\\/\\\/czerwonagora.pl\\\/index.php\\\/przygotowanie-pacjenta-do-rtg\\\/#breadcrumb\",\"itemListElement\":[{\"@type\":\"ListItem\",\"position\":1,\"name\":\"Strona g\u0142\u00f3wna\",\"item\":\"https:\\\/\\\/czerwonagora.pl\\\/\"},{\"@type\":\"ListItem\",\"position\":2,\"name\":\"Przygotowanie pacjenta do RTG\"}]},{\"@type\":\"WebSite\",\"@id\":\"https:\\\/\\\/czerwonagora.pl\\\/#website\",\"url\":\"https:\\\/\\\/czerwonagora.pl\\\/\",\"name\":\"Wojew\u00f3dzki Szpital Specjalistyczny im. \u015aw. Rafa\u0142a w Czerwonej G\u00f3rze\",\"description\":\"Wojew\u00f3dzki Szpital Specjalistyczny im. \u015aw. Rafa\u0142a w Czerwonej G\u00f3rze\",\"publisher\":{\"@id\":\"https:\\\/\\\/czerwonagora.pl\\\/#organization\"},\"potentialAction\":[{\"@type\":\"SearchAction\",\"target\":{\"@type\":\"EntryPoint\",\"urlTemplate\":\"https:\\\/\\\/czerwonagora.pl\\\/?s={search_term_string}\"},\"query-input\":{\"@type\":\"PropertyValueSpecification\",\"valueRequired\":true,\"valueName\":\"search_term_string\"}}],\"inLanguage\":\"pl-PL\"},{\"@type\":\"Organization\",\"@id\":\"https:\\\/\\\/czerwonagora.pl\\\/#organization\",\"name\":\"Wojew\u00f3dzki Szpital Specjalistyczny im. \u015aw. Rafa\u0142a w Czerwonej G\u00f3rze\",\"url\":\"https:\\\/\\\/czerwonagora.pl\\\/\",\"logo\":{\"@type\":\"ImageObject\",\"inLanguage\":\"pl-PL\",\"@id\":\"https:\\\/\\\/czerwonagora.pl\\\/#\\\/schema\\\/logo\\\/image\\\/\",\"url\":\"https:\\\/\\\/czerwonagora.pl\\\/wp-content\\\/uploads\\\/2021\\\/06\\\/Logo-WSS-DUZE-transparentne.png\",\"contentUrl\":\"https:\\\/\\\/czerwonagora.pl\\\/wp-content\\\/uploads\\\/2021\\\/06\\\/Logo-WSS-DUZE-transparentne.png\",\"width\":4210,\"height\":2975,\"caption\":\"Wojew\u00f3dzki Szpital Specjalistyczny im. \u015aw. Rafa\u0142a w Czerwonej G\u00f3rze\"},\"image\":{\"@id\":\"https:\\\/\\\/czerwonagora.pl\\\/#\\\/schema\\\/logo\\\/image\\\/\"},\"sameAs\":[\"https:\\\/\\\/www.facebook.com\\\/SzpitalCzerwonaGora\\\/\"]}]}<\/script>\n<!-- \/ Yoast SEO plugin. -->","yoast_head_json":{"title":"Przygotowanie pacjenta do RTG - Wojew\u00f3dzki Szpital Specjalistyczny im. \u015aw. Rafa\u0142a w Czerwonej G\u00f3rze","robots":{"index":"index","follow":"follow","max-snippet":"max-snippet:-1","max-image-preview":"max-image-preview:large","max-video-preview":"max-video-preview:-1"},"canonical":"https:\/\/czerwonagora.pl\/index.php\/przygotowanie-pacjenta-do-rtg\/","og_locale":"pl_PL","og_type":"article","og_title":"Przygotowanie pacjenta do RTG - Wojew\u00f3dzki Szpital Specjalistyczny im. \u015aw. Rafa\u0142a w Czerwonej G\u00f3rze","og_description":"Badanie RTG RTG to technika obrazowania wykorzystuj\u0105ca promieniowanie rentgenowskie (promieniowanie X). Jest to badanie radiologiczne, nazywane potocznie \u201eprze\u015bwietleniem&#8221;. Badanie RTG nale\u017cy do nieinwazyjnych metod bada\u0144 obrazowych. Pozwala na wykrycie ewentualnych nieprawid\u0142owo\u015bci w budowie prze\u015bwietlanego narz\u0105du. Przebieg badania RTG Badanie RTG jest kr\u00f3tkie, bezbolesne i nie wymaga specjalnego przygotowania (z wyj\u0105tkiem prze\u015bwietlenia kr\u0119gos\u0142upa l\u0119d\u017awiowego, jamy brzusznej [&hellip;]","og_url":"https:\/\/czerwonagora.pl\/index.php\/przygotowanie-pacjenta-do-rtg\/","og_site_name":"Wojew\u00f3dzki Szpital Specjalistyczny im. \u015aw. Rafa\u0142a w Czerwonej G\u00f3rze","article_publisher":"https:\/\/www.facebook.com\/SzpitalCzerwonaGora\/","article_modified_time":"2021-08-05T10:32:10+00:00","og_image":[{"width":1920,"height":1080,"url":"https:\/\/czerwonagora.pl\/wp-content\/uploads\/2021\/06\/DJI_0005-Duzy.jpg","type":"image\/jpeg"}],"twitter_card":"summary_large_image","twitter_misc":{"Szacowany czas czytania":"4 minuty"},"schema":{"@context":"https:\/\/schema.org","@graph":[{"@type":"WebPage","@id":"https:\/\/czerwonagora.pl\/index.php\/przygotowanie-pacjenta-do-rtg\/","url":"https:\/\/czerwonagora.pl\/index.php\/przygotowanie-pacjenta-do-rtg\/","name":"Przygotowanie pacjenta do RTG - Wojew\u00f3dzki Szpital Specjalistyczny im. \u015aw. Rafa\u0142a w Czerwonej G\u00f3rze","isPartOf":{"@id":"https:\/\/czerwonagora.pl\/#website"},"datePublished":"2021-08-04T12:27:13+00:00","dateModified":"2021-08-05T10:32:10+00:00","breadcrumb":{"@id":"https:\/\/czerwonagora.pl\/index.php\/przygotowanie-pacjenta-do-rtg\/#breadcrumb"},"inLanguage":"pl-PL","potentialAction":[{"@type":"ReadAction","target":["https:\/\/czerwonagora.pl\/index.php\/przygotowanie-pacjenta-do-rtg\/"]}]},{"@type":"BreadcrumbList","@id":"https:\/\/czerwonagora.pl\/index.php\/przygotowanie-pacjenta-do-rtg\/#breadcrumb","itemListElement":[{"@type":"ListItem","position":1,"name":"Strona g\u0142\u00f3wna","item":"https:\/\/czerwonagora.pl\/"},{"@type":"ListItem","position":2,"name":"Przygotowanie pacjenta do RTG"}]},{"@type":"WebSite","@id":"https:\/\/czerwonagora.pl\/#website","url":"https:\/\/czerwonagora.pl\/","name":"Wojew\u00f3dzki Szpital Specjalistyczny im. \u015aw. Rafa\u0142a w Czerwonej G\u00f3rze","description":"Wojew\u00f3dzki Szpital Specjalistyczny im. \u015aw. Rafa\u0142a w Czerwonej G\u00f3rze","publisher":{"@id":"https:\/\/czerwonagora.pl\/#organization"},"potentialAction":[{"@type":"SearchAction","target":{"@type":"EntryPoint","urlTemplate":"https:\/\/czerwonagora.pl\/?s={search_term_string}"},"query-input":{"@type":"PropertyValueSpecification","valueRequired":true,"valueName":"search_term_string"}}],"inLanguage":"pl-PL"},{"@type":"Organization","@id":"https:\/\/czerwonagora.pl\/#organization","name":"Wojew\u00f3dzki Szpital Specjalistyczny im. \u015aw. Rafa\u0142a w Czerwonej G\u00f3rze","url":"https:\/\/czerwonagora.pl\/","logo":{"@type":"ImageObject","inLanguage":"pl-PL","@id":"https:\/\/czerwonagora.pl\/#\/schema\/logo\/image\/","url":"https:\/\/czerwonagora.pl\/wp-content\/uploads\/2021\/06\/Logo-WSS-DUZE-transparentne.png","contentUrl":"https:\/\/czerwonagora.pl\/wp-content\/uploads\/2021\/06\/Logo-WSS-DUZE-transparentne.png","width":4210,"height":2975,"caption":"Wojew\u00f3dzki Szpital Specjalistyczny im. \u015aw. Rafa\u0142a w Czerwonej G\u00f3rze"},"image":{"@id":"https:\/\/czerwonagora.pl\/#\/schema\/logo\/image\/"},"sameAs":["https:\/\/www.facebook.com\/SzpitalCzerwonaGora\/"]}]}},"publishpress_future_action":{"enabled":false,"date":"2026-04-23 01:40:54","action":"change-status","newStatus":"draft","terms":[],"taxonomy":"","extraData":[]},"publishpress_future_workflow_manual_trigger":{"enabledWorkflows":[]},"_links":{"self":[{"href":"https:\/\/czerwonagora.pl\/index.php\/wp-json\/wp\/v2\/pages\/12525","targetHints":{"allow":["GET"]}}],"collection":[{"href":"https:\/\/czerwonagora.pl\/index.php\/wp-json\/wp\/v2\/pages"}],"about":[{"href":"https:\/\/czerwonagora.pl\/index.php\/wp-json\/wp\/v2\/types\/page"}],"author":[{"embeddable":true,"href":"https:\/\/czerwonagora.pl\/index.php\/wp-json\/wp\/v2\/users\/3"}],"replies":[{"embeddable":true,"href":"https:\/\/czerwonagora.pl\/index.php\/wp-json\/wp\/v2\/comments?post=12525"}],"version-history":[{"count":13,"href":"https:\/\/czerwonagora.pl\/index.php\/wp-json\/wp\/v2\/pages\/12525\/revisions"}],"predecessor-version":[{"id":12814,"href":"https:\/\/czerwonagora.pl\/index.php\/wp-json\/wp\/v2\/pages\/12525\/revisions\/12814"}],"wp:attachment":[{"href":"https:\/\/czerwonagora.pl\/index.php\/wp-json\/wp\/v2\/media?parent=12525"}],"curies":[{"name":"wp","href":"https:\/\/api.w.org\/{rel}","templated":true}]}}