{"id":12631,"date":"2021-08-05T08:12:08","date_gmt":"2021-08-05T06:12:08","guid":{"rendered":"https:\/\/czerwonagora.pl\/?page_id=12631"},"modified":"2021-08-05T12:33:39","modified_gmt":"2021-08-05T10:33:39","slug":"przygotowanie-do-badania-ultrasonograficznego-usg","status":"publish","type":"page","link":"https:\/\/czerwonagora.pl\/index.php\/przygotowanie-do-badania-ultrasonograficznego-usg\/","title":{"rendered":"Przygotowanie do badania ultrasonograficznego (USG)"},"content":{"rendered":"\t\t<div data-elementor-type=\"wp-page\" data-elementor-id=\"12631\" class=\"elementor elementor-12631\">\n\t\t\t\t\t\t<section class=\"elementor-section elementor-top-section elementor-element elementor-element-bccfa4a elementor-section-boxed elementor-section-height-default elementor-section-height-default\" data-id=\"bccfa4a\" data-element_type=\"section\" data-e-type=\"section\">\n\t\t\t\t\t\t<div class=\"elementor-container elementor-column-gap-default\">\n\t\t\t\t\t<div class=\"elementor-column elementor-col-100 elementor-top-column elementor-element elementor-element-21cf65b3\" data-id=\"21cf65b3\" data-element_type=\"column\" data-e-type=\"column\">\n\t\t\t<div class=\"elementor-widget-wrap elementor-element-populated\">\n\t\t\t\t\t\t<div class=\"elementor-element elementor-element-d6df201 elementor-position-inline-start elementor-view-default elementor-mobile-position-block-start elementor-widget elementor-widget-icon-box\" data-id=\"d6df201\" data-element_type=\"widget\" data-e-type=\"widget\" data-widget_type=\"icon-box.default\">\n\t\t\t\t<div class=\"elementor-widget-container\">\n\t\t\t\t\t\t\t<div class=\"elementor-icon-box-wrapper\">\n\n\t\t\t\t\t\t<div class=\"elementor-icon-box-icon\">\n\t\t\t\t<span  class=\"elementor-icon\">\n\t\t\t\t<i aria-hidden=\"true\" class=\"fas fa-radiation\"><\/i>\t\t\t\t<\/span>\n\t\t\t<\/div>\n\t\t\t\n\t\t\t\t\t\t<div class=\"elementor-icon-box-content\">\n\n\t\t\t\t\t\t\t\t\t<h3 class=\"elementor-icon-box-title\">\n\t\t\t\t\t\t<span  >\n\t\t\t\t\t\t\tBadanie USG\t\t\t\t\t\t<\/span>\n\t\t\t\t\t<\/h3>\n\t\t\t\t\n\t\t\t\t\t\t\t\t\t<p class=\"elementor-icon-box-description\">\n\t\t\t\t\t\tJest  najbardziej  popularn\u0105  i  maj\u0105c\u0105  szerokie zastosowanie  w  diagnostyce  chor\u00f3b  metod\u0105  obrazowania  wn\u0119trza  cia\u0142a.  Badanie  jest nieinwazyjne,  bezpieczne  i  nie  ma  \u017cadnych  przeciwwskaza\u0144  do  jego  przeprowadzenia, dlatego mo\u017ce by\u0107 powtarzane w kr\u00f3tkich odst\u0119pach czasowych.\t\t\t\t\t<\/p>\n\t\t\t\t\n\t\t\t<\/div>\n\t\t\t\n\t\t<\/div>\n\t\t\t\t\t\t<\/div>\n\t\t\t\t<\/div>\n\t\t\t\t<div class=\"elementor-element elementor-element-259fe27 elementor-widget elementor-widget-text-editor\" data-id=\"259fe27\" data-element_type=\"widget\" data-e-type=\"widget\" data-widget_type=\"text-editor.default\">\n\t\t\t\t<div class=\"elementor-widget-container\">\n\t\t\t\t\t\t\t\t\t<p>Badanie USG wykonuje si\u0119 przy pomocy sondy przyk\u0142adanej bezpo\u015brednio do powierzchni cia\u0142a, b\u0105d\u017a te\u017c dla uzyskania lepszego obrazu uk\u0142adu p\u0142ciowego oraz moczowego wprowadzanej naturalnymi otworami, czyli transwaginalnie lub transrektalnie. We wn\u0119trzu sondy znajduje si\u0119 kryszta\u0142, dzi\u0119ki kt\u00f3remu wytwarzane s\u0105 fale ultrad\u017awi\u0119kowe o po\u017c\u0105danych parametrach oraz odbiornik echa akustycznego powracaj\u0105cego po odbiciu si\u0119 od warstwy badanych narz\u0105d\u00f3w organizmu. Komputerowo przetworzone echo jest prezentowane na monitorze i podlega ocenie lekarza radiologa.<\/p><h4><strong>Przebieg badanie USG<\/strong><\/h4><p>Badanie USG wykonuje lekarz, kt\u00f3ry wskazuje pozycj\u0119 w jakiej Pacjent powinien si\u0119 u\u0142o\u017cy\u0107. Pozycja zale\u017cy od rodzaju badania.<\/p><p>Pacjent ods\u0142ania diagnozowan\u0105 cz\u0119\u015b\u0107 cia\u0142a np. brzuch, nerki, szyj\u0119. Lekarz pokrywa sk\u00f3r\u0119 (okolic\u0119 badania) specjalnym \u017celem w celu uzyskania pe\u0142nego kontaktu g\u0142owicy aparatu ze sk\u00f3r\u0105 <br \/>i wyeliminowania p\u0119cherzyk\u00f3w powietrza.<\/p><p>Nast\u0119pnie Pacjent wykonuje polecenia lekarza, oddycha zgodnie z zaleceniami. Przesuwaj\u0105c g\u0142owic\u0119 aparatu uzyskuje si\u0119 obrazy ca\u0142ego badanego narz\u0105du, kt\u00f3re widoczne s\u0105 na ekranie monitora.<\/p><p>Jedynym bezwzgl\u0119dnym przeciwwskazaniem do badania jest obecno\u015b\u0107 otwartych ran cz\u0119\u015bci mi\u0119kkich, uszkodze\u0144 ko\u015bci, otwartych infekcji oraz oparze\u0144 w polu badania. Przeciwwskazanie wzgl\u0119dne stanowi\u0105 \u015bwie\u017co zamkni\u0119te z\u0142amania, gdy\u017c w takim przypadku wynik badania USG przewa\u017cnie nie poci\u0105ga za sob\u0105 konsekwencji terapeutycznych, a mo\u017ce nara\u017ca\u0107 chorego na niepotrzebny b\u00f3l.<\/p><h4><strong>USG jamy brzusznej &#8211; przygotowanie do badania<\/strong><\/h4><p>Najwi\u0119ksz\u0105 przeszkod\u0105 w prawid\u0142owej ocenie narz\u0105d\u00f3w jamy brzusznej jest zaleganie tre\u015bci pokarmowej i gaz\u00f3w w \u017co\u0142\u0105dku, dwunastnicy i jelitach. Aby wyeliminowa\u0107 te przeszkody, badanie musimy wykonywa\u0107 na czczo.<\/p><ul><li>Pacjent nie mo\u017ce nic je\u015b\u0107 ani pi\u0107 co najmniej przez 5 godzin przed badaniem.<\/li><li>Nie nale\u017cy \u017cu\u0107 gumy ani pali\u0107 papieros\u00f3w.<\/li><li>Pacjenci przyjmuj\u0105cy leki powinni je nadal przyjmowa\u0107, popijaj\u0105c \u00bd szklanki wody, jednak nie p\u00f3\u017aniej ni\u017c 1 godzin\u0119 przed badaniem.<\/li><li>Pacjenci z tendencj\u0105 do wzd\u0119\u0107 powinni zachowa\u0107 lekkostrawn\u0105 diet\u0119 ju\u017c dwa dni przed badaniem <br \/>i trzy razy dziennie przyjmowa\u0107 po dwie kapsu\u0142ki jednego z lek\u00f3w zmniejszaj\u0105cych ilo\u015b\u0107 gaz\u00f3w <br \/>w jelitach (np.: Espumisan lub Esputicon).<\/li><li>Na badanie nale\u017cy (w miar\u0119 mo\u017cliwo\u015bci) przynie\u015b\u0107 wyniki poprzednich bada\u0144 USG danej okolicy, lub wyniki innych badan &#8211; dotycz\u0105cych tego problemu.<\/li><\/ul><p>Badanie USG jest niebolesne i nie ma \u017cadnych przeciwwskaza\u0144 do jego wykonania (nawet w ci\u0105\u017cy).<\/p><h4><strong>Wskazania do badania USG jamy brzusznej:<br \/><\/strong><\/h4><ul><li>diagnostyka dolegliwo\u015bci b\u00f3lowych jamy brzusznej,<\/li><li>choroby w\u0105troby, p\u0119cherzyka \u017c\u00f3\u0142ciowego, dr\u00f3g \u017c\u00f3\u0142ciowych,<\/li><li>choroby trzustki, w tym cukrzyca,<\/li><li>zaburzenia trawienia.<\/li><\/ul><h4><strong>Badanie USG piersi \u2013 przygotowanie do badania:<\/strong><\/h4><p>Badanie USG piersi nie wymaga \u017cadnego przygotowania i mo\u017cna je wykona\u0107 w dowolnej fazie cyklu miesi\u0119cznego, o ile lekarz kieruj\u0105cy nie wyznaczy\u0142 inaczej (w takiej sytuacji na badanie nale\u017cy si\u0119 zg\u0142osi\u0107 we wskazanej fazie cyklu).<\/p><p>Jedynie u kobiet, kt\u00f3re skar\u017c\u0105 si\u0119 na tkliwo\u015b\u0107 piersi przed miesi\u0105czk\u0105, zaleca si\u0119 wykonanie tego badania w pierwszej po\u0142owie cyklu.<\/p><p>Na badanie nale\u017cy koniecznie przynie\u015b\u0107 wyniki poprzednich bada\u0144 usg i mammografii.<\/p><p>W warunkach prawid\u0142owych badanie jest niebolesne i nie ma \u017cadnych przeciwwskaza\u0144 do jego wykonania (nawet w okresie ci\u0105\u017cy, czy karmienia piersi\u0105).<\/p><h4><strong>Wskazania do badania USG piersi:<\/strong><\/h4><ul><li>zmiany w gruczo\u0142ach piersiowych np. o charakterze guzk\u00f3w wykrytych badaniem palpacyjnym<\/li><li>diagnostyka zmian wykrytych podczas badania mammografii.<\/li><\/ul><h4><strong>USG tarczycy \u2013 przygotowanie do badania<\/strong><\/h4><p>Badanie nie wymaga \u017cadnego przygotowania.<\/p><p>Na badanie nale\u017cy (w miar\u0119 mo\u017cliwo\u015bci) przynie\u015b\u0107 wyniki poprzednich bada\u0144 USG lub bada\u0144 scyntygraficznych tarczycy. Wskazane jest r\u00f3wnie\u017c przyniesienie wynik\u00f3w bada\u0144 poziomu hormon\u00f3w tarczycy i TSH (je\u017celi by\u0142y wykonywane).<\/p><p>Badanie jest niebolesne i nie ma \u017cadnych przeciwwskaza\u0144 do jego wykonania.<\/p><h4><strong>Wskazania do badania USG tarczycy:<br \/><\/strong><\/h4><ul><li>nieprawid\u0142owo\u015bci w badaniach laboratoryjnych,<\/li><li>choroby tarczycy.<\/li><\/ul><h4><strong>USG uk\u0142adu moczowego \u2013 przygotowanie do badania<\/strong><\/h4><p>Badanie USG uk\u0142adu moczowego obejmuje ocen\u0119 nerek i p\u0119cherza moczowego, a u m\u0119\u017cczyzn r\u00f3wnie\u017c og\u00f3ln\u0105 ocen\u0119 prostaty (czyli gruczo\u0142u krokowego). Ocena nerek nie wymaga szczeg\u00f3lnego przygotowania, ale aby oceni\u0107 p\u0119cherz moczowy, wymagane jest jego wype\u0142nienie w mo\u017cliwie maksymalnym stopniu. Dopiero w takich warunkach mo\u017cna oceni\u0107 jego kszta\u0142t oraz grubo\u015b\u0107 i zarysy \u015bcian.<\/p><p>Aby spe\u0142ni\u0107 te warunki, Pacjent powinien stawi\u0107 si\u0119 na badanie z pe\u0142nym p\u0119cherzem, co najmniej jedn\u0105 godzin\u0119 po wypiciu 1 do 1,5 litra niegazowanych p\u0142yn\u00f3w. Czas potrzebny na wytworzenie odpowiedniej ilo\u015bci moczu jest r\u00f3wnie wa\u017cny, co ilo\u015b\u0107 wypitych p\u0142yn\u00f3w.<\/p><p>Prawid\u0142owo wype\u0142niony p\u0119cherz pozwala r\u00f3wnie\u017c oceni\u0107 prostat\u0119. W przeciwnym wypadku gruczo\u0142 ten jest przes\u0142oni\u0119ty przez gaz w jelitach.<\/p><p>Po pierwszej cz\u0119\u015bci badania, Pacjent wychodzi do \u0142azienki, aby opr\u00f3\u017cni\u0107 p\u0119cherz i wraca na badanie ewentualnego zalegania moczu.<\/p><p>Na badanie nale\u017cy (w miar\u0119 mo\u017cliwo\u015bci) przynie\u015b\u0107 wyniki poprzednich bada\u0144 USG danej okolicy, lub wyniki innych badan &#8211; dotycz\u0105cych tego problemu.<\/p><p>Badanie jest niebolesne i nie ma \u017cadnych przeciwwskaza\u0144 do jego wykonania (nawet w ci\u0105\u017cy).<\/p><h4><strong>USG dr\u00f3g moczowych- wskazaniami do wykonania badania s\u0105:<\/strong><\/h4><ul><li>wady rozwojowe,<\/li><li>zmiany pourazowe,<\/li><li>kamic\u0119 nerkow\u0105, p\u0119cherza moczowego,<\/li><li>guzy nerek, p\u0119cherza,<\/li><li>prostata ( u m\u0119\u017cczyzn).<\/li><\/ul>\t\t\t\t\t\t\t\t<\/div>\n\t\t\t\t<\/div>\n\t\t\t\t\t<\/div>\n\t\t<\/div>\n\t\t\t\t\t<\/div>\n\t\t<\/section>\n\t\t\t\t<\/div>\n\t\t","protected":false},"excerpt":{"rendered":"<p>Badanie USG Jest najbardziej popularn\u0105 i maj\u0105c\u0105 szerokie zastosowanie w diagnostyce chor\u00f3b metod\u0105 obrazowania wn\u0119trza cia\u0142a. Badanie jest nieinwazyjne, bezpieczne i nie ma \u017cadnych przeciwwskaza\u0144 do jego przeprowadzenia, dlatego mo\u017ce by\u0107 powtarzane w kr\u00f3tkich odst\u0119pach czasowych. Badanie USG wykonuje si\u0119 przy pomocy sondy przyk\u0142adanej bezpo\u015brednio do powierzchni cia\u0142a, b\u0105d\u017a te\u017c dla uzyskania lepszego obrazu uk\u0142adu [&hellip;]<\/p>\n","protected":false},"author":3,"featured_media":0,"parent":0,"menu_order":0,"comment_status":"closed","ping_status":"closed","template":"","meta":{"zakra_page_container_layout":"customizer","zakra_page_sidebar_layout":"customizer","zakra_remove_content_margin":false,"zakra_sidebar":"customizer","zakra_transparent_header":"customizer","zakra_logo":0,"zakra_main_header_style":"default","zakra_menu_item_color":"","zakra_menu_item_hover_color":"","zakra_menu_item_active_color":"","zakra_menu_active_style":"","zakra_page_header":true,"footnotes":""},"class_list":["post-12631","page","type-page","status-publish","hentry"],"yoast_head":"<!-- This site is optimized with the Yoast SEO plugin v27.3 - https:\/\/yoast.com\/product\/yoast-seo-wordpress\/ -->\n<title>Przygotowanie do badania ultrasonograficznego (USG) - Wojew\u00f3dzki Szpital Specjalistyczny im. \u015aw. Rafa\u0142a w Czerwonej G\u00f3rze<\/title>\n<meta name=\"robots\" content=\"index, follow, max-snippet:-1, max-image-preview:large, max-video-preview:-1\" \/>\n<link rel=\"canonical\" href=\"https:\/\/czerwonagora.pl\/index.php\/przygotowanie-do-badania-ultrasonograficznego-usg\/\" \/>\n<meta property=\"og:locale\" content=\"pl_PL\" \/>\n<meta property=\"og:type\" content=\"article\" \/>\n<meta property=\"og:title\" content=\"Przygotowanie do badania ultrasonograficznego (USG) - Wojew\u00f3dzki Szpital Specjalistyczny im. \u015aw. Rafa\u0142a w Czerwonej G\u00f3rze\" \/>\n<meta property=\"og:description\" content=\"Badanie USG Jest najbardziej popularn\u0105 i maj\u0105c\u0105 szerokie zastosowanie w diagnostyce chor\u00f3b metod\u0105 obrazowania wn\u0119trza cia\u0142a. Badanie jest nieinwazyjne, bezpieczne i nie ma \u017cadnych przeciwwskaza\u0144 do jego przeprowadzenia, dlatego mo\u017ce by\u0107 powtarzane w kr\u00f3tkich odst\u0119pach czasowych. Badanie USG wykonuje si\u0119 przy pomocy sondy przyk\u0142adanej bezpo\u015brednio do powierzchni cia\u0142a, b\u0105d\u017a te\u017c dla uzyskania lepszego obrazu uk\u0142adu [&hellip;]\" \/>\n<meta property=\"og:url\" content=\"https:\/\/czerwonagora.pl\/index.php\/przygotowanie-do-badania-ultrasonograficznego-usg\/\" \/>\n<meta property=\"og:site_name\" content=\"Wojew\u00f3dzki Szpital Specjalistyczny im. \u015aw. Rafa\u0142a w Czerwonej G\u00f3rze\" \/>\n<meta property=\"article:publisher\" content=\"https:\/\/www.facebook.com\/SzpitalCzerwonaGora\/\" \/>\n<meta property=\"article:modified_time\" content=\"2021-08-05T10:33:39+00:00\" \/>\n<meta property=\"og:image\" content=\"https:\/\/czerwonagora.pl\/wp-content\/uploads\/2021\/06\/DJI_0005-Duzy.jpg\" \/>\n\t<meta property=\"og:image:width\" content=\"1920\" \/>\n\t<meta property=\"og:image:height\" content=\"1080\" \/>\n\t<meta property=\"og:image:type\" content=\"image\/jpeg\" \/>\n<meta name=\"twitter:card\" content=\"summary_large_image\" \/>\n<meta name=\"twitter:label1\" content=\"Szacowany czas czytania\" \/>\n\t<meta name=\"twitter:data1\" content=\"4 minuty\" \/>\n<script type=\"application\/ld+json\" class=\"yoast-schema-graph\">{\"@context\":\"https:\\\/\\\/schema.org\",\"@graph\":[{\"@type\":\"WebPage\",\"@id\":\"https:\\\/\\\/czerwonagora.pl\\\/index.php\\\/przygotowanie-do-badania-ultrasonograficznego-usg\\\/\",\"url\":\"https:\\\/\\\/czerwonagora.pl\\\/index.php\\\/przygotowanie-do-badania-ultrasonograficznego-usg\\\/\",\"name\":\"Przygotowanie do badania ultrasonograficznego (USG) - Wojew\u00f3dzki Szpital Specjalistyczny im. \u015aw. Rafa\u0142a w Czerwonej G\u00f3rze\",\"isPartOf\":{\"@id\":\"https:\\\/\\\/czerwonagora.pl\\\/#website\"},\"datePublished\":\"2021-08-05T06:12:08+00:00\",\"dateModified\":\"2021-08-05T10:33:39+00:00\",\"breadcrumb\":{\"@id\":\"https:\\\/\\\/czerwonagora.pl\\\/index.php\\\/przygotowanie-do-badania-ultrasonograficznego-usg\\\/#breadcrumb\"},\"inLanguage\":\"pl-PL\",\"potentialAction\":[{\"@type\":\"ReadAction\",\"target\":[\"https:\\\/\\\/czerwonagora.pl\\\/index.php\\\/przygotowanie-do-badania-ultrasonograficznego-usg\\\/\"]}]},{\"@type\":\"BreadcrumbList\",\"@id\":\"https:\\\/\\\/czerwonagora.pl\\\/index.php\\\/przygotowanie-do-badania-ultrasonograficznego-usg\\\/#breadcrumb\",\"itemListElement\":[{\"@type\":\"ListItem\",\"position\":1,\"name\":\"Strona g\u0142\u00f3wna\",\"item\":\"https:\\\/\\\/czerwonagora.pl\\\/\"},{\"@type\":\"ListItem\",\"position\":2,\"name\":\"Przygotowanie do badania ultrasonograficznego (USG)\"}]},{\"@type\":\"WebSite\",\"@id\":\"https:\\\/\\\/czerwonagora.pl\\\/#website\",\"url\":\"https:\\\/\\\/czerwonagora.pl\\\/\",\"name\":\"Wojew\u00f3dzki Szpital Specjalistyczny im. \u015aw. Rafa\u0142a w Czerwonej G\u00f3rze\",\"description\":\"Wojew\u00f3dzki Szpital Specjalistyczny im. \u015aw. Rafa\u0142a w Czerwonej G\u00f3rze\",\"publisher\":{\"@id\":\"https:\\\/\\\/czerwonagora.pl\\\/#organization\"},\"potentialAction\":[{\"@type\":\"SearchAction\",\"target\":{\"@type\":\"EntryPoint\",\"urlTemplate\":\"https:\\\/\\\/czerwonagora.pl\\\/?s={search_term_string}\"},\"query-input\":{\"@type\":\"PropertyValueSpecification\",\"valueRequired\":true,\"valueName\":\"search_term_string\"}}],\"inLanguage\":\"pl-PL\"},{\"@type\":\"Organization\",\"@id\":\"https:\\\/\\\/czerwonagora.pl\\\/#organization\",\"name\":\"Wojew\u00f3dzki Szpital Specjalistyczny im. \u015aw. Rafa\u0142a w Czerwonej G\u00f3rze\",\"url\":\"https:\\\/\\\/czerwonagora.pl\\\/\",\"logo\":{\"@type\":\"ImageObject\",\"inLanguage\":\"pl-PL\",\"@id\":\"https:\\\/\\\/czerwonagora.pl\\\/#\\\/schema\\\/logo\\\/image\\\/\",\"url\":\"https:\\\/\\\/czerwonagora.pl\\\/wp-content\\\/uploads\\\/2021\\\/06\\\/Logo-WSS-DUZE-transparentne.png\",\"contentUrl\":\"https:\\\/\\\/czerwonagora.pl\\\/wp-content\\\/uploads\\\/2021\\\/06\\\/Logo-WSS-DUZE-transparentne.png\",\"width\":4210,\"height\":2975,\"caption\":\"Wojew\u00f3dzki Szpital Specjalistyczny im. \u015aw. Rafa\u0142a w Czerwonej G\u00f3rze\"},\"image\":{\"@id\":\"https:\\\/\\\/czerwonagora.pl\\\/#\\\/schema\\\/logo\\\/image\\\/\"},\"sameAs\":[\"https:\\\/\\\/www.facebook.com\\\/SzpitalCzerwonaGora\\\/\"]}]}<\/script>\n<!-- \/ Yoast SEO plugin. -->","yoast_head_json":{"title":"Przygotowanie do badania ultrasonograficznego (USG) - Wojew\u00f3dzki Szpital Specjalistyczny im. \u015aw. Rafa\u0142a w Czerwonej G\u00f3rze","robots":{"index":"index","follow":"follow","max-snippet":"max-snippet:-1","max-image-preview":"max-image-preview:large","max-video-preview":"max-video-preview:-1"},"canonical":"https:\/\/czerwonagora.pl\/index.php\/przygotowanie-do-badania-ultrasonograficznego-usg\/","og_locale":"pl_PL","og_type":"article","og_title":"Przygotowanie do badania ultrasonograficznego (USG) - Wojew\u00f3dzki Szpital Specjalistyczny im. \u015aw. Rafa\u0142a w Czerwonej G\u00f3rze","og_description":"Badanie USG Jest najbardziej popularn\u0105 i maj\u0105c\u0105 szerokie zastosowanie w diagnostyce chor\u00f3b metod\u0105 obrazowania wn\u0119trza cia\u0142a. Badanie jest nieinwazyjne, bezpieczne i nie ma \u017cadnych przeciwwskaza\u0144 do jego przeprowadzenia, dlatego mo\u017ce by\u0107 powtarzane w kr\u00f3tkich odst\u0119pach czasowych. Badanie USG wykonuje si\u0119 przy pomocy sondy przyk\u0142adanej bezpo\u015brednio do powierzchni cia\u0142a, b\u0105d\u017a te\u017c dla uzyskania lepszego obrazu uk\u0142adu [&hellip;]","og_url":"https:\/\/czerwonagora.pl\/index.php\/przygotowanie-do-badania-ultrasonograficznego-usg\/","og_site_name":"Wojew\u00f3dzki Szpital Specjalistyczny im. \u015aw. Rafa\u0142a w Czerwonej G\u00f3rze","article_publisher":"https:\/\/www.facebook.com\/SzpitalCzerwonaGora\/","article_modified_time":"2021-08-05T10:33:39+00:00","og_image":[{"width":1920,"height":1080,"url":"https:\/\/czerwonagora.pl\/wp-content\/uploads\/2021\/06\/DJI_0005-Duzy.jpg","type":"image\/jpeg"}],"twitter_card":"summary_large_image","twitter_misc":{"Szacowany czas czytania":"4 minuty"},"schema":{"@context":"https:\/\/schema.org","@graph":[{"@type":"WebPage","@id":"https:\/\/czerwonagora.pl\/index.php\/przygotowanie-do-badania-ultrasonograficznego-usg\/","url":"https:\/\/czerwonagora.pl\/index.php\/przygotowanie-do-badania-ultrasonograficznego-usg\/","name":"Przygotowanie do badania ultrasonograficznego (USG) - Wojew\u00f3dzki Szpital Specjalistyczny im. \u015aw. Rafa\u0142a w Czerwonej G\u00f3rze","isPartOf":{"@id":"https:\/\/czerwonagora.pl\/#website"},"datePublished":"2021-08-05T06:12:08+00:00","dateModified":"2021-08-05T10:33:39+00:00","breadcrumb":{"@id":"https:\/\/czerwonagora.pl\/index.php\/przygotowanie-do-badania-ultrasonograficznego-usg\/#breadcrumb"},"inLanguage":"pl-PL","potentialAction":[{"@type":"ReadAction","target":["https:\/\/czerwonagora.pl\/index.php\/przygotowanie-do-badania-ultrasonograficznego-usg\/"]}]},{"@type":"BreadcrumbList","@id":"https:\/\/czerwonagora.pl\/index.php\/przygotowanie-do-badania-ultrasonograficznego-usg\/#breadcrumb","itemListElement":[{"@type":"ListItem","position":1,"name":"Strona g\u0142\u00f3wna","item":"https:\/\/czerwonagora.pl\/"},{"@type":"ListItem","position":2,"name":"Przygotowanie do badania ultrasonograficznego (USG)"}]},{"@type":"WebSite","@id":"https:\/\/czerwonagora.pl\/#website","url":"https:\/\/czerwonagora.pl\/","name":"Wojew\u00f3dzki Szpital Specjalistyczny im. \u015aw. Rafa\u0142a w Czerwonej G\u00f3rze","description":"Wojew\u00f3dzki Szpital Specjalistyczny im. \u015aw. Rafa\u0142a w Czerwonej G\u00f3rze","publisher":{"@id":"https:\/\/czerwonagora.pl\/#organization"},"potentialAction":[{"@type":"SearchAction","target":{"@type":"EntryPoint","urlTemplate":"https:\/\/czerwonagora.pl\/?s={search_term_string}"},"query-input":{"@type":"PropertyValueSpecification","valueRequired":true,"valueName":"search_term_string"}}],"inLanguage":"pl-PL"},{"@type":"Organization","@id":"https:\/\/czerwonagora.pl\/#organization","name":"Wojew\u00f3dzki Szpital Specjalistyczny im. \u015aw. Rafa\u0142a w Czerwonej G\u00f3rze","url":"https:\/\/czerwonagora.pl\/","logo":{"@type":"ImageObject","inLanguage":"pl-PL","@id":"https:\/\/czerwonagora.pl\/#\/schema\/logo\/image\/","url":"https:\/\/czerwonagora.pl\/wp-content\/uploads\/2021\/06\/Logo-WSS-DUZE-transparentne.png","contentUrl":"https:\/\/czerwonagora.pl\/wp-content\/uploads\/2021\/06\/Logo-WSS-DUZE-transparentne.png","width":4210,"height":2975,"caption":"Wojew\u00f3dzki Szpital Specjalistyczny im. \u015aw. Rafa\u0142a w Czerwonej G\u00f3rze"},"image":{"@id":"https:\/\/czerwonagora.pl\/#\/schema\/logo\/image\/"},"sameAs":["https:\/\/www.facebook.com\/SzpitalCzerwonaGora\/"]}]}},"publishpress_future_action":{"enabled":false,"date":"2026-04-11 14:07:08","action":"change-status","newStatus":"draft","terms":[],"taxonomy":"","extraData":[]},"publishpress_future_workflow_manual_trigger":{"enabledWorkflows":[]},"_links":{"self":[{"href":"https:\/\/czerwonagora.pl\/index.php\/wp-json\/wp\/v2\/pages\/12631","targetHints":{"allow":["GET"]}}],"collection":[{"href":"https:\/\/czerwonagora.pl\/index.php\/wp-json\/wp\/v2\/pages"}],"about":[{"href":"https:\/\/czerwonagora.pl\/index.php\/wp-json\/wp\/v2\/types\/page"}],"author":[{"embeddable":true,"href":"https:\/\/czerwonagora.pl\/index.php\/wp-json\/wp\/v2\/users\/3"}],"replies":[{"embeddable":true,"href":"https:\/\/czerwonagora.pl\/index.php\/wp-json\/wp\/v2\/comments?post=12631"}],"version-history":[{"count":22,"href":"https:\/\/czerwonagora.pl\/index.php\/wp-json\/wp\/v2\/pages\/12631\/revisions"}],"predecessor-version":[{"id":12820,"href":"https:\/\/czerwonagora.pl\/index.php\/wp-json\/wp\/v2\/pages\/12631\/revisions\/12820"}],"wp:attachment":[{"href":"https:\/\/czerwonagora.pl\/index.php\/wp-json\/wp\/v2\/media?parent=12631"}],"curies":[{"name":"wp","href":"https:\/\/api.w.org\/{rel}","templated":true}]}}