{"id":14175,"date":"2021-08-13T13:17:02","date_gmt":"2021-08-13T11:17:02","guid":{"rendered":"https:\/\/czerwonagora.pl\/?page_id=14175"},"modified":"2025-05-05T10:21:20","modified_gmt":"2025-05-05T08:21:20","slug":"informacja-o-wplywie-dzialalnosci-wykonywanej-przez-jednostke-organizacyjna-na-zdrowie-ludzi-i-na-srodowisko","status":"publish","type":"page","link":"https:\/\/czerwonagora.pl\/index.php\/informacja-o-wplywie-dzialalnosci-wykonywanej-przez-jednostke-organizacyjna-na-zdrowie-ludzi-i-na-srodowisko\/","title":{"rendered":"Informacja o wp\u0142ywie dzia\u0142alno\u015bci wykonywanej przez jednostk\u0119 organizacyjn\u0105 na zdrowie ludzi  i na \u015brodowisko"},"content":{"rendered":"\t\t<div data-elementor-type=\"wp-page\" data-elementor-id=\"14175\" class=\"elementor elementor-14175\">\n\t\t\t\t\t\t<section class=\"elementor-section elementor-top-section elementor-element elementor-element-52be3d4 elementor-section-boxed elementor-section-height-default elementor-section-height-default\" data-id=\"52be3d4\" data-element_type=\"section\" data-e-type=\"section\">\n\t\t\t\t\t\t<div class=\"elementor-container elementor-column-gap-default\">\n\t\t\t\t\t<div class=\"elementor-column elementor-col-100 elementor-top-column elementor-element elementor-element-a961192\" data-id=\"a961192\" data-element_type=\"column\" data-e-type=\"column\">\n\t\t\t<div class=\"elementor-widget-wrap elementor-element-populated\">\n\t\t\t\t\t\t<div class=\"elementor-element elementor-element-e4b289c elementor-widget elementor-widget-text-editor\" data-id=\"e4b289c\" data-element_type=\"widget\" data-e-type=\"widget\" data-widget_type=\"text-editor.default\">\n\t\t\t\t<div class=\"elementor-widget-container\">\n\t\t\t\t\t\t\t\t\t<p>\u00a0\u00a0\u00a0\u00a0\u00a0\u00a0\u00a0\u00a0\u00a0\u00a0\u00a0\u00a0\u00a0\u00a0\u00a0\u00a0\u00a0\u00a0\u00a0\u00a0\u00a0\u00a0\u00a0\u00a0\u00a0\u00a0\u00a0\u00a0\u00a0\u00a0\u00a0\u00a0\u00a0\u00a0\u00a0\u00a0\u00a0\u00a0\u00a0\u00a0\u00a0\u00a0\u00a0\u00a0\u00a0\u00a0\u00a0\u00a0\u00a0\u00a0\u00a0\u00a0\u00a0\u00a0\u00a0\u00a0\u00a0\u00a0\u00a0\u00a0\u00a0\u00a0\u00a0\u00a0\u00a0\u00a0\u00a0\u00a0\u00a0\u00a0\u00a0\u00a0\u00a0\u00a0\u00a0\u00a0\u00a0\u00a0\u00a0\u00a0\u00a0\u00a0\u00a0\u00a0\u00a0\u00a0\u00a0\u00a0\u00a0\u00a0\u00a0\u00a0\u00a0\u00a0\u00a0\u00a0\u00a0\u00a0\u00a0\u00a0\u00a0\u00a0\u00a0\u00a0\u00a0\u00a0\u00a0\u00a0\u00a0\u00a0\u00a0\u00a0\u00a0\u00a0\u00a0\u00a0\u00a0\u00a0\u00a0\u00a0\u00a0\u00a0\u00a0\u00a0\u00a0\u00a0\u00a0\u00a0\u00a0\u00a0\u00a0\u00a0\u00a0\u00a0\u00a0\u00a0\u00a0\u00a0\u00a0\u00a0\u00a0\u00a0\u00a0\u00a0\u00a0\u00a0\u00a0\u00a0\u00a0\u00a0\u00a0\u00a0\u00a0\u00a0\u00a0\u00a0<strong> \u00a0 0505.2025<\/strong><\/p>\t\t\t\t\t\t\t\t<\/div>\n\t\t\t\t<\/div>\n\t\t\t\t<section class=\"elementor-section elementor-inner-section elementor-element elementor-element-77a4830 elementor-section-boxed elementor-section-height-default elementor-section-height-default\" data-id=\"77a4830\" data-element_type=\"section\" data-e-type=\"section\">\n\t\t\t\t\t\t<div class=\"elementor-container elementor-column-gap-default\">\n\t\t\t\t\t<div class=\"elementor-column elementor-col-50 elementor-inner-column elementor-element elementor-element-c1ac87d\" data-id=\"c1ac87d\" data-element_type=\"column\" data-e-type=\"column\">\n\t\t\t<div class=\"elementor-widget-wrap elementor-element-populated\">\n\t\t\t\t\t\t<div class=\"elementor-element elementor-element-2b4d117 elementor-view-default elementor-widget elementor-widget-icon\" data-id=\"2b4d117\" data-element_type=\"widget\" data-e-type=\"widget\" data-widget_type=\"icon.default\">\n\t\t\t\t<div class=\"elementor-widget-container\">\n\t\t\t\t\t\t\t<div class=\"elementor-icon-wrapper\">\n\t\t\t<div class=\"elementor-icon\">\n\t\t\t<i aria-hidden=\"true\" class=\"fas fa-info-circle\"><\/i>\t\t\t<\/div>\n\t\t<\/div>\n\t\t\t\t\t\t<\/div>\n\t\t\t\t<\/div>\n\t\t\t\t\t<\/div>\n\t\t<\/div>\n\t\t\t\t<div class=\"elementor-column elementor-col-50 elementor-inner-column elementor-element elementor-element-4baec7f\" data-id=\"4baec7f\" data-element_type=\"column\" data-e-type=\"column\">\n\t\t\t<div class=\"elementor-widget-wrap elementor-element-populated\">\n\t\t\t\t\t\t<div class=\"elementor-element elementor-element-dae18ea elementor-widget elementor-widget-heading\" data-id=\"dae18ea\" data-element_type=\"widget\" data-e-type=\"widget\" data-widget_type=\"heading.default\">\n\t\t\t\t<div class=\"elementor-widget-container\">\n\t\t\t\t\t<h3 class=\"elementor-heading-title elementor-size-default\">Informacja o wp\u0142ywie dzia\u0142alno\u015bci wykonywanej przez jednostk\u0119 organizacyjn\u0105 na zdrowie ludzi  i na \u015brodowisko<\/h3>\t\t\t\t<\/div>\n\t\t\t\t<\/div>\n\t\t\t\t\t<\/div>\n\t\t<\/div>\n\t\t\t\t\t<\/div>\n\t\t<\/section>\n\t\t\t\t<div class=\"elementor-element elementor-element-5e63954 elementor-widget elementor-widget-text-editor\" data-id=\"5e63954\" data-element_type=\"widget\" data-e-type=\"widget\" data-widget_type=\"text-editor.default\">\n\t\t\t\t<div class=\"elementor-widget-container\">\n\t\t\t\t\t\t\t\t\t<p>Dzia\u0142aj\u0105c na podstawie art. 32c pkt. 2 ustawy Prawo Atomowe (Dz. U. 2019 poz 1792) Wojew\u00f3dzki Szpital Specjalistyczny im. \u015aw. Rafa\u0142a w Czerwonej G\u00f3rze informuje, i\u017c wykonuje dzia\u0142alno\u015b\u0107 zwi\u0105zan\u0105\u00a0 z nara\u017ceniem na promieniowanie jonizuj\u0105ce w celach medycznych polegaj\u0105c\u0105 na stosowaniu urz\u0105dze\u0144 wytwarzaj\u0105cych promieniowanie jonizuj\u0105ce do cel\u00f3w diagnostyki medycznej i radiologii zabiegowej. Prowadzona przez Wojew\u00f3dzki Szpital Specjalistyczny im. \u015aw. Rafa\u0142a w Czerwonej G\u00f3rze dzia\u0142alno\u015b\u0107 zwi\u0105zana ze stosowaniem promieniowania jonizuj\u0105cego, w przeci\u0105gu ostatnich 12 miesi\u0119cy, nie mia\u0142a negatywnego wp\u0142ywu na zdrowie ludzi oraz na \u015brodowisko.<\/p><p>Zapewnienie bezpiecze\u0144stwa og\u00f3\u0142u ludno\u015bci oraz \u015brodowiska redukowanie nara\u017cenia na promieniowanie jonizuj\u0105ce u os\u00f3b poddawanych badaniom i zabiegom z wykorzystaniem promieniowania, jak i u os\u00f3b z og\u00f3\u0142u ludno\u015bci osi\u0105gane jest poprzez:<\/p><p>&#8211;\u00a0 stosowanie odpowiednich \u015brodk\u00f3w ochrony indywidualnej oraz parawan\u00f3w ochronnych z materia\u0142\u00f3w o odpowiednim r\u00f3wnowa\u017cniku o\u0142owiu;<\/p><p>&#8211; regularne prowadzenie: okresowych test\u00f3w kontroli jako\u015bci aparat\u00f3w rtg oraz okresowych przegl\u0105d\u00f3w serwisowych;<\/p><p>&#8211; wszystkie\u00a0\u00a0 pracownie\u00a0\u00a0 rentgenowskie\u00a0 wykonane s\u0105\u00a0 zgodnie\u00a0 z\u00a0\u00a0 projektem\u00a0\u00a0 i\u00a0\u00a0 obliczeniem\u00a0\u00a0 os\u0142on\u00a0\u00a0 sta\u0142ych\u00a0\u00a0 zatwierdzonym\u00a0\u00a0 odpowiednio\u00a0\u00a0 przez\u00a0\u00a0 \u015awi\u0119tokrzyskiego Pa\u0144stwowego Wojew\u00f3dzkiego Inspektora Sanitarnego.<\/p><p><strong>Nara\u017cenie od dzia\u0142alno\u015bci zwi\u0105zanej ze stosowaniem aparat\u00f3w rtg <\/strong><\/p><p>Dzia\u0142alno\u015b\u0107 prowadzona z zakresu rentgenodiagnostyki i radiologii zabiegowej nie prowadzi do uwolnie\u0144 substancji promieniotw\u00f3rczych oraz do zwi\u0119kszenia nara\u017cenia na promieniowanie jonizuj\u0105ce.<\/p><p>W trakcie ostatnich 12 miesi\u0119cy nie zarejestrowano \u017cadnych sytuacji awaryjnych zwi\u0105zanych ze stosowaniem promieniowanie jonizuj\u0105cego<\/p>\t\t\t\t\t\t\t\t<\/div>\n\t\t\t\t<\/div>\n\t\t\t\t\t<\/div>\n\t\t<\/div>\n\t\t\t\t\t<\/div>\n\t\t<\/section>\n\t\t\t\t<\/div>\n\t\t","protected":false},"excerpt":{"rendered":"<p>\u00a0\u00a0\u00a0\u00a0\u00a0\u00a0\u00a0\u00a0\u00a0\u00a0\u00a0\u00a0\u00a0\u00a0\u00a0\u00a0\u00a0\u00a0\u00a0\u00a0\u00a0\u00a0\u00a0\u00a0\u00a0\u00a0\u00a0\u00a0\u00a0\u00a0\u00a0\u00a0\u00a0\u00a0\u00a0\u00a0\u00a0\u00a0\u00a0\u00a0\u00a0\u00a0\u00a0\u00a0\u00a0\u00a0\u00a0\u00a0\u00a0\u00a0\u00a0\u00a0\u00a0\u00a0\u00a0\u00a0\u00a0\u00a0\u00a0\u00a0\u00a0\u00a0\u00a0\u00a0\u00a0\u00a0\u00a0\u00a0\u00a0\u00a0\u00a0\u00a0\u00a0\u00a0\u00a0\u00a0\u00a0\u00a0\u00a0\u00a0\u00a0\u00a0\u00a0\u00a0\u00a0\u00a0\u00a0\u00a0\u00a0\u00a0\u00a0\u00a0\u00a0\u00a0\u00a0\u00a0\u00a0\u00a0\u00a0\u00a0\u00a0\u00a0\u00a0\u00a0\u00a0\u00a0\u00a0\u00a0\u00a0\u00a0\u00a0\u00a0\u00a0\u00a0\u00a0\u00a0\u00a0\u00a0\u00a0\u00a0\u00a0\u00a0\u00a0\u00a0\u00a0\u00a0\u00a0\u00a0\u00a0\u00a0\u00a0\u00a0\u00a0\u00a0\u00a0\u00a0\u00a0\u00a0\u00a0\u00a0\u00a0\u00a0\u00a0\u00a0\u00a0\u00a0\u00a0\u00a0\u00a0\u00a0\u00a0\u00a0\u00a0\u00a0\u00a0\u00a0 \u00a0 0505.2025 Informacja o wp\u0142ywie dzia\u0142alno\u015bci wykonywanej przez jednostk\u0119 organizacyjn\u0105 na zdrowie ludzi i na \u015brodowisko Dzia\u0142aj\u0105c na podstawie art. 32c pkt. 2 ustawy Prawo Atomowe (Dz. U. 2019 poz 1792) Wojew\u00f3dzki Szpital Specjalistyczny im. \u015aw. Rafa\u0142a w Czerwonej G\u00f3rze informuje, i\u017c wykonuje dzia\u0142alno\u015b\u0107 zwi\u0105zan\u0105\u00a0 z nara\u017ceniem na promieniowanie jonizuj\u0105ce w celach medycznych polegaj\u0105c\u0105 [&hellip;]<\/p>\n","protected":false},"author":1,"featured_media":0,"parent":0,"menu_order":0,"comment_status":"closed","ping_status":"closed","template":"","meta":{"zakra_page_container_layout":"customizer","zakra_page_sidebar_layout":"customizer","zakra_remove_content_margin":false,"zakra_sidebar":"customizer","zakra_transparent_header":"customizer","zakra_logo":0,"zakra_main_header_style":"default","zakra_menu_item_color":"","zakra_menu_item_hover_color":"","zakra_menu_item_active_color":"","zakra_menu_active_style":"","zakra_page_header":true,"footnotes":""},"class_list":["post-14175","page","type-page","status-publish","hentry"],"yoast_head":"<!-- This site is optimized with the Yoast SEO plugin v27.3 - https:\/\/yoast.com\/product\/yoast-seo-wordpress\/ -->\n<title>Informacja o wp\u0142ywie dzia\u0142alno\u015bci wykonywanej przez jednostk\u0119 organizacyjn\u0105 na zdrowie ludzi i na \u015brodowisko - Wojew\u00f3dzki Szpital Specjalistyczny im. \u015aw. Rafa\u0142a w Czerwonej G\u00f3rze<\/title>\n<meta name=\"robots\" content=\"index, follow, max-snippet:-1, max-image-preview:large, max-video-preview:-1\" \/>\n<link rel=\"canonical\" href=\"https:\/\/czerwonagora.pl\/index.php\/informacja-o-wplywie-dzialalnosci-wykonywanej-przez-jednostke-organizacyjna-na-zdrowie-ludzi-i-na-srodowisko\/\" \/>\n<meta property=\"og:locale\" content=\"pl_PL\" \/>\n<meta property=\"og:type\" content=\"article\" \/>\n<meta property=\"og:title\" content=\"Informacja o wp\u0142ywie dzia\u0142alno\u015bci wykonywanej przez jednostk\u0119 organizacyjn\u0105 na zdrowie ludzi i na \u015brodowisko - Wojew\u00f3dzki Szpital Specjalistyczny im. \u015aw. Rafa\u0142a w Czerwonej G\u00f3rze\" \/>\n<meta property=\"og:description\" content=\"\u00a0\u00a0\u00a0\u00a0\u00a0\u00a0\u00a0\u00a0\u00a0\u00a0\u00a0\u00a0\u00a0\u00a0\u00a0\u00a0\u00a0\u00a0\u00a0\u00a0\u00a0\u00a0\u00a0\u00a0\u00a0\u00a0\u00a0\u00a0\u00a0\u00a0\u00a0\u00a0\u00a0\u00a0\u00a0\u00a0\u00a0\u00a0\u00a0\u00a0\u00a0\u00a0\u00a0\u00a0\u00a0\u00a0\u00a0\u00a0\u00a0\u00a0\u00a0\u00a0\u00a0\u00a0\u00a0\u00a0\u00a0\u00a0\u00a0\u00a0\u00a0\u00a0\u00a0\u00a0\u00a0\u00a0\u00a0\u00a0\u00a0\u00a0\u00a0\u00a0\u00a0\u00a0\u00a0\u00a0\u00a0\u00a0\u00a0\u00a0\u00a0\u00a0\u00a0\u00a0\u00a0\u00a0\u00a0\u00a0\u00a0\u00a0\u00a0\u00a0\u00a0\u00a0\u00a0\u00a0\u00a0\u00a0\u00a0\u00a0\u00a0\u00a0\u00a0\u00a0\u00a0\u00a0\u00a0\u00a0\u00a0\u00a0\u00a0\u00a0\u00a0\u00a0\u00a0\u00a0\u00a0\u00a0\u00a0\u00a0\u00a0\u00a0\u00a0\u00a0\u00a0\u00a0\u00a0\u00a0\u00a0\u00a0\u00a0\u00a0\u00a0\u00a0\u00a0\u00a0\u00a0\u00a0\u00a0\u00a0\u00a0\u00a0\u00a0\u00a0\u00a0\u00a0\u00a0\u00a0\u00a0\u00a0\u00a0\u00a0\u00a0\u00a0\u00a0\u00a0 \u00a0 0505.2025 Informacja o wp\u0142ywie dzia\u0142alno\u015bci wykonywanej przez jednostk\u0119 organizacyjn\u0105 na zdrowie ludzi i na \u015brodowisko Dzia\u0142aj\u0105c na podstawie art. 32c pkt. 2 ustawy Prawo Atomowe (Dz. U. 2019 poz 1792) Wojew\u00f3dzki Szpital Specjalistyczny im. \u015aw. Rafa\u0142a w Czerwonej G\u00f3rze informuje, i\u017c wykonuje dzia\u0142alno\u015b\u0107 zwi\u0105zan\u0105\u00a0 z nara\u017ceniem na promieniowanie jonizuj\u0105ce w celach medycznych polegaj\u0105c\u0105 [&hellip;]\" \/>\n<meta property=\"og:url\" content=\"https:\/\/czerwonagora.pl\/index.php\/informacja-o-wplywie-dzialalnosci-wykonywanej-przez-jednostke-organizacyjna-na-zdrowie-ludzi-i-na-srodowisko\/\" \/>\n<meta property=\"og:site_name\" content=\"Wojew\u00f3dzki Szpital Specjalistyczny im. \u015aw. Rafa\u0142a w Czerwonej G\u00f3rze\" \/>\n<meta property=\"article:publisher\" content=\"https:\/\/www.facebook.com\/SzpitalCzerwonaGora\/\" \/>\n<meta property=\"article:modified_time\" content=\"2025-05-05T08:21:20+00:00\" \/>\n<meta property=\"og:image\" content=\"https:\/\/czerwonagora.pl\/wp-content\/uploads\/2021\/06\/DJI_0005-Duzy.jpg\" \/>\n\t<meta property=\"og:image:width\" content=\"1920\" \/>\n\t<meta property=\"og:image:height\" content=\"1080\" \/>\n\t<meta property=\"og:image:type\" content=\"image\/jpeg\" \/>\n<meta name=\"twitter:card\" content=\"summary_large_image\" \/>\n<meta name=\"twitter:label1\" content=\"Szacowany czas czytania\" \/>\n\t<meta name=\"twitter:data1\" content=\"2 minuty\" \/>\n<script type=\"application\/ld+json\" class=\"yoast-schema-graph\">{\"@context\":\"https:\\\/\\\/schema.org\",\"@graph\":[{\"@type\":\"WebPage\",\"@id\":\"https:\\\/\\\/czerwonagora.pl\\\/index.php\\\/informacja-o-wplywie-dzialalnosci-wykonywanej-przez-jednostke-organizacyjna-na-zdrowie-ludzi-i-na-srodowisko\\\/\",\"url\":\"https:\\\/\\\/czerwonagora.pl\\\/index.php\\\/informacja-o-wplywie-dzialalnosci-wykonywanej-przez-jednostke-organizacyjna-na-zdrowie-ludzi-i-na-srodowisko\\\/\",\"name\":\"Informacja o wp\u0142ywie dzia\u0142alno\u015bci wykonywanej przez jednostk\u0119 organizacyjn\u0105 na zdrowie ludzi i na \u015brodowisko - Wojew\u00f3dzki Szpital Specjalistyczny im. \u015aw. Rafa\u0142a w Czerwonej G\u00f3rze\",\"isPartOf\":{\"@id\":\"https:\\\/\\\/czerwonagora.pl\\\/#website\"},\"datePublished\":\"2021-08-13T11:17:02+00:00\",\"dateModified\":\"2025-05-05T08:21:20+00:00\",\"breadcrumb\":{\"@id\":\"https:\\\/\\\/czerwonagora.pl\\\/index.php\\\/informacja-o-wplywie-dzialalnosci-wykonywanej-przez-jednostke-organizacyjna-na-zdrowie-ludzi-i-na-srodowisko\\\/#breadcrumb\"},\"inLanguage\":\"pl-PL\",\"potentialAction\":[{\"@type\":\"ReadAction\",\"target\":[\"https:\\\/\\\/czerwonagora.pl\\\/index.php\\\/informacja-o-wplywie-dzialalnosci-wykonywanej-przez-jednostke-organizacyjna-na-zdrowie-ludzi-i-na-srodowisko\\\/\"]}]},{\"@type\":\"BreadcrumbList\",\"@id\":\"https:\\\/\\\/czerwonagora.pl\\\/index.php\\\/informacja-o-wplywie-dzialalnosci-wykonywanej-przez-jednostke-organizacyjna-na-zdrowie-ludzi-i-na-srodowisko\\\/#breadcrumb\",\"itemListElement\":[{\"@type\":\"ListItem\",\"position\":1,\"name\":\"Strona g\u0142\u00f3wna\",\"item\":\"https:\\\/\\\/czerwonagora.pl\\\/\"},{\"@type\":\"ListItem\",\"position\":2,\"name\":\"Informacja o wp\u0142ywie dzia\u0142alno\u015bci wykonywanej przez jednostk\u0119 organizacyjn\u0105 na zdrowie ludzi i na \u015brodowisko\"}]},{\"@type\":\"WebSite\",\"@id\":\"https:\\\/\\\/czerwonagora.pl\\\/#website\",\"url\":\"https:\\\/\\\/czerwonagora.pl\\\/\",\"name\":\"Wojew\u00f3dzki Szpital Specjalistyczny im. \u015aw. Rafa\u0142a w Czerwonej G\u00f3rze\",\"description\":\"Wojew\u00f3dzki Szpital Specjalistyczny im. \u015aw. Rafa\u0142a w Czerwonej G\u00f3rze\",\"publisher\":{\"@id\":\"https:\\\/\\\/czerwonagora.pl\\\/#organization\"},\"potentialAction\":[{\"@type\":\"SearchAction\",\"target\":{\"@type\":\"EntryPoint\",\"urlTemplate\":\"https:\\\/\\\/czerwonagora.pl\\\/?s={search_term_string}\"},\"query-input\":{\"@type\":\"PropertyValueSpecification\",\"valueRequired\":true,\"valueName\":\"search_term_string\"}}],\"inLanguage\":\"pl-PL\"},{\"@type\":\"Organization\",\"@id\":\"https:\\\/\\\/czerwonagora.pl\\\/#organization\",\"name\":\"Wojew\u00f3dzki Szpital Specjalistyczny im. \u015aw. Rafa\u0142a w Czerwonej G\u00f3rze\",\"url\":\"https:\\\/\\\/czerwonagora.pl\\\/\",\"logo\":{\"@type\":\"ImageObject\",\"inLanguage\":\"pl-PL\",\"@id\":\"https:\\\/\\\/czerwonagora.pl\\\/#\\\/schema\\\/logo\\\/image\\\/\",\"url\":\"https:\\\/\\\/czerwonagora.pl\\\/wp-content\\\/uploads\\\/2021\\\/06\\\/Logo-WSS-DUZE-transparentne.png\",\"contentUrl\":\"https:\\\/\\\/czerwonagora.pl\\\/wp-content\\\/uploads\\\/2021\\\/06\\\/Logo-WSS-DUZE-transparentne.png\",\"width\":4210,\"height\":2975,\"caption\":\"Wojew\u00f3dzki Szpital Specjalistyczny im. \u015aw. Rafa\u0142a w Czerwonej G\u00f3rze\"},\"image\":{\"@id\":\"https:\\\/\\\/czerwonagora.pl\\\/#\\\/schema\\\/logo\\\/image\\\/\"},\"sameAs\":[\"https:\\\/\\\/www.facebook.com\\\/SzpitalCzerwonaGora\\\/\"]}]}<\/script>\n<!-- \/ Yoast SEO plugin. -->","yoast_head_json":{"title":"Informacja o wp\u0142ywie dzia\u0142alno\u015bci wykonywanej przez jednostk\u0119 organizacyjn\u0105 na zdrowie ludzi i na \u015brodowisko - Wojew\u00f3dzki Szpital Specjalistyczny im. \u015aw. Rafa\u0142a w Czerwonej G\u00f3rze","robots":{"index":"index","follow":"follow","max-snippet":"max-snippet:-1","max-image-preview":"max-image-preview:large","max-video-preview":"max-video-preview:-1"},"canonical":"https:\/\/czerwonagora.pl\/index.php\/informacja-o-wplywie-dzialalnosci-wykonywanej-przez-jednostke-organizacyjna-na-zdrowie-ludzi-i-na-srodowisko\/","og_locale":"pl_PL","og_type":"article","og_title":"Informacja o wp\u0142ywie dzia\u0142alno\u015bci wykonywanej przez jednostk\u0119 organizacyjn\u0105 na zdrowie ludzi i na \u015brodowisko - Wojew\u00f3dzki Szpital Specjalistyczny im. \u015aw. Rafa\u0142a w Czerwonej G\u00f3rze","og_description":"\u00a0\u00a0\u00a0\u00a0\u00a0\u00a0\u00a0\u00a0\u00a0\u00a0\u00a0\u00a0\u00a0\u00a0\u00a0\u00a0\u00a0\u00a0\u00a0\u00a0\u00a0\u00a0\u00a0\u00a0\u00a0\u00a0\u00a0\u00a0\u00a0\u00a0\u00a0\u00a0\u00a0\u00a0\u00a0\u00a0\u00a0\u00a0\u00a0\u00a0\u00a0\u00a0\u00a0\u00a0\u00a0\u00a0\u00a0\u00a0\u00a0\u00a0\u00a0\u00a0\u00a0\u00a0\u00a0\u00a0\u00a0\u00a0\u00a0\u00a0\u00a0\u00a0\u00a0\u00a0\u00a0\u00a0\u00a0\u00a0\u00a0\u00a0\u00a0\u00a0\u00a0\u00a0\u00a0\u00a0\u00a0\u00a0\u00a0\u00a0\u00a0\u00a0\u00a0\u00a0\u00a0\u00a0\u00a0\u00a0\u00a0\u00a0\u00a0\u00a0\u00a0\u00a0\u00a0\u00a0\u00a0\u00a0\u00a0\u00a0\u00a0\u00a0\u00a0\u00a0\u00a0\u00a0\u00a0\u00a0\u00a0\u00a0\u00a0\u00a0\u00a0\u00a0\u00a0\u00a0\u00a0\u00a0\u00a0\u00a0\u00a0\u00a0\u00a0\u00a0\u00a0\u00a0\u00a0\u00a0\u00a0\u00a0\u00a0\u00a0\u00a0\u00a0\u00a0\u00a0\u00a0\u00a0\u00a0\u00a0\u00a0\u00a0\u00a0\u00a0\u00a0\u00a0\u00a0\u00a0\u00a0\u00a0\u00a0\u00a0\u00a0\u00a0\u00a0\u00a0 \u00a0 0505.2025 Informacja o wp\u0142ywie dzia\u0142alno\u015bci wykonywanej przez jednostk\u0119 organizacyjn\u0105 na zdrowie ludzi i na \u015brodowisko Dzia\u0142aj\u0105c na podstawie art. 32c pkt. 2 ustawy Prawo Atomowe (Dz. U. 2019 poz 1792) Wojew\u00f3dzki Szpital Specjalistyczny im. \u015aw. Rafa\u0142a w Czerwonej G\u00f3rze informuje, i\u017c wykonuje dzia\u0142alno\u015b\u0107 zwi\u0105zan\u0105\u00a0 z nara\u017ceniem na promieniowanie jonizuj\u0105ce w celach medycznych polegaj\u0105c\u0105 [&hellip;]","og_url":"https:\/\/czerwonagora.pl\/index.php\/informacja-o-wplywie-dzialalnosci-wykonywanej-przez-jednostke-organizacyjna-na-zdrowie-ludzi-i-na-srodowisko\/","og_site_name":"Wojew\u00f3dzki Szpital Specjalistyczny im. \u015aw. Rafa\u0142a w Czerwonej G\u00f3rze","article_publisher":"https:\/\/www.facebook.com\/SzpitalCzerwonaGora\/","article_modified_time":"2025-05-05T08:21:20+00:00","og_image":[{"width":1920,"height":1080,"url":"https:\/\/czerwonagora.pl\/wp-content\/uploads\/2021\/06\/DJI_0005-Duzy.jpg","type":"image\/jpeg"}],"twitter_card":"summary_large_image","twitter_misc":{"Szacowany czas czytania":"2 minuty"},"schema":{"@context":"https:\/\/schema.org","@graph":[{"@type":"WebPage","@id":"https:\/\/czerwonagora.pl\/index.php\/informacja-o-wplywie-dzialalnosci-wykonywanej-przez-jednostke-organizacyjna-na-zdrowie-ludzi-i-na-srodowisko\/","url":"https:\/\/czerwonagora.pl\/index.php\/informacja-o-wplywie-dzialalnosci-wykonywanej-przez-jednostke-organizacyjna-na-zdrowie-ludzi-i-na-srodowisko\/","name":"Informacja o wp\u0142ywie dzia\u0142alno\u015bci wykonywanej przez jednostk\u0119 organizacyjn\u0105 na zdrowie ludzi i na \u015brodowisko - Wojew\u00f3dzki Szpital Specjalistyczny im. \u015aw. Rafa\u0142a w Czerwonej G\u00f3rze","isPartOf":{"@id":"https:\/\/czerwonagora.pl\/#website"},"datePublished":"2021-08-13T11:17:02+00:00","dateModified":"2025-05-05T08:21:20+00:00","breadcrumb":{"@id":"https:\/\/czerwonagora.pl\/index.php\/informacja-o-wplywie-dzialalnosci-wykonywanej-przez-jednostke-organizacyjna-na-zdrowie-ludzi-i-na-srodowisko\/#breadcrumb"},"inLanguage":"pl-PL","potentialAction":[{"@type":"ReadAction","target":["https:\/\/czerwonagora.pl\/index.php\/informacja-o-wplywie-dzialalnosci-wykonywanej-przez-jednostke-organizacyjna-na-zdrowie-ludzi-i-na-srodowisko\/"]}]},{"@type":"BreadcrumbList","@id":"https:\/\/czerwonagora.pl\/index.php\/informacja-o-wplywie-dzialalnosci-wykonywanej-przez-jednostke-organizacyjna-na-zdrowie-ludzi-i-na-srodowisko\/#breadcrumb","itemListElement":[{"@type":"ListItem","position":1,"name":"Strona g\u0142\u00f3wna","item":"https:\/\/czerwonagora.pl\/"},{"@type":"ListItem","position":2,"name":"Informacja o wp\u0142ywie dzia\u0142alno\u015bci wykonywanej przez jednostk\u0119 organizacyjn\u0105 na zdrowie ludzi i na \u015brodowisko"}]},{"@type":"WebSite","@id":"https:\/\/czerwonagora.pl\/#website","url":"https:\/\/czerwonagora.pl\/","name":"Wojew\u00f3dzki Szpital Specjalistyczny im. \u015aw. Rafa\u0142a w Czerwonej G\u00f3rze","description":"Wojew\u00f3dzki Szpital Specjalistyczny im. \u015aw. Rafa\u0142a w Czerwonej G\u00f3rze","publisher":{"@id":"https:\/\/czerwonagora.pl\/#organization"},"potentialAction":[{"@type":"SearchAction","target":{"@type":"EntryPoint","urlTemplate":"https:\/\/czerwonagora.pl\/?s={search_term_string}"},"query-input":{"@type":"PropertyValueSpecification","valueRequired":true,"valueName":"search_term_string"}}],"inLanguage":"pl-PL"},{"@type":"Organization","@id":"https:\/\/czerwonagora.pl\/#organization","name":"Wojew\u00f3dzki Szpital Specjalistyczny im. \u015aw. Rafa\u0142a w Czerwonej G\u00f3rze","url":"https:\/\/czerwonagora.pl\/","logo":{"@type":"ImageObject","inLanguage":"pl-PL","@id":"https:\/\/czerwonagora.pl\/#\/schema\/logo\/image\/","url":"https:\/\/czerwonagora.pl\/wp-content\/uploads\/2021\/06\/Logo-WSS-DUZE-transparentne.png","contentUrl":"https:\/\/czerwonagora.pl\/wp-content\/uploads\/2021\/06\/Logo-WSS-DUZE-transparentne.png","width":4210,"height":2975,"caption":"Wojew\u00f3dzki Szpital Specjalistyczny im. \u015aw. Rafa\u0142a w Czerwonej G\u00f3rze"},"image":{"@id":"https:\/\/czerwonagora.pl\/#\/schema\/logo\/image\/"},"sameAs":["https:\/\/www.facebook.com\/SzpitalCzerwonaGora\/"]}]}},"publishpress_future_action":{"enabled":false,"date":"2026-04-17 07:29:07","action":"change-status","newStatus":"draft","terms":[],"taxonomy":"","extraData":[]},"publishpress_future_workflow_manual_trigger":{"enabledWorkflows":[]},"_links":{"self":[{"href":"https:\/\/czerwonagora.pl\/index.php\/wp-json\/wp\/v2\/pages\/14175","targetHints":{"allow":["GET"]}}],"collection":[{"href":"https:\/\/czerwonagora.pl\/index.php\/wp-json\/wp\/v2\/pages"}],"about":[{"href":"https:\/\/czerwonagora.pl\/index.php\/wp-json\/wp\/v2\/types\/page"}],"author":[{"embeddable":true,"href":"https:\/\/czerwonagora.pl\/index.php\/wp-json\/wp\/v2\/users\/1"}],"replies":[{"embeddable":true,"href":"https:\/\/czerwonagora.pl\/index.php\/wp-json\/wp\/v2\/comments?post=14175"}],"version-history":[{"count":16,"href":"https:\/\/czerwonagora.pl\/index.php\/wp-json\/wp\/v2\/pages\/14175\/revisions"}],"predecessor-version":[{"id":27659,"href":"https:\/\/czerwonagora.pl\/index.php\/wp-json\/wp\/v2\/pages\/14175\/revisions\/27659"}],"wp:attachment":[{"href":"https:\/\/czerwonagora.pl\/index.php\/wp-json\/wp\/v2\/media?parent=14175"}],"curies":[{"name":"wp","href":"https:\/\/api.w.org\/{rel}","templated":true}]}}