{"id":14306,"date":"2021-08-16T12:18:09","date_gmt":"2021-08-16T10:18:09","guid":{"rendered":"https:\/\/czerwonagora.pl\/?page_id=14306"},"modified":"2021-08-16T14:20:10","modified_gmt":"2021-08-16T12:20:10","slug":"pracownia-rtg-2","status":"publish","type":"page","link":"https:\/\/czerwonagora.pl\/index.php\/pracownia-rtg-2\/","title":{"rendered":"Pracownia RTG"},"content":{"rendered":"\t\t<div data-elementor-type=\"wp-page\" data-elementor-id=\"14306\" class=\"elementor elementor-14306\">\n\t\t\t\t\t\t<section class=\"elementor-section elementor-top-section elementor-element elementor-element-59c0f321 elementor-section-stretched elementor-section-boxed elementor-section-height-default elementor-section-height-default\" data-id=\"59c0f321\" data-element_type=\"section\" data-e-type=\"section\" data-settings=\"{&quot;stretch_section&quot;:&quot;section-stretched&quot;}\">\n\t\t\t\t\t\t<div class=\"elementor-container elementor-column-gap-default\">\n\t\t\t\t\t<div class=\"elementor-column elementor-col-66 elementor-top-column elementor-element elementor-element-282fe93f\" data-id=\"282fe93f\" data-element_type=\"column\" data-e-type=\"column\">\n\t\t\t<div class=\"elementor-widget-wrap elementor-element-populated\">\n\t\t\t\t\t\t<div class=\"elementor-element elementor-element-54cf154 elementor-position-inline-start elementor-view-default elementor-mobile-position-block-start elementor-widget elementor-widget-icon-box\" data-id=\"54cf154\" data-element_type=\"widget\" data-e-type=\"widget\" data-widget_type=\"icon-box.default\">\n\t\t\t\t<div class=\"elementor-widget-container\">\n\t\t\t\t\t\t\t<div class=\"elementor-icon-box-wrapper\">\n\n\t\t\t\t\t\t<div class=\"elementor-icon-box-icon\">\n\t\t\t\t<span  class=\"elementor-icon\">\n\t\t\t\t<i aria-hidden=\"true\" class=\"fas fa-radiation\"><\/i>\t\t\t\t<\/span>\n\t\t\t<\/div>\n\t\t\t\n\t\t\t\t\t\t<div class=\"elementor-icon-box-content\">\n\n\t\t\t\t\t\t\t\t\t<h3 class=\"elementor-icon-box-title\">\n\t\t\t\t\t\t<span  >\n\t\t\t\t\t\t\tPracownia RTG\t\t\t\t\t\t<\/span>\n\t\t\t\t\t<\/h3>\n\t\t\t\t\n\t\t\t\t\t\t\t\t\t<p class=\"elementor-icon-box-description\">\n\t\t\t\t\t\tRTG to technika obrazowania wykorzystuj\u0105ca promieniowanie rentgenowskie (promieniowanie X). Jest to badanie radiologiczne, nazywane potocznie \u201eprze\u015bwietleniem\". Badanie RTG nale\u017cy do nieinwazyjnych metod bada\u0144 obrazowych. Pozwala na wykrycie ewentualnych nieprawid\u0142owo\u015bci w budowie prze\u015bwietlanego narz\u0105du.\t\t\t\t\t<\/p>\n\t\t\t\t\n\t\t\t<\/div>\n\t\t\t\n\t\t<\/div>\n\t\t\t\t\t\t<\/div>\n\t\t\t\t<\/div>\n\t\t\t\t<div class=\"elementor-element elementor-element-97fe137 elementor-widget elementor-widget-text-editor\" data-id=\"97fe137\" data-element_type=\"widget\" data-e-type=\"widget\" data-widget_type=\"text-editor.default\">\n\t\t\t\t<div class=\"elementor-widget-container\">\n\t\t\t\t\t\t\t\t\t<p><strong>Pracownia RTG<\/strong><\/p><p>Wojew\u00f3dzkiej Przychodni Specjalistycznej Szpitala w Czerwonej G\u00f3rze \u015bwiadczy us\u0142ugi dla pacjent\u00f3w szpitala jak i tych, kt\u00f3rzy posiadaj\u0105 skierowanie z innych gabinet\u00f3w lekarskich. Pacjenci, posiadaj\u0105cy skierowanie od lekarza, kt\u00f3ry podpisa\u0142 umow\u0119 z nasz\u0105 pracowni\u0105, obs\u0142ugiwani s\u0105 bezp\u0142atnie. Pozostali pacjenci ze skierowaniami z gabinet\u00f3w prywatnych p\u0142ac\u0105 za badania w\/g aktualnego cennika.<\/p><p>Pracownia wyposa\u017cona jest w aparat RTG daj\u0105cy mo\u017cliwo\u015b\u0107 wykonywania zdj\u0119\u0107 o wysokiej rozdzielczo\u015bci i dobrej jako\u015bci diagnostycznej przy ma\u0142ej dawce promieniowania, jakiemu poddawani s\u0105 pacjenci. Dlatego wychodz\u0105c naprzeciw oczekiwaniom pacjent\u00f3w i lekarzy nasza pracownia RTG oferuje:<\/p><ul><li>kompleksowy zakres bada\u0144 radiologicznych;<\/li><li>opisy zdj\u0119\u0107 przez specjalist\u00f3w radiologii;<\/li><li>kr\u00f3tki termin oczekiwania;<\/li><li>przyst\u0119pne ceny dla pacjent\u00f3w wykonuj\u0105cych badania odp\u0142atnie;<\/li><\/ul><p>Badania wykonywane s\u0105 od poniedzia\u0142ku do pi\u0105tku w godzinach od 7<sup>00<\/sup> &#8211; do 14<sup>30<\/sup> wi\u0119cej informacji pod numerem telefonu<strong> 41 335-82-27<\/strong> lub <strong>41 345-1-03<\/strong><\/p><p>Pracownia Radiologiczna oferuje \u015bwiadczenia mi\u0119dzy innymi:<\/p><ul><li>zdj\u0119cia klatki piersiowej (zdj\u0119cie klatki piersiowej PA i boczne, zdj\u0119cia klatki piersiowej z ocen\u0105 sylwetki serca;<\/li><li>zdj\u0119cia narz\u0105d\u00f3w ruchy;<\/li><li>zdj\u0119cia staw\u00f3w;<\/li><li>zdj\u0119cia kr\u0119gos\u0142upa;<\/li><li>zdj\u0119cie zatok;<\/li><li>zdj\u0119cie \u017cuchwy;<\/li><li>zdj\u0119cie siode\u0142ka tureckiego;<\/li><li>zdj\u0119cie przegl\u0105dowe jamy brzusznej;<\/li><\/ul><p>Do bada\u0144 diagnostycznych RTG pacjenci przyjmowani s\u0105 tylko ze skierowaniem, na kt\u00f3rym powinno zosta\u0107 umieszczone:<\/p><ul><li>imi\u0119 i nazwisko pacjenta, data urodzenia;<\/li><li>cel i uzasadnienie badania lub leczenia;<\/li><li>wst\u0119pne rozpoznanie kliniczne;<\/li><li>informacja niezb\u0119dna do prawid\u0142owego przeprowadzenia medycznej procedury radiologicznej;<\/li><li>podpis i piecz\u0119\u0107 osoby kieruj\u0105cej na badanie.<\/li><\/ul><p>Wydawanie wynik\u00f3w odbywa si\u0119 w terminie wyznaczonym przez pracownika pracowni RTG.<br \/>Ka\u017cde ze zdj\u0119\u0107 opisywane jest przez lekarza radiologa.<\/p>\t\t\t\t\t\t\t\t<\/div>\n\t\t\t\t<\/div>\n\t\t\t\t\t<\/div>\n\t\t<\/div>\n\t\t\t\t<div class=\"elementor-column elementor-col-33 elementor-top-column elementor-element elementor-element-460040f1\" data-id=\"460040f1\" data-element_type=\"column\" data-e-type=\"column\" data-settings=\"{&quot;background_background&quot;:&quot;classic&quot;}\">\n\t\t\t<div class=\"elementor-widget-wrap elementor-element-populated\">\n\t\t\t\t\t\t<div class=\"elementor-element elementor-element-68d3a814 elementor-view-default elementor-widget elementor-widget-icon\" data-id=\"68d3a814\" data-element_type=\"widget\" data-e-type=\"widget\" data-widget_type=\"icon.default\">\n\t\t\t\t<div class=\"elementor-widget-container\">\n\t\t\t\t\t\t\t<div class=\"elementor-icon-wrapper\">\n\t\t\t<div class=\"elementor-icon\">\n\t\t\t<i aria-hidden=\"true\" class=\"fas fa-phone-square\"><\/i>\t\t\t<\/div>\n\t\t<\/div>\n\t\t\t\t\t\t<\/div>\n\t\t\t\t<\/div>\n\t\t\t\t<div class=\"elementor-element elementor-element-1c82a07a elementor-widget elementor-widget-text-editor\" data-id=\"1c82a07a\" data-element_type=\"widget\" data-e-type=\"widget\" data-widget_type=\"text-editor.default\">\n\t\t\t\t<div class=\"elementor-widget-container\">\n\t\t\t\t\t\t\t\t\t<p><strong>Lokalizacja Wojew\u00f3dzka Przychodnia Specjalistyczna<\/strong><br \/><strong>ul. Jagielo\u0144ska 72 Kielce<\/strong><\/p><p><strong>Numer bezpo\u015bredni:<\/strong><\/p><p>+48(41) 335 82 27<\/p><p>od poniedzia\u0142ku do pi\u0105tku od godz 7<sup>00<\/sup> &#8211; 14<sup>35<\/sup><\/p>\t\t\t\t\t\t\t\t<\/div>\n\t\t\t\t<\/div>\n\t\t\t\t\t<\/div>\n\t\t<\/div>\n\t\t\t\t\t<\/div>\n\t\t<\/section>\n\t\t\t\t<section class=\"elementor-section elementor-top-section elementor-element elementor-element-c8bbd9a elementor-section-boxed elementor-section-height-default elementor-section-height-default\" data-id=\"c8bbd9a\" data-element_type=\"section\" data-e-type=\"section\" data-settings=\"{&quot;background_background&quot;:&quot;classic&quot;}\">\n\t\t\t\t\t\t<div class=\"elementor-container elementor-column-gap-default\">\n\t\t\t\t\t<div class=\"elementor-column elementor-col-25 elementor-top-column elementor-element elementor-element-535c31e2\" data-id=\"535c31e2\" data-element_type=\"column\" data-e-type=\"column\">\n\t\t\t<div class=\"elementor-widget-wrap elementor-element-populated\">\n\t\t\t\t\t\t<div class=\"elementor-element elementor-element-6e5ebf8e elementor-view-default elementor-widget elementor-widget-icon\" data-id=\"6e5ebf8e\" data-element_type=\"widget\" data-e-type=\"widget\" data-widget_type=\"icon.default\">\n\t\t\t\t<div class=\"elementor-widget-container\">\n\t\t\t\t\t\t\t<div class=\"elementor-icon-wrapper\">\n\t\t\t<div class=\"elementor-icon\">\n\t\t\t<i aria-hidden=\"true\" class=\"far fa-file-pdf\"><\/i>\t\t\t<\/div>\n\t\t<\/div>\n\t\t\t\t\t\t<\/div>\n\t\t\t\t<\/div>\n\t\t\t\t\t<\/div>\n\t\t<\/div>\n\t\t\t\t<div class=\"elementor-column elementor-col-50 elementor-top-column elementor-element elementor-element-5466627b\" data-id=\"5466627b\" data-element_type=\"column\" data-e-type=\"column\">\n\t\t\t<div class=\"elementor-widget-wrap elementor-element-populated\">\n\t\t\t\t\t\t<div class=\"elementor-element elementor-element-2af044c2 elementor-widget elementor-widget-text-editor\" data-id=\"2af044c2\" data-element_type=\"widget\" data-e-type=\"widget\" data-widget_type=\"text-editor.default\">\n\t\t\t\t<div class=\"elementor-widget-container\">\n\t\t\t\t\t\t\t\t\t<p>Cennik bada\u0144<\/p>\t\t\t\t\t\t\t\t<\/div>\n\t\t\t\t<\/div>\n\t\t\t\t\t<\/div>\n\t\t<\/div>\n\t\t\t\t<div class=\"elementor-column elementor-col-25 elementor-top-column elementor-element elementor-element-387ed5c2\" data-id=\"387ed5c2\" data-element_type=\"column\" data-e-type=\"column\">\n\t\t\t<div class=\"elementor-widget-wrap elementor-element-populated\">\n\t\t\t\t\t\t<div class=\"elementor-element elementor-element-59c3f908 elementor-align-center elementor-widget elementor-widget-button\" data-id=\"59c3f908\" data-element_type=\"widget\" data-e-type=\"widget\" data-widget_type=\"button.default\">\n\t\t\t\t<div class=\"elementor-widget-container\">\n\t\t\t\t\t\t\t\t\t<div class=\"elementor-button-wrapper\">\n\t\t\t\t\t<a class=\"elementor-button elementor-button-link elementor-size-sm elementor-animation-grow\" href=\"https:\/\/czerwonagora.pl\/index.php\/cennik-badan\/\">\n\t\t\t\t\t\t<span class=\"elementor-button-content-wrapper\">\n\t\t\t\t\t\t\t\t\t<span class=\"elementor-button-text\">Zobacz<\/span>\n\t\t\t\t\t<\/span>\n\t\t\t\t\t<\/a>\n\t\t\t\t<\/div>\n\t\t\t\t\t\t\t\t<\/div>\n\t\t\t\t<\/div>\n\t\t\t\t\t<\/div>\n\t\t<\/div>\n\t\t\t\t\t<\/div>\n\t\t<\/section>\n\t\t\t\t<\/div>\n\t\t","protected":false},"excerpt":{"rendered":"<p>Pracownia RTG RTG to technika obrazowania wykorzystuj\u0105ca promieniowanie rentgenowskie (promieniowanie X). Jest to badanie radiologiczne, nazywane potocznie \u201eprze\u015bwietleniem&#8221;. Badanie RTG nale\u017cy do nieinwazyjnych metod bada\u0144 obrazowych. Pozwala na wykrycie ewentualnych nieprawid\u0142owo\u015bci w budowie prze\u015bwietlanego narz\u0105du. Pracownia RTG Wojew\u00f3dzkiej Przychodni Specjalistycznej Szpitala w Czerwonej G\u00f3rze \u015bwiadczy us\u0142ugi dla pacjent\u00f3w szpitala jak i tych, kt\u00f3rzy posiadaj\u0105 skierowanie [&hellip;]<\/p>\n","protected":false},"author":3,"featured_media":0,"parent":0,"menu_order":0,"comment_status":"closed","ping_status":"closed","template":"","meta":{"zakra_page_container_layout":"customizer","zakra_page_sidebar_layout":"customizer","zakra_remove_content_margin":false,"zakra_sidebar":"customizer","zakra_transparent_header":"customizer","zakra_logo":0,"zakra_main_header_style":"default","zakra_menu_item_color":"","zakra_menu_item_hover_color":"","zakra_menu_item_active_color":"","zakra_menu_active_style":"","zakra_page_header":true,"footnotes":""},"class_list":["post-14306","page","type-page","status-publish","hentry"],"yoast_head":"<!-- This site is optimized with the Yoast SEO plugin v27.3 - https:\/\/yoast.com\/product\/yoast-seo-wordpress\/ -->\n<title>Pracownia RTG - Wojew\u00f3dzki Szpital Specjalistyczny im. \u015aw. Rafa\u0142a w Czerwonej G\u00f3rze<\/title>\n<meta name=\"robots\" content=\"index, follow, max-snippet:-1, max-image-preview:large, max-video-preview:-1\" \/>\n<link rel=\"canonical\" href=\"https:\/\/czerwonagora.pl\/index.php\/pracownia-rtg-2\/\" \/>\n<meta property=\"og:locale\" content=\"pl_PL\" \/>\n<meta property=\"og:type\" content=\"article\" \/>\n<meta property=\"og:title\" content=\"Pracownia RTG - Wojew\u00f3dzki Szpital Specjalistyczny im. \u015aw. Rafa\u0142a w Czerwonej G\u00f3rze\" \/>\n<meta property=\"og:description\" content=\"Pracownia RTG RTG to technika obrazowania wykorzystuj\u0105ca promieniowanie rentgenowskie (promieniowanie X). Jest to badanie radiologiczne, nazywane potocznie \u201eprze\u015bwietleniem&#8221;. Badanie RTG nale\u017cy do nieinwazyjnych metod bada\u0144 obrazowych. Pozwala na wykrycie ewentualnych nieprawid\u0142owo\u015bci w budowie prze\u015bwietlanego narz\u0105du. Pracownia RTG Wojew\u00f3dzkiej Przychodni Specjalistycznej Szpitala w Czerwonej G\u00f3rze \u015bwiadczy us\u0142ugi dla pacjent\u00f3w szpitala jak i tych, kt\u00f3rzy posiadaj\u0105 skierowanie [&hellip;]\" \/>\n<meta property=\"og:url\" content=\"https:\/\/czerwonagora.pl\/index.php\/pracownia-rtg-2\/\" \/>\n<meta property=\"og:site_name\" content=\"Wojew\u00f3dzki Szpital Specjalistyczny im. \u015aw. Rafa\u0142a w Czerwonej G\u00f3rze\" \/>\n<meta property=\"article:publisher\" content=\"https:\/\/www.facebook.com\/SzpitalCzerwonaGora\/\" \/>\n<meta property=\"article:modified_time\" content=\"2021-08-16T12:20:10+00:00\" \/>\n<meta property=\"og:image\" content=\"https:\/\/czerwonagora.pl\/wp-content\/uploads\/2021\/06\/DJI_0005-Duzy.jpg\" \/>\n\t<meta property=\"og:image:width\" content=\"1920\" \/>\n\t<meta property=\"og:image:height\" content=\"1080\" \/>\n\t<meta property=\"og:image:type\" content=\"image\/jpeg\" \/>\n<meta name=\"twitter:card\" content=\"summary_large_image\" \/>\n<meta name=\"twitter:label1\" content=\"Szacowany czas czytania\" \/>\n\t<meta name=\"twitter:data1\" content=\"2 minuty\" \/>\n<script type=\"application\/ld+json\" class=\"yoast-schema-graph\">{\"@context\":\"https:\\\/\\\/schema.org\",\"@graph\":[{\"@type\":\"WebPage\",\"@id\":\"https:\\\/\\\/czerwonagora.pl\\\/index.php\\\/pracownia-rtg-2\\\/\",\"url\":\"https:\\\/\\\/czerwonagora.pl\\\/index.php\\\/pracownia-rtg-2\\\/\",\"name\":\"Pracownia RTG - Wojew\u00f3dzki Szpital Specjalistyczny im. \u015aw. Rafa\u0142a w Czerwonej G\u00f3rze\",\"isPartOf\":{\"@id\":\"https:\\\/\\\/czerwonagora.pl\\\/#website\"},\"datePublished\":\"2021-08-16T10:18:09+00:00\",\"dateModified\":\"2021-08-16T12:20:10+00:00\",\"breadcrumb\":{\"@id\":\"https:\\\/\\\/czerwonagora.pl\\\/index.php\\\/pracownia-rtg-2\\\/#breadcrumb\"},\"inLanguage\":\"pl-PL\",\"potentialAction\":[{\"@type\":\"ReadAction\",\"target\":[\"https:\\\/\\\/czerwonagora.pl\\\/index.php\\\/pracownia-rtg-2\\\/\"]}]},{\"@type\":\"BreadcrumbList\",\"@id\":\"https:\\\/\\\/czerwonagora.pl\\\/index.php\\\/pracownia-rtg-2\\\/#breadcrumb\",\"itemListElement\":[{\"@type\":\"ListItem\",\"position\":1,\"name\":\"Strona g\u0142\u00f3wna\",\"item\":\"https:\\\/\\\/czerwonagora.pl\\\/\"},{\"@type\":\"ListItem\",\"position\":2,\"name\":\"Pracownia RTG\"}]},{\"@type\":\"WebSite\",\"@id\":\"https:\\\/\\\/czerwonagora.pl\\\/#website\",\"url\":\"https:\\\/\\\/czerwonagora.pl\\\/\",\"name\":\"Wojew\u00f3dzki Szpital Specjalistyczny im. \u015aw. Rafa\u0142a w Czerwonej G\u00f3rze\",\"description\":\"Wojew\u00f3dzki Szpital Specjalistyczny im. \u015aw. Rafa\u0142a w Czerwonej G\u00f3rze\",\"publisher\":{\"@id\":\"https:\\\/\\\/czerwonagora.pl\\\/#organization\"},\"potentialAction\":[{\"@type\":\"SearchAction\",\"target\":{\"@type\":\"EntryPoint\",\"urlTemplate\":\"https:\\\/\\\/czerwonagora.pl\\\/?s={search_term_string}\"},\"query-input\":{\"@type\":\"PropertyValueSpecification\",\"valueRequired\":true,\"valueName\":\"search_term_string\"}}],\"inLanguage\":\"pl-PL\"},{\"@type\":\"Organization\",\"@id\":\"https:\\\/\\\/czerwonagora.pl\\\/#organization\",\"name\":\"Wojew\u00f3dzki Szpital Specjalistyczny im. \u015aw. Rafa\u0142a w Czerwonej G\u00f3rze\",\"url\":\"https:\\\/\\\/czerwonagora.pl\\\/\",\"logo\":{\"@type\":\"ImageObject\",\"inLanguage\":\"pl-PL\",\"@id\":\"https:\\\/\\\/czerwonagora.pl\\\/#\\\/schema\\\/logo\\\/image\\\/\",\"url\":\"https:\\\/\\\/czerwonagora.pl\\\/wp-content\\\/uploads\\\/2021\\\/06\\\/Logo-WSS-DUZE-transparentne.png\",\"contentUrl\":\"https:\\\/\\\/czerwonagora.pl\\\/wp-content\\\/uploads\\\/2021\\\/06\\\/Logo-WSS-DUZE-transparentne.png\",\"width\":4210,\"height\":2975,\"caption\":\"Wojew\u00f3dzki Szpital Specjalistyczny im. \u015aw. Rafa\u0142a w Czerwonej G\u00f3rze\"},\"image\":{\"@id\":\"https:\\\/\\\/czerwonagora.pl\\\/#\\\/schema\\\/logo\\\/image\\\/\"},\"sameAs\":[\"https:\\\/\\\/www.facebook.com\\\/SzpitalCzerwonaGora\\\/\"]}]}<\/script>\n<!-- \/ Yoast SEO plugin. -->","yoast_head_json":{"title":"Pracownia RTG - Wojew\u00f3dzki Szpital Specjalistyczny im. \u015aw. Rafa\u0142a w Czerwonej G\u00f3rze","robots":{"index":"index","follow":"follow","max-snippet":"max-snippet:-1","max-image-preview":"max-image-preview:large","max-video-preview":"max-video-preview:-1"},"canonical":"https:\/\/czerwonagora.pl\/index.php\/pracownia-rtg-2\/","og_locale":"pl_PL","og_type":"article","og_title":"Pracownia RTG - Wojew\u00f3dzki Szpital Specjalistyczny im. \u015aw. Rafa\u0142a w Czerwonej G\u00f3rze","og_description":"Pracownia RTG RTG to technika obrazowania wykorzystuj\u0105ca promieniowanie rentgenowskie (promieniowanie X). Jest to badanie radiologiczne, nazywane potocznie \u201eprze\u015bwietleniem&#8221;. Badanie RTG nale\u017cy do nieinwazyjnych metod bada\u0144 obrazowych. Pozwala na wykrycie ewentualnych nieprawid\u0142owo\u015bci w budowie prze\u015bwietlanego narz\u0105du. Pracownia RTG Wojew\u00f3dzkiej Przychodni Specjalistycznej Szpitala w Czerwonej G\u00f3rze \u015bwiadczy us\u0142ugi dla pacjent\u00f3w szpitala jak i tych, kt\u00f3rzy posiadaj\u0105 skierowanie [&hellip;]","og_url":"https:\/\/czerwonagora.pl\/index.php\/pracownia-rtg-2\/","og_site_name":"Wojew\u00f3dzki Szpital Specjalistyczny im. \u015aw. Rafa\u0142a w Czerwonej G\u00f3rze","article_publisher":"https:\/\/www.facebook.com\/SzpitalCzerwonaGora\/","article_modified_time":"2021-08-16T12:20:10+00:00","og_image":[{"width":1920,"height":1080,"url":"https:\/\/czerwonagora.pl\/wp-content\/uploads\/2021\/06\/DJI_0005-Duzy.jpg","type":"image\/jpeg"}],"twitter_card":"summary_large_image","twitter_misc":{"Szacowany czas czytania":"2 minuty"},"schema":{"@context":"https:\/\/schema.org","@graph":[{"@type":"WebPage","@id":"https:\/\/czerwonagora.pl\/index.php\/pracownia-rtg-2\/","url":"https:\/\/czerwonagora.pl\/index.php\/pracownia-rtg-2\/","name":"Pracownia RTG - Wojew\u00f3dzki Szpital Specjalistyczny im. \u015aw. Rafa\u0142a w Czerwonej G\u00f3rze","isPartOf":{"@id":"https:\/\/czerwonagora.pl\/#website"},"datePublished":"2021-08-16T10:18:09+00:00","dateModified":"2021-08-16T12:20:10+00:00","breadcrumb":{"@id":"https:\/\/czerwonagora.pl\/index.php\/pracownia-rtg-2\/#breadcrumb"},"inLanguage":"pl-PL","potentialAction":[{"@type":"ReadAction","target":["https:\/\/czerwonagora.pl\/index.php\/pracownia-rtg-2\/"]}]},{"@type":"BreadcrumbList","@id":"https:\/\/czerwonagora.pl\/index.php\/pracownia-rtg-2\/#breadcrumb","itemListElement":[{"@type":"ListItem","position":1,"name":"Strona g\u0142\u00f3wna","item":"https:\/\/czerwonagora.pl\/"},{"@type":"ListItem","position":2,"name":"Pracownia RTG"}]},{"@type":"WebSite","@id":"https:\/\/czerwonagora.pl\/#website","url":"https:\/\/czerwonagora.pl\/","name":"Wojew\u00f3dzki Szpital Specjalistyczny im. \u015aw. Rafa\u0142a w Czerwonej G\u00f3rze","description":"Wojew\u00f3dzki Szpital Specjalistyczny im. \u015aw. Rafa\u0142a w Czerwonej G\u00f3rze","publisher":{"@id":"https:\/\/czerwonagora.pl\/#organization"},"potentialAction":[{"@type":"SearchAction","target":{"@type":"EntryPoint","urlTemplate":"https:\/\/czerwonagora.pl\/?s={search_term_string}"},"query-input":{"@type":"PropertyValueSpecification","valueRequired":true,"valueName":"search_term_string"}}],"inLanguage":"pl-PL"},{"@type":"Organization","@id":"https:\/\/czerwonagora.pl\/#organization","name":"Wojew\u00f3dzki Szpital Specjalistyczny im. \u015aw. Rafa\u0142a w Czerwonej G\u00f3rze","url":"https:\/\/czerwonagora.pl\/","logo":{"@type":"ImageObject","inLanguage":"pl-PL","@id":"https:\/\/czerwonagora.pl\/#\/schema\/logo\/image\/","url":"https:\/\/czerwonagora.pl\/wp-content\/uploads\/2021\/06\/Logo-WSS-DUZE-transparentne.png","contentUrl":"https:\/\/czerwonagora.pl\/wp-content\/uploads\/2021\/06\/Logo-WSS-DUZE-transparentne.png","width":4210,"height":2975,"caption":"Wojew\u00f3dzki Szpital Specjalistyczny im. \u015aw. Rafa\u0142a w Czerwonej G\u00f3rze"},"image":{"@id":"https:\/\/czerwonagora.pl\/#\/schema\/logo\/image\/"},"sameAs":["https:\/\/www.facebook.com\/SzpitalCzerwonaGora\/"]}]}},"publishpress_future_action":{"enabled":false,"date":"2026-04-12 14:29:34","action":"change-status","newStatus":"draft","terms":[],"taxonomy":"","extraData":[]},"publishpress_future_workflow_manual_trigger":{"enabledWorkflows":[]},"_links":{"self":[{"href":"https:\/\/czerwonagora.pl\/index.php\/wp-json\/wp\/v2\/pages\/14306","targetHints":{"allow":["GET"]}}],"collection":[{"href":"https:\/\/czerwonagora.pl\/index.php\/wp-json\/wp\/v2\/pages"}],"about":[{"href":"https:\/\/czerwonagora.pl\/index.php\/wp-json\/wp\/v2\/types\/page"}],"author":[{"embeddable":true,"href":"https:\/\/czerwonagora.pl\/index.php\/wp-json\/wp\/v2\/users\/3"}],"replies":[{"embeddable":true,"href":"https:\/\/czerwonagora.pl\/index.php\/wp-json\/wp\/v2\/comments?post=14306"}],"version-history":[{"count":14,"href":"https:\/\/czerwonagora.pl\/index.php\/wp-json\/wp\/v2\/pages\/14306\/revisions"}],"predecessor-version":[{"id":16952,"href":"https:\/\/czerwonagora.pl\/index.php\/wp-json\/wp\/v2\/pages\/14306\/revisions\/16952"}],"wp:attachment":[{"href":"https:\/\/czerwonagora.pl\/index.php\/wp-json\/wp\/v2\/media?parent=14306"}],"curies":[{"name":"wp","href":"https:\/\/api.w.org\/{rel}","templated":true}]}}