{"id":16563,"date":"2022-03-25T10:14:43","date_gmt":"2022-03-25T09:14:43","guid":{"rendered":"https:\/\/czerwonagora.pl\/?page_id=16563"},"modified":"2024-12-05T13:36:53","modified_gmt":"2024-12-05T12:36:53","slug":"dofinansowanie-ze-srodkow-funduszu-prewencyjnego-powszechnego-zakladu-ubezpieczen-pzu-s-a-na-zakup-i-montaz-kamer-monitorujacych-wraz-z-oprzyrzadowaniem-niezbednym-do-ich-montazu","status":"publish","type":"page","link":"https:\/\/czerwonagora.pl\/index.php\/dofinansowanie-ze-srodkow-funduszu-prewencyjnego-powszechnego-zakladu-ubezpieczen-pzu-s-a-na-zakup-i-montaz-kamer-monitorujacych-wraz-z-oprzyrzadowaniem-niezbednym-do-ich-montazu\/","title":{"rendered":"Dofinansowanie ze \u015brodk\u00f3w Funduszu Prewencyjnego Powszechnego Zak\u0142adu Ubezpiecze\u0144 &#8211; PZU S. A. na zakup kamer termowizyjnej i inspekcyjnych do rur i kana\u0142\u00f3w oraz laserowego miernika temperatur"},"content":{"rendered":"\t\t<div data-elementor-type=\"wp-page\" data-elementor-id=\"16563\" class=\"elementor elementor-16563\">\n\t\t\t\t\t\t<section class=\"elementor-section elementor-top-section elementor-element elementor-element-5b2c9495 elementor-section-stretched elementor-section-boxed elementor-section-height-default elementor-section-height-default\" data-id=\"5b2c9495\" data-element_type=\"section\" data-e-type=\"section\" data-settings=\"{&quot;stretch_section&quot;:&quot;section-stretched&quot;}\">\n\t\t\t\t\t\t<div class=\"elementor-container elementor-column-gap-default\">\n\t\t\t\t\t<div class=\"elementor-column elementor-col-100 elementor-top-column elementor-element elementor-element-4ce2092d\" data-id=\"4ce2092d\" data-element_type=\"column\" data-e-type=\"column\">\n\t\t\t<div class=\"elementor-widget-wrap elementor-element-populated\">\n\t\t\t\t\t\t\t<\/div>\n\t\t<\/div>\n\t\t\t\t\t<\/div>\n\t\t<\/section>\n\t\t\t\t<section class=\"elementor-section elementor-top-section elementor-element elementor-element-77f9b66d elementor-section-stretched elementor-section-boxed elementor-section-height-default elementor-section-height-default\" data-id=\"77f9b66d\" data-element_type=\"section\" data-e-type=\"section\" data-settings=\"{&quot;stretch_section&quot;:&quot;section-stretched&quot;}\">\n\t\t\t\t\t\t<div class=\"elementor-container elementor-column-gap-default\">\n\t\t\t\t\t<div class=\"elementor-column elementor-col-100 elementor-top-column elementor-element elementor-element-173dc1f7\" data-id=\"173dc1f7\" data-element_type=\"column\" data-e-type=\"column\">\n\t\t\t<div class=\"elementor-widget-wrap elementor-element-populated\">\n\t\t\t\t\t\t<section class=\"elementor-section elementor-inner-section elementor-element elementor-element-42710dc elementor-section-boxed elementor-section-height-default elementor-section-height-default\" data-id=\"42710dc\" data-element_type=\"section\" data-e-type=\"section\">\n\t\t\t\t\t\t<div class=\"elementor-container elementor-column-gap-default\">\n\t\t\t\t\t<div class=\"elementor-column elementor-col-50 elementor-inner-column elementor-element elementor-element-2c824ae\" data-id=\"2c824ae\" data-element_type=\"column\" data-e-type=\"column\">\n\t\t\t<div class=\"elementor-widget-wrap elementor-element-populated\">\n\t\t\t\t\t\t<div class=\"elementor-element elementor-element-d4db28d elementor-widget elementor-widget-image\" data-id=\"d4db28d\" data-element_type=\"widget\" data-e-type=\"widget\" data-widget_type=\"image.default\">\n\t\t\t\t<div class=\"elementor-widget-container\">\n\t\t\t\t\t\t\t\t\t\t\t\t\t\t\t<img fetchpriority=\"high\" decoding=\"async\" width=\"300\" height=\"216\" src=\"https:\/\/czerwonagora.pl\/wp-content\/uploads\/2022\/03\/pzu-300x216.jpg\" class=\"attachment-medium size-medium wp-image-16566\" alt=\"\" srcset=\"https:\/\/czerwonagora.pl\/wp-content\/uploads\/2022\/03\/pzu-300x216.jpg 300w, https:\/\/czerwonagora.pl\/wp-content\/uploads\/2022\/03\/pzu.jpg 351w\" sizes=\"(max-width: 300px) 100vw, 300px\" \/>\t\t\t\t\t\t\t\t\t\t\t\t\t\t\t<\/div>\n\t\t\t\t<\/div>\n\t\t\t\t\t<\/div>\n\t\t<\/div>\n\t\t\t\t<div class=\"elementor-column elementor-col-50 elementor-inner-column elementor-element elementor-element-b83d73a\" data-id=\"b83d73a\" data-element_type=\"column\" data-e-type=\"column\">\n\t\t\t<div class=\"elementor-widget-wrap elementor-element-populated\">\n\t\t\t\t\t\t<div class=\"elementor-element elementor-element-519dcf4 elementor-widget elementor-widget-text-editor\" data-id=\"519dcf4\" data-element_type=\"widget\" data-e-type=\"widget\" data-widget_type=\"text-editor.default\">\n\t\t\t\t<div class=\"elementor-widget-container\">\n\t\t\t\t\t\t\t\t\t<p><strong>Dofinansowanie ze \u015brodk\u00f3w Funduszu Prewencyjnego Powszechnego Zak\u0142adu Ubezpiecze\u0144 \u2013 PZU S. A. na <em>Zakup kamer termowizyjnej i inspekcyjnych do rur i kana\u0142\u00f3w oraz laserowego miernika temperatur<\/em><\/strong><\/p>\t\t\t\t\t\t\t\t<\/div>\n\t\t\t\t<\/div>\n\t\t\t\t\t<\/div>\n\t\t<\/div>\n\t\t\t\t\t<\/div>\n\t\t<\/section>\n\t\t\t\t<div class=\"elementor-element elementor-element-c32dd61 elementor-drop-cap-yes elementor-drop-cap-view-default elementor-widget elementor-widget-text-editor\" data-id=\"c32dd61\" data-element_type=\"widget\" data-e-type=\"widget\" data-settings=\"{&quot;drop_cap&quot;:&quot;yes&quot;}\" data-widget_type=\"text-editor.default\">\n\t\t\t\t<div class=\"elementor-widget-container\">\n\t\t\t\t\t\t\t\t\t<p><strong>Wojew\u00f3dzki Szpital Specjalistyczny im. \u015aw. Rafa\u0142a w Czerwonej G\u00f3rze <br \/><\/strong>w trosce o bezpiecze\u0144stwo pracownik\u00f3w i pacjent\u00f3w zrealizowa\u0142 zadanie prewencyjne polegaj\u0105ce na:<\/p><p><strong><em>\u201eZakupie kamer termowizyjnej i inspekcyjnych do rur i kana\u0142\u00f3w oraz laserowego miernika temperatur\u201d\u00a0\u00a0\u00a0\u00a0\u00a0\u00a0\u00a0\u00a0\u00a0\u00a0\u00a0\u00a0\u00a0\u00a0\u00a0\u00a0\u00a0\u00a0\u00a0\u00a0\u00a0\u00a0\u00a0\u00a0\u00a0\u00a0\u00a0\u00a0\u00a0\u00a0\u00a0\u00a0\u00a0\u00a0\u00a0\u00a0\u00a0\u00a0\u00a0\u00a0\u00a0\u00a0\u00a0\u00a0\u00a0\u00a0\u00a0\u00a0\u00a0\u00a0\u00a0\u00a0\u00a0\u00a0\u00a0\u00a0\u00a0\u00a0\u00a0\u00a0\u00a0\u00a0\u00a0\u00a0\u00a0\u00a0\u00a0\u00a0\u00a0\u00a0\u00a0\u00a0\u00a0\u00a0\u00a0\u00a0\u00a0\u00a0\u00a0\u00a0\u00a0\u00a0\u00a0\u00a0\u00a0\u00a0\u00a0\u00a0\u00a0\u00a0\u00a0 <\/em><\/strong>Zadanie zosta\u0142o sfinansowane z <strong>funduszu prewencyjnego PZU <\/strong>w kwocie<strong> 14\u00a0960,53 z\u0142.\u00a0 <\/strong>Ca\u0142kowita warto\u015b\u0107 zadania to <strong>15 000,13 z\u0142<\/strong>.<\/p><p><strong><em>Dzi\u0119kujemy PZU za wsparcie prewencyjne.<\/em><\/strong><\/p>\t\t\t\t\t\t\t\t<\/div>\n\t\t\t\t<\/div>\n\t\t\t\t\t<\/div>\n\t\t<\/div>\n\t\t\t\t\t<\/div>\n\t\t<\/section>\n\t\t\t\t<\/div>\n\t\t","protected":false},"excerpt":{"rendered":"<p>Dofinansowanie ze \u015brodk\u00f3w Funduszu Prewencyjnego Powszechnego Zak\u0142adu Ubezpiecze\u0144 \u2013 PZU S. A. na Zakup kamer termowizyjnej i inspekcyjnych do rur i kana\u0142\u00f3w oraz laserowego miernika temperatur Wojew\u00f3dzki Szpital Specjalistyczny im. \u015aw. Rafa\u0142a w Czerwonej G\u00f3rze w trosce o bezpiecze\u0144stwo pracownik\u00f3w i pacjent\u00f3w zrealizowa\u0142 zadanie prewencyjne polegaj\u0105ce na: \u201eZakupie kamer termowizyjnej i inspekcyjnych do rur i [&hellip;]<\/p>\n","protected":false},"author":4,"featured_media":0,"parent":0,"menu_order":0,"comment_status":"closed","ping_status":"closed","template":"","meta":{"zakra_page_container_layout":"customizer","zakra_page_sidebar_layout":"customizer","zakra_remove_content_margin":false,"zakra_sidebar":"customizer","zakra_transparent_header":"customizer","zakra_logo":0,"zakra_main_header_style":"default","zakra_menu_item_color":"","zakra_menu_item_hover_color":"","zakra_menu_item_active_color":"","zakra_menu_active_style":"","zakra_page_header":true,"footnotes":""},"class_list":["post-16563","page","type-page","status-publish","hentry"],"yoast_head":"<!-- This site is optimized with the Yoast SEO plugin v27.3 - https:\/\/yoast.com\/product\/yoast-seo-wordpress\/ -->\n<title>Dofinansowanie ze \u015brodk\u00f3w Funduszu Prewencyjnego Powszechnego Zak\u0142adu Ubezpiecze\u0144 - PZU S. A. na zakup kamer termowizyjnej i inspekcyjnych do rur i kana\u0142\u00f3w oraz laserowego miernika temperatur - Wojew\u00f3dzki Szpital Specjalistyczny im. \u015aw. Rafa\u0142a w Czerwonej G\u00f3rze<\/title>\n<meta name=\"robots\" content=\"index, follow, max-snippet:-1, max-image-preview:large, max-video-preview:-1\" \/>\n<link rel=\"canonical\" href=\"https:\/\/czerwonagora.pl\/index.php\/dofinansowanie-ze-srodkow-funduszu-prewencyjnego-powszechnego-zakladu-ubezpieczen-pzu-s-a-na-zakup-i-montaz-kamer-monitorujacych-wraz-z-oprzyrzadowaniem-niezbednym-do-ich-montazu\/\" \/>\n<meta property=\"og:locale\" content=\"pl_PL\" \/>\n<meta property=\"og:type\" content=\"article\" \/>\n<meta property=\"og:title\" content=\"Dofinansowanie ze \u015brodk\u00f3w Funduszu Prewencyjnego Powszechnego Zak\u0142adu Ubezpiecze\u0144 - PZU S. A. na zakup kamer termowizyjnej i inspekcyjnych do rur i kana\u0142\u00f3w oraz laserowego miernika temperatur - Wojew\u00f3dzki Szpital Specjalistyczny im. \u015aw. Rafa\u0142a w Czerwonej G\u00f3rze\" \/>\n<meta property=\"og:description\" content=\"Dofinansowanie ze \u015brodk\u00f3w Funduszu Prewencyjnego Powszechnego Zak\u0142adu Ubezpiecze\u0144 \u2013 PZU S. A. na Zakup kamer termowizyjnej i inspekcyjnych do rur i kana\u0142\u00f3w oraz laserowego miernika temperatur Wojew\u00f3dzki Szpital Specjalistyczny im. \u015aw. Rafa\u0142a w Czerwonej G\u00f3rze w trosce o bezpiecze\u0144stwo pracownik\u00f3w i pacjent\u00f3w zrealizowa\u0142 zadanie prewencyjne polegaj\u0105ce na: \u201eZakupie kamer termowizyjnej i inspekcyjnych do rur i [&hellip;]\" \/>\n<meta property=\"og:url\" content=\"https:\/\/czerwonagora.pl\/index.php\/dofinansowanie-ze-srodkow-funduszu-prewencyjnego-powszechnego-zakladu-ubezpieczen-pzu-s-a-na-zakup-i-montaz-kamer-monitorujacych-wraz-z-oprzyrzadowaniem-niezbednym-do-ich-montazu\/\" \/>\n<meta property=\"og:site_name\" content=\"Wojew\u00f3dzki Szpital Specjalistyczny im. \u015aw. Rafa\u0142a w Czerwonej G\u00f3rze\" \/>\n<meta property=\"article:publisher\" content=\"https:\/\/www.facebook.com\/SzpitalCzerwonaGora\/\" \/>\n<meta property=\"article:modified_time\" content=\"2024-12-05T12:36:53+00:00\" \/>\n<meta property=\"og:image\" content=\"https:\/\/czerwonagora.pl\/wp-content\/uploads\/2022\/03\/pzu-300x216.jpg\" \/>\n<meta name=\"twitter:card\" content=\"summary_large_image\" \/>\n<meta name=\"twitter:label1\" content=\"Szacowany czas czytania\" \/>\n\t<meta name=\"twitter:data1\" content=\"1 minuta\" \/>\n<script type=\"application\/ld+json\" class=\"yoast-schema-graph\">{\"@context\":\"https:\\\/\\\/schema.org\",\"@graph\":[{\"@type\":\"WebPage\",\"@id\":\"https:\\\/\\\/czerwonagora.pl\\\/index.php\\\/dofinansowanie-ze-srodkow-funduszu-prewencyjnego-powszechnego-zakladu-ubezpieczen-pzu-s-a-na-zakup-i-montaz-kamer-monitorujacych-wraz-z-oprzyrzadowaniem-niezbednym-do-ich-montazu\\\/\",\"url\":\"https:\\\/\\\/czerwonagora.pl\\\/index.php\\\/dofinansowanie-ze-srodkow-funduszu-prewencyjnego-powszechnego-zakladu-ubezpieczen-pzu-s-a-na-zakup-i-montaz-kamer-monitorujacych-wraz-z-oprzyrzadowaniem-niezbednym-do-ich-montazu\\\/\",\"name\":\"Dofinansowanie ze \u015brodk\u00f3w Funduszu Prewencyjnego Powszechnego Zak\u0142adu Ubezpiecze\u0144 - PZU S. A. na zakup kamer termowizyjnej i inspekcyjnych do rur i kana\u0142\u00f3w oraz laserowego miernika temperatur - Wojew\u00f3dzki Szpital Specjalistyczny im. \u015aw. Rafa\u0142a w Czerwonej G\u00f3rze\",\"isPartOf\":{\"@id\":\"https:\\\/\\\/czerwonagora.pl\\\/#website\"},\"primaryImageOfPage\":{\"@id\":\"https:\\\/\\\/czerwonagora.pl\\\/index.php\\\/dofinansowanie-ze-srodkow-funduszu-prewencyjnego-powszechnego-zakladu-ubezpieczen-pzu-s-a-na-zakup-i-montaz-kamer-monitorujacych-wraz-z-oprzyrzadowaniem-niezbednym-do-ich-montazu\\\/#primaryimage\"},\"image\":{\"@id\":\"https:\\\/\\\/czerwonagora.pl\\\/index.php\\\/dofinansowanie-ze-srodkow-funduszu-prewencyjnego-powszechnego-zakladu-ubezpieczen-pzu-s-a-na-zakup-i-montaz-kamer-monitorujacych-wraz-z-oprzyrzadowaniem-niezbednym-do-ich-montazu\\\/#primaryimage\"},\"thumbnailUrl\":\"https:\\\/\\\/czerwonagora.pl\\\/wp-content\\\/uploads\\\/2022\\\/03\\\/pzu-300x216.jpg\",\"datePublished\":\"2022-03-25T09:14:43+00:00\",\"dateModified\":\"2024-12-05T12:36:53+00:00\",\"breadcrumb\":{\"@id\":\"https:\\\/\\\/czerwonagora.pl\\\/index.php\\\/dofinansowanie-ze-srodkow-funduszu-prewencyjnego-powszechnego-zakladu-ubezpieczen-pzu-s-a-na-zakup-i-montaz-kamer-monitorujacych-wraz-z-oprzyrzadowaniem-niezbednym-do-ich-montazu\\\/#breadcrumb\"},\"inLanguage\":\"pl-PL\",\"potentialAction\":[{\"@type\":\"ReadAction\",\"target\":[\"https:\\\/\\\/czerwonagora.pl\\\/index.php\\\/dofinansowanie-ze-srodkow-funduszu-prewencyjnego-powszechnego-zakladu-ubezpieczen-pzu-s-a-na-zakup-i-montaz-kamer-monitorujacych-wraz-z-oprzyrzadowaniem-niezbednym-do-ich-montazu\\\/\"]}]},{\"@type\":\"ImageObject\",\"inLanguage\":\"pl-PL\",\"@id\":\"https:\\\/\\\/czerwonagora.pl\\\/index.php\\\/dofinansowanie-ze-srodkow-funduszu-prewencyjnego-powszechnego-zakladu-ubezpieczen-pzu-s-a-na-zakup-i-montaz-kamer-monitorujacych-wraz-z-oprzyrzadowaniem-niezbednym-do-ich-montazu\\\/#primaryimage\",\"url\":\"https:\\\/\\\/czerwonagora.pl\\\/wp-content\\\/uploads\\\/2022\\\/03\\\/pzu.jpg\",\"contentUrl\":\"https:\\\/\\\/czerwonagora.pl\\\/wp-content\\\/uploads\\\/2022\\\/03\\\/pzu.jpg\",\"width\":351,\"height\":253},{\"@type\":\"BreadcrumbList\",\"@id\":\"https:\\\/\\\/czerwonagora.pl\\\/index.php\\\/dofinansowanie-ze-srodkow-funduszu-prewencyjnego-powszechnego-zakladu-ubezpieczen-pzu-s-a-na-zakup-i-montaz-kamer-monitorujacych-wraz-z-oprzyrzadowaniem-niezbednym-do-ich-montazu\\\/#breadcrumb\",\"itemListElement\":[{\"@type\":\"ListItem\",\"position\":1,\"name\":\"Strona g\u0142\u00f3wna\",\"item\":\"https:\\\/\\\/czerwonagora.pl\\\/\"},{\"@type\":\"ListItem\",\"position\":2,\"name\":\"Dofinansowanie ze \u015brodk\u00f3w Funduszu Prewencyjnego Powszechnego Zak\u0142adu Ubezpiecze\u0144 &#8211; PZU S. A. na zakup kamer termowizyjnej i inspekcyjnych do rur i kana\u0142\u00f3w oraz laserowego miernika temperatur\"}]},{\"@type\":\"WebSite\",\"@id\":\"https:\\\/\\\/czerwonagora.pl\\\/#website\",\"url\":\"https:\\\/\\\/czerwonagora.pl\\\/\",\"name\":\"Wojew\u00f3dzki Szpital Specjalistyczny im. \u015aw. Rafa\u0142a w Czerwonej G\u00f3rze\",\"description\":\"Wojew\u00f3dzki Szpital Specjalistyczny im. \u015aw. Rafa\u0142a w Czerwonej G\u00f3rze\",\"publisher\":{\"@id\":\"https:\\\/\\\/czerwonagora.pl\\\/#organization\"},\"potentialAction\":[{\"@type\":\"SearchAction\",\"target\":{\"@type\":\"EntryPoint\",\"urlTemplate\":\"https:\\\/\\\/czerwonagora.pl\\\/?s={search_term_string}\"},\"query-input\":{\"@type\":\"PropertyValueSpecification\",\"valueRequired\":true,\"valueName\":\"search_term_string\"}}],\"inLanguage\":\"pl-PL\"},{\"@type\":\"Organization\",\"@id\":\"https:\\\/\\\/czerwonagora.pl\\\/#organization\",\"name\":\"Wojew\u00f3dzki Szpital Specjalistyczny im. \u015aw. Rafa\u0142a w Czerwonej G\u00f3rze\",\"url\":\"https:\\\/\\\/czerwonagora.pl\\\/\",\"logo\":{\"@type\":\"ImageObject\",\"inLanguage\":\"pl-PL\",\"@id\":\"https:\\\/\\\/czerwonagora.pl\\\/#\\\/schema\\\/logo\\\/image\\\/\",\"url\":\"https:\\\/\\\/czerwonagora.pl\\\/wp-content\\\/uploads\\\/2021\\\/06\\\/Logo-WSS-DUZE-transparentne.png\",\"contentUrl\":\"https:\\\/\\\/czerwonagora.pl\\\/wp-content\\\/uploads\\\/2021\\\/06\\\/Logo-WSS-DUZE-transparentne.png\",\"width\":4210,\"height\":2975,\"caption\":\"Wojew\u00f3dzki Szpital Specjalistyczny im. \u015aw. Rafa\u0142a w Czerwonej G\u00f3rze\"},\"image\":{\"@id\":\"https:\\\/\\\/czerwonagora.pl\\\/#\\\/schema\\\/logo\\\/image\\\/\"},\"sameAs\":[\"https:\\\/\\\/www.facebook.com\\\/SzpitalCzerwonaGora\\\/\"]}]}<\/script>\n<!-- \/ Yoast SEO plugin. -->","yoast_head_json":{"title":"Dofinansowanie ze \u015brodk\u00f3w Funduszu Prewencyjnego Powszechnego Zak\u0142adu Ubezpiecze\u0144 - PZU S. A. na zakup kamer termowizyjnej i inspekcyjnych do rur i kana\u0142\u00f3w oraz laserowego miernika temperatur - Wojew\u00f3dzki Szpital Specjalistyczny im. \u015aw. Rafa\u0142a w Czerwonej G\u00f3rze","robots":{"index":"index","follow":"follow","max-snippet":"max-snippet:-1","max-image-preview":"max-image-preview:large","max-video-preview":"max-video-preview:-1"},"canonical":"https:\/\/czerwonagora.pl\/index.php\/dofinansowanie-ze-srodkow-funduszu-prewencyjnego-powszechnego-zakladu-ubezpieczen-pzu-s-a-na-zakup-i-montaz-kamer-monitorujacych-wraz-z-oprzyrzadowaniem-niezbednym-do-ich-montazu\/","og_locale":"pl_PL","og_type":"article","og_title":"Dofinansowanie ze \u015brodk\u00f3w Funduszu Prewencyjnego Powszechnego Zak\u0142adu Ubezpiecze\u0144 - PZU S. A. na zakup kamer termowizyjnej i inspekcyjnych do rur i kana\u0142\u00f3w oraz laserowego miernika temperatur - Wojew\u00f3dzki Szpital Specjalistyczny im. \u015aw. Rafa\u0142a w Czerwonej G\u00f3rze","og_description":"Dofinansowanie ze \u015brodk\u00f3w Funduszu Prewencyjnego Powszechnego Zak\u0142adu Ubezpiecze\u0144 \u2013 PZU S. A. na Zakup kamer termowizyjnej i inspekcyjnych do rur i kana\u0142\u00f3w oraz laserowego miernika temperatur Wojew\u00f3dzki Szpital Specjalistyczny im. \u015aw. Rafa\u0142a w Czerwonej G\u00f3rze w trosce o bezpiecze\u0144stwo pracownik\u00f3w i pacjent\u00f3w zrealizowa\u0142 zadanie prewencyjne polegaj\u0105ce na: \u201eZakupie kamer termowizyjnej i inspekcyjnych do rur i [&hellip;]","og_url":"https:\/\/czerwonagora.pl\/index.php\/dofinansowanie-ze-srodkow-funduszu-prewencyjnego-powszechnego-zakladu-ubezpieczen-pzu-s-a-na-zakup-i-montaz-kamer-monitorujacych-wraz-z-oprzyrzadowaniem-niezbednym-do-ich-montazu\/","og_site_name":"Wojew\u00f3dzki Szpital Specjalistyczny im. \u015aw. Rafa\u0142a w Czerwonej G\u00f3rze","article_publisher":"https:\/\/www.facebook.com\/SzpitalCzerwonaGora\/","article_modified_time":"2024-12-05T12:36:53+00:00","og_image":[{"url":"https:\/\/czerwonagora.pl\/wp-content\/uploads\/2022\/03\/pzu-300x216.jpg","type":"","width":"","height":""}],"twitter_card":"summary_large_image","twitter_misc":{"Szacowany czas czytania":"1 minuta"},"schema":{"@context":"https:\/\/schema.org","@graph":[{"@type":"WebPage","@id":"https:\/\/czerwonagora.pl\/index.php\/dofinansowanie-ze-srodkow-funduszu-prewencyjnego-powszechnego-zakladu-ubezpieczen-pzu-s-a-na-zakup-i-montaz-kamer-monitorujacych-wraz-z-oprzyrzadowaniem-niezbednym-do-ich-montazu\/","url":"https:\/\/czerwonagora.pl\/index.php\/dofinansowanie-ze-srodkow-funduszu-prewencyjnego-powszechnego-zakladu-ubezpieczen-pzu-s-a-na-zakup-i-montaz-kamer-monitorujacych-wraz-z-oprzyrzadowaniem-niezbednym-do-ich-montazu\/","name":"Dofinansowanie ze \u015brodk\u00f3w Funduszu Prewencyjnego Powszechnego Zak\u0142adu Ubezpiecze\u0144 - PZU S. A. na zakup kamer termowizyjnej i inspekcyjnych do rur i kana\u0142\u00f3w oraz laserowego miernika temperatur - Wojew\u00f3dzki Szpital Specjalistyczny im. \u015aw. Rafa\u0142a w Czerwonej G\u00f3rze","isPartOf":{"@id":"https:\/\/czerwonagora.pl\/#website"},"primaryImageOfPage":{"@id":"https:\/\/czerwonagora.pl\/index.php\/dofinansowanie-ze-srodkow-funduszu-prewencyjnego-powszechnego-zakladu-ubezpieczen-pzu-s-a-na-zakup-i-montaz-kamer-monitorujacych-wraz-z-oprzyrzadowaniem-niezbednym-do-ich-montazu\/#primaryimage"},"image":{"@id":"https:\/\/czerwonagora.pl\/index.php\/dofinansowanie-ze-srodkow-funduszu-prewencyjnego-powszechnego-zakladu-ubezpieczen-pzu-s-a-na-zakup-i-montaz-kamer-monitorujacych-wraz-z-oprzyrzadowaniem-niezbednym-do-ich-montazu\/#primaryimage"},"thumbnailUrl":"https:\/\/czerwonagora.pl\/wp-content\/uploads\/2022\/03\/pzu-300x216.jpg","datePublished":"2022-03-25T09:14:43+00:00","dateModified":"2024-12-05T12:36:53+00:00","breadcrumb":{"@id":"https:\/\/czerwonagora.pl\/index.php\/dofinansowanie-ze-srodkow-funduszu-prewencyjnego-powszechnego-zakladu-ubezpieczen-pzu-s-a-na-zakup-i-montaz-kamer-monitorujacych-wraz-z-oprzyrzadowaniem-niezbednym-do-ich-montazu\/#breadcrumb"},"inLanguage":"pl-PL","potentialAction":[{"@type":"ReadAction","target":["https:\/\/czerwonagora.pl\/index.php\/dofinansowanie-ze-srodkow-funduszu-prewencyjnego-powszechnego-zakladu-ubezpieczen-pzu-s-a-na-zakup-i-montaz-kamer-monitorujacych-wraz-z-oprzyrzadowaniem-niezbednym-do-ich-montazu\/"]}]},{"@type":"ImageObject","inLanguage":"pl-PL","@id":"https:\/\/czerwonagora.pl\/index.php\/dofinansowanie-ze-srodkow-funduszu-prewencyjnego-powszechnego-zakladu-ubezpieczen-pzu-s-a-na-zakup-i-montaz-kamer-monitorujacych-wraz-z-oprzyrzadowaniem-niezbednym-do-ich-montazu\/#primaryimage","url":"https:\/\/czerwonagora.pl\/wp-content\/uploads\/2022\/03\/pzu.jpg","contentUrl":"https:\/\/czerwonagora.pl\/wp-content\/uploads\/2022\/03\/pzu.jpg","width":351,"height":253},{"@type":"BreadcrumbList","@id":"https:\/\/czerwonagora.pl\/index.php\/dofinansowanie-ze-srodkow-funduszu-prewencyjnego-powszechnego-zakladu-ubezpieczen-pzu-s-a-na-zakup-i-montaz-kamer-monitorujacych-wraz-z-oprzyrzadowaniem-niezbednym-do-ich-montazu\/#breadcrumb","itemListElement":[{"@type":"ListItem","position":1,"name":"Strona g\u0142\u00f3wna","item":"https:\/\/czerwonagora.pl\/"},{"@type":"ListItem","position":2,"name":"Dofinansowanie ze \u015brodk\u00f3w Funduszu Prewencyjnego Powszechnego Zak\u0142adu Ubezpiecze\u0144 &#8211; PZU S. A. na zakup kamer termowizyjnej i inspekcyjnych do rur i kana\u0142\u00f3w oraz laserowego miernika temperatur"}]},{"@type":"WebSite","@id":"https:\/\/czerwonagora.pl\/#website","url":"https:\/\/czerwonagora.pl\/","name":"Wojew\u00f3dzki Szpital Specjalistyczny im. \u015aw. Rafa\u0142a w Czerwonej G\u00f3rze","description":"Wojew\u00f3dzki Szpital Specjalistyczny im. \u015aw. Rafa\u0142a w Czerwonej G\u00f3rze","publisher":{"@id":"https:\/\/czerwonagora.pl\/#organization"},"potentialAction":[{"@type":"SearchAction","target":{"@type":"EntryPoint","urlTemplate":"https:\/\/czerwonagora.pl\/?s={search_term_string}"},"query-input":{"@type":"PropertyValueSpecification","valueRequired":true,"valueName":"search_term_string"}}],"inLanguage":"pl-PL"},{"@type":"Organization","@id":"https:\/\/czerwonagora.pl\/#organization","name":"Wojew\u00f3dzki Szpital Specjalistyczny im. \u015aw. Rafa\u0142a w Czerwonej G\u00f3rze","url":"https:\/\/czerwonagora.pl\/","logo":{"@type":"ImageObject","inLanguage":"pl-PL","@id":"https:\/\/czerwonagora.pl\/#\/schema\/logo\/image\/","url":"https:\/\/czerwonagora.pl\/wp-content\/uploads\/2021\/06\/Logo-WSS-DUZE-transparentne.png","contentUrl":"https:\/\/czerwonagora.pl\/wp-content\/uploads\/2021\/06\/Logo-WSS-DUZE-transparentne.png","width":4210,"height":2975,"caption":"Wojew\u00f3dzki Szpital Specjalistyczny im. \u015aw. Rafa\u0142a w Czerwonej G\u00f3rze"},"image":{"@id":"https:\/\/czerwonagora.pl\/#\/schema\/logo\/image\/"},"sameAs":["https:\/\/www.facebook.com\/SzpitalCzerwonaGora\/"]}]}},"publishpress_future_action":{"enabled":false,"date":"2026-04-16 23:32:23","action":"change-status","newStatus":"draft","terms":[],"taxonomy":"","extraData":[]},"publishpress_future_workflow_manual_trigger":{"enabledWorkflows":[]},"_links":{"self":[{"href":"https:\/\/czerwonagora.pl\/index.php\/wp-json\/wp\/v2\/pages\/16563","targetHints":{"allow":["GET"]}}],"collection":[{"href":"https:\/\/czerwonagora.pl\/index.php\/wp-json\/wp\/v2\/pages"}],"about":[{"href":"https:\/\/czerwonagora.pl\/index.php\/wp-json\/wp\/v2\/types\/page"}],"author":[{"embeddable":true,"href":"https:\/\/czerwonagora.pl\/index.php\/wp-json\/wp\/v2\/users\/4"}],"replies":[{"embeddable":true,"href":"https:\/\/czerwonagora.pl\/index.php\/wp-json\/wp\/v2\/comments?post=16563"}],"version-history":[{"count":17,"href":"https:\/\/czerwonagora.pl\/index.php\/wp-json\/wp\/v2\/pages\/16563\/revisions"}],"predecessor-version":[{"id":25540,"href":"https:\/\/czerwonagora.pl\/index.php\/wp-json\/wp\/v2\/pages\/16563\/revisions\/25540"}],"wp:attachment":[{"href":"https:\/\/czerwonagora.pl\/index.php\/wp-json\/wp\/v2\/media?parent=16563"}],"curies":[{"name":"wp","href":"https:\/\/api.w.org\/{rel}","templated":true}]}}