{"id":16579,"date":"2022-03-25T10:27:36","date_gmt":"2022-03-25T09:27:36","guid":{"rendered":"https:\/\/czerwonagora.pl\/?page_id=16579"},"modified":"2022-03-25T11:03:54","modified_gmt":"2022-03-25T10:03:54","slug":"dofinansowanie-ze-skarbu-panstwa-ministerstwo-zdrowia-na-realizacje-narodowej-strategii-onkologicznej-w-zakresie-zadania-pn-zakup-sprzetu-do-diagnostyki-i-leczenia-raka-pluca","status":"publish","type":"page","link":"https:\/\/czerwonagora.pl\/index.php\/dofinansowanie-ze-skarbu-panstwa-ministerstwo-zdrowia-na-realizacje-narodowej-strategii-onkologicznej-w-zakresie-zadania-pn-zakup-sprzetu-do-diagnostyki-i-leczenia-raka-pluca\/","title":{"rendered":"Dofinansowanie ze Skarbu Pa\u0144stwa &#8211; Ministerstwo Zdrowia na realizacj\u0119 Narodowej Strategii Onkologicznej w zakresie zadania pn.: &#8222;Zakup sprz\u0119tu do diagnostyki i leczenia raka p\u0142uca&#8221;."},"content":{"rendered":"\t\t<div data-elementor-type=\"wp-page\" data-elementor-id=\"16579\" class=\"elementor elementor-16579\">\n\t\t\t\t\t\t<section class=\"elementor-section elementor-top-section elementor-element elementor-element-128a857 elementor-section-stretched elementor-section-boxed elementor-section-height-default elementor-section-height-default\" data-id=\"128a857\" data-element_type=\"section\" data-e-type=\"section\" data-settings=\"{&quot;stretch_section&quot;:&quot;section-stretched&quot;}\">\n\t\t\t\t\t\t<div class=\"elementor-container elementor-column-gap-default\">\n\t\t\t\t\t<div class=\"elementor-column elementor-col-100 elementor-top-column elementor-element elementor-element-3cd43e38\" data-id=\"3cd43e38\" data-element_type=\"column\" data-e-type=\"column\">\n\t\t\t<div class=\"elementor-widget-wrap elementor-element-populated\">\n\t\t\t\t\t\t<section class=\"elementor-section elementor-inner-section elementor-element elementor-element-bebe62e elementor-section-boxed elementor-section-height-default elementor-section-height-default\" data-id=\"bebe62e\" data-element_type=\"section\" data-e-type=\"section\">\n\t\t\t\t\t\t<div class=\"elementor-container elementor-column-gap-default\">\n\t\t\t\t\t<div class=\"elementor-column elementor-col-50 elementor-inner-column elementor-element elementor-element-c6ba322\" data-id=\"c6ba322\" data-element_type=\"column\" data-e-type=\"column\">\n\t\t\t<div class=\"elementor-widget-wrap elementor-element-populated\">\n\t\t\t\t\t\t<div class=\"elementor-element elementor-element-a9ea936 elementor-widget elementor-widget-image\" data-id=\"a9ea936\" data-element_type=\"widget\" data-e-type=\"widget\" data-widget_type=\"image.default\">\n\t\t\t\t<div class=\"elementor-widget-container\">\n\t\t\t\t\t\t\t\t\t\t\t\t\t\t\t<img fetchpriority=\"high\" decoding=\"async\" width=\"1024\" height=\"459\" src=\"https:\/\/czerwonagora.pl\/wp-content\/uploads\/2022\/03\/pluca.jpg\" class=\"attachment-large size-large wp-image-16582\" alt=\"\" srcset=\"https:\/\/czerwonagora.pl\/wp-content\/uploads\/2022\/03\/pluca.jpg 1024w, https:\/\/czerwonagora.pl\/wp-content\/uploads\/2022\/03\/pluca-300x134.jpg 300w, https:\/\/czerwonagora.pl\/wp-content\/uploads\/2022\/03\/pluca-768x344.jpg 768w\" sizes=\"(max-width: 1024px) 100vw, 1024px\" \/>\t\t\t\t\t\t\t\t\t\t\t\t\t\t\t<\/div>\n\t\t\t\t<\/div>\n\t\t\t\t\t<\/div>\n\t\t<\/div>\n\t\t\t\t<div class=\"elementor-column elementor-col-50 elementor-inner-column elementor-element elementor-element-026b24f\" data-id=\"026b24f\" data-element_type=\"column\" data-e-type=\"column\">\n\t\t\t<div class=\"elementor-widget-wrap elementor-element-populated\">\n\t\t\t\t\t\t<div class=\"elementor-element elementor-element-e43b3e0 elementor-widget elementor-widget-text-editor\" data-id=\"e43b3e0\" data-element_type=\"widget\" data-e-type=\"widget\" data-widget_type=\"text-editor.default\">\n\t\t\t\t<div class=\"elementor-widget-container\">\n\t\t\t\t\t\t\t\t\t<p><strong>Dofinansowanie ze Skarbu Pa\u0144stwa &#8211; Ministerstwo Zdrowia na realizacj\u0119 Narodowej Strategii Onkologicznej w zakresie zadania pn.: &#8222;Zakup sprz\u0119tu do diagnostyki i leczenia raka p\u0142uca&#8221;.<\/strong><\/p>\t\t\t\t\t\t\t\t<\/div>\n\t\t\t\t<\/div>\n\t\t\t\t\t<\/div>\n\t\t<\/div>\n\t\t\t\t\t<\/div>\n\t\t<\/section>\n\t\t\t\t<div class=\"elementor-element elementor-element-6e6a0c6c elementor-drop-cap-yes elementor-drop-cap-view-default elementor-widget elementor-widget-text-editor\" data-id=\"6e6a0c6c\" data-element_type=\"widget\" data-e-type=\"widget\" data-settings=\"{&quot;drop_cap&quot;:&quot;yes&quot;}\" data-widget_type=\"text-editor.default\">\n\t\t\t\t<div class=\"elementor-widget-container\">\n\t\t\t\t\t\t\t\t\t<p>Wojew\u00f3dzki Szpital Specjalistyczny im. \u015aw. Rafa\u0142a w Czerwonej G\u00f3rze informuje, \u017ce otrzyma\u0142 w 2021 roku dofinansowanie ze Skarbu Pa\u0144stwa \u2013 Ministerstwa Zdrowia na realizacj\u0119 Narodowej Strategii Onkologicznej w zakresie zadania pn.: <b>\u201eZakup sprz\u0119tu do diagnostyki i leczenia raka p\u0142uca\u201d<\/b> w wysoko\u015bci 1&nbsp;350&nbsp;000,00 PLN. Ca\u0142kowity koszt zadania to niemal 1&nbsp;394&nbsp;435,64 PLN.<\/p>\n<p>Celem realizacji tego projektu jest poprawa warunk\u00f3w diagnostyki i leczenia raka p\u0142uca poprzez unowocze\u015bnienie, zar\u00f3wno aparatury medycznej i pracowni diagnostycznych, jak r\u00f3wnie\u017c warunk\u00f3w i metod leczenia, w tym zakup nowoczesnego sprz\u0119tu wykorzystywanego do diagnostyki i leczenia raka p\u0142uca.<\/p>\n<p>Dzi\u0119kujemy Ministerstwu Zdrowia za powy\u017csze wsparcie, kt\u00f3re jest bardzo wa\u017cne dla naszego Szpitala.<\/p>\t\t\t\t\t\t\t\t<\/div>\n\t\t\t\t<\/div>\n\t\t\t\t\t<\/div>\n\t\t<\/div>\n\t\t\t\t\t<\/div>\n\t\t<\/section>\n\t\t\t\t<\/div>\n\t\t","protected":false},"excerpt":{"rendered":"<p>Dofinansowanie ze Skarbu Pa\u0144stwa &#8211; Ministerstwo Zdrowia na realizacj\u0119 Narodowej Strategii Onkologicznej w zakresie zadania pn.: &#8222;Zakup sprz\u0119tu do diagnostyki i leczenia raka p\u0142uca&#8221;. Wojew\u00f3dzki Szpital Specjalistyczny im. \u015aw. Rafa\u0142a w Czerwonej G\u00f3rze informuje, \u017ce otrzyma\u0142 w 2021 roku dofinansowanie ze Skarbu Pa\u0144stwa \u2013 Ministerstwa Zdrowia na realizacj\u0119 Narodowej Strategii Onkologicznej w zakresie zadania pn.: [&hellip;]<\/p>\n","protected":false},"author":4,"featured_media":0,"parent":0,"menu_order":0,"comment_status":"closed","ping_status":"closed","template":"","meta":{"zakra_page_container_layout":"customizer","zakra_page_sidebar_layout":"customizer","zakra_remove_content_margin":false,"zakra_sidebar":"customizer","zakra_transparent_header":"customizer","zakra_logo":0,"zakra_main_header_style":"default","zakra_menu_item_color":"","zakra_menu_item_hover_color":"","zakra_menu_item_active_color":"","zakra_menu_active_style":"","zakra_page_header":true,"footnotes":""},"class_list":["post-16579","page","type-page","status-publish","hentry"],"yoast_head":"<!-- This site is optimized with the Yoast SEO plugin v27.3 - https:\/\/yoast.com\/product\/yoast-seo-wordpress\/ -->\n<title>Dofinansowanie ze Skarbu Pa\u0144stwa - Ministerstwo Zdrowia na realizacj\u0119 Narodowej Strategii Onkologicznej w zakresie zadania pn.: &quot;Zakup sprz\u0119tu do diagnostyki i leczenia raka p\u0142uca&quot;. - Wojew\u00f3dzki Szpital Specjalistyczny im. \u015aw. Rafa\u0142a w Czerwonej G\u00f3rze<\/title>\n<meta name=\"robots\" content=\"index, follow, max-snippet:-1, max-image-preview:large, max-video-preview:-1\" \/>\n<link rel=\"canonical\" href=\"https:\/\/czerwonagora.pl\/index.php\/dofinansowanie-ze-skarbu-panstwa-ministerstwo-zdrowia-na-realizacje-narodowej-strategii-onkologicznej-w-zakresie-zadania-pn-zakup-sprzetu-do-diagnostyki-i-leczenia-raka-pluca\/\" \/>\n<meta property=\"og:locale\" content=\"pl_PL\" \/>\n<meta property=\"og:type\" content=\"article\" \/>\n<meta property=\"og:title\" content=\"Dofinansowanie ze Skarbu Pa\u0144stwa - Ministerstwo Zdrowia na realizacj\u0119 Narodowej Strategii Onkologicznej w zakresie zadania pn.: &quot;Zakup sprz\u0119tu do diagnostyki i leczenia raka p\u0142uca&quot;. - Wojew\u00f3dzki Szpital Specjalistyczny im. \u015aw. Rafa\u0142a w Czerwonej G\u00f3rze\" \/>\n<meta property=\"og:description\" content=\"Dofinansowanie ze Skarbu Pa\u0144stwa &#8211; Ministerstwo Zdrowia na realizacj\u0119 Narodowej Strategii Onkologicznej w zakresie zadania pn.: &#8222;Zakup sprz\u0119tu do diagnostyki i leczenia raka p\u0142uca&#8221;. Wojew\u00f3dzki Szpital Specjalistyczny im. \u015aw. Rafa\u0142a w Czerwonej G\u00f3rze informuje, \u017ce otrzyma\u0142 w 2021 roku dofinansowanie ze Skarbu Pa\u0144stwa \u2013 Ministerstwa Zdrowia na realizacj\u0119 Narodowej Strategii Onkologicznej w zakresie zadania pn.: [&hellip;]\" \/>\n<meta property=\"og:url\" content=\"https:\/\/czerwonagora.pl\/index.php\/dofinansowanie-ze-skarbu-panstwa-ministerstwo-zdrowia-na-realizacje-narodowej-strategii-onkologicznej-w-zakresie-zadania-pn-zakup-sprzetu-do-diagnostyki-i-leczenia-raka-pluca\/\" \/>\n<meta property=\"og:site_name\" content=\"Wojew\u00f3dzki Szpital Specjalistyczny im. \u015aw. Rafa\u0142a w Czerwonej G\u00f3rze\" \/>\n<meta property=\"article:publisher\" content=\"https:\/\/www.facebook.com\/SzpitalCzerwonaGora\/\" \/>\n<meta property=\"article:modified_time\" content=\"2022-03-25T10:03:54+00:00\" \/>\n<meta property=\"og:image\" content=\"https:\/\/czerwonagora.pl\/wp-content\/uploads\/2022\/03\/pluca.jpg\" \/>\n<meta name=\"twitter:card\" content=\"summary_large_image\" \/>\n<meta name=\"twitter:label1\" content=\"Szacowany czas czytania\" \/>\n\t<meta name=\"twitter:data1\" content=\"1 minuta\" \/>\n<script type=\"application\/ld+json\" class=\"yoast-schema-graph\">{\"@context\":\"https:\\\/\\\/schema.org\",\"@graph\":[{\"@type\":\"WebPage\",\"@id\":\"https:\\\/\\\/czerwonagora.pl\\\/index.php\\\/dofinansowanie-ze-skarbu-panstwa-ministerstwo-zdrowia-na-realizacje-narodowej-strategii-onkologicznej-w-zakresie-zadania-pn-zakup-sprzetu-do-diagnostyki-i-leczenia-raka-pluca\\\/\",\"url\":\"https:\\\/\\\/czerwonagora.pl\\\/index.php\\\/dofinansowanie-ze-skarbu-panstwa-ministerstwo-zdrowia-na-realizacje-narodowej-strategii-onkologicznej-w-zakresie-zadania-pn-zakup-sprzetu-do-diagnostyki-i-leczenia-raka-pluca\\\/\",\"name\":\"Dofinansowanie ze Skarbu Pa\u0144stwa - Ministerstwo Zdrowia na realizacj\u0119 Narodowej Strategii Onkologicznej w zakresie zadania pn.: \\\"Zakup sprz\u0119tu do diagnostyki i leczenia raka p\u0142uca\\\". - Wojew\u00f3dzki Szpital Specjalistyczny im. \u015aw. Rafa\u0142a w Czerwonej G\u00f3rze\",\"isPartOf\":{\"@id\":\"https:\\\/\\\/czerwonagora.pl\\\/#website\"},\"primaryImageOfPage\":{\"@id\":\"https:\\\/\\\/czerwonagora.pl\\\/index.php\\\/dofinansowanie-ze-skarbu-panstwa-ministerstwo-zdrowia-na-realizacje-narodowej-strategii-onkologicznej-w-zakresie-zadania-pn-zakup-sprzetu-do-diagnostyki-i-leczenia-raka-pluca\\\/#primaryimage\"},\"image\":{\"@id\":\"https:\\\/\\\/czerwonagora.pl\\\/index.php\\\/dofinansowanie-ze-skarbu-panstwa-ministerstwo-zdrowia-na-realizacje-narodowej-strategii-onkologicznej-w-zakresie-zadania-pn-zakup-sprzetu-do-diagnostyki-i-leczenia-raka-pluca\\\/#primaryimage\"},\"thumbnailUrl\":\"https:\\\/\\\/czerwonagora.pl\\\/wp-content\\\/uploads\\\/2022\\\/03\\\/pluca.jpg\",\"datePublished\":\"2022-03-25T09:27:36+00:00\",\"dateModified\":\"2022-03-25T10:03:54+00:00\",\"breadcrumb\":{\"@id\":\"https:\\\/\\\/czerwonagora.pl\\\/index.php\\\/dofinansowanie-ze-skarbu-panstwa-ministerstwo-zdrowia-na-realizacje-narodowej-strategii-onkologicznej-w-zakresie-zadania-pn-zakup-sprzetu-do-diagnostyki-i-leczenia-raka-pluca\\\/#breadcrumb\"},\"inLanguage\":\"pl-PL\",\"potentialAction\":[{\"@type\":\"ReadAction\",\"target\":[\"https:\\\/\\\/czerwonagora.pl\\\/index.php\\\/dofinansowanie-ze-skarbu-panstwa-ministerstwo-zdrowia-na-realizacje-narodowej-strategii-onkologicznej-w-zakresie-zadania-pn-zakup-sprzetu-do-diagnostyki-i-leczenia-raka-pluca\\\/\"]}]},{\"@type\":\"ImageObject\",\"inLanguage\":\"pl-PL\",\"@id\":\"https:\\\/\\\/czerwonagora.pl\\\/index.php\\\/dofinansowanie-ze-skarbu-panstwa-ministerstwo-zdrowia-na-realizacje-narodowej-strategii-onkologicznej-w-zakresie-zadania-pn-zakup-sprzetu-do-diagnostyki-i-leczenia-raka-pluca\\\/#primaryimage\",\"url\":\"https:\\\/\\\/czerwonagora.pl\\\/wp-content\\\/uploads\\\/2022\\\/03\\\/pluca.jpg\",\"contentUrl\":\"https:\\\/\\\/czerwonagora.pl\\\/wp-content\\\/uploads\\\/2022\\\/03\\\/pluca.jpg\",\"width\":1024,\"height\":459},{\"@type\":\"BreadcrumbList\",\"@id\":\"https:\\\/\\\/czerwonagora.pl\\\/index.php\\\/dofinansowanie-ze-skarbu-panstwa-ministerstwo-zdrowia-na-realizacje-narodowej-strategii-onkologicznej-w-zakresie-zadania-pn-zakup-sprzetu-do-diagnostyki-i-leczenia-raka-pluca\\\/#breadcrumb\",\"itemListElement\":[{\"@type\":\"ListItem\",\"position\":1,\"name\":\"Strona g\u0142\u00f3wna\",\"item\":\"https:\\\/\\\/czerwonagora.pl\\\/\"},{\"@type\":\"ListItem\",\"position\":2,\"name\":\"Dofinansowanie ze Skarbu Pa\u0144stwa &#8211; Ministerstwo Zdrowia na realizacj\u0119 Narodowej Strategii Onkologicznej w zakresie zadania pn.: &#8222;Zakup sprz\u0119tu do diagnostyki i leczenia raka p\u0142uca&#8221;.\"}]},{\"@type\":\"WebSite\",\"@id\":\"https:\\\/\\\/czerwonagora.pl\\\/#website\",\"url\":\"https:\\\/\\\/czerwonagora.pl\\\/\",\"name\":\"Wojew\u00f3dzki Szpital Specjalistyczny im. \u015aw. Rafa\u0142a w Czerwonej G\u00f3rze\",\"description\":\"Wojew\u00f3dzki Szpital Specjalistyczny im. \u015aw. Rafa\u0142a w Czerwonej G\u00f3rze\",\"publisher\":{\"@id\":\"https:\\\/\\\/czerwonagora.pl\\\/#organization\"},\"potentialAction\":[{\"@type\":\"SearchAction\",\"target\":{\"@type\":\"EntryPoint\",\"urlTemplate\":\"https:\\\/\\\/czerwonagora.pl\\\/?s={search_term_string}\"},\"query-input\":{\"@type\":\"PropertyValueSpecification\",\"valueRequired\":true,\"valueName\":\"search_term_string\"}}],\"inLanguage\":\"pl-PL\"},{\"@type\":\"Organization\",\"@id\":\"https:\\\/\\\/czerwonagora.pl\\\/#organization\",\"name\":\"Wojew\u00f3dzki Szpital Specjalistyczny im. \u015aw. Rafa\u0142a w Czerwonej G\u00f3rze\",\"url\":\"https:\\\/\\\/czerwonagora.pl\\\/\",\"logo\":{\"@type\":\"ImageObject\",\"inLanguage\":\"pl-PL\",\"@id\":\"https:\\\/\\\/czerwonagora.pl\\\/#\\\/schema\\\/logo\\\/image\\\/\",\"url\":\"https:\\\/\\\/czerwonagora.pl\\\/wp-content\\\/uploads\\\/2021\\\/06\\\/Logo-WSS-DUZE-transparentne.png\",\"contentUrl\":\"https:\\\/\\\/czerwonagora.pl\\\/wp-content\\\/uploads\\\/2021\\\/06\\\/Logo-WSS-DUZE-transparentne.png\",\"width\":4210,\"height\":2975,\"caption\":\"Wojew\u00f3dzki Szpital Specjalistyczny im. \u015aw. Rafa\u0142a w Czerwonej G\u00f3rze\"},\"image\":{\"@id\":\"https:\\\/\\\/czerwonagora.pl\\\/#\\\/schema\\\/logo\\\/image\\\/\"},\"sameAs\":[\"https:\\\/\\\/www.facebook.com\\\/SzpitalCzerwonaGora\\\/\"]}]}<\/script>\n<!-- \/ Yoast SEO plugin. -->","yoast_head_json":{"title":"Dofinansowanie ze Skarbu Pa\u0144stwa - Ministerstwo Zdrowia na realizacj\u0119 Narodowej Strategii Onkologicznej w zakresie zadania pn.: \"Zakup sprz\u0119tu do diagnostyki i leczenia raka p\u0142uca\". - Wojew\u00f3dzki Szpital Specjalistyczny im. \u015aw. Rafa\u0142a w Czerwonej G\u00f3rze","robots":{"index":"index","follow":"follow","max-snippet":"max-snippet:-1","max-image-preview":"max-image-preview:large","max-video-preview":"max-video-preview:-1"},"canonical":"https:\/\/czerwonagora.pl\/index.php\/dofinansowanie-ze-skarbu-panstwa-ministerstwo-zdrowia-na-realizacje-narodowej-strategii-onkologicznej-w-zakresie-zadania-pn-zakup-sprzetu-do-diagnostyki-i-leczenia-raka-pluca\/","og_locale":"pl_PL","og_type":"article","og_title":"Dofinansowanie ze Skarbu Pa\u0144stwa - Ministerstwo Zdrowia na realizacj\u0119 Narodowej Strategii Onkologicznej w zakresie zadania pn.: \"Zakup sprz\u0119tu do diagnostyki i leczenia raka p\u0142uca\". - Wojew\u00f3dzki Szpital Specjalistyczny im. \u015aw. Rafa\u0142a w Czerwonej G\u00f3rze","og_description":"Dofinansowanie ze Skarbu Pa\u0144stwa &#8211; Ministerstwo Zdrowia na realizacj\u0119 Narodowej Strategii Onkologicznej w zakresie zadania pn.: &#8222;Zakup sprz\u0119tu do diagnostyki i leczenia raka p\u0142uca&#8221;. Wojew\u00f3dzki Szpital Specjalistyczny im. \u015aw. Rafa\u0142a w Czerwonej G\u00f3rze informuje, \u017ce otrzyma\u0142 w 2021 roku dofinansowanie ze Skarbu Pa\u0144stwa \u2013 Ministerstwa Zdrowia na realizacj\u0119 Narodowej Strategii Onkologicznej w zakresie zadania pn.: [&hellip;]","og_url":"https:\/\/czerwonagora.pl\/index.php\/dofinansowanie-ze-skarbu-panstwa-ministerstwo-zdrowia-na-realizacje-narodowej-strategii-onkologicznej-w-zakresie-zadania-pn-zakup-sprzetu-do-diagnostyki-i-leczenia-raka-pluca\/","og_site_name":"Wojew\u00f3dzki Szpital Specjalistyczny im. \u015aw. Rafa\u0142a w Czerwonej G\u00f3rze","article_publisher":"https:\/\/www.facebook.com\/SzpitalCzerwonaGora\/","article_modified_time":"2022-03-25T10:03:54+00:00","og_image":[{"url":"https:\/\/czerwonagora.pl\/wp-content\/uploads\/2022\/03\/pluca.jpg","type":"","width":"","height":""}],"twitter_card":"summary_large_image","twitter_misc":{"Szacowany czas czytania":"1 minuta"},"schema":{"@context":"https:\/\/schema.org","@graph":[{"@type":"WebPage","@id":"https:\/\/czerwonagora.pl\/index.php\/dofinansowanie-ze-skarbu-panstwa-ministerstwo-zdrowia-na-realizacje-narodowej-strategii-onkologicznej-w-zakresie-zadania-pn-zakup-sprzetu-do-diagnostyki-i-leczenia-raka-pluca\/","url":"https:\/\/czerwonagora.pl\/index.php\/dofinansowanie-ze-skarbu-panstwa-ministerstwo-zdrowia-na-realizacje-narodowej-strategii-onkologicznej-w-zakresie-zadania-pn-zakup-sprzetu-do-diagnostyki-i-leczenia-raka-pluca\/","name":"Dofinansowanie ze Skarbu Pa\u0144stwa - Ministerstwo Zdrowia na realizacj\u0119 Narodowej Strategii Onkologicznej w zakresie zadania pn.: \"Zakup sprz\u0119tu do diagnostyki i leczenia raka p\u0142uca\". - Wojew\u00f3dzki Szpital Specjalistyczny im. \u015aw. Rafa\u0142a w Czerwonej G\u00f3rze","isPartOf":{"@id":"https:\/\/czerwonagora.pl\/#website"},"primaryImageOfPage":{"@id":"https:\/\/czerwonagora.pl\/index.php\/dofinansowanie-ze-skarbu-panstwa-ministerstwo-zdrowia-na-realizacje-narodowej-strategii-onkologicznej-w-zakresie-zadania-pn-zakup-sprzetu-do-diagnostyki-i-leczenia-raka-pluca\/#primaryimage"},"image":{"@id":"https:\/\/czerwonagora.pl\/index.php\/dofinansowanie-ze-skarbu-panstwa-ministerstwo-zdrowia-na-realizacje-narodowej-strategii-onkologicznej-w-zakresie-zadania-pn-zakup-sprzetu-do-diagnostyki-i-leczenia-raka-pluca\/#primaryimage"},"thumbnailUrl":"https:\/\/czerwonagora.pl\/wp-content\/uploads\/2022\/03\/pluca.jpg","datePublished":"2022-03-25T09:27:36+00:00","dateModified":"2022-03-25T10:03:54+00:00","breadcrumb":{"@id":"https:\/\/czerwonagora.pl\/index.php\/dofinansowanie-ze-skarbu-panstwa-ministerstwo-zdrowia-na-realizacje-narodowej-strategii-onkologicznej-w-zakresie-zadania-pn-zakup-sprzetu-do-diagnostyki-i-leczenia-raka-pluca\/#breadcrumb"},"inLanguage":"pl-PL","potentialAction":[{"@type":"ReadAction","target":["https:\/\/czerwonagora.pl\/index.php\/dofinansowanie-ze-skarbu-panstwa-ministerstwo-zdrowia-na-realizacje-narodowej-strategii-onkologicznej-w-zakresie-zadania-pn-zakup-sprzetu-do-diagnostyki-i-leczenia-raka-pluca\/"]}]},{"@type":"ImageObject","inLanguage":"pl-PL","@id":"https:\/\/czerwonagora.pl\/index.php\/dofinansowanie-ze-skarbu-panstwa-ministerstwo-zdrowia-na-realizacje-narodowej-strategii-onkologicznej-w-zakresie-zadania-pn-zakup-sprzetu-do-diagnostyki-i-leczenia-raka-pluca\/#primaryimage","url":"https:\/\/czerwonagora.pl\/wp-content\/uploads\/2022\/03\/pluca.jpg","contentUrl":"https:\/\/czerwonagora.pl\/wp-content\/uploads\/2022\/03\/pluca.jpg","width":1024,"height":459},{"@type":"BreadcrumbList","@id":"https:\/\/czerwonagora.pl\/index.php\/dofinansowanie-ze-skarbu-panstwa-ministerstwo-zdrowia-na-realizacje-narodowej-strategii-onkologicznej-w-zakresie-zadania-pn-zakup-sprzetu-do-diagnostyki-i-leczenia-raka-pluca\/#breadcrumb","itemListElement":[{"@type":"ListItem","position":1,"name":"Strona g\u0142\u00f3wna","item":"https:\/\/czerwonagora.pl\/"},{"@type":"ListItem","position":2,"name":"Dofinansowanie ze Skarbu Pa\u0144stwa &#8211; Ministerstwo Zdrowia na realizacj\u0119 Narodowej Strategii Onkologicznej w zakresie zadania pn.: &#8222;Zakup sprz\u0119tu do diagnostyki i leczenia raka p\u0142uca&#8221;."}]},{"@type":"WebSite","@id":"https:\/\/czerwonagora.pl\/#website","url":"https:\/\/czerwonagora.pl\/","name":"Wojew\u00f3dzki Szpital Specjalistyczny im. \u015aw. Rafa\u0142a w Czerwonej G\u00f3rze","description":"Wojew\u00f3dzki Szpital Specjalistyczny im. \u015aw. Rafa\u0142a w Czerwonej G\u00f3rze","publisher":{"@id":"https:\/\/czerwonagora.pl\/#organization"},"potentialAction":[{"@type":"SearchAction","target":{"@type":"EntryPoint","urlTemplate":"https:\/\/czerwonagora.pl\/?s={search_term_string}"},"query-input":{"@type":"PropertyValueSpecification","valueRequired":true,"valueName":"search_term_string"}}],"inLanguage":"pl-PL"},{"@type":"Organization","@id":"https:\/\/czerwonagora.pl\/#organization","name":"Wojew\u00f3dzki Szpital Specjalistyczny im. \u015aw. Rafa\u0142a w Czerwonej G\u00f3rze","url":"https:\/\/czerwonagora.pl\/","logo":{"@type":"ImageObject","inLanguage":"pl-PL","@id":"https:\/\/czerwonagora.pl\/#\/schema\/logo\/image\/","url":"https:\/\/czerwonagora.pl\/wp-content\/uploads\/2021\/06\/Logo-WSS-DUZE-transparentne.png","contentUrl":"https:\/\/czerwonagora.pl\/wp-content\/uploads\/2021\/06\/Logo-WSS-DUZE-transparentne.png","width":4210,"height":2975,"caption":"Wojew\u00f3dzki Szpital Specjalistyczny im. \u015aw. Rafa\u0142a w Czerwonej G\u00f3rze"},"image":{"@id":"https:\/\/czerwonagora.pl\/#\/schema\/logo\/image\/"},"sameAs":["https:\/\/www.facebook.com\/SzpitalCzerwonaGora\/"]}]}},"publishpress_future_action":{"enabled":false,"date":"2026-04-15 05:36:35","action":"change-status","newStatus":"draft","terms":[],"taxonomy":"","extraData":[]},"publishpress_future_workflow_manual_trigger":{"enabledWorkflows":[]},"_links":{"self":[{"href":"https:\/\/czerwonagora.pl\/index.php\/wp-json\/wp\/v2\/pages\/16579","targetHints":{"allow":["GET"]}}],"collection":[{"href":"https:\/\/czerwonagora.pl\/index.php\/wp-json\/wp\/v2\/pages"}],"about":[{"href":"https:\/\/czerwonagora.pl\/index.php\/wp-json\/wp\/v2\/types\/page"}],"author":[{"embeddable":true,"href":"https:\/\/czerwonagora.pl\/index.php\/wp-json\/wp\/v2\/users\/4"}],"replies":[{"embeddable":true,"href":"https:\/\/czerwonagora.pl\/index.php\/wp-json\/wp\/v2\/comments?post=16579"}],"version-history":[{"count":7,"href":"https:\/\/czerwonagora.pl\/index.php\/wp-json\/wp\/v2\/pages\/16579\/revisions"}],"predecessor-version":[{"id":16615,"href":"https:\/\/czerwonagora.pl\/index.php\/wp-json\/wp\/v2\/pages\/16579\/revisions\/16615"}],"wp:attachment":[{"href":"https:\/\/czerwonagora.pl\/index.php\/wp-json\/wp\/v2\/media?parent=16579"}],"curies":[{"name":"wp","href":"https:\/\/api.w.org\/{rel}","templated":true}]}}