{"id":16914,"date":"2022-04-27T09:00:31","date_gmt":"2022-04-27T07:00:31","guid":{"rendered":"https:\/\/czerwonagora.pl\/?page_id=16914"},"modified":"2022-04-27T09:09:09","modified_gmt":"2022-04-27T07:09:09","slug":"twarze-depresji-pomoc-dla-osob-chorych-na-nowotwory-i-ich-rodzin","status":"publish","type":"page","link":"https:\/\/czerwonagora.pl\/index.php\/twarze-depresji-pomoc-dla-osob-chorych-na-nowotwory-i-ich-rodzin\/","title":{"rendered":"Twarze Depresji &#8211; pomoc dla os\u00f3b chorych na nowotwory i ich rodzin"},"content":{"rendered":"\t\t<div data-elementor-type=\"wp-page\" data-elementor-id=\"16914\" class=\"elementor elementor-16914\">\n\t\t\t\t\t\t<section class=\"elementor-section elementor-top-section elementor-element elementor-element-a43947d elementor-section-boxed elementor-section-height-default elementor-section-height-default\" data-id=\"a43947d\" data-element_type=\"section\" data-e-type=\"section\">\n\t\t\t\t\t\t<div class=\"elementor-container elementor-column-gap-default\">\n\t\t\t\t\t<div class=\"elementor-column elementor-col-100 elementor-top-column elementor-element elementor-element-66cb831\" data-id=\"66cb831\" data-element_type=\"column\" data-e-type=\"column\">\n\t\t\t<div class=\"elementor-widget-wrap elementor-element-populated\">\n\t\t\t\t\t\t<div class=\"elementor-element elementor-element-9d51ff8 elementor-widget elementor-widget-image\" data-id=\"9d51ff8\" data-element_type=\"widget\" data-e-type=\"widget\" data-widget_type=\"image.default\">\n\t\t\t\t<div class=\"elementor-widget-container\">\n\t\t\t\t\t\t\t\t\t\t\t\t\t\t\t<img fetchpriority=\"high\" decoding=\"async\" width=\"300\" height=\"174\" src=\"https:\/\/czerwonagora.pl\/wp-content\/uploads\/2022\/04\/FTD_logo-300x174-1.jpg\" class=\"attachment-large size-large wp-image-16916\" alt=\"\" \/>\t\t\t\t\t\t\t\t\t\t\t\t\t\t\t<\/div>\n\t\t\t\t<\/div>\n\t\t\t\t<div class=\"elementor-element elementor-element-44e1a7b elementor-widget elementor-widget-heading\" data-id=\"44e1a7b\" data-element_type=\"widget\" data-e-type=\"widget\" data-widget_type=\"heading.default\">\n\t\t\t\t<div class=\"elementor-widget-container\">\n\t\t\t\t\t<h2 class=\"elementor-heading-title elementor-size-default\">RAK? TO NIE TAK!<\/h2>\t\t\t\t<\/div>\n\t\t\t\t<\/div>\n\t\t\t\t<div class=\"elementor-element elementor-element-b873f57 elementor-widget elementor-widget-text-editor\" data-id=\"b873f57\" data-element_type=\"widget\" data-e-type=\"widget\" data-widget_type=\"text-editor.default\">\n\t\t\t\t<div class=\"elementor-widget-container\">\n\t\t\t\t\t\t\t\t\t<p style=\"text-align: justify\"><strong>\u201eMAM OCHOT\u0118 SI\u0118 PODDA\u0106. TA WALKA NIE MA SENSU.\u201d<\/strong> Czy jest to Wam bliskie? A mo\u017ce bardziej\ntrafiaj\u0105 do Was s\u0142owa osoby nara\u017conej na nowotw\u00f3r, bo w jej rodzinie choruje kilka os\u00f3b, ale ona boi si\u0119 i\u015b\u0107 na badania? Te pytania i w\u0105tpliwo\u015bci nie mog\u0105 pozosta\u0107 bez odpowiedzi. Dlatego od czerwca 2021- razem z NATIONALE-NEDERLANDEN \u2013 prowadzimy <strong>program bezp\u0142atnej, zdalnej pomocy psychologicznej dla os\u00f3b chorych na raka \u2013 zagro\u017conych depresj\u0105, a tak\u017ce ich rodzin. To pierwszy tego typu program realizowany w Polsce.<\/strong><\/p>\t\t\t\t\t\t\t\t<\/div>\n\t\t\t\t<\/div>\n\t\t\t\t\t<\/div>\n\t\t<\/div>\n\t\t\t\t\t<\/div>\n\t\t<\/section>\n\t\t\t\t<section class=\"elementor-section elementor-top-section elementor-element elementor-element-db0b86e elementor-section-boxed elementor-section-height-default elementor-section-height-default\" data-id=\"db0b86e\" data-element_type=\"section\" data-e-type=\"section\">\n\t\t\t\t\t\t<div class=\"elementor-container elementor-column-gap-default\">\n\t\t\t\t\t<div class=\"elementor-column elementor-col-100 elementor-top-column elementor-element elementor-element-588f3ec\" data-id=\"588f3ec\" data-element_type=\"column\" data-e-type=\"column\">\n\t\t\t<div class=\"elementor-widget-wrap elementor-element-populated\">\n\t\t\t\t\t\t<div class=\"elementor-element elementor-element-0bad3e6 elementor-widget elementor-widget-image-gallery\" data-id=\"0bad3e6\" data-element_type=\"widget\" data-e-type=\"widget\" data-widget_type=\"image-gallery.default\">\n\t\t\t\t<div class=\"elementor-widget-container\">\n\t\t\t\t\t\t\t<div class=\"elementor-image-gallery\">\n\t\t\t<div id='gallery-1' class='gallery galleryid-16914 gallery-columns-1 gallery-size-full'><figure class='gallery-item'>\n\t\t\t<div class='gallery-icon portrait'>\n\t\t\t\t<a data-elementor-open-lightbox=\"yes\" data-elementor-lightbox-slideshow=\"0bad3e6\" data-e-action-hash=\"#elementor-action%3Aaction%3Dlightbox%26settings%3DeyJpZCI6MTY5MTUsInVybCI6Imh0dHBzOlwvXC9jemVyd29uYWdvcmEucGxcL3dwLWNvbnRlbnRcL3VwbG9hZHNcLzIwMjJcLzA0XC81MDEtNzI0eDEwMjQtMS5qcGciLCJzbGlkZXNob3ciOiIwYmFkM2U2In0%3D\" href='https:\/\/czerwonagora.pl\/wp-content\/uploads\/2022\/04\/501-724x1024-1.jpg'><img decoding=\"async\" width=\"724\" height=\"1024\" src=\"https:\/\/czerwonagora.pl\/wp-content\/uploads\/2022\/04\/501-724x1024-1.jpg\" class=\"attachment-full size-full\" alt=\"\" srcset=\"https:\/\/czerwonagora.pl\/wp-content\/uploads\/2022\/04\/501-724x1024-1.jpg 724w, https:\/\/czerwonagora.pl\/wp-content\/uploads\/2022\/04\/501-724x1024-1-212x300.jpg 212w\" sizes=\"(max-width: 724px) 100vw, 724px\" \/><\/a>\n\t\t\t<\/div><\/figure>\n\t\t<\/div>\n\t\t<\/div>\n\t\t\t\t\t\t<\/div>\n\t\t\t\t<\/div>\n\t\t\t\t\t<\/div>\n\t\t<\/div>\n\t\t\t\t\t<\/div>\n\t\t<\/section>\n\t\t\t\t<section class=\"elementor-section elementor-top-section elementor-element elementor-element-ae3ce9a elementor-section-boxed elementor-section-height-default elementor-section-height-default\" data-id=\"ae3ce9a\" data-element_type=\"section\" data-e-type=\"section\">\n\t\t\t\t\t\t<div class=\"elementor-container elementor-column-gap-default\">\n\t\t\t\t\t<div class=\"elementor-column elementor-col-100 elementor-top-column elementor-element elementor-element-eb2b370\" data-id=\"eb2b370\" data-element_type=\"column\" data-e-type=\"column\">\n\t\t\t<div class=\"elementor-widget-wrap elementor-element-populated\">\n\t\t\t\t\t\t<div class=\"elementor-element elementor-element-660f99e elementor-widget elementor-widget-text-editor\" data-id=\"660f99e\" data-element_type=\"widget\" data-e-type=\"widget\" data-widget_type=\"text-editor.default\">\n\t\t\t\t<div class=\"elementor-widget-container\">\n\t\t\t\t\t\t\t\t\t<p><strong>Nie czekaj, zg\u0142o\u015b si\u0119 do nas: <a href=\"https:\/\/twarzedepresji.pl\/pomocpsychologiczna\/\">www.twarzedepresji.pl\/pomocpsychologiczna<\/a><\/strong><\/p><p><strong>Je\u015bli masz pytania, napisz: <\/strong><a href=\"mailto:pomoc@twarzedepresji.pl\"><strong>pomoc@twarzedepresji.pl<\/strong> <\/a><\/p>\t\t\t\t\t\t\t\t<\/div>\n\t\t\t\t<\/div>\n\t\t\t\t\t<\/div>\n\t\t<\/div>\n\t\t\t\t\t<\/div>\n\t\t<\/section>\n\t\t\t\t<\/div>\n\t\t","protected":false},"excerpt":{"rendered":"<p>RAK? TO NIE TAK! \u201eMAM OCHOT\u0118 SI\u0118 PODDA\u0106. TA WALKA NIE MA SENSU.\u201d Czy jest to Wam bliskie? A mo\u017ce bardziej trafiaj\u0105 do Was s\u0142owa osoby nara\u017conej na nowotw\u00f3r, bo w jej rodzinie choruje kilka os\u00f3b, ale ona boi si\u0119 i\u015b\u0107 na badania? Te pytania i w\u0105tpliwo\u015bci nie mog\u0105 pozosta\u0107 bez odpowiedzi. Dlatego od czerwca [&hellip;]<\/p>\n","protected":false},"author":9,"featured_media":0,"parent":0,"menu_order":0,"comment_status":"closed","ping_status":"closed","template":"","meta":{"zakra_page_container_layout":"customizer","zakra_page_sidebar_layout":"customizer","zakra_remove_content_margin":false,"zakra_sidebar":"customizer","zakra_transparent_header":"customizer","zakra_logo":0,"zakra_main_header_style":"default","zakra_menu_item_color":"","zakra_menu_item_hover_color":"","zakra_menu_item_active_color":"","zakra_menu_active_style":"","zakra_page_header":true,"footnotes":""},"class_list":["post-16914","page","type-page","status-publish","hentry"],"yoast_head":"<!-- This site is optimized with the Yoast SEO plugin v27.3 - https:\/\/yoast.com\/product\/yoast-seo-wordpress\/ -->\n<title>Twarze Depresji - pomoc dla os\u00f3b chorych na nowotwory i ich rodzin - Wojew\u00f3dzki Szpital Specjalistyczny im. \u015aw. Rafa\u0142a w Czerwonej G\u00f3rze<\/title>\n<meta name=\"robots\" content=\"index, follow, max-snippet:-1, max-image-preview:large, max-video-preview:-1\" \/>\n<link rel=\"canonical\" href=\"https:\/\/czerwonagora.pl\/index.php\/twarze-depresji-pomoc-dla-osob-chorych-na-nowotwory-i-ich-rodzin\/\" \/>\n<meta property=\"og:locale\" content=\"pl_PL\" \/>\n<meta property=\"og:type\" content=\"article\" \/>\n<meta property=\"og:title\" content=\"Twarze Depresji - pomoc dla os\u00f3b chorych na nowotwory i ich rodzin - Wojew\u00f3dzki Szpital Specjalistyczny im. \u015aw. Rafa\u0142a w Czerwonej G\u00f3rze\" \/>\n<meta property=\"og:description\" content=\"RAK? TO NIE TAK! \u201eMAM OCHOT\u0118 SI\u0118 PODDA\u0106. TA WALKA NIE MA SENSU.\u201d Czy jest to Wam bliskie? A mo\u017ce bardziej trafiaj\u0105 do Was s\u0142owa osoby nara\u017conej na nowotw\u00f3r, bo w jej rodzinie choruje kilka os\u00f3b, ale ona boi si\u0119 i\u015b\u0107 na badania? Te pytania i w\u0105tpliwo\u015bci nie mog\u0105 pozosta\u0107 bez odpowiedzi. Dlatego od czerwca [&hellip;]\" \/>\n<meta property=\"og:url\" content=\"https:\/\/czerwonagora.pl\/index.php\/twarze-depresji-pomoc-dla-osob-chorych-na-nowotwory-i-ich-rodzin\/\" \/>\n<meta property=\"og:site_name\" content=\"Wojew\u00f3dzki Szpital Specjalistyczny im. \u015aw. Rafa\u0142a w Czerwonej G\u00f3rze\" \/>\n<meta property=\"article:publisher\" content=\"https:\/\/www.facebook.com\/SzpitalCzerwonaGora\/\" \/>\n<meta property=\"article:modified_time\" content=\"2022-04-27T07:09:09+00:00\" \/>\n<meta property=\"og:image\" content=\"https:\/\/czerwonagora.pl\/wp-content\/uploads\/2022\/04\/FTD_logo-300x174-1.jpg\" \/>\n<meta name=\"twitter:card\" content=\"summary_large_image\" \/>\n<meta name=\"twitter:label1\" content=\"Szacowany czas czytania\" \/>\n\t<meta name=\"twitter:data1\" content=\"1 minuta\" \/>\n<script type=\"application\/ld+json\" class=\"yoast-schema-graph\">{\"@context\":\"https:\\\/\\\/schema.org\",\"@graph\":[{\"@type\":\"WebPage\",\"@id\":\"https:\\\/\\\/czerwonagora.pl\\\/index.php\\\/twarze-depresji-pomoc-dla-osob-chorych-na-nowotwory-i-ich-rodzin\\\/\",\"url\":\"https:\\\/\\\/czerwonagora.pl\\\/index.php\\\/twarze-depresji-pomoc-dla-osob-chorych-na-nowotwory-i-ich-rodzin\\\/\",\"name\":\"Twarze Depresji - pomoc dla os\u00f3b chorych na nowotwory i ich rodzin - Wojew\u00f3dzki Szpital Specjalistyczny im. \u015aw. Rafa\u0142a w Czerwonej G\u00f3rze\",\"isPartOf\":{\"@id\":\"https:\\\/\\\/czerwonagora.pl\\\/#website\"},\"primaryImageOfPage\":{\"@id\":\"https:\\\/\\\/czerwonagora.pl\\\/index.php\\\/twarze-depresji-pomoc-dla-osob-chorych-na-nowotwory-i-ich-rodzin\\\/#primaryimage\"},\"image\":{\"@id\":\"https:\\\/\\\/czerwonagora.pl\\\/index.php\\\/twarze-depresji-pomoc-dla-osob-chorych-na-nowotwory-i-ich-rodzin\\\/#primaryimage\"},\"thumbnailUrl\":\"https:\\\/\\\/czerwonagora.pl\\\/wp-content\\\/uploads\\\/2022\\\/04\\\/FTD_logo-300x174-1.jpg\",\"datePublished\":\"2022-04-27T07:00:31+00:00\",\"dateModified\":\"2022-04-27T07:09:09+00:00\",\"breadcrumb\":{\"@id\":\"https:\\\/\\\/czerwonagora.pl\\\/index.php\\\/twarze-depresji-pomoc-dla-osob-chorych-na-nowotwory-i-ich-rodzin\\\/#breadcrumb\"},\"inLanguage\":\"pl-PL\",\"potentialAction\":[{\"@type\":\"ReadAction\",\"target\":[\"https:\\\/\\\/czerwonagora.pl\\\/index.php\\\/twarze-depresji-pomoc-dla-osob-chorych-na-nowotwory-i-ich-rodzin\\\/\"]}]},{\"@type\":\"ImageObject\",\"inLanguage\":\"pl-PL\",\"@id\":\"https:\\\/\\\/czerwonagora.pl\\\/index.php\\\/twarze-depresji-pomoc-dla-osob-chorych-na-nowotwory-i-ich-rodzin\\\/#primaryimage\",\"url\":\"https:\\\/\\\/czerwonagora.pl\\\/wp-content\\\/uploads\\\/2022\\\/04\\\/FTD_logo-300x174-1.jpg\",\"contentUrl\":\"https:\\\/\\\/czerwonagora.pl\\\/wp-content\\\/uploads\\\/2022\\\/04\\\/FTD_logo-300x174-1.jpg\",\"width\":300,\"height\":174},{\"@type\":\"BreadcrumbList\",\"@id\":\"https:\\\/\\\/czerwonagora.pl\\\/index.php\\\/twarze-depresji-pomoc-dla-osob-chorych-na-nowotwory-i-ich-rodzin\\\/#breadcrumb\",\"itemListElement\":[{\"@type\":\"ListItem\",\"position\":1,\"name\":\"Strona g\u0142\u00f3wna\",\"item\":\"https:\\\/\\\/czerwonagora.pl\\\/\"},{\"@type\":\"ListItem\",\"position\":2,\"name\":\"Twarze Depresji &#8211; pomoc dla os\u00f3b chorych na nowotwory i ich rodzin\"}]},{\"@type\":\"WebSite\",\"@id\":\"https:\\\/\\\/czerwonagora.pl\\\/#website\",\"url\":\"https:\\\/\\\/czerwonagora.pl\\\/\",\"name\":\"Wojew\u00f3dzki Szpital Specjalistyczny im. \u015aw. Rafa\u0142a w Czerwonej G\u00f3rze\",\"description\":\"Wojew\u00f3dzki Szpital Specjalistyczny im. \u015aw. Rafa\u0142a w Czerwonej G\u00f3rze\",\"publisher\":{\"@id\":\"https:\\\/\\\/czerwonagora.pl\\\/#organization\"},\"potentialAction\":[{\"@type\":\"SearchAction\",\"target\":{\"@type\":\"EntryPoint\",\"urlTemplate\":\"https:\\\/\\\/czerwonagora.pl\\\/?s={search_term_string}\"},\"query-input\":{\"@type\":\"PropertyValueSpecification\",\"valueRequired\":true,\"valueName\":\"search_term_string\"}}],\"inLanguage\":\"pl-PL\"},{\"@type\":\"Organization\",\"@id\":\"https:\\\/\\\/czerwonagora.pl\\\/#organization\",\"name\":\"Wojew\u00f3dzki Szpital Specjalistyczny im. \u015aw. Rafa\u0142a w Czerwonej G\u00f3rze\",\"url\":\"https:\\\/\\\/czerwonagora.pl\\\/\",\"logo\":{\"@type\":\"ImageObject\",\"inLanguage\":\"pl-PL\",\"@id\":\"https:\\\/\\\/czerwonagora.pl\\\/#\\\/schema\\\/logo\\\/image\\\/\",\"url\":\"https:\\\/\\\/czerwonagora.pl\\\/wp-content\\\/uploads\\\/2021\\\/06\\\/Logo-WSS-DUZE-transparentne.png\",\"contentUrl\":\"https:\\\/\\\/czerwonagora.pl\\\/wp-content\\\/uploads\\\/2021\\\/06\\\/Logo-WSS-DUZE-transparentne.png\",\"width\":4210,\"height\":2975,\"caption\":\"Wojew\u00f3dzki Szpital Specjalistyczny im. \u015aw. Rafa\u0142a w Czerwonej G\u00f3rze\"},\"image\":{\"@id\":\"https:\\\/\\\/czerwonagora.pl\\\/#\\\/schema\\\/logo\\\/image\\\/\"},\"sameAs\":[\"https:\\\/\\\/www.facebook.com\\\/SzpitalCzerwonaGora\\\/\"]}]}<\/script>\n<!-- \/ Yoast SEO plugin. -->","yoast_head_json":{"title":"Twarze Depresji - pomoc dla os\u00f3b chorych na nowotwory i ich rodzin - Wojew\u00f3dzki Szpital Specjalistyczny im. \u015aw. Rafa\u0142a w Czerwonej G\u00f3rze","robots":{"index":"index","follow":"follow","max-snippet":"max-snippet:-1","max-image-preview":"max-image-preview:large","max-video-preview":"max-video-preview:-1"},"canonical":"https:\/\/czerwonagora.pl\/index.php\/twarze-depresji-pomoc-dla-osob-chorych-na-nowotwory-i-ich-rodzin\/","og_locale":"pl_PL","og_type":"article","og_title":"Twarze Depresji - pomoc dla os\u00f3b chorych na nowotwory i ich rodzin - Wojew\u00f3dzki Szpital Specjalistyczny im. \u015aw. Rafa\u0142a w Czerwonej G\u00f3rze","og_description":"RAK? TO NIE TAK! \u201eMAM OCHOT\u0118 SI\u0118 PODDA\u0106. TA WALKA NIE MA SENSU.\u201d Czy jest to Wam bliskie? A mo\u017ce bardziej trafiaj\u0105 do Was s\u0142owa osoby nara\u017conej na nowotw\u00f3r, bo w jej rodzinie choruje kilka os\u00f3b, ale ona boi si\u0119 i\u015b\u0107 na badania? Te pytania i w\u0105tpliwo\u015bci nie mog\u0105 pozosta\u0107 bez odpowiedzi. Dlatego od czerwca [&hellip;]","og_url":"https:\/\/czerwonagora.pl\/index.php\/twarze-depresji-pomoc-dla-osob-chorych-na-nowotwory-i-ich-rodzin\/","og_site_name":"Wojew\u00f3dzki Szpital Specjalistyczny im. \u015aw. Rafa\u0142a w Czerwonej G\u00f3rze","article_publisher":"https:\/\/www.facebook.com\/SzpitalCzerwonaGora\/","article_modified_time":"2022-04-27T07:09:09+00:00","og_image":[{"url":"https:\/\/czerwonagora.pl\/wp-content\/uploads\/2022\/04\/FTD_logo-300x174-1.jpg","type":"","width":"","height":""}],"twitter_card":"summary_large_image","twitter_misc":{"Szacowany czas czytania":"1 minuta"},"schema":{"@context":"https:\/\/schema.org","@graph":[{"@type":"WebPage","@id":"https:\/\/czerwonagora.pl\/index.php\/twarze-depresji-pomoc-dla-osob-chorych-na-nowotwory-i-ich-rodzin\/","url":"https:\/\/czerwonagora.pl\/index.php\/twarze-depresji-pomoc-dla-osob-chorych-na-nowotwory-i-ich-rodzin\/","name":"Twarze Depresji - pomoc dla os\u00f3b chorych na nowotwory i ich rodzin - Wojew\u00f3dzki Szpital Specjalistyczny im. \u015aw. Rafa\u0142a w Czerwonej G\u00f3rze","isPartOf":{"@id":"https:\/\/czerwonagora.pl\/#website"},"primaryImageOfPage":{"@id":"https:\/\/czerwonagora.pl\/index.php\/twarze-depresji-pomoc-dla-osob-chorych-na-nowotwory-i-ich-rodzin\/#primaryimage"},"image":{"@id":"https:\/\/czerwonagora.pl\/index.php\/twarze-depresji-pomoc-dla-osob-chorych-na-nowotwory-i-ich-rodzin\/#primaryimage"},"thumbnailUrl":"https:\/\/czerwonagora.pl\/wp-content\/uploads\/2022\/04\/FTD_logo-300x174-1.jpg","datePublished":"2022-04-27T07:00:31+00:00","dateModified":"2022-04-27T07:09:09+00:00","breadcrumb":{"@id":"https:\/\/czerwonagora.pl\/index.php\/twarze-depresji-pomoc-dla-osob-chorych-na-nowotwory-i-ich-rodzin\/#breadcrumb"},"inLanguage":"pl-PL","potentialAction":[{"@type":"ReadAction","target":["https:\/\/czerwonagora.pl\/index.php\/twarze-depresji-pomoc-dla-osob-chorych-na-nowotwory-i-ich-rodzin\/"]}]},{"@type":"ImageObject","inLanguage":"pl-PL","@id":"https:\/\/czerwonagora.pl\/index.php\/twarze-depresji-pomoc-dla-osob-chorych-na-nowotwory-i-ich-rodzin\/#primaryimage","url":"https:\/\/czerwonagora.pl\/wp-content\/uploads\/2022\/04\/FTD_logo-300x174-1.jpg","contentUrl":"https:\/\/czerwonagora.pl\/wp-content\/uploads\/2022\/04\/FTD_logo-300x174-1.jpg","width":300,"height":174},{"@type":"BreadcrumbList","@id":"https:\/\/czerwonagora.pl\/index.php\/twarze-depresji-pomoc-dla-osob-chorych-na-nowotwory-i-ich-rodzin\/#breadcrumb","itemListElement":[{"@type":"ListItem","position":1,"name":"Strona g\u0142\u00f3wna","item":"https:\/\/czerwonagora.pl\/"},{"@type":"ListItem","position":2,"name":"Twarze Depresji &#8211; pomoc dla os\u00f3b chorych na nowotwory i ich rodzin"}]},{"@type":"WebSite","@id":"https:\/\/czerwonagora.pl\/#website","url":"https:\/\/czerwonagora.pl\/","name":"Wojew\u00f3dzki Szpital Specjalistyczny im. \u015aw. Rafa\u0142a w Czerwonej G\u00f3rze","description":"Wojew\u00f3dzki Szpital Specjalistyczny im. \u015aw. Rafa\u0142a w Czerwonej G\u00f3rze","publisher":{"@id":"https:\/\/czerwonagora.pl\/#organization"},"potentialAction":[{"@type":"SearchAction","target":{"@type":"EntryPoint","urlTemplate":"https:\/\/czerwonagora.pl\/?s={search_term_string}"},"query-input":{"@type":"PropertyValueSpecification","valueRequired":true,"valueName":"search_term_string"}}],"inLanguage":"pl-PL"},{"@type":"Organization","@id":"https:\/\/czerwonagora.pl\/#organization","name":"Wojew\u00f3dzki Szpital Specjalistyczny im. \u015aw. Rafa\u0142a w Czerwonej G\u00f3rze","url":"https:\/\/czerwonagora.pl\/","logo":{"@type":"ImageObject","inLanguage":"pl-PL","@id":"https:\/\/czerwonagora.pl\/#\/schema\/logo\/image\/","url":"https:\/\/czerwonagora.pl\/wp-content\/uploads\/2021\/06\/Logo-WSS-DUZE-transparentne.png","contentUrl":"https:\/\/czerwonagora.pl\/wp-content\/uploads\/2021\/06\/Logo-WSS-DUZE-transparentne.png","width":4210,"height":2975,"caption":"Wojew\u00f3dzki Szpital Specjalistyczny im. \u015aw. Rafa\u0142a w Czerwonej G\u00f3rze"},"image":{"@id":"https:\/\/czerwonagora.pl\/#\/schema\/logo\/image\/"},"sameAs":["https:\/\/www.facebook.com\/SzpitalCzerwonaGora\/"]}]}},"publishpress_future_action":{"enabled":false,"date":"2026-04-21 22:50:03","action":"change-status","newStatus":"draft","terms":[],"taxonomy":"","extraData":[]},"publishpress_future_workflow_manual_trigger":{"enabledWorkflows":[]},"_links":{"self":[{"href":"https:\/\/czerwonagora.pl\/index.php\/wp-json\/wp\/v2\/pages\/16914","targetHints":{"allow":["GET"]}}],"collection":[{"href":"https:\/\/czerwonagora.pl\/index.php\/wp-json\/wp\/v2\/pages"}],"about":[{"href":"https:\/\/czerwonagora.pl\/index.php\/wp-json\/wp\/v2\/types\/page"}],"author":[{"embeddable":true,"href":"https:\/\/czerwonagora.pl\/index.php\/wp-json\/wp\/v2\/users\/9"}],"replies":[{"embeddable":true,"href":"https:\/\/czerwonagora.pl\/index.php\/wp-json\/wp\/v2\/comments?post=16914"}],"version-history":[{"count":4,"href":"https:\/\/czerwonagora.pl\/index.php\/wp-json\/wp\/v2\/pages\/16914\/revisions"}],"predecessor-version":[{"id":16920,"href":"https:\/\/czerwonagora.pl\/index.php\/wp-json\/wp\/v2\/pages\/16914\/revisions\/16920"}],"wp:attachment":[{"href":"https:\/\/czerwonagora.pl\/index.php\/wp-json\/wp\/v2\/media?parent=16914"}],"curies":[{"name":"wp","href":"https:\/\/api.w.org\/{rel}","templated":true}]}}