{"id":16926,"date":"2022-04-27T10:49:51","date_gmt":"2022-04-27T08:49:51","guid":{"rendered":"https:\/\/czerwonagora.pl\/?page_id=16926"},"modified":"2022-04-27T12:56:33","modified_gmt":"2022-04-27T10:56:33","slug":"punkt-pobran-krwi-i-materialow-do-badan","status":"publish","type":"page","link":"https:\/\/czerwonagora.pl\/index.php\/punkt-pobran-krwi-i-materialow-do-badan\/","title":{"rendered":"Punkt pobra\u0144 krwi i materia\u0142\u00f3w do bada\u0144"},"content":{"rendered":"\t\t<div data-elementor-type=\"wp-page\" data-elementor-id=\"16926\" class=\"elementor elementor-16926\">\n\t\t\t\t\t\t<section class=\"elementor-section elementor-top-section elementor-element elementor-element-dca2f3e elementor-section-boxed elementor-section-height-default elementor-section-height-default\" data-id=\"dca2f3e\" data-element_type=\"section\" data-e-type=\"section\">\n\t\t\t\t\t\t<div class=\"elementor-container elementor-column-gap-default\">\n\t\t\t\t\t<div class=\"elementor-column elementor-col-100 elementor-top-column elementor-element elementor-element-dea833a\" data-id=\"dea833a\" data-element_type=\"column\" data-e-type=\"column\">\n\t\t\t<div class=\"elementor-widget-wrap elementor-element-populated\">\n\t\t\t\t\t\t<div class=\"elementor-element elementor-element-1f64beb elementor-widget elementor-widget-text-editor\" data-id=\"1f64beb\" data-element_type=\"widget\" data-e-type=\"widget\" data-widget_type=\"text-editor.default\">\n\t\t\t\t<div class=\"elementor-widget-container\">\n\t\t\t\t\t\t\t\t\t<p>Punkt pobra\u0144 krwi i materia\u0142\u00f3w do bada\u0144 w Wojew\u00f3dzkiej Przychodni Specjalistycznej<\/p><p>ul. Jagiello\u0144ska 72<\/p><p>Punkt znajduje si\u0119 w gabinecie nr 1 obok Rejestracji<\/p><p>Godziny pracy :<\/p><ul><li>Poniedzia\u0142ek 7.15 \u2013 10.00<\/li><li>Wtorek 7.15 \u2013 10.00<\/li><li>\u015aroda 7.15 \u2013 10.00<\/li><li>Czwartek 7.15 \u2013 10.00<\/li><li>Pi\u0105tek 7.15 \u2013 10.00<\/li><\/ul><p>Pobieramy badania pacjentom\u00a0 lecz\u0105cym si\u0119 w Wojew\u00f3dzkiej Przychodni Specjalistycznej\u00a0 w Kielcach oraz Poradni WSS w Czerwonej G\u00f3rze, posiadaj\u0105cych skierowanie od lekarza oraz\u00a0 pacjentom zgodnie z zawartymi umowami z plac\u00f3wkami zewn\u0119trznymi.<\/p><p>Istnieje r\u00f3wnie\u017c mo\u017cliwo\u015b\u0107 wykonania bada\u0144 odp\u0142atnych zgodnie z cennikiem obowi\u0105zuj\u0105cym na dany rok kalendarzowy \u2013 istnieje mo\u017cliwo\u015b\u0107 p\u0142acenia kart\u0105.<\/p><p>Badania pobiera wykwalifikowany personel piel\u0119gniarski zgodnie z obowi\u0105zuj\u0105cymi procedurami w zakresie bada\u0144 laboratoryjnych.<\/p><p>Badania wykonywane s\u0105 przez Laboratorium Diagnostyczne znajduj\u0105cym si\u0119 w Wojew\u00f3dzkim Szpitalu Specjalistycznym w Czerwonej G\u00f3rze.<\/p><p>Dzia\u0142 Diagnostyki Laboratoryjnej w zakresie prowadzonych bada\u0144 bierze udzia\u0142 w mi\u0119dzynarodowych kontrolach jako\u015bci dla wszystkich wykonywanych parametr\u00f3w uzyskuj\u0105c wysokie oceny. Dzi\u0119ki temu oferujemy Pa\u0144stwu diagnostyk\u0119 laboratoryjn\u0105 w oparciu o \u015bwiatowe standardy.<\/p><p>Wykonujemy badania:<\/p><ul><li>analityczne (krew, mocz, ka\u0142)<\/li><li>mikrobiologiczne ( moczu, nasienia, plwociny i wymazy)<\/li><li>diagnostyki pr\u0105tka (plwocina, mocz)<\/li><\/ul><p>Wyniki dost\u0119pne s\u0105 do odbioru w rejestracji Przychodni w dniu nast\u0119pnym po godzinie 10.30<\/p>\t\t\t\t\t\t\t\t<\/div>\n\t\t\t\t<\/div>\n\t\t\t\t\t<\/div>\n\t\t<\/div>\n\t\t\t\t\t<\/div>\n\t\t<\/section>\n\t\t\t\t<\/div>\n\t\t","protected":false},"excerpt":{"rendered":"<p>Punkt pobra\u0144 krwi i materia\u0142\u00f3w do bada\u0144 w Wojew\u00f3dzkiej Przychodni Specjalistycznej ul. Jagiello\u0144ska 72 Punkt znajduje si\u0119 w gabinecie nr 1 obok Rejestracji Godziny pracy : Poniedzia\u0142ek 7.15 \u2013 10.00 Wtorek 7.15 \u2013 10.00 \u015aroda 7.15 \u2013 10.00 Czwartek 7.15 \u2013 10.00 Pi\u0105tek 7.15 \u2013 10.00 Pobieramy badania pacjentom\u00a0 lecz\u0105cym si\u0119 w Wojew\u00f3dzkiej Przychodni Specjalistycznej\u00a0 [&hellip;]<\/p>\n","protected":false},"author":9,"featured_media":0,"parent":0,"menu_order":0,"comment_status":"closed","ping_status":"closed","template":"","meta":{"zakra_page_container_layout":"customizer","zakra_page_sidebar_layout":"customizer","zakra_remove_content_margin":false,"zakra_sidebar":"customizer","zakra_transparent_header":"customizer","zakra_logo":0,"zakra_main_header_style":"default","zakra_menu_item_color":"","zakra_menu_item_hover_color":"","zakra_menu_item_active_color":"","zakra_menu_active_style":"","zakra_page_header":true,"footnotes":""},"class_list":["post-16926","page","type-page","status-publish","hentry"],"yoast_head":"<!-- This site is optimized with the Yoast SEO plugin v27.3 - https:\/\/yoast.com\/product\/yoast-seo-wordpress\/ -->\n<title>Punkt pobra\u0144 krwi i materia\u0142\u00f3w do bada\u0144 - Wojew\u00f3dzki Szpital Specjalistyczny im. \u015aw. Rafa\u0142a w Czerwonej G\u00f3rze<\/title>\n<meta name=\"robots\" content=\"index, follow, max-snippet:-1, max-image-preview:large, max-video-preview:-1\" \/>\n<link rel=\"canonical\" href=\"https:\/\/czerwonagora.pl\/index.php\/punkt-pobran-krwi-i-materialow-do-badan\/\" \/>\n<meta property=\"og:locale\" content=\"pl_PL\" \/>\n<meta property=\"og:type\" content=\"article\" \/>\n<meta property=\"og:title\" content=\"Punkt pobra\u0144 krwi i materia\u0142\u00f3w do bada\u0144 - Wojew\u00f3dzki Szpital Specjalistyczny im. \u015aw. Rafa\u0142a w Czerwonej G\u00f3rze\" \/>\n<meta property=\"og:description\" content=\"Punkt pobra\u0144 krwi i materia\u0142\u00f3w do bada\u0144 w Wojew\u00f3dzkiej Przychodni Specjalistycznej ul. Jagiello\u0144ska 72 Punkt znajduje si\u0119 w gabinecie nr 1 obok Rejestracji Godziny pracy : Poniedzia\u0142ek 7.15 \u2013 10.00 Wtorek 7.15 \u2013 10.00 \u015aroda 7.15 \u2013 10.00 Czwartek 7.15 \u2013 10.00 Pi\u0105tek 7.15 \u2013 10.00 Pobieramy badania pacjentom\u00a0 lecz\u0105cym si\u0119 w Wojew\u00f3dzkiej Przychodni Specjalistycznej\u00a0 [&hellip;]\" \/>\n<meta property=\"og:url\" content=\"https:\/\/czerwonagora.pl\/index.php\/punkt-pobran-krwi-i-materialow-do-badan\/\" \/>\n<meta property=\"og:site_name\" content=\"Wojew\u00f3dzki Szpital Specjalistyczny im. \u015aw. Rafa\u0142a w Czerwonej G\u00f3rze\" \/>\n<meta property=\"article:publisher\" content=\"https:\/\/www.facebook.com\/SzpitalCzerwonaGora\/\" \/>\n<meta property=\"article:modified_time\" content=\"2022-04-27T10:56:33+00:00\" \/>\n<meta property=\"og:image\" content=\"https:\/\/czerwonagora.pl\/wp-content\/uploads\/2021\/06\/DJI_0005-Duzy.jpg\" \/>\n\t<meta property=\"og:image:width\" content=\"1920\" \/>\n\t<meta property=\"og:image:height\" content=\"1080\" \/>\n\t<meta property=\"og:image:type\" content=\"image\/jpeg\" \/>\n<meta name=\"twitter:card\" content=\"summary_large_image\" \/>\n<script type=\"application\/ld+json\" class=\"yoast-schema-graph\">{\"@context\":\"https:\\\/\\\/schema.org\",\"@graph\":[{\"@type\":\"WebPage\",\"@id\":\"https:\\\/\\\/czerwonagora.pl\\\/index.php\\\/punkt-pobran-krwi-i-materialow-do-badan\\\/\",\"url\":\"https:\\\/\\\/czerwonagora.pl\\\/index.php\\\/punkt-pobran-krwi-i-materialow-do-badan\\\/\",\"name\":\"Punkt pobra\u0144 krwi i materia\u0142\u00f3w do bada\u0144 - Wojew\u00f3dzki Szpital Specjalistyczny im. \u015aw. Rafa\u0142a w Czerwonej G\u00f3rze\",\"isPartOf\":{\"@id\":\"https:\\\/\\\/czerwonagora.pl\\\/#website\"},\"datePublished\":\"2022-04-27T08:49:51+00:00\",\"dateModified\":\"2022-04-27T10:56:33+00:00\",\"breadcrumb\":{\"@id\":\"https:\\\/\\\/czerwonagora.pl\\\/index.php\\\/punkt-pobran-krwi-i-materialow-do-badan\\\/#breadcrumb\"},\"inLanguage\":\"pl-PL\",\"potentialAction\":[{\"@type\":\"ReadAction\",\"target\":[\"https:\\\/\\\/czerwonagora.pl\\\/index.php\\\/punkt-pobran-krwi-i-materialow-do-badan\\\/\"]}]},{\"@type\":\"BreadcrumbList\",\"@id\":\"https:\\\/\\\/czerwonagora.pl\\\/index.php\\\/punkt-pobran-krwi-i-materialow-do-badan\\\/#breadcrumb\",\"itemListElement\":[{\"@type\":\"ListItem\",\"position\":1,\"name\":\"Strona g\u0142\u00f3wna\",\"item\":\"https:\\\/\\\/czerwonagora.pl\\\/\"},{\"@type\":\"ListItem\",\"position\":2,\"name\":\"Punkt pobra\u0144 krwi i materia\u0142\u00f3w do bada\u0144\"}]},{\"@type\":\"WebSite\",\"@id\":\"https:\\\/\\\/czerwonagora.pl\\\/#website\",\"url\":\"https:\\\/\\\/czerwonagora.pl\\\/\",\"name\":\"Wojew\u00f3dzki Szpital Specjalistyczny im. \u015aw. Rafa\u0142a w Czerwonej G\u00f3rze\",\"description\":\"Wojew\u00f3dzki Szpital Specjalistyczny im. \u015aw. Rafa\u0142a w Czerwonej G\u00f3rze\",\"publisher\":{\"@id\":\"https:\\\/\\\/czerwonagora.pl\\\/#organization\"},\"potentialAction\":[{\"@type\":\"SearchAction\",\"target\":{\"@type\":\"EntryPoint\",\"urlTemplate\":\"https:\\\/\\\/czerwonagora.pl\\\/?s={search_term_string}\"},\"query-input\":{\"@type\":\"PropertyValueSpecification\",\"valueRequired\":true,\"valueName\":\"search_term_string\"}}],\"inLanguage\":\"pl-PL\"},{\"@type\":\"Organization\",\"@id\":\"https:\\\/\\\/czerwonagora.pl\\\/#organization\",\"name\":\"Wojew\u00f3dzki Szpital Specjalistyczny im. \u015aw. Rafa\u0142a w Czerwonej G\u00f3rze\",\"url\":\"https:\\\/\\\/czerwonagora.pl\\\/\",\"logo\":{\"@type\":\"ImageObject\",\"inLanguage\":\"pl-PL\",\"@id\":\"https:\\\/\\\/czerwonagora.pl\\\/#\\\/schema\\\/logo\\\/image\\\/\",\"url\":\"https:\\\/\\\/czerwonagora.pl\\\/wp-content\\\/uploads\\\/2021\\\/06\\\/Logo-WSS-DUZE-transparentne.png\",\"contentUrl\":\"https:\\\/\\\/czerwonagora.pl\\\/wp-content\\\/uploads\\\/2021\\\/06\\\/Logo-WSS-DUZE-transparentne.png\",\"width\":4210,\"height\":2975,\"caption\":\"Wojew\u00f3dzki Szpital Specjalistyczny im. \u015aw. Rafa\u0142a w Czerwonej G\u00f3rze\"},\"image\":{\"@id\":\"https:\\\/\\\/czerwonagora.pl\\\/#\\\/schema\\\/logo\\\/image\\\/\"},\"sameAs\":[\"https:\\\/\\\/www.facebook.com\\\/SzpitalCzerwonaGora\\\/\"]}]}<\/script>\n<!-- \/ Yoast SEO plugin. -->","yoast_head_json":{"title":"Punkt pobra\u0144 krwi i materia\u0142\u00f3w do bada\u0144 - Wojew\u00f3dzki Szpital Specjalistyczny im. \u015aw. Rafa\u0142a w Czerwonej G\u00f3rze","robots":{"index":"index","follow":"follow","max-snippet":"max-snippet:-1","max-image-preview":"max-image-preview:large","max-video-preview":"max-video-preview:-1"},"canonical":"https:\/\/czerwonagora.pl\/index.php\/punkt-pobran-krwi-i-materialow-do-badan\/","og_locale":"pl_PL","og_type":"article","og_title":"Punkt pobra\u0144 krwi i materia\u0142\u00f3w do bada\u0144 - Wojew\u00f3dzki Szpital Specjalistyczny im. \u015aw. Rafa\u0142a w Czerwonej G\u00f3rze","og_description":"Punkt pobra\u0144 krwi i materia\u0142\u00f3w do bada\u0144 w Wojew\u00f3dzkiej Przychodni Specjalistycznej ul. Jagiello\u0144ska 72 Punkt znajduje si\u0119 w gabinecie nr 1 obok Rejestracji Godziny pracy : Poniedzia\u0142ek 7.15 \u2013 10.00 Wtorek 7.15 \u2013 10.00 \u015aroda 7.15 \u2013 10.00 Czwartek 7.15 \u2013 10.00 Pi\u0105tek 7.15 \u2013 10.00 Pobieramy badania pacjentom\u00a0 lecz\u0105cym si\u0119 w Wojew\u00f3dzkiej Przychodni Specjalistycznej\u00a0 [&hellip;]","og_url":"https:\/\/czerwonagora.pl\/index.php\/punkt-pobran-krwi-i-materialow-do-badan\/","og_site_name":"Wojew\u00f3dzki Szpital Specjalistyczny im. \u015aw. Rafa\u0142a w Czerwonej G\u00f3rze","article_publisher":"https:\/\/www.facebook.com\/SzpitalCzerwonaGora\/","article_modified_time":"2022-04-27T10:56:33+00:00","og_image":[{"width":1920,"height":1080,"url":"https:\/\/czerwonagora.pl\/wp-content\/uploads\/2021\/06\/DJI_0005-Duzy.jpg","type":"image\/jpeg"}],"twitter_card":"summary_large_image","schema":{"@context":"https:\/\/schema.org","@graph":[{"@type":"WebPage","@id":"https:\/\/czerwonagora.pl\/index.php\/punkt-pobran-krwi-i-materialow-do-badan\/","url":"https:\/\/czerwonagora.pl\/index.php\/punkt-pobran-krwi-i-materialow-do-badan\/","name":"Punkt pobra\u0144 krwi i materia\u0142\u00f3w do bada\u0144 - Wojew\u00f3dzki Szpital Specjalistyczny im. \u015aw. Rafa\u0142a w Czerwonej G\u00f3rze","isPartOf":{"@id":"https:\/\/czerwonagora.pl\/#website"},"datePublished":"2022-04-27T08:49:51+00:00","dateModified":"2022-04-27T10:56:33+00:00","breadcrumb":{"@id":"https:\/\/czerwonagora.pl\/index.php\/punkt-pobran-krwi-i-materialow-do-badan\/#breadcrumb"},"inLanguage":"pl-PL","potentialAction":[{"@type":"ReadAction","target":["https:\/\/czerwonagora.pl\/index.php\/punkt-pobran-krwi-i-materialow-do-badan\/"]}]},{"@type":"BreadcrumbList","@id":"https:\/\/czerwonagora.pl\/index.php\/punkt-pobran-krwi-i-materialow-do-badan\/#breadcrumb","itemListElement":[{"@type":"ListItem","position":1,"name":"Strona g\u0142\u00f3wna","item":"https:\/\/czerwonagora.pl\/"},{"@type":"ListItem","position":2,"name":"Punkt pobra\u0144 krwi i materia\u0142\u00f3w do bada\u0144"}]},{"@type":"WebSite","@id":"https:\/\/czerwonagora.pl\/#website","url":"https:\/\/czerwonagora.pl\/","name":"Wojew\u00f3dzki Szpital Specjalistyczny im. \u015aw. Rafa\u0142a w Czerwonej G\u00f3rze","description":"Wojew\u00f3dzki Szpital Specjalistyczny im. \u015aw. Rafa\u0142a w Czerwonej G\u00f3rze","publisher":{"@id":"https:\/\/czerwonagora.pl\/#organization"},"potentialAction":[{"@type":"SearchAction","target":{"@type":"EntryPoint","urlTemplate":"https:\/\/czerwonagora.pl\/?s={search_term_string}"},"query-input":{"@type":"PropertyValueSpecification","valueRequired":true,"valueName":"search_term_string"}}],"inLanguage":"pl-PL"},{"@type":"Organization","@id":"https:\/\/czerwonagora.pl\/#organization","name":"Wojew\u00f3dzki Szpital Specjalistyczny im. \u015aw. Rafa\u0142a w Czerwonej G\u00f3rze","url":"https:\/\/czerwonagora.pl\/","logo":{"@type":"ImageObject","inLanguage":"pl-PL","@id":"https:\/\/czerwonagora.pl\/#\/schema\/logo\/image\/","url":"https:\/\/czerwonagora.pl\/wp-content\/uploads\/2021\/06\/Logo-WSS-DUZE-transparentne.png","contentUrl":"https:\/\/czerwonagora.pl\/wp-content\/uploads\/2021\/06\/Logo-WSS-DUZE-transparentne.png","width":4210,"height":2975,"caption":"Wojew\u00f3dzki Szpital Specjalistyczny im. \u015aw. Rafa\u0142a w Czerwonej G\u00f3rze"},"image":{"@id":"https:\/\/czerwonagora.pl\/#\/schema\/logo\/image\/"},"sameAs":["https:\/\/www.facebook.com\/SzpitalCzerwonaGora\/"]}]}},"publishpress_future_action":{"enabled":false,"date":"2026-04-24 10:17:15","action":"change-status","newStatus":"draft","terms":[],"taxonomy":"","extraData":[]},"publishpress_future_workflow_manual_trigger":{"enabledWorkflows":[]},"_links":{"self":[{"href":"https:\/\/czerwonagora.pl\/index.php\/wp-json\/wp\/v2\/pages\/16926","targetHints":{"allow":["GET"]}}],"collection":[{"href":"https:\/\/czerwonagora.pl\/index.php\/wp-json\/wp\/v2\/pages"}],"about":[{"href":"https:\/\/czerwonagora.pl\/index.php\/wp-json\/wp\/v2\/types\/page"}],"author":[{"embeddable":true,"href":"https:\/\/czerwonagora.pl\/index.php\/wp-json\/wp\/v2\/users\/9"}],"replies":[{"embeddable":true,"href":"https:\/\/czerwonagora.pl\/index.php\/wp-json\/wp\/v2\/comments?post=16926"}],"version-history":[{"count":10,"href":"https:\/\/czerwonagora.pl\/index.php\/wp-json\/wp\/v2\/pages\/16926\/revisions"}],"predecessor-version":[{"id":16941,"href":"https:\/\/czerwonagora.pl\/index.php\/wp-json\/wp\/v2\/pages\/16926\/revisions\/16941"}],"wp:attachment":[{"href":"https:\/\/czerwonagora.pl\/index.php\/wp-json\/wp\/v2\/media?parent=16926"}],"curies":[{"name":"wp","href":"https:\/\/api.w.org\/{rel}","templated":true}]}}