{"id":18654,"date":"2023-02-28T13:08:08","date_gmt":"2023-02-28T12:08:08","guid":{"rendered":"https:\/\/czerwonagora.pl\/?page_id=18654"},"modified":"2025-03-24T09:37:46","modified_gmt":"2025-03-24T08:37:46","slug":"poradnia-onkologiczna","status":"publish","type":"page","link":"https:\/\/czerwonagora.pl\/index.php\/poradnia-onkologiczna\/","title":{"rendered":"Poradnia Onkologiczna"},"content":{"rendered":"\t\t<div data-elementor-type=\"wp-page\" data-elementor-id=\"18654\" class=\"elementor elementor-18654\">\n\t\t\t\t\t\t<section class=\"elementor-section elementor-top-section elementor-element elementor-element-1bace0c elementor-section-stretched elementor-section-boxed elementor-section-height-default elementor-section-height-default\" data-id=\"1bace0c\" data-element_type=\"section\" data-e-type=\"section\" data-settings=\"{&quot;stretch_section&quot;:&quot;section-stretched&quot;}\">\n\t\t\t\t\t\t<div class=\"elementor-container elementor-column-gap-default\">\n\t\t\t\t\t<div class=\"elementor-column elementor-col-50 elementor-top-column elementor-element elementor-element-a6defda\" data-id=\"a6defda\" data-element_type=\"column\" data-e-type=\"column\">\n\t\t\t<div class=\"elementor-widget-wrap elementor-element-populated\">\n\t\t\t\t\t\t<div class=\"elementor-element elementor-element-b815abf elementor-widget elementor-widget-text-editor\" data-id=\"b815abf\" data-element_type=\"widget\" data-e-type=\"widget\" data-widget_type=\"text-editor.default\">\n\t\t\t\t<div class=\"elementor-widget-container\">\n\t\t\t\t\t\t\t\t\t<p>Poradnia Onkologiczna Szpitala Specjalistycznego im. \u015aw. Rafa\u0142a w Czerwonej G\u00f3rze zapewnia kompleksow\u0105 opiek\u0119 nad Pacjentami z podejrzeniem nowotworu lub zdiagnozowan\u0105 chorob\u0105 nowotworow\u0105. W Poradni Onkologicznej prowadzone s\u0105 konsultacje Pacjent\u00f3w zar\u00f3wno z podejrzeniem procesu nowotworowego, jak i ju\u017c rozpoznan\u0105 chorob\u0105.<\/p><p>Otaczamy opiek\u0105 chorych leczonych operacyjnie w naszym Szpitalu, jeste\u015bmy tak\u017ce przygotowani na leczenie Pacjent\u00f3w z innych o\u015brodk\u00f3w onkologicznych.<\/p><p>Poradnia ma charakter konsultacyjny w stosunku do pacjent\u00f3w leczonych, b\u0105d\u017a oczekuj\u0105cych na leczenie w Oddziale Chemioterapii dziennej i ambulatoryjnej.<\/p><p>Zajmujemy si\u0119 udzieleniem porad chorym skierowanym przez lekarzy rodzinnych lub<br \/>z innych poradni specjalistycznych oraz oddzia\u0142\u00f3w szpitalnych. Przyj\u0119cie nie wymaga skierowania lekarskiego.<\/p><p>W poradni odbywaj\u0105 si\u0119 tak\u017ce wizyty kontrolne po przebytym leczeniu w Oddziale Chemioterapii dziennej i ambulatoryjnej.<\/p><p>Poradnia \u015bwiadczy us\u0142ugi w zakresie:<\/p><ul><li>porady i konsultacje specjalistyczne w zakresie onkologii,<\/li><li>kierowanie chorych do diagnostyki i leczenia specjalistycznego: chirurgii, chemioterapii i leczenia wspomagaj\u0105cego,<\/li><li>wykonanie albo zlecenie wykonania bada\u0144 diagnostycznych,<\/li><li>wystawianie skierowa\u0144 na inne konsultacje specjalistyczne, leczenie szpitalne, uzdrowiskowe i rehabilitacj\u0119,<\/li><li>zlecenie i ordynowanie lek\u00f3w i materia\u0142\u00f3w medycznych, wydawanie niezb\u0119dnych zlece\u0144 na zaopatrzenie w przedmioty ortopedyczne i \u015brodki pomocnicze,<\/li><li>wydawanie niezb\u0119dnych orzecze\u0144 o stanie zdrowia w zakresie przewidzianym<br \/>w ustawie,<\/li><\/ul><p>prowadzenie bada\u0144 kontrolnych po przebytym leczeniu onkologicznym, edukacja medyczna i promocja zachowa\u0144 prozdrowotnych.<\/p>\t\t\t\t\t\t\t\t<\/div>\n\t\t\t\t<\/div>\n\t\t\t\t\t<\/div>\n\t\t<\/div>\n\t\t\t\t<div class=\"elementor-column elementor-col-50 elementor-top-column elementor-element elementor-element-3fda5b8\" data-id=\"3fda5b8\" data-element_type=\"column\" data-e-type=\"column\" data-settings=\"{&quot;background_background&quot;:&quot;classic&quot;}\">\n\t\t\t<div class=\"elementor-widget-wrap elementor-element-populated\">\n\t\t\t\t\t\t<div class=\"elementor-element elementor-element-4d5cd92 elementor-view-default elementor-widget elementor-widget-icon\" data-id=\"4d5cd92\" data-element_type=\"widget\" data-e-type=\"widget\" data-widget_type=\"icon.default\">\n\t\t\t\t<div class=\"elementor-widget-container\">\n\t\t\t\t\t\t\t<div class=\"elementor-icon-wrapper\">\n\t\t\t<div class=\"elementor-icon\">\n\t\t\t<i aria-hidden=\"true\" class=\"fas fa-phone-square\"><\/i>\t\t\t<\/div>\n\t\t<\/div>\n\t\t\t\t\t\t<\/div>\n\t\t\t\t<\/div>\n\t\t\t\t<div class=\"elementor-element elementor-element-01f6fee elementor-widget elementor-widget-text-editor\" data-id=\"01f6fee\" data-element_type=\"widget\" data-e-type=\"widget\" data-widget_type=\"text-editor.default\">\n\t\t\t\t<div class=\"elementor-widget-container\">\n\t\t\t\t\t\t\t\t\t<p style=\"font-size: 16px; font-style: normal; font-weight: 300;\">Lokalizacja:<span style=\"font-weight: bold;\"> Budynek D, III pi\u0119tro<\/span><\/p><div><p style=\"font-size: 16px;\"><span style=\"font-weight: bold;\">Numery bezpo\u015brednie:<\/span><span style=\"font-weight: bold;\"><br \/><\/span><\/p><p style=\"font-size: 16px;\"><span style=\"font-weight: bold;\">Szpital<\/span>: +48 (41) 34 655 45 do 48<\/p><p style=\"font-size: 16px;\"><span style=\"font-weight: bold;\">Numery wewn\u0119trzne:<\/span><\/p><ul><li><span style=\"font-weight: bold;\">wew. 237<\/span>\u00a0Poradnia Onkologiczna<\/li><\/ul><\/div><div>\u00a0<\/div>\t\t\t\t\t\t\t\t<\/div>\n\t\t\t\t<\/div>\n\t\t\t\t\t<\/div>\n\t\t<\/div>\n\t\t\t\t\t<\/div>\n\t\t<\/section>\n\t\t\t\t<\/div>\n\t\t","protected":false},"excerpt":{"rendered":"<p>Poradnia Onkologiczna Szpitala Specjalistycznego im. \u015aw. Rafa\u0142a w Czerwonej G\u00f3rze zapewnia kompleksow\u0105 opiek\u0119 nad Pacjentami z podejrzeniem nowotworu lub zdiagnozowan\u0105 chorob\u0105 nowotworow\u0105. W Poradni Onkologicznej prowadzone s\u0105 konsultacje Pacjent\u00f3w zar\u00f3wno z podejrzeniem procesu nowotworowego, jak i ju\u017c rozpoznan\u0105 chorob\u0105. Otaczamy opiek\u0105 chorych leczonych operacyjnie w naszym Szpitalu, jeste\u015bmy tak\u017ce przygotowani na leczenie Pacjent\u00f3w z innych [&hellip;]<\/p>\n","protected":false},"author":9,"featured_media":0,"parent":0,"menu_order":0,"comment_status":"closed","ping_status":"closed","template":"","meta":{"zakra_page_container_layout":"customizer","zakra_page_sidebar_layout":"customizer","zakra_remove_content_margin":false,"zakra_sidebar":"customizer","zakra_transparent_header":"customizer","zakra_logo":0,"zakra_main_header_style":"default","zakra_menu_item_color":"","zakra_menu_item_hover_color":"","zakra_menu_item_active_color":"","zakra_menu_active_style":"","zakra_page_header":true,"footnotes":""},"class_list":["post-18654","page","type-page","status-publish","hentry"],"yoast_head":"<!-- This site is optimized with the Yoast SEO plugin v27.3 - https:\/\/yoast.com\/product\/yoast-seo-wordpress\/ -->\n<title>Poradnia Onkologiczna - Wojew\u00f3dzki Szpital Specjalistyczny im. \u015aw. Rafa\u0142a w Czerwonej G\u00f3rze<\/title>\n<meta name=\"robots\" content=\"index, follow, max-snippet:-1, max-image-preview:large, max-video-preview:-1\" \/>\n<link rel=\"canonical\" href=\"https:\/\/czerwonagora.pl\/index.php\/poradnia-onkologiczna\/\" \/>\n<meta property=\"og:locale\" content=\"pl_PL\" \/>\n<meta property=\"og:type\" content=\"article\" \/>\n<meta property=\"og:title\" content=\"Poradnia Onkologiczna - Wojew\u00f3dzki Szpital Specjalistyczny im. \u015aw. Rafa\u0142a w Czerwonej G\u00f3rze\" \/>\n<meta property=\"og:description\" content=\"Poradnia Onkologiczna Szpitala Specjalistycznego im. \u015aw. Rafa\u0142a w Czerwonej G\u00f3rze zapewnia kompleksow\u0105 opiek\u0119 nad Pacjentami z podejrzeniem nowotworu lub zdiagnozowan\u0105 chorob\u0105 nowotworow\u0105. W Poradni Onkologicznej prowadzone s\u0105 konsultacje Pacjent\u00f3w zar\u00f3wno z podejrzeniem procesu nowotworowego, jak i ju\u017c rozpoznan\u0105 chorob\u0105. Otaczamy opiek\u0105 chorych leczonych operacyjnie w naszym Szpitalu, jeste\u015bmy tak\u017ce przygotowani na leczenie Pacjent\u00f3w z innych [&hellip;]\" \/>\n<meta property=\"og:url\" content=\"https:\/\/czerwonagora.pl\/index.php\/poradnia-onkologiczna\/\" \/>\n<meta property=\"og:site_name\" content=\"Wojew\u00f3dzki Szpital Specjalistyczny im. \u015aw. Rafa\u0142a w Czerwonej G\u00f3rze\" \/>\n<meta property=\"article:publisher\" content=\"https:\/\/www.facebook.com\/SzpitalCzerwonaGora\/\" \/>\n<meta property=\"article:modified_time\" content=\"2025-03-24T08:37:46+00:00\" \/>\n<meta property=\"og:image\" content=\"https:\/\/czerwonagora.pl\/wp-content\/uploads\/2021\/06\/DJI_0005-Duzy.jpg\" \/>\n\t<meta property=\"og:image:width\" content=\"1920\" \/>\n\t<meta property=\"og:image:height\" content=\"1080\" \/>\n\t<meta property=\"og:image:type\" content=\"image\/jpeg\" \/>\n<meta name=\"twitter:card\" content=\"summary_large_image\" \/>\n<meta name=\"twitter:label1\" content=\"Szacowany czas czytania\" \/>\n\t<meta name=\"twitter:data1\" content=\"2 minuty\" \/>\n<script type=\"application\/ld+json\" class=\"yoast-schema-graph\">{\"@context\":\"https:\\\/\\\/schema.org\",\"@graph\":[{\"@type\":\"WebPage\",\"@id\":\"https:\\\/\\\/czerwonagora.pl\\\/index.php\\\/poradnia-onkologiczna\\\/\",\"url\":\"https:\\\/\\\/czerwonagora.pl\\\/index.php\\\/poradnia-onkologiczna\\\/\",\"name\":\"Poradnia Onkologiczna - Wojew\u00f3dzki Szpital Specjalistyczny im. \u015aw. Rafa\u0142a w Czerwonej G\u00f3rze\",\"isPartOf\":{\"@id\":\"https:\\\/\\\/czerwonagora.pl\\\/#website\"},\"datePublished\":\"2023-02-28T12:08:08+00:00\",\"dateModified\":\"2025-03-24T08:37:46+00:00\",\"breadcrumb\":{\"@id\":\"https:\\\/\\\/czerwonagora.pl\\\/index.php\\\/poradnia-onkologiczna\\\/#breadcrumb\"},\"inLanguage\":\"pl-PL\",\"potentialAction\":[{\"@type\":\"ReadAction\",\"target\":[\"https:\\\/\\\/czerwonagora.pl\\\/index.php\\\/poradnia-onkologiczna\\\/\"]}]},{\"@type\":\"BreadcrumbList\",\"@id\":\"https:\\\/\\\/czerwonagora.pl\\\/index.php\\\/poradnia-onkologiczna\\\/#breadcrumb\",\"itemListElement\":[{\"@type\":\"ListItem\",\"position\":1,\"name\":\"Strona g\u0142\u00f3wna\",\"item\":\"https:\\\/\\\/czerwonagora.pl\\\/\"},{\"@type\":\"ListItem\",\"position\":2,\"name\":\"Poradnia Onkologiczna\"}]},{\"@type\":\"WebSite\",\"@id\":\"https:\\\/\\\/czerwonagora.pl\\\/#website\",\"url\":\"https:\\\/\\\/czerwonagora.pl\\\/\",\"name\":\"Wojew\u00f3dzki Szpital Specjalistyczny im. \u015aw. Rafa\u0142a w Czerwonej G\u00f3rze\",\"description\":\"Wojew\u00f3dzki Szpital Specjalistyczny im. \u015aw. Rafa\u0142a w Czerwonej G\u00f3rze\",\"publisher\":{\"@id\":\"https:\\\/\\\/czerwonagora.pl\\\/#organization\"},\"potentialAction\":[{\"@type\":\"SearchAction\",\"target\":{\"@type\":\"EntryPoint\",\"urlTemplate\":\"https:\\\/\\\/czerwonagora.pl\\\/?s={search_term_string}\"},\"query-input\":{\"@type\":\"PropertyValueSpecification\",\"valueRequired\":true,\"valueName\":\"search_term_string\"}}],\"inLanguage\":\"pl-PL\"},{\"@type\":\"Organization\",\"@id\":\"https:\\\/\\\/czerwonagora.pl\\\/#organization\",\"name\":\"Wojew\u00f3dzki Szpital Specjalistyczny im. \u015aw. Rafa\u0142a w Czerwonej G\u00f3rze\",\"url\":\"https:\\\/\\\/czerwonagora.pl\\\/\",\"logo\":{\"@type\":\"ImageObject\",\"inLanguage\":\"pl-PL\",\"@id\":\"https:\\\/\\\/czerwonagora.pl\\\/#\\\/schema\\\/logo\\\/image\\\/\",\"url\":\"https:\\\/\\\/czerwonagora.pl\\\/wp-content\\\/uploads\\\/2021\\\/06\\\/Logo-WSS-DUZE-transparentne.png\",\"contentUrl\":\"https:\\\/\\\/czerwonagora.pl\\\/wp-content\\\/uploads\\\/2021\\\/06\\\/Logo-WSS-DUZE-transparentne.png\",\"width\":4210,\"height\":2975,\"caption\":\"Wojew\u00f3dzki Szpital Specjalistyczny im. \u015aw. Rafa\u0142a w Czerwonej G\u00f3rze\"},\"image\":{\"@id\":\"https:\\\/\\\/czerwonagora.pl\\\/#\\\/schema\\\/logo\\\/image\\\/\"},\"sameAs\":[\"https:\\\/\\\/www.facebook.com\\\/SzpitalCzerwonaGora\\\/\"]}]}<\/script>\n<!-- \/ Yoast SEO plugin. -->","yoast_head_json":{"title":"Poradnia Onkologiczna - Wojew\u00f3dzki Szpital Specjalistyczny im. \u015aw. Rafa\u0142a w Czerwonej G\u00f3rze","robots":{"index":"index","follow":"follow","max-snippet":"max-snippet:-1","max-image-preview":"max-image-preview:large","max-video-preview":"max-video-preview:-1"},"canonical":"https:\/\/czerwonagora.pl\/index.php\/poradnia-onkologiczna\/","og_locale":"pl_PL","og_type":"article","og_title":"Poradnia Onkologiczna - Wojew\u00f3dzki Szpital Specjalistyczny im. \u015aw. Rafa\u0142a w Czerwonej G\u00f3rze","og_description":"Poradnia Onkologiczna Szpitala Specjalistycznego im. \u015aw. Rafa\u0142a w Czerwonej G\u00f3rze zapewnia kompleksow\u0105 opiek\u0119 nad Pacjentami z podejrzeniem nowotworu lub zdiagnozowan\u0105 chorob\u0105 nowotworow\u0105. W Poradni Onkologicznej prowadzone s\u0105 konsultacje Pacjent\u00f3w zar\u00f3wno z podejrzeniem procesu nowotworowego, jak i ju\u017c rozpoznan\u0105 chorob\u0105. Otaczamy opiek\u0105 chorych leczonych operacyjnie w naszym Szpitalu, jeste\u015bmy tak\u017ce przygotowani na leczenie Pacjent\u00f3w z innych [&hellip;]","og_url":"https:\/\/czerwonagora.pl\/index.php\/poradnia-onkologiczna\/","og_site_name":"Wojew\u00f3dzki Szpital Specjalistyczny im. \u015aw. Rafa\u0142a w Czerwonej G\u00f3rze","article_publisher":"https:\/\/www.facebook.com\/SzpitalCzerwonaGora\/","article_modified_time":"2025-03-24T08:37:46+00:00","og_image":[{"width":1920,"height":1080,"url":"https:\/\/czerwonagora.pl\/wp-content\/uploads\/2021\/06\/DJI_0005-Duzy.jpg","type":"image\/jpeg"}],"twitter_card":"summary_large_image","twitter_misc":{"Szacowany czas czytania":"2 minuty"},"schema":{"@context":"https:\/\/schema.org","@graph":[{"@type":"WebPage","@id":"https:\/\/czerwonagora.pl\/index.php\/poradnia-onkologiczna\/","url":"https:\/\/czerwonagora.pl\/index.php\/poradnia-onkologiczna\/","name":"Poradnia Onkologiczna - Wojew\u00f3dzki Szpital Specjalistyczny im. \u015aw. Rafa\u0142a w Czerwonej G\u00f3rze","isPartOf":{"@id":"https:\/\/czerwonagora.pl\/#website"},"datePublished":"2023-02-28T12:08:08+00:00","dateModified":"2025-03-24T08:37:46+00:00","breadcrumb":{"@id":"https:\/\/czerwonagora.pl\/index.php\/poradnia-onkologiczna\/#breadcrumb"},"inLanguage":"pl-PL","potentialAction":[{"@type":"ReadAction","target":["https:\/\/czerwonagora.pl\/index.php\/poradnia-onkologiczna\/"]}]},{"@type":"BreadcrumbList","@id":"https:\/\/czerwonagora.pl\/index.php\/poradnia-onkologiczna\/#breadcrumb","itemListElement":[{"@type":"ListItem","position":1,"name":"Strona g\u0142\u00f3wna","item":"https:\/\/czerwonagora.pl\/"},{"@type":"ListItem","position":2,"name":"Poradnia Onkologiczna"}]},{"@type":"WebSite","@id":"https:\/\/czerwonagora.pl\/#website","url":"https:\/\/czerwonagora.pl\/","name":"Wojew\u00f3dzki Szpital Specjalistyczny im. \u015aw. Rafa\u0142a w Czerwonej G\u00f3rze","description":"Wojew\u00f3dzki Szpital Specjalistyczny im. \u015aw. Rafa\u0142a w Czerwonej G\u00f3rze","publisher":{"@id":"https:\/\/czerwonagora.pl\/#organization"},"potentialAction":[{"@type":"SearchAction","target":{"@type":"EntryPoint","urlTemplate":"https:\/\/czerwonagora.pl\/?s={search_term_string}"},"query-input":{"@type":"PropertyValueSpecification","valueRequired":true,"valueName":"search_term_string"}}],"inLanguage":"pl-PL"},{"@type":"Organization","@id":"https:\/\/czerwonagora.pl\/#organization","name":"Wojew\u00f3dzki Szpital Specjalistyczny im. \u015aw. Rafa\u0142a w Czerwonej G\u00f3rze","url":"https:\/\/czerwonagora.pl\/","logo":{"@type":"ImageObject","inLanguage":"pl-PL","@id":"https:\/\/czerwonagora.pl\/#\/schema\/logo\/image\/","url":"https:\/\/czerwonagora.pl\/wp-content\/uploads\/2021\/06\/Logo-WSS-DUZE-transparentne.png","contentUrl":"https:\/\/czerwonagora.pl\/wp-content\/uploads\/2021\/06\/Logo-WSS-DUZE-transparentne.png","width":4210,"height":2975,"caption":"Wojew\u00f3dzki Szpital Specjalistyczny im. \u015aw. Rafa\u0142a w Czerwonej G\u00f3rze"},"image":{"@id":"https:\/\/czerwonagora.pl\/#\/schema\/logo\/image\/"},"sameAs":["https:\/\/www.facebook.com\/SzpitalCzerwonaGora\/"]}]}},"publishpress_future_action":{"enabled":false,"date":"2026-04-17 07:27:39","action":"change-status","newStatus":"draft","terms":[],"taxonomy":"","extraData":[]},"publishpress_future_workflow_manual_trigger":{"enabledWorkflows":[]},"_links":{"self":[{"href":"https:\/\/czerwonagora.pl\/index.php\/wp-json\/wp\/v2\/pages\/18654","targetHints":{"allow":["GET"]}}],"collection":[{"href":"https:\/\/czerwonagora.pl\/index.php\/wp-json\/wp\/v2\/pages"}],"about":[{"href":"https:\/\/czerwonagora.pl\/index.php\/wp-json\/wp\/v2\/types\/page"}],"author":[{"embeddable":true,"href":"https:\/\/czerwonagora.pl\/index.php\/wp-json\/wp\/v2\/users\/9"}],"replies":[{"embeddable":true,"href":"https:\/\/czerwonagora.pl\/index.php\/wp-json\/wp\/v2\/comments?post=18654"}],"version-history":[{"count":16,"href":"https:\/\/czerwonagora.pl\/index.php\/wp-json\/wp\/v2\/pages\/18654\/revisions"}],"predecessor-version":[{"id":26841,"href":"https:\/\/czerwonagora.pl\/index.php\/wp-json\/wp\/v2\/pages\/18654\/revisions\/26841"}],"wp:attachment":[{"href":"https:\/\/czerwonagora.pl\/index.php\/wp-json\/wp\/v2\/media?parent=18654"}],"curies":[{"name":"wp","href":"https:\/\/api.w.org\/{rel}","templated":true}]}}