{"id":19597,"date":"2023-10-10T22:01:17","date_gmt":"2023-10-10T20:01:17","guid":{"rendered":"https:\/\/czerwonagora.pl\/?page_id=19597"},"modified":"2026-01-15T10:17:59","modified_gmt":"2026-01-15T09:17:59","slug":"dobry-posilek-w-szpitalu","status":"publish","type":"page","link":"https:\/\/czerwonagora.pl\/index.php\/dobry-posilek-w-szpitalu\/","title":{"rendered":"Dobry posi\u0142ek w Szpitalu"},"content":{"rendered":"\t\t<div data-elementor-type=\"wp-page\" data-elementor-id=\"19597\" class=\"elementor elementor-19597\">\n\t\t\t\t\t\t<section class=\"elementor-section elementor-top-section elementor-element elementor-element-1ebfdad elementor-section-boxed elementor-section-height-default elementor-section-height-default\" data-id=\"1ebfdad\" data-element_type=\"section\" data-e-type=\"section\">\n\t\t\t\t\t\t<div class=\"elementor-container elementor-column-gap-default\">\n\t\t\t\t\t<div class=\"elementor-column elementor-col-100 elementor-top-column elementor-element elementor-element-f1c49a7\" data-id=\"f1c49a7\" data-element_type=\"column\" data-e-type=\"column\">\n\t\t\t<div class=\"elementor-widget-wrap elementor-element-populated\">\n\t\t\t\t\t\t<section class=\"elementor-section elementor-inner-section elementor-element elementor-element-eceaee4 elementor-section-boxed elementor-section-height-default elementor-section-height-default\" data-id=\"eceaee4\" data-element_type=\"section\" data-e-type=\"section\">\n\t\t\t\t\t\t<div class=\"elementor-container elementor-column-gap-default\">\n\t\t\t\t\t<div class=\"elementor-column elementor-col-50 elementor-inner-column elementor-element elementor-element-e070000\" data-id=\"e070000\" data-element_type=\"column\" data-e-type=\"column\">\n\t\t\t<div class=\"elementor-widget-wrap elementor-element-populated\">\n\t\t\t\t\t\t<div class=\"elementor-element elementor-element-48d1620 elementor-view-stacked elementor-shape-circle elementor-widget elementor-widget-icon\" data-id=\"48d1620\" data-element_type=\"widget\" data-e-type=\"widget\" data-widget_type=\"icon.default\">\n\t\t\t\t<div class=\"elementor-widget-container\">\n\t\t\t\t\t\t\t<div class=\"elementor-icon-wrapper\">\n\t\t\t<div class=\"elementor-icon\">\n\t\t\t<i aria-hidden=\"true\" class=\"fas fa-mug-hot\"><\/i>\t\t\t<\/div>\n\t\t<\/div>\n\t\t\t\t\t\t<\/div>\n\t\t\t\t<\/div>\n\t\t\t\t\t<\/div>\n\t\t<\/div>\n\t\t\t\t<div class=\"elementor-column elementor-col-50 elementor-inner-column elementor-element elementor-element-0694b15\" data-id=\"0694b15\" data-element_type=\"column\" data-e-type=\"column\">\n\t\t\t<div class=\"elementor-widget-wrap elementor-element-populated\">\n\t\t\t\t\t\t<div class=\"elementor-element elementor-element-9f8db5c elementor-widget elementor-widget-heading\" data-id=\"9f8db5c\" data-element_type=\"widget\" data-e-type=\"widget\" data-widget_type=\"heading.default\">\n\t\t\t\t<div class=\"elementor-widget-container\">\n\t\t\t\t\t<h2 class=\"elementor-heading-title elementor-size-default\">Pilota\u017cowy program \"Dobry posi\u0142ek w szpitalu\"<\/h2>\t\t\t\t<\/div>\n\t\t\t\t<\/div>\n\t\t\t\t\t<\/div>\n\t\t<\/div>\n\t\t\t\t\t<\/div>\n\t\t<\/section>\n\t\t\t\t\t<\/div>\n\t\t<\/div>\n\t\t\t\t\t<\/div>\n\t\t<\/section>\n\t\t\t\t<section class=\"elementor-section elementor-top-section elementor-element elementor-element-caaa819 elementor-section-boxed elementor-section-height-default elementor-section-height-default\" data-id=\"caaa819\" data-element_type=\"section\" data-e-type=\"section\">\n\t\t\t\t\t\t<div class=\"elementor-container elementor-column-gap-default\">\n\t\t\t\t\t<div class=\"elementor-column elementor-col-100 elementor-top-column elementor-element elementor-element-05a5147\" data-id=\"05a5147\" data-element_type=\"column\" data-e-type=\"column\">\n\t\t\t<div class=\"elementor-widget-wrap elementor-element-populated\">\n\t\t\t\t\t\t<div class=\"elementor-element elementor-element-0a0e3e2 elementor-widget elementor-widget-text-editor\" data-id=\"0a0e3e2\" data-element_type=\"widget\" data-e-type=\"widget\" data-widget_type=\"text-editor.default\">\n\t\t\t\t<div class=\"elementor-widget-container\">\n\t\t\t\t\t\t\t\t\t<p>Celem programu pilota\u017cowego jest zwi\u0119kszenie dost\u0119pno\u015bci porad \u017cywieniowych w szpitalach oraz wdro\u017cenie optymalnego modelu \u017cywienia pacjent\u00f3w przebywaj\u0105cych w szpitalach. Jak napisano w uzasadnieniu do zarz\u0105dzenia prezesa NFZ, wprowadzenie programu pilota\u017cowego wynika ze \u015bwiadomo\u015bci szczeg\u00f3lnego znaczenia w\u0142a\u015bciwego \u017cywienia pacjent\u00f3w przebywaj\u0105cego w warunkach szpitalnych. Odpowiednia dieta w szpitalu powinna by\u0107 integraln\u0105 cz\u0119\u015bci\u0105 ca\u0142ego procesu leczenia, a w\u0142a\u015bciwa ocena stanu od\u017cywienia i wdra\u017canie odpowiedniego sposobu \u017cywienia istotnym elementem zwi\u0119kszenia szans chorych na wyzdrowienie, popraw\u0119 skuteczno\u015bci leczenia zachowawczego i \u00a0chirurgicznego oraz zmniejszenie ryzyka powik\u0142a\u0144 i skr\u00f3cenie czasu gojenia si\u0119 ran pooperacyjnych. Dobrze od\u017cywiony pacjent szybciej powraca do zdrowia i tym samym mo\u017ce kr\u00f3cej przebywa\u0107 w szpitalu, co korzystnie wp\u0142ywa na jego og\u00f3lny stan zdrowia fizycznego i psychicznego, a tak\u017ce obni\u017ca ca\u0142kowity koszt leczenia.<\/p>\t\t\t\t\t\t\t\t<\/div>\n\t\t\t\t<\/div>\n\t\t\t\t\t<\/div>\n\t\t<\/div>\n\t\t\t\t\t<\/div>\n\t\t<\/section>\n\t\t\t\t<section class=\"elementor-section elementor-top-section elementor-element elementor-element-7536ba4 elementor-section-boxed elementor-section-height-default elementor-section-height-default\" data-id=\"7536ba4\" data-element_type=\"section\" data-e-type=\"section\">\n\t\t\t\t\t\t<div class=\"elementor-container elementor-column-gap-default\">\n\t\t\t\t\t<div class=\"elementor-column elementor-col-100 elementor-top-column elementor-element elementor-element-67d392c\" data-id=\"67d392c\" data-element_type=\"column\" data-e-type=\"column\">\n\t\t\t<div class=\"elementor-widget-wrap elementor-element-populated\">\n\t\t\t\t\t\t<div class=\"elementor-element elementor-element-eced96c elementor-widget elementor-widget-heading\" data-id=\"eced96c\" data-element_type=\"widget\" data-e-type=\"widget\" data-widget_type=\"heading.default\">\n\t\t\t\t<div class=\"elementor-widget-container\">\n\t\t\t\t\t<h3 class=\"elementor-heading-title elementor-size-default\">Przeczytaj wi\u0119cej<\/h3>\t\t\t\t<\/div>\n\t\t\t\t<\/div>\n\t\t\t\t<section class=\"elementor-section elementor-inner-section elementor-element elementor-element-3c41a68 elementor-section-boxed elementor-section-height-default elementor-section-height-default\" data-id=\"3c41a68\" data-element_type=\"section\" data-e-type=\"section\">\n\t\t\t\t\t\t<div class=\"elementor-container elementor-column-gap-default\">\n\t\t\t\t\t<div class=\"elementor-column elementor-col-33 elementor-inner-column elementor-element elementor-element-3546ec2\" data-id=\"3546ec2\" data-element_type=\"column\" data-e-type=\"column\">\n\t\t\t<div class=\"elementor-widget-wrap elementor-element-populated\">\n\t\t\t\t\t\t<div class=\"elementor-element elementor-element-2bb655d elementor-align-center elementor-widget elementor-widget-button\" data-id=\"2bb655d\" data-element_type=\"widget\" data-e-type=\"widget\" data-widget_type=\"button.default\">\n\t\t\t\t<div class=\"elementor-widget-container\">\n\t\t\t\t\t\t\t\t\t<div class=\"elementor-button-wrapper\">\n\t\t\t\t\t<a class=\"elementor-button elementor-button-link elementor-size-md\" href=\"https:\/\/czerwonagora.pl\/index.php\/jadlospis\/\">\n\t\t\t\t\t\t<span class=\"elementor-button-content-wrapper\">\n\t\t\t\t\t\t\t\t\t<span class=\"elementor-button-text\">Jad\u0142ospis<\/span>\n\t\t\t\t\t<\/span>\n\t\t\t\t\t<\/a>\n\t\t\t\t<\/div>\n\t\t\t\t\t\t\t\t<\/div>\n\t\t\t\t<\/div>\n\t\t\t\t\t<\/div>\n\t\t<\/div>\n\t\t\t\t<div class=\"elementor-column elementor-col-33 elementor-inner-column elementor-element elementor-element-b8a9c08\" data-id=\"b8a9c08\" data-element_type=\"column\" data-e-type=\"column\">\n\t\t\t<div class=\"elementor-widget-wrap elementor-element-populated\">\n\t\t\t\t\t\t<div class=\"elementor-element elementor-element-fd0a433 elementor-align-center elementor-widget__width-initial elementor-widget elementor-widget-button\" data-id=\"fd0a433\" data-element_type=\"widget\" data-e-type=\"widget\" data-widget_type=\"button.default\">\n\t\t\t\t<div class=\"elementor-widget-container\">\n\t\t\t\t\t\t\t\t\t<div class=\"elementor-button-wrapper\">\n\t\t\t\t\t<a class=\"elementor-button elementor-size-md\" role=\"button\">\n\t\t\t\t\t\t<span class=\"elementor-button-content-wrapper\">\n\t\t\t\t\t\t\t\t\t<span class=\"elementor-button-text\">Wyniki bada\u0144 laboratoryjnych<\/span>\n\t\t\t\t\t<\/span>\n\t\t\t\t\t<\/a>\n\t\t\t\t<\/div>\n\t\t\t\t\t\t\t\t<\/div>\n\t\t\t\t<\/div>\n\t\t\t\t\t<\/div>\n\t\t<\/div>\n\t\t\t\t<div class=\"elementor-column elementor-col-33 elementor-inner-column elementor-element elementor-element-f91903f\" data-id=\"f91903f\" data-element_type=\"column\" data-e-type=\"column\">\n\t\t\t<div class=\"elementor-widget-wrap elementor-element-populated\">\n\t\t\t\t\t\t<div class=\"elementor-element elementor-element-178020f elementor-align-center elementor-widget elementor-widget-button\" data-id=\"178020f\" data-element_type=\"widget\" data-e-type=\"widget\" data-widget_type=\"button.default\">\n\t\t\t\t<div class=\"elementor-widget-container\">\n\t\t\t\t\t\t\t\t\t<div class=\"elementor-button-wrapper\">\n\t\t\t\t\t<a class=\"elementor-button elementor-button-link elementor-size-md\" href=\"https:\/\/czerwonagora.pl\/index.php\/porady-dietetyka\/\">\n\t\t\t\t\t\t<span class=\"elementor-button-content-wrapper\">\n\t\t\t\t\t\t\t\t\t<span class=\"elementor-button-text\">Materia\u0142y edukacyjne<\/span>\n\t\t\t\t\t<\/span>\n\t\t\t\t\t<\/a>\n\t\t\t\t<\/div>\n\t\t\t\t\t\t\t\t<\/div>\n\t\t\t\t<\/div>\n\t\t\t\t\t<\/div>\n\t\t<\/div>\n\t\t\t\t\t<\/div>\n\t\t<\/section>\n\t\t\t\t\t<\/div>\n\t\t<\/div>\n\t\t\t\t\t<\/div>\n\t\t<\/section>\n\t\t\t\t<section class=\"elementor-section elementor-top-section elementor-element elementor-element-f196f1a elementor-section-boxed elementor-section-height-default elementor-section-height-default\" data-id=\"f196f1a\" data-element_type=\"section\" data-e-type=\"section\">\n\t\t\t\t\t\t<div class=\"elementor-container elementor-column-gap-default\">\n\t\t\t\t\t<div class=\"elementor-column elementor-col-100 elementor-top-column elementor-element elementor-element-8e533fd\" data-id=\"8e533fd\" data-element_type=\"column\" data-e-type=\"column\">\n\t\t\t<div class=\"elementor-widget-wrap\">\n\t\t\t\t\t\t\t<\/div>\n\t\t<\/div>\n\t\t\t\t\t<\/div>\n\t\t<\/section>\n\t\t\t\t<section class=\"elementor-section elementor-top-section elementor-element elementor-element-f2b62c9 elementor-section-boxed elementor-section-height-default elementor-section-height-default\" data-id=\"f2b62c9\" data-element_type=\"section\" data-e-type=\"section\">\n\t\t\t\t\t\t<div class=\"elementor-container elementor-column-gap-default\">\n\t\t\t\t\t<div class=\"elementor-column elementor-col-100 elementor-top-column elementor-element elementor-element-b692267\" data-id=\"b692267\" data-element_type=\"column\" data-e-type=\"column\">\n\t\t\t<div class=\"elementor-widget-wrap elementor-element-populated\">\n\t\t\t\t\t\t<div class=\"elementor-element elementor-element-919903a elementor-widget elementor-widget-image\" data-id=\"919903a\" data-element_type=\"widget\" data-e-type=\"widget\" data-widget_type=\"image.default\">\n\t\t\t\t<div class=\"elementor-widget-container\">\n\t\t\t\t\t\t\t\t\t\t\t\t\t\t\t\t<a href=\"https:\/\/www.cmj.org.pl\/ankiety\/czerwonagora\">\n\t\t\t\t\t\t\t<img fetchpriority=\"high\" decoding=\"async\" width=\"1024\" height=\"1024\" src=\"https:\/\/czerwonagora.pl\/wp-content\/uploads\/2024\/03\/Ankieta-post-fb-WSS-1024x1024.png\" class=\"attachment-large size-large wp-image-21529\" alt=\"\" srcset=\"https:\/\/czerwonagora.pl\/wp-content\/uploads\/2024\/03\/Ankieta-post-fb-WSS-1024x1024.png 1024w, https:\/\/czerwonagora.pl\/wp-content\/uploads\/2024\/03\/Ankieta-post-fb-WSS-300x300.png 300w, https:\/\/czerwonagora.pl\/wp-content\/uploads\/2024\/03\/Ankieta-post-fb-WSS-150x150.png 150w, https:\/\/czerwonagora.pl\/wp-content\/uploads\/2024\/03\/Ankieta-post-fb-WSS-768x768.png 768w, https:\/\/czerwonagora.pl\/wp-content\/uploads\/2024\/03\/Ankieta-post-fb-WSS-1536x1536.png 1536w, https:\/\/czerwonagora.pl\/wp-content\/uploads\/2024\/03\/Ankieta-post-fb-WSS-2048x2048.png 2048w, https:\/\/czerwonagora.pl\/wp-content\/uploads\/2024\/03\/Ankieta-post-fb-WSS-650x650.png 650w, https:\/\/czerwonagora.pl\/wp-content\/uploads\/2024\/03\/Ankieta-post-fb-WSS-1300x1300.png 1300w\" sizes=\"(max-width: 1024px) 100vw, 1024px\" \/>\t\t\t\t\t\t\t\t<\/a>\n\t\t\t\t\t\t\t\t\t\t\t\t\t\t\t<\/div>\n\t\t\t\t<\/div>\n\t\t\t\t\t<\/div>\n\t\t<\/div>\n\t\t\t\t\t<\/div>\n\t\t<\/section>\n\t\t\t\t<\/div>\n\t\t","protected":false},"excerpt":{"rendered":"<p>Pilota\u017cowy program &#8222;Dobry posi\u0142ek w szpitalu&#8221; Celem programu pilota\u017cowego jest zwi\u0119kszenie dost\u0119pno\u015bci porad \u017cywieniowych w szpitalach oraz wdro\u017cenie optymalnego modelu \u017cywienia pacjent\u00f3w przebywaj\u0105cych w szpitalach. Jak napisano w uzasadnieniu do zarz\u0105dzenia prezesa NFZ, wprowadzenie programu pilota\u017cowego wynika ze \u015bwiadomo\u015bci szczeg\u00f3lnego znaczenia w\u0142a\u015bciwego \u017cywienia pacjent\u00f3w przebywaj\u0105cego w warunkach szpitalnych. Odpowiednia dieta w szpitalu powinna by\u0107 integraln\u0105 [&hellip;]<\/p>\n","protected":false},"author":1,"featured_media":0,"parent":0,"menu_order":0,"comment_status":"closed","ping_status":"closed","template":"","meta":{"zakra_page_container_layout":"contained","zakra_page_sidebar_layout":"right","zakra_remove_content_margin":false,"zakra_sidebar":"customizer","zakra_transparent_header":"customizer","zakra_logo":0,"zakra_main_header_style":"default","zakra_menu_item_color":"","zakra_menu_item_hover_color":"","zakra_menu_item_active_color":"","zakra_menu_active_style":"","zakra_page_header":true,"footnotes":""},"class_list":["post-19597","page","type-page","status-publish","hentry"],"yoast_head":"<!-- This site is optimized with the Yoast SEO plugin v27.3 - https:\/\/yoast.com\/product\/yoast-seo-wordpress\/ -->\n<title>Dobry posi\u0142ek w Szpitalu - Wojew\u00f3dzki Szpital Specjalistyczny im. \u015aw. Rafa\u0142a w Czerwonej G\u00f3rze<\/title>\n<meta name=\"robots\" content=\"index, follow, max-snippet:-1, max-image-preview:large, max-video-preview:-1\" \/>\n<link rel=\"canonical\" href=\"https:\/\/czerwonagora.pl\/index.php\/dobry-posilek-w-szpitalu\/\" \/>\n<meta property=\"og:locale\" content=\"pl_PL\" \/>\n<meta property=\"og:type\" content=\"article\" \/>\n<meta property=\"og:title\" content=\"Dobry posi\u0142ek w Szpitalu - Wojew\u00f3dzki Szpital Specjalistyczny im. \u015aw. Rafa\u0142a w Czerwonej G\u00f3rze\" \/>\n<meta property=\"og:description\" content=\"Pilota\u017cowy program &#8222;Dobry posi\u0142ek w szpitalu&#8221; Celem programu pilota\u017cowego jest zwi\u0119kszenie dost\u0119pno\u015bci porad \u017cywieniowych w szpitalach oraz wdro\u017cenie optymalnego modelu \u017cywienia pacjent\u00f3w przebywaj\u0105cych w szpitalach. Jak napisano w uzasadnieniu do zarz\u0105dzenia prezesa NFZ, wprowadzenie programu pilota\u017cowego wynika ze \u015bwiadomo\u015bci szczeg\u00f3lnego znaczenia w\u0142a\u015bciwego \u017cywienia pacjent\u00f3w przebywaj\u0105cego w warunkach szpitalnych. Odpowiednia dieta w szpitalu powinna by\u0107 integraln\u0105 [&hellip;]\" \/>\n<meta property=\"og:url\" content=\"https:\/\/czerwonagora.pl\/index.php\/dobry-posilek-w-szpitalu\/\" \/>\n<meta property=\"og:site_name\" content=\"Wojew\u00f3dzki Szpital Specjalistyczny im. \u015aw. Rafa\u0142a w Czerwonej G\u00f3rze\" \/>\n<meta property=\"article:publisher\" content=\"https:\/\/www.facebook.com\/SzpitalCzerwonaGora\/\" \/>\n<meta property=\"article:modified_time\" content=\"2026-01-15T09:17:59+00:00\" \/>\n<meta property=\"og:image\" content=\"https:\/\/czerwonagora.pl\/wp-content\/uploads\/2024\/03\/Ankieta-post-fb-WSS-1024x1024.png\" \/>\n<meta name=\"twitter:card\" content=\"summary_large_image\" \/>\n<meta name=\"twitter:label1\" content=\"Szacowany czas czytania\" \/>\n\t<meta name=\"twitter:data1\" content=\"1 minuta\" \/>\n<script type=\"application\/ld+json\" class=\"yoast-schema-graph\">{\"@context\":\"https:\\\/\\\/schema.org\",\"@graph\":[{\"@type\":\"WebPage\",\"@id\":\"https:\\\/\\\/czerwonagora.pl\\\/index.php\\\/dobry-posilek-w-szpitalu\\\/\",\"url\":\"https:\\\/\\\/czerwonagora.pl\\\/index.php\\\/dobry-posilek-w-szpitalu\\\/\",\"name\":\"Dobry posi\u0142ek w Szpitalu - Wojew\u00f3dzki Szpital Specjalistyczny im. \u015aw. Rafa\u0142a w Czerwonej G\u00f3rze\",\"isPartOf\":{\"@id\":\"https:\\\/\\\/czerwonagora.pl\\\/#website\"},\"primaryImageOfPage\":{\"@id\":\"https:\\\/\\\/czerwonagora.pl\\\/index.php\\\/dobry-posilek-w-szpitalu\\\/#primaryimage\"},\"image\":{\"@id\":\"https:\\\/\\\/czerwonagora.pl\\\/index.php\\\/dobry-posilek-w-szpitalu\\\/#primaryimage\"},\"thumbnailUrl\":\"https:\\\/\\\/czerwonagora.pl\\\/wp-content\\\/uploads\\\/2024\\\/03\\\/Ankieta-post-fb-WSS-1024x1024.png\",\"datePublished\":\"2023-10-10T20:01:17+00:00\",\"dateModified\":\"2026-01-15T09:17:59+00:00\",\"breadcrumb\":{\"@id\":\"https:\\\/\\\/czerwonagora.pl\\\/index.php\\\/dobry-posilek-w-szpitalu\\\/#breadcrumb\"},\"inLanguage\":\"pl-PL\",\"potentialAction\":[{\"@type\":\"ReadAction\",\"target\":[\"https:\\\/\\\/czerwonagora.pl\\\/index.php\\\/dobry-posilek-w-szpitalu\\\/\"]}]},{\"@type\":\"ImageObject\",\"inLanguage\":\"pl-PL\",\"@id\":\"https:\\\/\\\/czerwonagora.pl\\\/index.php\\\/dobry-posilek-w-szpitalu\\\/#primaryimage\",\"url\":\"https:\\\/\\\/czerwonagora.pl\\\/wp-content\\\/uploads\\\/2024\\\/03\\\/Ankieta-post-fb-WSS.png\",\"contentUrl\":\"https:\\\/\\\/czerwonagora.pl\\\/wp-content\\\/uploads\\\/2024\\\/03\\\/Ankieta-post-fb-WSS.png\",\"width\":3375,\"height\":3375},{\"@type\":\"BreadcrumbList\",\"@id\":\"https:\\\/\\\/czerwonagora.pl\\\/index.php\\\/dobry-posilek-w-szpitalu\\\/#breadcrumb\",\"itemListElement\":[{\"@type\":\"ListItem\",\"position\":1,\"name\":\"Strona g\u0142\u00f3wna\",\"item\":\"https:\\\/\\\/czerwonagora.pl\\\/\"},{\"@type\":\"ListItem\",\"position\":2,\"name\":\"Dobry posi\u0142ek w Szpitalu\"}]},{\"@type\":\"WebSite\",\"@id\":\"https:\\\/\\\/czerwonagora.pl\\\/#website\",\"url\":\"https:\\\/\\\/czerwonagora.pl\\\/\",\"name\":\"Wojew\u00f3dzki Szpital Specjalistyczny im. \u015aw. Rafa\u0142a w Czerwonej G\u00f3rze\",\"description\":\"Wojew\u00f3dzki Szpital Specjalistyczny im. \u015aw. Rafa\u0142a w Czerwonej G\u00f3rze\",\"publisher\":{\"@id\":\"https:\\\/\\\/czerwonagora.pl\\\/#organization\"},\"potentialAction\":[{\"@type\":\"SearchAction\",\"target\":{\"@type\":\"EntryPoint\",\"urlTemplate\":\"https:\\\/\\\/czerwonagora.pl\\\/?s={search_term_string}\"},\"query-input\":{\"@type\":\"PropertyValueSpecification\",\"valueRequired\":true,\"valueName\":\"search_term_string\"}}],\"inLanguage\":\"pl-PL\"},{\"@type\":\"Organization\",\"@id\":\"https:\\\/\\\/czerwonagora.pl\\\/#organization\",\"name\":\"Wojew\u00f3dzki Szpital Specjalistyczny im. \u015aw. Rafa\u0142a w Czerwonej G\u00f3rze\",\"url\":\"https:\\\/\\\/czerwonagora.pl\\\/\",\"logo\":{\"@type\":\"ImageObject\",\"inLanguage\":\"pl-PL\",\"@id\":\"https:\\\/\\\/czerwonagora.pl\\\/#\\\/schema\\\/logo\\\/image\\\/\",\"url\":\"https:\\\/\\\/czerwonagora.pl\\\/wp-content\\\/uploads\\\/2021\\\/06\\\/Logo-WSS-DUZE-transparentne.png\",\"contentUrl\":\"https:\\\/\\\/czerwonagora.pl\\\/wp-content\\\/uploads\\\/2021\\\/06\\\/Logo-WSS-DUZE-transparentne.png\",\"width\":4210,\"height\":2975,\"caption\":\"Wojew\u00f3dzki Szpital Specjalistyczny im. \u015aw. Rafa\u0142a w Czerwonej G\u00f3rze\"},\"image\":{\"@id\":\"https:\\\/\\\/czerwonagora.pl\\\/#\\\/schema\\\/logo\\\/image\\\/\"},\"sameAs\":[\"https:\\\/\\\/www.facebook.com\\\/SzpitalCzerwonaGora\\\/\"]}]}<\/script>\n<!-- \/ Yoast SEO plugin. -->","yoast_head_json":{"title":"Dobry posi\u0142ek w Szpitalu - Wojew\u00f3dzki Szpital Specjalistyczny im. \u015aw. Rafa\u0142a w Czerwonej G\u00f3rze","robots":{"index":"index","follow":"follow","max-snippet":"max-snippet:-1","max-image-preview":"max-image-preview:large","max-video-preview":"max-video-preview:-1"},"canonical":"https:\/\/czerwonagora.pl\/index.php\/dobry-posilek-w-szpitalu\/","og_locale":"pl_PL","og_type":"article","og_title":"Dobry posi\u0142ek w Szpitalu - Wojew\u00f3dzki Szpital Specjalistyczny im. \u015aw. Rafa\u0142a w Czerwonej G\u00f3rze","og_description":"Pilota\u017cowy program &#8222;Dobry posi\u0142ek w szpitalu&#8221; Celem programu pilota\u017cowego jest zwi\u0119kszenie dost\u0119pno\u015bci porad \u017cywieniowych w szpitalach oraz wdro\u017cenie optymalnego modelu \u017cywienia pacjent\u00f3w przebywaj\u0105cych w szpitalach. Jak napisano w uzasadnieniu do zarz\u0105dzenia prezesa NFZ, wprowadzenie programu pilota\u017cowego wynika ze \u015bwiadomo\u015bci szczeg\u00f3lnego znaczenia w\u0142a\u015bciwego \u017cywienia pacjent\u00f3w przebywaj\u0105cego w warunkach szpitalnych. Odpowiednia dieta w szpitalu powinna by\u0107 integraln\u0105 [&hellip;]","og_url":"https:\/\/czerwonagora.pl\/index.php\/dobry-posilek-w-szpitalu\/","og_site_name":"Wojew\u00f3dzki Szpital Specjalistyczny im. \u015aw. Rafa\u0142a w Czerwonej G\u00f3rze","article_publisher":"https:\/\/www.facebook.com\/SzpitalCzerwonaGora\/","article_modified_time":"2026-01-15T09:17:59+00:00","og_image":[{"url":"https:\/\/czerwonagora.pl\/wp-content\/uploads\/2024\/03\/Ankieta-post-fb-WSS-1024x1024.png","type":"","width":"","height":""}],"twitter_card":"summary_large_image","twitter_misc":{"Szacowany czas czytania":"1 minuta"},"schema":{"@context":"https:\/\/schema.org","@graph":[{"@type":"WebPage","@id":"https:\/\/czerwonagora.pl\/index.php\/dobry-posilek-w-szpitalu\/","url":"https:\/\/czerwonagora.pl\/index.php\/dobry-posilek-w-szpitalu\/","name":"Dobry posi\u0142ek w Szpitalu - Wojew\u00f3dzki Szpital Specjalistyczny im. \u015aw. Rafa\u0142a w Czerwonej G\u00f3rze","isPartOf":{"@id":"https:\/\/czerwonagora.pl\/#website"},"primaryImageOfPage":{"@id":"https:\/\/czerwonagora.pl\/index.php\/dobry-posilek-w-szpitalu\/#primaryimage"},"image":{"@id":"https:\/\/czerwonagora.pl\/index.php\/dobry-posilek-w-szpitalu\/#primaryimage"},"thumbnailUrl":"https:\/\/czerwonagora.pl\/wp-content\/uploads\/2024\/03\/Ankieta-post-fb-WSS-1024x1024.png","datePublished":"2023-10-10T20:01:17+00:00","dateModified":"2026-01-15T09:17:59+00:00","breadcrumb":{"@id":"https:\/\/czerwonagora.pl\/index.php\/dobry-posilek-w-szpitalu\/#breadcrumb"},"inLanguage":"pl-PL","potentialAction":[{"@type":"ReadAction","target":["https:\/\/czerwonagora.pl\/index.php\/dobry-posilek-w-szpitalu\/"]}]},{"@type":"ImageObject","inLanguage":"pl-PL","@id":"https:\/\/czerwonagora.pl\/index.php\/dobry-posilek-w-szpitalu\/#primaryimage","url":"https:\/\/czerwonagora.pl\/wp-content\/uploads\/2024\/03\/Ankieta-post-fb-WSS.png","contentUrl":"https:\/\/czerwonagora.pl\/wp-content\/uploads\/2024\/03\/Ankieta-post-fb-WSS.png","width":3375,"height":3375},{"@type":"BreadcrumbList","@id":"https:\/\/czerwonagora.pl\/index.php\/dobry-posilek-w-szpitalu\/#breadcrumb","itemListElement":[{"@type":"ListItem","position":1,"name":"Strona g\u0142\u00f3wna","item":"https:\/\/czerwonagora.pl\/"},{"@type":"ListItem","position":2,"name":"Dobry posi\u0142ek w Szpitalu"}]},{"@type":"WebSite","@id":"https:\/\/czerwonagora.pl\/#website","url":"https:\/\/czerwonagora.pl\/","name":"Wojew\u00f3dzki Szpital Specjalistyczny im. \u015aw. Rafa\u0142a w Czerwonej G\u00f3rze","description":"Wojew\u00f3dzki Szpital Specjalistyczny im. \u015aw. Rafa\u0142a w Czerwonej G\u00f3rze","publisher":{"@id":"https:\/\/czerwonagora.pl\/#organization"},"potentialAction":[{"@type":"SearchAction","target":{"@type":"EntryPoint","urlTemplate":"https:\/\/czerwonagora.pl\/?s={search_term_string}"},"query-input":{"@type":"PropertyValueSpecification","valueRequired":true,"valueName":"search_term_string"}}],"inLanguage":"pl-PL"},{"@type":"Organization","@id":"https:\/\/czerwonagora.pl\/#organization","name":"Wojew\u00f3dzki Szpital Specjalistyczny im. \u015aw. Rafa\u0142a w Czerwonej G\u00f3rze","url":"https:\/\/czerwonagora.pl\/","logo":{"@type":"ImageObject","inLanguage":"pl-PL","@id":"https:\/\/czerwonagora.pl\/#\/schema\/logo\/image\/","url":"https:\/\/czerwonagora.pl\/wp-content\/uploads\/2021\/06\/Logo-WSS-DUZE-transparentne.png","contentUrl":"https:\/\/czerwonagora.pl\/wp-content\/uploads\/2021\/06\/Logo-WSS-DUZE-transparentne.png","width":4210,"height":2975,"caption":"Wojew\u00f3dzki Szpital Specjalistyczny im. \u015aw. Rafa\u0142a w Czerwonej G\u00f3rze"},"image":{"@id":"https:\/\/czerwonagora.pl\/#\/schema\/logo\/image\/"},"sameAs":["https:\/\/www.facebook.com\/SzpitalCzerwonaGora\/"]}]}},"publishpress_future_action":{"enabled":false,"date":"2026-04-12 17:20:59","action":"change-status","newStatus":"draft","terms":[],"taxonomy":"","extraData":[]},"publishpress_future_workflow_manual_trigger":{"enabledWorkflows":[]},"_links":{"self":[{"href":"https:\/\/czerwonagora.pl\/index.php\/wp-json\/wp\/v2\/pages\/19597","targetHints":{"allow":["GET"]}}],"collection":[{"href":"https:\/\/czerwonagora.pl\/index.php\/wp-json\/wp\/v2\/pages"}],"about":[{"href":"https:\/\/czerwonagora.pl\/index.php\/wp-json\/wp\/v2\/types\/page"}],"author":[{"embeddable":true,"href":"https:\/\/czerwonagora.pl\/index.php\/wp-json\/wp\/v2\/users\/1"}],"replies":[{"embeddable":true,"href":"https:\/\/czerwonagora.pl\/index.php\/wp-json\/wp\/v2\/comments?post=19597"}],"version-history":[{"count":18,"href":"https:\/\/czerwonagora.pl\/index.php\/wp-json\/wp\/v2\/pages\/19597\/revisions"}],"predecessor-version":[{"id":30963,"href":"https:\/\/czerwonagora.pl\/index.php\/wp-json\/wp\/v2\/pages\/19597\/revisions\/30963"}],"wp:attachment":[{"href":"https:\/\/czerwonagora.pl\/index.php\/wp-json\/wp\/v2\/media?parent=19597"}],"curies":[{"name":"wp","href":"https:\/\/api.w.org\/{rel}","templated":true}]}}