{"id":20258,"date":"2023-11-29T12:51:38","date_gmt":"2023-11-29T11:51:38","guid":{"rendered":"https:\/\/czerwonagora.pl\/?page_id=20258"},"modified":"2023-11-29T12:52:13","modified_gmt":"2023-11-29T11:52:13","slug":"informacja-o-rozpoczeciu-realizacji-projektu-partnerskiego-pn-informatyzacja-placowek-medycznych-wojewodztwa-swietokrzyskiego-ii","status":"publish","type":"page","link":"https:\/\/czerwonagora.pl\/index.php\/informacja-o-rozpoczeciu-realizacji-projektu-partnerskiego-pn-informatyzacja-placowek-medycznych-wojewodztwa-swietokrzyskiego-ii\/","title":{"rendered":"INFORMACJA O ROZPOCZ\u0118CIU REALIZACJI PROJEKTU PARTNERSKIEGO PN. \u201eINFORMATYZACJA PLAC\u00d3WEK MEDYCZNYCH WOJEW\u00d3DZTWA \u015aWI\u0118TOKRZYSKIEGO &#8211; II\u201d"},"content":{"rendered":"\t\t<div data-elementor-type=\"wp-page\" data-elementor-id=\"20258\" class=\"elementor elementor-20258\">\n\t\t\t\t\t\t<section class=\"elementor-section elementor-top-section elementor-element elementor-element-d9ee995 elementor-section-boxed elementor-section-height-default elementor-section-height-default\" data-id=\"d9ee995\" data-element_type=\"section\" data-e-type=\"section\">\n\t\t\t\t\t\t<div class=\"elementor-container elementor-column-gap-default\">\n\t\t\t\t\t<div class=\"elementor-column elementor-col-100 elementor-top-column elementor-element elementor-element-8903cf6\" data-id=\"8903cf6\" data-element_type=\"column\" data-e-type=\"column\">\n\t\t\t<div class=\"elementor-widget-wrap elementor-element-populated\">\n\t\t\t\t\t\t<div class=\"elementor-element elementor-element-ce860ad elementor-widget elementor-widget-text-editor\" data-id=\"ce860ad\" data-element_type=\"widget\" data-e-type=\"widget\" data-widget_type=\"text-editor.default\">\n\t\t\t\t<div class=\"elementor-widget-container\">\n\t\t\t\t\t\t\t\t\t<p><strong>INFORMACJA O ROZPOCZ\u0118CIU REALIZACJI PROJEKTU PARTNERSKIEGO PN. \u201eINFORMATYZACJA PLAC\u00d3WEK MEDYCZNYCH WOJEW\u00d3DZTWA \u015aWI\u0118TOKRZYSKIEGO &#8211; II\u201d<\/strong><\/p><p>Zgodnie z art. 39 ust. 8 ustawy o zasadach realizacji zada\u0144 finansowanych ze \u015brodk\u00f3w europejskich w perspektywie finansowej 2021-2027 (t.j. Dz. U. z 2022 r., poz. 1079), podaje si\u0119 do publicznej wiadomo\u015bci informacj\u0119 o rozpocz\u0119ciu realizacji projektu partnerskiego pn. \u201eInformatyzacja Plac\u00f3wek Medycznych Wojew\u00f3dztwa \u015awi\u0119tokrzyskiego &#8211; II\u201d (nazwa skr\u00f3cona \u201eInPlaMed-II\u201d).<\/p><p>G\u0142\u00f3wnym celem projektu jest wzrost interoperacyjno\u015bci i kompatybilno\u015bci system\u00f3w informatycznych, poprawa dost\u0119pno\u015bci, bezpiecze\u0144stwa i jako\u015bci e-us\u0142ug zdrowotnych oraz rozw\u00f3j robotyki i telemedycyny w podmiotach leczniczych z terenu wojew\u00f3dztwa \u015bwi\u0119tokrzyskiego. Projekt zosta\u0142 zaplanowany do realizacji w ramach programu regionalnego Fundusze Europejskie dla \u015awi\u0119tokrzyskiego 2021-2027 (FE\u015a 2021-2027).<\/p><p>Partnerem wiod\u0105cym w projekcie, na mocy zawartego Porozumienia o partnerstwie, zosta\u0142o ustanowione Wojew\u00f3dztwo \u015awi\u0119tokrzyskie.<\/p><p>Projekt b\u0119dzie realizowany w partnerstwie poniewa\u017c:<\/p><ul><li>s\u0142u\u017cy interesowi publicznemu poprzez przyczynianie si\u0119 do efektywnej realizacji cel\u00f3w okre\u015blonych w Strategii Rozwoju Wojew\u00f3dztwa \u015awi\u0119tokrzyskiego 2030+ oraz cel\u00f3w okre\u015blonych w\u00a0dokumentach programowych Ministra Zdrowia,<\/li><li>g\u0142\u00f3wnym celem Partner\u00f3w jest zrealizowanie projektu w pe\u0142nym zakresie i zgodnie z przyj\u0119tymi za\u0142o\u017ceniami FE\u015a 2021-2027 i Ministra Zdrowia,<\/li><li>niezb\u0119dne jest zapewnienie zgodno\u015bci zasad wdra\u017cania FE\u015a 2021-2027 z wytycznymi wydawanymi przez ministra w\u0142a\u015bciwego do spraw rozwoju regionalnego oraz instrukcjami i rekomendacjami opracowanymi przez Ministerstwo Zdrowia i Centrum e-Zdrowia,<\/li><li>prawid\u0142owe zarz\u0105dzanie \u015brodkami publicznymi w projekcie wymaga stworzenia skutecznych mechanizm\u00f3w w\u00a0zakresie monitorowania, sprawozdawczo\u015bci, ewaluacji i kontroli ich wydatkowania, w celu unikni\u0119cia ewentualnych b\u0142\u0119d\u00f3w i nieprawid\u0142owo\u015bci.<\/li><\/ul><p>Wi\u0119cej informacji: <a href=\"https:\/\/bip.czerwonagora.pl\/Informacja---Projekty-Unijne,31.html\"><strong>BIP<\/strong><\/a><\/p>\t\t\t\t\t\t\t\t<\/div>\n\t\t\t\t<\/div>\n\t\t\t\t\t<\/div>\n\t\t<\/div>\n\t\t\t\t\t<\/div>\n\t\t<\/section>\n\t\t\t\t<\/div>\n\t\t","protected":false},"excerpt":{"rendered":"<p>INFORMACJA O ROZPOCZ\u0118CIU REALIZACJI PROJEKTU PARTNERSKIEGO PN. \u201eINFORMATYZACJA PLAC\u00d3WEK MEDYCZNYCH WOJEW\u00d3DZTWA \u015aWI\u0118TOKRZYSKIEGO &#8211; II\u201d Zgodnie z art. 39 ust. 8 ustawy o zasadach realizacji zada\u0144 finansowanych ze \u015brodk\u00f3w europejskich w perspektywie finansowej 2021-2027 (t.j. Dz. U. z 2022 r., poz. 1079), podaje si\u0119 do publicznej wiadomo\u015bci informacj\u0119 o rozpocz\u0119ciu realizacji projektu partnerskiego pn. \u201eInformatyzacja Plac\u00f3wek [&hellip;]<\/p>\n","protected":false},"author":9,"featured_media":0,"parent":0,"menu_order":0,"comment_status":"closed","ping_status":"closed","template":"","meta":{"zakra_page_container_layout":"customizer","zakra_page_sidebar_layout":"customizer","zakra_remove_content_margin":false,"zakra_sidebar":"customizer","zakra_transparent_header":"customizer","zakra_logo":0,"zakra_main_header_style":"default","zakra_menu_item_color":"","zakra_menu_item_hover_color":"","zakra_menu_item_active_color":"","zakra_menu_active_style":"","zakra_page_header":true,"footnotes":""},"class_list":["post-20258","page","type-page","status-publish","hentry"],"yoast_head":"<!-- This site is optimized with the Yoast SEO plugin v27.3 - https:\/\/yoast.com\/product\/yoast-seo-wordpress\/ -->\n<title>INFORMACJA O ROZPOCZ\u0118CIU REALIZACJI PROJEKTU PARTNERSKIEGO PN. \u201eINFORMATYZACJA PLAC\u00d3WEK MEDYCZNYCH WOJEW\u00d3DZTWA \u015aWI\u0118TOKRZYSKIEGO - II\u201d - Wojew\u00f3dzki Szpital Specjalistyczny im. \u015aw. Rafa\u0142a w Czerwonej G\u00f3rze<\/title>\n<meta name=\"robots\" content=\"index, follow, max-snippet:-1, max-image-preview:large, max-video-preview:-1\" \/>\n<link rel=\"canonical\" href=\"https:\/\/czerwonagora.pl\/index.php\/informacja-o-rozpoczeciu-realizacji-projektu-partnerskiego-pn-informatyzacja-placowek-medycznych-wojewodztwa-swietokrzyskiego-ii\/\" \/>\n<meta property=\"og:locale\" content=\"pl_PL\" \/>\n<meta property=\"og:type\" content=\"article\" \/>\n<meta property=\"og:title\" content=\"INFORMACJA O ROZPOCZ\u0118CIU REALIZACJI PROJEKTU PARTNERSKIEGO PN. \u201eINFORMATYZACJA PLAC\u00d3WEK MEDYCZNYCH WOJEW\u00d3DZTWA \u015aWI\u0118TOKRZYSKIEGO - II\u201d - Wojew\u00f3dzki Szpital Specjalistyczny im. \u015aw. Rafa\u0142a w Czerwonej G\u00f3rze\" \/>\n<meta property=\"og:description\" content=\"INFORMACJA O ROZPOCZ\u0118CIU REALIZACJI PROJEKTU PARTNERSKIEGO PN. \u201eINFORMATYZACJA PLAC\u00d3WEK MEDYCZNYCH WOJEW\u00d3DZTWA \u015aWI\u0118TOKRZYSKIEGO &#8211; II\u201d Zgodnie z art. 39 ust. 8 ustawy o zasadach realizacji zada\u0144 finansowanych ze \u015brodk\u00f3w europejskich w perspektywie finansowej 2021-2027 (t.j. Dz. U. z 2022 r., poz. 1079), podaje si\u0119 do publicznej wiadomo\u015bci informacj\u0119 o rozpocz\u0119ciu realizacji projektu partnerskiego pn. \u201eInformatyzacja Plac\u00f3wek [&hellip;]\" \/>\n<meta property=\"og:url\" content=\"https:\/\/czerwonagora.pl\/index.php\/informacja-o-rozpoczeciu-realizacji-projektu-partnerskiego-pn-informatyzacja-placowek-medycznych-wojewodztwa-swietokrzyskiego-ii\/\" \/>\n<meta property=\"og:site_name\" content=\"Wojew\u00f3dzki Szpital Specjalistyczny im. \u015aw. Rafa\u0142a w Czerwonej G\u00f3rze\" \/>\n<meta property=\"article:publisher\" content=\"https:\/\/www.facebook.com\/SzpitalCzerwonaGora\/\" \/>\n<meta property=\"article:modified_time\" content=\"2023-11-29T11:52:13+00:00\" \/>\n<meta property=\"og:image\" content=\"https:\/\/czerwonagora.pl\/wp-content\/uploads\/2021\/06\/DJI_0005-Duzy.jpg\" \/>\n\t<meta property=\"og:image:width\" content=\"1920\" \/>\n\t<meta property=\"og:image:height\" content=\"1080\" \/>\n\t<meta property=\"og:image:type\" content=\"image\/jpeg\" \/>\n<meta name=\"twitter:card\" content=\"summary_large_image\" \/>\n<meta name=\"twitter:label1\" content=\"Szacowany czas czytania\" \/>\n\t<meta name=\"twitter:data1\" content=\"2 minuty\" \/>\n<script type=\"application\/ld+json\" class=\"yoast-schema-graph\">{\"@context\":\"https:\\\/\\\/schema.org\",\"@graph\":[{\"@type\":\"WebPage\",\"@id\":\"https:\\\/\\\/czerwonagora.pl\\\/index.php\\\/informacja-o-rozpoczeciu-realizacji-projektu-partnerskiego-pn-informatyzacja-placowek-medycznych-wojewodztwa-swietokrzyskiego-ii\\\/\",\"url\":\"https:\\\/\\\/czerwonagora.pl\\\/index.php\\\/informacja-o-rozpoczeciu-realizacji-projektu-partnerskiego-pn-informatyzacja-placowek-medycznych-wojewodztwa-swietokrzyskiego-ii\\\/\",\"name\":\"INFORMACJA O ROZPOCZ\u0118CIU REALIZACJI PROJEKTU PARTNERSKIEGO PN. \u201eINFORMATYZACJA PLAC\u00d3WEK MEDYCZNYCH WOJEW\u00d3DZTWA \u015aWI\u0118TOKRZYSKIEGO - II\u201d - Wojew\u00f3dzki Szpital Specjalistyczny im. \u015aw. Rafa\u0142a w Czerwonej G\u00f3rze\",\"isPartOf\":{\"@id\":\"https:\\\/\\\/czerwonagora.pl\\\/#website\"},\"datePublished\":\"2023-11-29T11:51:38+00:00\",\"dateModified\":\"2023-11-29T11:52:13+00:00\",\"breadcrumb\":{\"@id\":\"https:\\\/\\\/czerwonagora.pl\\\/index.php\\\/informacja-o-rozpoczeciu-realizacji-projektu-partnerskiego-pn-informatyzacja-placowek-medycznych-wojewodztwa-swietokrzyskiego-ii\\\/#breadcrumb\"},\"inLanguage\":\"pl-PL\",\"potentialAction\":[{\"@type\":\"ReadAction\",\"target\":[\"https:\\\/\\\/czerwonagora.pl\\\/index.php\\\/informacja-o-rozpoczeciu-realizacji-projektu-partnerskiego-pn-informatyzacja-placowek-medycznych-wojewodztwa-swietokrzyskiego-ii\\\/\"]}]},{\"@type\":\"BreadcrumbList\",\"@id\":\"https:\\\/\\\/czerwonagora.pl\\\/index.php\\\/informacja-o-rozpoczeciu-realizacji-projektu-partnerskiego-pn-informatyzacja-placowek-medycznych-wojewodztwa-swietokrzyskiego-ii\\\/#breadcrumb\",\"itemListElement\":[{\"@type\":\"ListItem\",\"position\":1,\"name\":\"Strona g\u0142\u00f3wna\",\"item\":\"https:\\\/\\\/czerwonagora.pl\\\/\"},{\"@type\":\"ListItem\",\"position\":2,\"name\":\"INFORMACJA O ROZPOCZ\u0118CIU REALIZACJI PROJEKTU PARTNERSKIEGO PN. \u201eINFORMATYZACJA PLAC\u00d3WEK MEDYCZNYCH WOJEW\u00d3DZTWA \u015aWI\u0118TOKRZYSKIEGO &#8211; II\u201d\"}]},{\"@type\":\"WebSite\",\"@id\":\"https:\\\/\\\/czerwonagora.pl\\\/#website\",\"url\":\"https:\\\/\\\/czerwonagora.pl\\\/\",\"name\":\"Wojew\u00f3dzki Szpital Specjalistyczny im. \u015aw. Rafa\u0142a w Czerwonej G\u00f3rze\",\"description\":\"Wojew\u00f3dzki Szpital Specjalistyczny im. \u015aw. Rafa\u0142a w Czerwonej G\u00f3rze\",\"publisher\":{\"@id\":\"https:\\\/\\\/czerwonagora.pl\\\/#organization\"},\"potentialAction\":[{\"@type\":\"SearchAction\",\"target\":{\"@type\":\"EntryPoint\",\"urlTemplate\":\"https:\\\/\\\/czerwonagora.pl\\\/?s={search_term_string}\"},\"query-input\":{\"@type\":\"PropertyValueSpecification\",\"valueRequired\":true,\"valueName\":\"search_term_string\"}}],\"inLanguage\":\"pl-PL\"},{\"@type\":\"Organization\",\"@id\":\"https:\\\/\\\/czerwonagora.pl\\\/#organization\",\"name\":\"Wojew\u00f3dzki Szpital Specjalistyczny im. \u015aw. Rafa\u0142a w Czerwonej G\u00f3rze\",\"url\":\"https:\\\/\\\/czerwonagora.pl\\\/\",\"logo\":{\"@type\":\"ImageObject\",\"inLanguage\":\"pl-PL\",\"@id\":\"https:\\\/\\\/czerwonagora.pl\\\/#\\\/schema\\\/logo\\\/image\\\/\",\"url\":\"https:\\\/\\\/czerwonagora.pl\\\/wp-content\\\/uploads\\\/2021\\\/06\\\/Logo-WSS-DUZE-transparentne.png\",\"contentUrl\":\"https:\\\/\\\/czerwonagora.pl\\\/wp-content\\\/uploads\\\/2021\\\/06\\\/Logo-WSS-DUZE-transparentne.png\",\"width\":4210,\"height\":2975,\"caption\":\"Wojew\u00f3dzki Szpital Specjalistyczny im. \u015aw. Rafa\u0142a w Czerwonej G\u00f3rze\"},\"image\":{\"@id\":\"https:\\\/\\\/czerwonagora.pl\\\/#\\\/schema\\\/logo\\\/image\\\/\"},\"sameAs\":[\"https:\\\/\\\/www.facebook.com\\\/SzpitalCzerwonaGora\\\/\"]}]}<\/script>\n<!-- \/ Yoast SEO plugin. -->","yoast_head_json":{"title":"INFORMACJA O ROZPOCZ\u0118CIU REALIZACJI PROJEKTU PARTNERSKIEGO PN. \u201eINFORMATYZACJA PLAC\u00d3WEK MEDYCZNYCH WOJEW\u00d3DZTWA \u015aWI\u0118TOKRZYSKIEGO - II\u201d - Wojew\u00f3dzki Szpital Specjalistyczny im. \u015aw. Rafa\u0142a w Czerwonej G\u00f3rze","robots":{"index":"index","follow":"follow","max-snippet":"max-snippet:-1","max-image-preview":"max-image-preview:large","max-video-preview":"max-video-preview:-1"},"canonical":"https:\/\/czerwonagora.pl\/index.php\/informacja-o-rozpoczeciu-realizacji-projektu-partnerskiego-pn-informatyzacja-placowek-medycznych-wojewodztwa-swietokrzyskiego-ii\/","og_locale":"pl_PL","og_type":"article","og_title":"INFORMACJA O ROZPOCZ\u0118CIU REALIZACJI PROJEKTU PARTNERSKIEGO PN. \u201eINFORMATYZACJA PLAC\u00d3WEK MEDYCZNYCH WOJEW\u00d3DZTWA \u015aWI\u0118TOKRZYSKIEGO - II\u201d - Wojew\u00f3dzki Szpital Specjalistyczny im. \u015aw. Rafa\u0142a w Czerwonej G\u00f3rze","og_description":"INFORMACJA O ROZPOCZ\u0118CIU REALIZACJI PROJEKTU PARTNERSKIEGO PN. \u201eINFORMATYZACJA PLAC\u00d3WEK MEDYCZNYCH WOJEW\u00d3DZTWA \u015aWI\u0118TOKRZYSKIEGO &#8211; II\u201d Zgodnie z art. 39 ust. 8 ustawy o zasadach realizacji zada\u0144 finansowanych ze \u015brodk\u00f3w europejskich w perspektywie finansowej 2021-2027 (t.j. Dz. U. z 2022 r., poz. 1079), podaje si\u0119 do publicznej wiadomo\u015bci informacj\u0119 o rozpocz\u0119ciu realizacji projektu partnerskiego pn. \u201eInformatyzacja Plac\u00f3wek [&hellip;]","og_url":"https:\/\/czerwonagora.pl\/index.php\/informacja-o-rozpoczeciu-realizacji-projektu-partnerskiego-pn-informatyzacja-placowek-medycznych-wojewodztwa-swietokrzyskiego-ii\/","og_site_name":"Wojew\u00f3dzki Szpital Specjalistyczny im. \u015aw. Rafa\u0142a w Czerwonej G\u00f3rze","article_publisher":"https:\/\/www.facebook.com\/SzpitalCzerwonaGora\/","article_modified_time":"2023-11-29T11:52:13+00:00","og_image":[{"width":1920,"height":1080,"url":"https:\/\/czerwonagora.pl\/wp-content\/uploads\/2021\/06\/DJI_0005-Duzy.jpg","type":"image\/jpeg"}],"twitter_card":"summary_large_image","twitter_misc":{"Szacowany czas czytania":"2 minuty"},"schema":{"@context":"https:\/\/schema.org","@graph":[{"@type":"WebPage","@id":"https:\/\/czerwonagora.pl\/index.php\/informacja-o-rozpoczeciu-realizacji-projektu-partnerskiego-pn-informatyzacja-placowek-medycznych-wojewodztwa-swietokrzyskiego-ii\/","url":"https:\/\/czerwonagora.pl\/index.php\/informacja-o-rozpoczeciu-realizacji-projektu-partnerskiego-pn-informatyzacja-placowek-medycznych-wojewodztwa-swietokrzyskiego-ii\/","name":"INFORMACJA O ROZPOCZ\u0118CIU REALIZACJI PROJEKTU PARTNERSKIEGO PN. \u201eINFORMATYZACJA PLAC\u00d3WEK MEDYCZNYCH WOJEW\u00d3DZTWA \u015aWI\u0118TOKRZYSKIEGO - II\u201d - Wojew\u00f3dzki Szpital Specjalistyczny im. \u015aw. Rafa\u0142a w Czerwonej G\u00f3rze","isPartOf":{"@id":"https:\/\/czerwonagora.pl\/#website"},"datePublished":"2023-11-29T11:51:38+00:00","dateModified":"2023-11-29T11:52:13+00:00","breadcrumb":{"@id":"https:\/\/czerwonagora.pl\/index.php\/informacja-o-rozpoczeciu-realizacji-projektu-partnerskiego-pn-informatyzacja-placowek-medycznych-wojewodztwa-swietokrzyskiego-ii\/#breadcrumb"},"inLanguage":"pl-PL","potentialAction":[{"@type":"ReadAction","target":["https:\/\/czerwonagora.pl\/index.php\/informacja-o-rozpoczeciu-realizacji-projektu-partnerskiego-pn-informatyzacja-placowek-medycznych-wojewodztwa-swietokrzyskiego-ii\/"]}]},{"@type":"BreadcrumbList","@id":"https:\/\/czerwonagora.pl\/index.php\/informacja-o-rozpoczeciu-realizacji-projektu-partnerskiego-pn-informatyzacja-placowek-medycznych-wojewodztwa-swietokrzyskiego-ii\/#breadcrumb","itemListElement":[{"@type":"ListItem","position":1,"name":"Strona g\u0142\u00f3wna","item":"https:\/\/czerwonagora.pl\/"},{"@type":"ListItem","position":2,"name":"INFORMACJA O ROZPOCZ\u0118CIU REALIZACJI PROJEKTU PARTNERSKIEGO PN. \u201eINFORMATYZACJA PLAC\u00d3WEK MEDYCZNYCH WOJEW\u00d3DZTWA \u015aWI\u0118TOKRZYSKIEGO &#8211; II\u201d"}]},{"@type":"WebSite","@id":"https:\/\/czerwonagora.pl\/#website","url":"https:\/\/czerwonagora.pl\/","name":"Wojew\u00f3dzki Szpital Specjalistyczny im. \u015aw. Rafa\u0142a w Czerwonej G\u00f3rze","description":"Wojew\u00f3dzki Szpital Specjalistyczny im. \u015aw. Rafa\u0142a w Czerwonej G\u00f3rze","publisher":{"@id":"https:\/\/czerwonagora.pl\/#organization"},"potentialAction":[{"@type":"SearchAction","target":{"@type":"EntryPoint","urlTemplate":"https:\/\/czerwonagora.pl\/?s={search_term_string}"},"query-input":{"@type":"PropertyValueSpecification","valueRequired":true,"valueName":"search_term_string"}}],"inLanguage":"pl-PL"},{"@type":"Organization","@id":"https:\/\/czerwonagora.pl\/#organization","name":"Wojew\u00f3dzki Szpital Specjalistyczny im. \u015aw. Rafa\u0142a w Czerwonej G\u00f3rze","url":"https:\/\/czerwonagora.pl\/","logo":{"@type":"ImageObject","inLanguage":"pl-PL","@id":"https:\/\/czerwonagora.pl\/#\/schema\/logo\/image\/","url":"https:\/\/czerwonagora.pl\/wp-content\/uploads\/2021\/06\/Logo-WSS-DUZE-transparentne.png","contentUrl":"https:\/\/czerwonagora.pl\/wp-content\/uploads\/2021\/06\/Logo-WSS-DUZE-transparentne.png","width":4210,"height":2975,"caption":"Wojew\u00f3dzki Szpital Specjalistyczny im. \u015aw. Rafa\u0142a w Czerwonej G\u00f3rze"},"image":{"@id":"https:\/\/czerwonagora.pl\/#\/schema\/logo\/image\/"},"sameAs":["https:\/\/www.facebook.com\/SzpitalCzerwonaGora\/"]}]}},"publishpress_future_action":{"enabled":false,"date":"2026-04-15 05:34:12","action":"change-status","newStatus":"draft","terms":[],"taxonomy":"","extraData":[]},"publishpress_future_workflow_manual_trigger":{"enabledWorkflows":[]},"_links":{"self":[{"href":"https:\/\/czerwonagora.pl\/index.php\/wp-json\/wp\/v2\/pages\/20258","targetHints":{"allow":["GET"]}}],"collection":[{"href":"https:\/\/czerwonagora.pl\/index.php\/wp-json\/wp\/v2\/pages"}],"about":[{"href":"https:\/\/czerwonagora.pl\/index.php\/wp-json\/wp\/v2\/types\/page"}],"author":[{"embeddable":true,"href":"https:\/\/czerwonagora.pl\/index.php\/wp-json\/wp\/v2\/users\/9"}],"replies":[{"embeddable":true,"href":"https:\/\/czerwonagora.pl\/index.php\/wp-json\/wp\/v2\/comments?post=20258"}],"version-history":[{"count":5,"href":"https:\/\/czerwonagora.pl\/index.php\/wp-json\/wp\/v2\/pages\/20258\/revisions"}],"predecessor-version":[{"id":20266,"href":"https:\/\/czerwonagora.pl\/index.php\/wp-json\/wp\/v2\/pages\/20258\/revisions\/20266"}],"wp:attachment":[{"href":"https:\/\/czerwonagora.pl\/index.php\/wp-json\/wp\/v2\/media?parent=20258"}],"curies":[{"name":"wp","href":"https:\/\/api.w.org\/{rel}","templated":true}]}}