{"id":21267,"date":"2024-02-19T13:09:31","date_gmt":"2024-02-19T12:09:31","guid":{"rendered":"https:\/\/czerwonagora.pl\/?page_id=21267"},"modified":"2024-11-13T09:25:01","modified_gmt":"2024-11-13T08:25:01","slug":"badanie-ankietowe-dotyczace-jakosci-opieki-w-szpitalu","status":"publish","type":"page","link":"https:\/\/czerwonagora.pl\/index.php\/badanie-ankietowe-dotyczace-jakosci-opieki-w-szpitalu\/","title":{"rendered":"Badanie ankietowe dotycz\u0105ce jako\u015bci opieki w szpitalu"},"content":{"rendered":"\t\t<div data-elementor-type=\"wp-page\" data-elementor-id=\"21267\" class=\"elementor elementor-21267\">\n\t\t\t\t\t\t<section class=\"elementor-section elementor-top-section elementor-element elementor-element-e9963e2 elementor-section-boxed elementor-section-height-default elementor-section-height-default\" data-id=\"e9963e2\" data-element_type=\"section\" data-e-type=\"section\">\n\t\t\t\t\t\t<div class=\"elementor-container elementor-column-gap-default\">\n\t\t\t\t\t<div class=\"elementor-column elementor-col-100 elementor-top-column elementor-element elementor-element-4fcd042\" data-id=\"4fcd042\" data-element_type=\"column\" data-e-type=\"column\">\n\t\t\t<div class=\"elementor-widget-wrap elementor-element-populated\">\n\t\t\t\t\t\t<div class=\"elementor-element elementor-element-25dfdb7 elementor-widget elementor-widget-image\" data-id=\"25dfdb7\" data-element_type=\"widget\" data-e-type=\"widget\" data-widget_type=\"image.default\">\n\t\t\t\t<div class=\"elementor-widget-container\">\n\t\t\t\t\t\t\t\t\t\t\t\t\t\t\t<img fetchpriority=\"high\" decoding=\"async\" width=\"300\" height=\"261\" src=\"https:\/\/czerwonagora.pl\/wp-content\/uploads\/2021\/01\/home-hero-image-300x261.png\" class=\"attachment-medium size-medium wp-image-108\" alt=\"ikona przestawia sylwetk\u0105 cz\u0142owieka ubran\u0105 na zielono i czarno\" srcset=\"https:\/\/czerwonagora.pl\/wp-content\/uploads\/2021\/01\/home-hero-image-300x261.png 300w, https:\/\/czerwonagora.pl\/wp-content\/uploads\/2021\/01\/home-hero-image-600x521.png 600w, https:\/\/czerwonagora.pl\/wp-content\/uploads\/2021\/01\/home-hero-image-1024x890.png 1024w, https:\/\/czerwonagora.pl\/wp-content\/uploads\/2021\/01\/home-hero-image-768x667.png 768w, https:\/\/czerwonagora.pl\/wp-content\/uploads\/2021\/01\/home-hero-image.png 1158w\" sizes=\"(max-width: 300px) 100vw, 300px\" \/>\t\t\t\t\t\t\t\t\t\t\t\t\t\t\t<\/div>\n\t\t\t\t<\/div>\n\t\t\t\t<div class=\"elementor-element elementor-element-f3053ee elementor-widget elementor-widget-text-editor\" data-id=\"f3053ee\" data-element_type=\"widget\" data-e-type=\"widget\" data-widget_type=\"text-editor.default\">\n\t\t\t\t<div class=\"elementor-widget-container\">\n\t\t\t\t\t\t\t\t\t<p style=\"text-align: center;\"><strong>Zapraszamy do udzia\u0142u w badaniu ankietowym dotycz\u0105cym jako\u015bci opieki w naszym szpitalu. Udzia\u0142 w badaniu pozwoli Pa\u0144stwu mie\u0107 realny wp\u0142yw na jako\u015b\u0107 leczenia i rozw\u00f3j naszej jednostki. Dzi\u0119kujemy!<\/strong><\/p><p style=\"text-align: center;\"><strong>Ankieta jest dost\u0119pna poni\u017cej:<\/strong><\/p>\t\t\t\t\t\t\t\t<\/div>\n\t\t\t\t<\/div>\n\t\t\t\t<div class=\"elementor-element elementor-element-90841f5 elementor-align-center elementor-widget elementor-widget-button\" data-id=\"90841f5\" data-element_type=\"widget\" data-e-type=\"widget\" data-widget_type=\"button.default\">\n\t\t\t\t<div class=\"elementor-widget-container\">\n\t\t\t\t\t\t\t\t\t<div class=\"elementor-button-wrapper\">\n\t\t\t\t\t<a class=\"elementor-button elementor-button-link elementor-size-sm elementor-animation-grow\" href=\"https:\/\/www.cmj.org.pl\/ankiety\/czerwonagora\">\n\t\t\t\t\t\t<span class=\"elementor-button-content-wrapper\">\n\t\t\t\t\t\t\t\t\t<span class=\"elementor-button-text\">Ankieta<\/span>\n\t\t\t\t\t<\/span>\n\t\t\t\t\t<\/a>\n\t\t\t\t<\/div>\n\t\t\t\t\t\t\t\t<\/div>\n\t\t\t\t<\/div>\n\t\t\t\t<div class=\"elementor-element elementor-element-ef1aae7 elementor-widget elementor-widget-text-editor\" data-id=\"ef1aae7\" data-element_type=\"widget\" data-e-type=\"widget\" data-widget_type=\"text-editor.default\">\n\t\t\t\t<div class=\"elementor-widget-container\">\n\t\t\t\t\t\t\t\t\t<p style=\"text-align: center;\"><i>Badanie realizuje Centrum Monitorowania Jako\u015bci w Ochronie Zdrowia.<\/i><\/p>\t\t\t\t\t\t\t\t<\/div>\n\t\t\t\t<\/div>\n\t\t\t\t<div class=\"elementor-element elementor-element-1558672 elementor-widget elementor-widget-text-editor\" data-id=\"1558672\" data-element_type=\"widget\" data-e-type=\"widget\" data-widget_type=\"text-editor.default\">\n\t\t\t\t<div class=\"elementor-widget-container\">\n\t\t\t\t\t\t\t\t\t<p><strong>\u00a0<\/strong><\/p><p style=\"text-align: center;\"><strong>Zach\u0119camy Pa\u0144stwa do badania ankietowego na temat jako\u015bci us\u0142ug medycznych \u015bwiadczony w naszych Przychodniach. Udzia\u0142 w badaniu pozwoli mie\u0107 realny wp\u0142yw na rozw\u00f3j naszej plac\u00f3wki. <\/strong><strong>Dzi\u0119kujemy!<\/strong><\/p><p style=\"text-align: center;\"><strong>Ankieta jest dost\u0119pna poni\u017cej:<\/strong><\/p>\t\t\t\t\t\t\t\t<\/div>\n\t\t\t\t<\/div>\n\t\t\t\t<div class=\"elementor-element elementor-element-3b9e4d3 elementor-align-center elementor-widget elementor-widget-button\" data-id=\"3b9e4d3\" data-element_type=\"widget\" data-e-type=\"widget\" data-widget_type=\"button.default\">\n\t\t\t\t<div class=\"elementor-widget-container\">\n\t\t\t\t\t\t\t\t\t<div class=\"elementor-button-wrapper\">\n\t\t\t\t\t<a class=\"elementor-button elementor-button-link elementor-size-sm elementor-animation-grow\" href=\"https:\/\/docs.google.com\/forms\/d\/e\/1FAIpQLSeVaGtiDGjTRbMq9f_G4Ou_xO-tYMEP7jOqaMOlKBBl_TMxCw\/viewform\">\n\t\t\t\t\t\t<span class=\"elementor-button-content-wrapper\">\n\t\t\t\t\t\t\t\t\t<span class=\"elementor-button-text\">Ankieta<\/span>\n\t\t\t\t\t<\/span>\n\t\t\t\t\t<\/a>\n\t\t\t\t<\/div>\n\t\t\t\t\t\t\t\t<\/div>\n\t\t\t\t<\/div>\n\t\t\t\t\t<\/div>\n\t\t<\/div>\n\t\t\t\t\t<\/div>\n\t\t<\/section>\n\t\t\t\t<\/div>\n\t\t","protected":false},"excerpt":{"rendered":"<p>Zapraszamy do udzia\u0142u w badaniu ankietowym dotycz\u0105cym jako\u015bci opieki w naszym szpitalu. Udzia\u0142 w badaniu pozwoli Pa\u0144stwu mie\u0107 realny wp\u0142yw na jako\u015b\u0107 leczenia i rozw\u00f3j naszej jednostki. Dzi\u0119kujemy! Ankieta jest dost\u0119pna poni\u017cej: Ankieta Badanie realizuje Centrum Monitorowania Jako\u015bci w Ochronie Zdrowia. \u00a0 Zach\u0119camy Pa\u0144stwa do badania ankietowego na temat jako\u015bci us\u0142ug medycznych \u015bwiadczony w naszych [&hellip;]<\/p>\n","protected":false},"author":9,"featured_media":0,"parent":0,"menu_order":0,"comment_status":"closed","ping_status":"closed","template":"","meta":{"zakra_page_container_layout":"customizer","zakra_page_sidebar_layout":"customizer","zakra_remove_content_margin":false,"zakra_sidebar":"customizer","zakra_transparent_header":"customizer","zakra_logo":0,"zakra_main_header_style":"default","zakra_menu_item_color":"","zakra_menu_item_hover_color":"","zakra_menu_item_active_color":"","zakra_menu_active_style":"","zakra_page_header":true,"footnotes":""},"class_list":["post-21267","page","type-page","status-publish","hentry"],"yoast_head":"<!-- This site is optimized with the Yoast SEO plugin v27.3 - https:\/\/yoast.com\/product\/yoast-seo-wordpress\/ -->\n<title>Badanie ankietowe dotycz\u0105ce jako\u015bci opieki w szpitalu - Wojew\u00f3dzki Szpital Specjalistyczny im. \u015aw. Rafa\u0142a w Czerwonej G\u00f3rze<\/title>\n<meta name=\"robots\" content=\"index, follow, max-snippet:-1, max-image-preview:large, max-video-preview:-1\" \/>\n<link rel=\"canonical\" href=\"https:\/\/czerwonagora.pl\/index.php\/badanie-ankietowe-dotyczace-jakosci-opieki-w-szpitalu\/\" \/>\n<meta property=\"og:locale\" content=\"pl_PL\" \/>\n<meta property=\"og:type\" content=\"article\" \/>\n<meta property=\"og:title\" content=\"Badanie ankietowe dotycz\u0105ce jako\u015bci opieki w szpitalu - Wojew\u00f3dzki Szpital Specjalistyczny im. \u015aw. Rafa\u0142a w Czerwonej G\u00f3rze\" \/>\n<meta property=\"og:description\" content=\"Zapraszamy do udzia\u0142u w badaniu ankietowym dotycz\u0105cym jako\u015bci opieki w naszym szpitalu. Udzia\u0142 w badaniu pozwoli Pa\u0144stwu mie\u0107 realny wp\u0142yw na jako\u015b\u0107 leczenia i rozw\u00f3j naszej jednostki. Dzi\u0119kujemy! Ankieta jest dost\u0119pna poni\u017cej: Ankieta Badanie realizuje Centrum Monitorowania Jako\u015bci w Ochronie Zdrowia. \u00a0 Zach\u0119camy Pa\u0144stwa do badania ankietowego na temat jako\u015bci us\u0142ug medycznych \u015bwiadczony w naszych [&hellip;]\" \/>\n<meta property=\"og:url\" content=\"https:\/\/czerwonagora.pl\/index.php\/badanie-ankietowe-dotyczace-jakosci-opieki-w-szpitalu\/\" \/>\n<meta property=\"og:site_name\" content=\"Wojew\u00f3dzki Szpital Specjalistyczny im. \u015aw. Rafa\u0142a w Czerwonej G\u00f3rze\" \/>\n<meta property=\"article:publisher\" content=\"https:\/\/www.facebook.com\/SzpitalCzerwonaGora\/\" \/>\n<meta property=\"article:modified_time\" content=\"2024-11-13T08:25:01+00:00\" \/>\n<meta property=\"og:image\" content=\"https:\/\/czerwonagora.pl\/wp-content\/uploads\/2021\/01\/home-hero-image.png\" \/>\n\t<meta property=\"og:image:width\" content=\"1158\" \/>\n\t<meta property=\"og:image:height\" content=\"1006\" \/>\n\t<meta property=\"og:image:type\" content=\"image\/png\" \/>\n<meta name=\"twitter:card\" content=\"summary_large_image\" \/>\n<meta name=\"twitter:label1\" content=\"Szacowany czas czytania\" \/>\n\t<meta name=\"twitter:data1\" content=\"1 minuta\" \/>\n<script type=\"application\/ld+json\" class=\"yoast-schema-graph\">{\"@context\":\"https:\\\/\\\/schema.org\",\"@graph\":[{\"@type\":\"WebPage\",\"@id\":\"https:\\\/\\\/czerwonagora.pl\\\/index.php\\\/badanie-ankietowe-dotyczace-jakosci-opieki-w-szpitalu\\\/\",\"url\":\"https:\\\/\\\/czerwonagora.pl\\\/index.php\\\/badanie-ankietowe-dotyczace-jakosci-opieki-w-szpitalu\\\/\",\"name\":\"Badanie ankietowe dotycz\u0105ce jako\u015bci opieki w szpitalu - Wojew\u00f3dzki Szpital Specjalistyczny im. \u015aw. Rafa\u0142a w Czerwonej G\u00f3rze\",\"isPartOf\":{\"@id\":\"https:\\\/\\\/czerwonagora.pl\\\/#website\"},\"primaryImageOfPage\":{\"@id\":\"https:\\\/\\\/czerwonagora.pl\\\/index.php\\\/badanie-ankietowe-dotyczace-jakosci-opieki-w-szpitalu\\\/#primaryimage\"},\"image\":{\"@id\":\"https:\\\/\\\/czerwonagora.pl\\\/index.php\\\/badanie-ankietowe-dotyczace-jakosci-opieki-w-szpitalu\\\/#primaryimage\"},\"thumbnailUrl\":\"https:\\\/\\\/czerwonagora.pl\\\/wp-content\\\/uploads\\\/2021\\\/01\\\/home-hero-image-300x261.png\",\"datePublished\":\"2024-02-19T12:09:31+00:00\",\"dateModified\":\"2024-11-13T08:25:01+00:00\",\"breadcrumb\":{\"@id\":\"https:\\\/\\\/czerwonagora.pl\\\/index.php\\\/badanie-ankietowe-dotyczace-jakosci-opieki-w-szpitalu\\\/#breadcrumb\"},\"inLanguage\":\"pl-PL\",\"potentialAction\":[{\"@type\":\"ReadAction\",\"target\":[\"https:\\\/\\\/czerwonagora.pl\\\/index.php\\\/badanie-ankietowe-dotyczace-jakosci-opieki-w-szpitalu\\\/\"]}]},{\"@type\":\"ImageObject\",\"inLanguage\":\"pl-PL\",\"@id\":\"https:\\\/\\\/czerwonagora.pl\\\/index.php\\\/badanie-ankietowe-dotyczace-jakosci-opieki-w-szpitalu\\\/#primaryimage\",\"url\":\"https:\\\/\\\/czerwonagora.pl\\\/wp-content\\\/uploads\\\/2021\\\/01\\\/home-hero-image.png\",\"contentUrl\":\"https:\\\/\\\/czerwonagora.pl\\\/wp-content\\\/uploads\\\/2021\\\/01\\\/home-hero-image.png\",\"width\":1158,\"height\":1006,\"caption\":\"ikona przestawia sylwetk\u0105 cz\u0142owieka ubran\u0105 na zielono i czarno\"},{\"@type\":\"BreadcrumbList\",\"@id\":\"https:\\\/\\\/czerwonagora.pl\\\/index.php\\\/badanie-ankietowe-dotyczace-jakosci-opieki-w-szpitalu\\\/#breadcrumb\",\"itemListElement\":[{\"@type\":\"ListItem\",\"position\":1,\"name\":\"Strona g\u0142\u00f3wna\",\"item\":\"https:\\\/\\\/czerwonagora.pl\\\/\"},{\"@type\":\"ListItem\",\"position\":2,\"name\":\"Badanie ankietowe dotycz\u0105ce jako\u015bci opieki w szpitalu\"}]},{\"@type\":\"WebSite\",\"@id\":\"https:\\\/\\\/czerwonagora.pl\\\/#website\",\"url\":\"https:\\\/\\\/czerwonagora.pl\\\/\",\"name\":\"Wojew\u00f3dzki Szpital Specjalistyczny im. \u015aw. Rafa\u0142a w Czerwonej G\u00f3rze\",\"description\":\"Wojew\u00f3dzki Szpital Specjalistyczny im. \u015aw. Rafa\u0142a w Czerwonej G\u00f3rze\",\"publisher\":{\"@id\":\"https:\\\/\\\/czerwonagora.pl\\\/#organization\"},\"potentialAction\":[{\"@type\":\"SearchAction\",\"target\":{\"@type\":\"EntryPoint\",\"urlTemplate\":\"https:\\\/\\\/czerwonagora.pl\\\/?s={search_term_string}\"},\"query-input\":{\"@type\":\"PropertyValueSpecification\",\"valueRequired\":true,\"valueName\":\"search_term_string\"}}],\"inLanguage\":\"pl-PL\"},{\"@type\":\"Organization\",\"@id\":\"https:\\\/\\\/czerwonagora.pl\\\/#organization\",\"name\":\"Wojew\u00f3dzki Szpital Specjalistyczny im. \u015aw. Rafa\u0142a w Czerwonej G\u00f3rze\",\"url\":\"https:\\\/\\\/czerwonagora.pl\\\/\",\"logo\":{\"@type\":\"ImageObject\",\"inLanguage\":\"pl-PL\",\"@id\":\"https:\\\/\\\/czerwonagora.pl\\\/#\\\/schema\\\/logo\\\/image\\\/\",\"url\":\"https:\\\/\\\/czerwonagora.pl\\\/wp-content\\\/uploads\\\/2021\\\/06\\\/Logo-WSS-DUZE-transparentne.png\",\"contentUrl\":\"https:\\\/\\\/czerwonagora.pl\\\/wp-content\\\/uploads\\\/2021\\\/06\\\/Logo-WSS-DUZE-transparentne.png\",\"width\":4210,\"height\":2975,\"caption\":\"Wojew\u00f3dzki Szpital Specjalistyczny im. \u015aw. Rafa\u0142a w Czerwonej G\u00f3rze\"},\"image\":{\"@id\":\"https:\\\/\\\/czerwonagora.pl\\\/#\\\/schema\\\/logo\\\/image\\\/\"},\"sameAs\":[\"https:\\\/\\\/www.facebook.com\\\/SzpitalCzerwonaGora\\\/\"]}]}<\/script>\n<!-- \/ Yoast SEO plugin. -->","yoast_head_json":{"title":"Badanie ankietowe dotycz\u0105ce jako\u015bci opieki w szpitalu - Wojew\u00f3dzki Szpital Specjalistyczny im. \u015aw. Rafa\u0142a w Czerwonej G\u00f3rze","robots":{"index":"index","follow":"follow","max-snippet":"max-snippet:-1","max-image-preview":"max-image-preview:large","max-video-preview":"max-video-preview:-1"},"canonical":"https:\/\/czerwonagora.pl\/index.php\/badanie-ankietowe-dotyczace-jakosci-opieki-w-szpitalu\/","og_locale":"pl_PL","og_type":"article","og_title":"Badanie ankietowe dotycz\u0105ce jako\u015bci opieki w szpitalu - Wojew\u00f3dzki Szpital Specjalistyczny im. \u015aw. Rafa\u0142a w Czerwonej G\u00f3rze","og_description":"Zapraszamy do udzia\u0142u w badaniu ankietowym dotycz\u0105cym jako\u015bci opieki w naszym szpitalu. Udzia\u0142 w badaniu pozwoli Pa\u0144stwu mie\u0107 realny wp\u0142yw na jako\u015b\u0107 leczenia i rozw\u00f3j naszej jednostki. Dzi\u0119kujemy! Ankieta jest dost\u0119pna poni\u017cej: Ankieta Badanie realizuje Centrum Monitorowania Jako\u015bci w Ochronie Zdrowia. \u00a0 Zach\u0119camy Pa\u0144stwa do badania ankietowego na temat jako\u015bci us\u0142ug medycznych \u015bwiadczony w naszych [&hellip;]","og_url":"https:\/\/czerwonagora.pl\/index.php\/badanie-ankietowe-dotyczace-jakosci-opieki-w-szpitalu\/","og_site_name":"Wojew\u00f3dzki Szpital Specjalistyczny im. \u015aw. Rafa\u0142a w Czerwonej G\u00f3rze","article_publisher":"https:\/\/www.facebook.com\/SzpitalCzerwonaGora\/","article_modified_time":"2024-11-13T08:25:01+00:00","og_image":[{"width":1158,"height":1006,"url":"https:\/\/czerwonagora.pl\/wp-content\/uploads\/2021\/01\/home-hero-image.png","type":"image\/png"}],"twitter_card":"summary_large_image","twitter_misc":{"Szacowany czas czytania":"1 minuta"},"schema":{"@context":"https:\/\/schema.org","@graph":[{"@type":"WebPage","@id":"https:\/\/czerwonagora.pl\/index.php\/badanie-ankietowe-dotyczace-jakosci-opieki-w-szpitalu\/","url":"https:\/\/czerwonagora.pl\/index.php\/badanie-ankietowe-dotyczace-jakosci-opieki-w-szpitalu\/","name":"Badanie ankietowe dotycz\u0105ce jako\u015bci opieki w szpitalu - Wojew\u00f3dzki Szpital Specjalistyczny im. \u015aw. Rafa\u0142a w Czerwonej G\u00f3rze","isPartOf":{"@id":"https:\/\/czerwonagora.pl\/#website"},"primaryImageOfPage":{"@id":"https:\/\/czerwonagora.pl\/index.php\/badanie-ankietowe-dotyczace-jakosci-opieki-w-szpitalu\/#primaryimage"},"image":{"@id":"https:\/\/czerwonagora.pl\/index.php\/badanie-ankietowe-dotyczace-jakosci-opieki-w-szpitalu\/#primaryimage"},"thumbnailUrl":"https:\/\/czerwonagora.pl\/wp-content\/uploads\/2021\/01\/home-hero-image-300x261.png","datePublished":"2024-02-19T12:09:31+00:00","dateModified":"2024-11-13T08:25:01+00:00","breadcrumb":{"@id":"https:\/\/czerwonagora.pl\/index.php\/badanie-ankietowe-dotyczace-jakosci-opieki-w-szpitalu\/#breadcrumb"},"inLanguage":"pl-PL","potentialAction":[{"@type":"ReadAction","target":["https:\/\/czerwonagora.pl\/index.php\/badanie-ankietowe-dotyczace-jakosci-opieki-w-szpitalu\/"]}]},{"@type":"ImageObject","inLanguage":"pl-PL","@id":"https:\/\/czerwonagora.pl\/index.php\/badanie-ankietowe-dotyczace-jakosci-opieki-w-szpitalu\/#primaryimage","url":"https:\/\/czerwonagora.pl\/wp-content\/uploads\/2021\/01\/home-hero-image.png","contentUrl":"https:\/\/czerwonagora.pl\/wp-content\/uploads\/2021\/01\/home-hero-image.png","width":1158,"height":1006,"caption":"ikona przestawia sylwetk\u0105 cz\u0142owieka ubran\u0105 na zielono i czarno"},{"@type":"BreadcrumbList","@id":"https:\/\/czerwonagora.pl\/index.php\/badanie-ankietowe-dotyczace-jakosci-opieki-w-szpitalu\/#breadcrumb","itemListElement":[{"@type":"ListItem","position":1,"name":"Strona g\u0142\u00f3wna","item":"https:\/\/czerwonagora.pl\/"},{"@type":"ListItem","position":2,"name":"Badanie ankietowe dotycz\u0105ce jako\u015bci opieki w szpitalu"}]},{"@type":"WebSite","@id":"https:\/\/czerwonagora.pl\/#website","url":"https:\/\/czerwonagora.pl\/","name":"Wojew\u00f3dzki Szpital Specjalistyczny im. \u015aw. Rafa\u0142a w Czerwonej G\u00f3rze","description":"Wojew\u00f3dzki Szpital Specjalistyczny im. \u015aw. Rafa\u0142a w Czerwonej G\u00f3rze","publisher":{"@id":"https:\/\/czerwonagora.pl\/#organization"},"potentialAction":[{"@type":"SearchAction","target":{"@type":"EntryPoint","urlTemplate":"https:\/\/czerwonagora.pl\/?s={search_term_string}"},"query-input":{"@type":"PropertyValueSpecification","valueRequired":true,"valueName":"search_term_string"}}],"inLanguage":"pl-PL"},{"@type":"Organization","@id":"https:\/\/czerwonagora.pl\/#organization","name":"Wojew\u00f3dzki Szpital Specjalistyczny im. \u015aw. Rafa\u0142a w Czerwonej G\u00f3rze","url":"https:\/\/czerwonagora.pl\/","logo":{"@type":"ImageObject","inLanguage":"pl-PL","@id":"https:\/\/czerwonagora.pl\/#\/schema\/logo\/image\/","url":"https:\/\/czerwonagora.pl\/wp-content\/uploads\/2021\/06\/Logo-WSS-DUZE-transparentne.png","contentUrl":"https:\/\/czerwonagora.pl\/wp-content\/uploads\/2021\/06\/Logo-WSS-DUZE-transparentne.png","width":4210,"height":2975,"caption":"Wojew\u00f3dzki Szpital Specjalistyczny im. \u015aw. Rafa\u0142a w Czerwonej G\u00f3rze"},"image":{"@id":"https:\/\/czerwonagora.pl\/#\/schema\/logo\/image\/"},"sameAs":["https:\/\/www.facebook.com\/SzpitalCzerwonaGora\/"]}]}},"publishpress_future_action":{"enabled":false,"date":"2026-04-27 11:11:54","action":"change-status","newStatus":"draft","terms":[],"taxonomy":"","extraData":[]},"publishpress_future_workflow_manual_trigger":{"enabledWorkflows":[]},"_links":{"self":[{"href":"https:\/\/czerwonagora.pl\/index.php\/wp-json\/wp\/v2\/pages\/21267","targetHints":{"allow":["GET"]}}],"collection":[{"href":"https:\/\/czerwonagora.pl\/index.php\/wp-json\/wp\/v2\/pages"}],"about":[{"href":"https:\/\/czerwonagora.pl\/index.php\/wp-json\/wp\/v2\/types\/page"}],"author":[{"embeddable":true,"href":"https:\/\/czerwonagora.pl\/index.php\/wp-json\/wp\/v2\/users\/9"}],"replies":[{"embeddable":true,"href":"https:\/\/czerwonagora.pl\/index.php\/wp-json\/wp\/v2\/comments?post=21267"}],"version-history":[{"count":13,"href":"https:\/\/czerwonagora.pl\/index.php\/wp-json\/wp\/v2\/pages\/21267\/revisions"}],"predecessor-version":[{"id":25239,"href":"https:\/\/czerwonagora.pl\/index.php\/wp-json\/wp\/v2\/pages\/21267\/revisions\/25239"}],"wp:attachment":[{"href":"https:\/\/czerwonagora.pl\/index.php\/wp-json\/wp\/v2\/media?parent=21267"}],"curies":[{"name":"wp","href":"https:\/\/api.w.org\/{rel}","templated":true}]}}