{"id":23625,"date":"2024-08-16T09:07:58","date_gmt":"2024-08-16T07:07:58","guid":{"rendered":"https:\/\/czerwonagora.pl\/?page_id=23625"},"modified":"2024-08-16T09:08:00","modified_gmt":"2024-08-16T07:08:00","slug":"standardy-ochrony-maloletnich-przed-krzywdzeniem-w-wojewodzkim-szpitalu-specjalistycznym-im-sw-rafala-w-czerwonej-gorze","status":"publish","type":"page","link":"https:\/\/czerwonagora.pl\/index.php\/standardy-ochrony-maloletnich-przed-krzywdzeniem-w-wojewodzkim-szpitalu-specjalistycznym-im-sw-rafala-w-czerwonej-gorze\/","title":{"rendered":"Standardy Ochrony Ma\u0142oletnich przed krzywdzeniem w Wojew\u00f3dzkim Szpitalu Specjalistycznym im. \u015aw. Rafa\u0142a w Czerwonej G\u00f3rze"},"content":{"rendered":"\t\t<div data-elementor-type=\"wp-page\" data-elementor-id=\"23625\" class=\"elementor elementor-23625\">\n\t\t\t\t\t\t<section class=\"elementor-section elementor-top-section elementor-element elementor-element-40727c7 elementor-section-boxed elementor-section-height-default elementor-section-height-default\" data-id=\"40727c7\" data-element_type=\"section\" data-e-type=\"section\">\n\t\t\t\t\t\t<div class=\"elementor-container elementor-column-gap-default\">\n\t\t\t\t\t<div class=\"elementor-column elementor-col-100 elementor-top-column elementor-element elementor-element-b3d9e8b\" data-id=\"b3d9e8b\" data-element_type=\"column\" data-e-type=\"column\">\n\t\t\t<div class=\"elementor-widget-wrap elementor-element-populated\">\n\t\t\t\t\t\t<div class=\"elementor-element elementor-element-9a4d3db elementor-widget elementor-widget-text-editor\" data-id=\"9a4d3db\" data-element_type=\"widget\" data-e-type=\"widget\" data-widget_type=\"text-editor.default\">\n\t\t\t\t<div class=\"elementor-widget-container\">\n\t\t\t\t\t\t\t\t\t<p>Dzia\u0142aj\u0105c na podstawie 22b Ustawy z dnia 13 maja 2016r. o przeciwdzia\u0142aniu zagro\u017ceniom przest\u0119pczo\u015bci na tle seksualnym i ochronie ma\u0142oletnich (Dz.U. z 2024r., poz 560 t.j. z p\u00f3\u017a.zm) w Wojew\u00f3dzkim Szpitalu Specjalistycznym im. \u015aw. Rafa\u0142a w Czerwonej G\u00f3rze ustanowiono i wdro\u017cono Standardy Ochrony Ma\u0142oletnich.<\/p><p>Standardy dotycz\u0105 wszystkich zatrudnionych w Szpitalu, bez wzgl\u0119du na form\u0119 zatrudnienia (pracownik\u00f3w, os\u00f3b zatrudnionych w ramach umowy cywilnoprawnej, wsp\u00f3\u0142pracownik\u00f3w, student\u00f3w, rezydent\u00f3w, praktykant\u00f3w, sta\u017cyst\u00f3w i wolontariuszy), miejsca pracy ( Szpital, Wojew\u00f3dzka Przychodnia Specjalistyczna, Przychodnia przy Szpitalu w Czerwonej G\u00f3rze), zajmowanych stanowisk (lekarze, piel\u0119gniarki, ratownicy medyczni, inni pracownicy medyczni i dzia\u0142alno\u015bci podstawowej, psychologowie, personel administracyjny, obs\u0142ugi technicznej, pomocniczy, sprz\u0105taj\u0105cy).<\/p><p>\u00a0<\/p>\t\t\t\t\t\t\t\t<\/div>\n\t\t\t\t<\/div>\n\t\t\t\t\t<\/div>\n\t\t<\/div>\n\t\t\t\t\t<\/div>\n\t\t<\/section>\n\t\t\t\t<section class=\"elementor-section elementor-top-section elementor-element elementor-element-4d3c9bb elementor-section-boxed elementor-section-height-default elementor-section-height-default\" data-id=\"4d3c9bb\" data-element_type=\"section\" data-e-type=\"section\">\n\t\t\t\t\t\t<div class=\"elementor-container elementor-column-gap-default\">\n\t\t\t\t\t<div class=\"elementor-column elementor-col-100 elementor-top-column elementor-element elementor-element-4c5897d\" data-id=\"4c5897d\" data-element_type=\"column\" data-e-type=\"column\">\n\t\t\t<div class=\"elementor-widget-wrap elementor-element-populated\">\n\t\t\t\t\t\t<div class=\"elementor-element elementor-element-c8a25f1 elementor-align-center elementor-widget elementor-widget-button\" data-id=\"c8a25f1\" data-element_type=\"widget\" data-e-type=\"widget\" data-widget_type=\"button.default\">\n\t\t\t\t<div class=\"elementor-widget-container\">\n\t\t\t\t\t\t\t\t\t<div class=\"elementor-button-wrapper\">\n\t\t\t\t\t<a class=\"elementor-button elementor-button-link elementor-size-sm\" href=\"https:\/\/czerwonagora.pl\/wp-content\/uploads\/2024\/08\/SKM_C25824081310450_1.pdf\">\n\t\t\t\t\t\t<span class=\"elementor-button-content-wrapper\">\n\t\t\t\t\t\t\t\t\t<span class=\"elementor-button-text\">Pobierz<\/span>\n\t\t\t\t\t<\/span>\n\t\t\t\t\t<\/a>\n\t\t\t\t<\/div>\n\t\t\t\t\t\t\t\t<\/div>\n\t\t\t\t<\/div>\n\t\t\t\t\t<\/div>\n\t\t<\/div>\n\t\t\t\t\t<\/div>\n\t\t<\/section>\n\t\t\t\t<\/div>\n\t\t","protected":false},"excerpt":{"rendered":"<p>Dzia\u0142aj\u0105c na podstawie 22b Ustawy z dnia 13 maja 2016r. o przeciwdzia\u0142aniu zagro\u017ceniom przest\u0119pczo\u015bci na tle seksualnym i ochronie ma\u0142oletnich (Dz.U. z 2024r., poz 560 t.j. z p\u00f3\u017a.zm) w Wojew\u00f3dzkim Szpitalu Specjalistycznym im. \u015aw. Rafa\u0142a w Czerwonej G\u00f3rze ustanowiono i wdro\u017cono Standardy Ochrony Ma\u0142oletnich. Standardy dotycz\u0105 wszystkich zatrudnionych w Szpitalu, bez wzgl\u0119du na form\u0119 zatrudnienia [&hellip;]<\/p>\n","protected":false},"author":12,"featured_media":0,"parent":0,"menu_order":0,"comment_status":"closed","ping_status":"closed","template":"","meta":{"zakra_page_container_layout":"customizer","zakra_page_sidebar_layout":"customizer","zakra_remove_content_margin":false,"zakra_sidebar":"customizer","zakra_transparent_header":"customizer","zakra_logo":0,"zakra_main_header_style":"default","zakra_menu_item_color":"","zakra_menu_item_hover_color":"","zakra_menu_item_active_color":"","zakra_menu_active_style":"","zakra_page_header":true,"footnotes":""},"class_list":["post-23625","page","type-page","status-publish","hentry"],"yoast_head":"<!-- This site is optimized with the Yoast SEO plugin v27.3 - https:\/\/yoast.com\/product\/yoast-seo-wordpress\/ -->\n<title>Standardy Ochrony Ma\u0142oletnich przed krzywdzeniem w Wojew\u00f3dzkim Szpitalu Specjalistycznym im. \u015aw. Rafa\u0142a w Czerwonej G\u00f3rze - Wojew\u00f3dzki Szpital Specjalistyczny im. \u015aw. Rafa\u0142a w Czerwonej G\u00f3rze<\/title>\n<meta name=\"robots\" content=\"index, follow, max-snippet:-1, max-image-preview:large, max-video-preview:-1\" \/>\n<link rel=\"canonical\" href=\"https:\/\/czerwonagora.pl\/index.php\/standardy-ochrony-maloletnich-przed-krzywdzeniem-w-wojewodzkim-szpitalu-specjalistycznym-im-sw-rafala-w-czerwonej-gorze\/\" \/>\n<meta property=\"og:locale\" content=\"pl_PL\" \/>\n<meta property=\"og:type\" content=\"article\" \/>\n<meta property=\"og:title\" content=\"Standardy Ochrony Ma\u0142oletnich przed krzywdzeniem w Wojew\u00f3dzkim Szpitalu Specjalistycznym im. \u015aw. Rafa\u0142a w Czerwonej G\u00f3rze - Wojew\u00f3dzki Szpital Specjalistyczny im. \u015aw. Rafa\u0142a w Czerwonej G\u00f3rze\" \/>\n<meta property=\"og:description\" content=\"Dzia\u0142aj\u0105c na podstawie 22b Ustawy z dnia 13 maja 2016r. o przeciwdzia\u0142aniu zagro\u017ceniom przest\u0119pczo\u015bci na tle seksualnym i ochronie ma\u0142oletnich (Dz.U. z 2024r., poz 560 t.j. z p\u00f3\u017a.zm) w Wojew\u00f3dzkim Szpitalu Specjalistycznym im. \u015aw. Rafa\u0142a w Czerwonej G\u00f3rze ustanowiono i wdro\u017cono Standardy Ochrony Ma\u0142oletnich. Standardy dotycz\u0105 wszystkich zatrudnionych w Szpitalu, bez wzgl\u0119du na form\u0119 zatrudnienia [&hellip;]\" \/>\n<meta property=\"og:url\" content=\"https:\/\/czerwonagora.pl\/index.php\/standardy-ochrony-maloletnich-przed-krzywdzeniem-w-wojewodzkim-szpitalu-specjalistycznym-im-sw-rafala-w-czerwonej-gorze\/\" \/>\n<meta property=\"og:site_name\" content=\"Wojew\u00f3dzki Szpital Specjalistyczny im. \u015aw. Rafa\u0142a w Czerwonej G\u00f3rze\" \/>\n<meta property=\"article:publisher\" content=\"https:\/\/www.facebook.com\/SzpitalCzerwonaGora\/\" \/>\n<meta property=\"article:modified_time\" content=\"2024-08-16T07:08:00+00:00\" \/>\n<meta property=\"og:image\" content=\"https:\/\/czerwonagora.pl\/wp-content\/uploads\/2021\/06\/DJI_0005-Duzy.jpg\" \/>\n\t<meta property=\"og:image:width\" content=\"1920\" \/>\n\t<meta property=\"og:image:height\" content=\"1080\" \/>\n\t<meta property=\"og:image:type\" content=\"image\/jpeg\" \/>\n<meta name=\"twitter:card\" content=\"summary_large_image\" \/>\n<meta name=\"twitter:label1\" content=\"Szacowany czas czytania\" \/>\n\t<meta name=\"twitter:data1\" content=\"1 minuta\" \/>\n<script type=\"application\/ld+json\" class=\"yoast-schema-graph\">{\"@context\":\"https:\\\/\\\/schema.org\",\"@graph\":[{\"@type\":\"WebPage\",\"@id\":\"https:\\\/\\\/czerwonagora.pl\\\/index.php\\\/standardy-ochrony-maloletnich-przed-krzywdzeniem-w-wojewodzkim-szpitalu-specjalistycznym-im-sw-rafala-w-czerwonej-gorze\\\/\",\"url\":\"https:\\\/\\\/czerwonagora.pl\\\/index.php\\\/standardy-ochrony-maloletnich-przed-krzywdzeniem-w-wojewodzkim-szpitalu-specjalistycznym-im-sw-rafala-w-czerwonej-gorze\\\/\",\"name\":\"Standardy Ochrony Ma\u0142oletnich przed krzywdzeniem w Wojew\u00f3dzkim Szpitalu Specjalistycznym im. \u015aw. Rafa\u0142a w Czerwonej G\u00f3rze - Wojew\u00f3dzki Szpital Specjalistyczny im. \u015aw. Rafa\u0142a w Czerwonej G\u00f3rze\",\"isPartOf\":{\"@id\":\"https:\\\/\\\/czerwonagora.pl\\\/#website\"},\"datePublished\":\"2024-08-16T07:07:58+00:00\",\"dateModified\":\"2024-08-16T07:08:00+00:00\",\"breadcrumb\":{\"@id\":\"https:\\\/\\\/czerwonagora.pl\\\/index.php\\\/standardy-ochrony-maloletnich-przed-krzywdzeniem-w-wojewodzkim-szpitalu-specjalistycznym-im-sw-rafala-w-czerwonej-gorze\\\/#breadcrumb\"},\"inLanguage\":\"pl-PL\",\"potentialAction\":[{\"@type\":\"ReadAction\",\"target\":[\"https:\\\/\\\/czerwonagora.pl\\\/index.php\\\/standardy-ochrony-maloletnich-przed-krzywdzeniem-w-wojewodzkim-szpitalu-specjalistycznym-im-sw-rafala-w-czerwonej-gorze\\\/\"]}]},{\"@type\":\"BreadcrumbList\",\"@id\":\"https:\\\/\\\/czerwonagora.pl\\\/index.php\\\/standardy-ochrony-maloletnich-przed-krzywdzeniem-w-wojewodzkim-szpitalu-specjalistycznym-im-sw-rafala-w-czerwonej-gorze\\\/#breadcrumb\",\"itemListElement\":[{\"@type\":\"ListItem\",\"position\":1,\"name\":\"Strona g\u0142\u00f3wna\",\"item\":\"https:\\\/\\\/czerwonagora.pl\\\/\"},{\"@type\":\"ListItem\",\"position\":2,\"name\":\"Standardy Ochrony Ma\u0142oletnich przed krzywdzeniem w Wojew\u00f3dzkim Szpitalu Specjalistycznym im. \u015aw. Rafa\u0142a w Czerwonej G\u00f3rze\"}]},{\"@type\":\"WebSite\",\"@id\":\"https:\\\/\\\/czerwonagora.pl\\\/#website\",\"url\":\"https:\\\/\\\/czerwonagora.pl\\\/\",\"name\":\"Wojew\u00f3dzki Szpital Specjalistyczny im. \u015aw. Rafa\u0142a w Czerwonej G\u00f3rze\",\"description\":\"Wojew\u00f3dzki Szpital Specjalistyczny im. \u015aw. Rafa\u0142a w Czerwonej G\u00f3rze\",\"publisher\":{\"@id\":\"https:\\\/\\\/czerwonagora.pl\\\/#organization\"},\"potentialAction\":[{\"@type\":\"SearchAction\",\"target\":{\"@type\":\"EntryPoint\",\"urlTemplate\":\"https:\\\/\\\/czerwonagora.pl\\\/?s={search_term_string}\"},\"query-input\":{\"@type\":\"PropertyValueSpecification\",\"valueRequired\":true,\"valueName\":\"search_term_string\"}}],\"inLanguage\":\"pl-PL\"},{\"@type\":\"Organization\",\"@id\":\"https:\\\/\\\/czerwonagora.pl\\\/#organization\",\"name\":\"Wojew\u00f3dzki Szpital Specjalistyczny im. \u015aw. Rafa\u0142a w Czerwonej G\u00f3rze\",\"url\":\"https:\\\/\\\/czerwonagora.pl\\\/\",\"logo\":{\"@type\":\"ImageObject\",\"inLanguage\":\"pl-PL\",\"@id\":\"https:\\\/\\\/czerwonagora.pl\\\/#\\\/schema\\\/logo\\\/image\\\/\",\"url\":\"https:\\\/\\\/czerwonagora.pl\\\/wp-content\\\/uploads\\\/2021\\\/06\\\/Logo-WSS-DUZE-transparentne.png\",\"contentUrl\":\"https:\\\/\\\/czerwonagora.pl\\\/wp-content\\\/uploads\\\/2021\\\/06\\\/Logo-WSS-DUZE-transparentne.png\",\"width\":4210,\"height\":2975,\"caption\":\"Wojew\u00f3dzki Szpital Specjalistyczny im. \u015aw. Rafa\u0142a w Czerwonej G\u00f3rze\"},\"image\":{\"@id\":\"https:\\\/\\\/czerwonagora.pl\\\/#\\\/schema\\\/logo\\\/image\\\/\"},\"sameAs\":[\"https:\\\/\\\/www.facebook.com\\\/SzpitalCzerwonaGora\\\/\"]}]}<\/script>\n<!-- \/ Yoast SEO plugin. -->","yoast_head_json":{"title":"Standardy Ochrony Ma\u0142oletnich przed krzywdzeniem w Wojew\u00f3dzkim Szpitalu Specjalistycznym im. \u015aw. Rafa\u0142a w Czerwonej G\u00f3rze - Wojew\u00f3dzki Szpital Specjalistyczny im. \u015aw. Rafa\u0142a w Czerwonej G\u00f3rze","robots":{"index":"index","follow":"follow","max-snippet":"max-snippet:-1","max-image-preview":"max-image-preview:large","max-video-preview":"max-video-preview:-1"},"canonical":"https:\/\/czerwonagora.pl\/index.php\/standardy-ochrony-maloletnich-przed-krzywdzeniem-w-wojewodzkim-szpitalu-specjalistycznym-im-sw-rafala-w-czerwonej-gorze\/","og_locale":"pl_PL","og_type":"article","og_title":"Standardy Ochrony Ma\u0142oletnich przed krzywdzeniem w Wojew\u00f3dzkim Szpitalu Specjalistycznym im. \u015aw. Rafa\u0142a w Czerwonej G\u00f3rze - Wojew\u00f3dzki Szpital Specjalistyczny im. \u015aw. Rafa\u0142a w Czerwonej G\u00f3rze","og_description":"Dzia\u0142aj\u0105c na podstawie 22b Ustawy z dnia 13 maja 2016r. o przeciwdzia\u0142aniu zagro\u017ceniom przest\u0119pczo\u015bci na tle seksualnym i ochronie ma\u0142oletnich (Dz.U. z 2024r., poz 560 t.j. z p\u00f3\u017a.zm) w Wojew\u00f3dzkim Szpitalu Specjalistycznym im. \u015aw. Rafa\u0142a w Czerwonej G\u00f3rze ustanowiono i wdro\u017cono Standardy Ochrony Ma\u0142oletnich. Standardy dotycz\u0105 wszystkich zatrudnionych w Szpitalu, bez wzgl\u0119du na form\u0119 zatrudnienia [&hellip;]","og_url":"https:\/\/czerwonagora.pl\/index.php\/standardy-ochrony-maloletnich-przed-krzywdzeniem-w-wojewodzkim-szpitalu-specjalistycznym-im-sw-rafala-w-czerwonej-gorze\/","og_site_name":"Wojew\u00f3dzki Szpital Specjalistyczny im. \u015aw. Rafa\u0142a w Czerwonej G\u00f3rze","article_publisher":"https:\/\/www.facebook.com\/SzpitalCzerwonaGora\/","article_modified_time":"2024-08-16T07:08:00+00:00","og_image":[{"width":1920,"height":1080,"url":"https:\/\/czerwonagora.pl\/wp-content\/uploads\/2021\/06\/DJI_0005-Duzy.jpg","type":"image\/jpeg"}],"twitter_card":"summary_large_image","twitter_misc":{"Szacowany czas czytania":"1 minuta"},"schema":{"@context":"https:\/\/schema.org","@graph":[{"@type":"WebPage","@id":"https:\/\/czerwonagora.pl\/index.php\/standardy-ochrony-maloletnich-przed-krzywdzeniem-w-wojewodzkim-szpitalu-specjalistycznym-im-sw-rafala-w-czerwonej-gorze\/","url":"https:\/\/czerwonagora.pl\/index.php\/standardy-ochrony-maloletnich-przed-krzywdzeniem-w-wojewodzkim-szpitalu-specjalistycznym-im-sw-rafala-w-czerwonej-gorze\/","name":"Standardy Ochrony Ma\u0142oletnich przed krzywdzeniem w Wojew\u00f3dzkim Szpitalu Specjalistycznym im. \u015aw. Rafa\u0142a w Czerwonej G\u00f3rze - Wojew\u00f3dzki Szpital Specjalistyczny im. \u015aw. Rafa\u0142a w Czerwonej G\u00f3rze","isPartOf":{"@id":"https:\/\/czerwonagora.pl\/#website"},"datePublished":"2024-08-16T07:07:58+00:00","dateModified":"2024-08-16T07:08:00+00:00","breadcrumb":{"@id":"https:\/\/czerwonagora.pl\/index.php\/standardy-ochrony-maloletnich-przed-krzywdzeniem-w-wojewodzkim-szpitalu-specjalistycznym-im-sw-rafala-w-czerwonej-gorze\/#breadcrumb"},"inLanguage":"pl-PL","potentialAction":[{"@type":"ReadAction","target":["https:\/\/czerwonagora.pl\/index.php\/standardy-ochrony-maloletnich-przed-krzywdzeniem-w-wojewodzkim-szpitalu-specjalistycznym-im-sw-rafala-w-czerwonej-gorze\/"]}]},{"@type":"BreadcrumbList","@id":"https:\/\/czerwonagora.pl\/index.php\/standardy-ochrony-maloletnich-przed-krzywdzeniem-w-wojewodzkim-szpitalu-specjalistycznym-im-sw-rafala-w-czerwonej-gorze\/#breadcrumb","itemListElement":[{"@type":"ListItem","position":1,"name":"Strona g\u0142\u00f3wna","item":"https:\/\/czerwonagora.pl\/"},{"@type":"ListItem","position":2,"name":"Standardy Ochrony Ma\u0142oletnich przed krzywdzeniem w Wojew\u00f3dzkim Szpitalu Specjalistycznym im. \u015aw. Rafa\u0142a w Czerwonej G\u00f3rze"}]},{"@type":"WebSite","@id":"https:\/\/czerwonagora.pl\/#website","url":"https:\/\/czerwonagora.pl\/","name":"Wojew\u00f3dzki Szpital Specjalistyczny im. \u015aw. Rafa\u0142a w Czerwonej G\u00f3rze","description":"Wojew\u00f3dzki Szpital Specjalistyczny im. \u015aw. Rafa\u0142a w Czerwonej G\u00f3rze","publisher":{"@id":"https:\/\/czerwonagora.pl\/#organization"},"potentialAction":[{"@type":"SearchAction","target":{"@type":"EntryPoint","urlTemplate":"https:\/\/czerwonagora.pl\/?s={search_term_string}"},"query-input":{"@type":"PropertyValueSpecification","valueRequired":true,"valueName":"search_term_string"}}],"inLanguage":"pl-PL"},{"@type":"Organization","@id":"https:\/\/czerwonagora.pl\/#organization","name":"Wojew\u00f3dzki Szpital Specjalistyczny im. \u015aw. Rafa\u0142a w Czerwonej G\u00f3rze","url":"https:\/\/czerwonagora.pl\/","logo":{"@type":"ImageObject","inLanguage":"pl-PL","@id":"https:\/\/czerwonagora.pl\/#\/schema\/logo\/image\/","url":"https:\/\/czerwonagora.pl\/wp-content\/uploads\/2021\/06\/Logo-WSS-DUZE-transparentne.png","contentUrl":"https:\/\/czerwonagora.pl\/wp-content\/uploads\/2021\/06\/Logo-WSS-DUZE-transparentne.png","width":4210,"height":2975,"caption":"Wojew\u00f3dzki Szpital Specjalistyczny im. \u015aw. Rafa\u0142a w Czerwonej G\u00f3rze"},"image":{"@id":"https:\/\/czerwonagora.pl\/#\/schema\/logo\/image\/"},"sameAs":["https:\/\/www.facebook.com\/SzpitalCzerwonaGora\/"]}]}},"publishpress_future_action":{"enabled":false,"date":"2026-04-16 21:03:51","action":"change-status","newStatus":"draft","terms":[],"taxonomy":"","extraData":[]},"publishpress_future_workflow_manual_trigger":{"enabledWorkflows":[]},"_links":{"self":[{"href":"https:\/\/czerwonagora.pl\/index.php\/wp-json\/wp\/v2\/pages\/23625","targetHints":{"allow":["GET"]}}],"collection":[{"href":"https:\/\/czerwonagora.pl\/index.php\/wp-json\/wp\/v2\/pages"}],"about":[{"href":"https:\/\/czerwonagora.pl\/index.php\/wp-json\/wp\/v2\/types\/page"}],"author":[{"embeddable":true,"href":"https:\/\/czerwonagora.pl\/index.php\/wp-json\/wp\/v2\/users\/12"}],"replies":[{"embeddable":true,"href":"https:\/\/czerwonagora.pl\/index.php\/wp-json\/wp\/v2\/comments?post=23625"}],"version-history":[{"count":4,"href":"https:\/\/czerwonagora.pl\/index.php\/wp-json\/wp\/v2\/pages\/23625\/revisions"}],"predecessor-version":[{"id":23629,"href":"https:\/\/czerwonagora.pl\/index.php\/wp-json\/wp\/v2\/pages\/23625\/revisions\/23629"}],"wp:attachment":[{"href":"https:\/\/czerwonagora.pl\/index.php\/wp-json\/wp\/v2\/media?parent=23625"}],"curies":[{"name":"wp","href":"https:\/\/api.w.org\/{rel}","templated":true}]}}