{"id":24786,"date":"2024-10-08T10:29:02","date_gmt":"2024-10-08T08:29:02","guid":{"rendered":"https:\/\/czerwonagora.pl\/?page_id=24786"},"modified":"2025-05-26T09:20:40","modified_gmt":"2025-05-26T07:20:40","slug":"sekcja-eksploatacyjna","status":"publish","type":"page","link":"https:\/\/czerwonagora.pl\/index.php\/sekcja-eksploatacyjna\/","title":{"rendered":"Sekcja Eksploatacyjna"},"content":{"rendered":"\t\t<div data-elementor-type=\"wp-page\" data-elementor-id=\"24786\" class=\"elementor elementor-24786\">\n\t\t\t\t\t\t<section class=\"elementor-section elementor-top-section elementor-element elementor-element-24c3552 elementor-section-stretched elementor-section-boxed elementor-section-height-default elementor-section-height-default elementor-invisible\" data-id=\"24c3552\" data-element_type=\"section\" data-e-type=\"section\" data-settings=\"{&quot;stretch_section&quot;:&quot;section-stretched&quot;,&quot;animation&quot;:&quot;fadeIn&quot;,&quot;animation_delay&quot;:200}\">\n\t\t\t\t\t\t\t<div class=\"elementor-background-overlay\"><\/div>\n\t\t\t\t\t\t\t<div class=\"elementor-container elementor-column-gap-no\">\n\t\t\t\t\t<div class=\"elementor-column elementor-col-33 elementor-top-column elementor-element elementor-element-a070ec6\" data-id=\"a070ec6\" data-element_type=\"column\" data-e-type=\"column\">\n\t\t\t<div class=\"elementor-widget-wrap elementor-element-populated\">\n\t\t\t\t\t\t<div class=\"elementor-element elementor-element-e9bf2d3 elementor-widget-divider--view-line elementor-widget elementor-widget-divider\" data-id=\"e9bf2d3\" data-element_type=\"widget\" data-e-type=\"widget\" data-widget_type=\"divider.default\">\n\t\t\t\t<div class=\"elementor-widget-container\">\n\t\t\t\t\t\t\t<div class=\"elementor-divider\">\n\t\t\t<span class=\"elementor-divider-separator\">\n\t\t\t\t\t\t<\/span>\n\t\t<\/div>\n\t\t\t\t\t\t<\/div>\n\t\t\t\t<\/div>\n\t\t\t\t\t<\/div>\n\t\t<\/div>\n\t\t\t\t<div class=\"elementor-column elementor-col-33 elementor-top-column elementor-element elementor-element-09f4845\" data-id=\"09f4845\" data-element_type=\"column\" data-e-type=\"column\">\n\t\t\t<div class=\"elementor-widget-wrap elementor-element-populated\">\n\t\t\t\t\t\t<div class=\"elementor-element elementor-element-bc2a27e elementor-widget-divider--view-line elementor-widget elementor-widget-divider\" data-id=\"bc2a27e\" data-element_type=\"widget\" data-e-type=\"widget\" data-widget_type=\"divider.default\">\n\t\t\t\t<div class=\"elementor-widget-container\">\n\t\t\t\t\t\t\t<div class=\"elementor-divider\">\n\t\t\t<span class=\"elementor-divider-separator\">\n\t\t\t\t\t\t<\/span>\n\t\t<\/div>\n\t\t\t\t\t\t<\/div>\n\t\t\t\t<\/div>\n\t\t\t\t<div class=\"elementor-element elementor-element-7e3f55a elementor-position-top elementor-invisible elementor-widget elementor-widget-image-box\" data-id=\"7e3f55a\" data-element_type=\"widget\" data-e-type=\"widget\" data-settings=\"{&quot;_animation&quot;:&quot;fadeIn&quot;}\" data-widget_type=\"image-box.default\">\n\t\t\t\t<div class=\"elementor-widget-container\">\n\t\t\t\t\t<div class=\"elementor-image-box-wrapper\"><figure class=\"elementor-image-box-img\"><img decoding=\"async\" width=\"180\" height=\"223\" src=\"https:\/\/czerwonagora.pl\/wp-content\/uploads\/2021\/06\/men_adm-ikona.png\" class=\"attachment-full size-full wp-image-7902\" alt=\"t\u0142o koloru zielonego z sylwetk\u0105 m\u0119\u017cczyzny ubranego w ubranie wizytowe koloru czarnego\" \/><\/figure><div class=\"elementor-image-box-content\"><h1 class=\"elementor-image-box-title\">Grzegorz Stokowiec<\/h1><p class=\"elementor-image-box-description\">Koordynator Sekcji Esklopatacyjnej<\/p><\/div><\/div>\t\t\t\t<\/div>\n\t\t\t\t<\/div>\n\t\t\t\t\t<\/div>\n\t\t<\/div>\n\t\t\t\t<div class=\"elementor-column elementor-col-33 elementor-top-column elementor-element elementor-element-d104bd7\" data-id=\"d104bd7\" data-element_type=\"column\" data-e-type=\"column\">\n\t\t\t<div class=\"elementor-widget-wrap\">\n\t\t\t\t\t\t\t<\/div>\n\t\t<\/div>\n\t\t\t\t\t<\/div>\n\t\t<\/section>\n\t\t\t\t<section class=\"elementor-section elementor-top-section elementor-element elementor-element-9cd9fcf elementor-section-stretched elementor-section-boxed elementor-section-height-default elementor-section-height-default\" data-id=\"9cd9fcf\" data-element_type=\"section\" data-e-type=\"section\" data-settings=\"{&quot;stretch_section&quot;:&quot;section-stretched&quot;}\">\n\t\t\t\t\t\t<div class=\"elementor-container elementor-column-gap-default\">\n\t\t\t\t\t<div class=\"elementor-column elementor-col-66 elementor-top-column elementor-element elementor-element-6cfe7b8\" data-id=\"6cfe7b8\" data-element_type=\"column\" data-e-type=\"column\">\n\t\t\t<div class=\"elementor-widget-wrap elementor-element-populated\">\n\t\t\t\t\t\t<div class=\"elementor-element elementor-element-6cf3c0c elementor-widget elementor-widget-text-editor\" data-id=\"6cf3c0c\" data-element_type=\"widget\" data-e-type=\"widget\" data-widget_type=\"text-editor.default\">\n\t\t\t\t<div class=\"elementor-widget-container\">\n\t\t\t\t\t\t\t\t\t<h4><strong>Sekcja Eksploatacyjna<br \/><\/strong><\/h4><p>Sekcj\u0105 Eksploatacyjn\u0105 kieruje Koordynator Sekcji Eksploatacyjnej, kt\u00f3ry s\u0142u\u017cbowo podlega bezpo\u015brednio Zast\u0119pcy Dyrektora ds. Technicznych.<\/p><h4><strong>Podstawowe zadania Sekcji Eksploatacyjnej:<\/strong><\/h4><ul><li>zapewnienie ca\u0142odobowej obs\u0142ugi Portierni Szpitala,<\/li><li>wsp\u00f3\u0142praca z Sekcj\u0105 Obs\u0142ugi Technicznej w zakresie sygnalizacji alarmowych &#8211; SPP: podj\u0119cie dzia\u0142a\u0144 zwi\u0105zanych z weryfikacj\u0105 przyczyn i ewentualne odwo\u0142ywanie alarmu,<\/li><li>zapewnienie ca\u0142odobowej obs\u0142ugi systemu parkingowego Szpitala w tym uprawnie\u0144 dost\u0119pu do poszczeg\u00f3lnych stref wydzielonych parkowania,<\/li><li>nadz\u00f3r nad monitoringiem teren\u00f3w zewn\u0119trznych oraz powierzchni og\u00f3lnodost\u0119pnych Szpitala,<\/li><li>rozliczanie przychod\u00f3w z systemu parkingowego &#8211; wsp\u00f3\u0142praca z Dzia\u0142em Finansowym WSS,<\/li><li>przeprowadzanie kasacji i likwidacji sk\u0142adnik\u00f3w maj\u0105tkowych Szpitala,<\/li><li>nadz\u00f3r nad przegl\u0105dami wyposa\u017cenia kuchenek i sprz\u0119tu kuchennego,<\/li><li>utrzymywanie w nale\u017cytym stanie infrastruktury budowlanej i instalacyjnej Szpitala,<\/li><li>utrzymywanie w nale\u017cytym stanie u\u017cytkowanego przez Sekcj\u0119 parku maszynowego i jego prawid\u0142owa eksploatacja,<\/li><li>nadz\u00f3r merytoryczny nad realizacj\u0105 um\u00f3w zawartych z firmami zewn\u0119trznymi w zakresie zwi\u0105zanym z dzia\u0142alno\u015bci\u0105 Sekcji,<\/li><li>dokonywanie wpis\u00f3w w ksi\u0105\u017ckach obiekt\u00f3w z wykonanych przegl\u0105d\u00f3w okresowych,<\/li><li>opracowanie i okresowa aktualizacja procedur zwi\u0105zanych z realizowanymi w Dziale procesami,<\/li><li>organizowanie i prowadzenie depozytu kluczy<\/li><li>realizacja innych zada\u0144\u00a0 zlecanych przez Dyrektora<\/li><\/ul>\t\t\t\t\t\t\t\t<\/div>\n\t\t\t\t<\/div>\n\t\t\t\t\t<\/div>\n\t\t<\/div>\n\t\t\t\t<div class=\"elementor-column elementor-col-33 elementor-top-column elementor-element elementor-element-c3c2c8b\" data-id=\"c3c2c8b\" data-element_type=\"column\" data-e-type=\"column\" data-settings=\"{&quot;background_background&quot;:&quot;classic&quot;}\">\n\t\t\t<div class=\"elementor-widget-wrap elementor-element-populated\">\n\t\t\t\t\t\t<div class=\"elementor-element elementor-element-f6b654a elementor-view-default elementor-widget elementor-widget-icon\" data-id=\"f6b654a\" data-element_type=\"widget\" data-e-type=\"widget\" data-widget_type=\"icon.default\">\n\t\t\t\t<div class=\"elementor-widget-container\">\n\t\t\t\t\t\t\t<div class=\"elementor-icon-wrapper\">\n\t\t\t<div class=\"elementor-icon\">\n\t\t\t<i aria-hidden=\"true\" class=\"fas fa-phone-square\"><\/i>\t\t\t<\/div>\n\t\t<\/div>\n\t\t\t\t\t\t<\/div>\n\t\t\t\t<\/div>\n\t\t\t\t<div class=\"elementor-element elementor-element-d665b4a elementor-widget elementor-widget-text-editor\" data-id=\"d665b4a\" data-element_type=\"widget\" data-e-type=\"widget\" data-widget_type=\"text-editor.default\">\n\t\t\t\t<div class=\"elementor-widget-container\">\n\t\t\t\t\t\t\t\t\t<div><div><div><p><strong>Lokalizacja Budynek &#8211;\u00a0 Archiwum<\/strong><\/p><p><strong>Numery bezpo\u015brednie:<\/strong><br \/><strong>Szpital:<\/strong>+48 (41) 34 655 45 do 48<\/p><\/div><\/div><\/div>\t\t\t\t\t\t\t\t<\/div>\n\t\t\t\t<\/div>\n\t\t\t\t\t<\/div>\n\t\t<\/div>\n\t\t\t\t\t<\/div>\n\t\t<\/section>\n\t\t\t\t<\/div>\n\t\t","protected":false},"excerpt":{"rendered":"<p>Grzegorz Stokowiec Koordynator Sekcji Esklopatacyjnej Sekcja Eksploatacyjna Sekcj\u0105 Eksploatacyjn\u0105 kieruje Koordynator Sekcji Eksploatacyjnej, kt\u00f3ry s\u0142u\u017cbowo podlega bezpo\u015brednio Zast\u0119pcy Dyrektora ds. Technicznych. Podstawowe zadania Sekcji Eksploatacyjnej: zapewnienie ca\u0142odobowej obs\u0142ugi Portierni Szpitala, wsp\u00f3\u0142praca z Sekcj\u0105 Obs\u0142ugi Technicznej w zakresie sygnalizacji alarmowych &#8211; SPP: podj\u0119cie dzia\u0142a\u0144 zwi\u0105zanych z weryfikacj\u0105 przyczyn i ewentualne odwo\u0142ywanie alarmu, zapewnienie ca\u0142odobowej obs\u0142ugi systemu [&hellip;]<\/p>\n","protected":false},"author":12,"featured_media":0,"parent":0,"menu_order":0,"comment_status":"closed","ping_status":"closed","template":"","meta":{"zakra_page_container_layout":"customizer","zakra_page_sidebar_layout":"customizer","zakra_remove_content_margin":false,"zakra_sidebar":"customizer","zakra_transparent_header":"customizer","zakra_logo":0,"zakra_main_header_style":"default","zakra_menu_item_color":"","zakra_menu_item_hover_color":"","zakra_menu_item_active_color":"","zakra_menu_active_style":"","zakra_page_header":true,"footnotes":""},"class_list":["post-24786","page","type-page","status-publish","hentry"],"yoast_head":"<!-- This site is optimized with the Yoast SEO plugin v27.3 - https:\/\/yoast.com\/product\/yoast-seo-wordpress\/ -->\n<title>Sekcja Eksploatacyjna - Wojew\u00f3dzki Szpital Specjalistyczny im. \u015aw. Rafa\u0142a w Czerwonej G\u00f3rze<\/title>\n<meta name=\"robots\" content=\"index, follow, max-snippet:-1, max-image-preview:large, max-video-preview:-1\" \/>\n<link rel=\"canonical\" href=\"https:\/\/czerwonagora.pl\/index.php\/sekcja-eksploatacyjna\/\" \/>\n<meta property=\"og:locale\" content=\"pl_PL\" \/>\n<meta property=\"og:type\" content=\"article\" \/>\n<meta property=\"og:title\" content=\"Sekcja Eksploatacyjna - Wojew\u00f3dzki Szpital Specjalistyczny im. \u015aw. Rafa\u0142a w Czerwonej G\u00f3rze\" \/>\n<meta property=\"og:description\" content=\"Grzegorz Stokowiec Koordynator Sekcji Esklopatacyjnej Sekcja Eksploatacyjna Sekcj\u0105 Eksploatacyjn\u0105 kieruje Koordynator Sekcji Eksploatacyjnej, kt\u00f3ry s\u0142u\u017cbowo podlega bezpo\u015brednio Zast\u0119pcy Dyrektora ds. Technicznych. Podstawowe zadania Sekcji Eksploatacyjnej: zapewnienie ca\u0142odobowej obs\u0142ugi Portierni Szpitala, wsp\u00f3\u0142praca z Sekcj\u0105 Obs\u0142ugi Technicznej w zakresie sygnalizacji alarmowych &#8211; SPP: podj\u0119cie dzia\u0142a\u0144 zwi\u0105zanych z weryfikacj\u0105 przyczyn i ewentualne odwo\u0142ywanie alarmu, zapewnienie ca\u0142odobowej obs\u0142ugi systemu [&hellip;]\" \/>\n<meta property=\"og:url\" content=\"https:\/\/czerwonagora.pl\/index.php\/sekcja-eksploatacyjna\/\" \/>\n<meta property=\"og:site_name\" content=\"Wojew\u00f3dzki Szpital Specjalistyczny im. \u015aw. Rafa\u0142a w Czerwonej G\u00f3rze\" \/>\n<meta property=\"article:publisher\" content=\"https:\/\/www.facebook.com\/SzpitalCzerwonaGora\/\" \/>\n<meta property=\"article:modified_time\" content=\"2025-05-26T07:20:40+00:00\" \/>\n<meta property=\"og:image\" content=\"https:\/\/czerwonagora.pl\/wp-content\/uploads\/2021\/06\/men_adm-ikona.png\" \/>\n\t<meta property=\"og:image:width\" content=\"180\" \/>\n\t<meta property=\"og:image:height\" content=\"223\" \/>\n\t<meta property=\"og:image:type\" content=\"image\/png\" \/>\n<meta name=\"twitter:card\" content=\"summary_large_image\" \/>\n<meta name=\"twitter:label1\" content=\"Szacowany czas czytania\" \/>\n\t<meta name=\"twitter:data1\" content=\"2 minuty\" \/>\n<script type=\"application\/ld+json\" class=\"yoast-schema-graph\">{\"@context\":\"https:\\\/\\\/schema.org\",\"@graph\":[{\"@type\":\"WebPage\",\"@id\":\"https:\\\/\\\/czerwonagora.pl\\\/index.php\\\/sekcja-eksploatacyjna\\\/\",\"url\":\"https:\\\/\\\/czerwonagora.pl\\\/index.php\\\/sekcja-eksploatacyjna\\\/\",\"name\":\"Sekcja Eksploatacyjna - Wojew\u00f3dzki Szpital Specjalistyczny im. \u015aw. Rafa\u0142a w Czerwonej G\u00f3rze\",\"isPartOf\":{\"@id\":\"https:\\\/\\\/czerwonagora.pl\\\/#website\"},\"primaryImageOfPage\":{\"@id\":\"https:\\\/\\\/czerwonagora.pl\\\/index.php\\\/sekcja-eksploatacyjna\\\/#primaryimage\"},\"image\":{\"@id\":\"https:\\\/\\\/czerwonagora.pl\\\/index.php\\\/sekcja-eksploatacyjna\\\/#primaryimage\"},\"thumbnailUrl\":\"https:\\\/\\\/czerwonagora.pl\\\/wp-content\\\/uploads\\\/2021\\\/06\\\/men_adm-ikona.png\",\"datePublished\":\"2024-10-08T08:29:02+00:00\",\"dateModified\":\"2025-05-26T07:20:40+00:00\",\"breadcrumb\":{\"@id\":\"https:\\\/\\\/czerwonagora.pl\\\/index.php\\\/sekcja-eksploatacyjna\\\/#breadcrumb\"},\"inLanguage\":\"pl-PL\",\"potentialAction\":[{\"@type\":\"ReadAction\",\"target\":[\"https:\\\/\\\/czerwonagora.pl\\\/index.php\\\/sekcja-eksploatacyjna\\\/\"]}]},{\"@type\":\"ImageObject\",\"inLanguage\":\"pl-PL\",\"@id\":\"https:\\\/\\\/czerwonagora.pl\\\/index.php\\\/sekcja-eksploatacyjna\\\/#primaryimage\",\"url\":\"https:\\\/\\\/czerwonagora.pl\\\/wp-content\\\/uploads\\\/2021\\\/06\\\/men_adm-ikona.png\",\"contentUrl\":\"https:\\\/\\\/czerwonagora.pl\\\/wp-content\\\/uploads\\\/2021\\\/06\\\/men_adm-ikona.png\",\"width\":180,\"height\":223,\"caption\":\"t\u0142o koloru zielonego z sylwetk\u0105 m\u0119\u017cczyzny ubranego w ubranie wizytowe koloru czarnego\"},{\"@type\":\"BreadcrumbList\",\"@id\":\"https:\\\/\\\/czerwonagora.pl\\\/index.php\\\/sekcja-eksploatacyjna\\\/#breadcrumb\",\"itemListElement\":[{\"@type\":\"ListItem\",\"position\":1,\"name\":\"Strona g\u0142\u00f3wna\",\"item\":\"https:\\\/\\\/czerwonagora.pl\\\/\"},{\"@type\":\"ListItem\",\"position\":2,\"name\":\"Sekcja Eksploatacyjna\"}]},{\"@type\":\"WebSite\",\"@id\":\"https:\\\/\\\/czerwonagora.pl\\\/#website\",\"url\":\"https:\\\/\\\/czerwonagora.pl\\\/\",\"name\":\"Wojew\u00f3dzki Szpital Specjalistyczny im. \u015aw. Rafa\u0142a w Czerwonej G\u00f3rze\",\"description\":\"Wojew\u00f3dzki Szpital Specjalistyczny im. \u015aw. Rafa\u0142a w Czerwonej G\u00f3rze\",\"publisher\":{\"@id\":\"https:\\\/\\\/czerwonagora.pl\\\/#organization\"},\"potentialAction\":[{\"@type\":\"SearchAction\",\"target\":{\"@type\":\"EntryPoint\",\"urlTemplate\":\"https:\\\/\\\/czerwonagora.pl\\\/?s={search_term_string}\"},\"query-input\":{\"@type\":\"PropertyValueSpecification\",\"valueRequired\":true,\"valueName\":\"search_term_string\"}}],\"inLanguage\":\"pl-PL\"},{\"@type\":\"Organization\",\"@id\":\"https:\\\/\\\/czerwonagora.pl\\\/#organization\",\"name\":\"Wojew\u00f3dzki Szpital Specjalistyczny im. \u015aw. Rafa\u0142a w Czerwonej G\u00f3rze\",\"url\":\"https:\\\/\\\/czerwonagora.pl\\\/\",\"logo\":{\"@type\":\"ImageObject\",\"inLanguage\":\"pl-PL\",\"@id\":\"https:\\\/\\\/czerwonagora.pl\\\/#\\\/schema\\\/logo\\\/image\\\/\",\"url\":\"https:\\\/\\\/czerwonagora.pl\\\/wp-content\\\/uploads\\\/2021\\\/06\\\/Logo-WSS-DUZE-transparentne.png\",\"contentUrl\":\"https:\\\/\\\/czerwonagora.pl\\\/wp-content\\\/uploads\\\/2021\\\/06\\\/Logo-WSS-DUZE-transparentne.png\",\"width\":4210,\"height\":2975,\"caption\":\"Wojew\u00f3dzki Szpital Specjalistyczny im. \u015aw. Rafa\u0142a w Czerwonej G\u00f3rze\"},\"image\":{\"@id\":\"https:\\\/\\\/czerwonagora.pl\\\/#\\\/schema\\\/logo\\\/image\\\/\"},\"sameAs\":[\"https:\\\/\\\/www.facebook.com\\\/SzpitalCzerwonaGora\\\/\"]}]}<\/script>\n<!-- \/ Yoast SEO plugin. -->","yoast_head_json":{"title":"Sekcja Eksploatacyjna - Wojew\u00f3dzki Szpital Specjalistyczny im. \u015aw. Rafa\u0142a w Czerwonej G\u00f3rze","robots":{"index":"index","follow":"follow","max-snippet":"max-snippet:-1","max-image-preview":"max-image-preview:large","max-video-preview":"max-video-preview:-1"},"canonical":"https:\/\/czerwonagora.pl\/index.php\/sekcja-eksploatacyjna\/","og_locale":"pl_PL","og_type":"article","og_title":"Sekcja Eksploatacyjna - Wojew\u00f3dzki Szpital Specjalistyczny im. \u015aw. Rafa\u0142a w Czerwonej G\u00f3rze","og_description":"Grzegorz Stokowiec Koordynator Sekcji Esklopatacyjnej Sekcja Eksploatacyjna Sekcj\u0105 Eksploatacyjn\u0105 kieruje Koordynator Sekcji Eksploatacyjnej, kt\u00f3ry s\u0142u\u017cbowo podlega bezpo\u015brednio Zast\u0119pcy Dyrektora ds. Technicznych. Podstawowe zadania Sekcji Eksploatacyjnej: zapewnienie ca\u0142odobowej obs\u0142ugi Portierni Szpitala, wsp\u00f3\u0142praca z Sekcj\u0105 Obs\u0142ugi Technicznej w zakresie sygnalizacji alarmowych &#8211; SPP: podj\u0119cie dzia\u0142a\u0144 zwi\u0105zanych z weryfikacj\u0105 przyczyn i ewentualne odwo\u0142ywanie alarmu, zapewnienie ca\u0142odobowej obs\u0142ugi systemu [&hellip;]","og_url":"https:\/\/czerwonagora.pl\/index.php\/sekcja-eksploatacyjna\/","og_site_name":"Wojew\u00f3dzki Szpital Specjalistyczny im. \u015aw. Rafa\u0142a w Czerwonej G\u00f3rze","article_publisher":"https:\/\/www.facebook.com\/SzpitalCzerwonaGora\/","article_modified_time":"2025-05-26T07:20:40+00:00","og_image":[{"width":180,"height":223,"url":"https:\/\/czerwonagora.pl\/wp-content\/uploads\/2021\/06\/men_adm-ikona.png","type":"image\/png"}],"twitter_card":"summary_large_image","twitter_misc":{"Szacowany czas czytania":"2 minuty"},"schema":{"@context":"https:\/\/schema.org","@graph":[{"@type":"WebPage","@id":"https:\/\/czerwonagora.pl\/index.php\/sekcja-eksploatacyjna\/","url":"https:\/\/czerwonagora.pl\/index.php\/sekcja-eksploatacyjna\/","name":"Sekcja Eksploatacyjna - Wojew\u00f3dzki Szpital Specjalistyczny im. \u015aw. Rafa\u0142a w Czerwonej G\u00f3rze","isPartOf":{"@id":"https:\/\/czerwonagora.pl\/#website"},"primaryImageOfPage":{"@id":"https:\/\/czerwonagora.pl\/index.php\/sekcja-eksploatacyjna\/#primaryimage"},"image":{"@id":"https:\/\/czerwonagora.pl\/index.php\/sekcja-eksploatacyjna\/#primaryimage"},"thumbnailUrl":"https:\/\/czerwonagora.pl\/wp-content\/uploads\/2021\/06\/men_adm-ikona.png","datePublished":"2024-10-08T08:29:02+00:00","dateModified":"2025-05-26T07:20:40+00:00","breadcrumb":{"@id":"https:\/\/czerwonagora.pl\/index.php\/sekcja-eksploatacyjna\/#breadcrumb"},"inLanguage":"pl-PL","potentialAction":[{"@type":"ReadAction","target":["https:\/\/czerwonagora.pl\/index.php\/sekcja-eksploatacyjna\/"]}]},{"@type":"ImageObject","inLanguage":"pl-PL","@id":"https:\/\/czerwonagora.pl\/index.php\/sekcja-eksploatacyjna\/#primaryimage","url":"https:\/\/czerwonagora.pl\/wp-content\/uploads\/2021\/06\/men_adm-ikona.png","contentUrl":"https:\/\/czerwonagora.pl\/wp-content\/uploads\/2021\/06\/men_adm-ikona.png","width":180,"height":223,"caption":"t\u0142o koloru zielonego z sylwetk\u0105 m\u0119\u017cczyzny ubranego w ubranie wizytowe koloru czarnego"},{"@type":"BreadcrumbList","@id":"https:\/\/czerwonagora.pl\/index.php\/sekcja-eksploatacyjna\/#breadcrumb","itemListElement":[{"@type":"ListItem","position":1,"name":"Strona g\u0142\u00f3wna","item":"https:\/\/czerwonagora.pl\/"},{"@type":"ListItem","position":2,"name":"Sekcja Eksploatacyjna"}]},{"@type":"WebSite","@id":"https:\/\/czerwonagora.pl\/#website","url":"https:\/\/czerwonagora.pl\/","name":"Wojew\u00f3dzki Szpital Specjalistyczny im. \u015aw. Rafa\u0142a w Czerwonej G\u00f3rze","description":"Wojew\u00f3dzki Szpital Specjalistyczny im. \u015aw. Rafa\u0142a w Czerwonej G\u00f3rze","publisher":{"@id":"https:\/\/czerwonagora.pl\/#organization"},"potentialAction":[{"@type":"SearchAction","target":{"@type":"EntryPoint","urlTemplate":"https:\/\/czerwonagora.pl\/?s={search_term_string}"},"query-input":{"@type":"PropertyValueSpecification","valueRequired":true,"valueName":"search_term_string"}}],"inLanguage":"pl-PL"},{"@type":"Organization","@id":"https:\/\/czerwonagora.pl\/#organization","name":"Wojew\u00f3dzki Szpital Specjalistyczny im. \u015aw. Rafa\u0142a w Czerwonej G\u00f3rze","url":"https:\/\/czerwonagora.pl\/","logo":{"@type":"ImageObject","inLanguage":"pl-PL","@id":"https:\/\/czerwonagora.pl\/#\/schema\/logo\/image\/","url":"https:\/\/czerwonagora.pl\/wp-content\/uploads\/2021\/06\/Logo-WSS-DUZE-transparentne.png","contentUrl":"https:\/\/czerwonagora.pl\/wp-content\/uploads\/2021\/06\/Logo-WSS-DUZE-transparentne.png","width":4210,"height":2975,"caption":"Wojew\u00f3dzki Szpital Specjalistyczny im. \u015aw. Rafa\u0142a w Czerwonej G\u00f3rze"},"image":{"@id":"https:\/\/czerwonagora.pl\/#\/schema\/logo\/image\/"},"sameAs":["https:\/\/www.facebook.com\/SzpitalCzerwonaGora\/"]}]}},"publishpress_future_action":{"enabled":false,"date":"2026-04-29 04:01:29","action":"change-status","newStatus":"draft","terms":[],"taxonomy":"","extraData":[]},"publishpress_future_workflow_manual_trigger":{"enabledWorkflows":[]},"_links":{"self":[{"href":"https:\/\/czerwonagora.pl\/index.php\/wp-json\/wp\/v2\/pages\/24786","targetHints":{"allow":["GET"]}}],"collection":[{"href":"https:\/\/czerwonagora.pl\/index.php\/wp-json\/wp\/v2\/pages"}],"about":[{"href":"https:\/\/czerwonagora.pl\/index.php\/wp-json\/wp\/v2\/types\/page"}],"author":[{"embeddable":true,"href":"https:\/\/czerwonagora.pl\/index.php\/wp-json\/wp\/v2\/users\/12"}],"replies":[{"embeddable":true,"href":"https:\/\/czerwonagora.pl\/index.php\/wp-json\/wp\/v2\/comments?post=24786"}],"version-history":[{"count":14,"href":"https:\/\/czerwonagora.pl\/index.php\/wp-json\/wp\/v2\/pages\/24786\/revisions"}],"predecessor-version":[{"id":28008,"href":"https:\/\/czerwonagora.pl\/index.php\/wp-json\/wp\/v2\/pages\/24786\/revisions\/28008"}],"wp:attachment":[{"href":"https:\/\/czerwonagora.pl\/index.php\/wp-json\/wp\/v2\/media?parent=24786"}],"curies":[{"name":"wp","href":"https:\/\/api.w.org\/{rel}","templated":true}]}}