{"id":24793,"date":"2024-10-08T13:33:21","date_gmt":"2024-10-08T11:33:21","guid":{"rendered":"https:\/\/czerwonagora.pl\/?page_id=24793"},"modified":"2025-05-26T09:19:42","modified_gmt":"2025-05-26T07:19:42","slug":"sekcja-inwestycyjno-remontowa","status":"publish","type":"page","link":"https:\/\/czerwonagora.pl\/index.php\/sekcja-inwestycyjno-remontowa\/","title":{"rendered":"Sekcja Inwestycyjno &#8211; Remontowa"},"content":{"rendered":"\t\t<div data-elementor-type=\"wp-page\" data-elementor-id=\"24793\" class=\"elementor elementor-24793\">\n\t\t\t\t\t\t<section class=\"elementor-section elementor-top-section elementor-element elementor-element-7d8fa80 elementor-section-stretched elementor-section-boxed elementor-section-height-default elementor-section-height-default elementor-invisible\" data-id=\"7d8fa80\" data-element_type=\"section\" data-e-type=\"section\" data-settings=\"{&quot;stretch_section&quot;:&quot;section-stretched&quot;,&quot;animation&quot;:&quot;fadeIn&quot;,&quot;animation_delay&quot;:200}\">\n\t\t\t\t\t\t\t<div class=\"elementor-background-overlay\"><\/div>\n\t\t\t\t\t\t\t<div class=\"elementor-container elementor-column-gap-no\">\n\t\t\t\t\t<div class=\"elementor-column elementor-col-33 elementor-top-column elementor-element elementor-element-e1464b1\" data-id=\"e1464b1\" data-element_type=\"column\" data-e-type=\"column\">\n\t\t\t<div class=\"elementor-widget-wrap elementor-element-populated\">\n\t\t\t\t\t\t<div class=\"elementor-element elementor-element-5fef67d elementor-widget-divider--view-line elementor-widget elementor-widget-divider\" data-id=\"5fef67d\" data-element_type=\"widget\" data-e-type=\"widget\" data-widget_type=\"divider.default\">\n\t\t\t\t<div class=\"elementor-widget-container\">\n\t\t\t\t\t\t\t<div class=\"elementor-divider\">\n\t\t\t<span class=\"elementor-divider-separator\">\n\t\t\t\t\t\t<\/span>\n\t\t<\/div>\n\t\t\t\t\t\t<\/div>\n\t\t\t\t<\/div>\n\t\t\t\t\t<\/div>\n\t\t<\/div>\n\t\t\t\t<div class=\"elementor-column elementor-col-33 elementor-top-column elementor-element elementor-element-ad77eda\" data-id=\"ad77eda\" data-element_type=\"column\" data-e-type=\"column\">\n\t\t\t<div class=\"elementor-widget-wrap elementor-element-populated\">\n\t\t\t\t\t\t<div class=\"elementor-element elementor-element-43472d7 elementor-widget-divider--view-line elementor-widget elementor-widget-divider\" data-id=\"43472d7\" data-element_type=\"widget\" data-e-type=\"widget\" data-widget_type=\"divider.default\">\n\t\t\t\t<div class=\"elementor-widget-container\">\n\t\t\t\t\t\t\t<div class=\"elementor-divider\">\n\t\t\t<span class=\"elementor-divider-separator\">\n\t\t\t\t\t\t<\/span>\n\t\t<\/div>\n\t\t\t\t\t\t<\/div>\n\t\t\t\t<\/div>\n\t\t\t\t<div class=\"elementor-element elementor-element-48b4e00 elementor-position-top elementor-invisible elementor-widget elementor-widget-image-box\" data-id=\"48b4e00\" data-element_type=\"widget\" data-e-type=\"widget\" data-settings=\"{&quot;_animation&quot;:&quot;fadeIn&quot;}\" data-widget_type=\"image-box.default\">\n\t\t\t\t<div class=\"elementor-widget-container\">\n\t\t\t\t\t<div class=\"elementor-image-box-wrapper\"><figure class=\"elementor-image-box-img\"><img decoding=\"async\" width=\"180\" height=\"223\" src=\"https:\/\/czerwonagora.pl\/wp-content\/uploads\/2021\/06\/men_adm-ikona.png\" class=\"attachment-full size-full wp-image-7902\" alt=\"t\u0142o koloru zielonego z sylwetk\u0105 m\u0119\u017cczyzny ubranego w ubranie wizytowe koloru czarnego\" \/><\/figure><div class=\"elementor-image-box-content\"><h1 class=\"elementor-image-box-title\">Marcin Drogosz<\/h1><p class=\"elementor-image-box-description\">Koordynator Sekcji Inwestycyjno - Remontowej<\/p><\/div><\/div>\t\t\t\t<\/div>\n\t\t\t\t<\/div>\n\t\t\t\t\t<\/div>\n\t\t<\/div>\n\t\t\t\t<div class=\"elementor-column elementor-col-33 elementor-top-column elementor-element elementor-element-d8aa33f\" data-id=\"d8aa33f\" data-element_type=\"column\" data-e-type=\"column\">\n\t\t\t<div class=\"elementor-widget-wrap\">\n\t\t\t\t\t\t\t<\/div>\n\t\t<\/div>\n\t\t\t\t\t<\/div>\n\t\t<\/section>\n\t\t\t\t<section class=\"elementor-section elementor-top-section elementor-element elementor-element-b358f15 elementor-section-stretched elementor-section-boxed elementor-section-height-default elementor-section-height-default\" data-id=\"b358f15\" data-element_type=\"section\" data-e-type=\"section\" data-settings=\"{&quot;stretch_section&quot;:&quot;section-stretched&quot;}\">\n\t\t\t\t\t\t<div class=\"elementor-container elementor-column-gap-default\">\n\t\t\t\t\t<div class=\"elementor-column elementor-col-66 elementor-top-column elementor-element elementor-element-3050ba2\" data-id=\"3050ba2\" data-element_type=\"column\" data-e-type=\"column\">\n\t\t\t<div class=\"elementor-widget-wrap elementor-element-populated\">\n\t\t\t\t\t\t<div class=\"elementor-element elementor-element-4540f1c elementor-widget elementor-widget-text-editor\" data-id=\"4540f1c\" data-element_type=\"widget\" data-e-type=\"widget\" data-widget_type=\"text-editor.default\">\n\t\t\t\t<div class=\"elementor-widget-container\">\n\t\t\t\t\t\t\t\t\t<h4><strong>Sekcja Inwestycyjno &#8211; Remontowa<br \/><\/strong><\/h4><p>Sekcj\u0105 Inwestycyjno &#8211; Remontow\u0105 kieruje Koordynator Sekcji Inwestycyjno &#8211; Remontowej, kt\u00f3ry s\u0142u\u017cbowo podlega bezpo\u015brednio Zast\u0119pcy Dyrektora ds. Technicznych.<\/p><h4><strong>Podstawowe zadania Sekcji Inwestycyjno &#8211; Remontowej:<\/strong><\/h4><ul><li>Realizacja zada\u0144 remontowych na terenie Wojew\u00f3dzkiego Szpitala Specjalistycznego im. \u015aw. Rafa\u0142a w Czerwonej G\u00f3rze oraz w Wojew\u00f3dzkiej Przychodni Specjalistycznej Szpitala w Czerwonej G\u00f3rze, Kielce ul. Jagiello\u0144ska 72,<\/li><li>Przygotowanie zakresu realizacji zada\u0144 inwestycyjnych na terenie Szpitala Wojew\u00f3dzkiego Szpitala Specjalistycznego im. \u015aw. Rafa\u0142a w Czerwonej G\u00f3rze oraz w Wojew\u00f3dzkiej Przychodni Specjalistycznej Szpitala w Czerwonej G\u00f3rze, Kielce ul. Jagiello\u0144ska 72 wraz ze wsp\u00f3\u0142prac\u0105 z Zarz\u0105dc\u0105 Nieruchomo\u015bci ,<\/li><li>Przeprowadzanie prac konserwacyjnych, napraw i remont\u00f3w w zakresie budowlanym,<\/li><li>Utrzymanie infrastruktury budowlanej w nale\u017cytym stanie technicznym,<\/li><li>Wykonywanie prac zabezpieczaj\u0105cych na wypadek zdarze\u0144 niepo\u017c\u0105danych i awarii,<\/li><li>Sprawdzanie i opiniowanie otrzymanej z biur projekt\u00f3w dokumentacji projektowej i kosztorysowej w zakresie dzia\u0142alno\u015bci Sekcji dla poszczeg\u00f3lnych zada\u0144 remontowo &#8211; inwestycyjnych,<\/li><li>Opracowanie kosztorys\u00f3w i innych dokument\u00f3w niezb\u0119dnych do planowanych prac remontowo &#8211; inwestycyjnych,<\/li><li>Dbanie o terminowe i jako\u015bciowe wykonywanie rob\u00f3t przez wykonawc\u0119,<\/li><li>Systematyczne informowanie prze\u0142o\u017conego o stanie realizacji poszczeg\u00f3lnych zada\u0144 inwestycyjnych, w szczeg\u00f3lno\u015bci dotycz\u0105cych zagro\u017ce\u0144 w terminie ich realizacji i rozliczenia,<\/li><li>Dokonywanie odbior\u00f3w cz\u0119\u015bciowych i ko\u0144cowych poszczeg\u00f3lnych zada\u0144 remontowo &#8211; inwestycyjnych,<\/li><li>Organizowanie i przeprowadzanie post\u0119powa\u0144 inwestycyjnych (roboty\/dokumentacje),<\/li><li>Przygotowanie dokumentacji do planowanych post\u0119powa\u0144 przetargowych, kontrakt\u00f3w wst\u0119pnych i powykonawczych na roboty budowlane oraz sprawowanie nadzoru inwestycyjnego w tym zakresie,<\/li><li>Wsp\u00f3\u0142praca z instytucjami zewn\u0119trznymi i prowadzenie wymaganej sprawozdawczo\u015bci w zakresie realizowanych zada\u0144<\/li><li>Realizacja innych zada\u0144\u00a0 zlecanych przez Dyrektora<\/li><li>Przyjmowanie, rejestrowanie i usuwanie usterek budowlanych zg\u0142aszanych przez kom\u00f3rki organizacyjne,<\/li><li>Bezpo\u015bredni merytoryczny nadz\u00f3r nad umowami zawartymi z firmami zewn\u0119trznymi w zakresie: dostawy materia\u0142\u00f3w budowlanych oraz realizacji planowanych zada\u0144 remontowo &#8211; inwestycyjnych<\/li><\/ul><p>\u00a0<\/p><p>\u00a0<\/p>\t\t\t\t\t\t\t\t<\/div>\n\t\t\t\t<\/div>\n\t\t\t\t\t<\/div>\n\t\t<\/div>\n\t\t\t\t<div class=\"elementor-column elementor-col-33 elementor-top-column elementor-element elementor-element-6c4a7bc\" data-id=\"6c4a7bc\" data-element_type=\"column\" data-e-type=\"column\" data-settings=\"{&quot;background_background&quot;:&quot;classic&quot;}\">\n\t\t\t<div class=\"elementor-widget-wrap elementor-element-populated\">\n\t\t\t\t\t\t<div class=\"elementor-element elementor-element-07c43f9 elementor-view-default elementor-widget elementor-widget-icon\" data-id=\"07c43f9\" data-element_type=\"widget\" data-e-type=\"widget\" data-widget_type=\"icon.default\">\n\t\t\t\t<div class=\"elementor-widget-container\">\n\t\t\t\t\t\t\t<div class=\"elementor-icon-wrapper\">\n\t\t\t<div class=\"elementor-icon\">\n\t\t\t<i aria-hidden=\"true\" class=\"fas fa-phone-square\"><\/i>\t\t\t<\/div>\n\t\t<\/div>\n\t\t\t\t\t\t<\/div>\n\t\t\t\t<\/div>\n\t\t\t\t<div class=\"elementor-element elementor-element-c1ac639 elementor-widget elementor-widget-text-editor\" data-id=\"c1ac639\" data-element_type=\"widget\" data-e-type=\"widget\" data-widget_type=\"text-editor.default\">\n\t\t\t\t<div class=\"elementor-widget-container\">\n\t\t\t\t\t\t\t\t\t<div><div><div><p><strong>Lokalizacja Budynek &#8211;\u00a0 Archiwum<\/strong><\/p><p><strong>Numery bezpo\u015brednie:<\/strong><br \/><strong>Szpital:<\/strong>+48 (41) 34 655 45 do 48<\/p><\/div><\/div><\/div>\t\t\t\t\t\t\t\t<\/div>\n\t\t\t\t<\/div>\n\t\t\t\t\t<\/div>\n\t\t<\/div>\n\t\t\t\t\t<\/div>\n\t\t<\/section>\n\t\t\t\t<\/div>\n\t\t","protected":false},"excerpt":{"rendered":"<p>Marcin Drogosz Koordynator Sekcji Inwestycyjno &#8211; Remontowej Sekcja Inwestycyjno &#8211; Remontowa Sekcj\u0105 Inwestycyjno &#8211; Remontow\u0105 kieruje Koordynator Sekcji Inwestycyjno &#8211; Remontowej, kt\u00f3ry s\u0142u\u017cbowo podlega bezpo\u015brednio Zast\u0119pcy Dyrektora ds. Technicznych. Podstawowe zadania Sekcji Inwestycyjno &#8211; Remontowej: Realizacja zada\u0144 remontowych na terenie Wojew\u00f3dzkiego Szpitala Specjalistycznego im. \u015aw. Rafa\u0142a w Czerwonej G\u00f3rze oraz w Wojew\u00f3dzkiej Przychodni Specjalistycznej Szpitala [&hellip;]<\/p>\n","protected":false},"author":12,"featured_media":0,"parent":0,"menu_order":0,"comment_status":"closed","ping_status":"closed","template":"","meta":{"zakra_page_container_layout":"customizer","zakra_page_sidebar_layout":"customizer","zakra_remove_content_margin":false,"zakra_sidebar":"customizer","zakra_transparent_header":"customizer","zakra_logo":0,"zakra_main_header_style":"default","zakra_menu_item_color":"","zakra_menu_item_hover_color":"","zakra_menu_item_active_color":"","zakra_menu_active_style":"","zakra_page_header":true,"footnotes":""},"class_list":["post-24793","page","type-page","status-publish","hentry"],"yoast_head":"<!-- This site is optimized with the Yoast SEO plugin v27.3 - https:\/\/yoast.com\/product\/yoast-seo-wordpress\/ -->\n<title>Sekcja Inwestycyjno - Remontowa - Wojew\u00f3dzki Szpital Specjalistyczny im. \u015aw. Rafa\u0142a w Czerwonej G\u00f3rze<\/title>\n<meta name=\"robots\" content=\"index, follow, max-snippet:-1, max-image-preview:large, max-video-preview:-1\" \/>\n<link rel=\"canonical\" href=\"https:\/\/czerwonagora.pl\/index.php\/sekcja-inwestycyjno-remontowa\/\" \/>\n<meta property=\"og:locale\" content=\"pl_PL\" \/>\n<meta property=\"og:type\" content=\"article\" \/>\n<meta property=\"og:title\" content=\"Sekcja Inwestycyjno - Remontowa - Wojew\u00f3dzki Szpital Specjalistyczny im. \u015aw. Rafa\u0142a w Czerwonej G\u00f3rze\" \/>\n<meta property=\"og:description\" content=\"Marcin Drogosz Koordynator Sekcji Inwestycyjno &#8211; Remontowej Sekcja Inwestycyjno &#8211; Remontowa Sekcj\u0105 Inwestycyjno &#8211; Remontow\u0105 kieruje Koordynator Sekcji Inwestycyjno &#8211; Remontowej, kt\u00f3ry s\u0142u\u017cbowo podlega bezpo\u015brednio Zast\u0119pcy Dyrektora ds. Technicznych. Podstawowe zadania Sekcji Inwestycyjno &#8211; Remontowej: Realizacja zada\u0144 remontowych na terenie Wojew\u00f3dzkiego Szpitala Specjalistycznego im. \u015aw. Rafa\u0142a w Czerwonej G\u00f3rze oraz w Wojew\u00f3dzkiej Przychodni Specjalistycznej Szpitala [&hellip;]\" \/>\n<meta property=\"og:url\" content=\"https:\/\/czerwonagora.pl\/index.php\/sekcja-inwestycyjno-remontowa\/\" \/>\n<meta property=\"og:site_name\" content=\"Wojew\u00f3dzki Szpital Specjalistyczny im. \u015aw. Rafa\u0142a w Czerwonej G\u00f3rze\" \/>\n<meta property=\"article:publisher\" content=\"https:\/\/www.facebook.com\/SzpitalCzerwonaGora\/\" \/>\n<meta property=\"article:modified_time\" content=\"2025-05-26T07:19:42+00:00\" \/>\n<meta property=\"og:image\" content=\"https:\/\/czerwonagora.pl\/wp-content\/uploads\/2021\/06\/men_adm-ikona.png\" \/>\n\t<meta property=\"og:image:width\" content=\"180\" \/>\n\t<meta property=\"og:image:height\" content=\"223\" \/>\n\t<meta property=\"og:image:type\" content=\"image\/png\" \/>\n<meta name=\"twitter:card\" content=\"summary_large_image\" \/>\n<meta name=\"twitter:label1\" content=\"Szacowany czas czytania\" \/>\n\t<meta name=\"twitter:data1\" content=\"2 minuty\" \/>\n<script type=\"application\/ld+json\" class=\"yoast-schema-graph\">{\"@context\":\"https:\\\/\\\/schema.org\",\"@graph\":[{\"@type\":\"WebPage\",\"@id\":\"https:\\\/\\\/czerwonagora.pl\\\/index.php\\\/sekcja-inwestycyjno-remontowa\\\/\",\"url\":\"https:\\\/\\\/czerwonagora.pl\\\/index.php\\\/sekcja-inwestycyjno-remontowa\\\/\",\"name\":\"Sekcja Inwestycyjno - Remontowa - Wojew\u00f3dzki Szpital Specjalistyczny im. \u015aw. Rafa\u0142a w Czerwonej G\u00f3rze\",\"isPartOf\":{\"@id\":\"https:\\\/\\\/czerwonagora.pl\\\/#website\"},\"primaryImageOfPage\":{\"@id\":\"https:\\\/\\\/czerwonagora.pl\\\/index.php\\\/sekcja-inwestycyjno-remontowa\\\/#primaryimage\"},\"image\":{\"@id\":\"https:\\\/\\\/czerwonagora.pl\\\/index.php\\\/sekcja-inwestycyjno-remontowa\\\/#primaryimage\"},\"thumbnailUrl\":\"https:\\\/\\\/czerwonagora.pl\\\/wp-content\\\/uploads\\\/2021\\\/06\\\/men_adm-ikona.png\",\"datePublished\":\"2024-10-08T11:33:21+00:00\",\"dateModified\":\"2025-05-26T07:19:42+00:00\",\"breadcrumb\":{\"@id\":\"https:\\\/\\\/czerwonagora.pl\\\/index.php\\\/sekcja-inwestycyjno-remontowa\\\/#breadcrumb\"},\"inLanguage\":\"pl-PL\",\"potentialAction\":[{\"@type\":\"ReadAction\",\"target\":[\"https:\\\/\\\/czerwonagora.pl\\\/index.php\\\/sekcja-inwestycyjno-remontowa\\\/\"]}]},{\"@type\":\"ImageObject\",\"inLanguage\":\"pl-PL\",\"@id\":\"https:\\\/\\\/czerwonagora.pl\\\/index.php\\\/sekcja-inwestycyjno-remontowa\\\/#primaryimage\",\"url\":\"https:\\\/\\\/czerwonagora.pl\\\/wp-content\\\/uploads\\\/2021\\\/06\\\/men_adm-ikona.png\",\"contentUrl\":\"https:\\\/\\\/czerwonagora.pl\\\/wp-content\\\/uploads\\\/2021\\\/06\\\/men_adm-ikona.png\",\"width\":180,\"height\":223,\"caption\":\"t\u0142o koloru zielonego z sylwetk\u0105 m\u0119\u017cczyzny ubranego w ubranie wizytowe koloru czarnego\"},{\"@type\":\"BreadcrumbList\",\"@id\":\"https:\\\/\\\/czerwonagora.pl\\\/index.php\\\/sekcja-inwestycyjno-remontowa\\\/#breadcrumb\",\"itemListElement\":[{\"@type\":\"ListItem\",\"position\":1,\"name\":\"Strona g\u0142\u00f3wna\",\"item\":\"https:\\\/\\\/czerwonagora.pl\\\/\"},{\"@type\":\"ListItem\",\"position\":2,\"name\":\"Sekcja Inwestycyjno &#8211; Remontowa\"}]},{\"@type\":\"WebSite\",\"@id\":\"https:\\\/\\\/czerwonagora.pl\\\/#website\",\"url\":\"https:\\\/\\\/czerwonagora.pl\\\/\",\"name\":\"Wojew\u00f3dzki Szpital Specjalistyczny im. \u015aw. Rafa\u0142a w Czerwonej G\u00f3rze\",\"description\":\"Wojew\u00f3dzki Szpital Specjalistyczny im. \u015aw. Rafa\u0142a w Czerwonej G\u00f3rze\",\"publisher\":{\"@id\":\"https:\\\/\\\/czerwonagora.pl\\\/#organization\"},\"potentialAction\":[{\"@type\":\"SearchAction\",\"target\":{\"@type\":\"EntryPoint\",\"urlTemplate\":\"https:\\\/\\\/czerwonagora.pl\\\/?s={search_term_string}\"},\"query-input\":{\"@type\":\"PropertyValueSpecification\",\"valueRequired\":true,\"valueName\":\"search_term_string\"}}],\"inLanguage\":\"pl-PL\"},{\"@type\":\"Organization\",\"@id\":\"https:\\\/\\\/czerwonagora.pl\\\/#organization\",\"name\":\"Wojew\u00f3dzki Szpital Specjalistyczny im. \u015aw. Rafa\u0142a w Czerwonej G\u00f3rze\",\"url\":\"https:\\\/\\\/czerwonagora.pl\\\/\",\"logo\":{\"@type\":\"ImageObject\",\"inLanguage\":\"pl-PL\",\"@id\":\"https:\\\/\\\/czerwonagora.pl\\\/#\\\/schema\\\/logo\\\/image\\\/\",\"url\":\"https:\\\/\\\/czerwonagora.pl\\\/wp-content\\\/uploads\\\/2021\\\/06\\\/Logo-WSS-DUZE-transparentne.png\",\"contentUrl\":\"https:\\\/\\\/czerwonagora.pl\\\/wp-content\\\/uploads\\\/2021\\\/06\\\/Logo-WSS-DUZE-transparentne.png\",\"width\":4210,\"height\":2975,\"caption\":\"Wojew\u00f3dzki Szpital Specjalistyczny im. \u015aw. Rafa\u0142a w Czerwonej G\u00f3rze\"},\"image\":{\"@id\":\"https:\\\/\\\/czerwonagora.pl\\\/#\\\/schema\\\/logo\\\/image\\\/\"},\"sameAs\":[\"https:\\\/\\\/www.facebook.com\\\/SzpitalCzerwonaGora\\\/\"]}]}<\/script>\n<!-- \/ Yoast SEO plugin. -->","yoast_head_json":{"title":"Sekcja Inwestycyjno - Remontowa - Wojew\u00f3dzki Szpital Specjalistyczny im. \u015aw. Rafa\u0142a w Czerwonej G\u00f3rze","robots":{"index":"index","follow":"follow","max-snippet":"max-snippet:-1","max-image-preview":"max-image-preview:large","max-video-preview":"max-video-preview:-1"},"canonical":"https:\/\/czerwonagora.pl\/index.php\/sekcja-inwestycyjno-remontowa\/","og_locale":"pl_PL","og_type":"article","og_title":"Sekcja Inwestycyjno - Remontowa - Wojew\u00f3dzki Szpital Specjalistyczny im. \u015aw. Rafa\u0142a w Czerwonej G\u00f3rze","og_description":"Marcin Drogosz Koordynator Sekcji Inwestycyjno &#8211; Remontowej Sekcja Inwestycyjno &#8211; Remontowa Sekcj\u0105 Inwestycyjno &#8211; Remontow\u0105 kieruje Koordynator Sekcji Inwestycyjno &#8211; Remontowej, kt\u00f3ry s\u0142u\u017cbowo podlega bezpo\u015brednio Zast\u0119pcy Dyrektora ds. Technicznych. Podstawowe zadania Sekcji Inwestycyjno &#8211; Remontowej: Realizacja zada\u0144 remontowych na terenie Wojew\u00f3dzkiego Szpitala Specjalistycznego im. \u015aw. Rafa\u0142a w Czerwonej G\u00f3rze oraz w Wojew\u00f3dzkiej Przychodni Specjalistycznej Szpitala [&hellip;]","og_url":"https:\/\/czerwonagora.pl\/index.php\/sekcja-inwestycyjno-remontowa\/","og_site_name":"Wojew\u00f3dzki Szpital Specjalistyczny im. \u015aw. Rafa\u0142a w Czerwonej G\u00f3rze","article_publisher":"https:\/\/www.facebook.com\/SzpitalCzerwonaGora\/","article_modified_time":"2025-05-26T07:19:42+00:00","og_image":[{"width":180,"height":223,"url":"https:\/\/czerwonagora.pl\/wp-content\/uploads\/2021\/06\/men_adm-ikona.png","type":"image\/png"}],"twitter_card":"summary_large_image","twitter_misc":{"Szacowany czas czytania":"2 minuty"},"schema":{"@context":"https:\/\/schema.org","@graph":[{"@type":"WebPage","@id":"https:\/\/czerwonagora.pl\/index.php\/sekcja-inwestycyjno-remontowa\/","url":"https:\/\/czerwonagora.pl\/index.php\/sekcja-inwestycyjno-remontowa\/","name":"Sekcja Inwestycyjno - Remontowa - Wojew\u00f3dzki Szpital Specjalistyczny im. \u015aw. Rafa\u0142a w Czerwonej G\u00f3rze","isPartOf":{"@id":"https:\/\/czerwonagora.pl\/#website"},"primaryImageOfPage":{"@id":"https:\/\/czerwonagora.pl\/index.php\/sekcja-inwestycyjno-remontowa\/#primaryimage"},"image":{"@id":"https:\/\/czerwonagora.pl\/index.php\/sekcja-inwestycyjno-remontowa\/#primaryimage"},"thumbnailUrl":"https:\/\/czerwonagora.pl\/wp-content\/uploads\/2021\/06\/men_adm-ikona.png","datePublished":"2024-10-08T11:33:21+00:00","dateModified":"2025-05-26T07:19:42+00:00","breadcrumb":{"@id":"https:\/\/czerwonagora.pl\/index.php\/sekcja-inwestycyjno-remontowa\/#breadcrumb"},"inLanguage":"pl-PL","potentialAction":[{"@type":"ReadAction","target":["https:\/\/czerwonagora.pl\/index.php\/sekcja-inwestycyjno-remontowa\/"]}]},{"@type":"ImageObject","inLanguage":"pl-PL","@id":"https:\/\/czerwonagora.pl\/index.php\/sekcja-inwestycyjno-remontowa\/#primaryimage","url":"https:\/\/czerwonagora.pl\/wp-content\/uploads\/2021\/06\/men_adm-ikona.png","contentUrl":"https:\/\/czerwonagora.pl\/wp-content\/uploads\/2021\/06\/men_adm-ikona.png","width":180,"height":223,"caption":"t\u0142o koloru zielonego z sylwetk\u0105 m\u0119\u017cczyzny ubranego w ubranie wizytowe koloru czarnego"},{"@type":"BreadcrumbList","@id":"https:\/\/czerwonagora.pl\/index.php\/sekcja-inwestycyjno-remontowa\/#breadcrumb","itemListElement":[{"@type":"ListItem","position":1,"name":"Strona g\u0142\u00f3wna","item":"https:\/\/czerwonagora.pl\/"},{"@type":"ListItem","position":2,"name":"Sekcja Inwestycyjno &#8211; Remontowa"}]},{"@type":"WebSite","@id":"https:\/\/czerwonagora.pl\/#website","url":"https:\/\/czerwonagora.pl\/","name":"Wojew\u00f3dzki Szpital Specjalistyczny im. \u015aw. Rafa\u0142a w Czerwonej G\u00f3rze","description":"Wojew\u00f3dzki Szpital Specjalistyczny im. \u015aw. Rafa\u0142a w Czerwonej G\u00f3rze","publisher":{"@id":"https:\/\/czerwonagora.pl\/#organization"},"potentialAction":[{"@type":"SearchAction","target":{"@type":"EntryPoint","urlTemplate":"https:\/\/czerwonagora.pl\/?s={search_term_string}"},"query-input":{"@type":"PropertyValueSpecification","valueRequired":true,"valueName":"search_term_string"}}],"inLanguage":"pl-PL"},{"@type":"Organization","@id":"https:\/\/czerwonagora.pl\/#organization","name":"Wojew\u00f3dzki Szpital Specjalistyczny im. \u015aw. Rafa\u0142a w Czerwonej G\u00f3rze","url":"https:\/\/czerwonagora.pl\/","logo":{"@type":"ImageObject","inLanguage":"pl-PL","@id":"https:\/\/czerwonagora.pl\/#\/schema\/logo\/image\/","url":"https:\/\/czerwonagora.pl\/wp-content\/uploads\/2021\/06\/Logo-WSS-DUZE-transparentne.png","contentUrl":"https:\/\/czerwonagora.pl\/wp-content\/uploads\/2021\/06\/Logo-WSS-DUZE-transparentne.png","width":4210,"height":2975,"caption":"Wojew\u00f3dzki Szpital Specjalistyczny im. \u015aw. Rafa\u0142a w Czerwonej G\u00f3rze"},"image":{"@id":"https:\/\/czerwonagora.pl\/#\/schema\/logo\/image\/"},"sameAs":["https:\/\/www.facebook.com\/SzpitalCzerwonaGora\/"]}]}},"publishpress_future_action":{"enabled":false,"date":"2026-04-19 12:16:08","action":"change-status","newStatus":"draft","terms":[],"taxonomy":"","extraData":[]},"publishpress_future_workflow_manual_trigger":{"enabledWorkflows":[]},"_links":{"self":[{"href":"https:\/\/czerwonagora.pl\/index.php\/wp-json\/wp\/v2\/pages\/24793","targetHints":{"allow":["GET"]}}],"collection":[{"href":"https:\/\/czerwonagora.pl\/index.php\/wp-json\/wp\/v2\/pages"}],"about":[{"href":"https:\/\/czerwonagora.pl\/index.php\/wp-json\/wp\/v2\/types\/page"}],"author":[{"embeddable":true,"href":"https:\/\/czerwonagora.pl\/index.php\/wp-json\/wp\/v2\/users\/12"}],"replies":[{"embeddable":true,"href":"https:\/\/czerwonagora.pl\/index.php\/wp-json\/wp\/v2\/comments?post=24793"}],"version-history":[{"count":18,"href":"https:\/\/czerwonagora.pl\/index.php\/wp-json\/wp\/v2\/pages\/24793\/revisions"}],"predecessor-version":[{"id":28005,"href":"https:\/\/czerwonagora.pl\/index.php\/wp-json\/wp\/v2\/pages\/24793\/revisions\/28005"}],"wp:attachment":[{"href":"https:\/\/czerwonagora.pl\/index.php\/wp-json\/wp\/v2\/media?parent=24793"}],"curies":[{"name":"wp","href":"https:\/\/api.w.org\/{rel}","templated":true}]}}