{"id":24802,"date":"2024-10-08T13:01:30","date_gmt":"2024-10-08T11:01:30","guid":{"rendered":"https:\/\/czerwonagora.pl\/?page_id=24802"},"modified":"2025-05-26T09:18:27","modified_gmt":"2025-05-26T07:18:27","slug":"sekcja-obslugi-technicznej","status":"publish","type":"page","link":"https:\/\/czerwonagora.pl\/index.php\/sekcja-obslugi-technicznej\/","title":{"rendered":"Sekcja Obs\u0142ugi Technicznej"},"content":{"rendered":"\t\t<div data-elementor-type=\"wp-page\" data-elementor-id=\"24802\" class=\"elementor elementor-24802\">\n\t\t\t\t\t\t<section class=\"elementor-section elementor-top-section elementor-element elementor-element-092f62e elementor-section-stretched elementor-section-boxed elementor-section-height-default elementor-section-height-default elementor-invisible\" data-id=\"092f62e\" data-element_type=\"section\" data-e-type=\"section\" data-settings=\"{&quot;stretch_section&quot;:&quot;section-stretched&quot;,&quot;animation&quot;:&quot;fadeIn&quot;,&quot;animation_delay&quot;:200}\">\n\t\t\t\t\t\t\t<div class=\"elementor-background-overlay\"><\/div>\n\t\t\t\t\t\t\t<div class=\"elementor-container elementor-column-gap-no\">\n\t\t\t\t\t<div class=\"elementor-column elementor-col-33 elementor-top-column elementor-element elementor-element-f646b40\" data-id=\"f646b40\" data-element_type=\"column\" data-e-type=\"column\">\n\t\t\t<div class=\"elementor-widget-wrap elementor-element-populated\">\n\t\t\t\t\t\t<div class=\"elementor-element elementor-element-79b1341 elementor-widget-divider--view-line elementor-widget elementor-widget-divider\" data-id=\"79b1341\" data-element_type=\"widget\" data-e-type=\"widget\" data-widget_type=\"divider.default\">\n\t\t\t\t<div class=\"elementor-widget-container\">\n\t\t\t\t\t\t\t<div class=\"elementor-divider\">\n\t\t\t<span class=\"elementor-divider-separator\">\n\t\t\t\t\t\t<\/span>\n\t\t<\/div>\n\t\t\t\t\t\t<\/div>\n\t\t\t\t<\/div>\n\t\t\t\t\t<\/div>\n\t\t<\/div>\n\t\t\t\t<div class=\"elementor-column elementor-col-33 elementor-top-column elementor-element elementor-element-85e27d0\" data-id=\"85e27d0\" data-element_type=\"column\" data-e-type=\"column\">\n\t\t\t<div class=\"elementor-widget-wrap elementor-element-populated\">\n\t\t\t\t\t\t<div class=\"elementor-element elementor-element-f007a5f elementor-widget-divider--view-line elementor-widget elementor-widget-divider\" data-id=\"f007a5f\" data-element_type=\"widget\" data-e-type=\"widget\" data-widget_type=\"divider.default\">\n\t\t\t\t<div class=\"elementor-widget-container\">\n\t\t\t\t\t\t\t<div class=\"elementor-divider\">\n\t\t\t<span class=\"elementor-divider-separator\">\n\t\t\t\t\t\t<\/span>\n\t\t<\/div>\n\t\t\t\t\t\t<\/div>\n\t\t\t\t<\/div>\n\t\t\t\t<div class=\"elementor-element elementor-element-01dc694 elementor-position-top elementor-invisible elementor-widget elementor-widget-image-box\" data-id=\"01dc694\" data-element_type=\"widget\" data-e-type=\"widget\" data-settings=\"{&quot;_animation&quot;:&quot;fadeIn&quot;}\" data-widget_type=\"image-box.default\">\n\t\t\t\t<div class=\"elementor-widget-container\">\n\t\t\t\t\t<div class=\"elementor-image-box-wrapper\"><figure class=\"elementor-image-box-img\"><img decoding=\"async\" width=\"180\" height=\"223\" src=\"https:\/\/czerwonagora.pl\/wp-content\/uploads\/2021\/06\/men_adm-ikona.png\" class=\"attachment-full size-full wp-image-7902\" alt=\"t\u0142o koloru zielonego z sylwetk\u0105 m\u0119\u017cczyzny ubranego w ubranie wizytowe koloru czarnego\" \/><\/figure><div class=\"elementor-image-box-content\"><h1 class=\"elementor-image-box-title\">Grzegorz \u015aled\u017a<\/h1><p class=\"elementor-image-box-description\">Koordynator Sekcji Obs\u0142ugi Technicznej<\/p><\/div><\/div>\t\t\t\t<\/div>\n\t\t\t\t<\/div>\n\t\t\t\t\t<\/div>\n\t\t<\/div>\n\t\t\t\t<div class=\"elementor-column elementor-col-33 elementor-top-column elementor-element elementor-element-1438e88\" data-id=\"1438e88\" data-element_type=\"column\" data-e-type=\"column\">\n\t\t\t<div class=\"elementor-widget-wrap\">\n\t\t\t\t\t\t\t<\/div>\n\t\t<\/div>\n\t\t\t\t\t<\/div>\n\t\t<\/section>\n\t\t\t\t<section class=\"elementor-section elementor-top-section elementor-element elementor-element-63aa955 elementor-section-stretched elementor-section-boxed elementor-section-height-default elementor-section-height-default\" data-id=\"63aa955\" data-element_type=\"section\" data-e-type=\"section\" data-settings=\"{&quot;stretch_section&quot;:&quot;section-stretched&quot;}\">\n\t\t\t\t\t\t<div class=\"elementor-container elementor-column-gap-default\">\n\t\t\t\t\t<div class=\"elementor-column elementor-col-66 elementor-top-column elementor-element elementor-element-ad56e03\" data-id=\"ad56e03\" data-element_type=\"column\" data-e-type=\"column\">\n\t\t\t<div class=\"elementor-widget-wrap elementor-element-populated\">\n\t\t\t\t\t\t<div class=\"elementor-element elementor-element-fdf7095 elementor-widget elementor-widget-text-editor\" data-id=\"fdf7095\" data-element_type=\"widget\" data-e-type=\"widget\" data-widget_type=\"text-editor.default\">\n\t\t\t\t<div class=\"elementor-widget-container\">\n\t\t\t\t\t\t\t\t\t<h4><strong>Sekcja Obs\u0142ugi Technicznej<br><\/strong><\/h4>\n<p>Sekcj\u0105 Obs\u0142ugi Technicznej kieruje Koordynator Sekcji Obs\u0142ugi Technicznej, kt\u00f3ry s\u0142u\u017cbowo podlega bezpo\u015brednio Zast\u0119pcy Dyrektora ds. Technicznych.<\/p>\n<h4><strong>Podstawowe zadania Sekcji Obs\u0142ugi Technicznej:<\/strong><\/h4>\n<ul>\n<li>Sprawowanie ca\u0142odobowej obs\u0142ugi technicznej Szpitala,<\/li><li>Obs\u0142uga techniczna, konserwacja i naprawy w zakresie instalacji i urz\u0105dze\u0144:<br><ul>\n<li>d\u017awig\u00f3w osobowych i towarowych: zg\u0142aszanie problem\u00f3w i nadz\u00f3r nad firm\u0105 zewn\u0119trzn\u0105 w trakcie usuwania awarii,<\/li>\n<li>elektrycznych i teletechnicznych,<\/li>\n<li>sygnalizacji alarmowych: podj\u0119cia dzia\u0142a\u0144 zwi\u0105zanych z weryfikacj\u0105 przyczyny i ewentualne odwo\u0142ywanie alarmu, zg\u0142aszanie problem\u00f3w i nadz\u00f3r nad firm\u0105 zewn\u0119trzn\u0105 w trakcie usuwania awarii,<\/li>\n<li>punkt\u00f3w poboru i rozpr\u0119\u017calni gaz\u00f3w medycznych, pr\u00f3\u017cni,<\/li>\n<li>konserwacja i regulacja stolarki,<\/li>\n\n<\/ul>\n<\/li>\n<\/ul>\n<ul>\n<li>Przeprowadzenie prac konserwacyjnych, napraw i remont\u00f3w w zakresie budowlano &#8211; instalacyjnym, <br><\/li>\n<li>Utrzymanie infrastruktury budowlanej w nale\u017cytym stanie technicznym;<\/li>\n<li>Zapewnienie nieprzerwanych dostaw: energii elektrycznej, gaz\u00f3w medycznych,<\/li>\n<li>Udzia\u0142 w opracowywaniu dokumentacji do post\u0119powa\u0144 przetargowych w zakresie rob\u00f3t budowlanych i instalacyjnych;<\/li>\n<li>Bezpo\u015bredni merytoryczny nadz\u00f3r nad realizacj\u0105 um\u00f3w zawartych z firmami zewn\u0119trznymi w zakresie: dostaw energii elektrycznej, gaz\u00f3w technicznych, rob\u00f3t budowlano-instalacyjnych,<\/li><li>Transport gaz\u00f3w medycznych do kom\u00f3rek organizacyjnych,<\/li><li>Przyjmowanie, rejestrowanie i usuwanie awarii zg\u0142aszanych przez kom\u00f3rki organizacyjne,<\/li><li>Bezpo\u015bredni merytoryczny nadz\u00f3r nad umowami zawartymi z firmami zewn\u0119trznymi w zakresie:<\/li><li>Obs\u0142uga techniczna, konserwacja i naprawy w zakresie instalacji i urz\u0105dze\u0144: dostaw energii elektrycznej oraz dostawy gaz\u00f3w medycznych i technicznych<br><\/li><\/ul>\n<p><br><\/p>\n<p><br><\/p>\t\t\t\t\t\t\t\t<\/div>\n\t\t\t\t<\/div>\n\t\t\t\t\t<\/div>\n\t\t<\/div>\n\t\t\t\t<div class=\"elementor-column elementor-col-33 elementor-top-column elementor-element elementor-element-32880df\" data-id=\"32880df\" data-element_type=\"column\" data-e-type=\"column\" data-settings=\"{&quot;background_background&quot;:&quot;classic&quot;}\">\n\t\t\t<div class=\"elementor-widget-wrap elementor-element-populated\">\n\t\t\t\t\t\t<div class=\"elementor-element elementor-element-a0b5951 elementor-view-default elementor-widget elementor-widget-icon\" data-id=\"a0b5951\" data-element_type=\"widget\" data-e-type=\"widget\" data-widget_type=\"icon.default\">\n\t\t\t\t<div class=\"elementor-widget-container\">\n\t\t\t\t\t\t\t<div class=\"elementor-icon-wrapper\">\n\t\t\t<div class=\"elementor-icon\">\n\t\t\t<i aria-hidden=\"true\" class=\"fas fa-phone-square\"><\/i>\t\t\t<\/div>\n\t\t<\/div>\n\t\t\t\t\t\t<\/div>\n\t\t\t\t<\/div>\n\t\t\t\t<div class=\"elementor-element elementor-element-72899d8 elementor-widget elementor-widget-text-editor\" data-id=\"72899d8\" data-element_type=\"widget\" data-e-type=\"widget\" data-widget_type=\"text-editor.default\">\n\t\t\t\t<div class=\"elementor-widget-container\">\n\t\t\t\t\t\t\t\t\t<p>Lokalizacja<strong> Budynek &#8211;\u00a0 Archiwum<\/strong><\/p><p><strong>Numery bezpo\u015brednie:<\/strong><br \/><strong>Szpital:<\/strong>+48 (41) 34 655 45 do 48<\/p><p>Koordynator tel. <strong>605 413 219<\/strong>\u00a0 wew. <strong>224<\/strong><\/p><p>Konserwatorzy &#8211; Elektrycy tel.\u00a0 <strong>605 380 248<\/strong><\/p><p>Dy\u017curka elektryk\u00f3w wew. <strong>132<\/strong><\/p>\t\t\t\t\t\t\t\t<\/div>\n\t\t\t\t<\/div>\n\t\t\t\t\t<\/div>\n\t\t<\/div>\n\t\t\t\t\t<\/div>\n\t\t<\/section>\n\t\t\t\t<\/div>\n\t\t","protected":false},"excerpt":{"rendered":"<p>Grzegorz \u015aled\u017a Koordynator Sekcji Obs\u0142ugi Technicznej Sekcja Obs\u0142ugi Technicznej Sekcj\u0105 Obs\u0142ugi Technicznej kieruje Koordynator Sekcji Obs\u0142ugi Technicznej, kt\u00f3ry s\u0142u\u017cbowo podlega bezpo\u015brednio Zast\u0119pcy Dyrektora ds. Technicznych. Podstawowe zadania Sekcji Obs\u0142ugi Technicznej: Sprawowanie ca\u0142odobowej obs\u0142ugi technicznej Szpitala, Obs\u0142uga techniczna, konserwacja i naprawy w zakresie instalacji i urz\u0105dze\u0144: d\u017awig\u00f3w osobowych i towarowych: zg\u0142aszanie problem\u00f3w i nadz\u00f3r nad firm\u0105 [&hellip;]<\/p>\n","protected":false},"author":12,"featured_media":0,"parent":0,"menu_order":0,"comment_status":"closed","ping_status":"closed","template":"","meta":{"zakra_page_container_layout":"customizer","zakra_page_sidebar_layout":"customizer","zakra_remove_content_margin":false,"zakra_sidebar":"customizer","zakra_transparent_header":"customizer","zakra_logo":0,"zakra_main_header_style":"default","zakra_menu_item_color":"","zakra_menu_item_hover_color":"","zakra_menu_item_active_color":"","zakra_menu_active_style":"","zakra_page_header":true,"footnotes":""},"class_list":["post-24802","page","type-page","status-publish","hentry"],"yoast_head":"<!-- This site is optimized with the Yoast SEO plugin v27.3 - https:\/\/yoast.com\/product\/yoast-seo-wordpress\/ -->\n<title>Sekcja Obs\u0142ugi Technicznej - Wojew\u00f3dzki Szpital Specjalistyczny im. \u015aw. Rafa\u0142a w Czerwonej G\u00f3rze<\/title>\n<meta name=\"robots\" content=\"index, follow, max-snippet:-1, max-image-preview:large, max-video-preview:-1\" \/>\n<link rel=\"canonical\" href=\"https:\/\/czerwonagora.pl\/index.php\/sekcja-obslugi-technicznej\/\" \/>\n<meta property=\"og:locale\" content=\"pl_PL\" \/>\n<meta property=\"og:type\" content=\"article\" \/>\n<meta property=\"og:title\" content=\"Sekcja Obs\u0142ugi Technicznej - Wojew\u00f3dzki Szpital Specjalistyczny im. \u015aw. Rafa\u0142a w Czerwonej G\u00f3rze\" \/>\n<meta property=\"og:description\" content=\"Grzegorz \u015aled\u017a Koordynator Sekcji Obs\u0142ugi Technicznej Sekcja Obs\u0142ugi Technicznej Sekcj\u0105 Obs\u0142ugi Technicznej kieruje Koordynator Sekcji Obs\u0142ugi Technicznej, kt\u00f3ry s\u0142u\u017cbowo podlega bezpo\u015brednio Zast\u0119pcy Dyrektora ds. Technicznych. Podstawowe zadania Sekcji Obs\u0142ugi Technicznej: Sprawowanie ca\u0142odobowej obs\u0142ugi technicznej Szpitala, Obs\u0142uga techniczna, konserwacja i naprawy w zakresie instalacji i urz\u0105dze\u0144: d\u017awig\u00f3w osobowych i towarowych: zg\u0142aszanie problem\u00f3w i nadz\u00f3r nad firm\u0105 [&hellip;]\" \/>\n<meta property=\"og:url\" content=\"https:\/\/czerwonagora.pl\/index.php\/sekcja-obslugi-technicznej\/\" \/>\n<meta property=\"og:site_name\" content=\"Wojew\u00f3dzki Szpital Specjalistyczny im. \u015aw. Rafa\u0142a w Czerwonej G\u00f3rze\" \/>\n<meta property=\"article:publisher\" content=\"https:\/\/www.facebook.com\/SzpitalCzerwonaGora\/\" \/>\n<meta property=\"article:modified_time\" content=\"2025-05-26T07:18:27+00:00\" \/>\n<meta property=\"og:image\" content=\"https:\/\/czerwonagora.pl\/wp-content\/uploads\/2021\/06\/men_adm-ikona.png\" \/>\n\t<meta property=\"og:image:width\" content=\"180\" \/>\n\t<meta property=\"og:image:height\" content=\"223\" \/>\n\t<meta property=\"og:image:type\" content=\"image\/png\" \/>\n<meta name=\"twitter:card\" content=\"summary_large_image\" \/>\n<meta name=\"twitter:label1\" content=\"Szacowany czas czytania\" \/>\n\t<meta name=\"twitter:data1\" content=\"2 minuty\" \/>\n<script type=\"application\/ld+json\" class=\"yoast-schema-graph\">{\"@context\":\"https:\\\/\\\/schema.org\",\"@graph\":[{\"@type\":\"WebPage\",\"@id\":\"https:\\\/\\\/czerwonagora.pl\\\/index.php\\\/sekcja-obslugi-technicznej\\\/\",\"url\":\"https:\\\/\\\/czerwonagora.pl\\\/index.php\\\/sekcja-obslugi-technicznej\\\/\",\"name\":\"Sekcja Obs\u0142ugi Technicznej - Wojew\u00f3dzki Szpital Specjalistyczny im. \u015aw. Rafa\u0142a w Czerwonej G\u00f3rze\",\"isPartOf\":{\"@id\":\"https:\\\/\\\/czerwonagora.pl\\\/#website\"},\"primaryImageOfPage\":{\"@id\":\"https:\\\/\\\/czerwonagora.pl\\\/index.php\\\/sekcja-obslugi-technicznej\\\/#primaryimage\"},\"image\":{\"@id\":\"https:\\\/\\\/czerwonagora.pl\\\/index.php\\\/sekcja-obslugi-technicznej\\\/#primaryimage\"},\"thumbnailUrl\":\"https:\\\/\\\/czerwonagora.pl\\\/wp-content\\\/uploads\\\/2021\\\/06\\\/men_adm-ikona.png\",\"datePublished\":\"2024-10-08T11:01:30+00:00\",\"dateModified\":\"2025-05-26T07:18:27+00:00\",\"breadcrumb\":{\"@id\":\"https:\\\/\\\/czerwonagora.pl\\\/index.php\\\/sekcja-obslugi-technicznej\\\/#breadcrumb\"},\"inLanguage\":\"pl-PL\",\"potentialAction\":[{\"@type\":\"ReadAction\",\"target\":[\"https:\\\/\\\/czerwonagora.pl\\\/index.php\\\/sekcja-obslugi-technicznej\\\/\"]}]},{\"@type\":\"ImageObject\",\"inLanguage\":\"pl-PL\",\"@id\":\"https:\\\/\\\/czerwonagora.pl\\\/index.php\\\/sekcja-obslugi-technicznej\\\/#primaryimage\",\"url\":\"https:\\\/\\\/czerwonagora.pl\\\/wp-content\\\/uploads\\\/2021\\\/06\\\/men_adm-ikona.png\",\"contentUrl\":\"https:\\\/\\\/czerwonagora.pl\\\/wp-content\\\/uploads\\\/2021\\\/06\\\/men_adm-ikona.png\",\"width\":180,\"height\":223,\"caption\":\"t\u0142o koloru zielonego z sylwetk\u0105 m\u0119\u017cczyzny ubranego w ubranie wizytowe koloru czarnego\"},{\"@type\":\"BreadcrumbList\",\"@id\":\"https:\\\/\\\/czerwonagora.pl\\\/index.php\\\/sekcja-obslugi-technicznej\\\/#breadcrumb\",\"itemListElement\":[{\"@type\":\"ListItem\",\"position\":1,\"name\":\"Strona g\u0142\u00f3wna\",\"item\":\"https:\\\/\\\/czerwonagora.pl\\\/\"},{\"@type\":\"ListItem\",\"position\":2,\"name\":\"Sekcja Obs\u0142ugi Technicznej\"}]},{\"@type\":\"WebSite\",\"@id\":\"https:\\\/\\\/czerwonagora.pl\\\/#website\",\"url\":\"https:\\\/\\\/czerwonagora.pl\\\/\",\"name\":\"Wojew\u00f3dzki Szpital Specjalistyczny im. \u015aw. Rafa\u0142a w Czerwonej G\u00f3rze\",\"description\":\"Wojew\u00f3dzki Szpital Specjalistyczny im. \u015aw. Rafa\u0142a w Czerwonej G\u00f3rze\",\"publisher\":{\"@id\":\"https:\\\/\\\/czerwonagora.pl\\\/#organization\"},\"potentialAction\":[{\"@type\":\"SearchAction\",\"target\":{\"@type\":\"EntryPoint\",\"urlTemplate\":\"https:\\\/\\\/czerwonagora.pl\\\/?s={search_term_string}\"},\"query-input\":{\"@type\":\"PropertyValueSpecification\",\"valueRequired\":true,\"valueName\":\"search_term_string\"}}],\"inLanguage\":\"pl-PL\"},{\"@type\":\"Organization\",\"@id\":\"https:\\\/\\\/czerwonagora.pl\\\/#organization\",\"name\":\"Wojew\u00f3dzki Szpital Specjalistyczny im. \u015aw. Rafa\u0142a w Czerwonej G\u00f3rze\",\"url\":\"https:\\\/\\\/czerwonagora.pl\\\/\",\"logo\":{\"@type\":\"ImageObject\",\"inLanguage\":\"pl-PL\",\"@id\":\"https:\\\/\\\/czerwonagora.pl\\\/#\\\/schema\\\/logo\\\/image\\\/\",\"url\":\"https:\\\/\\\/czerwonagora.pl\\\/wp-content\\\/uploads\\\/2021\\\/06\\\/Logo-WSS-DUZE-transparentne.png\",\"contentUrl\":\"https:\\\/\\\/czerwonagora.pl\\\/wp-content\\\/uploads\\\/2021\\\/06\\\/Logo-WSS-DUZE-transparentne.png\",\"width\":4210,\"height\":2975,\"caption\":\"Wojew\u00f3dzki Szpital Specjalistyczny im. \u015aw. Rafa\u0142a w Czerwonej G\u00f3rze\"},\"image\":{\"@id\":\"https:\\\/\\\/czerwonagora.pl\\\/#\\\/schema\\\/logo\\\/image\\\/\"},\"sameAs\":[\"https:\\\/\\\/www.facebook.com\\\/SzpitalCzerwonaGora\\\/\"]}]}<\/script>\n<!-- \/ Yoast SEO plugin. -->","yoast_head_json":{"title":"Sekcja Obs\u0142ugi Technicznej - Wojew\u00f3dzki Szpital Specjalistyczny im. \u015aw. Rafa\u0142a w Czerwonej G\u00f3rze","robots":{"index":"index","follow":"follow","max-snippet":"max-snippet:-1","max-image-preview":"max-image-preview:large","max-video-preview":"max-video-preview:-1"},"canonical":"https:\/\/czerwonagora.pl\/index.php\/sekcja-obslugi-technicznej\/","og_locale":"pl_PL","og_type":"article","og_title":"Sekcja Obs\u0142ugi Technicznej - Wojew\u00f3dzki Szpital Specjalistyczny im. \u015aw. Rafa\u0142a w Czerwonej G\u00f3rze","og_description":"Grzegorz \u015aled\u017a Koordynator Sekcji Obs\u0142ugi Technicznej Sekcja Obs\u0142ugi Technicznej Sekcj\u0105 Obs\u0142ugi Technicznej kieruje Koordynator Sekcji Obs\u0142ugi Technicznej, kt\u00f3ry s\u0142u\u017cbowo podlega bezpo\u015brednio Zast\u0119pcy Dyrektora ds. Technicznych. Podstawowe zadania Sekcji Obs\u0142ugi Technicznej: Sprawowanie ca\u0142odobowej obs\u0142ugi technicznej Szpitala, Obs\u0142uga techniczna, konserwacja i naprawy w zakresie instalacji i urz\u0105dze\u0144: d\u017awig\u00f3w osobowych i towarowych: zg\u0142aszanie problem\u00f3w i nadz\u00f3r nad firm\u0105 [&hellip;]","og_url":"https:\/\/czerwonagora.pl\/index.php\/sekcja-obslugi-technicznej\/","og_site_name":"Wojew\u00f3dzki Szpital Specjalistyczny im. \u015aw. Rafa\u0142a w Czerwonej G\u00f3rze","article_publisher":"https:\/\/www.facebook.com\/SzpitalCzerwonaGora\/","article_modified_time":"2025-05-26T07:18:27+00:00","og_image":[{"width":180,"height":223,"url":"https:\/\/czerwonagora.pl\/wp-content\/uploads\/2021\/06\/men_adm-ikona.png","type":"image\/png"}],"twitter_card":"summary_large_image","twitter_misc":{"Szacowany czas czytania":"2 minuty"},"schema":{"@context":"https:\/\/schema.org","@graph":[{"@type":"WebPage","@id":"https:\/\/czerwonagora.pl\/index.php\/sekcja-obslugi-technicznej\/","url":"https:\/\/czerwonagora.pl\/index.php\/sekcja-obslugi-technicznej\/","name":"Sekcja Obs\u0142ugi Technicznej - Wojew\u00f3dzki Szpital Specjalistyczny im. \u015aw. Rafa\u0142a w Czerwonej G\u00f3rze","isPartOf":{"@id":"https:\/\/czerwonagora.pl\/#website"},"primaryImageOfPage":{"@id":"https:\/\/czerwonagora.pl\/index.php\/sekcja-obslugi-technicznej\/#primaryimage"},"image":{"@id":"https:\/\/czerwonagora.pl\/index.php\/sekcja-obslugi-technicznej\/#primaryimage"},"thumbnailUrl":"https:\/\/czerwonagora.pl\/wp-content\/uploads\/2021\/06\/men_adm-ikona.png","datePublished":"2024-10-08T11:01:30+00:00","dateModified":"2025-05-26T07:18:27+00:00","breadcrumb":{"@id":"https:\/\/czerwonagora.pl\/index.php\/sekcja-obslugi-technicznej\/#breadcrumb"},"inLanguage":"pl-PL","potentialAction":[{"@type":"ReadAction","target":["https:\/\/czerwonagora.pl\/index.php\/sekcja-obslugi-technicznej\/"]}]},{"@type":"ImageObject","inLanguage":"pl-PL","@id":"https:\/\/czerwonagora.pl\/index.php\/sekcja-obslugi-technicznej\/#primaryimage","url":"https:\/\/czerwonagora.pl\/wp-content\/uploads\/2021\/06\/men_adm-ikona.png","contentUrl":"https:\/\/czerwonagora.pl\/wp-content\/uploads\/2021\/06\/men_adm-ikona.png","width":180,"height":223,"caption":"t\u0142o koloru zielonego z sylwetk\u0105 m\u0119\u017cczyzny ubranego w ubranie wizytowe koloru czarnego"},{"@type":"BreadcrumbList","@id":"https:\/\/czerwonagora.pl\/index.php\/sekcja-obslugi-technicznej\/#breadcrumb","itemListElement":[{"@type":"ListItem","position":1,"name":"Strona g\u0142\u00f3wna","item":"https:\/\/czerwonagora.pl\/"},{"@type":"ListItem","position":2,"name":"Sekcja Obs\u0142ugi Technicznej"}]},{"@type":"WebSite","@id":"https:\/\/czerwonagora.pl\/#website","url":"https:\/\/czerwonagora.pl\/","name":"Wojew\u00f3dzki Szpital Specjalistyczny im. \u015aw. Rafa\u0142a w Czerwonej G\u00f3rze","description":"Wojew\u00f3dzki Szpital Specjalistyczny im. \u015aw. Rafa\u0142a w Czerwonej G\u00f3rze","publisher":{"@id":"https:\/\/czerwonagora.pl\/#organization"},"potentialAction":[{"@type":"SearchAction","target":{"@type":"EntryPoint","urlTemplate":"https:\/\/czerwonagora.pl\/?s={search_term_string}"},"query-input":{"@type":"PropertyValueSpecification","valueRequired":true,"valueName":"search_term_string"}}],"inLanguage":"pl-PL"},{"@type":"Organization","@id":"https:\/\/czerwonagora.pl\/#organization","name":"Wojew\u00f3dzki Szpital Specjalistyczny im. \u015aw. Rafa\u0142a w Czerwonej G\u00f3rze","url":"https:\/\/czerwonagora.pl\/","logo":{"@type":"ImageObject","inLanguage":"pl-PL","@id":"https:\/\/czerwonagora.pl\/#\/schema\/logo\/image\/","url":"https:\/\/czerwonagora.pl\/wp-content\/uploads\/2021\/06\/Logo-WSS-DUZE-transparentne.png","contentUrl":"https:\/\/czerwonagora.pl\/wp-content\/uploads\/2021\/06\/Logo-WSS-DUZE-transparentne.png","width":4210,"height":2975,"caption":"Wojew\u00f3dzki Szpital Specjalistyczny im. \u015aw. Rafa\u0142a w Czerwonej G\u00f3rze"},"image":{"@id":"https:\/\/czerwonagora.pl\/#\/schema\/logo\/image\/"},"sameAs":["https:\/\/www.facebook.com\/SzpitalCzerwonaGora\/"]}]}},"publishpress_future_action":{"enabled":false,"date":"2026-04-13 05:27:29","action":"change-status","newStatus":"draft","terms":[],"taxonomy":"","extraData":[]},"publishpress_future_workflow_manual_trigger":{"enabledWorkflows":[]},"_links":{"self":[{"href":"https:\/\/czerwonagora.pl\/index.php\/wp-json\/wp\/v2\/pages\/24802","targetHints":{"allow":["GET"]}}],"collection":[{"href":"https:\/\/czerwonagora.pl\/index.php\/wp-json\/wp\/v2\/pages"}],"about":[{"href":"https:\/\/czerwonagora.pl\/index.php\/wp-json\/wp\/v2\/types\/page"}],"author":[{"embeddable":true,"href":"https:\/\/czerwonagora.pl\/index.php\/wp-json\/wp\/v2\/users\/12"}],"replies":[{"embeddable":true,"href":"https:\/\/czerwonagora.pl\/index.php\/wp-json\/wp\/v2\/comments?post=24802"}],"version-history":[{"count":20,"href":"https:\/\/czerwonagora.pl\/index.php\/wp-json\/wp\/v2\/pages\/24802\/revisions"}],"predecessor-version":[{"id":28002,"href":"https:\/\/czerwonagora.pl\/index.php\/wp-json\/wp\/v2\/pages\/24802\/revisions\/28002"}],"wp:attachment":[{"href":"https:\/\/czerwonagora.pl\/index.php\/wp-json\/wp\/v2\/media?parent=24802"}],"curies":[{"name":"wp","href":"https:\/\/api.w.org\/{rel}","templated":true}]}}