{"id":24811,"date":"2024-10-08T13:03:17","date_gmt":"2024-10-08T11:03:17","guid":{"rendered":"https:\/\/czerwonagora.pl\/?page_id=24811"},"modified":"2025-05-26T09:21:24","modified_gmt":"2025-05-26T07:21:24","slug":"sekcja-wodno-sciekowa-i-cieplownicza","status":"publish","type":"page","link":"https:\/\/czerwonagora.pl\/index.php\/sekcja-wodno-sciekowa-i-cieplownicza\/","title":{"rendered":"Sekcja Wodno &#8211; \u015aciekowa i Ciep\u0142ownicza"},"content":{"rendered":"\t\t<div data-elementor-type=\"wp-page\" data-elementor-id=\"24811\" class=\"elementor elementor-24811\">\n\t\t\t\t\t\t<section class=\"elementor-section elementor-top-section elementor-element elementor-element-2e1b9db elementor-section-stretched elementor-section-boxed elementor-section-height-default elementor-section-height-default elementor-invisible\" data-id=\"2e1b9db\" data-element_type=\"section\" data-e-type=\"section\" data-settings=\"{&quot;stretch_section&quot;:&quot;section-stretched&quot;,&quot;animation&quot;:&quot;fadeIn&quot;,&quot;animation_delay&quot;:200}\">\n\t\t\t\t\t\t\t<div class=\"elementor-background-overlay\"><\/div>\n\t\t\t\t\t\t\t<div class=\"elementor-container elementor-column-gap-no\">\n\t\t\t\t\t<div class=\"elementor-column elementor-col-33 elementor-top-column elementor-element elementor-element-04bbae7\" data-id=\"04bbae7\" data-element_type=\"column\" data-e-type=\"column\">\n\t\t\t<div class=\"elementor-widget-wrap elementor-element-populated\">\n\t\t\t\t\t\t<div class=\"elementor-element elementor-element-f866728 elementor-widget-divider--view-line elementor-widget elementor-widget-divider\" data-id=\"f866728\" data-element_type=\"widget\" data-e-type=\"widget\" data-widget_type=\"divider.default\">\n\t\t\t\t<div class=\"elementor-widget-container\">\n\t\t\t\t\t\t\t<div class=\"elementor-divider\">\n\t\t\t<span class=\"elementor-divider-separator\">\n\t\t\t\t\t\t<\/span>\n\t\t<\/div>\n\t\t\t\t\t\t<\/div>\n\t\t\t\t<\/div>\n\t\t\t\t\t<\/div>\n\t\t<\/div>\n\t\t\t\t<div class=\"elementor-column elementor-col-33 elementor-top-column elementor-element elementor-element-ae02b82\" data-id=\"ae02b82\" data-element_type=\"column\" data-e-type=\"column\">\n\t\t\t<div class=\"elementor-widget-wrap elementor-element-populated\">\n\t\t\t\t\t\t<div class=\"elementor-element elementor-element-34c7d41 elementor-position-top elementor-invisible elementor-widget elementor-widget-image-box\" data-id=\"34c7d41\" data-element_type=\"widget\" data-e-type=\"widget\" data-settings=\"{&quot;_animation&quot;:&quot;fadeIn&quot;}\" data-widget_type=\"image-box.default\">\n\t\t\t\t<div class=\"elementor-widget-container\">\n\t\t\t\t\t<div class=\"elementor-image-box-wrapper\"><figure class=\"elementor-image-box-img\"><img decoding=\"async\" width=\"180\" height=\"223\" src=\"https:\/\/czerwonagora.pl\/wp-content\/uploads\/2021\/06\/woman_adm-ikona.png\" class=\"attachment-full size-full wp-image-7903\" alt=\"t\u0142o koloru zielone z sylwetk\u0105 kobiety ubran\u0105 w ubranie wizytowe koloru niebieskiego\" \/><\/figure><div class=\"elementor-image-box-content\"><h1 class=\"elementor-image-box-title\">Agata Romaniec - Stachura<\/h1><p class=\"elementor-image-box-description\">Koordynator Sekcji Wodno \u2013 \u015aciekowej i Ciep\u0142owniczej<\/p><\/div><\/div>\t\t\t\t<\/div>\n\t\t\t\t<\/div>\n\t\t\t\t<div class=\"elementor-element elementor-element-1098463 elementor-widget-divider--view-line elementor-widget elementor-widget-divider\" data-id=\"1098463\" data-element_type=\"widget\" data-e-type=\"widget\" data-widget_type=\"divider.default\">\n\t\t\t\t<div class=\"elementor-widget-container\">\n\t\t\t\t\t\t\t<div class=\"elementor-divider\">\n\t\t\t<span class=\"elementor-divider-separator\">\n\t\t\t\t\t\t<\/span>\n\t\t<\/div>\n\t\t\t\t\t\t<\/div>\n\t\t\t\t<\/div>\n\t\t\t\t\t<\/div>\n\t\t<\/div>\n\t\t\t\t<div class=\"elementor-column elementor-col-33 elementor-top-column elementor-element elementor-element-1767053\" data-id=\"1767053\" data-element_type=\"column\" data-e-type=\"column\">\n\t\t\t<div class=\"elementor-widget-wrap\">\n\t\t\t\t\t\t\t<\/div>\n\t\t<\/div>\n\t\t\t\t\t<\/div>\n\t\t<\/section>\n\t\t\t\t<section class=\"elementor-section elementor-top-section elementor-element elementor-element-d9cc876 elementor-section-stretched elementor-section-boxed elementor-section-height-default elementor-section-height-default\" data-id=\"d9cc876\" data-element_type=\"section\" data-e-type=\"section\" data-settings=\"{&quot;stretch_section&quot;:&quot;section-stretched&quot;}\">\n\t\t\t\t\t\t<div class=\"elementor-container elementor-column-gap-default\">\n\t\t\t\t\t<div class=\"elementor-column elementor-col-66 elementor-top-column elementor-element elementor-element-5318d80\" data-id=\"5318d80\" data-element_type=\"column\" data-e-type=\"column\">\n\t\t\t<div class=\"elementor-widget-wrap elementor-element-populated\">\n\t\t\t\t\t\t<div class=\"elementor-element elementor-element-0d14a3f elementor-widget elementor-widget-text-editor\" data-id=\"0d14a3f\" data-element_type=\"widget\" data-e-type=\"widget\" data-widget_type=\"text-editor.default\">\n\t\t\t\t<div class=\"elementor-widget-container\">\n\t\t\t\t\t\t\t\t\t<h4><strong>Sekcja Wodno &#8211; \u015aciekowa i Ciep\u0142ownicza<br>\n<\/strong><\/h4>\n<p>Sekcj\u0105 Wodno &#8211; \u015aciekow\u0105 i Ciep\u0142ownicz\u0105 kieruje Koordynator Sekcji Wondo &#8211; \u015aciekowej i Ciep\u0142owniczej, kt\u00f3ry s\u0142u\u017cbowo podlega bezpo\u015brednio Zast\u0119pcy Dyrektora ds. Technicznych.<\/p>\n<h4><strong>Podstawowe zadania Sekcji Inwestycyjno &#8211; Remontowej:<\/strong><\/h4>\n<ul>\n<li>Sprawowanie obs\u0142ugi technicznej Szpitala w zakresie zwi\u0105zanym z dzia\u0142alno\u015bci\u0105 Sekcji,<\/li>\n<li>Sprawowanie ca\u0142odobowej obs\u0142ugi uj\u0119cia Dobrz\u0105czka, Podczyszczalni \u015aciek\u00f3w oraz Pompowni Podstawowej w zakresie zwi\u0105zanym z dzia\u0142alno\u015bci\u0105 Sekcji,<\/li>\n<li>Obs\u0142uga techniczna, konserwacja i naprawy w zakresie instalacji i urz\u0105dze\u0144:\n<ul>\n<li>wentylacji mechanicznej i klimatyzacji,<\/li>\n<li>centralnego ogrzewania,<\/li>\n<li>pary i ciep\u0142a technologicznego,<\/li>\n<li>kot\u0142owni szpitalnej (nadz\u00f3r nad obs\u0142ug\u0105 zewn\u0119trzn\u0105 kot\u0142owni)<\/li>\n<\/ul>\n<\/li>\n<li>Przeprowadzenie prac konserwacyjnych, napraw i remont\u00f3w w zakresie instalacji wentylacji mechanicznej, wodno &#8211; kanalizacyjnej, centralnego ogrzewania, pary i ciep\u0142a technologicznego,<\/li>\n<li>Zapewnienie nieprzerwanych dostaw: wody, energii cieplnej,<\/li>\n<li>zapewnienia sprawnego dzia\u0142ania infrastruktury instalacyjnej,<\/li>\n<li>Prowadzenie ewidencji urz\u0105dze\u0144 technicznych oraz prowadzenie okresowych analiz w zakresie ich eksploatacji,<\/li>\n<li>Udzia\u0142 w opracowywaniu dokumentacji do post\u0119powa\u0144 przetargowych w zakresie rob\u00f3t instalacyjnych i obs\u0142ugi kot\u0142owni,<\/li>\n<li>Bezpo\u015bredni merytoryczny nadz\u00f3r nad realizacj\u0105 um\u00f3w zawartych z firmami zewn\u0119trznymi w zakresie: dostaw enerii cieplnej, oleju opa\u0142owego, obs\u0142ugi kot\u0142owni i mienia szpitala, rob\u00f3t sanitarnych i wodno &#8211; kanalizacyjnych,<\/li>\n<li>Przyjmowanie, rejestrowanie i usuwanie awarii zg\u0142aszanych przez kom\u00f3rki organizacyjne,<\/li>\n<li>Bezpo\u015bredni merytoryczny nadz\u00f3r nad umowami zawartymi z firmami zewn\u0119trznymi w zakresie:<\/li>\n<ul>\n<li>obs\u0142ugi kot\u0142owni, sieci ciep\u0142owniczej tranzytowej oraz wymiennikowni,<\/li><li>przegl\u0105d\u00f3w i serwisu klimatyzacji,<\/li><li>przegl\u0105d\u00f3w wentylacji mechanicznej oraz przewod\u00f3w wentylacyjnych,<\/li><li>przegl\u0105d\u00f3w oraz serwisu instalacji wody lodowej,<\/li><li>dostaw gazu ziemnego i oleju opa\u0142owego<br><\/li>\n<\/ul>\n<li> Bezpo\u015bredni nadz\u00f3r i realizacja zada\u0144 dotycz\u0105cych gospodarki wodno &#8211; \u015bciekowej <\/li>\n<\/ul>\n<p>&nbsp;<\/p>\n\t\t\t\t\t\t\t\t<\/div>\n\t\t\t\t<\/div>\n\t\t\t\t\t<\/div>\n\t\t<\/div>\n\t\t\t\t<div class=\"elementor-column elementor-col-33 elementor-top-column elementor-element elementor-element-ac36c1b\" data-id=\"ac36c1b\" data-element_type=\"column\" data-e-type=\"column\" data-settings=\"{&quot;background_background&quot;:&quot;classic&quot;}\">\n\t\t\t<div class=\"elementor-widget-wrap elementor-element-populated\">\n\t\t\t\t\t\t<div class=\"elementor-element elementor-element-a0c533d elementor-view-default elementor-widget elementor-widget-icon\" data-id=\"a0c533d\" data-element_type=\"widget\" data-e-type=\"widget\" data-widget_type=\"icon.default\">\n\t\t\t\t<div class=\"elementor-widget-container\">\n\t\t\t\t\t\t\t<div class=\"elementor-icon-wrapper\">\n\t\t\t<div class=\"elementor-icon\">\n\t\t\t<i aria-hidden=\"true\" class=\"fas fa-phone-square\"><\/i>\t\t\t<\/div>\n\t\t<\/div>\n\t\t\t\t\t\t<\/div>\n\t\t\t\t<\/div>\n\t\t\t\t<div class=\"elementor-element elementor-element-d7f58e1 elementor-widget elementor-widget-text-editor\" data-id=\"d7f58e1\" data-element_type=\"widget\" data-e-type=\"widget\" data-widget_type=\"text-editor.default\">\n\t\t\t\t<div class=\"elementor-widget-container\">\n\t\t\t\t\t\t\t\t\t<div><div><div><p><strong>Lokalizacja Budynek &#8211;\u00a0 Archiwum<\/strong><\/p><p><strong>Numery bezpo\u015brednie:<\/strong><br \/><strong>Szpital:<\/strong>+48 (41) 34 655 45 do 48<\/p><\/div><\/div><\/div>\t\t\t\t\t\t\t\t<\/div>\n\t\t\t\t<\/div>\n\t\t\t\t\t<\/div>\n\t\t<\/div>\n\t\t\t\t\t<\/div>\n\t\t<\/section>\n\t\t\t\t<\/div>\n\t\t","protected":false},"excerpt":{"rendered":"<p>Agata Romaniec &#8211; Stachura Koordynator Sekcji Wodno \u2013 \u015aciekowej i Ciep\u0142owniczej Sekcja Wodno &#8211; \u015aciekowa i Ciep\u0142ownicza Sekcj\u0105 Wodno &#8211; \u015aciekow\u0105 i Ciep\u0142ownicz\u0105 kieruje Koordynator Sekcji Wondo &#8211; \u015aciekowej i Ciep\u0142owniczej, kt\u00f3ry s\u0142u\u017cbowo podlega bezpo\u015brednio Zast\u0119pcy Dyrektora ds. Technicznych. Podstawowe zadania Sekcji Inwestycyjno &#8211; Remontowej: Sprawowanie obs\u0142ugi technicznej Szpitala w zakresie zwi\u0105zanym z dzia\u0142alno\u015bci\u0105 Sekcji, [&hellip;]<\/p>\n","protected":false},"author":12,"featured_media":0,"parent":0,"menu_order":0,"comment_status":"closed","ping_status":"closed","template":"","meta":{"zakra_page_container_layout":"customizer","zakra_page_sidebar_layout":"customizer","zakra_remove_content_margin":false,"zakra_sidebar":"customizer","zakra_transparent_header":"customizer","zakra_logo":0,"zakra_main_header_style":"default","zakra_menu_item_color":"","zakra_menu_item_hover_color":"","zakra_menu_item_active_color":"","zakra_menu_active_style":"","zakra_page_header":true,"footnotes":""},"class_list":["post-24811","page","type-page","status-publish","hentry"],"yoast_head":"<!-- This site is optimized with the Yoast SEO plugin v27.3 - https:\/\/yoast.com\/product\/yoast-seo-wordpress\/ -->\n<title>Sekcja Wodno - \u015aciekowa i Ciep\u0142ownicza - Wojew\u00f3dzki Szpital Specjalistyczny im. \u015aw. Rafa\u0142a w Czerwonej G\u00f3rze<\/title>\n<meta name=\"robots\" content=\"index, follow, max-snippet:-1, max-image-preview:large, max-video-preview:-1\" \/>\n<link rel=\"canonical\" href=\"https:\/\/czerwonagora.pl\/index.php\/sekcja-wodno-sciekowa-i-cieplownicza\/\" \/>\n<meta property=\"og:locale\" content=\"pl_PL\" \/>\n<meta property=\"og:type\" content=\"article\" \/>\n<meta property=\"og:title\" content=\"Sekcja Wodno - \u015aciekowa i Ciep\u0142ownicza - Wojew\u00f3dzki Szpital Specjalistyczny im. \u015aw. Rafa\u0142a w Czerwonej G\u00f3rze\" \/>\n<meta property=\"og:description\" content=\"Agata Romaniec &#8211; Stachura Koordynator Sekcji Wodno \u2013 \u015aciekowej i Ciep\u0142owniczej Sekcja Wodno &#8211; \u015aciekowa i Ciep\u0142ownicza Sekcj\u0105 Wodno &#8211; \u015aciekow\u0105 i Ciep\u0142ownicz\u0105 kieruje Koordynator Sekcji Wondo &#8211; \u015aciekowej i Ciep\u0142owniczej, kt\u00f3ry s\u0142u\u017cbowo podlega bezpo\u015brednio Zast\u0119pcy Dyrektora ds. Technicznych. Podstawowe zadania Sekcji Inwestycyjno &#8211; Remontowej: Sprawowanie obs\u0142ugi technicznej Szpitala w zakresie zwi\u0105zanym z dzia\u0142alno\u015bci\u0105 Sekcji, [&hellip;]\" \/>\n<meta property=\"og:url\" content=\"https:\/\/czerwonagora.pl\/index.php\/sekcja-wodno-sciekowa-i-cieplownicza\/\" \/>\n<meta property=\"og:site_name\" content=\"Wojew\u00f3dzki Szpital Specjalistyczny im. \u015aw. Rafa\u0142a w Czerwonej G\u00f3rze\" \/>\n<meta property=\"article:publisher\" content=\"https:\/\/www.facebook.com\/SzpitalCzerwonaGora\/\" \/>\n<meta property=\"article:modified_time\" content=\"2025-05-26T07:21:24+00:00\" \/>\n<meta property=\"og:image\" content=\"https:\/\/czerwonagora.pl\/wp-content\/uploads\/2021\/06\/woman_adm-ikona.png\" \/>\n\t<meta property=\"og:image:width\" content=\"180\" \/>\n\t<meta property=\"og:image:height\" content=\"223\" \/>\n\t<meta property=\"og:image:type\" content=\"image\/png\" \/>\n<meta name=\"twitter:card\" content=\"summary_large_image\" \/>\n<meta name=\"twitter:label1\" content=\"Szacowany czas czytania\" \/>\n\t<meta name=\"twitter:data1\" content=\"2 minuty\" \/>\n<script type=\"application\/ld+json\" class=\"yoast-schema-graph\">{\"@context\":\"https:\\\/\\\/schema.org\",\"@graph\":[{\"@type\":\"WebPage\",\"@id\":\"https:\\\/\\\/czerwonagora.pl\\\/index.php\\\/sekcja-wodno-sciekowa-i-cieplownicza\\\/\",\"url\":\"https:\\\/\\\/czerwonagora.pl\\\/index.php\\\/sekcja-wodno-sciekowa-i-cieplownicza\\\/\",\"name\":\"Sekcja Wodno - \u015aciekowa i Ciep\u0142ownicza - Wojew\u00f3dzki Szpital Specjalistyczny im. \u015aw. Rafa\u0142a w Czerwonej G\u00f3rze\",\"isPartOf\":{\"@id\":\"https:\\\/\\\/czerwonagora.pl\\\/#website\"},\"primaryImageOfPage\":{\"@id\":\"https:\\\/\\\/czerwonagora.pl\\\/index.php\\\/sekcja-wodno-sciekowa-i-cieplownicza\\\/#primaryimage\"},\"image\":{\"@id\":\"https:\\\/\\\/czerwonagora.pl\\\/index.php\\\/sekcja-wodno-sciekowa-i-cieplownicza\\\/#primaryimage\"},\"thumbnailUrl\":\"https:\\\/\\\/czerwonagora.pl\\\/wp-content\\\/uploads\\\/2021\\\/06\\\/woman_adm-ikona.png\",\"datePublished\":\"2024-10-08T11:03:17+00:00\",\"dateModified\":\"2025-05-26T07:21:24+00:00\",\"breadcrumb\":{\"@id\":\"https:\\\/\\\/czerwonagora.pl\\\/index.php\\\/sekcja-wodno-sciekowa-i-cieplownicza\\\/#breadcrumb\"},\"inLanguage\":\"pl-PL\",\"potentialAction\":[{\"@type\":\"ReadAction\",\"target\":[\"https:\\\/\\\/czerwonagora.pl\\\/index.php\\\/sekcja-wodno-sciekowa-i-cieplownicza\\\/\"]}]},{\"@type\":\"ImageObject\",\"inLanguage\":\"pl-PL\",\"@id\":\"https:\\\/\\\/czerwonagora.pl\\\/index.php\\\/sekcja-wodno-sciekowa-i-cieplownicza\\\/#primaryimage\",\"url\":\"https:\\\/\\\/czerwonagora.pl\\\/wp-content\\\/uploads\\\/2021\\\/06\\\/woman_adm-ikona.png\",\"contentUrl\":\"https:\\\/\\\/czerwonagora.pl\\\/wp-content\\\/uploads\\\/2021\\\/06\\\/woman_adm-ikona.png\",\"width\":180,\"height\":223,\"caption\":\"t\u0142o koloru zielone z sylwetk\u0105 kobiety ubran\u0105 w ubranie wizytowe koloru niebieskiego\"},{\"@type\":\"BreadcrumbList\",\"@id\":\"https:\\\/\\\/czerwonagora.pl\\\/index.php\\\/sekcja-wodno-sciekowa-i-cieplownicza\\\/#breadcrumb\",\"itemListElement\":[{\"@type\":\"ListItem\",\"position\":1,\"name\":\"Strona g\u0142\u00f3wna\",\"item\":\"https:\\\/\\\/czerwonagora.pl\\\/\"},{\"@type\":\"ListItem\",\"position\":2,\"name\":\"Sekcja Wodno &#8211; \u015aciekowa i Ciep\u0142ownicza\"}]},{\"@type\":\"WebSite\",\"@id\":\"https:\\\/\\\/czerwonagora.pl\\\/#website\",\"url\":\"https:\\\/\\\/czerwonagora.pl\\\/\",\"name\":\"Wojew\u00f3dzki Szpital Specjalistyczny im. \u015aw. Rafa\u0142a w Czerwonej G\u00f3rze\",\"description\":\"Wojew\u00f3dzki Szpital Specjalistyczny im. \u015aw. Rafa\u0142a w Czerwonej G\u00f3rze\",\"publisher\":{\"@id\":\"https:\\\/\\\/czerwonagora.pl\\\/#organization\"},\"potentialAction\":[{\"@type\":\"SearchAction\",\"target\":{\"@type\":\"EntryPoint\",\"urlTemplate\":\"https:\\\/\\\/czerwonagora.pl\\\/?s={search_term_string}\"},\"query-input\":{\"@type\":\"PropertyValueSpecification\",\"valueRequired\":true,\"valueName\":\"search_term_string\"}}],\"inLanguage\":\"pl-PL\"},{\"@type\":\"Organization\",\"@id\":\"https:\\\/\\\/czerwonagora.pl\\\/#organization\",\"name\":\"Wojew\u00f3dzki Szpital Specjalistyczny im. \u015aw. Rafa\u0142a w Czerwonej G\u00f3rze\",\"url\":\"https:\\\/\\\/czerwonagora.pl\\\/\",\"logo\":{\"@type\":\"ImageObject\",\"inLanguage\":\"pl-PL\",\"@id\":\"https:\\\/\\\/czerwonagora.pl\\\/#\\\/schema\\\/logo\\\/image\\\/\",\"url\":\"https:\\\/\\\/czerwonagora.pl\\\/wp-content\\\/uploads\\\/2021\\\/06\\\/Logo-WSS-DUZE-transparentne.png\",\"contentUrl\":\"https:\\\/\\\/czerwonagora.pl\\\/wp-content\\\/uploads\\\/2021\\\/06\\\/Logo-WSS-DUZE-transparentne.png\",\"width\":4210,\"height\":2975,\"caption\":\"Wojew\u00f3dzki Szpital Specjalistyczny im. \u015aw. Rafa\u0142a w Czerwonej G\u00f3rze\"},\"image\":{\"@id\":\"https:\\\/\\\/czerwonagora.pl\\\/#\\\/schema\\\/logo\\\/image\\\/\"},\"sameAs\":[\"https:\\\/\\\/www.facebook.com\\\/SzpitalCzerwonaGora\\\/\"]}]}<\/script>\n<!-- \/ Yoast SEO plugin. -->","yoast_head_json":{"title":"Sekcja Wodno - \u015aciekowa i Ciep\u0142ownicza - Wojew\u00f3dzki Szpital Specjalistyczny im. \u015aw. Rafa\u0142a w Czerwonej G\u00f3rze","robots":{"index":"index","follow":"follow","max-snippet":"max-snippet:-1","max-image-preview":"max-image-preview:large","max-video-preview":"max-video-preview:-1"},"canonical":"https:\/\/czerwonagora.pl\/index.php\/sekcja-wodno-sciekowa-i-cieplownicza\/","og_locale":"pl_PL","og_type":"article","og_title":"Sekcja Wodno - \u015aciekowa i Ciep\u0142ownicza - Wojew\u00f3dzki Szpital Specjalistyczny im. \u015aw. Rafa\u0142a w Czerwonej G\u00f3rze","og_description":"Agata Romaniec &#8211; Stachura Koordynator Sekcji Wodno \u2013 \u015aciekowej i Ciep\u0142owniczej Sekcja Wodno &#8211; \u015aciekowa i Ciep\u0142ownicza Sekcj\u0105 Wodno &#8211; \u015aciekow\u0105 i Ciep\u0142ownicz\u0105 kieruje Koordynator Sekcji Wondo &#8211; \u015aciekowej i Ciep\u0142owniczej, kt\u00f3ry s\u0142u\u017cbowo podlega bezpo\u015brednio Zast\u0119pcy Dyrektora ds. Technicznych. Podstawowe zadania Sekcji Inwestycyjno &#8211; Remontowej: Sprawowanie obs\u0142ugi technicznej Szpitala w zakresie zwi\u0105zanym z dzia\u0142alno\u015bci\u0105 Sekcji, [&hellip;]","og_url":"https:\/\/czerwonagora.pl\/index.php\/sekcja-wodno-sciekowa-i-cieplownicza\/","og_site_name":"Wojew\u00f3dzki Szpital Specjalistyczny im. \u015aw. Rafa\u0142a w Czerwonej G\u00f3rze","article_publisher":"https:\/\/www.facebook.com\/SzpitalCzerwonaGora\/","article_modified_time":"2025-05-26T07:21:24+00:00","og_image":[{"width":180,"height":223,"url":"https:\/\/czerwonagora.pl\/wp-content\/uploads\/2021\/06\/woman_adm-ikona.png","type":"image\/png"}],"twitter_card":"summary_large_image","twitter_misc":{"Szacowany czas czytania":"2 minuty"},"schema":{"@context":"https:\/\/schema.org","@graph":[{"@type":"WebPage","@id":"https:\/\/czerwonagora.pl\/index.php\/sekcja-wodno-sciekowa-i-cieplownicza\/","url":"https:\/\/czerwonagora.pl\/index.php\/sekcja-wodno-sciekowa-i-cieplownicza\/","name":"Sekcja Wodno - \u015aciekowa i Ciep\u0142ownicza - Wojew\u00f3dzki Szpital Specjalistyczny im. \u015aw. Rafa\u0142a w Czerwonej G\u00f3rze","isPartOf":{"@id":"https:\/\/czerwonagora.pl\/#website"},"primaryImageOfPage":{"@id":"https:\/\/czerwonagora.pl\/index.php\/sekcja-wodno-sciekowa-i-cieplownicza\/#primaryimage"},"image":{"@id":"https:\/\/czerwonagora.pl\/index.php\/sekcja-wodno-sciekowa-i-cieplownicza\/#primaryimage"},"thumbnailUrl":"https:\/\/czerwonagora.pl\/wp-content\/uploads\/2021\/06\/woman_adm-ikona.png","datePublished":"2024-10-08T11:03:17+00:00","dateModified":"2025-05-26T07:21:24+00:00","breadcrumb":{"@id":"https:\/\/czerwonagora.pl\/index.php\/sekcja-wodno-sciekowa-i-cieplownicza\/#breadcrumb"},"inLanguage":"pl-PL","potentialAction":[{"@type":"ReadAction","target":["https:\/\/czerwonagora.pl\/index.php\/sekcja-wodno-sciekowa-i-cieplownicza\/"]}]},{"@type":"ImageObject","inLanguage":"pl-PL","@id":"https:\/\/czerwonagora.pl\/index.php\/sekcja-wodno-sciekowa-i-cieplownicza\/#primaryimage","url":"https:\/\/czerwonagora.pl\/wp-content\/uploads\/2021\/06\/woman_adm-ikona.png","contentUrl":"https:\/\/czerwonagora.pl\/wp-content\/uploads\/2021\/06\/woman_adm-ikona.png","width":180,"height":223,"caption":"t\u0142o koloru zielone z sylwetk\u0105 kobiety ubran\u0105 w ubranie wizytowe koloru niebieskiego"},{"@type":"BreadcrumbList","@id":"https:\/\/czerwonagora.pl\/index.php\/sekcja-wodno-sciekowa-i-cieplownicza\/#breadcrumb","itemListElement":[{"@type":"ListItem","position":1,"name":"Strona g\u0142\u00f3wna","item":"https:\/\/czerwonagora.pl\/"},{"@type":"ListItem","position":2,"name":"Sekcja Wodno &#8211; \u015aciekowa i Ciep\u0142ownicza"}]},{"@type":"WebSite","@id":"https:\/\/czerwonagora.pl\/#website","url":"https:\/\/czerwonagora.pl\/","name":"Wojew\u00f3dzki Szpital Specjalistyczny im. \u015aw. Rafa\u0142a w Czerwonej G\u00f3rze","description":"Wojew\u00f3dzki Szpital Specjalistyczny im. \u015aw. Rafa\u0142a w Czerwonej G\u00f3rze","publisher":{"@id":"https:\/\/czerwonagora.pl\/#organization"},"potentialAction":[{"@type":"SearchAction","target":{"@type":"EntryPoint","urlTemplate":"https:\/\/czerwonagora.pl\/?s={search_term_string}"},"query-input":{"@type":"PropertyValueSpecification","valueRequired":true,"valueName":"search_term_string"}}],"inLanguage":"pl-PL"},{"@type":"Organization","@id":"https:\/\/czerwonagora.pl\/#organization","name":"Wojew\u00f3dzki Szpital Specjalistyczny im. \u015aw. Rafa\u0142a w Czerwonej G\u00f3rze","url":"https:\/\/czerwonagora.pl\/","logo":{"@type":"ImageObject","inLanguage":"pl-PL","@id":"https:\/\/czerwonagora.pl\/#\/schema\/logo\/image\/","url":"https:\/\/czerwonagora.pl\/wp-content\/uploads\/2021\/06\/Logo-WSS-DUZE-transparentne.png","contentUrl":"https:\/\/czerwonagora.pl\/wp-content\/uploads\/2021\/06\/Logo-WSS-DUZE-transparentne.png","width":4210,"height":2975,"caption":"Wojew\u00f3dzki Szpital Specjalistyczny im. \u015aw. Rafa\u0142a w Czerwonej G\u00f3rze"},"image":{"@id":"https:\/\/czerwonagora.pl\/#\/schema\/logo\/image\/"},"sameAs":["https:\/\/www.facebook.com\/SzpitalCzerwonaGora\/"]}]}},"publishpress_future_action":{"enabled":false,"date":"2026-04-17 00:21:32","action":"change-status","newStatus":"draft","terms":[],"taxonomy":"","extraData":[]},"publishpress_future_workflow_manual_trigger":{"enabledWorkflows":[]},"_links":{"self":[{"href":"https:\/\/czerwonagora.pl\/index.php\/wp-json\/wp\/v2\/pages\/24811","targetHints":{"allow":["GET"]}}],"collection":[{"href":"https:\/\/czerwonagora.pl\/index.php\/wp-json\/wp\/v2\/pages"}],"about":[{"href":"https:\/\/czerwonagora.pl\/index.php\/wp-json\/wp\/v2\/types\/page"}],"author":[{"embeddable":true,"href":"https:\/\/czerwonagora.pl\/index.php\/wp-json\/wp\/v2\/users\/12"}],"replies":[{"embeddable":true,"href":"https:\/\/czerwonagora.pl\/index.php\/wp-json\/wp\/v2\/comments?post=24811"}],"version-history":[{"count":13,"href":"https:\/\/czerwonagora.pl\/index.php\/wp-json\/wp\/v2\/pages\/24811\/revisions"}],"predecessor-version":[{"id":28011,"href":"https:\/\/czerwonagora.pl\/index.php\/wp-json\/wp\/v2\/pages\/24811\/revisions\/28011"}],"wp:attachment":[{"href":"https:\/\/czerwonagora.pl\/index.php\/wp-json\/wp\/v2\/media?parent=24811"}],"curies":[{"name":"wp","href":"https:\/\/api.w.org\/{rel}","templated":true}]}}