{"id":26595,"date":"2025-03-10T14:11:07","date_gmt":"2025-03-10T13:11:07","guid":{"rendered":"https:\/\/czerwonagora.pl\/?page_id=26595"},"modified":"2025-03-10T14:13:08","modified_gmt":"2025-03-10T13:13:08","slug":"ogloszenie-o-konkursie-ofert-na-udzielenie-swiadczen-zdrowotnych-przez-lekarza-w-izbie-przyjec-w-oddziale-v-chorob-wewnetrznych","status":"publish","type":"page","link":"https:\/\/czerwonagora.pl\/index.php\/ogloszenie-o-konkursie-ofert-na-udzielenie-swiadczen-zdrowotnych-przez-lekarza-w-izbie-przyjec-w-oddziale-v-chorob-wewnetrznych\/","title":{"rendered":"Og\u0142oszenie o konkursie ofert na udzielenie \u015bwiadcze\u0144 zdrowotnych przez lekarza w Izbie Przyj\u0119\u0107\/ w Oddziale V Chor\u00f3b Wewn\u0119trznych"},"content":{"rendered":"\t\t<div data-elementor-type=\"wp-page\" data-elementor-id=\"26595\" class=\"elementor elementor-26595\">\n\t\t\t\t\t\t<section class=\"elementor-section elementor-top-section elementor-element elementor-element-974e80f elementor-section-boxed elementor-section-height-default elementor-section-height-default\" data-id=\"974e80f\" data-element_type=\"section\" data-e-type=\"section\" data-settings=\"{&quot;background_background&quot;:&quot;classic&quot;}\">\n\t\t\t\t\t\t<div class=\"elementor-container elementor-column-gap-default\">\n\t\t\t\t\t<div class=\"elementor-column elementor-col-25 elementor-top-column elementor-element elementor-element-72bee5c\" data-id=\"72bee5c\" data-element_type=\"column\" data-e-type=\"column\">\n\t\t\t<div class=\"elementor-widget-wrap elementor-element-populated\">\n\t\t\t\t\t\t<div class=\"elementor-element elementor-element-5edadda elementor-view-default elementor-widget elementor-widget-icon\" data-id=\"5edadda\" data-element_type=\"widget\" data-e-type=\"widget\" data-widget_type=\"icon.default\">\n\t\t\t\t<div class=\"elementor-widget-container\">\n\t\t\t\t\t\t\t<div class=\"elementor-icon-wrapper\">\n\t\t\t<div class=\"elementor-icon\">\n\t\t\t<i aria-hidden=\"true\" class=\"far fa-file-pdf\"><\/i>\t\t\t<\/div>\n\t\t<\/div>\n\t\t\t\t\t\t<\/div>\n\t\t\t\t<\/div>\n\t\t\t\t\t<\/div>\n\t\t<\/div>\n\t\t\t\t<div class=\"elementor-column elementor-col-50 elementor-top-column elementor-element elementor-element-c4f9d98\" data-id=\"c4f9d98\" data-element_type=\"column\" data-e-type=\"column\">\n\t\t\t<div class=\"elementor-widget-wrap elementor-element-populated\">\n\t\t\t\t\t\t<div class=\"elementor-element elementor-element-b787662 elementor-widget elementor-widget-text-editor\" data-id=\"b787662\" data-element_type=\"widget\" data-e-type=\"widget\" data-widget_type=\"text-editor.default\">\n\t\t\t\t<div class=\"elementor-widget-container\">\n\t\t\t\t\t\t\t\t\t<p><strong>Szczeg\u00f3\u0142y w za\u0142\u0105czniku<br \/><\/strong><\/p>\t\t\t\t\t\t\t\t<\/div>\n\t\t\t\t<\/div>\n\t\t\t\t\t<\/div>\n\t\t<\/div>\n\t\t\t\t<div class=\"elementor-column elementor-col-25 elementor-top-column elementor-element elementor-element-b0211d1\" data-id=\"b0211d1\" data-element_type=\"column\" data-e-type=\"column\">\n\t\t\t<div class=\"elementor-widget-wrap elementor-element-populated\">\n\t\t\t\t\t\t<div class=\"elementor-element elementor-element-7fb48ef elementor-align-center elementor-widget elementor-widget-button\" data-id=\"7fb48ef\" data-element_type=\"widget\" data-e-type=\"widget\" data-widget_type=\"button.default\">\n\t\t\t\t<div class=\"elementor-widget-container\">\n\t\t\t\t\t\t\t\t\t<div class=\"elementor-button-wrapper\">\n\t\t\t\t\t<a class=\"elementor-button elementor-button-link elementor-size-sm elementor-animation-grow\" href=\"https:\/\/czerwonagora.pl\/wp-content\/uploads\/2025\/03\/SKM_C25825031013220.pdf\">\n\t\t\t\t\t\t<span class=\"elementor-button-content-wrapper\">\n\t\t\t\t\t\t\t\t\t<span class=\"elementor-button-text\">Pobierz<\/span>\n\t\t\t\t\t<\/span>\n\t\t\t\t\t<\/a>\n\t\t\t\t<\/div>\n\t\t\t\t\t\t\t\t<\/div>\n\t\t\t\t<\/div>\n\t\t\t\t\t<\/div>\n\t\t<\/div>\n\t\t\t\t\t<\/div>\n\t\t<\/section>\n\t\t\t\t<\/div>\n\t\t","protected":false},"excerpt":{"rendered":"<p>Szczeg\u00f3\u0142y w za\u0142\u0105czniku Pobierz<\/p>\n","protected":false},"author":10,"featured_media":0,"parent":0,"menu_order":0,"comment_status":"closed","ping_status":"closed","template":"","meta":{"zakra_page_container_layout":"customizer","zakra_page_sidebar_layout":"customizer","zakra_remove_content_margin":false,"zakra_sidebar":"customizer","zakra_transparent_header":"customizer","zakra_logo":0,"zakra_main_header_style":"default","zakra_menu_item_color":"","zakra_menu_item_hover_color":"","zakra_menu_item_active_color":"","zakra_menu_active_style":"","zakra_page_header":true,"footnotes":""},"class_list":["post-26595","page","type-page","status-publish","hentry"],"yoast_head":"<!-- This site is optimized with the Yoast SEO plugin v27.3 - https:\/\/yoast.com\/product\/yoast-seo-wordpress\/ -->\n<title>Og\u0142oszenie o konkursie ofert na udzielenie \u015bwiadcze\u0144 zdrowotnych przez lekarza w Izbie Przyj\u0119\u0107\/ w Oddziale V Chor\u00f3b Wewn\u0119trznych - Wojew\u00f3dzki Szpital Specjalistyczny im. \u015aw. Rafa\u0142a w Czerwonej G\u00f3rze<\/title>\n<meta name=\"robots\" content=\"index, follow, max-snippet:-1, max-image-preview:large, max-video-preview:-1\" \/>\n<link rel=\"canonical\" href=\"https:\/\/czerwonagora.pl\/index.php\/ogloszenie-o-konkursie-ofert-na-udzielenie-swiadczen-zdrowotnych-przez-lekarza-w-izbie-przyjec-w-oddziale-v-chorob-wewnetrznych\/\" \/>\n<meta property=\"og:locale\" content=\"pl_PL\" \/>\n<meta property=\"og:type\" content=\"article\" \/>\n<meta property=\"og:title\" content=\"Og\u0142oszenie o konkursie ofert na udzielenie \u015bwiadcze\u0144 zdrowotnych przez lekarza w Izbie Przyj\u0119\u0107\/ w Oddziale V Chor\u00f3b Wewn\u0119trznych - Wojew\u00f3dzki Szpital Specjalistyczny im. \u015aw. Rafa\u0142a w Czerwonej G\u00f3rze\" \/>\n<meta property=\"og:description\" content=\"Szczeg\u00f3\u0142y w za\u0142\u0105czniku Pobierz\" \/>\n<meta property=\"og:url\" content=\"https:\/\/czerwonagora.pl\/index.php\/ogloszenie-o-konkursie-ofert-na-udzielenie-swiadczen-zdrowotnych-przez-lekarza-w-izbie-przyjec-w-oddziale-v-chorob-wewnetrznych\/\" \/>\n<meta property=\"og:site_name\" content=\"Wojew\u00f3dzki Szpital Specjalistyczny im. \u015aw. Rafa\u0142a w Czerwonej G\u00f3rze\" \/>\n<meta property=\"article:publisher\" content=\"https:\/\/www.facebook.com\/SzpitalCzerwonaGora\/\" \/>\n<meta property=\"article:modified_time\" content=\"2025-03-10T13:13:08+00:00\" \/>\n<meta property=\"og:image\" content=\"https:\/\/czerwonagora.pl\/wp-content\/uploads\/2021\/06\/DJI_0005-Duzy.jpg\" \/>\n\t<meta property=\"og:image:width\" content=\"1920\" \/>\n\t<meta property=\"og:image:height\" content=\"1080\" \/>\n\t<meta property=\"og:image:type\" content=\"image\/jpeg\" \/>\n<meta name=\"twitter:card\" content=\"summary_large_image\" \/>\n<meta name=\"twitter:label1\" content=\"Szacowany czas czytania\" \/>\n\t<meta name=\"twitter:data1\" content=\"1 minuta\" \/>\n<script type=\"application\/ld+json\" class=\"yoast-schema-graph\">{\"@context\":\"https:\\\/\\\/schema.org\",\"@graph\":[{\"@type\":\"WebPage\",\"@id\":\"https:\\\/\\\/czerwonagora.pl\\\/index.php\\\/ogloszenie-o-konkursie-ofert-na-udzielenie-swiadczen-zdrowotnych-przez-lekarza-w-izbie-przyjec-w-oddziale-v-chorob-wewnetrznych\\\/\",\"url\":\"https:\\\/\\\/czerwonagora.pl\\\/index.php\\\/ogloszenie-o-konkursie-ofert-na-udzielenie-swiadczen-zdrowotnych-przez-lekarza-w-izbie-przyjec-w-oddziale-v-chorob-wewnetrznych\\\/\",\"name\":\"Og\u0142oszenie o konkursie ofert na udzielenie \u015bwiadcze\u0144 zdrowotnych przez lekarza w Izbie Przyj\u0119\u0107\\\/ w Oddziale V Chor\u00f3b Wewn\u0119trznych - Wojew\u00f3dzki Szpital Specjalistyczny im. \u015aw. Rafa\u0142a w Czerwonej G\u00f3rze\",\"isPartOf\":{\"@id\":\"https:\\\/\\\/czerwonagora.pl\\\/#website\"},\"datePublished\":\"2025-03-10T13:11:07+00:00\",\"dateModified\":\"2025-03-10T13:13:08+00:00\",\"breadcrumb\":{\"@id\":\"https:\\\/\\\/czerwonagora.pl\\\/index.php\\\/ogloszenie-o-konkursie-ofert-na-udzielenie-swiadczen-zdrowotnych-przez-lekarza-w-izbie-przyjec-w-oddziale-v-chorob-wewnetrznych\\\/#breadcrumb\"},\"inLanguage\":\"pl-PL\",\"potentialAction\":[{\"@type\":\"ReadAction\",\"target\":[\"https:\\\/\\\/czerwonagora.pl\\\/index.php\\\/ogloszenie-o-konkursie-ofert-na-udzielenie-swiadczen-zdrowotnych-przez-lekarza-w-izbie-przyjec-w-oddziale-v-chorob-wewnetrznych\\\/\"]}]},{\"@type\":\"BreadcrumbList\",\"@id\":\"https:\\\/\\\/czerwonagora.pl\\\/index.php\\\/ogloszenie-o-konkursie-ofert-na-udzielenie-swiadczen-zdrowotnych-przez-lekarza-w-izbie-przyjec-w-oddziale-v-chorob-wewnetrznych\\\/#breadcrumb\",\"itemListElement\":[{\"@type\":\"ListItem\",\"position\":1,\"name\":\"Strona g\u0142\u00f3wna\",\"item\":\"https:\\\/\\\/czerwonagora.pl\\\/\"},{\"@type\":\"ListItem\",\"position\":2,\"name\":\"Og\u0142oszenie o konkursie ofert na udzielenie \u015bwiadcze\u0144 zdrowotnych przez lekarza w Izbie Przyj\u0119\u0107\\\/ w Oddziale V Chor\u00f3b Wewn\u0119trznych\"}]},{\"@type\":\"WebSite\",\"@id\":\"https:\\\/\\\/czerwonagora.pl\\\/#website\",\"url\":\"https:\\\/\\\/czerwonagora.pl\\\/\",\"name\":\"Wojew\u00f3dzki Szpital Specjalistyczny im. \u015aw. Rafa\u0142a w Czerwonej G\u00f3rze\",\"description\":\"Wojew\u00f3dzki Szpital Specjalistyczny im. \u015aw. Rafa\u0142a w Czerwonej G\u00f3rze\",\"publisher\":{\"@id\":\"https:\\\/\\\/czerwonagora.pl\\\/#organization\"},\"potentialAction\":[{\"@type\":\"SearchAction\",\"target\":{\"@type\":\"EntryPoint\",\"urlTemplate\":\"https:\\\/\\\/czerwonagora.pl\\\/?s={search_term_string}\"},\"query-input\":{\"@type\":\"PropertyValueSpecification\",\"valueRequired\":true,\"valueName\":\"search_term_string\"}}],\"inLanguage\":\"pl-PL\"},{\"@type\":\"Organization\",\"@id\":\"https:\\\/\\\/czerwonagora.pl\\\/#organization\",\"name\":\"Wojew\u00f3dzki Szpital Specjalistyczny im. \u015aw. Rafa\u0142a w Czerwonej G\u00f3rze\",\"url\":\"https:\\\/\\\/czerwonagora.pl\\\/\",\"logo\":{\"@type\":\"ImageObject\",\"inLanguage\":\"pl-PL\",\"@id\":\"https:\\\/\\\/czerwonagora.pl\\\/#\\\/schema\\\/logo\\\/image\\\/\",\"url\":\"https:\\\/\\\/czerwonagora.pl\\\/wp-content\\\/uploads\\\/2021\\\/06\\\/Logo-WSS-DUZE-transparentne.png\",\"contentUrl\":\"https:\\\/\\\/czerwonagora.pl\\\/wp-content\\\/uploads\\\/2021\\\/06\\\/Logo-WSS-DUZE-transparentne.png\",\"width\":4210,\"height\":2975,\"caption\":\"Wojew\u00f3dzki Szpital Specjalistyczny im. \u015aw. Rafa\u0142a w Czerwonej G\u00f3rze\"},\"image\":{\"@id\":\"https:\\\/\\\/czerwonagora.pl\\\/#\\\/schema\\\/logo\\\/image\\\/\"},\"sameAs\":[\"https:\\\/\\\/www.facebook.com\\\/SzpitalCzerwonaGora\\\/\"]}]}<\/script>\n<!-- \/ Yoast SEO plugin. -->","yoast_head_json":{"title":"Og\u0142oszenie o konkursie ofert na udzielenie \u015bwiadcze\u0144 zdrowotnych przez lekarza w Izbie Przyj\u0119\u0107\/ w Oddziale V Chor\u00f3b Wewn\u0119trznych - Wojew\u00f3dzki Szpital Specjalistyczny im. \u015aw. Rafa\u0142a w Czerwonej G\u00f3rze","robots":{"index":"index","follow":"follow","max-snippet":"max-snippet:-1","max-image-preview":"max-image-preview:large","max-video-preview":"max-video-preview:-1"},"canonical":"https:\/\/czerwonagora.pl\/index.php\/ogloszenie-o-konkursie-ofert-na-udzielenie-swiadczen-zdrowotnych-przez-lekarza-w-izbie-przyjec-w-oddziale-v-chorob-wewnetrznych\/","og_locale":"pl_PL","og_type":"article","og_title":"Og\u0142oszenie o konkursie ofert na udzielenie \u015bwiadcze\u0144 zdrowotnych przez lekarza w Izbie Przyj\u0119\u0107\/ w Oddziale V Chor\u00f3b Wewn\u0119trznych - Wojew\u00f3dzki Szpital Specjalistyczny im. \u015aw. Rafa\u0142a w Czerwonej G\u00f3rze","og_description":"Szczeg\u00f3\u0142y w za\u0142\u0105czniku Pobierz","og_url":"https:\/\/czerwonagora.pl\/index.php\/ogloszenie-o-konkursie-ofert-na-udzielenie-swiadczen-zdrowotnych-przez-lekarza-w-izbie-przyjec-w-oddziale-v-chorob-wewnetrznych\/","og_site_name":"Wojew\u00f3dzki Szpital Specjalistyczny im. \u015aw. Rafa\u0142a w Czerwonej G\u00f3rze","article_publisher":"https:\/\/www.facebook.com\/SzpitalCzerwonaGora\/","article_modified_time":"2025-03-10T13:13:08+00:00","og_image":[{"width":1920,"height":1080,"url":"https:\/\/czerwonagora.pl\/wp-content\/uploads\/2021\/06\/DJI_0005-Duzy.jpg","type":"image\/jpeg"}],"twitter_card":"summary_large_image","twitter_misc":{"Szacowany czas czytania":"1 minuta"},"schema":{"@context":"https:\/\/schema.org","@graph":[{"@type":"WebPage","@id":"https:\/\/czerwonagora.pl\/index.php\/ogloszenie-o-konkursie-ofert-na-udzielenie-swiadczen-zdrowotnych-przez-lekarza-w-izbie-przyjec-w-oddziale-v-chorob-wewnetrznych\/","url":"https:\/\/czerwonagora.pl\/index.php\/ogloszenie-o-konkursie-ofert-na-udzielenie-swiadczen-zdrowotnych-przez-lekarza-w-izbie-przyjec-w-oddziale-v-chorob-wewnetrznych\/","name":"Og\u0142oszenie o konkursie ofert na udzielenie \u015bwiadcze\u0144 zdrowotnych przez lekarza w Izbie Przyj\u0119\u0107\/ w Oddziale V Chor\u00f3b Wewn\u0119trznych - Wojew\u00f3dzki Szpital Specjalistyczny im. \u015aw. Rafa\u0142a w Czerwonej G\u00f3rze","isPartOf":{"@id":"https:\/\/czerwonagora.pl\/#website"},"datePublished":"2025-03-10T13:11:07+00:00","dateModified":"2025-03-10T13:13:08+00:00","breadcrumb":{"@id":"https:\/\/czerwonagora.pl\/index.php\/ogloszenie-o-konkursie-ofert-na-udzielenie-swiadczen-zdrowotnych-przez-lekarza-w-izbie-przyjec-w-oddziale-v-chorob-wewnetrznych\/#breadcrumb"},"inLanguage":"pl-PL","potentialAction":[{"@type":"ReadAction","target":["https:\/\/czerwonagora.pl\/index.php\/ogloszenie-o-konkursie-ofert-na-udzielenie-swiadczen-zdrowotnych-przez-lekarza-w-izbie-przyjec-w-oddziale-v-chorob-wewnetrznych\/"]}]},{"@type":"BreadcrumbList","@id":"https:\/\/czerwonagora.pl\/index.php\/ogloszenie-o-konkursie-ofert-na-udzielenie-swiadczen-zdrowotnych-przez-lekarza-w-izbie-przyjec-w-oddziale-v-chorob-wewnetrznych\/#breadcrumb","itemListElement":[{"@type":"ListItem","position":1,"name":"Strona g\u0142\u00f3wna","item":"https:\/\/czerwonagora.pl\/"},{"@type":"ListItem","position":2,"name":"Og\u0142oszenie o konkursie ofert na udzielenie \u015bwiadcze\u0144 zdrowotnych przez lekarza w Izbie Przyj\u0119\u0107\/ w Oddziale V Chor\u00f3b Wewn\u0119trznych"}]},{"@type":"WebSite","@id":"https:\/\/czerwonagora.pl\/#website","url":"https:\/\/czerwonagora.pl\/","name":"Wojew\u00f3dzki Szpital Specjalistyczny im. \u015aw. Rafa\u0142a w Czerwonej G\u00f3rze","description":"Wojew\u00f3dzki Szpital Specjalistyczny im. \u015aw. Rafa\u0142a w Czerwonej G\u00f3rze","publisher":{"@id":"https:\/\/czerwonagora.pl\/#organization"},"potentialAction":[{"@type":"SearchAction","target":{"@type":"EntryPoint","urlTemplate":"https:\/\/czerwonagora.pl\/?s={search_term_string}"},"query-input":{"@type":"PropertyValueSpecification","valueRequired":true,"valueName":"search_term_string"}}],"inLanguage":"pl-PL"},{"@type":"Organization","@id":"https:\/\/czerwonagora.pl\/#organization","name":"Wojew\u00f3dzki Szpital Specjalistyczny im. \u015aw. Rafa\u0142a w Czerwonej G\u00f3rze","url":"https:\/\/czerwonagora.pl\/","logo":{"@type":"ImageObject","inLanguage":"pl-PL","@id":"https:\/\/czerwonagora.pl\/#\/schema\/logo\/image\/","url":"https:\/\/czerwonagora.pl\/wp-content\/uploads\/2021\/06\/Logo-WSS-DUZE-transparentne.png","contentUrl":"https:\/\/czerwonagora.pl\/wp-content\/uploads\/2021\/06\/Logo-WSS-DUZE-transparentne.png","width":4210,"height":2975,"caption":"Wojew\u00f3dzki Szpital Specjalistyczny im. \u015aw. Rafa\u0142a w Czerwonej G\u00f3rze"},"image":{"@id":"https:\/\/czerwonagora.pl\/#\/schema\/logo\/image\/"},"sameAs":["https:\/\/www.facebook.com\/SzpitalCzerwonaGora\/"]}]}},"publishpress_future_action":{"enabled":false,"date":"2026-04-11 14:53:38","action":"change-status","newStatus":"draft","terms":[],"taxonomy":"","extraData":[]},"publishpress_future_workflow_manual_trigger":{"enabledWorkflows":[]},"_links":{"self":[{"href":"https:\/\/czerwonagora.pl\/index.php\/wp-json\/wp\/v2\/pages\/26595","targetHints":{"allow":["GET"]}}],"collection":[{"href":"https:\/\/czerwonagora.pl\/index.php\/wp-json\/wp\/v2\/pages"}],"about":[{"href":"https:\/\/czerwonagora.pl\/index.php\/wp-json\/wp\/v2\/types\/page"}],"author":[{"embeddable":true,"href":"https:\/\/czerwonagora.pl\/index.php\/wp-json\/wp\/v2\/users\/10"}],"replies":[{"embeddable":true,"href":"https:\/\/czerwonagora.pl\/index.php\/wp-json\/wp\/v2\/comments?post=26595"}],"version-history":[{"count":6,"href":"https:\/\/czerwonagora.pl\/index.php\/wp-json\/wp\/v2\/pages\/26595\/revisions"}],"predecessor-version":[{"id":26601,"href":"https:\/\/czerwonagora.pl\/index.php\/wp-json\/wp\/v2\/pages\/26595\/revisions\/26601"}],"wp:attachment":[{"href":"https:\/\/czerwonagora.pl\/index.php\/wp-json\/wp\/v2\/media?parent=26595"}],"curies":[{"name":"wp","href":"https:\/\/api.w.org\/{rel}","templated":true}]}}