{"id":26931,"date":"2025-03-26T20:35:58","date_gmt":"2025-03-26T19:35:58","guid":{"rendered":"https:\/\/czerwonagora.pl\/?page_id=26931"},"modified":"2025-03-26T20:51:11","modified_gmt":"2025-03-26T19:51:11","slug":"zglaszanie-zdarzen-niepozadanych","status":"publish","type":"page","link":"https:\/\/czerwonagora.pl\/index.php\/zglaszanie-zdarzen-niepozadanych\/","title":{"rendered":"Zg\u0142aszanie zdarze\u0144 niepo\u017c\u0105danych"},"content":{"rendered":"\t\t<div data-elementor-type=\"wp-page\" data-elementor-id=\"26931\" class=\"elementor elementor-26931\">\n\t\t\t\t\t\t<section class=\"elementor-section elementor-top-section elementor-element elementor-element-1930814 elementor-section-boxed elementor-section-height-default elementor-section-height-default\" data-id=\"1930814\" data-element_type=\"section\" data-e-type=\"section\">\n\t\t\t\t\t\t<div class=\"elementor-container elementor-column-gap-default\">\n\t\t\t\t\t<div class=\"elementor-column elementor-col-100 elementor-top-column elementor-element elementor-element-1fddc31\" data-id=\"1fddc31\" data-element_type=\"column\" data-e-type=\"column\">\n\t\t\t<div class=\"elementor-widget-wrap elementor-element-populated\">\n\t\t\t\t\t\t<section class=\"elementor-section elementor-inner-section elementor-element elementor-element-f9bd4d3 elementor-section-boxed elementor-section-height-default elementor-section-height-default\" data-id=\"f9bd4d3\" data-element_type=\"section\" data-e-type=\"section\">\n\t\t\t\t\t\t<div class=\"elementor-container elementor-column-gap-default\">\n\t\t\t\t\t<div class=\"elementor-column elementor-col-50 elementor-inner-column elementor-element elementor-element-0a19d0f\" data-id=\"0a19d0f\" data-element_type=\"column\" data-e-type=\"column\">\n\t\t\t<div class=\"elementor-widget-wrap elementor-element-populated\">\n\t\t\t\t\t\t<div class=\"elementor-element elementor-element-7c84286 elementor-view-default elementor-widget elementor-widget-icon\" data-id=\"7c84286\" data-element_type=\"widget\" data-e-type=\"widget\" data-widget_type=\"icon.default\">\n\t\t\t\t<div class=\"elementor-widget-container\">\n\t\t\t\t\t\t\t<div class=\"elementor-icon-wrapper\">\n\t\t\t<a class=\"elementor-icon\" href=\"https:\/\/czerwonagora.pl\/wp-content\/uploads\/2025\/03\/Karta-zgloszenia-zdarzenia-niepoz\u0307a\u0328danego.pdf\">\n\t\t\t<i aria-hidden=\"true\" class=\"far fa-file-pdf\"><\/i>\t\t\t<\/a>\n\t\t<\/div>\n\t\t\t\t\t\t<\/div>\n\t\t\t\t<\/div>\n\t\t\t\t<div class=\"elementor-element elementor-element-32e5013 elementor-align-center elementor-widget elementor-widget-button\" data-id=\"32e5013\" data-element_type=\"widget\" data-e-type=\"widget\" data-widget_type=\"button.default\">\n\t\t\t\t<div class=\"elementor-widget-container\">\n\t\t\t\t\t\t\t\t\t<div class=\"elementor-button-wrapper\">\n\t\t\t\t\t<a class=\"elementor-button elementor-button-link elementor-size-sm\" href=\"https:\/\/czerwonagora.pl\/wp-content\/uploads\/2025\/03\/Karta-zgloszenia-zdarzenia-niepoz\u0307a\u0328danego.pdf\">\n\t\t\t\t\t\t<span class=\"elementor-button-content-wrapper\">\n\t\t\t\t\t\t\t\t\t<span class=\"elementor-button-text\">Pobierz formularz<\/span>\n\t\t\t\t\t<\/span>\n\t\t\t\t\t<\/a>\n\t\t\t\t<\/div>\n\t\t\t\t\t\t\t\t<\/div>\n\t\t\t\t<\/div>\n\t\t\t\t\t<\/div>\n\t\t<\/div>\n\t\t\t\t<div class=\"elementor-column elementor-col-50 elementor-inner-column elementor-element elementor-element-af2c81a\" data-id=\"af2c81a\" data-element_type=\"column\" data-e-type=\"column\">\n\t\t\t<div class=\"elementor-widget-wrap elementor-element-populated\">\n\t\t\t\t\t\t<div class=\"elementor-element elementor-element-cf21f24 elementor-widget elementor-widget-text-editor\" data-id=\"cf21f24\" data-element_type=\"widget\" data-e-type=\"widget\" data-widget_type=\"text-editor.default\">\n\t\t\t\t<div class=\"elementor-widget-container\">\n\t\t\t\t\t\t\t\t\t<p><b>W trosce o bezpiecze\u0144stwo pacjent\u00f3w oraz ci\u0105g\u0142e doskonalenie jako\u015bci \u015bwiadczonych us\u0142ug medycznych, maja Pa\u0144stwo mo\u017cliwo\u015b\u0107 zg\u0142oszenia zdarze\u0144 niepo\u017c\u0105danych, kt\u00f3rych byli Pa\u0144stwo \u015bwiadkami lub kt\u00f3rych do\u015bwiadczyli\u015bcie podczas pobytu w naszym szpitalu. Zg\u0142oszenia te s\u0105 dla nas niezwykle cenne, gdy\u017c pozwalaj\u0105 na identyfikacj\u0119 obszar\u00f3w wymagaj\u0105cych poprawy i wdra\u017canie dzia\u0142a\u0144 zapobiegawczych.<\/b><\/p>\t\t\t\t\t\t\t\t<\/div>\n\t\t\t\t<\/div>\n\t\t\t\t\t<\/div>\n\t\t<\/div>\n\t\t\t\t\t<\/div>\n\t\t<\/section>\n\t\t\t\t<div class=\"elementor-element elementor-element-4892d93 elementor-widget elementor-widget-text-editor\" data-id=\"4892d93\" data-element_type=\"widget\" data-e-type=\"widget\" data-widget_type=\"text-editor.default\">\n\t\t\t\t<div class=\"elementor-widget-container\">\n\t\t\t\t\t\t\t\t\t<p><strong style=\"font-style: inherit; color: var( --e-global-color-text ); font-family: var( --e-global-typography-text-font-family ), Sans-serif; letter-spacing: 0.01em;\"><br><\/strong><\/p><p><strong style=\"font-style: inherit; color: var( --e-global-color-text ); font-family: var( --e-global-typography-text-font-family ), Sans-serif; letter-spacing: 0.01em;\">Czym jest zdarzenie niepo\u017c\u0105dane?<\/strong><\/p>\n<p>Zdarzenie niepo\u017c\u0105dane to ka\u017cde nieoczekiwane zdarzenie zaistnia\u0142e w trakcie lub w wyniku udzielania \u015bwiadcze\u0144 opieki zdrowotnej, kt\u00f3re spowodowa\u0142o lub mog\u0142o spowodowa\u0107 negatywne skutki dla zdrowia lub \u017cycia pacjenta. Przyk\u0142ady takich zdarze\u0144 obejmuj\u0105:<\/p>\n<ul>\n<li>b\u0142\u0119dy w trakcie zabiegu (np. b\u0142\u0119dna identyfikacja pacjenta, miejsca operowanego),<\/li>\n<li>pozostawienie cia\u0142a obcego w polu operacyjnym,<\/li>\n<li>uszkodzenie cia\u0142a powsta\u0142e w wyniku zabiegu operacyjnego,<\/li>\n<li>niew\u0142a\u015bciwe podanie leku (np. nieprawid\u0142owy lek, dawka, droga podania),<\/li>\n<li>upadek pacjenta,<\/li>\n<li>itp.<\/li>\n<\/ul>\n<p><strong>Jak zg\u0142osi\u0107 zdarzenie niepo\u017c\u0105dane?<br><\/strong>Aby zg\u0142osi\u0107 zdarzenie niepo\u017c\u0105dane, prosimy o wype\u0142nienie formularza zg\u0142oszeniowego. Wype\u0142niony formularz nale\u017cy z\u0142o\u017cy\u0107 w sekretariacie szpitala. Prosimy o podanie swoich danych osobowych w formularzu, gdy\u017c s\u0105 one niezb\u0119dne do przeprowadzenia dok\u0142adnej analizy zg\u0142oszonego zdarzenia. Zapewniamy, \u017ce wszystkie informacje b\u0119d\u0105 traktowane z najwy\u017csz\u0105 poufno\u015bci\u0105 i wykorzystane wy\u0142\u0105cznie w celu poprawy jako\u015bci opieki medycznej.<\/p>\n<p><strong>Dlaczego warto zg\u0142asza\u0107 zdarzenia niepo\u017c\u0105dane?<br><\/strong>Pa\u0144stwa zg\u0142oszenia s\u0105 kluczowe dla monitorowania bezpiecze\u0144stwa oraz poprawy jako\u015bci opieki medycznej w naszym szpitalu. Ka\u017cde zg\u0142oszenie jest analizowane przez specjalist\u00f3w, co pozwala na identyfikacj\u0119 przyczyn zdarze\u0144 i wdro\u017cenie dzia\u0142a\u0144 zapobiegawczych, maj\u0105cych na celu unikni\u0119cie podobnych sytuacji w przysz\u0142o\u015bci.<\/p>\n<p><\/p>\n<p>Dzi\u0119kujemy za Pa\u0144stwa zaanga\u017cowanie i pomoc w tworzeniu bezpieczniejszego \u015brodowiska dla wszystkich pacjent\u00f3w.&#8221;<\/p>\t\t\t\t\t\t\t\t<\/div>\n\t\t\t\t<\/div>\n\t\t\t\t\t<\/div>\n\t\t<\/div>\n\t\t\t\t\t<\/div>\n\t\t<\/section>\n\t\t\t\t<section class=\"elementor-section elementor-top-section elementor-element elementor-element-a212a9a elementor-section-boxed elementor-section-height-default elementor-section-height-default\" data-id=\"a212a9a\" data-element_type=\"section\" data-e-type=\"section\">\n\t\t\t\t\t\t<div class=\"elementor-container elementor-column-gap-default\">\n\t\t\t\t\t<div class=\"elementor-column elementor-col-100 elementor-top-column elementor-element elementor-element-ed86a60\" data-id=\"ed86a60\" data-element_type=\"column\" data-e-type=\"column\">\n\t\t\t<div class=\"elementor-widget-wrap\">\n\t\t\t\t\t\t\t<\/div>\n\t\t<\/div>\n\t\t\t\t\t<\/div>\n\t\t<\/section>\n\t\t\t\t<section class=\"elementor-section elementor-top-section elementor-element elementor-element-643a1e9c elementor-section-boxed elementor-section-height-default elementor-section-height-default\" data-id=\"643a1e9c\" data-element_type=\"section\" data-e-type=\"section\" data-settings=\"{&quot;background_background&quot;:&quot;classic&quot;}\">\n\t\t\t\t\t\t<div class=\"elementor-container elementor-column-gap-default\">\n\t\t\t\t\t<div class=\"elementor-column elementor-col-25 elementor-top-column elementor-element elementor-element-31555dcd\" data-id=\"31555dcd\" data-element_type=\"column\" data-e-type=\"column\">\n\t\t\t<div class=\"elementor-widget-wrap elementor-element-populated\">\n\t\t\t\t\t\t<div class=\"elementor-element elementor-element-79dcf664 elementor-view-default elementor-widget elementor-widget-icon\" data-id=\"79dcf664\" data-element_type=\"widget\" data-e-type=\"widget\" data-widget_type=\"icon.default\">\n\t\t\t\t<div class=\"elementor-widget-container\">\n\t\t\t\t\t\t\t<div class=\"elementor-icon-wrapper\">\n\t\t\t<div class=\"elementor-icon\">\n\t\t\t<i aria-hidden=\"true\" class=\"far fa-file-pdf\"><\/i>\t\t\t<\/div>\n\t\t<\/div>\n\t\t\t\t\t\t<\/div>\n\t\t\t\t<\/div>\n\t\t\t\t\t<\/div>\n\t\t<\/div>\n\t\t\t\t<div class=\"elementor-column elementor-col-50 elementor-top-column elementor-element elementor-element-190aca0e\" data-id=\"190aca0e\" data-element_type=\"column\" data-e-type=\"column\">\n\t\t\t<div class=\"elementor-widget-wrap elementor-element-populated\">\n\t\t\t\t\t\t<div class=\"elementor-element elementor-element-1d0a5156 elementor-widget elementor-widget-text-editor\" data-id=\"1d0a5156\" data-element_type=\"widget\" data-e-type=\"widget\" data-widget_type=\"text-editor.default\">\n\t\t\t\t<div class=\"elementor-widget-container\">\n\t\t\t\t\t\t\t\t\t<p>Formularz zg\u0142oszenia zdarze\u0144 niepo\u017c\u0105danych<\/p>\t\t\t\t\t\t\t\t<\/div>\n\t\t\t\t<\/div>\n\t\t\t\t\t<\/div>\n\t\t<\/div>\n\t\t\t\t<div class=\"elementor-column elementor-col-25 elementor-top-column elementor-element elementor-element-63fa50d\" data-id=\"63fa50d\" data-element_type=\"column\" data-e-type=\"column\">\n\t\t\t<div class=\"elementor-widget-wrap elementor-element-populated\">\n\t\t\t\t\t\t<div class=\"elementor-element elementor-element-2d1a5f07 elementor-align-center elementor-widget elementor-widget-button\" data-id=\"2d1a5f07\" data-element_type=\"widget\" data-e-type=\"widget\" data-widget_type=\"button.default\">\n\t\t\t\t<div class=\"elementor-widget-container\">\n\t\t\t\t\t\t\t\t\t<div class=\"elementor-button-wrapper\">\n\t\t\t\t\t<a class=\"elementor-button elementor-button-link elementor-size-sm elementor-animation-grow\" href=\"https:\/\/czerwonagora.pl\/wp-content\/uploads\/2025\/03\/Karta-zgloszenia-zdarzenia-niepoz\u0307a\u0328danego.pdf\">\n\t\t\t\t\t\t<span class=\"elementor-button-content-wrapper\">\n\t\t\t\t\t\t\t\t\t<span class=\"elementor-button-text\">Pobierz<\/span>\n\t\t\t\t\t<\/span>\n\t\t\t\t\t<\/a>\n\t\t\t\t<\/div>\n\t\t\t\t\t\t\t\t<\/div>\n\t\t\t\t<\/div>\n\t\t\t\t\t<\/div>\n\t\t<\/div>\n\t\t\t\t\t<\/div>\n\t\t<\/section>\n\t\t\t\t<\/div>\n\t\t","protected":false},"excerpt":{"rendered":"<p>Pobierz formularz W trosce o bezpiecze\u0144stwo pacjent\u00f3w oraz ci\u0105g\u0142e doskonalenie jako\u015bci \u015bwiadczonych us\u0142ug medycznych, maja Pa\u0144stwo mo\u017cliwo\u015b\u0107 zg\u0142oszenia zdarze\u0144 niepo\u017c\u0105danych, kt\u00f3rych byli Pa\u0144stwo \u015bwiadkami lub kt\u00f3rych do\u015bwiadczyli\u015bcie podczas pobytu w naszym szpitalu. Zg\u0142oszenia te s\u0105 dla nas niezwykle cenne, gdy\u017c pozwalaj\u0105 na identyfikacj\u0119 obszar\u00f3w wymagaj\u0105cych poprawy i wdra\u017canie dzia\u0142a\u0144 zapobiegawczych. Czym jest zdarzenie niepo\u017c\u0105dane? Zdarzenie [&hellip;]<\/p>\n","protected":false},"author":1,"featured_media":0,"parent":0,"menu_order":0,"comment_status":"closed","ping_status":"closed","template":"","meta":{"zakra_page_container_layout":"customizer","zakra_page_sidebar_layout":"customizer","zakra_remove_content_margin":false,"zakra_sidebar":"customizer","zakra_transparent_header":"customizer","zakra_logo":0,"zakra_main_header_style":"default","zakra_menu_item_color":"","zakra_menu_item_hover_color":"","zakra_menu_item_active_color":"","zakra_menu_active_style":"","zakra_page_header":true,"footnotes":""},"class_list":["post-26931","page","type-page","status-publish","hentry"],"yoast_head":"<!-- This site is optimized with the Yoast SEO plugin v27.4 - https:\/\/yoast.com\/product\/yoast-seo-wordpress\/ -->\n<title>Zg\u0142aszanie zdarze\u0144 niepo\u017c\u0105danych - Wojew\u00f3dzki Szpital Specjalistyczny im. \u015aw. Rafa\u0142a w Czerwonej G\u00f3rze<\/title>\n<meta name=\"robots\" content=\"index, follow, max-snippet:-1, max-image-preview:large, max-video-preview:-1\" \/>\n<link rel=\"canonical\" href=\"https:\/\/czerwonagora.pl\/index.php\/zglaszanie-zdarzen-niepozadanych\/\" \/>\n<meta property=\"og:locale\" content=\"pl_PL\" \/>\n<meta property=\"og:type\" content=\"article\" \/>\n<meta property=\"og:title\" content=\"Zg\u0142aszanie zdarze\u0144 niepo\u017c\u0105danych - Wojew\u00f3dzki Szpital Specjalistyczny im. \u015aw. Rafa\u0142a w Czerwonej G\u00f3rze\" \/>\n<meta property=\"og:description\" content=\"Pobierz formularz W trosce o bezpiecze\u0144stwo pacjent\u00f3w oraz ci\u0105g\u0142e doskonalenie jako\u015bci \u015bwiadczonych us\u0142ug medycznych, maja Pa\u0144stwo mo\u017cliwo\u015b\u0107 zg\u0142oszenia zdarze\u0144 niepo\u017c\u0105danych, kt\u00f3rych byli Pa\u0144stwo \u015bwiadkami lub kt\u00f3rych do\u015bwiadczyli\u015bcie podczas pobytu w naszym szpitalu. Zg\u0142oszenia te s\u0105 dla nas niezwykle cenne, gdy\u017c pozwalaj\u0105 na identyfikacj\u0119 obszar\u00f3w wymagaj\u0105cych poprawy i wdra\u017canie dzia\u0142a\u0144 zapobiegawczych. Czym jest zdarzenie niepo\u017c\u0105dane? Zdarzenie [&hellip;]\" \/>\n<meta property=\"og:url\" content=\"https:\/\/czerwonagora.pl\/index.php\/zglaszanie-zdarzen-niepozadanych\/\" \/>\n<meta property=\"og:site_name\" content=\"Wojew\u00f3dzki Szpital Specjalistyczny im. \u015aw. Rafa\u0142a w Czerwonej G\u00f3rze\" \/>\n<meta property=\"article:publisher\" content=\"https:\/\/www.facebook.com\/SzpitalCzerwonaGora\/\" \/>\n<meta property=\"article:modified_time\" content=\"2025-03-26T19:51:11+00:00\" \/>\n<meta property=\"og:image\" content=\"https:\/\/czerwonagora.pl\/wp-content\/uploads\/2021\/06\/DJI_0005-Duzy.jpg\" \/>\n\t<meta property=\"og:image:width\" content=\"1920\" \/>\n\t<meta property=\"og:image:height\" content=\"1080\" \/>\n\t<meta property=\"og:image:type\" content=\"image\/jpeg\" \/>\n<meta name=\"twitter:card\" content=\"summary_large_image\" \/>\n<meta name=\"twitter:label1\" content=\"Szacowany czas czytania\" \/>\n\t<meta name=\"twitter:data1\" content=\"2 minuty\" \/>\n<script type=\"application\/ld+json\" class=\"yoast-schema-graph\">{\"@context\":\"https:\\\/\\\/schema.org\",\"@graph\":[{\"@type\":\"WebPage\",\"@id\":\"https:\\\/\\\/czerwonagora.pl\\\/index.php\\\/zglaszanie-zdarzen-niepozadanych\\\/\",\"url\":\"https:\\\/\\\/czerwonagora.pl\\\/index.php\\\/zglaszanie-zdarzen-niepozadanych\\\/\",\"name\":\"Zg\u0142aszanie zdarze\u0144 niepo\u017c\u0105danych - Wojew\u00f3dzki Szpital Specjalistyczny im. \u015aw. Rafa\u0142a w Czerwonej G\u00f3rze\",\"isPartOf\":{\"@id\":\"https:\\\/\\\/czerwonagora.pl\\\/#website\"},\"datePublished\":\"2025-03-26T19:35:58+00:00\",\"dateModified\":\"2025-03-26T19:51:11+00:00\",\"breadcrumb\":{\"@id\":\"https:\\\/\\\/czerwonagora.pl\\\/index.php\\\/zglaszanie-zdarzen-niepozadanych\\\/#breadcrumb\"},\"inLanguage\":\"pl-PL\",\"potentialAction\":[{\"@type\":\"ReadAction\",\"target\":[\"https:\\\/\\\/czerwonagora.pl\\\/index.php\\\/zglaszanie-zdarzen-niepozadanych\\\/\"]}]},{\"@type\":\"BreadcrumbList\",\"@id\":\"https:\\\/\\\/czerwonagora.pl\\\/index.php\\\/zglaszanie-zdarzen-niepozadanych\\\/#breadcrumb\",\"itemListElement\":[{\"@type\":\"ListItem\",\"position\":1,\"name\":\"Strona g\u0142\u00f3wna\",\"item\":\"https:\\\/\\\/czerwonagora.pl\\\/\"},{\"@type\":\"ListItem\",\"position\":2,\"name\":\"Zg\u0142aszanie zdarze\u0144 niepo\u017c\u0105danych\"}]},{\"@type\":\"WebSite\",\"@id\":\"https:\\\/\\\/czerwonagora.pl\\\/#website\",\"url\":\"https:\\\/\\\/czerwonagora.pl\\\/\",\"name\":\"Wojew\u00f3dzki Szpital Specjalistyczny im. \u015aw. Rafa\u0142a w Czerwonej G\u00f3rze\",\"description\":\"Wojew\u00f3dzki Szpital Specjalistyczny im. \u015aw. Rafa\u0142a w Czerwonej G\u00f3rze\",\"publisher\":{\"@id\":\"https:\\\/\\\/czerwonagora.pl\\\/#organization\"},\"potentialAction\":[{\"@type\":\"SearchAction\",\"target\":{\"@type\":\"EntryPoint\",\"urlTemplate\":\"https:\\\/\\\/czerwonagora.pl\\\/?s={search_term_string}\"},\"query-input\":{\"@type\":\"PropertyValueSpecification\",\"valueRequired\":true,\"valueName\":\"search_term_string\"}}],\"inLanguage\":\"pl-PL\"},{\"@type\":\"Organization\",\"@id\":\"https:\\\/\\\/czerwonagora.pl\\\/#organization\",\"name\":\"Wojew\u00f3dzki Szpital Specjalistyczny im. \u015aw. Rafa\u0142a w Czerwonej G\u00f3rze\",\"url\":\"https:\\\/\\\/czerwonagora.pl\\\/\",\"logo\":{\"@type\":\"ImageObject\",\"inLanguage\":\"pl-PL\",\"@id\":\"https:\\\/\\\/czerwonagora.pl\\\/#\\\/schema\\\/logo\\\/image\\\/\",\"url\":\"https:\\\/\\\/czerwonagora.pl\\\/wp-content\\\/uploads\\\/2021\\\/06\\\/Logo-WSS-DUZE-transparentne.png\",\"contentUrl\":\"https:\\\/\\\/czerwonagora.pl\\\/wp-content\\\/uploads\\\/2021\\\/06\\\/Logo-WSS-DUZE-transparentne.png\",\"width\":4210,\"height\":2975,\"caption\":\"Wojew\u00f3dzki Szpital Specjalistyczny im. \u015aw. Rafa\u0142a w Czerwonej G\u00f3rze\"},\"image\":{\"@id\":\"https:\\\/\\\/czerwonagora.pl\\\/#\\\/schema\\\/logo\\\/image\\\/\"},\"sameAs\":[\"https:\\\/\\\/www.facebook.com\\\/SzpitalCzerwonaGora\\\/\"]}]}<\/script>\n<!-- \/ Yoast SEO plugin. -->","yoast_head_json":{"title":"Zg\u0142aszanie zdarze\u0144 niepo\u017c\u0105danych - Wojew\u00f3dzki Szpital Specjalistyczny im. \u015aw. Rafa\u0142a w Czerwonej G\u00f3rze","robots":{"index":"index","follow":"follow","max-snippet":"max-snippet:-1","max-image-preview":"max-image-preview:large","max-video-preview":"max-video-preview:-1"},"canonical":"https:\/\/czerwonagora.pl\/index.php\/zglaszanie-zdarzen-niepozadanych\/","og_locale":"pl_PL","og_type":"article","og_title":"Zg\u0142aszanie zdarze\u0144 niepo\u017c\u0105danych - Wojew\u00f3dzki Szpital Specjalistyczny im. \u015aw. Rafa\u0142a w Czerwonej G\u00f3rze","og_description":"Pobierz formularz W trosce o bezpiecze\u0144stwo pacjent\u00f3w oraz ci\u0105g\u0142e doskonalenie jako\u015bci \u015bwiadczonych us\u0142ug medycznych, maja Pa\u0144stwo mo\u017cliwo\u015b\u0107 zg\u0142oszenia zdarze\u0144 niepo\u017c\u0105danych, kt\u00f3rych byli Pa\u0144stwo \u015bwiadkami lub kt\u00f3rych do\u015bwiadczyli\u015bcie podczas pobytu w naszym szpitalu. Zg\u0142oszenia te s\u0105 dla nas niezwykle cenne, gdy\u017c pozwalaj\u0105 na identyfikacj\u0119 obszar\u00f3w wymagaj\u0105cych poprawy i wdra\u017canie dzia\u0142a\u0144 zapobiegawczych. Czym jest zdarzenie niepo\u017c\u0105dane? Zdarzenie [&hellip;]","og_url":"https:\/\/czerwonagora.pl\/index.php\/zglaszanie-zdarzen-niepozadanych\/","og_site_name":"Wojew\u00f3dzki Szpital Specjalistyczny im. \u015aw. Rafa\u0142a w Czerwonej G\u00f3rze","article_publisher":"https:\/\/www.facebook.com\/SzpitalCzerwonaGora\/","article_modified_time":"2025-03-26T19:51:11+00:00","og_image":[{"width":1920,"height":1080,"url":"https:\/\/czerwonagora.pl\/wp-content\/uploads\/2021\/06\/DJI_0005-Duzy.jpg","type":"image\/jpeg"}],"twitter_card":"summary_large_image","twitter_misc":{"Szacowany czas czytania":"2 minuty"},"schema":{"@context":"https:\/\/schema.org","@graph":[{"@type":"WebPage","@id":"https:\/\/czerwonagora.pl\/index.php\/zglaszanie-zdarzen-niepozadanych\/","url":"https:\/\/czerwonagora.pl\/index.php\/zglaszanie-zdarzen-niepozadanych\/","name":"Zg\u0142aszanie zdarze\u0144 niepo\u017c\u0105danych - Wojew\u00f3dzki Szpital Specjalistyczny im. \u015aw. Rafa\u0142a w Czerwonej G\u00f3rze","isPartOf":{"@id":"https:\/\/czerwonagora.pl\/#website"},"datePublished":"2025-03-26T19:35:58+00:00","dateModified":"2025-03-26T19:51:11+00:00","breadcrumb":{"@id":"https:\/\/czerwonagora.pl\/index.php\/zglaszanie-zdarzen-niepozadanych\/#breadcrumb"},"inLanguage":"pl-PL","potentialAction":[{"@type":"ReadAction","target":["https:\/\/czerwonagora.pl\/index.php\/zglaszanie-zdarzen-niepozadanych\/"]}]},{"@type":"BreadcrumbList","@id":"https:\/\/czerwonagora.pl\/index.php\/zglaszanie-zdarzen-niepozadanych\/#breadcrumb","itemListElement":[{"@type":"ListItem","position":1,"name":"Strona g\u0142\u00f3wna","item":"https:\/\/czerwonagora.pl\/"},{"@type":"ListItem","position":2,"name":"Zg\u0142aszanie zdarze\u0144 niepo\u017c\u0105danych"}]},{"@type":"WebSite","@id":"https:\/\/czerwonagora.pl\/#website","url":"https:\/\/czerwonagora.pl\/","name":"Wojew\u00f3dzki Szpital Specjalistyczny im. \u015aw. Rafa\u0142a w Czerwonej G\u00f3rze","description":"Wojew\u00f3dzki Szpital Specjalistyczny im. \u015aw. Rafa\u0142a w Czerwonej G\u00f3rze","publisher":{"@id":"https:\/\/czerwonagora.pl\/#organization"},"potentialAction":[{"@type":"SearchAction","target":{"@type":"EntryPoint","urlTemplate":"https:\/\/czerwonagora.pl\/?s={search_term_string}"},"query-input":{"@type":"PropertyValueSpecification","valueRequired":true,"valueName":"search_term_string"}}],"inLanguage":"pl-PL"},{"@type":"Organization","@id":"https:\/\/czerwonagora.pl\/#organization","name":"Wojew\u00f3dzki Szpital Specjalistyczny im. \u015aw. Rafa\u0142a w Czerwonej G\u00f3rze","url":"https:\/\/czerwonagora.pl\/","logo":{"@type":"ImageObject","inLanguage":"pl-PL","@id":"https:\/\/czerwonagora.pl\/#\/schema\/logo\/image\/","url":"https:\/\/czerwonagora.pl\/wp-content\/uploads\/2021\/06\/Logo-WSS-DUZE-transparentne.png","contentUrl":"https:\/\/czerwonagora.pl\/wp-content\/uploads\/2021\/06\/Logo-WSS-DUZE-transparentne.png","width":4210,"height":2975,"caption":"Wojew\u00f3dzki Szpital Specjalistyczny im. \u015aw. Rafa\u0142a w Czerwonej G\u00f3rze"},"image":{"@id":"https:\/\/czerwonagora.pl\/#\/schema\/logo\/image\/"},"sameAs":["https:\/\/www.facebook.com\/SzpitalCzerwonaGora\/"]}]}},"publishpress_future_action":{"enabled":false,"date":"2026-05-01 10:28:38","action":"change-status","newStatus":"draft","terms":[],"taxonomy":"","extraData":[]},"publishpress_future_workflow_manual_trigger":{"enabledWorkflows":[]},"_links":{"self":[{"href":"https:\/\/czerwonagora.pl\/index.php\/wp-json\/wp\/v2\/pages\/26931","targetHints":{"allow":["GET"]}}],"collection":[{"href":"https:\/\/czerwonagora.pl\/index.php\/wp-json\/wp\/v2\/pages"}],"about":[{"href":"https:\/\/czerwonagora.pl\/index.php\/wp-json\/wp\/v2\/types\/page"}],"author":[{"embeddable":true,"href":"https:\/\/czerwonagora.pl\/index.php\/wp-json\/wp\/v2\/users\/1"}],"replies":[{"embeddable":true,"href":"https:\/\/czerwonagora.pl\/index.php\/wp-json\/wp\/v2\/comments?post=26931"}],"version-history":[{"count":13,"href":"https:\/\/czerwonagora.pl\/index.php\/wp-json\/wp\/v2\/pages\/26931\/revisions"}],"predecessor-version":[{"id":26946,"href":"https:\/\/czerwonagora.pl\/index.php\/wp-json\/wp\/v2\/pages\/26931\/revisions\/26946"}],"wp:attachment":[{"href":"https:\/\/czerwonagora.pl\/index.php\/wp-json\/wp\/v2\/media?parent=26931"}],"curies":[{"name":"wp","href":"https:\/\/api.w.org\/{rel}","templated":true}]}}