{"id":27918,"date":"2025-05-22T06:59:45","date_gmt":"2025-05-22T04:59:45","guid":{"rendered":"https:\/\/czerwonagora.pl\/?page_id=27918"},"modified":"2025-06-03T12:56:08","modified_gmt":"2025-06-03T10:56:08","slug":"badania-kliniczne","status":"publish","type":"page","link":"https:\/\/czerwonagora.pl\/index.php\/badania-kliniczne\/","title":{"rendered":"Badania kliniczne"},"content":{"rendered":"\t\t<div data-elementor-type=\"wp-page\" data-elementor-id=\"27918\" class=\"elementor elementor-27918\">\n\t\t\t\t\t\t<section class=\"elementor-section elementor-top-section elementor-element elementor-element-7978d66 elementor-section-boxed elementor-section-height-default elementor-section-height-default\" data-id=\"7978d66\" data-element_type=\"section\" data-e-type=\"section\">\n\t\t\t\t\t\t<div class=\"elementor-container elementor-column-gap-default\">\n\t\t\t\t\t<div class=\"elementor-column elementor-col-100 elementor-top-column elementor-element elementor-element-8ac7ceb\" data-id=\"8ac7ceb\" data-element_type=\"column\" data-e-type=\"column\">\n\t\t\t<div class=\"elementor-widget-wrap elementor-element-populated\">\n\t\t\t\t\t\t<div class=\"elementor-element elementor-element-39d2beb elementor-view-default elementor-widget elementor-widget-icon\" data-id=\"39d2beb\" data-element_type=\"widget\" data-e-type=\"widget\" data-widget_type=\"icon.default\">\n\t\t\t\t<div class=\"elementor-widget-container\">\n\t\t\t\t\t\t\t<div class=\"elementor-icon-wrapper\">\n\t\t\t<div class=\"elementor-icon\">\n\t\t\t<i aria-hidden=\"true\" class=\"fas fa-info-circle\"><\/i>\t\t\t<\/div>\n\t\t<\/div>\n\t\t\t\t\t\t<\/div>\n\t\t\t\t<\/div>\n\t\t\t\t\t<\/div>\n\t\t<\/div>\n\t\t\t\t\t<\/div>\n\t\t<\/section>\n\t\t\t\t<section class=\"elementor-section elementor-top-section elementor-element elementor-element-57a0bcc elementor-section-boxed elementor-section-height-default elementor-section-height-default\" data-id=\"57a0bcc\" data-element_type=\"section\" data-e-type=\"section\">\n\t\t\t\t\t\t<div class=\"elementor-container elementor-column-gap-default\">\n\t\t\t\t\t<div class=\"elementor-column elementor-col-100 elementor-top-column elementor-element elementor-element-ac80003\" data-id=\"ac80003\" data-element_type=\"column\" data-e-type=\"column\">\n\t\t\t<div class=\"elementor-widget-wrap elementor-element-populated\">\n\t\t\t\t\t\t<div class=\"elementor-element elementor-element-40ec9c0 elementor-widget elementor-widget-text-editor\" data-id=\"40ec9c0\" data-element_type=\"widget\" data-e-type=\"widget\" data-widget_type=\"text-editor.default\">\n\t\t\t\t<div class=\"elementor-widget-container\">\n\t\t\t\t\t\t\t\t\t<h4><strong>Informacje dla Sponsora<\/strong><\/h4><p>Zasady kontraktowania bada\u0144 klinicznych w WSS w Czerwonej G\u00f3rze zosta\u0142y uj\u0119te w odr\u0119bnej Procedurze uwzgl\u0119dniaj\u0105cej standardy jako\u015bci bada\u0144, bezpiecze\u0144stwa pacjent\u00f3w oraz transparentno\u015bci wsp\u00f3\u0142pracy tr\u00f3jstronnej: Sponsora, Badacza i O\u015brodka.<\/p><h4><strong>Kontakt ze Szpitalem<\/strong><\/h4><ul><li>Rozpocz\u0119cie procedury zmierzaj\u0105cej do podpisania umowy o przeprowadzenie badania klinicznego odbywa si\u0119 poprzez kontakt Sponsora\/CRO z wybranym G\u0142\u00f3wnym Badaczem, a nast\u0119pnie z Zespo\u0142em ds. Bada\u0144 Klinicznych ( ZBK)<\/li><li>Sponsor\/CRO zg\u0142asza ch\u0119\u0107 prowadzenia badania w WSS w Czerwonej G\u00f3rze poprzez przes\u0142anie zg\u0142oszenia na adres <a href=\"mailto:badaniakliniczne@czerwonagora.pl\">badaniakliniczne@czerwonagora.pl<\/a><\/li><li>Zg\u0142oszenie powinno zawiera\u0107: nazw\u0119 Sponsora\/CRO, tytu\u0142 badania, imi\u0119 i nazwisko G\u0142\u00f3wnego Badacza, miejsce prowadzenia badania oraz dane kontaktowe Sponsora\/ CRO.<\/li><li>ZBK przesy\u0142a stanowisko Szpitala co do przyst\u0105pienia do rozm\u00f3w oraz przekazuje opis zasad negocjacji i warunk\u00f3w umowy<\/li><li>Je\u017celi niezb\u0119dne jest wcze\u015bniejsze podpisanie umowy poufno\u015bci nale\u017cy przes\u0142a\u0107 j\u0105 w j\u0119zyku polskim lub w wersji dwuj\u0119zycznej.<\/li><\/ul><h4><strong>Dokumenty i op\u0142aty wymagane do zawarcia umowy <\/strong><\/h4><p>Do wszcz\u0119cia procedury i zawarcia umowy o przeprowadzenie badania klinicznego wymagane s\u0105 nast\u0119puj\u0105ce dokumenty, przygotowywane odpowiednio przez Sponsora i\/lub przez G\u0142\u00f3wnego Badacza we wsp\u00f3\u0142pracy z ZBK<\/p><ul><li><strong>Wniosek wed\u0142ug wzoru jak poni\u017cej<\/strong> o zawarcie umowy o przeprowadzenie badania klinicznego w WSS w Czerwonej G\u00f3rze wraz z za\u0142\u0105cznikami:<\/li><li><strong>Za\u0142\u0105czniki:<\/strong><\/li><\/ul><ol><li>Protok\u00f3\u0142 badania klinicznego,<\/li><li>Streszczenie metodologii badania w j\u0119zyku polskim,<\/li><li>Projekt umowy tr\u00f3jstronnej, w tym z polsk\u0105 wersj\u0105 j\u0119zykow\u0105,<\/li><li>Polisa ubezpieczeniowa badania lub promesa polisy,<\/li><li>Aktualny wypis z KRS-u lub jego odpowiednik, dotycz\u0105cy Sponsora\/CRO jako strony umowy,<\/li><li>Pe\u0142nomocnictwa,<\/li><li>Propozycja bud\u017cetu badania ( z wyszczeg\u00f3lnieniem odr\u0119bnie op\u0142at administracyjnych, o kt\u00f3rych mowa poni\u017cej w pkt: 2, 3 i 4).<\/li><\/ol><h4><strong>Negocjacje i podpisanie umowy\u00a0 <\/strong><\/h4><ul><li>Zesp\u00f3\u0142 ds. Bada\u0144 Klinicznych prowadzi negocjacje umowy o przeprowadzenie badania klinicznego po otrzymaniu kompletu ww dokument\u00f3w.<\/li><li>Umowa o przeprowadzenie badania klinicznego uwzgl\u0119dnia op\u0142aty administracyjne ( tzw. start-up fee) dla Szpitala w formie op\u0142aty wst\u0119pnej w wysoko\u015bci 10\u00a0000,00 z\u0142, pobieranej w dw\u00f3ch formach: 5000,00 z\u0142 netto wraz z wnioskiem o zawarcie umowy i w wysoko\u015bci 5000,00 z\u0142 netto po zawarciu umowy oraz op\u0142aty aneksowe ( pobierane w przypadku podpisania aneksu obejmuj\u0105cego zmian\u0105 warunk\u00f3w, w tym warunk\u00f3w finansowych umowy) w wysoko\u015bci 3000,00 z\u0142<\/li><li>Op\u0142ata archiwizacyjna za okres 25 lat przechowywania dokumentacji badania wynosi 8000,00 z\u0142 netto. W przypadku decyzji Sponsora o przechowywaniu przez d\u0142u\u017cszy okres czasu ni\u017c 25 lat koszt op\u0142aty archiwizacyjnej b\u0119dzie wyceniany indywidualnie ( w wysoko\u015bci nie mniejszej ni\u017c 8000,00 z\u0142 netto).<\/li><li>Op\u0142ata pharmacy fee uwzgl\u0119dnia ( przez okres nie d\u0142u\u017cszy ni\u017c 36 miesi\u0119cy) koszty m.in. za: powierzchni\u0119 magazynow\u0105 dla produktu magazynowego i warunki przechowywania zgodnie z zaleceniem Sponsora w zakresie wymaganych temperatur; czas przechowywania produktu badanego przez okres trwania badania klinicznego; miejsce oraz koszty medi\u00f3w konieczne do przygotowania produktu badanego ( w przypadku lek\u00f3w do\u017cylnych); miejsce na dokumentacj\u0119 badania oraz obs\u0142ug\u0119 administracyjn\u0105 badania w aptece szpitalnej. Pharmacy fee wynosi odpowiednio:<\/li><\/ul><ol><li>6000,00 z\u0142 netto za badania kliniczne z u\u017cyciem lek\u00f3w w postaci sta\u0142ej, stosowanej doustnie, lek\u00f3w w postaci gotowych wstrzykni\u0119\u0107 podsk\u00f3rnych, nie wymagaj\u0105cych przygotowania w aptece szpitalnej, oraz wszystkich innych nie wymienionych w punkcie b jako produktu badanego<\/li><li>8000,00 z\u0142 netto za badania kliniczne z u\u017cyciem produktu badanego w postaci wstrzykni\u0119cia lub wlewu pozajelitowego, podsk\u00f3rnego, dokana\u0142owego, kt\u00f3rego przygotowanie jest wykonywane w aptece szpitalnej.<\/li><\/ol><p>W badaniach klinicznych trwaj\u0105cych d\u0142u\u017cej ni\u017c 36 miesi\u0119cy koszt pharmacy fee b\u0119dzie wyceniany indywidualnie ( w wysoko\u015bci nie mniejszej ni\u017c w punkcie 4)<\/p><ul><li>Wydrukowan\u0105, niezb\u0119dn\u0105 ilo\u015b\u0107 egzemplarzy finalnej umowy tr\u00f3jstronnej Sponsor dostarcza do szpitala celem podpisania przez pozosta\u0142e strony.<\/li><\/ul><p><strong>Warunkiem formalnym zawarcia umowy jest obok przedstawienia wszystkich wymaganych dokument\u00f3w uiszczenie op\u0142at jak wy\u017cej. Wp\u0142aty kwot op\u0142at jak wy\u017cej nale\u017cy dokona\u0107 na podany rachunek Szpitala w Czerwonej G\u00f3rze. W tytule przelewu nale\u017cy zamie\u015bci\u0107: Numer Badania lub Protoko\u0142u i rodzaj\/ nazw\u0119 op\u0142aty.<\/strong><\/p><p>Celem uzyskania dodatkowych informacji &#8211; kontakt w formie elektronicznej <strong><u>badaniakliniczne@czerwonagora.pl <\/u><\/strong><\/p>\t\t\t\t\t\t\t\t<\/div>\n\t\t\t\t<\/div>\n\t\t\t\t\t<\/div>\n\t\t<\/div>\n\t\t\t\t\t<\/div>\n\t\t<\/section>\n\t\t\t\t<section class=\"elementor-section elementor-top-section elementor-element elementor-element-86bb1af elementor-section-boxed elementor-section-height-default elementor-section-height-default\" data-id=\"86bb1af\" data-element_type=\"section\" data-e-type=\"section\" data-settings=\"{&quot;background_background&quot;:&quot;classic&quot;}\">\n\t\t\t\t\t\t<div class=\"elementor-container elementor-column-gap-default\">\n\t\t\t\t\t<div class=\"elementor-column elementor-col-25 elementor-top-column elementor-element elementor-element-9ec7d7c\" data-id=\"9ec7d7c\" data-element_type=\"column\" data-e-type=\"column\">\n\t\t\t<div class=\"elementor-widget-wrap elementor-element-populated\">\n\t\t\t\t\t\t<div class=\"elementor-element elementor-element-972fcfd elementor-view-default elementor-widget elementor-widget-icon\" data-id=\"972fcfd\" data-element_type=\"widget\" data-e-type=\"widget\" data-widget_type=\"icon.default\">\n\t\t\t\t<div class=\"elementor-widget-container\">\n\t\t\t\t\t\t\t<div class=\"elementor-icon-wrapper\">\n\t\t\t<div class=\"elementor-icon\">\n\t\t\t<i aria-hidden=\"true\" class=\"far fa-file-pdf\"><\/i>\t\t\t<\/div>\n\t\t<\/div>\n\t\t\t\t\t\t<\/div>\n\t\t\t\t<\/div>\n\t\t\t\t\t<\/div>\n\t\t<\/div>\n\t\t\t\t<div class=\"elementor-column elementor-col-50 elementor-top-column elementor-element elementor-element-dd77905\" data-id=\"dd77905\" data-element_type=\"column\" data-e-type=\"column\">\n\t\t\t<div class=\"elementor-widget-wrap elementor-element-populated\">\n\t\t\t\t\t\t<div class=\"elementor-element elementor-element-11fb1bd elementor-widget elementor-widget-text-editor\" data-id=\"11fb1bd\" data-element_type=\"widget\" data-e-type=\"widget\" data-widget_type=\"text-editor.default\">\n\t\t\t\t<div class=\"elementor-widget-container\">\n\t\t\t\t\t\t\t\t\t<p><strong>Wniosek o badanie kliniczne <br \/><\/strong><\/p>\t\t\t\t\t\t\t\t<\/div>\n\t\t\t\t<\/div>\n\t\t\t\t\t<\/div>\n\t\t<\/div>\n\t\t\t\t<div class=\"elementor-column elementor-col-25 elementor-top-column elementor-element elementor-element-672be4e\" data-id=\"672be4e\" data-element_type=\"column\" data-e-type=\"column\">\n\t\t\t<div class=\"elementor-widget-wrap elementor-element-populated\">\n\t\t\t\t\t\t<div class=\"elementor-element elementor-element-25d1107 elementor-align-center elementor-widget elementor-widget-button\" data-id=\"25d1107\" data-element_type=\"widget\" data-e-type=\"widget\" data-widget_type=\"button.default\">\n\t\t\t\t<div class=\"elementor-widget-container\">\n\t\t\t\t\t\t\t\t\t<div class=\"elementor-button-wrapper\">\n\t\t\t\t\t<a class=\"elementor-button elementor-button-link elementor-size-sm elementor-animation-grow\" href=\"https:\/\/czerwonagora.pl\/wp-content\/uploads\/2025\/05\/WNIOSEK-O-BADANIE-KLINICZNE-w-WSS-w-CZERWONEJ-GORZE.pdf\">\n\t\t\t\t\t\t<span class=\"elementor-button-content-wrapper\">\n\t\t\t\t\t\t\t\t\t<span class=\"elementor-button-text\">Pobierz<\/span>\n\t\t\t\t\t<\/span>\n\t\t\t\t\t<\/a>\n\t\t\t\t<\/div>\n\t\t\t\t\t\t\t\t<\/div>\n\t\t\t\t<\/div>\n\t\t\t\t\t<\/div>\n\t\t<\/div>\n\t\t\t\t\t<\/div>\n\t\t<\/section>\n\t\t\t\t<\/div>\n\t\t","protected":false},"excerpt":{"rendered":"<p>Informacje dla Sponsora Zasady kontraktowania bada\u0144 klinicznych w WSS w Czerwonej G\u00f3rze zosta\u0142y uj\u0119te w odr\u0119bnej Procedurze uwzgl\u0119dniaj\u0105cej standardy jako\u015bci bada\u0144, bezpiecze\u0144stwa pacjent\u00f3w oraz transparentno\u015bci wsp\u00f3\u0142pracy tr\u00f3jstronnej: Sponsora, Badacza i O\u015brodka. Kontakt ze Szpitalem Rozpocz\u0119cie procedury zmierzaj\u0105cej do podpisania umowy o przeprowadzenie badania klinicznego odbywa si\u0119 poprzez kontakt Sponsora\/CRO z wybranym G\u0142\u00f3wnym Badaczem, a nast\u0119pnie [&hellip;]<\/p>\n","protected":false},"author":12,"featured_media":0,"parent":0,"menu_order":0,"comment_status":"closed","ping_status":"closed","template":"","meta":{"zakra_page_container_layout":"customizer","zakra_page_sidebar_layout":"customizer","zakra_remove_content_margin":false,"zakra_sidebar":"customizer","zakra_transparent_header":"customizer","zakra_logo":0,"zakra_main_header_style":"default","zakra_menu_item_color":"","zakra_menu_item_hover_color":"","zakra_menu_item_active_color":"","zakra_menu_active_style":"","zakra_page_header":true,"footnotes":""},"class_list":["post-27918","page","type-page","status-publish","hentry"],"yoast_head":"<!-- This site is optimized with the Yoast SEO plugin v27.3 - https:\/\/yoast.com\/product\/yoast-seo-wordpress\/ -->\n<title>Badania kliniczne - Wojew\u00f3dzki Szpital Specjalistyczny im. \u015aw. Rafa\u0142a w Czerwonej G\u00f3rze<\/title>\n<meta name=\"robots\" content=\"index, follow, max-snippet:-1, max-image-preview:large, max-video-preview:-1\" \/>\n<link rel=\"canonical\" href=\"https:\/\/czerwonagora.pl\/index.php\/badania-kliniczne\/\" \/>\n<meta property=\"og:locale\" content=\"pl_PL\" \/>\n<meta property=\"og:type\" content=\"article\" \/>\n<meta property=\"og:title\" content=\"Badania kliniczne - Wojew\u00f3dzki Szpital Specjalistyczny im. \u015aw. Rafa\u0142a w Czerwonej G\u00f3rze\" \/>\n<meta property=\"og:description\" content=\"Informacje dla Sponsora Zasady kontraktowania bada\u0144 klinicznych w WSS w Czerwonej G\u00f3rze zosta\u0142y uj\u0119te w odr\u0119bnej Procedurze uwzgl\u0119dniaj\u0105cej standardy jako\u015bci bada\u0144, bezpiecze\u0144stwa pacjent\u00f3w oraz transparentno\u015bci wsp\u00f3\u0142pracy tr\u00f3jstronnej: Sponsora, Badacza i O\u015brodka. Kontakt ze Szpitalem Rozpocz\u0119cie procedury zmierzaj\u0105cej do podpisania umowy o przeprowadzenie badania klinicznego odbywa si\u0119 poprzez kontakt Sponsora\/CRO z wybranym G\u0142\u00f3wnym Badaczem, a nast\u0119pnie [&hellip;]\" \/>\n<meta property=\"og:url\" content=\"https:\/\/czerwonagora.pl\/index.php\/badania-kliniczne\/\" \/>\n<meta property=\"og:site_name\" content=\"Wojew\u00f3dzki Szpital Specjalistyczny im. \u015aw. Rafa\u0142a w Czerwonej G\u00f3rze\" \/>\n<meta property=\"article:publisher\" content=\"https:\/\/www.facebook.com\/SzpitalCzerwonaGora\/\" \/>\n<meta property=\"article:modified_time\" content=\"2025-06-03T10:56:08+00:00\" \/>\n<meta property=\"og:image\" content=\"https:\/\/czerwonagora.pl\/wp-content\/uploads\/2021\/06\/DJI_0005-Duzy.jpg\" \/>\n\t<meta property=\"og:image:width\" content=\"1920\" \/>\n\t<meta property=\"og:image:height\" content=\"1080\" \/>\n\t<meta property=\"og:image:type\" content=\"image\/jpeg\" \/>\n<meta name=\"twitter:card\" content=\"summary_large_image\" \/>\n<meta name=\"twitter:label1\" content=\"Szacowany czas czytania\" \/>\n\t<meta name=\"twitter:data1\" content=\"4 minuty\" \/>\n<script type=\"application\/ld+json\" class=\"yoast-schema-graph\">{\"@context\":\"https:\\\/\\\/schema.org\",\"@graph\":[{\"@type\":\"WebPage\",\"@id\":\"https:\\\/\\\/czerwonagora.pl\\\/index.php\\\/badania-kliniczne\\\/\",\"url\":\"https:\\\/\\\/czerwonagora.pl\\\/index.php\\\/badania-kliniczne\\\/\",\"name\":\"Badania kliniczne - Wojew\u00f3dzki Szpital Specjalistyczny im. \u015aw. Rafa\u0142a w Czerwonej G\u00f3rze\",\"isPartOf\":{\"@id\":\"https:\\\/\\\/czerwonagora.pl\\\/#website\"},\"datePublished\":\"2025-05-22T04:59:45+00:00\",\"dateModified\":\"2025-06-03T10:56:08+00:00\",\"breadcrumb\":{\"@id\":\"https:\\\/\\\/czerwonagora.pl\\\/index.php\\\/badania-kliniczne\\\/#breadcrumb\"},\"inLanguage\":\"pl-PL\",\"potentialAction\":[{\"@type\":\"ReadAction\",\"target\":[\"https:\\\/\\\/czerwonagora.pl\\\/index.php\\\/badania-kliniczne\\\/\"]}]},{\"@type\":\"BreadcrumbList\",\"@id\":\"https:\\\/\\\/czerwonagora.pl\\\/index.php\\\/badania-kliniczne\\\/#breadcrumb\",\"itemListElement\":[{\"@type\":\"ListItem\",\"position\":1,\"name\":\"Strona g\u0142\u00f3wna\",\"item\":\"https:\\\/\\\/czerwonagora.pl\\\/\"},{\"@type\":\"ListItem\",\"position\":2,\"name\":\"Badania kliniczne\"}]},{\"@type\":\"WebSite\",\"@id\":\"https:\\\/\\\/czerwonagora.pl\\\/#website\",\"url\":\"https:\\\/\\\/czerwonagora.pl\\\/\",\"name\":\"Wojew\u00f3dzki Szpital Specjalistyczny im. \u015aw. Rafa\u0142a w Czerwonej G\u00f3rze\",\"description\":\"Wojew\u00f3dzki Szpital Specjalistyczny im. \u015aw. Rafa\u0142a w Czerwonej G\u00f3rze\",\"publisher\":{\"@id\":\"https:\\\/\\\/czerwonagora.pl\\\/#organization\"},\"potentialAction\":[{\"@type\":\"SearchAction\",\"target\":{\"@type\":\"EntryPoint\",\"urlTemplate\":\"https:\\\/\\\/czerwonagora.pl\\\/?s={search_term_string}\"},\"query-input\":{\"@type\":\"PropertyValueSpecification\",\"valueRequired\":true,\"valueName\":\"search_term_string\"}}],\"inLanguage\":\"pl-PL\"},{\"@type\":\"Organization\",\"@id\":\"https:\\\/\\\/czerwonagora.pl\\\/#organization\",\"name\":\"Wojew\u00f3dzki Szpital Specjalistyczny im. \u015aw. Rafa\u0142a w Czerwonej G\u00f3rze\",\"url\":\"https:\\\/\\\/czerwonagora.pl\\\/\",\"logo\":{\"@type\":\"ImageObject\",\"inLanguage\":\"pl-PL\",\"@id\":\"https:\\\/\\\/czerwonagora.pl\\\/#\\\/schema\\\/logo\\\/image\\\/\",\"url\":\"https:\\\/\\\/czerwonagora.pl\\\/wp-content\\\/uploads\\\/2021\\\/06\\\/Logo-WSS-DUZE-transparentne.png\",\"contentUrl\":\"https:\\\/\\\/czerwonagora.pl\\\/wp-content\\\/uploads\\\/2021\\\/06\\\/Logo-WSS-DUZE-transparentne.png\",\"width\":4210,\"height\":2975,\"caption\":\"Wojew\u00f3dzki Szpital Specjalistyczny im. \u015aw. Rafa\u0142a w Czerwonej G\u00f3rze\"},\"image\":{\"@id\":\"https:\\\/\\\/czerwonagora.pl\\\/#\\\/schema\\\/logo\\\/image\\\/\"},\"sameAs\":[\"https:\\\/\\\/www.facebook.com\\\/SzpitalCzerwonaGora\\\/\"]}]}<\/script>\n<!-- \/ Yoast SEO plugin. -->","yoast_head_json":{"title":"Badania kliniczne - Wojew\u00f3dzki Szpital Specjalistyczny im. \u015aw. Rafa\u0142a w Czerwonej G\u00f3rze","robots":{"index":"index","follow":"follow","max-snippet":"max-snippet:-1","max-image-preview":"max-image-preview:large","max-video-preview":"max-video-preview:-1"},"canonical":"https:\/\/czerwonagora.pl\/index.php\/badania-kliniczne\/","og_locale":"pl_PL","og_type":"article","og_title":"Badania kliniczne - Wojew\u00f3dzki Szpital Specjalistyczny im. \u015aw. Rafa\u0142a w Czerwonej G\u00f3rze","og_description":"Informacje dla Sponsora Zasady kontraktowania bada\u0144 klinicznych w WSS w Czerwonej G\u00f3rze zosta\u0142y uj\u0119te w odr\u0119bnej Procedurze uwzgl\u0119dniaj\u0105cej standardy jako\u015bci bada\u0144, bezpiecze\u0144stwa pacjent\u00f3w oraz transparentno\u015bci wsp\u00f3\u0142pracy tr\u00f3jstronnej: Sponsora, Badacza i O\u015brodka. Kontakt ze Szpitalem Rozpocz\u0119cie procedury zmierzaj\u0105cej do podpisania umowy o przeprowadzenie badania klinicznego odbywa si\u0119 poprzez kontakt Sponsora\/CRO z wybranym G\u0142\u00f3wnym Badaczem, a nast\u0119pnie [&hellip;]","og_url":"https:\/\/czerwonagora.pl\/index.php\/badania-kliniczne\/","og_site_name":"Wojew\u00f3dzki Szpital Specjalistyczny im. \u015aw. Rafa\u0142a w Czerwonej G\u00f3rze","article_publisher":"https:\/\/www.facebook.com\/SzpitalCzerwonaGora\/","article_modified_time":"2025-06-03T10:56:08+00:00","og_image":[{"width":1920,"height":1080,"url":"https:\/\/czerwonagora.pl\/wp-content\/uploads\/2021\/06\/DJI_0005-Duzy.jpg","type":"image\/jpeg"}],"twitter_card":"summary_large_image","twitter_misc":{"Szacowany czas czytania":"4 minuty"},"schema":{"@context":"https:\/\/schema.org","@graph":[{"@type":"WebPage","@id":"https:\/\/czerwonagora.pl\/index.php\/badania-kliniczne\/","url":"https:\/\/czerwonagora.pl\/index.php\/badania-kliniczne\/","name":"Badania kliniczne - Wojew\u00f3dzki Szpital Specjalistyczny im. \u015aw. Rafa\u0142a w Czerwonej G\u00f3rze","isPartOf":{"@id":"https:\/\/czerwonagora.pl\/#website"},"datePublished":"2025-05-22T04:59:45+00:00","dateModified":"2025-06-03T10:56:08+00:00","breadcrumb":{"@id":"https:\/\/czerwonagora.pl\/index.php\/badania-kliniczne\/#breadcrumb"},"inLanguage":"pl-PL","potentialAction":[{"@type":"ReadAction","target":["https:\/\/czerwonagora.pl\/index.php\/badania-kliniczne\/"]}]},{"@type":"BreadcrumbList","@id":"https:\/\/czerwonagora.pl\/index.php\/badania-kliniczne\/#breadcrumb","itemListElement":[{"@type":"ListItem","position":1,"name":"Strona g\u0142\u00f3wna","item":"https:\/\/czerwonagora.pl\/"},{"@type":"ListItem","position":2,"name":"Badania kliniczne"}]},{"@type":"WebSite","@id":"https:\/\/czerwonagora.pl\/#website","url":"https:\/\/czerwonagora.pl\/","name":"Wojew\u00f3dzki Szpital Specjalistyczny im. \u015aw. Rafa\u0142a w Czerwonej G\u00f3rze","description":"Wojew\u00f3dzki Szpital Specjalistyczny im. \u015aw. Rafa\u0142a w Czerwonej G\u00f3rze","publisher":{"@id":"https:\/\/czerwonagora.pl\/#organization"},"potentialAction":[{"@type":"SearchAction","target":{"@type":"EntryPoint","urlTemplate":"https:\/\/czerwonagora.pl\/?s={search_term_string}"},"query-input":{"@type":"PropertyValueSpecification","valueRequired":true,"valueName":"search_term_string"}}],"inLanguage":"pl-PL"},{"@type":"Organization","@id":"https:\/\/czerwonagora.pl\/#organization","name":"Wojew\u00f3dzki Szpital Specjalistyczny im. \u015aw. Rafa\u0142a w Czerwonej G\u00f3rze","url":"https:\/\/czerwonagora.pl\/","logo":{"@type":"ImageObject","inLanguage":"pl-PL","@id":"https:\/\/czerwonagora.pl\/#\/schema\/logo\/image\/","url":"https:\/\/czerwonagora.pl\/wp-content\/uploads\/2021\/06\/Logo-WSS-DUZE-transparentne.png","contentUrl":"https:\/\/czerwonagora.pl\/wp-content\/uploads\/2021\/06\/Logo-WSS-DUZE-transparentne.png","width":4210,"height":2975,"caption":"Wojew\u00f3dzki Szpital Specjalistyczny im. \u015aw. Rafa\u0142a w Czerwonej G\u00f3rze"},"image":{"@id":"https:\/\/czerwonagora.pl\/#\/schema\/logo\/image\/"},"sameAs":["https:\/\/www.facebook.com\/SzpitalCzerwonaGora\/"]}]}},"publishpress_future_action":{"enabled":false,"date":"2026-04-27 05:24:20","action":"change-status","newStatus":"draft","terms":[],"taxonomy":"","extraData":[]},"publishpress_future_workflow_manual_trigger":{"enabledWorkflows":[]},"_links":{"self":[{"href":"https:\/\/czerwonagora.pl\/index.php\/wp-json\/wp\/v2\/pages\/27918","targetHints":{"allow":["GET"]}}],"collection":[{"href":"https:\/\/czerwonagora.pl\/index.php\/wp-json\/wp\/v2\/pages"}],"about":[{"href":"https:\/\/czerwonagora.pl\/index.php\/wp-json\/wp\/v2\/types\/page"}],"author":[{"embeddable":true,"href":"https:\/\/czerwonagora.pl\/index.php\/wp-json\/wp\/v2\/users\/12"}],"replies":[{"embeddable":true,"href":"https:\/\/czerwonagora.pl\/index.php\/wp-json\/wp\/v2\/comments?post=27918"}],"version-history":[{"count":5,"href":"https:\/\/czerwonagora.pl\/index.php\/wp-json\/wp\/v2\/pages\/27918\/revisions"}],"predecessor-version":[{"id":27935,"href":"https:\/\/czerwonagora.pl\/index.php\/wp-json\/wp\/v2\/pages\/27918\/revisions\/27935"}],"wp:attachment":[{"href":"https:\/\/czerwonagora.pl\/index.php\/wp-json\/wp\/v2\/media?parent=27918"}],"curies":[{"name":"wp","href":"https:\/\/api.w.org\/{rel}","templated":true}]}}