{"id":29722,"date":"2025-10-20T10:48:01","date_gmt":"2025-10-20T08:48:01","guid":{"rendered":"https:\/\/czerwonagora.pl\/?page_id=29722"},"modified":"2026-02-02T12:34:31","modified_gmt":"2026-02-02T11:34:31","slug":"dzial-programow-lekowych-i-statystyki-medycznej","status":"publish","type":"page","link":"https:\/\/czerwonagora.pl\/index.php\/dzial-programow-lekowych-i-statystyki-medycznej\/","title":{"rendered":"Dzia\u0142 Program\u00f3w Lekowych i Statystyki Medycznej"},"content":{"rendered":"\t\t<div data-elementor-type=\"wp-page\" data-elementor-id=\"29722\" class=\"elementor elementor-29722\">\n\t\t\t\t\t\t<section class=\"elementor-section elementor-top-section elementor-element elementor-element-625f1a9 elementor-section-stretched elementor-section-boxed elementor-section-height-default elementor-section-height-default elementor-invisible\" data-id=\"625f1a9\" data-element_type=\"section\" data-e-type=\"section\" data-settings=\"{&quot;stretch_section&quot;:&quot;section-stretched&quot;,&quot;animation&quot;:&quot;fadeIn&quot;,&quot;animation_delay&quot;:200}\">\n\t\t\t\t\t\t\t<div class=\"elementor-background-overlay\"><\/div>\n\t\t\t\t\t\t\t<div class=\"elementor-container elementor-column-gap-no\">\n\t\t\t\t\t<div class=\"elementor-column elementor-col-33 elementor-top-column elementor-element elementor-element-58075db\" data-id=\"58075db\" data-element_type=\"column\" data-e-type=\"column\">\n\t\t\t<div class=\"elementor-widget-wrap elementor-element-populated\">\n\t\t\t\t\t\t<div class=\"elementor-element elementor-element-98b5714 elementor-widget-divider--view-line elementor-widget elementor-widget-divider\" data-id=\"98b5714\" data-element_type=\"widget\" data-e-type=\"widget\" data-widget_type=\"divider.default\">\n\t\t\t\t<div class=\"elementor-widget-container\">\n\t\t\t\t\t\t\t<div class=\"elementor-divider\">\n\t\t\t<span class=\"elementor-divider-separator\">\n\t\t\t\t\t\t<\/span>\n\t\t<\/div>\n\t\t\t\t\t\t<\/div>\n\t\t\t\t<\/div>\n\t\t\t\t\t<\/div>\n\t\t<\/div>\n\t\t\t\t<div class=\"elementor-column elementor-col-33 elementor-top-column elementor-element elementor-element-d425c22\" data-id=\"d425c22\" data-element_type=\"column\" data-e-type=\"column\">\n\t\t\t<div class=\"elementor-widget-wrap elementor-element-populated\">\n\t\t\t\t\t\t<div class=\"elementor-element elementor-element-2d9b4cc elementor-widget-divider--view-line elementor-widget elementor-widget-divider\" data-id=\"2d9b4cc\" data-element_type=\"widget\" data-e-type=\"widget\" data-widget_type=\"divider.default\">\n\t\t\t\t<div class=\"elementor-widget-container\">\n\t\t\t\t\t\t\t<div class=\"elementor-divider\">\n\t\t\t<span class=\"elementor-divider-separator\">\n\t\t\t\t\t\t<\/span>\n\t\t<\/div>\n\t\t\t\t\t\t<\/div>\n\t\t\t\t<\/div>\n\t\t\t\t<div class=\"elementor-element elementor-element-74f1031 elementor-position-top elementor-invisible elementor-widget elementor-widget-image-box\" data-id=\"74f1031\" data-element_type=\"widget\" data-e-type=\"widget\" data-settings=\"{&quot;_animation&quot;:&quot;fadeIn&quot;}\" data-widget_type=\"image-box.default\">\n\t\t\t\t<div class=\"elementor-widget-container\">\n\t\t\t\t\t<div class=\"elementor-image-box-wrapper\"><figure class=\"elementor-image-box-img\"><img decoding=\"async\" width=\"180\" height=\"223\" src=\"https:\/\/czerwonagora.pl\/wp-content\/uploads\/2021\/06\/woman_adm-ikona.png\" class=\"attachment-full size-full wp-image-7903\" alt=\"t\u0142o koloru zielone z sylwetk\u0105 kobiety ubran\u0105 w ubranie wizytowe koloru niebieskiego\" \/><\/figure><div class=\"elementor-image-box-content\"><h1 class=\"elementor-image-box-title\">mgr Aneta Malinowska<\/h1><p class=\"elementor-image-box-description\">Kierownik Dzia\u0142u<\/p><\/div><\/div>\t\t\t\t<\/div>\n\t\t\t\t<\/div>\n\t\t\t\t\t<\/div>\n\t\t<\/div>\n\t\t\t\t<div class=\"elementor-column elementor-col-33 elementor-top-column elementor-element elementor-element-bb38b7c\" data-id=\"bb38b7c\" data-element_type=\"column\" data-e-type=\"column\">\n\t\t\t<div class=\"elementor-widget-wrap\">\n\t\t\t\t\t\t\t<\/div>\n\t\t<\/div>\n\t\t\t\t\t<\/div>\n\t\t<\/section>\n\t\t\t\t<section class=\"elementor-section elementor-top-section elementor-element elementor-element-da05502 elementor-section-stretched elementor-section-boxed elementor-section-height-default elementor-section-height-default\" data-id=\"da05502\" data-element_type=\"section\" data-e-type=\"section\" data-settings=\"{&quot;stretch_section&quot;:&quot;section-stretched&quot;}\">\n\t\t\t\t\t\t<div class=\"elementor-container elementor-column-gap-default\">\n\t\t\t\t\t<div class=\"elementor-column elementor-col-66 elementor-top-column elementor-element elementor-element-d2addef\" data-id=\"d2addef\" data-element_type=\"column\" data-e-type=\"column\">\n\t\t\t<div class=\"elementor-widget-wrap elementor-element-populated\">\n\t\t\t\t\t\t<div class=\"elementor-element elementor-element-04ff841 elementor-widget elementor-widget-text-editor\" data-id=\"04ff841\" data-element_type=\"widget\" data-e-type=\"widget\" data-widget_type=\"text-editor.default\">\n\t\t\t\t<div class=\"elementor-widget-container\">\n\t\t\t\t\t\t\t\t\t<p><strong>Profil kom\u00f3rki<\/strong><\/p><p><strong>Do zada\u0144 Dzia\u0142u nale\u017cy:<\/strong><\/p><ol><li>Dzia\u0142em Program\u00f3w Lekowych i Statystyki Medycznej kieruje Kierownik Dzia\u0142u, kt\u00f3ry s\u0142u\u017cbowo podlega bezpo\u015brednio Dyrektorowi Szpitala.<\/li><li>W strukturach Dzia\u0142u znajduje si\u0119 Statystyka Wojew\u00f3dzkiej Przychodni Specjalistycznej Szpitala w Czerwonej G\u00f3rze.<\/li><li>Do podstawowych zada\u0144 Dzia\u0142u Program\u00f3w Lekowych i Statystyki Medycznej nale\u017cy:<ul><li>Gromadzenie, przechowywanie i udost\u0119pnianie dokumentacji medycznej zgodnie <br \/>z obowi\u0105zuj\u0105cymi przepisami.<\/li><li>Sporz\u0105dzanie sprawozda\u0144 i zestawie\u0144 statystycznych z zakresu dzia\u0142alno\u015bci szpitala dla potrzeb wewn\u0119trznych szpitala oraz instytucji zewn\u0119trznych.<\/li><li>Prowadzenie korespondencji i rejestr\u00f3w pism przychodz\u0105cych i wychodz\u0105cych <br \/>w zakresie realizacji zada\u0144 Sekcji.<\/li><li>Prowadzenie rejestru os\u00f3b nieubezpieczonych.<\/li><li>Prowadzenie spraw os\u00f3b nieubezpieczonych w celu obj\u0119cia ich ubezpieczeniem zdrowotnym \u2013 wsp\u00f3\u0142praca w tym zakresie z w\u0142a\u015bciwymi instytucjami (MOPR\/GOPS).<\/li><li>Prowadzenie spraw socjalnych w zakresie umieszczania pacjent\u00f3w <br \/>w plac\u00f3wkach opieku\u0144czo-leczniczych lub obj\u0119cia ich opiek\u0105 pohospitalizacyjn\u0105.<\/li><li>Prowadzenie rejestru przypadk\u00f3w zastosowania przymusu bezpo\u015bredniego u pacjenta.<\/li><li>Prowadzenie rejestru pacjent\u00f3w, u kt\u00f3rych rozpoznano choroby zaka\u017ane w tym gru\u017alicy i zg\u0142aszanie takich przypadk\u00f3w do Sanepidu.<\/li><li>Raportowanie danych statystycznych z oddzia\u0142\u00f3w szpitalnych\/ZOL do w\u0142a\u015bciwych Urz\u0119d\u00f3w.<\/li><li>Prowadzenie Sk\u0142adnicy Akt.<\/li><li>Nadz\u00f3r nad ewidencj\u0105 Pacjent\u00f3w w Programach Lekowych i Chemioterapii.<\/li><\/ul><\/li><\/ol><p><strong>\u00a0<\/strong><\/p>\t\t\t\t\t\t\t\t<\/div>\n\t\t\t\t<\/div>\n\t\t\t\t\t<\/div>\n\t\t<\/div>\n\t\t\t\t<div class=\"elementor-column elementor-col-33 elementor-top-column elementor-element elementor-element-55c9810\" data-id=\"55c9810\" data-element_type=\"column\" data-e-type=\"column\" data-settings=\"{&quot;background_background&quot;:&quot;classic&quot;}\">\n\t\t\t<div class=\"elementor-widget-wrap elementor-element-populated\">\n\t\t\t\t\t\t<div class=\"elementor-element elementor-element-823f07a elementor-view-default elementor-widget elementor-widget-icon\" data-id=\"823f07a\" data-element_type=\"widget\" data-e-type=\"widget\" data-widget_type=\"icon.default\">\n\t\t\t\t<div class=\"elementor-widget-container\">\n\t\t\t\t\t\t\t<div class=\"elementor-icon-wrapper\">\n\t\t\t<div class=\"elementor-icon\">\n\t\t\t<i aria-hidden=\"true\" class=\"fas fa-phone-square\"><\/i>\t\t\t<\/div>\n\t\t<\/div>\n\t\t\t\t\t\t<\/div>\n\t\t\t\t<\/div>\n\t\t\t\t<div class=\"elementor-element elementor-element-310c49c elementor-widget elementor-widget-text-editor\" data-id=\"310c49c\" data-element_type=\"widget\" data-e-type=\"widget\" data-widget_type=\"text-editor.default\">\n\t\t\t\t<div class=\"elementor-widget-container\">\n\t\t\t\t\t\t\t\t\t<p><strong>Lokalizacja\u00a0<\/strong><strong>Budynek D II pi\u0119tro<\/strong><\/p><p><strong>Telefony bezpo\u015brednie:<\/strong><\/p><div><p><strong>Kierownik Dzia\u0142u nr wew. 353<\/strong><\/p><h5>\u00a0<\/h5><h5><strong>Sekcja Statystki i Archwium<\/strong><\/h5><p><strong>Kierownik &#8211; 353<br \/>Biuro- 126<\/strong><\/p><p><strong>Archiwum &#8211; 146<\/strong><\/p><p><strong>Tel. kom\u00f3rkowy &#8211;\u00a0 605 175 011\u00a0<\/strong><\/p><h5><strong>Sekcja Program\u00f3w Lekowych i Chemioterapii<\/strong><\/h5><\/div><p><strong>Kierownik &#8211; 353<br \/>Biuro- 126<\/strong><\/p><p><strong>Tel. kom\u00f3rkowy &#8211;\u00a0 605 175 011\u00a0<\/strong><\/p>\t\t\t\t\t\t\t\t<\/div>\n\t\t\t\t<\/div>\n\t\t\t\t\t<\/div>\n\t\t<\/div>\n\t\t\t\t\t<\/div>\n\t\t<\/section>\n\t\t\t\t<\/div>\n\t\t","protected":false},"excerpt":{"rendered":"<p>mgr Aneta Malinowska Kierownik Dzia\u0142u Profil kom\u00f3rki Do zada\u0144 Dzia\u0142u nale\u017cy: Dzia\u0142em Program\u00f3w Lekowych i Statystyki Medycznej kieruje Kierownik Dzia\u0142u, kt\u00f3ry s\u0142u\u017cbowo podlega bezpo\u015brednio Dyrektorowi Szpitala. W strukturach Dzia\u0142u znajduje si\u0119 Statystyka Wojew\u00f3dzkiej Przychodni Specjalistycznej Szpitala w Czerwonej G\u00f3rze. Do podstawowych zada\u0144 Dzia\u0142u Program\u00f3w Lekowych i Statystyki Medycznej nale\u017cy: Gromadzenie, przechowywanie i udost\u0119pnianie dokumentacji medycznej [&hellip;]<\/p>\n","protected":false},"author":12,"featured_media":0,"parent":0,"menu_order":0,"comment_status":"closed","ping_status":"closed","template":"","meta":{"zakra_page_container_layout":"customizer","zakra_page_sidebar_layout":"customizer","zakra_remove_content_margin":false,"zakra_sidebar":"customizer","zakra_transparent_header":"customizer","zakra_logo":0,"zakra_main_header_style":"default","zakra_menu_item_color":"","zakra_menu_item_hover_color":"","zakra_menu_item_active_color":"","zakra_menu_active_style":"","zakra_page_header":true,"footnotes":""},"class_list":["post-29722","page","type-page","status-publish","hentry"],"yoast_head":"<!-- This site is optimized with the Yoast SEO plugin v27.3 - https:\/\/yoast.com\/product\/yoast-seo-wordpress\/ -->\n<title>Dzia\u0142 Program\u00f3w Lekowych i Statystyki Medycznej - Wojew\u00f3dzki Szpital Specjalistyczny im. \u015aw. Rafa\u0142a w Czerwonej G\u00f3rze<\/title>\n<meta name=\"robots\" content=\"index, follow, max-snippet:-1, max-image-preview:large, max-video-preview:-1\" \/>\n<link rel=\"canonical\" href=\"https:\/\/czerwonagora.pl\/index.php\/dzial-programow-lekowych-i-statystyki-medycznej\/\" \/>\n<meta property=\"og:locale\" content=\"pl_PL\" \/>\n<meta property=\"og:type\" content=\"article\" \/>\n<meta property=\"og:title\" content=\"Dzia\u0142 Program\u00f3w Lekowych i Statystyki Medycznej - Wojew\u00f3dzki Szpital Specjalistyczny im. \u015aw. Rafa\u0142a w Czerwonej G\u00f3rze\" \/>\n<meta property=\"og:description\" content=\"mgr Aneta Malinowska Kierownik Dzia\u0142u Profil kom\u00f3rki Do zada\u0144 Dzia\u0142u nale\u017cy: Dzia\u0142em Program\u00f3w Lekowych i Statystyki Medycznej kieruje Kierownik Dzia\u0142u, kt\u00f3ry s\u0142u\u017cbowo podlega bezpo\u015brednio Dyrektorowi Szpitala. W strukturach Dzia\u0142u znajduje si\u0119 Statystyka Wojew\u00f3dzkiej Przychodni Specjalistycznej Szpitala w Czerwonej G\u00f3rze. Do podstawowych zada\u0144 Dzia\u0142u Program\u00f3w Lekowych i Statystyki Medycznej nale\u017cy: Gromadzenie, przechowywanie i udost\u0119pnianie dokumentacji medycznej [&hellip;]\" \/>\n<meta property=\"og:url\" content=\"https:\/\/czerwonagora.pl\/index.php\/dzial-programow-lekowych-i-statystyki-medycznej\/\" \/>\n<meta property=\"og:site_name\" content=\"Wojew\u00f3dzki Szpital Specjalistyczny im. \u015aw. Rafa\u0142a w Czerwonej G\u00f3rze\" \/>\n<meta property=\"article:publisher\" content=\"https:\/\/www.facebook.com\/SzpitalCzerwonaGora\/\" \/>\n<meta property=\"article:modified_time\" content=\"2026-02-02T11:34:31+00:00\" \/>\n<meta property=\"og:image\" content=\"https:\/\/czerwonagora.pl\/wp-content\/uploads\/2021\/06\/woman_adm-ikona.png\" \/>\n\t<meta property=\"og:image:width\" content=\"180\" \/>\n\t<meta property=\"og:image:height\" content=\"223\" \/>\n\t<meta property=\"og:image:type\" content=\"image\/png\" \/>\n<meta name=\"twitter:card\" content=\"summary_large_image\" \/>\n<meta name=\"twitter:label1\" content=\"Szacowany czas czytania\" \/>\n\t<meta name=\"twitter:data1\" content=\"2 minuty\" \/>\n<script type=\"application\/ld+json\" class=\"yoast-schema-graph\">{\"@context\":\"https:\\\/\\\/schema.org\",\"@graph\":[{\"@type\":\"WebPage\",\"@id\":\"https:\\\/\\\/czerwonagora.pl\\\/index.php\\\/dzial-programow-lekowych-i-statystyki-medycznej\\\/\",\"url\":\"https:\\\/\\\/czerwonagora.pl\\\/index.php\\\/dzial-programow-lekowych-i-statystyki-medycznej\\\/\",\"name\":\"Dzia\u0142 Program\u00f3w Lekowych i Statystyki Medycznej - Wojew\u00f3dzki Szpital Specjalistyczny im. \u015aw. Rafa\u0142a w Czerwonej G\u00f3rze\",\"isPartOf\":{\"@id\":\"https:\\\/\\\/czerwonagora.pl\\\/#website\"},\"primaryImageOfPage\":{\"@id\":\"https:\\\/\\\/czerwonagora.pl\\\/index.php\\\/dzial-programow-lekowych-i-statystyki-medycznej\\\/#primaryimage\"},\"image\":{\"@id\":\"https:\\\/\\\/czerwonagora.pl\\\/index.php\\\/dzial-programow-lekowych-i-statystyki-medycznej\\\/#primaryimage\"},\"thumbnailUrl\":\"https:\\\/\\\/czerwonagora.pl\\\/wp-content\\\/uploads\\\/2021\\\/06\\\/woman_adm-ikona.png\",\"datePublished\":\"2025-10-20T08:48:01+00:00\",\"dateModified\":\"2026-02-02T11:34:31+00:00\",\"breadcrumb\":{\"@id\":\"https:\\\/\\\/czerwonagora.pl\\\/index.php\\\/dzial-programow-lekowych-i-statystyki-medycznej\\\/#breadcrumb\"},\"inLanguage\":\"pl-PL\",\"potentialAction\":[{\"@type\":\"ReadAction\",\"target\":[\"https:\\\/\\\/czerwonagora.pl\\\/index.php\\\/dzial-programow-lekowych-i-statystyki-medycznej\\\/\"]}]},{\"@type\":\"ImageObject\",\"inLanguage\":\"pl-PL\",\"@id\":\"https:\\\/\\\/czerwonagora.pl\\\/index.php\\\/dzial-programow-lekowych-i-statystyki-medycznej\\\/#primaryimage\",\"url\":\"https:\\\/\\\/czerwonagora.pl\\\/wp-content\\\/uploads\\\/2021\\\/06\\\/woman_adm-ikona.png\",\"contentUrl\":\"https:\\\/\\\/czerwonagora.pl\\\/wp-content\\\/uploads\\\/2021\\\/06\\\/woman_adm-ikona.png\",\"width\":180,\"height\":223,\"caption\":\"t\u0142o koloru zielone z sylwetk\u0105 kobiety ubran\u0105 w ubranie wizytowe koloru niebieskiego\"},{\"@type\":\"BreadcrumbList\",\"@id\":\"https:\\\/\\\/czerwonagora.pl\\\/index.php\\\/dzial-programow-lekowych-i-statystyki-medycznej\\\/#breadcrumb\",\"itemListElement\":[{\"@type\":\"ListItem\",\"position\":1,\"name\":\"Strona g\u0142\u00f3wna\",\"item\":\"https:\\\/\\\/czerwonagora.pl\\\/\"},{\"@type\":\"ListItem\",\"position\":2,\"name\":\"Dzia\u0142 Program\u00f3w Lekowych i Statystyki Medycznej\"}]},{\"@type\":\"WebSite\",\"@id\":\"https:\\\/\\\/czerwonagora.pl\\\/#website\",\"url\":\"https:\\\/\\\/czerwonagora.pl\\\/\",\"name\":\"Wojew\u00f3dzki Szpital Specjalistyczny im. \u015aw. Rafa\u0142a w Czerwonej G\u00f3rze\",\"description\":\"Wojew\u00f3dzki Szpital Specjalistyczny im. \u015aw. Rafa\u0142a w Czerwonej G\u00f3rze\",\"publisher\":{\"@id\":\"https:\\\/\\\/czerwonagora.pl\\\/#organization\"},\"potentialAction\":[{\"@type\":\"SearchAction\",\"target\":{\"@type\":\"EntryPoint\",\"urlTemplate\":\"https:\\\/\\\/czerwonagora.pl\\\/?s={search_term_string}\"},\"query-input\":{\"@type\":\"PropertyValueSpecification\",\"valueRequired\":true,\"valueName\":\"search_term_string\"}}],\"inLanguage\":\"pl-PL\"},{\"@type\":\"Organization\",\"@id\":\"https:\\\/\\\/czerwonagora.pl\\\/#organization\",\"name\":\"Wojew\u00f3dzki Szpital Specjalistyczny im. \u015aw. Rafa\u0142a w Czerwonej G\u00f3rze\",\"url\":\"https:\\\/\\\/czerwonagora.pl\\\/\",\"logo\":{\"@type\":\"ImageObject\",\"inLanguage\":\"pl-PL\",\"@id\":\"https:\\\/\\\/czerwonagora.pl\\\/#\\\/schema\\\/logo\\\/image\\\/\",\"url\":\"https:\\\/\\\/czerwonagora.pl\\\/wp-content\\\/uploads\\\/2021\\\/06\\\/Logo-WSS-DUZE-transparentne.png\",\"contentUrl\":\"https:\\\/\\\/czerwonagora.pl\\\/wp-content\\\/uploads\\\/2021\\\/06\\\/Logo-WSS-DUZE-transparentne.png\",\"width\":4210,\"height\":2975,\"caption\":\"Wojew\u00f3dzki Szpital Specjalistyczny im. \u015aw. Rafa\u0142a w Czerwonej G\u00f3rze\"},\"image\":{\"@id\":\"https:\\\/\\\/czerwonagora.pl\\\/#\\\/schema\\\/logo\\\/image\\\/\"},\"sameAs\":[\"https:\\\/\\\/www.facebook.com\\\/SzpitalCzerwonaGora\\\/\"]}]}<\/script>\n<!-- \/ Yoast SEO plugin. -->","yoast_head_json":{"title":"Dzia\u0142 Program\u00f3w Lekowych i Statystyki Medycznej - Wojew\u00f3dzki Szpital Specjalistyczny im. \u015aw. Rafa\u0142a w Czerwonej G\u00f3rze","robots":{"index":"index","follow":"follow","max-snippet":"max-snippet:-1","max-image-preview":"max-image-preview:large","max-video-preview":"max-video-preview:-1"},"canonical":"https:\/\/czerwonagora.pl\/index.php\/dzial-programow-lekowych-i-statystyki-medycznej\/","og_locale":"pl_PL","og_type":"article","og_title":"Dzia\u0142 Program\u00f3w Lekowych i Statystyki Medycznej - Wojew\u00f3dzki Szpital Specjalistyczny im. \u015aw. Rafa\u0142a w Czerwonej G\u00f3rze","og_description":"mgr Aneta Malinowska Kierownik Dzia\u0142u Profil kom\u00f3rki Do zada\u0144 Dzia\u0142u nale\u017cy: Dzia\u0142em Program\u00f3w Lekowych i Statystyki Medycznej kieruje Kierownik Dzia\u0142u, kt\u00f3ry s\u0142u\u017cbowo podlega bezpo\u015brednio Dyrektorowi Szpitala. W strukturach Dzia\u0142u znajduje si\u0119 Statystyka Wojew\u00f3dzkiej Przychodni Specjalistycznej Szpitala w Czerwonej G\u00f3rze. Do podstawowych zada\u0144 Dzia\u0142u Program\u00f3w Lekowych i Statystyki Medycznej nale\u017cy: Gromadzenie, przechowywanie i udost\u0119pnianie dokumentacji medycznej [&hellip;]","og_url":"https:\/\/czerwonagora.pl\/index.php\/dzial-programow-lekowych-i-statystyki-medycznej\/","og_site_name":"Wojew\u00f3dzki Szpital Specjalistyczny im. \u015aw. Rafa\u0142a w Czerwonej G\u00f3rze","article_publisher":"https:\/\/www.facebook.com\/SzpitalCzerwonaGora\/","article_modified_time":"2026-02-02T11:34:31+00:00","og_image":[{"width":180,"height":223,"url":"https:\/\/czerwonagora.pl\/wp-content\/uploads\/2021\/06\/woman_adm-ikona.png","type":"image\/png"}],"twitter_card":"summary_large_image","twitter_misc":{"Szacowany czas czytania":"2 minuty"},"schema":{"@context":"https:\/\/schema.org","@graph":[{"@type":"WebPage","@id":"https:\/\/czerwonagora.pl\/index.php\/dzial-programow-lekowych-i-statystyki-medycznej\/","url":"https:\/\/czerwonagora.pl\/index.php\/dzial-programow-lekowych-i-statystyki-medycznej\/","name":"Dzia\u0142 Program\u00f3w Lekowych i Statystyki Medycznej - Wojew\u00f3dzki Szpital Specjalistyczny im. \u015aw. Rafa\u0142a w Czerwonej G\u00f3rze","isPartOf":{"@id":"https:\/\/czerwonagora.pl\/#website"},"primaryImageOfPage":{"@id":"https:\/\/czerwonagora.pl\/index.php\/dzial-programow-lekowych-i-statystyki-medycznej\/#primaryimage"},"image":{"@id":"https:\/\/czerwonagora.pl\/index.php\/dzial-programow-lekowych-i-statystyki-medycznej\/#primaryimage"},"thumbnailUrl":"https:\/\/czerwonagora.pl\/wp-content\/uploads\/2021\/06\/woman_adm-ikona.png","datePublished":"2025-10-20T08:48:01+00:00","dateModified":"2026-02-02T11:34:31+00:00","breadcrumb":{"@id":"https:\/\/czerwonagora.pl\/index.php\/dzial-programow-lekowych-i-statystyki-medycznej\/#breadcrumb"},"inLanguage":"pl-PL","potentialAction":[{"@type":"ReadAction","target":["https:\/\/czerwonagora.pl\/index.php\/dzial-programow-lekowych-i-statystyki-medycznej\/"]}]},{"@type":"ImageObject","inLanguage":"pl-PL","@id":"https:\/\/czerwonagora.pl\/index.php\/dzial-programow-lekowych-i-statystyki-medycznej\/#primaryimage","url":"https:\/\/czerwonagora.pl\/wp-content\/uploads\/2021\/06\/woman_adm-ikona.png","contentUrl":"https:\/\/czerwonagora.pl\/wp-content\/uploads\/2021\/06\/woman_adm-ikona.png","width":180,"height":223,"caption":"t\u0142o koloru zielone z sylwetk\u0105 kobiety ubran\u0105 w ubranie wizytowe koloru niebieskiego"},{"@type":"BreadcrumbList","@id":"https:\/\/czerwonagora.pl\/index.php\/dzial-programow-lekowych-i-statystyki-medycznej\/#breadcrumb","itemListElement":[{"@type":"ListItem","position":1,"name":"Strona g\u0142\u00f3wna","item":"https:\/\/czerwonagora.pl\/"},{"@type":"ListItem","position":2,"name":"Dzia\u0142 Program\u00f3w Lekowych i Statystyki Medycznej"}]},{"@type":"WebSite","@id":"https:\/\/czerwonagora.pl\/#website","url":"https:\/\/czerwonagora.pl\/","name":"Wojew\u00f3dzki Szpital Specjalistyczny im. \u015aw. Rafa\u0142a w Czerwonej G\u00f3rze","description":"Wojew\u00f3dzki Szpital Specjalistyczny im. \u015aw. Rafa\u0142a w Czerwonej G\u00f3rze","publisher":{"@id":"https:\/\/czerwonagora.pl\/#organization"},"potentialAction":[{"@type":"SearchAction","target":{"@type":"EntryPoint","urlTemplate":"https:\/\/czerwonagora.pl\/?s={search_term_string}"},"query-input":{"@type":"PropertyValueSpecification","valueRequired":true,"valueName":"search_term_string"}}],"inLanguage":"pl-PL"},{"@type":"Organization","@id":"https:\/\/czerwonagora.pl\/#organization","name":"Wojew\u00f3dzki Szpital Specjalistyczny im. \u015aw. Rafa\u0142a w Czerwonej G\u00f3rze","url":"https:\/\/czerwonagora.pl\/","logo":{"@type":"ImageObject","inLanguage":"pl-PL","@id":"https:\/\/czerwonagora.pl\/#\/schema\/logo\/image\/","url":"https:\/\/czerwonagora.pl\/wp-content\/uploads\/2021\/06\/Logo-WSS-DUZE-transparentne.png","contentUrl":"https:\/\/czerwonagora.pl\/wp-content\/uploads\/2021\/06\/Logo-WSS-DUZE-transparentne.png","width":4210,"height":2975,"caption":"Wojew\u00f3dzki Szpital Specjalistyczny im. \u015aw. Rafa\u0142a w Czerwonej G\u00f3rze"},"image":{"@id":"https:\/\/czerwonagora.pl\/#\/schema\/logo\/image\/"},"sameAs":["https:\/\/www.facebook.com\/SzpitalCzerwonaGora\/"]}]}},"publishpress_future_action":{"enabled":false,"date":"2026-04-13 05:19:58","action":"change-status","newStatus":"draft","terms":[],"taxonomy":"","extraData":[]},"publishpress_future_workflow_manual_trigger":{"enabledWorkflows":[]},"_links":{"self":[{"href":"https:\/\/czerwonagora.pl\/index.php\/wp-json\/wp\/v2\/pages\/29722","targetHints":{"allow":["GET"]}}],"collection":[{"href":"https:\/\/czerwonagora.pl\/index.php\/wp-json\/wp\/v2\/pages"}],"about":[{"href":"https:\/\/czerwonagora.pl\/index.php\/wp-json\/wp\/v2\/types\/page"}],"author":[{"embeddable":true,"href":"https:\/\/czerwonagora.pl\/index.php\/wp-json\/wp\/v2\/users\/12"}],"replies":[{"embeddable":true,"href":"https:\/\/czerwonagora.pl\/index.php\/wp-json\/wp\/v2\/comments?post=29722"}],"version-history":[{"count":9,"href":"https:\/\/czerwonagora.pl\/index.php\/wp-json\/wp\/v2\/pages\/29722\/revisions"}],"predecessor-version":[{"id":31125,"href":"https:\/\/czerwonagora.pl\/index.php\/wp-json\/wp\/v2\/pages\/29722\/revisions\/31125"}],"wp:attachment":[{"href":"https:\/\/czerwonagora.pl\/index.php\/wp-json\/wp\/v2\/media?parent=29722"}],"curies":[{"name":"wp","href":"https:\/\/api.w.org\/{rel}","templated":true}]}}