{"id":31066,"date":"2026-01-23T13:45:36","date_gmt":"2026-01-23T12:45:36","guid":{"rendered":"https:\/\/czerwonagora.pl\/?page_id=31066"},"modified":"2026-01-23T13:49:25","modified_gmt":"2026-01-23T12:49:25","slug":"informatyzacja-placowek-medycznych-wojewodztwa-swietokrzyskiego-iiinplamed-ii","status":"publish","type":"page","link":"https:\/\/czerwonagora.pl\/index.php\/informatyzacja-placowek-medycznych-wojewodztwa-swietokrzyskiego-iiinplamed-ii\/","title":{"rendered":"&#8222;Informatyzacja Plac\u00f3wek Medycznych Wojew\u00f3dztwa \u015awi\u0119tokrzyskiego \u2013 II&#8221; (InPlaMed-II)"},"content":{"rendered":"\t\t<div data-elementor-type=\"wp-page\" data-elementor-id=\"31066\" class=\"elementor elementor-31066\">\n\t\t\t\t\t\t<section class=\"elementor-section elementor-top-section elementor-element elementor-element-1e63cdc elementor-section-boxed elementor-section-height-default elementor-section-height-default\" data-id=\"1e63cdc\" data-element_type=\"section\" data-e-type=\"section\">\n\t\t\t\t\t\t<div class=\"elementor-container elementor-column-gap-default\">\n\t\t\t\t\t<div class=\"elementor-column elementor-col-100 elementor-top-column elementor-element elementor-element-1e7b28d\" data-id=\"1e7b28d\" data-element_type=\"column\" data-e-type=\"column\">\n\t\t\t<div class=\"elementor-widget-wrap elementor-element-populated\">\n\t\t\t\t\t\t<div class=\"elementor-element elementor-element-4288321 elementor-widget elementor-widget-image\" data-id=\"4288321\" data-element_type=\"widget\" data-e-type=\"widget\" data-widget_type=\"image.default\">\n\t\t\t\t<div class=\"elementor-widget-container\">\n\t\t\t\t\t\t\t\t\t\t\t\t\t\t\t<img fetchpriority=\"high\" decoding=\"async\" width=\"1024\" height=\"79\" src=\"https:\/\/czerwonagora.pl\/wp-content\/uploads\/2026\/01\/logo_projekt-1024x79.png\" class=\"attachment-large size-large wp-image-31064\" alt=\"\" srcset=\"https:\/\/czerwonagora.pl\/wp-content\/uploads\/2026\/01\/logo_projekt-1024x79.png 1024w, https:\/\/czerwonagora.pl\/wp-content\/uploads\/2026\/01\/logo_projekt-300x23.png 300w, https:\/\/czerwonagora.pl\/wp-content\/uploads\/2026\/01\/logo_projekt-768x59.png 768w, https:\/\/czerwonagora.pl\/wp-content\/uploads\/2026\/01\/logo_projekt.png 1384w\" sizes=\"(max-width: 1024px) 100vw, 1024px\" \/>\t\t\t\t\t\t\t\t\t\t\t\t\t\t\t<\/div>\n\t\t\t\t<\/div>\n\t\t\t\t\t<\/div>\n\t\t<\/div>\n\t\t\t\t\t<\/div>\n\t\t<\/section>\n\t\t\t\t<section class=\"elementor-section elementor-top-section elementor-element elementor-element-dca7ffc elementor-section-boxed elementor-section-height-default elementor-section-height-default\" data-id=\"dca7ffc\" data-element_type=\"section\" data-e-type=\"section\">\n\t\t\t\t\t\t<div class=\"elementor-container elementor-column-gap-default\">\n\t\t\t\t\t<div class=\"elementor-column elementor-col-100 elementor-top-column elementor-element elementor-element-c82ce74\" data-id=\"c82ce74\" data-element_type=\"column\" data-e-type=\"column\">\n\t\t\t<div class=\"elementor-widget-wrap elementor-element-populated\">\n\t\t\t\t\t\t<div class=\"elementor-element elementor-element-cab4387 elementor-widget elementor-widget-text-editor\" data-id=\"cab4387\" data-element_type=\"widget\" data-e-type=\"widget\" data-widget_type=\"text-editor.default\">\n\t\t\t\t<div class=\"elementor-widget-container\">\n\t\t\t\t\t\t\t\t\t<p>Wojew\u00f3dztwo \u015awi\u0119tokrzyskie\/Urz\u0105d Marsza\u0142kowski Wojew\u00f3dztwa \u015awi\u0119tokrzyskiego wraz z\u00a0Partnerami \u2013 23 podmiotami leczniczymi (9 podmiot\u00f3w samorz\u0105du wojew\u00f3dztwa \u015bwi\u0119tokrzyskiego oraz 14 powiatowych) uzyska\u0142o dotacj\u0119 z\u00a0Unii Europejskiej na projekt pn.<\/p><p><strong>\u201eInformatyzacja Plac\u00f3wek Medycznych Wojew\u00f3dztwa \u015awi\u0119tokrzyskiego \u2013 II\u201d (InPlaMed-II).<\/strong><\/p><p><strong>Numer Projektu: FESW.01.06-IZ.00-0002\/25<\/strong><\/p><p><strong>Priorytet: 1 \u201eFundusze Europejskie dla konkurencyjnej gospodarki\u201d<\/strong><\/p><p><strong>Dzia\u0142anie: 1.6 \u201eCyfryzacja w sektorze us\u0142ug publicznych\u201d<\/strong><\/p><p><strong>Miejsce realizacji:<\/strong> Wojew\u00f3dztwo \u015awi\u0119tokrzyskie<\/p><p><strong>Okres realizacji Projektu:<\/strong> rozpocz\u0119cie realizacji: 01.01.2023 r.; zako\u0144czenie realizacji: 31.12.2028 r.<\/p><p><strong>Projekt b\u0119dzie realizowany przez: : <\/strong><\/p><ol><li>\u00a0Wojew\u00f3dztwo \u015awi\u0119tokrzyskie , al. IX Wiek\u00f3w Kielc 3; 25-516 Kielce, <strong>Beneficjent\/Partner wiod\u0105cy<\/strong>;<\/li><li>\u00a0Regionalne Centrum Naukowo \u2013 Technologiczne, Podzamcze 45, 26-060 Ch\u0119ciny, Realizator;<\/li><li>Wojew\u00f3dzki Szpital Zespolony w\u00a0Kielcach, ul. Grunwaldzka 45, 25-736 Kielce, Partner Projektu;<\/li><li>\u015awi\u0119tokrzyskie Centrum Onkologii Samodzielny Publiczny Zak\u0142ad Opieki Zdrowotnej w\u00a0Kielcach, ul. Artwi\u0144skiego 3, 25-734 Kielce, Partner Projektu;<\/li><li><strong>Wojew\u00f3dzki Szpital Specjalistyczny im. \u015bw. Rafa\u0142a w\u00a0Czerwonej G\u00f3rze, ul. Czerwona G\u00f3ra 10; 26-060 Ch\u0119ciny,<\/strong> Partner Projektu<strong> ;<\/strong><\/li><li>\u015awi\u0119tokrzyskie Centrum Rehabilitacji w\u00a0Czarnieckiej G\u00f3rze, Czarniecka G\u00f3ra 43; 26-220 St\u0105pork\u00f3w, Partner Projektu, ;<\/li><li>\u015awi\u0119tokrzyskie Centrum Psychiatrii w\u00a0Morawicy, ul. Spacerowa 5, 26-026 Morawica;<\/li><li>Wojew\u00f3dzki O\u015brodek Medycyny Pracy w\u00a0Kielcach, ul. Karola Olszewskiego 2A, 25-663 Kielce, Partner Projektu;<\/li><li>\u015awi\u0119tokrzyskie Centrum Ratownictwa Medycznego I\u00a0Transportu Sanitarnego w\u00a0Kielcach, \u015aw. Leonarda 10, 25-311 Kielce, Partner Projektu;<\/li><li>\u201eUzdrowisko Busko-Zdr\u00f3j\u201d Sp\u00f3\u0142ka Akcyjna; ul. F. Rzewuskiego 1, 28-100 Busko\u2013Zdr\u00f3j, Partner Projektu ;<\/li><li>Zesp\u00f3\u0142 Opieki Zdrowotnej w\u00a0Busku \u2013 Zdroju, ul. Bohater\u00f3w Warszawy 67, 28-100 Busko-Zdr\u00f3j, Partner Projektu;<\/li><li>Szpital Specjalistyczny Ducha \u015awi\u0119tego w\u00a0Sandomierzu, ul. dr Zygmunta Schinzla 13, 27\u2011600 Sandomierz, Partner Projektu;<\/li><li>Zesp\u00f3\u0142 Opieki Zdrowotnej w\u00a0Ko\u0144skich, ul. Gimnazjalna 41 B, 26-200 Ko\u0144skie;<\/li><li>Szpital Powiatowy w\u00a0Chmielniku, ul. Kielecka nr 1-3, 26-020 Chmielnik, Partner Projektu;<\/li><li>Szpital \u015bw. Leona w\u00a0Opatowie Sp. z\u00a0o.o., ul. Szpitalna 4, 27-500 Opat\u00f3w, Partner Projektu;<\/li><li>Wielospecjalistyczny Szpital w\u00a0Ostrowcu \u015awi\u0119tokrzyskim, ul. K. Szymanowskiego 11, 27 -400 Ostrowiec \u015awi\u0119tokrzyski, Partner Projektu;<\/li><li>Samodzielny Publiczny Zesp\u00f3\u0142 Zak\u0142ad\u00f3w Opieki Zdrowotnej w\u00a0Staszowie, ul. 11-go Listopada\u00a078, 28-200 Stasz\u00f3w, Partner Projektu;<\/li><li>Samodzielny Publiczny\u00a0 Zesp\u00f3\u0142\u00a0 Opieki\u00a0 Zdrowotnej w\u00a0Kazimierzy Wielkiej, ul. Partyzant\u00f3w 12, 28-500 Kazimierza Wielka, Partner Projektu ;<\/li><li>Zesp\u00f3\u0142 Opieki Zdrowotnej w\u00a0Skar\u017cysku \u2013 Kamiennej, Szpital Powiatowy im. Marii Sk\u0142odowskiej-Curie, ul. Szpitalna 1, 26-110 Skar\u017cysko-Kamienna, Partner Projektu;<\/li><li>Powiatowy Zak\u0142ad Opieki Zdrowotnej w\u00a0Starachowicach, ul. Batalion\u00f3w Ch\u0142opskich 6, 27\u2011200\u00a0Starachowice, Partner Projektu;<\/li><li>\u015awi\u0119tokrzyskie Centrum Matki i\u00a0Noworodka Szpital Specjalistyczny w\u00a0Kielcach, ul. Prosta 30, 25-371 Kielce, Partner Projektu;<\/li><li>Powiatowe Centrum Us\u0142ug Medycznych w\u00a0Kielcach, ul. \u017belazna 35, 25-014 Kielce, Partner Projektu ;<\/li><li>Zesp\u00f3\u0142 Opieki Zdrowotnej we W\u0142oszczowie \u2013 Szpital Powiatowy im. Jana Paw\u0142a II, \u017beromskiego 28, 29-100 W\u0142oszczowa, Partner Projektu ;<\/li><li>Zesp\u00f3\u0142 Opieki Zdrowotnej w\u00a0Pi\u0144czowie, ul. Armii Krajowej 22, 28-400 Pi\u0144cz\u00f3w, Partner Projektu.<\/li><\/ol><p><strong>\u00a0<\/strong><\/p><p><strong>Cel Projektu:<\/strong><\/p><p>G\u0142\u00f3wnym celem projektu jest wzrost interoperacyjno\u015bci i kompatybilno\u015bci system\u00f3w informatycznych, poprawa dost\u0119pno\u015bci, bezpiecze\u0144stwa i jako\u015bci e-us\u0142ug zdrowotnych oraz rozw\u00f3j robotyki i telemedycyny w podmiotach leczniczych z terenu wojew\u00f3dztwa \u015bwi\u0119tokrzyskiego. Projekt zosta\u0142 zaplanowany do realizacji w ramach programu regionalnego Fundusze Europejskie dla \u015awi\u0119tokrzyskiego 2021-2027 (FE\u015a 2021-2027).<\/p><p><strong>Grupy docelowe:<\/strong><\/p><p>Mieszka\u0144cy wojew\u00f3dztwa \u015bwi\u0119tokrzyskiego, w tym kadra medyczna, m.in.: lekarze, diagno\u015bci laboratoryjni i\u00a0obrazowi, fizjoterapeuci, piel\u0119gniarki, ratownicy medyczni.<\/p><p><strong>Efekty Projektu: <\/strong><\/p><p><strong>W<\/strong>\u0142\u0105czenie si\u0119 Partner\u00f3w do uruchomianych lub\u00a0planowanych do uruchomienia przez Ministerstwo Zdrowia e-us\u0142ug realizowanych na poziomie centralnym.<\/p><p><strong>Warto\u015b\u0107 projektu: <\/strong><\/p><ul><li>Warto\u015b\u0107 og\u00f3\u0142em: 128 596 607,32 PLN<\/li><li>Wydatki kwalifikowane: 110 482 437,32 PLN<\/li><li>Wydatki niekwalifikowane: 18\u00a0114\u00a0170,00 PLN<\/li><li>Wk\u0142ad UE: 93 910 071,37 PLN<\/li><\/ul><p><strong>W tym dla <\/strong><strong>Wojew\u00f3dzkiego<\/strong> Szpitala Specjalistycznego im. \u015aw. Rafa\u0142a w Czerwonej G\u00f3rze:<\/p><p>&#8211; Warto\u015b\u0107 og\u00f3\u0142em partnera: 7 901 844,80 PLN<\/p><p>&#8211; Wydatki kwalifikowane: 7 280 469,70 PLN<\/p><p>&#8211; Wk\u0142ad UE: 6 188 399,22 PLN<\/p><p>&#8211; Wk\u0142ad w\u0142asny ca\u0142kowity: 1\u00a0713\u00a0445,58, w tym:<\/p><p>&#8211; dofinansowanie wydatk\u00f3w kwalifikowanych z bud\u017cetu wojew\u00f3dztwa \u015bwi\u0119tokrzyskiego: 928\u00a0259,00 PLN<\/p><p>&#8211; dofinansowanie wydatk\u00f3w niekwalifikowanych z bud\u017cetu wojew\u00f3dztwa \u015bwi\u0119tokrzyskiego: 528\u00a0168,00 PLN<\/p><p>&#8211; wk\u0142ad w\u0142asny wydatki kwalifikowane: 163\u00a0811,48 PLN<\/p><p>&#8211; wk\u0142ad w\u0142asny wydatki niekwalifikowane: 93\u00a0207,10 PLN<\/p><p><strong>Kr\u00f3tki opis: <\/strong><\/p><p>Projekt zak\u0142ada wdro\u017cenie kompleksowego systemu Elektronicznej Dokumentacji Medycznej (EDM) w plac\u00f3wkach medycznych wojew\u00f3dztwa \u015bwi\u0119tokrzyskiego. Obejmuje on rozbudow\u0119 system\u00f3w szpitalnych poprzez digitalizacj\u0119 dokumentacji, wdro\u017cenie rozwi\u0105za\u0144 telemedycznych, zwi\u0119kszenie bezpiecze\u0144stwa danych oraz wykorzystanie sztucznej inteligencji w analizie obraz\u00f3w diagnostycznych. Dodatkowo projekt przewiduje popraw\u0119 zarz\u0105dzania infrastruktur\u0105 dzi\u0119ki systemowi BMS oraz wdro\u017cenie systemu kolejkowego usprawniaj\u0105cego obs\u0142ug\u0119 pacjent\u00f3w.<\/p><p>Realizacja projektu przyczyni si\u0119 do skr\u00f3cenia czasu obs\u0142ugi pacjent\u00f3w, poprawy jako\u015bci \u00a0\u00a0\u00a0\u00a0\u00a0\u00a0\u00a0\u00a0\u00a0\u00a0\u00a0\u00a0\u00a0\u00a0\u00a0\u00a0\u00a0\u00a0\u00a0\u00a0\u00a0\u00a0\u00a0i dost\u0119pno\u015bci \u015bwiadcze\u0144 zdrowotnych oraz lepszej organizacji pracy personelu medycznego. Projekt zapewni zgodno\u015b\u0107 z obowi\u0105zuj\u0105cymi regulacjami i wytycznymi Centrum e-Zdrowia, \u00a0\u00a0\u00a0\u00a0\u00a0\u00a0\u00a0\u00a0\u00a0\u00a0\u00a0\u00a0\u00a0\u00a0\u00a0\u00a0a tak\u017ce umo\u017cliwi efektywniejsze zarz\u0105dzanie zasobami i infrastruktur\u0105 plac\u00f3wek, przynosz\u0105c korzy\u015bci zar\u00f3wno pacjentom, jak i pracownikom ochrony zdrowia.<\/p><p>Wszelkie dzia\u0142ania b\u0119d\u0105 przeprowadzane zgodnie z przepisami antydyskryminacyjnymi, kt\u00f3rych efekty s\u0105 dost\u0119pne na jednakowych zasadach dla wszystkich os\u00f3b, niezale\u017cnie od cech osobowo\u015bciowych, stopnia niepe\u0142nosprawno\u015bci czy innych czynnik\u00f3w mog\u0105cych prowadzi\u0107 do nier\u00f3wnego traktowania. Jednocze\u015bnie realizacja projektu jest zgodna z zasad\u0105 DNSH oraz z zasad\u0105 d\u0142ugotrwa\u0142ego wp\u0142ywu na wydajno\u015b\u0107 i odporno\u015b\u0107 gospodarki polskiej, wykorzystuj\u0105c energooszcz\u0119dne i przyjazne \u015brodowisku materia\u0142y i technologie.<\/p><p>#FunduszeEuropejskie<\/p>\t\t\t\t\t\t\t\t<\/div>\n\t\t\t\t<\/div>\n\t\t\t\t\t<\/div>\n\t\t<\/div>\n\t\t\t\t\t<\/div>\n\t\t<\/section>\n\t\t\t\t<\/div>\n\t\t","protected":false},"excerpt":{"rendered":"<p>Wojew\u00f3dztwo \u015awi\u0119tokrzyskie\/Urz\u0105d Marsza\u0142kowski Wojew\u00f3dztwa \u015awi\u0119tokrzyskiego wraz z\u00a0Partnerami \u2013 23 podmiotami leczniczymi (9 podmiot\u00f3w samorz\u0105du wojew\u00f3dztwa \u015bwi\u0119tokrzyskiego oraz 14 powiatowych) uzyska\u0142o dotacj\u0119 z\u00a0Unii Europejskiej na projekt pn. \u201eInformatyzacja Plac\u00f3wek Medycznych Wojew\u00f3dztwa \u015awi\u0119tokrzyskiego \u2013 II\u201d (InPlaMed-II). Numer Projektu: FESW.01.06-IZ.00-0002\/25 Priorytet: 1 \u201eFundusze Europejskie dla konkurencyjnej gospodarki\u201d Dzia\u0142anie: 1.6 \u201eCyfryzacja w sektorze us\u0142ug publicznych\u201d Miejsce realizacji: Wojew\u00f3dztwo \u015awi\u0119tokrzyskie [&hellip;]<\/p>\n","protected":false},"author":12,"featured_media":0,"parent":0,"menu_order":0,"comment_status":"closed","ping_status":"closed","template":"","meta":{"zakra_page_container_layout":"customizer","zakra_page_sidebar_layout":"customizer","zakra_remove_content_margin":false,"zakra_sidebar":"customizer","zakra_transparent_header":"customizer","zakra_logo":0,"zakra_main_header_style":"default","zakra_menu_item_color":"","zakra_menu_item_hover_color":"","zakra_menu_item_active_color":"","zakra_menu_active_style":"","zakra_page_header":true,"footnotes":""},"class_list":["post-31066","page","type-page","status-publish","hentry"],"yoast_head":"<!-- This site is optimized with the Yoast SEO plugin v27.3 - https:\/\/yoast.com\/product\/yoast-seo-wordpress\/ -->\n<title>&quot;Informatyzacja Plac\u00f3wek Medycznych Wojew\u00f3dztwa \u015awi\u0119tokrzyskiego \u2013 II&quot; (InPlaMed-II) - Wojew\u00f3dzki Szpital Specjalistyczny im. \u015aw. Rafa\u0142a w Czerwonej G\u00f3rze<\/title>\n<meta name=\"robots\" content=\"index, follow, max-snippet:-1, max-image-preview:large, max-video-preview:-1\" \/>\n<link rel=\"canonical\" href=\"https:\/\/czerwonagora.pl\/index.php\/informatyzacja-placowek-medycznych-wojewodztwa-swietokrzyskiego-iiinplamed-ii\/\" \/>\n<meta property=\"og:locale\" content=\"pl_PL\" \/>\n<meta property=\"og:type\" content=\"article\" \/>\n<meta property=\"og:title\" content=\"&quot;Informatyzacja Plac\u00f3wek Medycznych Wojew\u00f3dztwa \u015awi\u0119tokrzyskiego \u2013 II&quot; (InPlaMed-II) - Wojew\u00f3dzki Szpital Specjalistyczny im. \u015aw. Rafa\u0142a w Czerwonej G\u00f3rze\" \/>\n<meta property=\"og:description\" content=\"Wojew\u00f3dztwo \u015awi\u0119tokrzyskie\/Urz\u0105d Marsza\u0142kowski Wojew\u00f3dztwa \u015awi\u0119tokrzyskiego wraz z\u00a0Partnerami \u2013 23 podmiotami leczniczymi (9 podmiot\u00f3w samorz\u0105du wojew\u00f3dztwa \u015bwi\u0119tokrzyskiego oraz 14 powiatowych) uzyska\u0142o dotacj\u0119 z\u00a0Unii Europejskiej na projekt pn. \u201eInformatyzacja Plac\u00f3wek Medycznych Wojew\u00f3dztwa \u015awi\u0119tokrzyskiego \u2013 II\u201d (InPlaMed-II). Numer Projektu: FESW.01.06-IZ.00-0002\/25 Priorytet: 1 \u201eFundusze Europejskie dla konkurencyjnej gospodarki\u201d Dzia\u0142anie: 1.6 \u201eCyfryzacja w sektorze us\u0142ug publicznych\u201d Miejsce realizacji: Wojew\u00f3dztwo \u015awi\u0119tokrzyskie [&hellip;]\" \/>\n<meta property=\"og:url\" content=\"https:\/\/czerwonagora.pl\/index.php\/informatyzacja-placowek-medycznych-wojewodztwa-swietokrzyskiego-iiinplamed-ii\/\" \/>\n<meta property=\"og:site_name\" content=\"Wojew\u00f3dzki Szpital Specjalistyczny im. \u015aw. Rafa\u0142a w Czerwonej G\u00f3rze\" \/>\n<meta property=\"article:publisher\" content=\"https:\/\/www.facebook.com\/SzpitalCzerwonaGora\/\" \/>\n<meta property=\"article:modified_time\" content=\"2026-01-23T12:49:25+00:00\" \/>\n<meta property=\"og:image\" content=\"https:\/\/czerwonagora.pl\/wp-content\/uploads\/2026\/01\/logo_projekt-1024x79.png\" \/>\n<meta name=\"twitter:card\" content=\"summary_large_image\" \/>\n<meta name=\"twitter:label1\" content=\"Szacowany czas czytania\" \/>\n\t<meta name=\"twitter:data1\" content=\"5 minut\" \/>\n<script type=\"application\/ld+json\" class=\"yoast-schema-graph\">{\"@context\":\"https:\\\/\\\/schema.org\",\"@graph\":[{\"@type\":\"WebPage\",\"@id\":\"https:\\\/\\\/czerwonagora.pl\\\/index.php\\\/informatyzacja-placowek-medycznych-wojewodztwa-swietokrzyskiego-iiinplamed-ii\\\/\",\"url\":\"https:\\\/\\\/czerwonagora.pl\\\/index.php\\\/informatyzacja-placowek-medycznych-wojewodztwa-swietokrzyskiego-iiinplamed-ii\\\/\",\"name\":\"\\\"Informatyzacja Plac\u00f3wek Medycznych Wojew\u00f3dztwa \u015awi\u0119tokrzyskiego \u2013 II\\\" (InPlaMed-II) - Wojew\u00f3dzki Szpital Specjalistyczny im. \u015aw. Rafa\u0142a w Czerwonej G\u00f3rze\",\"isPartOf\":{\"@id\":\"https:\\\/\\\/czerwonagora.pl\\\/#website\"},\"primaryImageOfPage\":{\"@id\":\"https:\\\/\\\/czerwonagora.pl\\\/index.php\\\/informatyzacja-placowek-medycznych-wojewodztwa-swietokrzyskiego-iiinplamed-ii\\\/#primaryimage\"},\"image\":{\"@id\":\"https:\\\/\\\/czerwonagora.pl\\\/index.php\\\/informatyzacja-placowek-medycznych-wojewodztwa-swietokrzyskiego-iiinplamed-ii\\\/#primaryimage\"},\"thumbnailUrl\":\"https:\\\/\\\/czerwonagora.pl\\\/wp-content\\\/uploads\\\/2026\\\/01\\\/logo_projekt-1024x79.png\",\"datePublished\":\"2026-01-23T12:45:36+00:00\",\"dateModified\":\"2026-01-23T12:49:25+00:00\",\"breadcrumb\":{\"@id\":\"https:\\\/\\\/czerwonagora.pl\\\/index.php\\\/informatyzacja-placowek-medycznych-wojewodztwa-swietokrzyskiego-iiinplamed-ii\\\/#breadcrumb\"},\"inLanguage\":\"pl-PL\",\"potentialAction\":[{\"@type\":\"ReadAction\",\"target\":[\"https:\\\/\\\/czerwonagora.pl\\\/index.php\\\/informatyzacja-placowek-medycznych-wojewodztwa-swietokrzyskiego-iiinplamed-ii\\\/\"]}]},{\"@type\":\"ImageObject\",\"inLanguage\":\"pl-PL\",\"@id\":\"https:\\\/\\\/czerwonagora.pl\\\/index.php\\\/informatyzacja-placowek-medycznych-wojewodztwa-swietokrzyskiego-iiinplamed-ii\\\/#primaryimage\",\"url\":\"https:\\\/\\\/czerwonagora.pl\\\/wp-content\\\/uploads\\\/2026\\\/01\\\/logo_projekt.png\",\"contentUrl\":\"https:\\\/\\\/czerwonagora.pl\\\/wp-content\\\/uploads\\\/2026\\\/01\\\/logo_projekt.png\",\"width\":1384,\"height\":107},{\"@type\":\"BreadcrumbList\",\"@id\":\"https:\\\/\\\/czerwonagora.pl\\\/index.php\\\/informatyzacja-placowek-medycznych-wojewodztwa-swietokrzyskiego-iiinplamed-ii\\\/#breadcrumb\",\"itemListElement\":[{\"@type\":\"ListItem\",\"position\":1,\"name\":\"Strona g\u0142\u00f3wna\",\"item\":\"https:\\\/\\\/czerwonagora.pl\\\/\"},{\"@type\":\"ListItem\",\"position\":2,\"name\":\"&#8222;Informatyzacja Plac\u00f3wek Medycznych Wojew\u00f3dztwa \u015awi\u0119tokrzyskiego \u2013 II&#8221; (InPlaMed-II)\"}]},{\"@type\":\"WebSite\",\"@id\":\"https:\\\/\\\/czerwonagora.pl\\\/#website\",\"url\":\"https:\\\/\\\/czerwonagora.pl\\\/\",\"name\":\"Wojew\u00f3dzki Szpital Specjalistyczny im. \u015aw. Rafa\u0142a w Czerwonej G\u00f3rze\",\"description\":\"Wojew\u00f3dzki Szpital Specjalistyczny im. \u015aw. Rafa\u0142a w Czerwonej G\u00f3rze\",\"publisher\":{\"@id\":\"https:\\\/\\\/czerwonagora.pl\\\/#organization\"},\"potentialAction\":[{\"@type\":\"SearchAction\",\"target\":{\"@type\":\"EntryPoint\",\"urlTemplate\":\"https:\\\/\\\/czerwonagora.pl\\\/?s={search_term_string}\"},\"query-input\":{\"@type\":\"PropertyValueSpecification\",\"valueRequired\":true,\"valueName\":\"search_term_string\"}}],\"inLanguage\":\"pl-PL\"},{\"@type\":\"Organization\",\"@id\":\"https:\\\/\\\/czerwonagora.pl\\\/#organization\",\"name\":\"Wojew\u00f3dzki Szpital Specjalistyczny im. \u015aw. Rafa\u0142a w Czerwonej G\u00f3rze\",\"url\":\"https:\\\/\\\/czerwonagora.pl\\\/\",\"logo\":{\"@type\":\"ImageObject\",\"inLanguage\":\"pl-PL\",\"@id\":\"https:\\\/\\\/czerwonagora.pl\\\/#\\\/schema\\\/logo\\\/image\\\/\",\"url\":\"https:\\\/\\\/czerwonagora.pl\\\/wp-content\\\/uploads\\\/2021\\\/06\\\/Logo-WSS-DUZE-transparentne.png\",\"contentUrl\":\"https:\\\/\\\/czerwonagora.pl\\\/wp-content\\\/uploads\\\/2021\\\/06\\\/Logo-WSS-DUZE-transparentne.png\",\"width\":4210,\"height\":2975,\"caption\":\"Wojew\u00f3dzki Szpital Specjalistyczny im. \u015aw. Rafa\u0142a w Czerwonej G\u00f3rze\"},\"image\":{\"@id\":\"https:\\\/\\\/czerwonagora.pl\\\/#\\\/schema\\\/logo\\\/image\\\/\"},\"sameAs\":[\"https:\\\/\\\/www.facebook.com\\\/SzpitalCzerwonaGora\\\/\"]}]}<\/script>\n<!-- \/ Yoast SEO plugin. -->","yoast_head_json":{"title":"\"Informatyzacja Plac\u00f3wek Medycznych Wojew\u00f3dztwa \u015awi\u0119tokrzyskiego \u2013 II\" (InPlaMed-II) - Wojew\u00f3dzki Szpital Specjalistyczny im. \u015aw. Rafa\u0142a w Czerwonej G\u00f3rze","robots":{"index":"index","follow":"follow","max-snippet":"max-snippet:-1","max-image-preview":"max-image-preview:large","max-video-preview":"max-video-preview:-1"},"canonical":"https:\/\/czerwonagora.pl\/index.php\/informatyzacja-placowek-medycznych-wojewodztwa-swietokrzyskiego-iiinplamed-ii\/","og_locale":"pl_PL","og_type":"article","og_title":"\"Informatyzacja Plac\u00f3wek Medycznych Wojew\u00f3dztwa \u015awi\u0119tokrzyskiego \u2013 II\" (InPlaMed-II) - Wojew\u00f3dzki Szpital Specjalistyczny im. \u015aw. Rafa\u0142a w Czerwonej G\u00f3rze","og_description":"Wojew\u00f3dztwo \u015awi\u0119tokrzyskie\/Urz\u0105d Marsza\u0142kowski Wojew\u00f3dztwa \u015awi\u0119tokrzyskiego wraz z\u00a0Partnerami \u2013 23 podmiotami leczniczymi (9 podmiot\u00f3w samorz\u0105du wojew\u00f3dztwa \u015bwi\u0119tokrzyskiego oraz 14 powiatowych) uzyska\u0142o dotacj\u0119 z\u00a0Unii Europejskiej na projekt pn. \u201eInformatyzacja Plac\u00f3wek Medycznych Wojew\u00f3dztwa \u015awi\u0119tokrzyskiego \u2013 II\u201d (InPlaMed-II). Numer Projektu: FESW.01.06-IZ.00-0002\/25 Priorytet: 1 \u201eFundusze Europejskie dla konkurencyjnej gospodarki\u201d Dzia\u0142anie: 1.6 \u201eCyfryzacja w sektorze us\u0142ug publicznych\u201d Miejsce realizacji: Wojew\u00f3dztwo \u015awi\u0119tokrzyskie [&hellip;]","og_url":"https:\/\/czerwonagora.pl\/index.php\/informatyzacja-placowek-medycznych-wojewodztwa-swietokrzyskiego-iiinplamed-ii\/","og_site_name":"Wojew\u00f3dzki Szpital Specjalistyczny im. \u015aw. Rafa\u0142a w Czerwonej G\u00f3rze","article_publisher":"https:\/\/www.facebook.com\/SzpitalCzerwonaGora\/","article_modified_time":"2026-01-23T12:49:25+00:00","og_image":[{"url":"https:\/\/czerwonagora.pl\/wp-content\/uploads\/2026\/01\/logo_projekt-1024x79.png","type":"","width":"","height":""}],"twitter_card":"summary_large_image","twitter_misc":{"Szacowany czas czytania":"5 minut"},"schema":{"@context":"https:\/\/schema.org","@graph":[{"@type":"WebPage","@id":"https:\/\/czerwonagora.pl\/index.php\/informatyzacja-placowek-medycznych-wojewodztwa-swietokrzyskiego-iiinplamed-ii\/","url":"https:\/\/czerwonagora.pl\/index.php\/informatyzacja-placowek-medycznych-wojewodztwa-swietokrzyskiego-iiinplamed-ii\/","name":"\"Informatyzacja Plac\u00f3wek Medycznych Wojew\u00f3dztwa \u015awi\u0119tokrzyskiego \u2013 II\" (InPlaMed-II) - Wojew\u00f3dzki Szpital Specjalistyczny im. \u015aw. Rafa\u0142a w Czerwonej G\u00f3rze","isPartOf":{"@id":"https:\/\/czerwonagora.pl\/#website"},"primaryImageOfPage":{"@id":"https:\/\/czerwonagora.pl\/index.php\/informatyzacja-placowek-medycznych-wojewodztwa-swietokrzyskiego-iiinplamed-ii\/#primaryimage"},"image":{"@id":"https:\/\/czerwonagora.pl\/index.php\/informatyzacja-placowek-medycznych-wojewodztwa-swietokrzyskiego-iiinplamed-ii\/#primaryimage"},"thumbnailUrl":"https:\/\/czerwonagora.pl\/wp-content\/uploads\/2026\/01\/logo_projekt-1024x79.png","datePublished":"2026-01-23T12:45:36+00:00","dateModified":"2026-01-23T12:49:25+00:00","breadcrumb":{"@id":"https:\/\/czerwonagora.pl\/index.php\/informatyzacja-placowek-medycznych-wojewodztwa-swietokrzyskiego-iiinplamed-ii\/#breadcrumb"},"inLanguage":"pl-PL","potentialAction":[{"@type":"ReadAction","target":["https:\/\/czerwonagora.pl\/index.php\/informatyzacja-placowek-medycznych-wojewodztwa-swietokrzyskiego-iiinplamed-ii\/"]}]},{"@type":"ImageObject","inLanguage":"pl-PL","@id":"https:\/\/czerwonagora.pl\/index.php\/informatyzacja-placowek-medycznych-wojewodztwa-swietokrzyskiego-iiinplamed-ii\/#primaryimage","url":"https:\/\/czerwonagora.pl\/wp-content\/uploads\/2026\/01\/logo_projekt.png","contentUrl":"https:\/\/czerwonagora.pl\/wp-content\/uploads\/2026\/01\/logo_projekt.png","width":1384,"height":107},{"@type":"BreadcrumbList","@id":"https:\/\/czerwonagora.pl\/index.php\/informatyzacja-placowek-medycznych-wojewodztwa-swietokrzyskiego-iiinplamed-ii\/#breadcrumb","itemListElement":[{"@type":"ListItem","position":1,"name":"Strona g\u0142\u00f3wna","item":"https:\/\/czerwonagora.pl\/"},{"@type":"ListItem","position":2,"name":"&#8222;Informatyzacja Plac\u00f3wek Medycznych Wojew\u00f3dztwa \u015awi\u0119tokrzyskiego \u2013 II&#8221; (InPlaMed-II)"}]},{"@type":"WebSite","@id":"https:\/\/czerwonagora.pl\/#website","url":"https:\/\/czerwonagora.pl\/","name":"Wojew\u00f3dzki Szpital Specjalistyczny im. \u015aw. Rafa\u0142a w Czerwonej G\u00f3rze","description":"Wojew\u00f3dzki Szpital Specjalistyczny im. \u015aw. Rafa\u0142a w Czerwonej G\u00f3rze","publisher":{"@id":"https:\/\/czerwonagora.pl\/#organization"},"potentialAction":[{"@type":"SearchAction","target":{"@type":"EntryPoint","urlTemplate":"https:\/\/czerwonagora.pl\/?s={search_term_string}"},"query-input":{"@type":"PropertyValueSpecification","valueRequired":true,"valueName":"search_term_string"}}],"inLanguage":"pl-PL"},{"@type":"Organization","@id":"https:\/\/czerwonagora.pl\/#organization","name":"Wojew\u00f3dzki Szpital Specjalistyczny im. \u015aw. Rafa\u0142a w Czerwonej G\u00f3rze","url":"https:\/\/czerwonagora.pl\/","logo":{"@type":"ImageObject","inLanguage":"pl-PL","@id":"https:\/\/czerwonagora.pl\/#\/schema\/logo\/image\/","url":"https:\/\/czerwonagora.pl\/wp-content\/uploads\/2021\/06\/Logo-WSS-DUZE-transparentne.png","contentUrl":"https:\/\/czerwonagora.pl\/wp-content\/uploads\/2021\/06\/Logo-WSS-DUZE-transparentne.png","width":4210,"height":2975,"caption":"Wojew\u00f3dzki Szpital Specjalistyczny im. \u015aw. Rafa\u0142a w Czerwonej G\u00f3rze"},"image":{"@id":"https:\/\/czerwonagora.pl\/#\/schema\/logo\/image\/"},"sameAs":["https:\/\/www.facebook.com\/SzpitalCzerwonaGora\/"]}]}},"publishpress_future_action":{"enabled":false,"date":"2026-04-15 05:38:05","action":"change-status","newStatus":"draft","terms":[],"taxonomy":"","extraData":[]},"publishpress_future_workflow_manual_trigger":{"enabledWorkflows":[]},"_links":{"self":[{"href":"https:\/\/czerwonagora.pl\/index.php\/wp-json\/wp\/v2\/pages\/31066","targetHints":{"allow":["GET"]}}],"collection":[{"href":"https:\/\/czerwonagora.pl\/index.php\/wp-json\/wp\/v2\/pages"}],"about":[{"href":"https:\/\/czerwonagora.pl\/index.php\/wp-json\/wp\/v2\/types\/page"}],"author":[{"embeddable":true,"href":"https:\/\/czerwonagora.pl\/index.php\/wp-json\/wp\/v2\/users\/12"}],"replies":[{"embeddable":true,"href":"https:\/\/czerwonagora.pl\/index.php\/wp-json\/wp\/v2\/comments?post=31066"}],"version-history":[{"count":6,"href":"https:\/\/czerwonagora.pl\/index.php\/wp-json\/wp\/v2\/pages\/31066\/revisions"}],"predecessor-version":[{"id":31072,"href":"https:\/\/czerwonagora.pl\/index.php\/wp-json\/wp\/v2\/pages\/31066\/revisions\/31072"}],"wp:attachment":[{"href":"https:\/\/czerwonagora.pl\/index.php\/wp-json\/wp\/v2\/media?parent=31066"}],"curies":[{"name":"wp","href":"https:\/\/api.w.org\/{rel}","templated":true}]}}