{"id":31255,"date":"2026-02-25T09:28:04","date_gmt":"2026-02-25T08:28:04","guid":{"rendered":"https:\/\/czerwonagora.pl\/?page_id=31255"},"modified":"2026-03-13T11:38:10","modified_gmt":"2026-03-13T10:38:10","slug":"poradnia-hematologii","status":"publish","type":"page","link":"https:\/\/czerwonagora.pl\/index.php\/poradnia-hematologii\/","title":{"rendered":"Poradnia Hematologiczna"},"content":{"rendered":"\t\t<div data-elementor-type=\"wp-page\" data-elementor-id=\"31255\" class=\"elementor elementor-31255\">\n\t\t\t\t\t\t<section class=\"elementor-section elementor-top-section elementor-element elementor-element-a8718be elementor-section-stretched elementor-section-boxed elementor-section-height-default elementor-section-height-default\" data-id=\"a8718be\" data-element_type=\"section\" data-e-type=\"section\" data-settings=\"{&quot;stretch_section&quot;:&quot;section-stretched&quot;}\">\n\t\t\t\t\t\t<div class=\"elementor-container elementor-column-gap-default\">\n\t\t\t\t\t<div class=\"elementor-column elementor-col-66 elementor-top-column elementor-element elementor-element-ff63494\" data-id=\"ff63494\" data-element_type=\"column\" data-e-type=\"column\">\n\t\t\t<div class=\"elementor-widget-wrap elementor-element-populated\">\n\t\t\t\t\t\t<div class=\"elementor-element elementor-element-31c87e4 elementor-position-inline-start elementor-view-default elementor-mobile-position-block-start elementor-widget elementor-widget-icon-box\" data-id=\"31c87e4\" data-element_type=\"widget\" data-e-type=\"widget\" data-widget_type=\"icon-box.default\">\n\t\t\t\t<div class=\"elementor-widget-container\">\n\t\t\t\t\t\t\t<div class=\"elementor-icon-box-wrapper\">\n\n\t\t\t\t\t\t<div class=\"elementor-icon-box-icon\">\n\t\t\t\t<span  class=\"elementor-icon\">\n\t\t\t\t<svg xmlns=\"http:\/\/www.w3.org\/2000\/svg\" id=\"f7a7fb4f-281c-42ae-8428-432582ea47cb\" data-name=\"Layer 1\" width=\"38.9622\" height=\"56.0984\" viewBox=\"0 0 38.9622 56.0984\"><path d=\"M31.2146,31.5151a7.7707,7.7707,0,0,0-1.55,15.3806l.5069.1036v.6879a7.3384,7.3384,0,1,1-14.6768,0v-17.47l.5636-.0629A14.4985,14.4985,0,0,0,28.9049,15.7534V5.4449A4.4061,4.4061,0,0,0,24.51,1.0379H20.1146v2.091H24.51a2.3155,2.3155,0,0,1,2.31,2.316V15.7534a12.3671,12.3671,0,1,1-24.7341,0V5.4449a2.3154,2.3154,0,0,1,2.31-2.316H8.79V1.0379H4.3951A4.406,4.406,0,0,0,0,5.4449V15.7534A14.4983,14.4983,0,0,0,12.8461,30.1546l.5636.0629v17.47a9.4238,9.4238,0,1,0,18.8476,0v-.6879l.507-.1036a7.7707,7.7707,0,0,0-1.55-15.3806Zm0,13.4458a5.6774,5.6774,0,1,1,5.6622-5.6773A5.6762,5.6762,0,0,1,31.2146,44.9609Z\" transform=\"translate(0 -1.0379)\" style=\"fill-rule:evenodd\"><\/path><rect x=\"30\" y=\"36.9621\" width=\"2\" height=\"2\"><\/rect><\/svg>\t\t\t\t<\/span>\n\t\t\t<\/div>\n\t\t\t\n\t\t\t\t\t\t<div class=\"elementor-icon-box-content\">\n\n\t\t\t\t\t\t\t\t\t<h3 class=\"elementor-icon-box-title\">\n\t\t\t\t\t\t<span  >\n\t\t\t\t\t\t\tPoradnia Hematologiczna\t\t\t\t\t\t<\/span>\n\t\t\t\t\t<\/h3>\n\t\t\t\t\n\t\t\t\t\t\t\t\t\t<p class=\"elementor-icon-box-description\">\n\t\t\t\t\t\tPoradnia Hematologiczna udziela \u015bwiadcze\u0144 w zakresie diagnostyki, leczenia i monitorowania chor\u00f3b uk\u0142adu krwiotw\u00f3rczego (szpik kostny, w\u0119z\u0142y ch\u0142onne, \u015bledziona), zaburze\u0144 uk\u0142adu odporno\u015bciowego i zaburze\u0144 krzepni\u0119cia.\t\t\t\t\t<\/p>\n\t\t\t\t\n\t\t\t<\/div>\n\t\t\t\n\t\t<\/div>\n\t\t\t\t\t\t<\/div>\n\t\t\t\t<\/div>\n\t\t\t\t<div class=\"elementor-element elementor-element-08226a4 elementor-widget elementor-widget-text-editor\" data-id=\"08226a4\" data-element_type=\"widget\" data-e-type=\"widget\" data-widget_type=\"text-editor.default\">\n\t\t\t\t<div class=\"elementor-widget-container\">\n\t\t\t\t\t\t\t\t\t<h4><em><strong>Najcz\u0119stsze problemy diagnostyczne kierowane do hematologa:<\/strong><\/em><\/h4><p><strong>1. Niedokrwisto\u015bci (anemie):<\/strong><\/p><ul><li>z niedoboru \u017celaza<\/li><li>megaloblastyczne (z niedoboru Witaminy B12, kwasu filowego)<\/li><li>hemolityczne<\/li><li>w przebiegu chor\u00f3b przewlek\u0142ych<\/li><\/ul><p><strong>2. Zaburzenia liczby krwinek:<\/strong><\/p><ul><li>nadkrwisto\u015b\u0107 (czerwienica)\u00a0<\/li><li>leukocytoza, leukopenia\/neutropenia<\/li><li>nadp\u0142ytkowo\u015b\u0107, ma\u0142op\u0142ytkowo\u015b\u0107<\/li><\/ul><p><strong>3. Zaburzenia krzepni\u0119cia:<\/strong><\/p><ul><li>skazy krwotoczne (np. choroba von Willebranda)<\/li><li>trombofilie<\/li><li>powik\u0142ania leczenia przeciwkrzepliwego<\/li><\/ul><p><strong>4. Niedobory odporno\u015bci:<\/strong><\/p><ul><li>hipogammaglobulinemie<\/li><li>zaburzenia uk\u0142adu dope\u0142niacza<\/li><li>niedobory odporno\u015bci w przebiegu chor\u00f3b nowotworowych, asplenii\/hiposplenii i chor\u00f3b autoimmunizacyjnych<\/li><\/ul><p><strong>5. Powi\u0119kszenie w\u0119z\u0142\u00f3w ch\u0142onnych, \u015bledziony, nieprawid\u0142owe wyniki morfologii<\/strong><\/p>\t\t\t\t\t\t\t\t<\/div>\n\t\t\t\t<\/div>\n\t\t\t\t<div class=\"elementor-element elementor-element-02a7107 elementor-widget elementor-widget-text-editor\" data-id=\"02a7107\" data-element_type=\"widget\" data-e-type=\"widget\" data-widget_type=\"text-editor.default\">\n\t\t\t\t<div class=\"elementor-widget-container\">\n\t\t\t\t\t\t\t\t\t<h4><em><strong>Godziny przyj\u0119\u0107:<\/strong><\/em><\/h4><div><ul><li><b>Poniedzia\u0142ek: <\/b>\u00a010<sup>30<\/sup> &#8211; 14<sup>30<\/sup><\/li><li><b>Wtorek:\u00a0<\/b> 10<sup>30<\/sup> &#8211; 14<sup>30<\/sup><\/li><li><strong>\u015aroda<\/strong>: 10<sup>30<\/sup> &#8211; 14<sup>30<\/sup><\/li><\/ul><\/div><h4><strong>Lekarze przyjmuj\u0105cy:<\/strong><\/h4><ul><li>dr. n. med. <strong>Bartosz\u00a0<\/strong><strong>Garus\u00a0<\/strong>&#8211; specjalista chor\u00f3b wewn\u0119trznych, hematologii i immunologii klinicznej\u00a0<\/li><li>lek<strong>. Renata Sleiman &#8211;\u00a0<\/strong>specjalista chor\u00f3b wewn\u0119trznych i hematologii<\/li><li>dr n.med.\u00a0 <strong>Agnieszka Stelmach &#8211; Go\u0142dy\u015b &#8211;\u00a0<\/strong>specjalista chor\u00f3b wewn\u0119trznych, hematologii, immunologii klinicznej i reumatologii\u00a0<\/li><\/ul>\t\t\t\t\t\t\t\t<\/div>\n\t\t\t\t<\/div>\n\t\t\t\t<div class=\"elementor-element elementor-element-f2307c2 elementor-widget elementor-widget-text-editor\" data-id=\"f2307c2\" data-element_type=\"widget\" data-e-type=\"widget\" data-widget_type=\"text-editor.default\">\n\t\t\t\t<div class=\"elementor-widget-container\">\n\t\t\t\t\t\t\t\t\t<p>\u00a0<strong>Zasady rejestracji pacjent\u00f3w<\/strong><\/p><h5>Rejestracja pacjent\u00f3w do lekarzy specjalist\u00f3w odbywa si\u0119 na podstawie aktualnego dokumentu potwierdzaj\u0105cego prawo do \u015bwiadcze\u0144 zdrowotnych oraz skierowania wystawionego przez lekarza ubezpieczenia zdrowotnego.<\/h5><h5>Pacjent ma obowi\u0105zek niezw\u0142ocznego powiadomienia Rejestracji w przypadku, gdy nie mo\u017ce zg\u0142osi\u0107 si\u0119 w wyznaczonym terminie lub zrezygnuje ze \u015bwiadczenia.<\/h5>\t\t\t\t\t\t\t\t<\/div>\n\t\t\t\t<\/div>\n\t\t\t\t\t<\/div>\n\t\t<\/div>\n\t\t\t\t<div class=\"elementor-column elementor-col-33 elementor-top-column elementor-element elementor-element-3030512\" data-id=\"3030512\" data-element_type=\"column\" data-e-type=\"column\" data-settings=\"{&quot;background_background&quot;:&quot;classic&quot;}\">\n\t\t\t<div class=\"elementor-widget-wrap elementor-element-populated\">\n\t\t\t\t\t\t<div class=\"elementor-element elementor-element-02cc417 elementor-view-default elementor-widget elementor-widget-icon\" data-id=\"02cc417\" data-element_type=\"widget\" data-e-type=\"widget\" data-widget_type=\"icon.default\">\n\t\t\t\t<div class=\"elementor-widget-container\">\n\t\t\t\t\t\t\t<div class=\"elementor-icon-wrapper\">\n\t\t\t<div class=\"elementor-icon\">\n\t\t\t<i aria-hidden=\"true\" class=\"fas fa-phone-square\"><\/i>\t\t\t<\/div>\n\t\t<\/div>\n\t\t\t\t\t\t<\/div>\n\t\t\t\t<\/div>\n\t\t\t\t<div class=\"elementor-element elementor-element-578674e elementor-widget elementor-widget-text-editor\" data-id=\"578674e\" data-element_type=\"widget\" data-e-type=\"widget\" data-widget_type=\"text-editor.default\">\n\t\t\t\t<div class=\"elementor-widget-container\">\n\t\t\t\t\t\t\t\t\t<p><strong>Lokalizacja Budynek D, II pi\u0119tro<\/strong><\/p><p><strong>Szpital<\/strong>: +48 (41) 34 655 45 do 48<\/p><p><strong>wew. 359 <\/strong>Rejestracja<\/p><p>Rejestracja telefoniczna od poniedzia\u0142ku do pi\u0105tku w godzinach <strong>7:00 \u2013 14:30<\/strong><\/p>\t\t\t\t\t\t\t\t<\/div>\n\t\t\t\t<\/div>\n\t\t\t\t\t<\/div>\n\t\t<\/div>\n\t\t\t\t\t<\/div>\n\t\t<\/section>\n\t\t\t\t<section class=\"elementor-section elementor-top-section elementor-element elementor-element-500fe16 elementor-section-content-middle elementor-section-stretched elementor-section-boxed elementor-section-height-default elementor-section-height-default\" data-id=\"500fe16\" data-element_type=\"section\" data-e-type=\"section\" data-settings=\"{&quot;stretch_section&quot;:&quot;section-stretched&quot;,&quot;background_background&quot;:&quot;classic&quot;}\">\n\t\t\t\t\t\t<div class=\"elementor-container elementor-column-gap-default\">\n\t\t\t\t\t<div class=\"elementor-column elementor-col-50 elementor-top-column elementor-element elementor-element-ba9c431\" data-id=\"ba9c431\" data-element_type=\"column\" data-e-type=\"column\">\n\t\t\t<div class=\"elementor-widget-wrap elementor-element-populated\">\n\t\t\t\t\t\t<div class=\"elementor-element elementor-element-f0a0530 elementor-position-inline-start elementor-view-stacked elementor-shape-circle elementor-mobile-position-block-start elementor-widget elementor-widget-icon-box\" data-id=\"f0a0530\" data-element_type=\"widget\" data-e-type=\"widget\" data-widget_type=\"icon-box.default\">\n\t\t\t\t<div class=\"elementor-widget-container\">\n\t\t\t\t\t\t\t<div class=\"elementor-icon-box-wrapper\">\n\n\t\t\t\t\t\t<div class=\"elementor-icon-box-icon\">\n\t\t\t\t<span  class=\"elementor-icon elementor-animation-grow\">\n\t\t\t\t<i aria-hidden=\"true\" class=\"far fa-address-card\"><\/i>\t\t\t\t<\/span>\n\t\t\t<\/div>\n\t\t\t\n\t\t\t\t\t\t<div class=\"elementor-icon-box-content\">\n\n\t\t\t\t\t\t\t\t\t<h3 class=\"elementor-icon-box-title\">\n\t\t\t\t\t\t<span  >\n\t\t\t\t\t\t\tRejestracja on-line\t\t\t\t\t\t<\/span>\n\t\t\t\t\t<\/h3>\n\t\t\t\t\n\t\t\t\t\n\t\t\t<\/div>\n\t\t\t\n\t\t<\/div>\n\t\t\t\t\t\t<\/div>\n\t\t\t\t<\/div>\n\t\t\t\t<div class=\"elementor-element elementor-element-011619a elementor-align-start elementor-icon-list--layout-traditional elementor-list-item-link-full_width elementor-widget elementor-widget-icon-list\" data-id=\"011619a\" data-element_type=\"widget\" data-e-type=\"widget\" data-widget_type=\"icon-list.default\">\n\t\t\t\t<div class=\"elementor-widget-container\">\n\t\t\t\t\t\t\t<ul class=\"elementor-icon-list-items\">\n\t\t\t\t\t\t\t<li class=\"elementor-icon-list-item\">\n\t\t\t\t\t\t\t\t\t\t<span class=\"elementor-icon-list-text\">Wychodz\u0105c naprzeciw Pa\u0144stwa oczekiwaniom, stworzyli\u015bmy mo\u017cliwo\u015b\u0107 rezerwacji terminu wizyty do poradni specjalistycznych drog\u0105 elektroniczn\u0105. <\/span>\n\t\t\t\t\t\t\t\t\t<\/li>\n\t\t\t\t\t\t<\/ul>\n\t\t\t\t\t\t<\/div>\n\t\t\t\t<\/div>\n\t\t\t\t<div class=\"elementor-element elementor-element-833dcb6 elementor-align-center elementor-widget elementor-widget-button\" data-id=\"833dcb6\" data-element_type=\"widget\" data-e-type=\"widget\" data-widget_type=\"button.default\">\n\t\t\t\t<div class=\"elementor-widget-container\">\n\t\t\t\t\t\t\t\t\t<div class=\"elementor-button-wrapper\">\n\t\t\t\t\t<a class=\"elementor-button elementor-button-link elementor-size-sm elementor-animation-grow\" href=\"https:\/\/erejestracja.czerwonagora.pl\/mpi\/app\/#\/login\">\n\t\t\t\t\t\t<span class=\"elementor-button-content-wrapper\">\n\t\t\t\t\t\t\t\t\t<span class=\"elementor-button-text\">Zarejestruj si\u0119<\/span>\n\t\t\t\t\t<\/span>\n\t\t\t\t\t<\/a>\n\t\t\t\t<\/div>\n\t\t\t\t\t\t\t\t<\/div>\n\t\t\t\t<\/div>\n\t\t\t\t\t<\/div>\n\t\t<\/div>\n\t\t\t\t<div class=\"elementor-column elementor-col-50 elementor-top-column elementor-element elementor-element-fde808f\" data-id=\"fde808f\" data-element_type=\"column\" data-e-type=\"column\">\n\t\t\t<div class=\"elementor-widget-wrap elementor-element-populated\">\n\t\t\t\t\t\t<div class=\"elementor-element elementor-element-6919382 elementor-widget elementor-widget-image\" data-id=\"6919382\" data-element_type=\"widget\" data-e-type=\"widget\" data-widget_type=\"image.default\">\n\t\t\t\t<div class=\"elementor-widget-container\">\n\t\t\t\t\t\t\t\t\t\t\t\t\t\t\t<img fetchpriority=\"high\" decoding=\"async\" width=\"519\" height=\"200\" src=\"https:\/\/czerwonagora.pl\/wp-content\/uploads\/2021\/06\/logo-eRejestracja.png\" class=\"attachment-full size-full wp-image-3942\" alt=\"ikona w kszta\u0142cie krzy\u017ca koloru niebieskiego z napisem rejestracja On-Line\" srcset=\"https:\/\/czerwonagora.pl\/wp-content\/uploads\/2021\/06\/logo-eRejestracja.png 519w, https:\/\/czerwonagora.pl\/wp-content\/uploads\/2021\/06\/logo-eRejestracja-300x116.png 300w\" sizes=\"(max-width: 519px) 100vw, 519px\" \/>\t\t\t\t\t\t\t\t\t\t\t\t\t\t\t<\/div>\n\t\t\t\t<\/div>\n\t\t\t\t\t<\/div>\n\t\t<\/div>\n\t\t\t\t\t<\/div>\n\t\t<\/section>\n\t\t\t\t<\/div>\n\t\t","protected":false},"excerpt":{"rendered":"<p>Poradnia Hematologiczna Poradnia Hematologiczna udziela \u015bwiadcze\u0144 w zakresie diagnostyki, leczenia i monitorowania chor\u00f3b uk\u0142adu krwiotw\u00f3rczego (szpik kostny, w\u0119z\u0142y ch\u0142onne, \u015bledziona), zaburze\u0144 uk\u0142adu odporno\u015bciowego i zaburze\u0144 krzepni\u0119cia. Najcz\u0119stsze problemy diagnostyczne kierowane do hematologa: 1. Niedokrwisto\u015bci (anemie): z niedoboru \u017celaza megaloblastyczne (z niedoboru Witaminy B12, kwasu filowego) hemolityczne w przebiegu chor\u00f3b przewlek\u0142ych 2. Zaburzenia liczby krwinek: nadkrwisto\u015b\u0107 [&hellip;]<\/p>\n","protected":false},"author":12,"featured_media":0,"parent":0,"menu_order":0,"comment_status":"closed","ping_status":"closed","template":"","meta":{"zakra_page_container_layout":"customizer","zakra_page_sidebar_layout":"customizer","zakra_remove_content_margin":false,"zakra_sidebar":"customizer","zakra_transparent_header":"customizer","zakra_logo":0,"zakra_main_header_style":"default","zakra_menu_item_color":"","zakra_menu_item_hover_color":"","zakra_menu_item_active_color":"","zakra_menu_active_style":"","zakra_page_header":true,"footnotes":""},"class_list":["post-31255","page","type-page","status-publish","hentry"],"yoast_head":"<!-- This site is optimized with the Yoast SEO plugin v27.3 - https:\/\/yoast.com\/product\/yoast-seo-wordpress\/ -->\n<title>Poradnia Hematologiczna - Wojew\u00f3dzki Szpital Specjalistyczny im. \u015aw. Rafa\u0142a w Czerwonej G\u00f3rze<\/title>\n<meta name=\"robots\" content=\"index, follow, max-snippet:-1, max-image-preview:large, max-video-preview:-1\" \/>\n<link rel=\"canonical\" href=\"https:\/\/czerwonagora.pl\/index.php\/poradnia-hematologii\/\" \/>\n<meta property=\"og:locale\" content=\"pl_PL\" \/>\n<meta property=\"og:type\" content=\"article\" \/>\n<meta property=\"og:title\" content=\"Poradnia Hematologiczna - Wojew\u00f3dzki Szpital Specjalistyczny im. \u015aw. Rafa\u0142a w Czerwonej G\u00f3rze\" \/>\n<meta property=\"og:description\" content=\"Poradnia Hematologiczna Poradnia Hematologiczna udziela \u015bwiadcze\u0144 w zakresie diagnostyki, leczenia i monitorowania chor\u00f3b uk\u0142adu krwiotw\u00f3rczego (szpik kostny, w\u0119z\u0142y ch\u0142onne, \u015bledziona), zaburze\u0144 uk\u0142adu odporno\u015bciowego i zaburze\u0144 krzepni\u0119cia. Najcz\u0119stsze problemy diagnostyczne kierowane do hematologa: 1. Niedokrwisto\u015bci (anemie): z niedoboru \u017celaza megaloblastyczne (z niedoboru Witaminy B12, kwasu filowego) hemolityczne w przebiegu chor\u00f3b przewlek\u0142ych 2. Zaburzenia liczby krwinek: nadkrwisto\u015b\u0107 [&hellip;]\" \/>\n<meta property=\"og:url\" content=\"https:\/\/czerwonagora.pl\/index.php\/poradnia-hematologii\/\" \/>\n<meta property=\"og:site_name\" content=\"Wojew\u00f3dzki Szpital Specjalistyczny im. \u015aw. Rafa\u0142a w Czerwonej G\u00f3rze\" \/>\n<meta property=\"article:publisher\" content=\"https:\/\/www.facebook.com\/SzpitalCzerwonaGora\/\" \/>\n<meta property=\"article:modified_time\" content=\"2026-03-13T10:38:10+00:00\" \/>\n<meta property=\"og:image\" content=\"https:\/\/czerwonagora.pl\/wp-content\/uploads\/2021\/06\/logo-eRejestracja.png\" \/>\n\t<meta property=\"og:image:width\" content=\"519\" \/>\n\t<meta property=\"og:image:height\" content=\"200\" \/>\n\t<meta property=\"og:image:type\" content=\"image\/png\" \/>\n<meta name=\"twitter:card\" content=\"summary_large_image\" \/>\n<meta name=\"twitter:label1\" content=\"Szacowany czas czytania\" \/>\n\t<meta name=\"twitter:data1\" content=\"2 minuty\" \/>\n<script type=\"application\/ld+json\" class=\"yoast-schema-graph\">{\"@context\":\"https:\\\/\\\/schema.org\",\"@graph\":[{\"@type\":\"WebPage\",\"@id\":\"https:\\\/\\\/czerwonagora.pl\\\/index.php\\\/poradnia-hematologii\\\/\",\"url\":\"https:\\\/\\\/czerwonagora.pl\\\/index.php\\\/poradnia-hematologii\\\/\",\"name\":\"Poradnia Hematologiczna - Wojew\u00f3dzki Szpital Specjalistyczny im. \u015aw. Rafa\u0142a w Czerwonej G\u00f3rze\",\"isPartOf\":{\"@id\":\"https:\\\/\\\/czerwonagora.pl\\\/#website\"},\"primaryImageOfPage\":{\"@id\":\"https:\\\/\\\/czerwonagora.pl\\\/index.php\\\/poradnia-hematologii\\\/#primaryimage\"},\"image\":{\"@id\":\"https:\\\/\\\/czerwonagora.pl\\\/index.php\\\/poradnia-hematologii\\\/#primaryimage\"},\"thumbnailUrl\":\"https:\\\/\\\/czerwonagora.pl\\\/wp-content\\\/uploads\\\/2021\\\/06\\\/logo-eRejestracja.png\",\"datePublished\":\"2026-02-25T08:28:04+00:00\",\"dateModified\":\"2026-03-13T10:38:10+00:00\",\"breadcrumb\":{\"@id\":\"https:\\\/\\\/czerwonagora.pl\\\/index.php\\\/poradnia-hematologii\\\/#breadcrumb\"},\"inLanguage\":\"pl-PL\",\"potentialAction\":[{\"@type\":\"ReadAction\",\"target\":[\"https:\\\/\\\/czerwonagora.pl\\\/index.php\\\/poradnia-hematologii\\\/\"]}]},{\"@type\":\"ImageObject\",\"inLanguage\":\"pl-PL\",\"@id\":\"https:\\\/\\\/czerwonagora.pl\\\/index.php\\\/poradnia-hematologii\\\/#primaryimage\",\"url\":\"https:\\\/\\\/czerwonagora.pl\\\/wp-content\\\/uploads\\\/2021\\\/06\\\/logo-eRejestracja.png\",\"contentUrl\":\"https:\\\/\\\/czerwonagora.pl\\\/wp-content\\\/uploads\\\/2021\\\/06\\\/logo-eRejestracja.png\",\"width\":519,\"height\":200,\"caption\":\"ikona w kszta\u0142cie krzy\u017ca koloru niebieskiego z napisem rejestracja On-Line\"},{\"@type\":\"BreadcrumbList\",\"@id\":\"https:\\\/\\\/czerwonagora.pl\\\/index.php\\\/poradnia-hematologii\\\/#breadcrumb\",\"itemListElement\":[{\"@type\":\"ListItem\",\"position\":1,\"name\":\"Strona g\u0142\u00f3wna\",\"item\":\"https:\\\/\\\/czerwonagora.pl\\\/\"},{\"@type\":\"ListItem\",\"position\":2,\"name\":\"Poradnia Hematologiczna\"}]},{\"@type\":\"WebSite\",\"@id\":\"https:\\\/\\\/czerwonagora.pl\\\/#website\",\"url\":\"https:\\\/\\\/czerwonagora.pl\\\/\",\"name\":\"Wojew\u00f3dzki Szpital Specjalistyczny im. \u015aw. Rafa\u0142a w Czerwonej G\u00f3rze\",\"description\":\"Wojew\u00f3dzki Szpital Specjalistyczny im. \u015aw. Rafa\u0142a w Czerwonej G\u00f3rze\",\"publisher\":{\"@id\":\"https:\\\/\\\/czerwonagora.pl\\\/#organization\"},\"potentialAction\":[{\"@type\":\"SearchAction\",\"target\":{\"@type\":\"EntryPoint\",\"urlTemplate\":\"https:\\\/\\\/czerwonagora.pl\\\/?s={search_term_string}\"},\"query-input\":{\"@type\":\"PropertyValueSpecification\",\"valueRequired\":true,\"valueName\":\"search_term_string\"}}],\"inLanguage\":\"pl-PL\"},{\"@type\":\"Organization\",\"@id\":\"https:\\\/\\\/czerwonagora.pl\\\/#organization\",\"name\":\"Wojew\u00f3dzki Szpital Specjalistyczny im. \u015aw. Rafa\u0142a w Czerwonej G\u00f3rze\",\"url\":\"https:\\\/\\\/czerwonagora.pl\\\/\",\"logo\":{\"@type\":\"ImageObject\",\"inLanguage\":\"pl-PL\",\"@id\":\"https:\\\/\\\/czerwonagora.pl\\\/#\\\/schema\\\/logo\\\/image\\\/\",\"url\":\"https:\\\/\\\/czerwonagora.pl\\\/wp-content\\\/uploads\\\/2021\\\/06\\\/Logo-WSS-DUZE-transparentne.png\",\"contentUrl\":\"https:\\\/\\\/czerwonagora.pl\\\/wp-content\\\/uploads\\\/2021\\\/06\\\/Logo-WSS-DUZE-transparentne.png\",\"width\":4210,\"height\":2975,\"caption\":\"Wojew\u00f3dzki Szpital Specjalistyczny im. \u015aw. Rafa\u0142a w Czerwonej G\u00f3rze\"},\"image\":{\"@id\":\"https:\\\/\\\/czerwonagora.pl\\\/#\\\/schema\\\/logo\\\/image\\\/\"},\"sameAs\":[\"https:\\\/\\\/www.facebook.com\\\/SzpitalCzerwonaGora\\\/\"]}]}<\/script>\n<!-- \/ Yoast SEO plugin. -->","yoast_head_json":{"title":"Poradnia Hematologiczna - Wojew\u00f3dzki Szpital Specjalistyczny im. \u015aw. Rafa\u0142a w Czerwonej G\u00f3rze","robots":{"index":"index","follow":"follow","max-snippet":"max-snippet:-1","max-image-preview":"max-image-preview:large","max-video-preview":"max-video-preview:-1"},"canonical":"https:\/\/czerwonagora.pl\/index.php\/poradnia-hematologii\/","og_locale":"pl_PL","og_type":"article","og_title":"Poradnia Hematologiczna - Wojew\u00f3dzki Szpital Specjalistyczny im. \u015aw. Rafa\u0142a w Czerwonej G\u00f3rze","og_description":"Poradnia Hematologiczna Poradnia Hematologiczna udziela \u015bwiadcze\u0144 w zakresie diagnostyki, leczenia i monitorowania chor\u00f3b uk\u0142adu krwiotw\u00f3rczego (szpik kostny, w\u0119z\u0142y ch\u0142onne, \u015bledziona), zaburze\u0144 uk\u0142adu odporno\u015bciowego i zaburze\u0144 krzepni\u0119cia. Najcz\u0119stsze problemy diagnostyczne kierowane do hematologa: 1. Niedokrwisto\u015bci (anemie): z niedoboru \u017celaza megaloblastyczne (z niedoboru Witaminy B12, kwasu filowego) hemolityczne w przebiegu chor\u00f3b przewlek\u0142ych 2. Zaburzenia liczby krwinek: nadkrwisto\u015b\u0107 [&hellip;]","og_url":"https:\/\/czerwonagora.pl\/index.php\/poradnia-hematologii\/","og_site_name":"Wojew\u00f3dzki Szpital Specjalistyczny im. \u015aw. Rafa\u0142a w Czerwonej G\u00f3rze","article_publisher":"https:\/\/www.facebook.com\/SzpitalCzerwonaGora\/","article_modified_time":"2026-03-13T10:38:10+00:00","og_image":[{"width":519,"height":200,"url":"https:\/\/czerwonagora.pl\/wp-content\/uploads\/2021\/06\/logo-eRejestracja.png","type":"image\/png"}],"twitter_card":"summary_large_image","twitter_misc":{"Szacowany czas czytania":"2 minuty"},"schema":{"@context":"https:\/\/schema.org","@graph":[{"@type":"WebPage","@id":"https:\/\/czerwonagora.pl\/index.php\/poradnia-hematologii\/","url":"https:\/\/czerwonagora.pl\/index.php\/poradnia-hematologii\/","name":"Poradnia Hematologiczna - Wojew\u00f3dzki Szpital Specjalistyczny im. \u015aw. Rafa\u0142a w Czerwonej G\u00f3rze","isPartOf":{"@id":"https:\/\/czerwonagora.pl\/#website"},"primaryImageOfPage":{"@id":"https:\/\/czerwonagora.pl\/index.php\/poradnia-hematologii\/#primaryimage"},"image":{"@id":"https:\/\/czerwonagora.pl\/index.php\/poradnia-hematologii\/#primaryimage"},"thumbnailUrl":"https:\/\/czerwonagora.pl\/wp-content\/uploads\/2021\/06\/logo-eRejestracja.png","datePublished":"2026-02-25T08:28:04+00:00","dateModified":"2026-03-13T10:38:10+00:00","breadcrumb":{"@id":"https:\/\/czerwonagora.pl\/index.php\/poradnia-hematologii\/#breadcrumb"},"inLanguage":"pl-PL","potentialAction":[{"@type":"ReadAction","target":["https:\/\/czerwonagora.pl\/index.php\/poradnia-hematologii\/"]}]},{"@type":"ImageObject","inLanguage":"pl-PL","@id":"https:\/\/czerwonagora.pl\/index.php\/poradnia-hematologii\/#primaryimage","url":"https:\/\/czerwonagora.pl\/wp-content\/uploads\/2021\/06\/logo-eRejestracja.png","contentUrl":"https:\/\/czerwonagora.pl\/wp-content\/uploads\/2021\/06\/logo-eRejestracja.png","width":519,"height":200,"caption":"ikona w kszta\u0142cie krzy\u017ca koloru niebieskiego z napisem rejestracja On-Line"},{"@type":"BreadcrumbList","@id":"https:\/\/czerwonagora.pl\/index.php\/poradnia-hematologii\/#breadcrumb","itemListElement":[{"@type":"ListItem","position":1,"name":"Strona g\u0142\u00f3wna","item":"https:\/\/czerwonagora.pl\/"},{"@type":"ListItem","position":2,"name":"Poradnia Hematologiczna"}]},{"@type":"WebSite","@id":"https:\/\/czerwonagora.pl\/#website","url":"https:\/\/czerwonagora.pl\/","name":"Wojew\u00f3dzki Szpital Specjalistyczny im. \u015aw. Rafa\u0142a w Czerwonej G\u00f3rze","description":"Wojew\u00f3dzki Szpital Specjalistyczny im. \u015aw. Rafa\u0142a w Czerwonej G\u00f3rze","publisher":{"@id":"https:\/\/czerwonagora.pl\/#organization"},"potentialAction":[{"@type":"SearchAction","target":{"@type":"EntryPoint","urlTemplate":"https:\/\/czerwonagora.pl\/?s={search_term_string}"},"query-input":{"@type":"PropertyValueSpecification","valueRequired":true,"valueName":"search_term_string"}}],"inLanguage":"pl-PL"},{"@type":"Organization","@id":"https:\/\/czerwonagora.pl\/#organization","name":"Wojew\u00f3dzki Szpital Specjalistyczny im. \u015aw. Rafa\u0142a w Czerwonej G\u00f3rze","url":"https:\/\/czerwonagora.pl\/","logo":{"@type":"ImageObject","inLanguage":"pl-PL","@id":"https:\/\/czerwonagora.pl\/#\/schema\/logo\/image\/","url":"https:\/\/czerwonagora.pl\/wp-content\/uploads\/2021\/06\/Logo-WSS-DUZE-transparentne.png","contentUrl":"https:\/\/czerwonagora.pl\/wp-content\/uploads\/2021\/06\/Logo-WSS-DUZE-transparentne.png","width":4210,"height":2975,"caption":"Wojew\u00f3dzki Szpital Specjalistyczny im. \u015aw. Rafa\u0142a w Czerwonej G\u00f3rze"},"image":{"@id":"https:\/\/czerwonagora.pl\/#\/schema\/logo\/image\/"},"sameAs":["https:\/\/www.facebook.com\/SzpitalCzerwonaGora\/"]}]}},"publishpress_future_action":{"enabled":false,"date":"2026-04-17 09:03:00","action":"change-status","newStatus":"draft","terms":[],"taxonomy":"","extraData":[]},"publishpress_future_workflow_manual_trigger":{"enabledWorkflows":[]},"_links":{"self":[{"href":"https:\/\/czerwonagora.pl\/index.php\/wp-json\/wp\/v2\/pages\/31255","targetHints":{"allow":["GET"]}}],"collection":[{"href":"https:\/\/czerwonagora.pl\/index.php\/wp-json\/wp\/v2\/pages"}],"about":[{"href":"https:\/\/czerwonagora.pl\/index.php\/wp-json\/wp\/v2\/types\/page"}],"author":[{"embeddable":true,"href":"https:\/\/czerwonagora.pl\/index.php\/wp-json\/wp\/v2\/users\/12"}],"replies":[{"embeddable":true,"href":"https:\/\/czerwonagora.pl\/index.php\/wp-json\/wp\/v2\/comments?post=31255"}],"version-history":[{"count":35,"href":"https:\/\/czerwonagora.pl\/index.php\/wp-json\/wp\/v2\/pages\/31255\/revisions"}],"predecessor-version":[{"id":31427,"href":"https:\/\/czerwonagora.pl\/index.php\/wp-json\/wp\/v2\/pages\/31255\/revisions\/31427"}],"wp:attachment":[{"href":"https:\/\/czerwonagora.pl\/index.php\/wp-json\/wp\/v2\/media?parent=31255"}],"curies":[{"name":"wp","href":"https:\/\/api.w.org\/{rel}","templated":true}]}}