{"id":4743,"date":"2021-06-24T09:44:03","date_gmt":"2021-06-24T07:44:03","guid":{"rendered":"https:\/\/czerwonagora.pl\/?page_id=4743"},"modified":"2025-09-24T11:45:01","modified_gmt":"2025-09-24T09:45:01","slug":"poradnia-ortopedyczna","status":"publish","type":"page","link":"https:\/\/czerwonagora.pl\/index.php\/poradnia-ortopedyczna\/","title":{"rendered":"Poradnia Ortopedyczna"},"content":{"rendered":"\t\t<div data-elementor-type=\"wp-page\" data-elementor-id=\"4743\" class=\"elementor elementor-4743\">\n\t\t\t\t\t\t<section class=\"elementor-section elementor-top-section elementor-element elementor-element-2ef69ea5 elementor-section-stretched elementor-section-boxed elementor-section-height-default elementor-section-height-default\" data-id=\"2ef69ea5\" data-element_type=\"section\" data-e-type=\"section\" data-settings=\"{&quot;stretch_section&quot;:&quot;section-stretched&quot;}\">\n\t\t\t\t\t\t<div class=\"elementor-container elementor-column-gap-default\">\n\t\t\t\t\t<div class=\"elementor-column elementor-col-66 elementor-top-column elementor-element elementor-element-1e0a77aa\" data-id=\"1e0a77aa\" data-element_type=\"column\" data-e-type=\"column\">\n\t\t\t<div class=\"elementor-widget-wrap elementor-element-populated\">\n\t\t\t\t\t\t<div class=\"elementor-element elementor-element-b38c59f elementor-position-inline-start elementor-view-default elementor-mobile-position-block-start elementor-widget elementor-widget-icon-box\" data-id=\"b38c59f\" data-element_type=\"widget\" data-e-type=\"widget\" data-widget_type=\"icon-box.default\">\n\t\t\t\t<div class=\"elementor-widget-container\">\n\t\t\t\t\t\t\t<div class=\"elementor-icon-box-wrapper\">\n\n\t\t\t\t\t\t<div class=\"elementor-icon-box-icon\">\n\t\t\t\t<span  class=\"elementor-icon\">\n\t\t\t\t<svg xmlns=\"http:\/\/www.w3.org\/2000\/svg\" id=\"f7a7fb4f-281c-42ae-8428-432582ea47cb\" data-name=\"Layer 1\" width=\"38.9622\" height=\"56.0984\" viewBox=\"0 0 38.9622 56.0984\"><path d=\"M31.2146,31.5151a7.7707,7.7707,0,0,0-1.55,15.3806l.5069.1036v.6879a7.3384,7.3384,0,1,1-14.6768,0v-17.47l.5636-.0629A14.4985,14.4985,0,0,0,28.9049,15.7534V5.4449A4.4061,4.4061,0,0,0,24.51,1.0379H20.1146v2.091H24.51a2.3155,2.3155,0,0,1,2.31,2.316V15.7534a12.3671,12.3671,0,1,1-24.7341,0V5.4449a2.3154,2.3154,0,0,1,2.31-2.316H8.79V1.0379H4.3951A4.406,4.406,0,0,0,0,5.4449V15.7534A14.4983,14.4983,0,0,0,12.8461,30.1546l.5636.0629v17.47a9.4238,9.4238,0,1,0,18.8476,0v-.6879l.507-.1036a7.7707,7.7707,0,0,0-1.55-15.3806Zm0,13.4458a5.6774,5.6774,0,1,1,5.6622-5.6773A5.6762,5.6762,0,0,1,31.2146,44.9609Z\" transform=\"translate(0 -1.0379)\" style=\"fill-rule:evenodd\"><\/path><rect x=\"30\" y=\"36.9621\" width=\"2\" height=\"2\"><\/rect><\/svg>\t\t\t\t<\/span>\n\t\t\t<\/div>\n\t\t\t\n\t\t\t\t\t\t<div class=\"elementor-icon-box-content\">\n\n\t\t\t\t\t\t\t\t\t<h3 class=\"elementor-icon-box-title\">\n\t\t\t\t\t\t<span  >\n\t\t\t\t\t\t\tPoradnia Ortopedyczna\t\t\t\t\t\t<\/span>\n\t\t\t\t\t<\/h3>\n\t\t\t\t\n\t\t\t\t\t\t\t\t\t<p class=\"elementor-icon-box-description\">\n\t\t\t\t\t\tPoradnia ortopedyczna zajmuje si\u0119 kompleksow\u0105 diagnostyk\u0105 oraz leczeniem nabytych i wrodzonych schorze\u0144 narz\u0105du ruchu.\t\t\t\t\t<\/p>\n\t\t\t\t\n\t\t\t<\/div>\n\t\t\t\n\t\t<\/div>\n\t\t\t\t\t\t<\/div>\n\t\t\t\t<\/div>\n\t\t\t\t<div class=\"elementor-element elementor-element-223e132 elementor-widget elementor-widget-text-editor\" data-id=\"223e132\" data-element_type=\"widget\" data-e-type=\"widget\" data-widget_type=\"text-editor.default\">\n\t\t\t\t<div class=\"elementor-widget-container\">\n\t\t\t\t\t\t\t\t\t<h4><em><strong>Godziny przyj\u0119\u0107:<\/strong><\/em><\/h4><div><ul><li><strong>Poniedzia\u0142ek<\/strong>: 8<sup>00<\/sup> &#8211; 13<sup>00<\/sup><sup><br \/><\/sup><\/li><li><strong>Wtorek<\/strong>: 8<sup>00<\/sup> &#8211; 13<sup>00<\/sup><\/li><li><strong>Czwartek<\/strong>: 8<sup>00<\/sup> &#8211;\u00a0 13<sup>00<\/sup><\/li><\/ul><\/div>\t\t\t\t\t\t\t\t<\/div>\n\t\t\t\t<\/div>\n\t\t\t\t<div class=\"elementor-element elementor-element-410b36c6 elementor-widget elementor-widget-text-editor\" data-id=\"410b36c6\" data-element_type=\"widget\" data-e-type=\"widget\" data-widget_type=\"text-editor.default\">\n\t\t\t\t<div class=\"elementor-widget-container\">\n\t\t\t\t\t\t\t\t\t<h4><strong>Lekarze przyjmuj\u0105cy:<\/strong><\/h4><ul><li>lek. <strong>Wojciech Arma\u0144ski<\/strong> &#8211; specjalista ortopedii i traumatologii narz\u0105du ruchu<\/li><li>lek. <strong>Rafa\u0142 Cyranowski<\/strong> &#8211; specjalista ortopedii i traumatologii narz\u0105du ruchu<\/li><li>lek. <strong>Leszek Siuda<\/strong> &#8211; specjalista ortopedii i traumatologii narz\u0105du ruchu<\/li><li>lek. <strong>Robert Jasak<\/strong> &#8211; specjalista ortopedii i traumatologii narz\u0105du ruchu<\/li><li>lek. <strong>Przemys\u0142aw \u0141osiak<\/strong> &#8211; specjalista ortopedii i traumatologii narz\u0105du ruchu<\/li><li>lek. <strong>Marcin Syku\u0142a<\/strong> &#8211; specjalista ortopedii i traumatologii narz\u0105du ruchu<\/li><li>lek. <strong>Karol Krupnik<\/strong> &#8211; specjalista ortopedii i traumatologii narz\u0105du ruchu<\/li><li>lek. <strong>Wojciech Mazurek<\/strong> &#8211; specjalista ortopedii i traumatologii narz\u0105du ruchu<\/li><li>lek. <strong>Dawid Poche\u0107<\/strong> &#8211; specjalista ortopedii i traumatologii narz\u0105du ruchu<\/li><li>lek. <strong>Mateusz W\u00f3jcik <\/strong>&#8211; specjalista ortopedii i traumatologii narz\u0105du ruchu<\/li><li>lek. <strong>Micha\u0142 Juda <\/strong>&#8211; specjalista ortopedii i traumatologii narz\u0105du ruchu<\/li><\/ul><h4><strong>Zasady rejestracji pacjent\u00f3w<\/strong><\/h4><p>Rejestracja pacjent\u00f3w do lekarzy specjalist\u00f3w odbywa si\u0119 na podstawie aktualnego dokumentu potwierdzaj\u0105cego prawo do \u015bwiadcze\u0144 zdrowotnych oraz skierowania wystawionego przez lekarza ubezpieczenia zdrowotnego.<\/p><h4><strong>SKIEROWANIE NIE JEST WYMAGANE W STANACH NAG\u0141EGO ZAGRO\u017bENIA ZDROWIA<\/strong><\/h4><p>Pacjent ma obowi\u0105zek niezw\u0142ocznego powiadomienia Rejestracji <strong>41 306 70 60 <\/strong> w przypadku gdy nie mo\u017ce zg\u0142osi\u0107 si\u0119 w wyznaczonym terminie lub rezygnuje ze \u015bwiadczenia<\/p>\t\t\t\t\t\t\t\t<\/div>\n\t\t\t\t<\/div>\n\t\t\t\t\t<\/div>\n\t\t<\/div>\n\t\t\t\t<div class=\"elementor-column elementor-col-33 elementor-top-column elementor-element elementor-element-33492318\" data-id=\"33492318\" data-element_type=\"column\" data-e-type=\"column\" data-settings=\"{&quot;background_background&quot;:&quot;classic&quot;}\">\n\t\t\t<div class=\"elementor-widget-wrap elementor-element-populated\">\n\t\t\t\t\t\t<div class=\"elementor-element elementor-element-63deeb76 elementor-view-default elementor-widget elementor-widget-icon\" data-id=\"63deeb76\" data-element_type=\"widget\" data-e-type=\"widget\" data-widget_type=\"icon.default\">\n\t\t\t\t<div class=\"elementor-widget-container\">\n\t\t\t\t\t\t\t<div class=\"elementor-icon-wrapper\">\n\t\t\t<div class=\"elementor-icon\">\n\t\t\t<i aria-hidden=\"true\" class=\"fas fa-phone-square\"><\/i>\t\t\t<\/div>\n\t\t<\/div>\n\t\t\t\t\t\t<\/div>\n\t\t\t\t<\/div>\n\t\t\t\t<div class=\"elementor-element elementor-element-454508ed elementor-widget elementor-widget-text-editor\" data-id=\"454508ed\" data-element_type=\"widget\" data-e-type=\"widget\" data-widget_type=\"text-editor.default\">\n\t\t\t\t<div class=\"elementor-widget-container\">\n\t\t\t\t\t\t\t\t\t<p><strong>Lokalizacja Budynek D, III pi\u0119tro \u00a0\u00a0\u00a0\u00a0\u00a0\u00a0\u00a0\u00a0\u00a0\u00a0\u00a0 Gabinet nr. 5<br \/><\/strong><\/p><div><p>Rejestracja telefoniczna od poniedzia\u0142ku do pi\u0105tku w godzinach 7<sup>00<\/sup>\u00a0&#8211; 14<sup>30\u00a0 <\/sup>pod nr telefonu <strong>41\u00a0306 70 60<\/strong><\/p><p>Rejestracja Elektroniczna 7 dni w tygodniu 24h\/dob\u0119.<\/p><\/div>\t\t\t\t\t\t\t\t<\/div>\n\t\t\t\t<\/div>\n\t\t\t\t\t<\/div>\n\t\t<\/div>\n\t\t\t\t\t<\/div>\n\t\t<\/section>\n\t\t\t\t<section class=\"elementor-section elementor-top-section elementor-element elementor-element-2f64e87b elementor-section-content-middle elementor-section-stretched elementor-section-boxed elementor-section-height-default elementor-section-height-default\" data-id=\"2f64e87b\" data-element_type=\"section\" data-e-type=\"section\" data-settings=\"{&quot;stretch_section&quot;:&quot;section-stretched&quot;,&quot;background_background&quot;:&quot;classic&quot;}\">\n\t\t\t\t\t\t<div class=\"elementor-container elementor-column-gap-default\">\n\t\t\t\t\t<div class=\"elementor-column elementor-col-50 elementor-top-column elementor-element elementor-element-68e3bab8\" data-id=\"68e3bab8\" data-element_type=\"column\" data-e-type=\"column\">\n\t\t\t<div class=\"elementor-widget-wrap elementor-element-populated\">\n\t\t\t\t\t\t<div class=\"elementor-element elementor-element-14fa647 elementor-position-inline-start elementor-view-stacked elementor-shape-circle elementor-mobile-position-block-start elementor-widget elementor-widget-icon-box\" data-id=\"14fa647\" data-element_type=\"widget\" data-e-type=\"widget\" data-widget_type=\"icon-box.default\">\n\t\t\t\t<div class=\"elementor-widget-container\">\n\t\t\t\t\t\t\t<div class=\"elementor-icon-box-wrapper\">\n\n\t\t\t\t\t\t<div class=\"elementor-icon-box-icon\">\n\t\t\t\t<span  class=\"elementor-icon elementor-animation-grow\">\n\t\t\t\t<i aria-hidden=\"true\" class=\"far fa-address-card\"><\/i>\t\t\t\t<\/span>\n\t\t\t<\/div>\n\t\t\t\n\t\t\t\t\t\t<div class=\"elementor-icon-box-content\">\n\n\t\t\t\t\t\t\t\t\t<h3 class=\"elementor-icon-box-title\">\n\t\t\t\t\t\t<span  >\n\t\t\t\t\t\t\tRejestracja on-line\t\t\t\t\t\t<\/span>\n\t\t\t\t\t<\/h3>\n\t\t\t\t\n\t\t\t\t\n\t\t\t<\/div>\n\t\t\t\n\t\t<\/div>\n\t\t\t\t\t\t<\/div>\n\t\t\t\t<\/div>\n\t\t\t\t<div class=\"elementor-element elementor-element-210f7c1 elementor-align-start elementor-icon-list--layout-traditional elementor-list-item-link-full_width elementor-widget elementor-widget-icon-list\" data-id=\"210f7c1\" data-element_type=\"widget\" data-e-type=\"widget\" data-widget_type=\"icon-list.default\">\n\t\t\t\t<div class=\"elementor-widget-container\">\n\t\t\t\t\t\t\t<ul class=\"elementor-icon-list-items\">\n\t\t\t\t\t\t\t<li class=\"elementor-icon-list-item\">\n\t\t\t\t\t\t\t\t\t\t<span class=\"elementor-icon-list-text\">Wychodz\u0105c naprzeciw Pa\u0144stwa oczekiwaniom, stworzyli\u015bmy mo\u017cliwo\u015b\u0107 rezerwacji terminu wizyty do poradni specjalistycznych drog\u0105 elektroniczn\u0105. <\/span>\n\t\t\t\t\t\t\t\t\t<\/li>\n\t\t\t\t\t\t<\/ul>\n\t\t\t\t\t\t<\/div>\n\t\t\t\t<\/div>\n\t\t\t\t<div class=\"elementor-element elementor-element-7ed5ab6f elementor-align-center elementor-widget elementor-widget-button\" data-id=\"7ed5ab6f\" data-element_type=\"widget\" data-e-type=\"widget\" data-widget_type=\"button.default\">\n\t\t\t\t<div class=\"elementor-widget-container\">\n\t\t\t\t\t\t\t\t\t<div class=\"elementor-button-wrapper\">\n\t\t\t\t\t<a class=\"elementor-button elementor-button-link elementor-size-sm elementor-animation-grow\" href=\"https:\/\/erejestracja.czerwonagora.pl\/mpi\/app\/#\/login\">\n\t\t\t\t\t\t<span class=\"elementor-button-content-wrapper\">\n\t\t\t\t\t\t\t\t\t<span class=\"elementor-button-text\">Zarejestruj si\u0119<\/span>\n\t\t\t\t\t<\/span>\n\t\t\t\t\t<\/a>\n\t\t\t\t<\/div>\n\t\t\t\t\t\t\t\t<\/div>\n\t\t\t\t<\/div>\n\t\t\t\t\t<\/div>\n\t\t<\/div>\n\t\t\t\t<div class=\"elementor-column elementor-col-50 elementor-top-column elementor-element elementor-element-4dda94f2\" data-id=\"4dda94f2\" data-element_type=\"column\" data-e-type=\"column\">\n\t\t\t<div class=\"elementor-widget-wrap elementor-element-populated\">\n\t\t\t\t\t\t<div class=\"elementor-element elementor-element-26126a4f elementor-widget elementor-widget-image\" data-id=\"26126a4f\" data-element_type=\"widget\" data-e-type=\"widget\" data-widget_type=\"image.default\">\n\t\t\t\t<div class=\"elementor-widget-container\">\n\t\t\t\t\t\t\t\t\t\t\t\t\t\t\t<img fetchpriority=\"high\" decoding=\"async\" width=\"519\" height=\"200\" src=\"https:\/\/czerwonagora.pl\/wp-content\/uploads\/2021\/06\/logo-eRejestracja.png\" class=\"attachment-full size-full wp-image-3942\" alt=\"ikona w kszta\u0142cie krzy\u017ca koloru niebieskiego z napisem rejestracja On-Line\" srcset=\"https:\/\/czerwonagora.pl\/wp-content\/uploads\/2021\/06\/logo-eRejestracja.png 519w, https:\/\/czerwonagora.pl\/wp-content\/uploads\/2021\/06\/logo-eRejestracja-300x116.png 300w\" sizes=\"(max-width: 519px) 100vw, 519px\" \/>\t\t\t\t\t\t\t\t\t\t\t\t\t\t\t<\/div>\n\t\t\t\t<\/div>\n\t\t\t\t\t<\/div>\n\t\t<\/div>\n\t\t\t\t\t<\/div>\n\t\t<\/section>\n\t\t\t\t<\/div>\n\t\t","protected":false},"excerpt":{"rendered":"<p>Poradnia Ortopedyczna Poradnia ortopedyczna zajmuje si\u0119 kompleksow\u0105 diagnostyk\u0105 oraz leczeniem nabytych i wrodzonych schorze\u0144 narz\u0105du ruchu. Godziny przyj\u0119\u0107: Poniedzia\u0142ek: 800 &#8211; 1300 Wtorek: 800 &#8211; 1300 Czwartek: 800 &#8211;\u00a0 1300 Lekarze przyjmuj\u0105cy: lek. Wojciech Arma\u0144ski &#8211; specjalista ortopedii i traumatologii narz\u0105du ruchu lek. Rafa\u0142 Cyranowski &#8211; specjalista ortopedii i traumatologii narz\u0105du ruchu lek. Leszek Siuda [&hellip;]<\/p>\n","protected":false},"author":3,"featured_media":0,"parent":0,"menu_order":0,"comment_status":"closed","ping_status":"closed","template":"","meta":{"zakra_page_container_layout":"customizer","zakra_page_sidebar_layout":"customizer","zakra_remove_content_margin":false,"zakra_sidebar":"customizer","zakra_transparent_header":"customizer","zakra_logo":0,"zakra_main_header_style":"default","zakra_menu_item_color":"","zakra_menu_item_hover_color":"","zakra_menu_item_active_color":"","zakra_menu_active_style":"","zakra_page_header":true,"footnotes":""},"class_list":["post-4743","page","type-page","status-publish","hentry"],"yoast_head":"<!-- This site is optimized with the Yoast SEO plugin v27.3 - https:\/\/yoast.com\/product\/yoast-seo-wordpress\/ -->\n<title>Poradnia Ortopedyczna - Wojew\u00f3dzki Szpital Specjalistyczny im. \u015aw. Rafa\u0142a w Czerwonej G\u00f3rze<\/title>\n<meta name=\"robots\" content=\"index, follow, max-snippet:-1, max-image-preview:large, max-video-preview:-1\" \/>\n<link rel=\"canonical\" href=\"https:\/\/czerwonagora.pl\/index.php\/poradnia-ortopedyczna\/\" \/>\n<meta property=\"og:locale\" content=\"pl_PL\" \/>\n<meta property=\"og:type\" content=\"article\" \/>\n<meta property=\"og:title\" content=\"Poradnia Ortopedyczna - Wojew\u00f3dzki Szpital Specjalistyczny im. \u015aw. Rafa\u0142a w Czerwonej G\u00f3rze\" \/>\n<meta property=\"og:description\" content=\"Poradnia Ortopedyczna Poradnia ortopedyczna zajmuje si\u0119 kompleksow\u0105 diagnostyk\u0105 oraz leczeniem nabytych i wrodzonych schorze\u0144 narz\u0105du ruchu. Godziny przyj\u0119\u0107: Poniedzia\u0142ek: 800 &#8211; 1300 Wtorek: 800 &#8211; 1300 Czwartek: 800 &#8211;\u00a0 1300 Lekarze przyjmuj\u0105cy: lek. Wojciech Arma\u0144ski &#8211; specjalista ortopedii i traumatologii narz\u0105du ruchu lek. Rafa\u0142 Cyranowski &#8211; specjalista ortopedii i traumatologii narz\u0105du ruchu lek. Leszek Siuda [&hellip;]\" \/>\n<meta property=\"og:url\" content=\"https:\/\/czerwonagora.pl\/index.php\/poradnia-ortopedyczna\/\" \/>\n<meta property=\"og:site_name\" content=\"Wojew\u00f3dzki Szpital Specjalistyczny im. \u015aw. Rafa\u0142a w Czerwonej G\u00f3rze\" \/>\n<meta property=\"article:publisher\" content=\"https:\/\/www.facebook.com\/SzpitalCzerwonaGora\/\" \/>\n<meta property=\"article:modified_time\" content=\"2025-09-24T09:45:01+00:00\" \/>\n<meta property=\"og:image\" content=\"https:\/\/czerwonagora.pl\/wp-content\/uploads\/2021\/06\/logo-eRejestracja.png\" \/>\n\t<meta property=\"og:image:width\" content=\"519\" \/>\n\t<meta property=\"og:image:height\" content=\"200\" \/>\n\t<meta property=\"og:image:type\" content=\"image\/png\" \/>\n<meta name=\"twitter:card\" content=\"summary_large_image\" \/>\n<meta name=\"twitter:label1\" content=\"Szacowany czas czytania\" \/>\n\t<meta name=\"twitter:data1\" content=\"2 minuty\" \/>\n<script type=\"application\/ld+json\" class=\"yoast-schema-graph\">{\"@context\":\"https:\\\/\\\/schema.org\",\"@graph\":[{\"@type\":\"WebPage\",\"@id\":\"https:\\\/\\\/czerwonagora.pl\\\/index.php\\\/poradnia-ortopedyczna\\\/\",\"url\":\"https:\\\/\\\/czerwonagora.pl\\\/index.php\\\/poradnia-ortopedyczna\\\/\",\"name\":\"Poradnia Ortopedyczna - Wojew\u00f3dzki Szpital Specjalistyczny im. \u015aw. Rafa\u0142a w Czerwonej G\u00f3rze\",\"isPartOf\":{\"@id\":\"https:\\\/\\\/czerwonagora.pl\\\/#website\"},\"primaryImageOfPage\":{\"@id\":\"https:\\\/\\\/czerwonagora.pl\\\/index.php\\\/poradnia-ortopedyczna\\\/#primaryimage\"},\"image\":{\"@id\":\"https:\\\/\\\/czerwonagora.pl\\\/index.php\\\/poradnia-ortopedyczna\\\/#primaryimage\"},\"thumbnailUrl\":\"https:\\\/\\\/czerwonagora.pl\\\/wp-content\\\/uploads\\\/2021\\\/06\\\/logo-eRejestracja.png\",\"datePublished\":\"2021-06-24T07:44:03+00:00\",\"dateModified\":\"2025-09-24T09:45:01+00:00\",\"breadcrumb\":{\"@id\":\"https:\\\/\\\/czerwonagora.pl\\\/index.php\\\/poradnia-ortopedyczna\\\/#breadcrumb\"},\"inLanguage\":\"pl-PL\",\"potentialAction\":[{\"@type\":\"ReadAction\",\"target\":[\"https:\\\/\\\/czerwonagora.pl\\\/index.php\\\/poradnia-ortopedyczna\\\/\"]}]},{\"@type\":\"ImageObject\",\"inLanguage\":\"pl-PL\",\"@id\":\"https:\\\/\\\/czerwonagora.pl\\\/index.php\\\/poradnia-ortopedyczna\\\/#primaryimage\",\"url\":\"https:\\\/\\\/czerwonagora.pl\\\/wp-content\\\/uploads\\\/2021\\\/06\\\/logo-eRejestracja.png\",\"contentUrl\":\"https:\\\/\\\/czerwonagora.pl\\\/wp-content\\\/uploads\\\/2021\\\/06\\\/logo-eRejestracja.png\",\"width\":519,\"height\":200,\"caption\":\"ikona w kszta\u0142cie krzy\u017ca koloru niebieskiego z napisem rejestracja On-Line\"},{\"@type\":\"BreadcrumbList\",\"@id\":\"https:\\\/\\\/czerwonagora.pl\\\/index.php\\\/poradnia-ortopedyczna\\\/#breadcrumb\",\"itemListElement\":[{\"@type\":\"ListItem\",\"position\":1,\"name\":\"Strona g\u0142\u00f3wna\",\"item\":\"https:\\\/\\\/czerwonagora.pl\\\/\"},{\"@type\":\"ListItem\",\"position\":2,\"name\":\"Poradnia Ortopedyczna\"}]},{\"@type\":\"WebSite\",\"@id\":\"https:\\\/\\\/czerwonagora.pl\\\/#website\",\"url\":\"https:\\\/\\\/czerwonagora.pl\\\/\",\"name\":\"Wojew\u00f3dzki Szpital Specjalistyczny im. \u015aw. Rafa\u0142a w Czerwonej G\u00f3rze\",\"description\":\"Wojew\u00f3dzki Szpital Specjalistyczny im. \u015aw. Rafa\u0142a w Czerwonej G\u00f3rze\",\"publisher\":{\"@id\":\"https:\\\/\\\/czerwonagora.pl\\\/#organization\"},\"potentialAction\":[{\"@type\":\"SearchAction\",\"target\":{\"@type\":\"EntryPoint\",\"urlTemplate\":\"https:\\\/\\\/czerwonagora.pl\\\/?s={search_term_string}\"},\"query-input\":{\"@type\":\"PropertyValueSpecification\",\"valueRequired\":true,\"valueName\":\"search_term_string\"}}],\"inLanguage\":\"pl-PL\"},{\"@type\":\"Organization\",\"@id\":\"https:\\\/\\\/czerwonagora.pl\\\/#organization\",\"name\":\"Wojew\u00f3dzki Szpital Specjalistyczny im. \u015aw. Rafa\u0142a w Czerwonej G\u00f3rze\",\"url\":\"https:\\\/\\\/czerwonagora.pl\\\/\",\"logo\":{\"@type\":\"ImageObject\",\"inLanguage\":\"pl-PL\",\"@id\":\"https:\\\/\\\/czerwonagora.pl\\\/#\\\/schema\\\/logo\\\/image\\\/\",\"url\":\"https:\\\/\\\/czerwonagora.pl\\\/wp-content\\\/uploads\\\/2021\\\/06\\\/Logo-WSS-DUZE-transparentne.png\",\"contentUrl\":\"https:\\\/\\\/czerwonagora.pl\\\/wp-content\\\/uploads\\\/2021\\\/06\\\/Logo-WSS-DUZE-transparentne.png\",\"width\":4210,\"height\":2975,\"caption\":\"Wojew\u00f3dzki Szpital Specjalistyczny im. \u015aw. Rafa\u0142a w Czerwonej G\u00f3rze\"},\"image\":{\"@id\":\"https:\\\/\\\/czerwonagora.pl\\\/#\\\/schema\\\/logo\\\/image\\\/\"},\"sameAs\":[\"https:\\\/\\\/www.facebook.com\\\/SzpitalCzerwonaGora\\\/\"]}]}<\/script>\n<!-- \/ Yoast SEO plugin. -->","yoast_head_json":{"title":"Poradnia Ortopedyczna - Wojew\u00f3dzki Szpital Specjalistyczny im. \u015aw. Rafa\u0142a w Czerwonej G\u00f3rze","robots":{"index":"index","follow":"follow","max-snippet":"max-snippet:-1","max-image-preview":"max-image-preview:large","max-video-preview":"max-video-preview:-1"},"canonical":"https:\/\/czerwonagora.pl\/index.php\/poradnia-ortopedyczna\/","og_locale":"pl_PL","og_type":"article","og_title":"Poradnia Ortopedyczna - Wojew\u00f3dzki Szpital Specjalistyczny im. \u015aw. Rafa\u0142a w Czerwonej G\u00f3rze","og_description":"Poradnia Ortopedyczna Poradnia ortopedyczna zajmuje si\u0119 kompleksow\u0105 diagnostyk\u0105 oraz leczeniem nabytych i wrodzonych schorze\u0144 narz\u0105du ruchu. Godziny przyj\u0119\u0107: Poniedzia\u0142ek: 800 &#8211; 1300 Wtorek: 800 &#8211; 1300 Czwartek: 800 &#8211;\u00a0 1300 Lekarze przyjmuj\u0105cy: lek. Wojciech Arma\u0144ski &#8211; specjalista ortopedii i traumatologii narz\u0105du ruchu lek. Rafa\u0142 Cyranowski &#8211; specjalista ortopedii i traumatologii narz\u0105du ruchu lek. Leszek Siuda [&hellip;]","og_url":"https:\/\/czerwonagora.pl\/index.php\/poradnia-ortopedyczna\/","og_site_name":"Wojew\u00f3dzki Szpital Specjalistyczny im. \u015aw. Rafa\u0142a w Czerwonej G\u00f3rze","article_publisher":"https:\/\/www.facebook.com\/SzpitalCzerwonaGora\/","article_modified_time":"2025-09-24T09:45:01+00:00","og_image":[{"width":519,"height":200,"url":"https:\/\/czerwonagora.pl\/wp-content\/uploads\/2021\/06\/logo-eRejestracja.png","type":"image\/png"}],"twitter_card":"summary_large_image","twitter_misc":{"Szacowany czas czytania":"2 minuty"},"schema":{"@context":"https:\/\/schema.org","@graph":[{"@type":"WebPage","@id":"https:\/\/czerwonagora.pl\/index.php\/poradnia-ortopedyczna\/","url":"https:\/\/czerwonagora.pl\/index.php\/poradnia-ortopedyczna\/","name":"Poradnia Ortopedyczna - Wojew\u00f3dzki Szpital Specjalistyczny im. \u015aw. Rafa\u0142a w Czerwonej G\u00f3rze","isPartOf":{"@id":"https:\/\/czerwonagora.pl\/#website"},"primaryImageOfPage":{"@id":"https:\/\/czerwonagora.pl\/index.php\/poradnia-ortopedyczna\/#primaryimage"},"image":{"@id":"https:\/\/czerwonagora.pl\/index.php\/poradnia-ortopedyczna\/#primaryimage"},"thumbnailUrl":"https:\/\/czerwonagora.pl\/wp-content\/uploads\/2021\/06\/logo-eRejestracja.png","datePublished":"2021-06-24T07:44:03+00:00","dateModified":"2025-09-24T09:45:01+00:00","breadcrumb":{"@id":"https:\/\/czerwonagora.pl\/index.php\/poradnia-ortopedyczna\/#breadcrumb"},"inLanguage":"pl-PL","potentialAction":[{"@type":"ReadAction","target":["https:\/\/czerwonagora.pl\/index.php\/poradnia-ortopedyczna\/"]}]},{"@type":"ImageObject","inLanguage":"pl-PL","@id":"https:\/\/czerwonagora.pl\/index.php\/poradnia-ortopedyczna\/#primaryimage","url":"https:\/\/czerwonagora.pl\/wp-content\/uploads\/2021\/06\/logo-eRejestracja.png","contentUrl":"https:\/\/czerwonagora.pl\/wp-content\/uploads\/2021\/06\/logo-eRejestracja.png","width":519,"height":200,"caption":"ikona w kszta\u0142cie krzy\u017ca koloru niebieskiego z napisem rejestracja On-Line"},{"@type":"BreadcrumbList","@id":"https:\/\/czerwonagora.pl\/index.php\/poradnia-ortopedyczna\/#breadcrumb","itemListElement":[{"@type":"ListItem","position":1,"name":"Strona g\u0142\u00f3wna","item":"https:\/\/czerwonagora.pl\/"},{"@type":"ListItem","position":2,"name":"Poradnia Ortopedyczna"}]},{"@type":"WebSite","@id":"https:\/\/czerwonagora.pl\/#website","url":"https:\/\/czerwonagora.pl\/","name":"Wojew\u00f3dzki Szpital Specjalistyczny im. \u015aw. Rafa\u0142a w Czerwonej G\u00f3rze","description":"Wojew\u00f3dzki Szpital Specjalistyczny im. \u015aw. Rafa\u0142a w Czerwonej G\u00f3rze","publisher":{"@id":"https:\/\/czerwonagora.pl\/#organization"},"potentialAction":[{"@type":"SearchAction","target":{"@type":"EntryPoint","urlTemplate":"https:\/\/czerwonagora.pl\/?s={search_term_string}"},"query-input":{"@type":"PropertyValueSpecification","valueRequired":true,"valueName":"search_term_string"}}],"inLanguage":"pl-PL"},{"@type":"Organization","@id":"https:\/\/czerwonagora.pl\/#organization","name":"Wojew\u00f3dzki Szpital Specjalistyczny im. \u015aw. Rafa\u0142a w Czerwonej G\u00f3rze","url":"https:\/\/czerwonagora.pl\/","logo":{"@type":"ImageObject","inLanguage":"pl-PL","@id":"https:\/\/czerwonagora.pl\/#\/schema\/logo\/image\/","url":"https:\/\/czerwonagora.pl\/wp-content\/uploads\/2021\/06\/Logo-WSS-DUZE-transparentne.png","contentUrl":"https:\/\/czerwonagora.pl\/wp-content\/uploads\/2021\/06\/Logo-WSS-DUZE-transparentne.png","width":4210,"height":2975,"caption":"Wojew\u00f3dzki Szpital Specjalistyczny im. \u015aw. Rafa\u0142a w Czerwonej G\u00f3rze"},"image":{"@id":"https:\/\/czerwonagora.pl\/#\/schema\/logo\/image\/"},"sameAs":["https:\/\/www.facebook.com\/SzpitalCzerwonaGora\/"]}]}},"publishpress_future_action":{"enabled":false,"date":"2026-04-13 01:37:50","action":"change-status","newStatus":"draft","terms":[],"taxonomy":"","extraData":[]},"publishpress_future_workflow_manual_trigger":{"enabledWorkflows":[]},"_links":{"self":[{"href":"https:\/\/czerwonagora.pl\/index.php\/wp-json\/wp\/v2\/pages\/4743","targetHints":{"allow":["GET"]}}],"collection":[{"href":"https:\/\/czerwonagora.pl\/index.php\/wp-json\/wp\/v2\/pages"}],"about":[{"href":"https:\/\/czerwonagora.pl\/index.php\/wp-json\/wp\/v2\/types\/page"}],"author":[{"embeddable":true,"href":"https:\/\/czerwonagora.pl\/index.php\/wp-json\/wp\/v2\/users\/3"}],"replies":[{"embeddable":true,"href":"https:\/\/czerwonagora.pl\/index.php\/wp-json\/wp\/v2\/comments?post=4743"}],"version-history":[{"count":88,"href":"https:\/\/czerwonagora.pl\/index.php\/wp-json\/wp\/v2\/pages\/4743\/revisions"}],"predecessor-version":[{"id":29391,"href":"https:\/\/czerwonagora.pl\/index.php\/wp-json\/wp\/v2\/pages\/4743\/revisions\/29391"}],"wp:attachment":[{"href":"https:\/\/czerwonagora.pl\/index.php\/wp-json\/wp\/v2\/media?parent=4743"}],"curies":[{"name":"wp","href":"https:\/\/api.w.org\/{rel}","templated":true}]}}