{"id":4773,"date":"2021-06-23T13:40:35","date_gmt":"2021-06-23T11:40:35","guid":{"rendered":"https:\/\/czerwonagora.pl\/?page_id=4773"},"modified":"2025-03-24T09:30:17","modified_gmt":"2025-03-24T08:30:17","slug":"poradnia-urologiczna","status":"publish","type":"page","link":"https:\/\/czerwonagora.pl\/index.php\/poradnia-urologiczna\/","title":{"rendered":"Poradnia Urologiczna"},"content":{"rendered":"\t\t<div data-elementor-type=\"wp-page\" data-elementor-id=\"4773\" class=\"elementor elementor-4773\">\n\t\t\t\t\t\t<section class=\"elementor-section elementor-top-section elementor-element elementor-element-11be5877 elementor-section-stretched elementor-section-boxed elementor-section-height-default elementor-section-height-default\" data-id=\"11be5877\" data-element_type=\"section\" data-e-type=\"section\" data-settings=\"{&quot;stretch_section&quot;:&quot;section-stretched&quot;}\">\n\t\t\t\t\t\t<div class=\"elementor-container elementor-column-gap-default\">\n\t\t\t\t\t<div class=\"elementor-column elementor-col-66 elementor-top-column elementor-element elementor-element-424b047a\" data-id=\"424b047a\" data-element_type=\"column\" data-e-type=\"column\">\n\t\t\t<div class=\"elementor-widget-wrap elementor-element-populated\">\n\t\t\t\t\t\t<div class=\"elementor-element elementor-element-00891a0 elementor-position-inline-start elementor-view-default elementor-mobile-position-block-start elementor-widget elementor-widget-icon-box\" data-id=\"00891a0\" data-element_type=\"widget\" data-e-type=\"widget\" data-widget_type=\"icon-box.default\">\n\t\t\t\t<div class=\"elementor-widget-container\">\n\t\t\t\t\t\t\t<div class=\"elementor-icon-box-wrapper\">\n\n\t\t\t\t\t\t<div class=\"elementor-icon-box-icon\">\n\t\t\t\t<span  class=\"elementor-icon\">\n\t\t\t\t<svg xmlns=\"http:\/\/www.w3.org\/2000\/svg\" id=\"f7a7fb4f-281c-42ae-8428-432582ea47cb\" data-name=\"Layer 1\" width=\"38.9622\" height=\"56.0984\" viewBox=\"0 0 38.9622 56.0984\"><path d=\"M31.2146,31.5151a7.7707,7.7707,0,0,0-1.55,15.3806l.5069.1036v.6879a7.3384,7.3384,0,1,1-14.6768,0v-17.47l.5636-.0629A14.4985,14.4985,0,0,0,28.9049,15.7534V5.4449A4.4061,4.4061,0,0,0,24.51,1.0379H20.1146v2.091H24.51a2.3155,2.3155,0,0,1,2.31,2.316V15.7534a12.3671,12.3671,0,1,1-24.7341,0V5.4449a2.3154,2.3154,0,0,1,2.31-2.316H8.79V1.0379H4.3951A4.406,4.406,0,0,0,0,5.4449V15.7534A14.4983,14.4983,0,0,0,12.8461,30.1546l.5636.0629v17.47a9.4238,9.4238,0,1,0,18.8476,0v-.6879l.507-.1036a7.7707,7.7707,0,0,0-1.55-15.3806Zm0,13.4458a5.6774,5.6774,0,1,1,5.6622-5.6773A5.6762,5.6762,0,0,1,31.2146,44.9609Z\" transform=\"translate(0 -1.0379)\" style=\"fill-rule:evenodd\"><\/path><rect x=\"30\" y=\"36.9621\" width=\"2\" height=\"2\"><\/rect><\/svg>\t\t\t\t<\/span>\n\t\t\t<\/div>\n\t\t\t\n\t\t\t\t\t\t<div class=\"elementor-icon-box-content\">\n\n\t\t\t\t\t\t\t\t\t<h3 class=\"elementor-icon-box-title\">\n\t\t\t\t\t\t<span  >\n\t\t\t\t\t\t\tPoradnia Urologiczna\t\t\t\t\t\t<\/span>\n\t\t\t\t\t<\/h3>\n\t\t\t\t\n\t\t\t\t\t\t\t\t\t<p class=\"elementor-icon-box-description\">\n\t\t\t\t\t\tPoradnia urologiczna udziela \u015bwiadcze\u0144 w zakresie pe\u0142nej, kompleksowej, nowoczesnej diagnostyki chor\u00f3b uk\u0142adu moczowo-p\u0142ciowego, z mo\u017cliwo\u015bci\u0105 leczenia ambulatoryjnego lub kwalifikacji do leczenia zabiegowego w ramach Oddzia\u0142u Urologii tutejszego Szpitala\t\t\t\t\t<\/p>\n\t\t\t\t\n\t\t\t<\/div>\n\t\t\t\n\t\t<\/div>\n\t\t\t\t\t\t<\/div>\n\t\t\t\t<\/div>\n\t\t\t\t<div class=\"elementor-element elementor-element-fdc07ce elementor-widget elementor-widget-text-editor\" data-id=\"fdc07ce\" data-element_type=\"widget\" data-e-type=\"widget\" data-widget_type=\"text-editor.default\">\n\t\t\t\t<div class=\"elementor-widget-container\">\n\t\t\t\t\t\t\t\t\t<div data-tab=\"1\" aria-labelledby=\"godziny-przyjcia\">\n<h4><em><strong>Godziny przyj\u0119\u0107:<br><\/strong><\/em><\/h4>\n<ul>\n<li><strong>Poniedzia\u0142ek<\/strong>: 8<sup>30<\/sup> &#8211; 14<sup>00<\/sup><sup><br><\/sup><\/li>\n<li><strong>Wtorek<\/strong>: 8<sup>00<\/sup> &#8211; 14<sup>00<\/sup><\/li>\n<li><strong>\u015aroda<\/strong>: 8<sup>00<\/sup> &#8211;&nbsp; 14<sup>00<\/sup><\/li>\n<li><strong>Czwartek<\/strong>: 8<sup>00<\/sup> &#8211; 14<sup>00<\/sup><\/li>\n<li><strong>Pi\u0105tek<\/strong>: 8<sup>00<\/sup> &#8211; 14<sup>00<\/sup><\/li>\n<\/ul>\n<h4>&nbsp;<strong>Lekarze przyjmuj\u0105cy:<\/strong><\/h4>\n<ul>\n<li style=\"list-style-type: none;\">\n<ul>\n<li>lek. <strong>Tomasz Suchojad \u2013<\/strong> specjalista urolog<\/li>\n<li>lek. <strong>Przemys\u0142aw Wo\u017aniak \u2013 <\/strong>specjalista urolog<\/li>\n\n\n<li>lek.<strong> Mateusz Michta \u2013 <\/strong>specjalista urolog<\/li>\n<li>lek. <strong>Pawe\u0142 Wrona \u2013 <\/strong>specjalista urolog<\/li>\n\n<li>lek.<strong> Piotr Korczy\u0144ski \u2013 <\/strong>specjalista urolog<\/li>\n<li>lek. <strong>Filip Ko\u0142odziejski <\/strong><\/li>\n<li>lek. <strong>Bart\u0142omiej Korczak <\/strong><\/li>\n<li>lek. <strong>Jakub M\u0119\u017cy\u0144ski <\/strong><\/li>\n<li>lek. <strong>Kamil Poche\u0107<\/strong><\/li>\n<\/ul>\n<\/li>\n<\/ul>\n<h5>Piel\u0119gniarka \u2013 Gra\u017cyna \u017b\u0105d\u0142o \u2013 Starszy asystent specjalista w dziedzinie piel\u0119gniarstwa chirurgicznego<\/h5>\n<\/div>\t\t\t\t\t\t\t\t<\/div>\n\t\t\t\t<\/div>\n\t\t\t\t<div class=\"elementor-element elementor-element-6a0c2509 elementor-widget elementor-widget-text-editor\" data-id=\"6a0c2509\" data-element_type=\"widget\" data-e-type=\"widget\" data-widget_type=\"text-editor.default\">\n\t\t\t\t<div class=\"elementor-widget-container\">\n\t\t\t\t\t\t\t\t\t<p>Poradnia ma charakter konsultacyjny w stosunku do pacjent\u00f3w, b\u0105d\u017a oczekuj\u0105cych<br \/>na leczenie w Oddziale Urologicznym. Porady lekarskie (kontrole poszpitalne, porady<br \/>pierwszorazowe, konsultacje dla innych jednostek) oraz \u015bwiadczenia zabiegowe:<br \/>opatrunki, usuni\u0119cia szw\u00f3w, wymiana i usuwanie cewnik\u00f3w<br \/>z p\u0119cherza moczowego, wlewki dop\u0119cherzowe z BCG, biopsje fuzyjne prostaty,<br \/>badanie urodynamiczne.<\/p><p>W ramach poradni urologicznej funkcjonuje Pracownia ESWL <strong>(gab. 4)<\/strong> kt\u00f3rej<br \/>zadaniem jest wykonywanie w warunkach ambulatoryjnych zabiegu rozkruszania<br \/>kamieni nerkowych metod\u0105 ESWL czyli tzw. Litotrypsja zewn\u0105trzustrojow\u0105 fal\u0105<br \/>uderzeniow\u0105.<\/p><p>W poradni urologicznej funkcjonuje r\u00f3wnie\u017c Pracownia Bada\u0144<br \/>Urodynamicznych <strong>(gab. 3)<\/strong> Podstawowym zadaniem Pracowni jest wykonywanie<br \/>bada\u0144 urodynamicznych maj\u0105cych na celu czynno\u015bciow\u0105 ocen\u0119 funkcji dolnych dr\u00f3g<br \/>moczowych podczas fazy nape\u0142niania i opr\u00f3\u017cniania p\u0119cherza moczowego.<\/p><h4><strong>Zasady rejestracji pacjent\u00f3w<\/strong><\/h4><p>Rejestracja pacjent\u00f3w do lekarzy specjalist\u00f3w odbywa si\u0119 na podstawie aktualnego<br \/>dokumentu potwierdzaj\u0105cego prawo do \u015bwiadcze\u0144 zdrowotnych oraz skierowania<br \/>wystawionego przez lekarza ubezpieczenia zdrowotnego.<\/p><h4><strong>SKIEROWANIE NIE JEST WYMAGANE W STANACH NAG\u0141EGO ZAGRO\u017bENIA ZDROWIA<\/strong><\/h4><p>Pacjent ma obowi\u0105zek niezw\u0142ocznego powiadomienia Rejestracji 41 306 70 60 w<br \/>przypadku gdy nie mo\u017ce zg\u0142osi\u0107 si\u0119 w wyznaczonym terminie lub rezygnuje ze<br \/>\u015bwiadczenia<\/p>\t\t\t\t\t\t\t\t<\/div>\n\t\t\t\t<\/div>\n\t\t\t\t\t<\/div>\n\t\t<\/div>\n\t\t\t\t<div class=\"elementor-column elementor-col-33 elementor-top-column elementor-element elementor-element-108e3dd1\" data-id=\"108e3dd1\" data-element_type=\"column\" data-e-type=\"column\" data-settings=\"{&quot;background_background&quot;:&quot;classic&quot;}\">\n\t\t\t<div class=\"elementor-widget-wrap elementor-element-populated\">\n\t\t\t\t\t\t<div class=\"elementor-element elementor-element-29a42b25 elementor-view-default elementor-widget elementor-widget-icon\" data-id=\"29a42b25\" data-element_type=\"widget\" data-e-type=\"widget\" data-widget_type=\"icon.default\">\n\t\t\t\t<div class=\"elementor-widget-container\">\n\t\t\t\t\t\t\t<div class=\"elementor-icon-wrapper\">\n\t\t\t<div class=\"elementor-icon\">\n\t\t\t<i aria-hidden=\"true\" class=\"fas fa-phone-square\"><\/i>\t\t\t<\/div>\n\t\t<\/div>\n\t\t\t\t\t\t<\/div>\n\t\t\t\t<\/div>\n\t\t\t\t<div class=\"elementor-element elementor-element-35617b98 elementor-widget elementor-widget-text-editor\" data-id=\"35617b98\" data-element_type=\"widget\" data-e-type=\"widget\" data-widget_type=\"text-editor.default\">\n\t\t\t\t<div class=\"elementor-widget-container\">\n\t\t\t\t\t\t\t\t\t<p><strong>Lokalizacja Budynek D, III pi\u0119tro<\/strong><\/p><p><strong>Gabinet nr. 2, 3, 4<\/strong><\/p><p>Rejestracja telefoniczna od poniedzia\u0142ku do pi\u0105tku w godzinach <strong>7:00 \u2013 14:30<\/strong> \u00a0\u00a0\u00a0\u00a0\u00a0\u00a0\u00a0\u00a0\u00a0\u00a0\u00a0\u00a0\u00a0\u00a0\u00a0\u00a0\u00a0\u00a0\u00a0\u00a0\u00a0\u00a0\u00a0\u00a0\u00a0\u00a0\u00a0\u00a0\u00a0\u00a0\u00a0\u00a0\u00a0\u00a0\u00a0\u00a0\u00a0\u00a0 pod nr telefonu <strong>41 306 70 60<\/strong><\/p><p>Rejestracja Elektroniczna 7 dni w tygodniu 24h\/dob\u0119<\/p>\t\t\t\t\t\t\t\t<\/div>\n\t\t\t\t<\/div>\n\t\t\t\t\t<\/div>\n\t\t<\/div>\n\t\t\t\t\t<\/div>\n\t\t<\/section>\n\t\t\t\t<section class=\"elementor-section elementor-top-section elementor-element elementor-element-52fa5c52 elementor-section-content-middle elementor-section-stretched elementor-section-boxed elementor-section-height-default elementor-section-height-default\" data-id=\"52fa5c52\" data-element_type=\"section\" data-e-type=\"section\" data-settings=\"{&quot;stretch_section&quot;:&quot;section-stretched&quot;,&quot;background_background&quot;:&quot;classic&quot;}\">\n\t\t\t\t\t\t<div class=\"elementor-container elementor-column-gap-default\">\n\t\t\t\t\t<div class=\"elementor-column elementor-col-50 elementor-top-column elementor-element elementor-element-13895b0e\" data-id=\"13895b0e\" data-element_type=\"column\" data-e-type=\"column\">\n\t\t\t<div class=\"elementor-widget-wrap elementor-element-populated\">\n\t\t\t\t\t\t<div class=\"elementor-element elementor-element-59e67c75 elementor-position-inline-start elementor-view-stacked elementor-shape-circle elementor-mobile-position-block-start elementor-widget elementor-widget-icon-box\" data-id=\"59e67c75\" data-element_type=\"widget\" data-e-type=\"widget\" data-widget_type=\"icon-box.default\">\n\t\t\t\t<div class=\"elementor-widget-container\">\n\t\t\t\t\t\t\t<div class=\"elementor-icon-box-wrapper\">\n\n\t\t\t\t\t\t<div class=\"elementor-icon-box-icon\">\n\t\t\t\t<span  class=\"elementor-icon elementor-animation-grow\">\n\t\t\t\t<i aria-hidden=\"true\" class=\"far fa-address-card\"><\/i>\t\t\t\t<\/span>\n\t\t\t<\/div>\n\t\t\t\n\t\t\t\t\t\t<div class=\"elementor-icon-box-content\">\n\n\t\t\t\t\t\t\t\t\t<h3 class=\"elementor-icon-box-title\">\n\t\t\t\t\t\t<span  >\n\t\t\t\t\t\t\tRejestracja on-line\t\t\t\t\t\t<\/span>\n\t\t\t\t\t<\/h3>\n\t\t\t\t\n\t\t\t\t\n\t\t\t<\/div>\n\t\t\t\n\t\t<\/div>\n\t\t\t\t\t\t<\/div>\n\t\t\t\t<\/div>\n\t\t\t\t<div class=\"elementor-element elementor-element-14232053 elementor-align-start elementor-icon-list--layout-traditional elementor-list-item-link-full_width elementor-widget elementor-widget-icon-list\" data-id=\"14232053\" data-element_type=\"widget\" data-e-type=\"widget\" data-widget_type=\"icon-list.default\">\n\t\t\t\t<div class=\"elementor-widget-container\">\n\t\t\t\t\t\t\t<ul class=\"elementor-icon-list-items\">\n\t\t\t\t\t\t\t<li class=\"elementor-icon-list-item\">\n\t\t\t\t\t\t\t\t\t\t<span class=\"elementor-icon-list-text\">Wychodz\u0105c naprzeciw Pa\u0144stwa oczekiwaniom, stworzyli\u015bmy mo\u017cliwo\u015b\u0107 rezerwacji terminu wizyty do poradni specjalistycznych drog\u0105 elektroniczn\u0105. <\/span>\n\t\t\t\t\t\t\t\t\t<\/li>\n\t\t\t\t\t\t<\/ul>\n\t\t\t\t\t\t<\/div>\n\t\t\t\t<\/div>\n\t\t\t\t<div class=\"elementor-element elementor-element-111ce29f elementor-align-center elementor-widget elementor-widget-button\" data-id=\"111ce29f\" data-element_type=\"widget\" data-e-type=\"widget\" data-widget_type=\"button.default\">\n\t\t\t\t<div class=\"elementor-widget-container\">\n\t\t\t\t\t\t\t\t\t<div class=\"elementor-button-wrapper\">\n\t\t\t\t\t<a class=\"elementor-button elementor-button-link elementor-size-sm elementor-animation-grow\" href=\"https:\/\/erejestracja.czerwonagora.pl\/mpi\/app\/#\/login\">\n\t\t\t\t\t\t<span class=\"elementor-button-content-wrapper\">\n\t\t\t\t\t\t\t\t\t<span class=\"elementor-button-text\">Zarejestruj si\u0119<\/span>\n\t\t\t\t\t<\/span>\n\t\t\t\t\t<\/a>\n\t\t\t\t<\/div>\n\t\t\t\t\t\t\t\t<\/div>\n\t\t\t\t<\/div>\n\t\t\t\t\t<\/div>\n\t\t<\/div>\n\t\t\t\t<div class=\"elementor-column elementor-col-50 elementor-top-column elementor-element elementor-element-a6c546c\" data-id=\"a6c546c\" data-element_type=\"column\" data-e-type=\"column\">\n\t\t\t<div class=\"elementor-widget-wrap elementor-element-populated\">\n\t\t\t\t\t\t<div class=\"elementor-element elementor-element-4b6ab7cb elementor-widget elementor-widget-image\" data-id=\"4b6ab7cb\" data-element_type=\"widget\" data-e-type=\"widget\" data-widget_type=\"image.default\">\n\t\t\t\t<div class=\"elementor-widget-container\">\n\t\t\t\t\t\t\t\t\t\t\t\t\t\t\t<img fetchpriority=\"high\" decoding=\"async\" width=\"519\" height=\"200\" src=\"https:\/\/czerwonagora.pl\/wp-content\/uploads\/2021\/06\/logo-eRejestracja.png\" class=\"attachment-full size-full wp-image-3942\" alt=\"ikona w kszta\u0142cie krzy\u017ca koloru niebieskiego z napisem rejestracja On-Line\" srcset=\"https:\/\/czerwonagora.pl\/wp-content\/uploads\/2021\/06\/logo-eRejestracja.png 519w, https:\/\/czerwonagora.pl\/wp-content\/uploads\/2021\/06\/logo-eRejestracja-300x116.png 300w\" sizes=\"(max-width: 519px) 100vw, 519px\" \/>\t\t\t\t\t\t\t\t\t\t\t\t\t\t\t<\/div>\n\t\t\t\t<\/div>\n\t\t\t\t\t<\/div>\n\t\t<\/div>\n\t\t\t\t\t<\/div>\n\t\t<\/section>\n\t\t\t\t<\/div>\n\t\t","protected":false},"excerpt":{"rendered":"<p>Poradnia Urologiczna Poradnia urologiczna udziela \u015bwiadcze\u0144 w zakresie pe\u0142nej, kompleksowej, nowoczesnej diagnostyki chor\u00f3b uk\u0142adu moczowo-p\u0142ciowego, z mo\u017cliwo\u015bci\u0105 leczenia ambulatoryjnego lub kwalifikacji do leczenia zabiegowego w ramach Oddzia\u0142u Urologii tutejszego Szpitala Godziny przyj\u0119\u0107: Poniedzia\u0142ek: 830 &#8211; 1400 Wtorek: 800 &#8211; 1400 \u015aroda: 800 &#8211;&nbsp; 1400 Czwartek: 800 &#8211; 1400 Pi\u0105tek: 800 &#8211; 1400 &nbsp;Lekarze przyjmuj\u0105cy: lek. [&hellip;]<\/p>\n","protected":false},"author":3,"featured_media":0,"parent":0,"menu_order":0,"comment_status":"closed","ping_status":"closed","template":"","meta":{"zakra_page_container_layout":"customizer","zakra_page_sidebar_layout":"customizer","zakra_remove_content_margin":false,"zakra_sidebar":"customizer","zakra_transparent_header":"customizer","zakra_logo":0,"zakra_main_header_style":"default","zakra_menu_item_color":"","zakra_menu_item_hover_color":"","zakra_menu_item_active_color":"","zakra_menu_active_style":"","zakra_page_header":true,"footnotes":""},"class_list":["post-4773","page","type-page","status-publish","hentry"],"yoast_head":"<!-- This site is optimized with the Yoast SEO plugin v27.3 - https:\/\/yoast.com\/product\/yoast-seo-wordpress\/ -->\n<title>Poradnia Urologiczna - Wojew\u00f3dzki Szpital Specjalistyczny im. \u015aw. Rafa\u0142a w Czerwonej G\u00f3rze<\/title>\n<meta name=\"robots\" content=\"index, follow, max-snippet:-1, max-image-preview:large, max-video-preview:-1\" \/>\n<link rel=\"canonical\" href=\"https:\/\/czerwonagora.pl\/index.php\/poradnia-urologiczna\/\" \/>\n<meta property=\"og:locale\" content=\"pl_PL\" \/>\n<meta property=\"og:type\" content=\"article\" \/>\n<meta property=\"og:title\" content=\"Poradnia Urologiczna - Wojew\u00f3dzki Szpital Specjalistyczny im. \u015aw. Rafa\u0142a w Czerwonej G\u00f3rze\" \/>\n<meta property=\"og:description\" content=\"Poradnia Urologiczna Poradnia urologiczna udziela \u015bwiadcze\u0144 w zakresie pe\u0142nej, kompleksowej, nowoczesnej diagnostyki chor\u00f3b uk\u0142adu moczowo-p\u0142ciowego, z mo\u017cliwo\u015bci\u0105 leczenia ambulatoryjnego lub kwalifikacji do leczenia zabiegowego w ramach Oddzia\u0142u Urologii tutejszego Szpitala Godziny przyj\u0119\u0107: Poniedzia\u0142ek: 830 &#8211; 1400 Wtorek: 800 &#8211; 1400 \u015aroda: 800 &#8211;&nbsp; 1400 Czwartek: 800 &#8211; 1400 Pi\u0105tek: 800 &#8211; 1400 &nbsp;Lekarze przyjmuj\u0105cy: lek. [&hellip;]\" \/>\n<meta property=\"og:url\" content=\"https:\/\/czerwonagora.pl\/index.php\/poradnia-urologiczna\/\" \/>\n<meta property=\"og:site_name\" content=\"Wojew\u00f3dzki Szpital Specjalistyczny im. \u015aw. Rafa\u0142a w Czerwonej G\u00f3rze\" \/>\n<meta property=\"article:publisher\" content=\"https:\/\/www.facebook.com\/SzpitalCzerwonaGora\/\" \/>\n<meta property=\"article:modified_time\" content=\"2025-03-24T08:30:17+00:00\" \/>\n<meta property=\"og:image\" content=\"https:\/\/czerwonagora.pl\/wp-content\/uploads\/2021\/06\/logo-eRejestracja.png\" \/>\n\t<meta property=\"og:image:width\" content=\"519\" \/>\n\t<meta property=\"og:image:height\" content=\"200\" \/>\n\t<meta property=\"og:image:type\" content=\"image\/png\" \/>\n<meta name=\"twitter:card\" content=\"summary_large_image\" \/>\n<meta name=\"twitter:label1\" content=\"Szacowany czas czytania\" \/>\n\t<meta name=\"twitter:data1\" content=\"2 minuty\" \/>\n<script type=\"application\/ld+json\" class=\"yoast-schema-graph\">{\"@context\":\"https:\\\/\\\/schema.org\",\"@graph\":[{\"@type\":\"WebPage\",\"@id\":\"https:\\\/\\\/czerwonagora.pl\\\/index.php\\\/poradnia-urologiczna\\\/\",\"url\":\"https:\\\/\\\/czerwonagora.pl\\\/index.php\\\/poradnia-urologiczna\\\/\",\"name\":\"Poradnia Urologiczna - Wojew\u00f3dzki Szpital Specjalistyczny im. \u015aw. Rafa\u0142a w Czerwonej G\u00f3rze\",\"isPartOf\":{\"@id\":\"https:\\\/\\\/czerwonagora.pl\\\/#website\"},\"primaryImageOfPage\":{\"@id\":\"https:\\\/\\\/czerwonagora.pl\\\/index.php\\\/poradnia-urologiczna\\\/#primaryimage\"},\"image\":{\"@id\":\"https:\\\/\\\/czerwonagora.pl\\\/index.php\\\/poradnia-urologiczna\\\/#primaryimage\"},\"thumbnailUrl\":\"https:\\\/\\\/czerwonagora.pl\\\/wp-content\\\/uploads\\\/2021\\\/06\\\/logo-eRejestracja.png\",\"datePublished\":\"2021-06-23T11:40:35+00:00\",\"dateModified\":\"2025-03-24T08:30:17+00:00\",\"breadcrumb\":{\"@id\":\"https:\\\/\\\/czerwonagora.pl\\\/index.php\\\/poradnia-urologiczna\\\/#breadcrumb\"},\"inLanguage\":\"pl-PL\",\"potentialAction\":[{\"@type\":\"ReadAction\",\"target\":[\"https:\\\/\\\/czerwonagora.pl\\\/index.php\\\/poradnia-urologiczna\\\/\"]}]},{\"@type\":\"ImageObject\",\"inLanguage\":\"pl-PL\",\"@id\":\"https:\\\/\\\/czerwonagora.pl\\\/index.php\\\/poradnia-urologiczna\\\/#primaryimage\",\"url\":\"https:\\\/\\\/czerwonagora.pl\\\/wp-content\\\/uploads\\\/2021\\\/06\\\/logo-eRejestracja.png\",\"contentUrl\":\"https:\\\/\\\/czerwonagora.pl\\\/wp-content\\\/uploads\\\/2021\\\/06\\\/logo-eRejestracja.png\",\"width\":519,\"height\":200,\"caption\":\"ikona w kszta\u0142cie krzy\u017ca koloru niebieskiego z napisem rejestracja On-Line\"},{\"@type\":\"BreadcrumbList\",\"@id\":\"https:\\\/\\\/czerwonagora.pl\\\/index.php\\\/poradnia-urologiczna\\\/#breadcrumb\",\"itemListElement\":[{\"@type\":\"ListItem\",\"position\":1,\"name\":\"Strona g\u0142\u00f3wna\",\"item\":\"https:\\\/\\\/czerwonagora.pl\\\/\"},{\"@type\":\"ListItem\",\"position\":2,\"name\":\"Poradnia Urologiczna\"}]},{\"@type\":\"WebSite\",\"@id\":\"https:\\\/\\\/czerwonagora.pl\\\/#website\",\"url\":\"https:\\\/\\\/czerwonagora.pl\\\/\",\"name\":\"Wojew\u00f3dzki Szpital Specjalistyczny im. \u015aw. Rafa\u0142a w Czerwonej G\u00f3rze\",\"description\":\"Wojew\u00f3dzki Szpital Specjalistyczny im. \u015aw. Rafa\u0142a w Czerwonej G\u00f3rze\",\"publisher\":{\"@id\":\"https:\\\/\\\/czerwonagora.pl\\\/#organization\"},\"potentialAction\":[{\"@type\":\"SearchAction\",\"target\":{\"@type\":\"EntryPoint\",\"urlTemplate\":\"https:\\\/\\\/czerwonagora.pl\\\/?s={search_term_string}\"},\"query-input\":{\"@type\":\"PropertyValueSpecification\",\"valueRequired\":true,\"valueName\":\"search_term_string\"}}],\"inLanguage\":\"pl-PL\"},{\"@type\":\"Organization\",\"@id\":\"https:\\\/\\\/czerwonagora.pl\\\/#organization\",\"name\":\"Wojew\u00f3dzki Szpital Specjalistyczny im. \u015aw. Rafa\u0142a w Czerwonej G\u00f3rze\",\"url\":\"https:\\\/\\\/czerwonagora.pl\\\/\",\"logo\":{\"@type\":\"ImageObject\",\"inLanguage\":\"pl-PL\",\"@id\":\"https:\\\/\\\/czerwonagora.pl\\\/#\\\/schema\\\/logo\\\/image\\\/\",\"url\":\"https:\\\/\\\/czerwonagora.pl\\\/wp-content\\\/uploads\\\/2021\\\/06\\\/Logo-WSS-DUZE-transparentne.png\",\"contentUrl\":\"https:\\\/\\\/czerwonagora.pl\\\/wp-content\\\/uploads\\\/2021\\\/06\\\/Logo-WSS-DUZE-transparentne.png\",\"width\":4210,\"height\":2975,\"caption\":\"Wojew\u00f3dzki Szpital Specjalistyczny im. \u015aw. Rafa\u0142a w Czerwonej G\u00f3rze\"},\"image\":{\"@id\":\"https:\\\/\\\/czerwonagora.pl\\\/#\\\/schema\\\/logo\\\/image\\\/\"},\"sameAs\":[\"https:\\\/\\\/www.facebook.com\\\/SzpitalCzerwonaGora\\\/\"]}]}<\/script>\n<!-- \/ Yoast SEO plugin. -->","yoast_head_json":{"title":"Poradnia Urologiczna - Wojew\u00f3dzki Szpital Specjalistyczny im. \u015aw. Rafa\u0142a w Czerwonej G\u00f3rze","robots":{"index":"index","follow":"follow","max-snippet":"max-snippet:-1","max-image-preview":"max-image-preview:large","max-video-preview":"max-video-preview:-1"},"canonical":"https:\/\/czerwonagora.pl\/index.php\/poradnia-urologiczna\/","og_locale":"pl_PL","og_type":"article","og_title":"Poradnia Urologiczna - Wojew\u00f3dzki Szpital Specjalistyczny im. \u015aw. Rafa\u0142a w Czerwonej G\u00f3rze","og_description":"Poradnia Urologiczna Poradnia urologiczna udziela \u015bwiadcze\u0144 w zakresie pe\u0142nej, kompleksowej, nowoczesnej diagnostyki chor\u00f3b uk\u0142adu moczowo-p\u0142ciowego, z mo\u017cliwo\u015bci\u0105 leczenia ambulatoryjnego lub kwalifikacji do leczenia zabiegowego w ramach Oddzia\u0142u Urologii tutejszego Szpitala Godziny przyj\u0119\u0107: Poniedzia\u0142ek: 830 &#8211; 1400 Wtorek: 800 &#8211; 1400 \u015aroda: 800 &#8211;&nbsp; 1400 Czwartek: 800 &#8211; 1400 Pi\u0105tek: 800 &#8211; 1400 &nbsp;Lekarze przyjmuj\u0105cy: lek. [&hellip;]","og_url":"https:\/\/czerwonagora.pl\/index.php\/poradnia-urologiczna\/","og_site_name":"Wojew\u00f3dzki Szpital Specjalistyczny im. \u015aw. Rafa\u0142a w Czerwonej G\u00f3rze","article_publisher":"https:\/\/www.facebook.com\/SzpitalCzerwonaGora\/","article_modified_time":"2025-03-24T08:30:17+00:00","og_image":[{"width":519,"height":200,"url":"https:\/\/czerwonagora.pl\/wp-content\/uploads\/2021\/06\/logo-eRejestracja.png","type":"image\/png"}],"twitter_card":"summary_large_image","twitter_misc":{"Szacowany czas czytania":"2 minuty"},"schema":{"@context":"https:\/\/schema.org","@graph":[{"@type":"WebPage","@id":"https:\/\/czerwonagora.pl\/index.php\/poradnia-urologiczna\/","url":"https:\/\/czerwonagora.pl\/index.php\/poradnia-urologiczna\/","name":"Poradnia Urologiczna - Wojew\u00f3dzki Szpital Specjalistyczny im. \u015aw. Rafa\u0142a w Czerwonej G\u00f3rze","isPartOf":{"@id":"https:\/\/czerwonagora.pl\/#website"},"primaryImageOfPage":{"@id":"https:\/\/czerwonagora.pl\/index.php\/poradnia-urologiczna\/#primaryimage"},"image":{"@id":"https:\/\/czerwonagora.pl\/index.php\/poradnia-urologiczna\/#primaryimage"},"thumbnailUrl":"https:\/\/czerwonagora.pl\/wp-content\/uploads\/2021\/06\/logo-eRejestracja.png","datePublished":"2021-06-23T11:40:35+00:00","dateModified":"2025-03-24T08:30:17+00:00","breadcrumb":{"@id":"https:\/\/czerwonagora.pl\/index.php\/poradnia-urologiczna\/#breadcrumb"},"inLanguage":"pl-PL","potentialAction":[{"@type":"ReadAction","target":["https:\/\/czerwonagora.pl\/index.php\/poradnia-urologiczna\/"]}]},{"@type":"ImageObject","inLanguage":"pl-PL","@id":"https:\/\/czerwonagora.pl\/index.php\/poradnia-urologiczna\/#primaryimage","url":"https:\/\/czerwonagora.pl\/wp-content\/uploads\/2021\/06\/logo-eRejestracja.png","contentUrl":"https:\/\/czerwonagora.pl\/wp-content\/uploads\/2021\/06\/logo-eRejestracja.png","width":519,"height":200,"caption":"ikona w kszta\u0142cie krzy\u017ca koloru niebieskiego z napisem rejestracja On-Line"},{"@type":"BreadcrumbList","@id":"https:\/\/czerwonagora.pl\/index.php\/poradnia-urologiczna\/#breadcrumb","itemListElement":[{"@type":"ListItem","position":1,"name":"Strona g\u0142\u00f3wna","item":"https:\/\/czerwonagora.pl\/"},{"@type":"ListItem","position":2,"name":"Poradnia Urologiczna"}]},{"@type":"WebSite","@id":"https:\/\/czerwonagora.pl\/#website","url":"https:\/\/czerwonagora.pl\/","name":"Wojew\u00f3dzki Szpital Specjalistyczny im. \u015aw. Rafa\u0142a w Czerwonej G\u00f3rze","description":"Wojew\u00f3dzki Szpital Specjalistyczny im. \u015aw. Rafa\u0142a w Czerwonej G\u00f3rze","publisher":{"@id":"https:\/\/czerwonagora.pl\/#organization"},"potentialAction":[{"@type":"SearchAction","target":{"@type":"EntryPoint","urlTemplate":"https:\/\/czerwonagora.pl\/?s={search_term_string}"},"query-input":{"@type":"PropertyValueSpecification","valueRequired":true,"valueName":"search_term_string"}}],"inLanguage":"pl-PL"},{"@type":"Organization","@id":"https:\/\/czerwonagora.pl\/#organization","name":"Wojew\u00f3dzki Szpital Specjalistyczny im. \u015aw. Rafa\u0142a w Czerwonej G\u00f3rze","url":"https:\/\/czerwonagora.pl\/","logo":{"@type":"ImageObject","inLanguage":"pl-PL","@id":"https:\/\/czerwonagora.pl\/#\/schema\/logo\/image\/","url":"https:\/\/czerwonagora.pl\/wp-content\/uploads\/2021\/06\/Logo-WSS-DUZE-transparentne.png","contentUrl":"https:\/\/czerwonagora.pl\/wp-content\/uploads\/2021\/06\/Logo-WSS-DUZE-transparentne.png","width":4210,"height":2975,"caption":"Wojew\u00f3dzki Szpital Specjalistyczny im. \u015aw. Rafa\u0142a w Czerwonej G\u00f3rze"},"image":{"@id":"https:\/\/czerwonagora.pl\/#\/schema\/logo\/image\/"},"sameAs":["https:\/\/www.facebook.com\/SzpitalCzerwonaGora\/"]}]}},"publishpress_future_action":{"enabled":false,"date":"2026-04-26 10:19:31","action":"change-status","newStatus":"draft","terms":[],"taxonomy":"","extraData":[]},"publishpress_future_workflow_manual_trigger":{"enabledWorkflows":[]},"_links":{"self":[{"href":"https:\/\/czerwonagora.pl\/index.php\/wp-json\/wp\/v2\/pages\/4773","targetHints":{"allow":["GET"]}}],"collection":[{"href":"https:\/\/czerwonagora.pl\/index.php\/wp-json\/wp\/v2\/pages"}],"about":[{"href":"https:\/\/czerwonagora.pl\/index.php\/wp-json\/wp\/v2\/types\/page"}],"author":[{"embeddable":true,"href":"https:\/\/czerwonagora.pl\/index.php\/wp-json\/wp\/v2\/users\/3"}],"replies":[{"embeddable":true,"href":"https:\/\/czerwonagora.pl\/index.php\/wp-json\/wp\/v2\/comments?post=4773"}],"version-history":[{"count":91,"href":"https:\/\/czerwonagora.pl\/index.php\/wp-json\/wp\/v2\/pages\/4773\/revisions"}],"predecessor-version":[{"id":26825,"href":"https:\/\/czerwonagora.pl\/index.php\/wp-json\/wp\/v2\/pages\/4773\/revisions\/26825"}],"wp:attachment":[{"href":"https:\/\/czerwonagora.pl\/index.php\/wp-json\/wp\/v2\/media?parent=4773"}],"curies":[{"name":"wp","href":"https:\/\/api.w.org\/{rel}","templated":true}]}}