{"id":5076,"date":"2021-06-24T09:06:01","date_gmt":"2021-06-24T07:06:01","guid":{"rendered":"https:\/\/czerwonagora.pl\/?page_id=5076"},"modified":"2025-03-28T07:46:25","modified_gmt":"2025-03-28T06:46:25","slug":"izba-przyjec-2","status":"publish","type":"page","link":"https:\/\/czerwonagora.pl\/index.php\/izba-przyjec-2\/","title":{"rendered":"Izba Przyj\u0119\u0107"},"content":{"rendered":"\t\t<div data-elementor-type=\"wp-page\" data-elementor-id=\"5076\" class=\"elementor elementor-5076\">\n\t\t\t\t\t\t<section class=\"elementor-section elementor-top-section elementor-element elementor-element-22d0cc2b elementor-section-stretched elementor-section-boxed elementor-section-height-default elementor-section-height-default elementor-invisible\" data-id=\"22d0cc2b\" data-element_type=\"section\" data-e-type=\"section\" data-settings=\"{&quot;stretch_section&quot;:&quot;section-stretched&quot;,&quot;animation&quot;:&quot;fadeIn&quot;,&quot;animation_delay&quot;:200}\">\n\t\t\t\t\t\t\t<div class=\"elementor-background-overlay\"><\/div>\n\t\t\t\t\t\t\t<div class=\"elementor-container elementor-column-gap-no\">\n\t\t\t\t\t<div class=\"elementor-column elementor-col-33 elementor-top-column elementor-element elementor-element-fb7440a\" data-id=\"fb7440a\" data-element_type=\"column\" data-e-type=\"column\">\n\t\t\t<div class=\"elementor-widget-wrap elementor-element-populated\">\n\t\t\t\t\t\t<div class=\"elementor-element elementor-element-4915a170 elementor-position-top elementor-invisible elementor-widget elementor-widget-image-box\" data-id=\"4915a170\" data-element_type=\"widget\" data-e-type=\"widget\" data-settings=\"{&quot;_animation&quot;:&quot;fadeIn&quot;}\" data-widget_type=\"image-box.default\">\n\t\t\t\t<div class=\"elementor-widget-container\">\n\t\t\t\t\t<div class=\"elementor-image-box-wrapper\"><figure class=\"elementor-image-box-img\"><img decoding=\"async\" width=\"180\" height=\"223\" src=\"https:\/\/czerwonagora.pl\/wp-content\/uploads\/2021\/06\/Kula.png\" class=\"attachment-full size-full wp-image-5232\" alt=\"kobieta ubrana w bia\u0142\u0105 odzie\u017c ochronn\u0105 usmiecha si\u0119\" \/><\/figure><div class=\"elementor-image-box-content\"><h1 class=\"elementor-image-box-title\"><strong>Marzanna Kula - W\u0142odarczyk<\/strong><\/h1><p class=\"elementor-image-box-description\">Kierownik Izby Przyj\u0119\u0107<\/p><\/div><\/div>\t\t\t\t<\/div>\n\t\t\t\t<\/div>\n\t\t\t\t<div class=\"elementor-element elementor-element-567e7d0f elementor-widget-divider--view-line elementor-widget elementor-widget-divider\" data-id=\"567e7d0f\" data-element_type=\"widget\" data-e-type=\"widget\" data-widget_type=\"divider.default\">\n\t\t\t\t<div class=\"elementor-widget-container\">\n\t\t\t\t\t\t\t<div class=\"elementor-divider\">\n\t\t\t<span class=\"elementor-divider-separator\">\n\t\t\t\t\t\t<\/span>\n\t\t<\/div>\n\t\t\t\t\t\t<\/div>\n\t\t\t\t<\/div>\n\t\t\t\t\t<\/div>\n\t\t<\/div>\n\t\t\t\t<div class=\"elementor-column elementor-col-33 elementor-top-column elementor-element elementor-element-33770c4e\" data-id=\"33770c4e\" data-element_type=\"column\" data-e-type=\"column\">\n\t\t\t<div class=\"elementor-widget-wrap elementor-element-populated\">\n\t\t\t\t\t\t<div class=\"elementor-element elementor-element-1c5acec6 elementor-position-top elementor-invisible elementor-widget elementor-widget-image-box\" data-id=\"1c5acec6\" data-element_type=\"widget\" data-e-type=\"widget\" data-settings=\"{&quot;_animation&quot;:&quot;fadeIn&quot;}\" data-widget_type=\"image-box.default\">\n\t\t\t\t<div class=\"elementor-widget-container\">\n\t\t\t\t\t<div class=\"elementor-image-box-wrapper\"><figure class=\"elementor-image-box-img\"><img decoding=\"async\" width=\"180\" height=\"223\" src=\"https:\/\/czerwonagora.pl\/wp-content\/uploads\/2021\/06\/Pastuszka_ik.png\" class=\"attachment-full size-full wp-image-5233\" alt=\"kobieta ubrana w bia\u0142\u0105 odzie\u017c ochronn\u0105 usmiecha si\u0119\" \/><\/figure><div class=\"elementor-image-box-content\"><h1 class=\"elementor-image-box-title\"><strong>Alicja Pastuszka<\/strong><\/h1><p class=\"elementor-image-box-description\">Piel. Koordynuj\u0105ca<\/p><\/div><\/div>\t\t\t\t<\/div>\n\t\t\t\t<\/div>\n\t\t\t\t<div class=\"elementor-element elementor-element-26ef6267 elementor-widget-divider--view-line elementor-widget elementor-widget-divider\" data-id=\"26ef6267\" data-element_type=\"widget\" data-e-type=\"widget\" data-widget_type=\"divider.default\">\n\t\t\t\t<div class=\"elementor-widget-container\">\n\t\t\t\t\t\t\t<div class=\"elementor-divider\">\n\t\t\t<span class=\"elementor-divider-separator\">\n\t\t\t\t\t\t<\/span>\n\t\t<\/div>\n\t\t\t\t\t\t<\/div>\n\t\t\t\t<\/div>\n\t\t\t\t\t<\/div>\n\t\t<\/div>\n\t\t\t\t<div class=\"elementor-column elementor-col-33 elementor-top-column elementor-element elementor-element-1fc51798\" data-id=\"1fc51798\" data-element_type=\"column\" data-e-type=\"column\">\n\t\t\t<div class=\"elementor-widget-wrap elementor-element-populated\">\n\t\t\t\t\t\t<div class=\"elementor-element elementor-element-6a90d16d elementor-position-top elementor-invisible elementor-widget elementor-widget-image-box\" data-id=\"6a90d16d\" data-element_type=\"widget\" data-e-type=\"widget\" data-settings=\"{&quot;_animation&quot;:&quot;fadeIn&quot;}\" data-widget_type=\"image-box.default\">\n\t\t\t\t<div class=\"elementor-widget-container\">\n\t\t\t\t\t<div class=\"elementor-image-box-wrapper\"><figure class=\"elementor-image-box-img\"><img decoding=\"async\" width=\"180\" height=\"223\" src=\"https:\/\/czerwonagora.pl\/wp-content\/uploads\/2021\/06\/Koordynujaca-ikona.png\" class=\"attachment-full size-full wp-image-3714\" alt=\"ikona sylwetka piel\u0119gniarki ze strzykawk\u0105 na zielonym tle\" \/><\/figure><div class=\"elementor-image-box-content\"><h1 class=\"elementor-image-box-title\"><strong>Dorota Mr\u00f3z<\/strong><\/h1><p class=\"elementor-image-box-description\">Z-ca Piel. Koordynuj\u0105cej<\/p><\/div><\/div>\t\t\t\t<\/div>\n\t\t\t\t<\/div>\n\t\t\t\t<div class=\"elementor-element elementor-element-65b7f242 elementor-widget-divider--view-line elementor-widget elementor-widget-divider\" data-id=\"65b7f242\" data-element_type=\"widget\" data-e-type=\"widget\" data-widget_type=\"divider.default\">\n\t\t\t\t<div class=\"elementor-widget-container\">\n\t\t\t\t\t\t\t<div class=\"elementor-divider\">\n\t\t\t<span class=\"elementor-divider-separator\">\n\t\t\t\t\t\t<\/span>\n\t\t<\/div>\n\t\t\t\t\t\t<\/div>\n\t\t\t\t<\/div>\n\t\t\t\t\t<\/div>\n\t\t<\/div>\n\t\t\t\t\t<\/div>\n\t\t<\/section>\n\t\t\t\t<section class=\"elementor-section elementor-top-section elementor-element elementor-element-1a05bd34 elementor-section-stretched elementor-section-boxed elementor-section-height-default elementor-section-height-default\" data-id=\"1a05bd34\" data-element_type=\"section\" data-e-type=\"section\" data-settings=\"{&quot;stretch_section&quot;:&quot;section-stretched&quot;}\">\n\t\t\t\t\t\t<div class=\"elementor-container elementor-column-gap-default\">\n\t\t\t\t\t<div class=\"elementor-column elementor-col-66 elementor-top-column elementor-element elementor-element-78bbbe8\" data-id=\"78bbbe8\" data-element_type=\"column\" data-e-type=\"column\">\n\t\t\t<div class=\"elementor-widget-wrap elementor-element-populated\">\n\t\t\t\t\t\t<div class=\"elementor-element elementor-element-22ece95a elementor-widget elementor-widget-text-editor\" data-id=\"22ece95a\" data-element_type=\"widget\" data-e-type=\"widget\" data-widget_type=\"text-editor.default\">\n\t\t\t\t<div class=\"elementor-widget-container\">\n\t\t\t\t\t\t\t\t\t<p><strong>Og\u00f3lna Izba\u00a0 Przyj\u0119\u0107<\/strong> zlokalizowana jest\u00a0 na parterze budynku A. Izba Przyj\u0119\u0107 wyposa\u017cona jest \u00a0w niezb\u0119dny sprz\u0119t medyczny \u2013 sto\u0142y zabiegowe, lampy bakteriob\u00f3jcze, defibrylatory, kardiomonitory itd. W sk\u0142ad Izby Og\u00f3lnej wchodz\u0105: rejestracja, gabinet przyj\u0119\u0107,\u00a0 gabinet zabiegowy, sala obserwacyjna , gipsownia, miejsce izolacji, pomieszczenie na depozyt pacjent\u00f3w, w\u0119ze\u0142 sanitarny.<\/p><p><strong>Izba Przyj\u0119\u0107 Pulmonologiczna<\/strong> zlokalizowana jest\u00a0 w nowym pawilonie- A2 &#8211; na parterze \u015awi\u0119tokrzyskiego Centrum Chor\u00f3b P\u0142uc\u00a0 , wyposa\u017cona\u00a0 jest w niezb\u0119dn\u0105 aparatur\u0119 medyczn\u0105.<\/p><p>W sk\u0142ad Izby Pulmonologicznej wchodz\u0105: rejestracja, gabinet przyj\u0119\u0107, \u00a0trzy pokoje bada\u0144, miejsca izolacji, w\u0119ze\u0142 sanitarny.<\/p><p>Obie izby przyj\u0119\u0107: pulmonologiczna w nowym pawilonie i og\u00f3lna na parterze budynku A znajd\u0105 si\u0119 w bezpo\u015brednim s\u0105siedztwie, co zdecydowanie usprawnia logistyk\u0119 w szpitalu i komfort samych pacjent\u00f3w.<\/p><p>\u00a0<\/p>\t\t\t\t\t\t\t\t<\/div>\n\t\t\t\t<\/div>\n\t\t\t\t<div class=\"elementor-element elementor-element-5d494d5 elementor-widget elementor-widget-image\" data-id=\"5d494d5\" data-element_type=\"widget\" data-e-type=\"widget\" data-widget_type=\"image.default\">\n\t\t\t\t<div class=\"elementor-widget-container\">\n\t\t\t\t\t\t\t\t\t\t\t\t\t\t\t<img loading=\"lazy\" decoding=\"async\" width=\"812\" height=\"808\" src=\"https:\/\/czerwonagora.pl\/wp-content\/uploads\/2024\/10\/Plan-IZBA-1024x1019.jpg\" class=\"attachment-large size-large wp-image-24827\" alt=\"\" srcset=\"https:\/\/czerwonagora.pl\/wp-content\/uploads\/2024\/10\/Plan-IZBA-1024x1019.jpg 1024w, https:\/\/czerwonagora.pl\/wp-content\/uploads\/2024\/10\/Plan-IZBA-300x300.jpg 300w, https:\/\/czerwonagora.pl\/wp-content\/uploads\/2024\/10\/Plan-IZBA-150x150.jpg 150w, https:\/\/czerwonagora.pl\/wp-content\/uploads\/2024\/10\/Plan-IZBA-768x765.jpg 768w, https:\/\/czerwonagora.pl\/wp-content\/uploads\/2024\/10\/Plan-IZBA.jpg 1536w\" sizes=\"(max-width: 812px) 100vw, 812px\" \/>\t\t\t\t\t\t\t\t\t\t\t\t\t\t\t<\/div>\n\t\t\t\t<\/div>\n\t\t\t\t<div class=\"elementor-element elementor-element-aa02555 elementor-widget elementor-widget-text-editor\" data-id=\"aa02555\" data-element_type=\"widget\" data-e-type=\"widget\" data-widget_type=\"text-editor.default\">\n\t\t\t\t<div class=\"elementor-widget-container\">\n\t\t\t\t\t\t\t\t\t<p><strong>Informacje dla pacjenta<\/strong><\/p><p><strong>Dokumenty jakie trzeba dostarczy\u0107 przychodz\u0105c do szpitala:<\/strong><\/p><ul><li>skierowanie do szpitala<\/li><li>dow\u00f3d osobisty i\/lub inny dokument to\u017csamo\u015bci<\/li><li>karty informacyjne z poprzednich pobyt\u00f3w w szpitalu<\/li><li>wyniki bada\u0144 analitycznych<\/li><li>wyniki bada\u0144 obrazowych na p\u0142ycie CD<\/li><\/ul><p><strong>Ponadto nale\u017cy ze sob\u0105 zabra\u0107:<\/strong><\/p><ul><li>pid\u017cam\u0119<\/li><li>szlafrok<\/li><li>trepki<\/li><li>przybory toaletowe, r\u0119cznik<\/li><li>sztu\u0107ce<\/li><li>szklank\u0119 lub kubek<\/li><\/ul><p>Pacjent ma mo\u017cliwo\u015b\u0107 pozostawienia swoich ubra\u0144 i warto\u015bciowych rzeczy w Depozycie Szpitala.<\/p><p><strong>Informacje dodatkowe:<\/strong><\/p><p>Drogi pacjencie je\u015bli nie chcesz sta\u0107 si\u0119 ofiar\u0105 przest\u0119pstwa przeczytaj poni\u017csze uwagi, kt\u00f3re pomog\u0105 Ci si\u0119 w znacznej mierze przed tym ustrzec:<\/p><ul><li>Nie trzymaj wi\u0119kszych kwot pieni\u0119dzy w szafce, je\u017celi jest to mo\u017cliwe niech rodzina systematycznie przynosi Ci pieni\u0105dze;<\/li><li>Trzymanie pieni\u0119dzy pod poduszk\u0105 lub w szafce nie daje \u017cadnych gwarancji bezpiecze\u0144stwa, zawsze mo\u017ce si\u0119 zdarzy\u0107, \u017ce b\u0119dziesz musia\u0142(a) wyj\u015b\u0107 do toalety lub te\u017c na zabieg, torebk\u0119 lub portfel z pieni\u0119dzmi zabierz ze sob\u0105, nigdy nie zostawiaj go w sali;<\/li><li>Wi\u0119ksze kwoty pieni\u0119dzy pozostawiaj w depozycie;<\/li><li>Nie zostawiaj nigdy bi\u017cuterii ani innych cennych przedmiot\u00f3w w sali, nawet je\u015bli ktokolwiek z pacjent\u00f3w w niej pozostaje. By\u0107 mo\u017ce ta osoba b\u0119dzie musia\u0142a wyj\u015b\u0107 i mo\u017cesz straci\u0107: pieni\u0105dze, bi\u017cuteri\u0119 lub inne cenne dla Ciebie przedmioty.<\/li><\/ul>\t\t\t\t\t\t\t\t<\/div>\n\t\t\t\t<\/div>\n\t\t\t\t\t<\/div>\n\t\t<\/div>\n\t\t\t\t<div class=\"elementor-column elementor-col-33 elementor-top-column elementor-element elementor-element-3d5cca26\" data-id=\"3d5cca26\" data-element_type=\"column\" data-e-type=\"column\" data-settings=\"{&quot;background_background&quot;:&quot;classic&quot;}\">\n\t\t\t<div class=\"elementor-widget-wrap elementor-element-populated\">\n\t\t\t\t\t\t<div class=\"elementor-element elementor-element-65623563 elementor-view-default elementor-widget elementor-widget-icon\" data-id=\"65623563\" data-element_type=\"widget\" data-e-type=\"widget\" data-widget_type=\"icon.default\">\n\t\t\t\t<div class=\"elementor-widget-container\">\n\t\t\t\t\t\t\t<div class=\"elementor-icon-wrapper\">\n\t\t\t<div class=\"elementor-icon\">\n\t\t\t<i aria-hidden=\"true\" class=\"fas fa-phone-square\"><\/i>\t\t\t<\/div>\n\t\t<\/div>\n\t\t\t\t\t\t<\/div>\n\t\t\t\t<\/div>\n\t\t\t\t<div class=\"elementor-element elementor-element-3048e8ec elementor-widget elementor-widget-text-editor\" data-id=\"3048e8ec\" data-element_type=\"widget\" data-e-type=\"widget\" data-widget_type=\"text-editor.default\">\n\t\t\t\t<div class=\"elementor-widget-container\">\n\t\t\t\t\t\t\t\t\t<p><strong>Lokalizacja izb w budynkach:<\/strong><\/p><ul><li><strong>A \u2013 Og\u00f3lna, pi\u0119tro 0<\/strong><\/li><li><strong>A2 \u2013 Pulmonologiczna, pi\u0119tro 0<\/strong><\/li><\/ul><p><strong>Numery bezpo\u015brednie:<\/strong><\/p><p><strong>Szpital:\u00a0<\/strong>+48 (41) 34 655 45 do 48<\/p><p><strong>Numery wewn\u0119trzne:<\/strong><\/p><p>Tel. kom\u00f3rkowy:\u00a0<strong>603 275 839<br \/><\/strong>Lekarz dy\u017curny Izby Przyj\u0119\u0107 \u2013<strong>\u00a0234<br \/><\/strong>Izba Przyj\u0119\u0107 Og\u00f3lna \u2013\u00a0<strong>147<br \/><\/strong>Izba Przyj\u0119\u0107 Pulmonologiczna \u2013\u00a0<strong>127<br \/><\/strong>Piel. koordynuj\u0105ca \u2013\u00a0<strong>238<br \/><\/strong>Rejestracja (konsola) \u2013\u00a0<strong>245<br \/><\/strong>Lekarz dy\u017curuj\u0105cy Izba Przyj\u0119\u0107 og\u00f3lna \u2013\u00a0<strong>270<\/strong><br \/>Rejestracja konsola Izba Przyj\u0119\u0107 pulmonologiczna \u2013<strong>\u00a0271<br \/><\/strong>Lekarz dy\u017curuj\u0105cy Izba Przyj\u0119\u0107 pulmonologiczna \u2013<strong>\u00a0272<\/strong><\/p>\t\t\t\t\t\t\t\t<\/div>\n\t\t\t\t<\/div>\n\t\t\t\t\t<\/div>\n\t\t<\/div>\n\t\t\t\t\t<\/div>\n\t\t<\/section>\n\t\t\t\t<\/div>\n\t\t","protected":false},"excerpt":{"rendered":"<p>Marzanna Kula &#8211; W\u0142odarczyk Kierownik Izby Przyj\u0119\u0107 Alicja Pastuszka Piel. Koordynuj\u0105ca Dorota Mr\u00f3z Z-ca Piel. Koordynuj\u0105cej Og\u00f3lna Izba\u00a0 Przyj\u0119\u0107 zlokalizowana jest\u00a0 na parterze budynku A. Izba Przyj\u0119\u0107 wyposa\u017cona jest \u00a0w niezb\u0119dny sprz\u0119t medyczny \u2013 sto\u0142y zabiegowe, lampy bakteriob\u00f3jcze, defibrylatory, kardiomonitory itd. W sk\u0142ad Izby Og\u00f3lnej wchodz\u0105: rejestracja, gabinet przyj\u0119\u0107,\u00a0 gabinet zabiegowy, sala obserwacyjna , gipsownia, [&hellip;]<\/p>\n","protected":false},"author":4,"featured_media":0,"parent":0,"menu_order":0,"comment_status":"closed","ping_status":"closed","template":"","meta":{"zakra_page_container_layout":"customizer","zakra_page_sidebar_layout":"customizer","zakra_remove_content_margin":false,"zakra_sidebar":"customizer","zakra_transparent_header":"customizer","zakra_logo":0,"zakra_main_header_style":"default","zakra_menu_item_color":"","zakra_menu_item_hover_color":"","zakra_menu_item_active_color":"","zakra_menu_active_style":"","zakra_page_header":true,"footnotes":""},"class_list":["post-5076","page","type-page","status-publish","hentry"],"yoast_head":"<!-- This site is optimized with the Yoast SEO plugin v27.3 - https:\/\/yoast.com\/product\/yoast-seo-wordpress\/ -->\n<title>Izba Przyj\u0119\u0107 - Wojew\u00f3dzki Szpital Specjalistyczny im. \u015aw. Rafa\u0142a w Czerwonej G\u00f3rze<\/title>\n<meta name=\"robots\" content=\"index, follow, max-snippet:-1, max-image-preview:large, max-video-preview:-1\" \/>\n<link rel=\"canonical\" href=\"https:\/\/czerwonagora.pl\/index.php\/izba-przyjec-2\/\" \/>\n<meta property=\"og:locale\" content=\"pl_PL\" \/>\n<meta property=\"og:type\" content=\"article\" \/>\n<meta property=\"og:title\" content=\"Izba Przyj\u0119\u0107 - Wojew\u00f3dzki Szpital Specjalistyczny im. \u015aw. Rafa\u0142a w Czerwonej G\u00f3rze\" \/>\n<meta property=\"og:description\" content=\"Marzanna Kula &#8211; W\u0142odarczyk Kierownik Izby Przyj\u0119\u0107 Alicja Pastuszka Piel. Koordynuj\u0105ca Dorota Mr\u00f3z Z-ca Piel. Koordynuj\u0105cej Og\u00f3lna Izba\u00a0 Przyj\u0119\u0107 zlokalizowana jest\u00a0 na parterze budynku A. Izba Przyj\u0119\u0107 wyposa\u017cona jest \u00a0w niezb\u0119dny sprz\u0119t medyczny \u2013 sto\u0142y zabiegowe, lampy bakteriob\u00f3jcze, defibrylatory, kardiomonitory itd. W sk\u0142ad Izby Og\u00f3lnej wchodz\u0105: rejestracja, gabinet przyj\u0119\u0107,\u00a0 gabinet zabiegowy, sala obserwacyjna , gipsownia, [&hellip;]\" \/>\n<meta property=\"og:url\" content=\"https:\/\/czerwonagora.pl\/index.php\/izba-przyjec-2\/\" \/>\n<meta property=\"og:site_name\" content=\"Wojew\u00f3dzki Szpital Specjalistyczny im. \u015aw. Rafa\u0142a w Czerwonej G\u00f3rze\" \/>\n<meta property=\"article:publisher\" content=\"https:\/\/www.facebook.com\/SzpitalCzerwonaGora\/\" \/>\n<meta property=\"article:modified_time\" content=\"2025-03-28T06:46:25+00:00\" \/>\n<meta property=\"og:image\" content=\"https:\/\/czerwonagora.pl\/wp-content\/uploads\/2021\/06\/Kula.png\" \/>\n\t<meta property=\"og:image:width\" content=\"180\" \/>\n\t<meta property=\"og:image:height\" content=\"223\" \/>\n\t<meta property=\"og:image:type\" content=\"image\/png\" \/>\n<meta name=\"twitter:card\" content=\"summary_large_image\" \/>\n<meta name=\"twitter:label1\" content=\"Szacowany czas czytania\" \/>\n\t<meta name=\"twitter:data1\" content=\"4 minuty\" \/>\n<script type=\"application\/ld+json\" class=\"yoast-schema-graph\">{\"@context\":\"https:\\\/\\\/schema.org\",\"@graph\":[{\"@type\":\"WebPage\",\"@id\":\"https:\\\/\\\/czerwonagora.pl\\\/index.php\\\/izba-przyjec-2\\\/\",\"url\":\"https:\\\/\\\/czerwonagora.pl\\\/index.php\\\/izba-przyjec-2\\\/\",\"name\":\"Izba Przyj\u0119\u0107 - Wojew\u00f3dzki Szpital Specjalistyczny im. \u015aw. Rafa\u0142a w Czerwonej G\u00f3rze\",\"isPartOf\":{\"@id\":\"https:\\\/\\\/czerwonagora.pl\\\/#website\"},\"primaryImageOfPage\":{\"@id\":\"https:\\\/\\\/czerwonagora.pl\\\/index.php\\\/izba-przyjec-2\\\/#primaryimage\"},\"image\":{\"@id\":\"https:\\\/\\\/czerwonagora.pl\\\/index.php\\\/izba-przyjec-2\\\/#primaryimage\"},\"thumbnailUrl\":\"https:\\\/\\\/czerwonagora.pl\\\/wp-content\\\/uploads\\\/2021\\\/06\\\/Kula.png\",\"datePublished\":\"2021-06-24T07:06:01+00:00\",\"dateModified\":\"2025-03-28T06:46:25+00:00\",\"breadcrumb\":{\"@id\":\"https:\\\/\\\/czerwonagora.pl\\\/index.php\\\/izba-przyjec-2\\\/#breadcrumb\"},\"inLanguage\":\"pl-PL\",\"potentialAction\":[{\"@type\":\"ReadAction\",\"target\":[\"https:\\\/\\\/czerwonagora.pl\\\/index.php\\\/izba-przyjec-2\\\/\"]}]},{\"@type\":\"ImageObject\",\"inLanguage\":\"pl-PL\",\"@id\":\"https:\\\/\\\/czerwonagora.pl\\\/index.php\\\/izba-przyjec-2\\\/#primaryimage\",\"url\":\"https:\\\/\\\/czerwonagora.pl\\\/wp-content\\\/uploads\\\/2021\\\/06\\\/Kula.png\",\"contentUrl\":\"https:\\\/\\\/czerwonagora.pl\\\/wp-content\\\/uploads\\\/2021\\\/06\\\/Kula.png\",\"width\":180,\"height\":223,\"caption\":\"kobieta ubrana w bia\u0142\u0105 odzie\u017c ochronn\u0105 usmiecha si\u0119\"},{\"@type\":\"BreadcrumbList\",\"@id\":\"https:\\\/\\\/czerwonagora.pl\\\/index.php\\\/izba-przyjec-2\\\/#breadcrumb\",\"itemListElement\":[{\"@type\":\"ListItem\",\"position\":1,\"name\":\"Strona g\u0142\u00f3wna\",\"item\":\"https:\\\/\\\/czerwonagora.pl\\\/\"},{\"@type\":\"ListItem\",\"position\":2,\"name\":\"Izba Przyj\u0119\u0107\"}]},{\"@type\":\"WebSite\",\"@id\":\"https:\\\/\\\/czerwonagora.pl\\\/#website\",\"url\":\"https:\\\/\\\/czerwonagora.pl\\\/\",\"name\":\"Wojew\u00f3dzki Szpital Specjalistyczny im. \u015aw. Rafa\u0142a w Czerwonej G\u00f3rze\",\"description\":\"Wojew\u00f3dzki Szpital Specjalistyczny im. \u015aw. Rafa\u0142a w Czerwonej G\u00f3rze\",\"publisher\":{\"@id\":\"https:\\\/\\\/czerwonagora.pl\\\/#organization\"},\"potentialAction\":[{\"@type\":\"SearchAction\",\"target\":{\"@type\":\"EntryPoint\",\"urlTemplate\":\"https:\\\/\\\/czerwonagora.pl\\\/?s={search_term_string}\"},\"query-input\":{\"@type\":\"PropertyValueSpecification\",\"valueRequired\":true,\"valueName\":\"search_term_string\"}}],\"inLanguage\":\"pl-PL\"},{\"@type\":\"Organization\",\"@id\":\"https:\\\/\\\/czerwonagora.pl\\\/#organization\",\"name\":\"Wojew\u00f3dzki Szpital Specjalistyczny im. \u015aw. Rafa\u0142a w Czerwonej G\u00f3rze\",\"url\":\"https:\\\/\\\/czerwonagora.pl\\\/\",\"logo\":{\"@type\":\"ImageObject\",\"inLanguage\":\"pl-PL\",\"@id\":\"https:\\\/\\\/czerwonagora.pl\\\/#\\\/schema\\\/logo\\\/image\\\/\",\"url\":\"https:\\\/\\\/czerwonagora.pl\\\/wp-content\\\/uploads\\\/2021\\\/06\\\/Logo-WSS-DUZE-transparentne.png\",\"contentUrl\":\"https:\\\/\\\/czerwonagora.pl\\\/wp-content\\\/uploads\\\/2021\\\/06\\\/Logo-WSS-DUZE-transparentne.png\",\"width\":4210,\"height\":2975,\"caption\":\"Wojew\u00f3dzki Szpital Specjalistyczny im. \u015aw. Rafa\u0142a w Czerwonej G\u00f3rze\"},\"image\":{\"@id\":\"https:\\\/\\\/czerwonagora.pl\\\/#\\\/schema\\\/logo\\\/image\\\/\"},\"sameAs\":[\"https:\\\/\\\/www.facebook.com\\\/SzpitalCzerwonaGora\\\/\"]}]}<\/script>\n<!-- \/ Yoast SEO plugin. -->","yoast_head_json":{"title":"Izba Przyj\u0119\u0107 - Wojew\u00f3dzki Szpital Specjalistyczny im. \u015aw. Rafa\u0142a w Czerwonej G\u00f3rze","robots":{"index":"index","follow":"follow","max-snippet":"max-snippet:-1","max-image-preview":"max-image-preview:large","max-video-preview":"max-video-preview:-1"},"canonical":"https:\/\/czerwonagora.pl\/index.php\/izba-przyjec-2\/","og_locale":"pl_PL","og_type":"article","og_title":"Izba Przyj\u0119\u0107 - Wojew\u00f3dzki Szpital Specjalistyczny im. \u015aw. Rafa\u0142a w Czerwonej G\u00f3rze","og_description":"Marzanna Kula &#8211; W\u0142odarczyk Kierownik Izby Przyj\u0119\u0107 Alicja Pastuszka Piel. Koordynuj\u0105ca Dorota Mr\u00f3z Z-ca Piel. Koordynuj\u0105cej Og\u00f3lna Izba\u00a0 Przyj\u0119\u0107 zlokalizowana jest\u00a0 na parterze budynku A. Izba Przyj\u0119\u0107 wyposa\u017cona jest \u00a0w niezb\u0119dny sprz\u0119t medyczny \u2013 sto\u0142y zabiegowe, lampy bakteriob\u00f3jcze, defibrylatory, kardiomonitory itd. W sk\u0142ad Izby Og\u00f3lnej wchodz\u0105: rejestracja, gabinet przyj\u0119\u0107,\u00a0 gabinet zabiegowy, sala obserwacyjna , gipsownia, [&hellip;]","og_url":"https:\/\/czerwonagora.pl\/index.php\/izba-przyjec-2\/","og_site_name":"Wojew\u00f3dzki Szpital Specjalistyczny im. \u015aw. Rafa\u0142a w Czerwonej G\u00f3rze","article_publisher":"https:\/\/www.facebook.com\/SzpitalCzerwonaGora\/","article_modified_time":"2025-03-28T06:46:25+00:00","og_image":[{"width":180,"height":223,"url":"https:\/\/czerwonagora.pl\/wp-content\/uploads\/2021\/06\/Kula.png","type":"image\/png"}],"twitter_card":"summary_large_image","twitter_misc":{"Szacowany czas czytania":"4 minuty"},"schema":{"@context":"https:\/\/schema.org","@graph":[{"@type":"WebPage","@id":"https:\/\/czerwonagora.pl\/index.php\/izba-przyjec-2\/","url":"https:\/\/czerwonagora.pl\/index.php\/izba-przyjec-2\/","name":"Izba Przyj\u0119\u0107 - Wojew\u00f3dzki Szpital Specjalistyczny im. \u015aw. Rafa\u0142a w Czerwonej G\u00f3rze","isPartOf":{"@id":"https:\/\/czerwonagora.pl\/#website"},"primaryImageOfPage":{"@id":"https:\/\/czerwonagora.pl\/index.php\/izba-przyjec-2\/#primaryimage"},"image":{"@id":"https:\/\/czerwonagora.pl\/index.php\/izba-przyjec-2\/#primaryimage"},"thumbnailUrl":"https:\/\/czerwonagora.pl\/wp-content\/uploads\/2021\/06\/Kula.png","datePublished":"2021-06-24T07:06:01+00:00","dateModified":"2025-03-28T06:46:25+00:00","breadcrumb":{"@id":"https:\/\/czerwonagora.pl\/index.php\/izba-przyjec-2\/#breadcrumb"},"inLanguage":"pl-PL","potentialAction":[{"@type":"ReadAction","target":["https:\/\/czerwonagora.pl\/index.php\/izba-przyjec-2\/"]}]},{"@type":"ImageObject","inLanguage":"pl-PL","@id":"https:\/\/czerwonagora.pl\/index.php\/izba-przyjec-2\/#primaryimage","url":"https:\/\/czerwonagora.pl\/wp-content\/uploads\/2021\/06\/Kula.png","contentUrl":"https:\/\/czerwonagora.pl\/wp-content\/uploads\/2021\/06\/Kula.png","width":180,"height":223,"caption":"kobieta ubrana w bia\u0142\u0105 odzie\u017c ochronn\u0105 usmiecha si\u0119"},{"@type":"BreadcrumbList","@id":"https:\/\/czerwonagora.pl\/index.php\/izba-przyjec-2\/#breadcrumb","itemListElement":[{"@type":"ListItem","position":1,"name":"Strona g\u0142\u00f3wna","item":"https:\/\/czerwonagora.pl\/"},{"@type":"ListItem","position":2,"name":"Izba Przyj\u0119\u0107"}]},{"@type":"WebSite","@id":"https:\/\/czerwonagora.pl\/#website","url":"https:\/\/czerwonagora.pl\/","name":"Wojew\u00f3dzki Szpital Specjalistyczny im. \u015aw. Rafa\u0142a w Czerwonej G\u00f3rze","description":"Wojew\u00f3dzki Szpital Specjalistyczny im. \u015aw. Rafa\u0142a w Czerwonej G\u00f3rze","publisher":{"@id":"https:\/\/czerwonagora.pl\/#organization"},"potentialAction":[{"@type":"SearchAction","target":{"@type":"EntryPoint","urlTemplate":"https:\/\/czerwonagora.pl\/?s={search_term_string}"},"query-input":{"@type":"PropertyValueSpecification","valueRequired":true,"valueName":"search_term_string"}}],"inLanguage":"pl-PL"},{"@type":"Organization","@id":"https:\/\/czerwonagora.pl\/#organization","name":"Wojew\u00f3dzki Szpital Specjalistyczny im. \u015aw. Rafa\u0142a w Czerwonej G\u00f3rze","url":"https:\/\/czerwonagora.pl\/","logo":{"@type":"ImageObject","inLanguage":"pl-PL","@id":"https:\/\/czerwonagora.pl\/#\/schema\/logo\/image\/","url":"https:\/\/czerwonagora.pl\/wp-content\/uploads\/2021\/06\/Logo-WSS-DUZE-transparentne.png","contentUrl":"https:\/\/czerwonagora.pl\/wp-content\/uploads\/2021\/06\/Logo-WSS-DUZE-transparentne.png","width":4210,"height":2975,"caption":"Wojew\u00f3dzki Szpital Specjalistyczny im. \u015aw. Rafa\u0142a w Czerwonej G\u00f3rze"},"image":{"@id":"https:\/\/czerwonagora.pl\/#\/schema\/logo\/image\/"},"sameAs":["https:\/\/www.facebook.com\/SzpitalCzerwonaGora\/"]}]}},"publishpress_future_action":{"enabled":false,"date":"2026-04-23 21:58:12","action":"change-status","newStatus":"draft","terms":[],"taxonomy":"","extraData":[]},"publishpress_future_workflow_manual_trigger":{"enabledWorkflows":[]},"_links":{"self":[{"href":"https:\/\/czerwonagora.pl\/index.php\/wp-json\/wp\/v2\/pages\/5076","targetHints":{"allow":["GET"]}}],"collection":[{"href":"https:\/\/czerwonagora.pl\/index.php\/wp-json\/wp\/v2\/pages"}],"about":[{"href":"https:\/\/czerwonagora.pl\/index.php\/wp-json\/wp\/v2\/types\/page"}],"author":[{"embeddable":true,"href":"https:\/\/czerwonagora.pl\/index.php\/wp-json\/wp\/v2\/users\/4"}],"replies":[{"embeddable":true,"href":"https:\/\/czerwonagora.pl\/index.php\/wp-json\/wp\/v2\/comments?post=5076"}],"version-history":[{"count":40,"href":"https:\/\/czerwonagora.pl\/index.php\/wp-json\/wp\/v2\/pages\/5076\/revisions"}],"predecessor-version":[{"id":26987,"href":"https:\/\/czerwonagora.pl\/index.php\/wp-json\/wp\/v2\/pages\/5076\/revisions\/26987"}],"wp:attachment":[{"href":"https:\/\/czerwonagora.pl\/index.php\/wp-json\/wp\/v2\/media?parent=5076"}],"curies":[{"name":"wp","href":"https:\/\/api.w.org\/{rel}","templated":true}]}}