{"id":5574,"date":"2021-06-24T13:21:42","date_gmt":"2021-06-24T11:21:42","guid":{"rendered":"https:\/\/czerwonagora.pl\/?page_id=5574"},"modified":"2021-08-13T14:00:13","modified_gmt":"2021-08-13T12:00:13","slug":"pracownia-diagnostyki-zaburzen-oddychania-podczas-snu","status":"publish","type":"page","link":"https:\/\/czerwonagora.pl\/index.php\/pracownia-diagnostyki-zaburzen-oddychania-podczas-snu\/","title":{"rendered":"Pracownia Diagnostyki Zaburze\u0144 Oddychania Podczas Snu"},"content":{"rendered":"\t\t<div data-elementor-type=\"wp-page\" data-elementor-id=\"5574\" class=\"elementor elementor-5574\">\n\t\t\t\t\t\t<section class=\"elementor-section elementor-top-section elementor-element elementor-element-479e118a elementor-section-stretched elementor-section-boxed elementor-section-height-default elementor-section-height-default\" data-id=\"479e118a\" data-element_type=\"section\" data-e-type=\"section\" data-settings=\"{&quot;stretch_section&quot;:&quot;section-stretched&quot;}\">\n\t\t\t\t\t\t<div class=\"elementor-container elementor-column-gap-default\">\n\t\t\t\t\t<div class=\"elementor-column elementor-col-66 elementor-top-column elementor-element elementor-element-173ad695\" data-id=\"173ad695\" data-element_type=\"column\" data-e-type=\"column\">\n\t\t\t<div class=\"elementor-widget-wrap elementor-element-populated\">\n\t\t\t\t\t\t<section class=\"elementor-section elementor-inner-section elementor-element elementor-element-eb0dddc elementor-section-boxed elementor-section-height-default elementor-section-height-default\" data-id=\"eb0dddc\" data-element_type=\"section\" data-e-type=\"section\">\n\t\t\t\t\t\t<div class=\"elementor-container elementor-column-gap-default\">\n\t\t\t\t\t<div class=\"elementor-column elementor-col-50 elementor-inner-column elementor-element elementor-element-13d837b\" data-id=\"13d837b\" data-element_type=\"column\" data-e-type=\"column\">\n\t\t\t<div class=\"elementor-widget-wrap elementor-element-populated\">\n\t\t\t\t\t\t<div class=\"elementor-element elementor-element-7aa3ad1 elementor-view-default elementor-widget elementor-widget-icon\" data-id=\"7aa3ad1\" data-element_type=\"widget\" data-e-type=\"widget\" data-widget_type=\"icon.default\">\n\t\t\t\t<div class=\"elementor-widget-container\">\n\t\t\t\t\t\t\t<div class=\"elementor-icon-wrapper\">\n\t\t\t<div class=\"elementor-icon\">\n\t\t\t<i aria-hidden=\"true\" class=\"fas fa-procedures\"><\/i>\t\t\t<\/div>\n\t\t<\/div>\n\t\t\t\t\t\t<\/div>\n\t\t\t\t<\/div>\n\t\t\t\t\t<\/div>\n\t\t<\/div>\n\t\t\t\t<div class=\"elementor-column elementor-col-50 elementor-inner-column elementor-element elementor-element-7fc0290\" data-id=\"7fc0290\" data-element_type=\"column\" data-e-type=\"column\">\n\t\t\t<div class=\"elementor-widget-wrap elementor-element-populated\">\n\t\t\t\t\t\t<div class=\"elementor-element elementor-element-fb8d540 elementor-widget elementor-widget-icon-box\" data-id=\"fb8d540\" data-element_type=\"widget\" data-e-type=\"widget\" data-widget_type=\"icon-box.default\">\n\t\t\t\t<div class=\"elementor-widget-container\">\n\t\t\t\t\t\t\t<div class=\"elementor-icon-box-wrapper\">\n\n\t\t\t\n\t\t\t\t\t\t<div class=\"elementor-icon-box-content\">\n\n\t\t\t\t\t\t\t\t\t<h3 class=\"elementor-icon-box-title\">\n\t\t\t\t\t\t<span  >\n\t\t\t\t\t\t\tPracownia Diagnostyki Zaburze\u0144 Oddychania Podczas Snu\t\t\t\t\t\t<\/span>\n\t\t\t\t\t<\/h3>\n\t\t\t\t\n\t\t\t\t\t\t\t\t\t<p class=\"elementor-icon-box-description\">\n\t\t\t\t\t\tW Pracowni Diagnostyki Zaburze\u0144 Oddychania Podczas Snu diagnozujemy i leczymy Obturacyjny Bezdech Senny przy pomocy najnowocze\u015bniejszego sprz\u0119tu z wytycznymi PTChP i AASM 2015 do pracowni kierowani s\u0105 r\u00f3wnie\u017c pacjenci z podejrzeniem:\t\t\t\t\t<\/p>\n\t\t\t\t\n\t\t\t<\/div>\n\t\t\t\n\t\t<\/div>\n\t\t\t\t\t\t<\/div>\n\t\t\t\t<\/div>\n\t\t\t\t\t<\/div>\n\t\t<\/div>\n\t\t\t\t\t<\/div>\n\t\t<\/section>\n\t\t\t\t<div class=\"elementor-element elementor-element-19fb73cd elementor-widget elementor-widget-text-editor\" data-id=\"19fb73cd\" data-element_type=\"widget\" data-e-type=\"widget\" data-widget_type=\"text-editor.default\">\n\t\t\t\t<div class=\"elementor-widget-container\">\n\t\t\t\t\t\t\t\t\t<ul><li>chrapania i wzmo\u017conej oporno\u015bci g\u00f3rnych dr\u00f3g oddechowych;<\/li><li>centralnego bezdechu sennego;<\/li><li>zespo\u0142u hiperwentylacji centralnej;<\/li><li>zaburze\u0144 oddychania w czasie snu w chorobach p\u0142uc;<\/li><li>zaburze\u0144 oddychania w czasie snu w przewlek\u0142ej niewydolno\u015bci serca;<\/li><li>zaburze\u0144 oddychania w czasie snu w chorobach neurologicznych i nerwowo mi\u0119\u015bniowych<\/li><\/ul><p>Pe\u0142ne badanie polisomnograficzne wykonane jest podczas jednej nocy na specjalnie do tego przygotowanej sali diagnostycznej jednoosobowej. Pacjent jest monitorowany przez ca\u0142y okres snu. <br \/>Wykonujemy r\u00f3wnie\u017c szereg bada\u0144 (rtg kl. piersiowej, spirometri\u0119, badania krwi), kt\u00f3re mog\u0105 by\u0107 niezb\u0119dne w poszerzeniu diagnostyki.<br \/>W celu leczenia rozpoznanych zaburze\u0144 oddychania podczas snu stosujemy r\u00f3\u017cnego typu aparaty indywidualnie dobrane do rozpoznanych zaburze\u0144 np. AutoCPAP, CPAP, BiPAP, BiPAP, ASV, Respirator. Aparaty do leczenia bezdechu sennego s\u0105 w 90% refundowane przez NFZ. Ka\u017cdy pacjent zakwalifikowany do leczenia aparatem otrzymuje od lekarza specjalisty wniosek o zaopatrzenie w wyroby medyczne, kt\u00f3re uprawnia do refundacji.<\/p><p><strong>Przygotowanie do badania Polisomnograficznego:<\/strong><\/p><p>Na badanie nale\u017cy si\u0119 zg\u0142osi\u0107 ze skierowaniem od lekarza PULMONOLOGA, KARDIOLOGA, LARYNGOLOGA, LUB MEDYCYNY PRACY na wcze\u015bniej ustalony termin w godzinach 17<sup>00<\/sup>-19<sup>00<\/sup> do Izby Przyj\u0119\u0107. Termin na badanie mo\u017cna ustali\u0107 telefonicznie lub osobi\u015bcie w Pracowni Diagnostyki Zaburze\u0144 Oddychania Podczas Snu, ewentualnie mo\u017cna zg\u0142osi\u0107 si\u0119 do Poradni Pulmonologicznej (Wojew\u00f3dzka Przychodnia Specjalistyczna ul. Jagiello\u0144ska 72 w Kielcach\u00a0 tel.:+48 41 345-18-03).<\/p><div>Badanie snu nie wymaga specjalnego przygotowania &#8211;\u00a0 jednak wieczorem przed badaniem nie powinno si\u0119 pi\u0107 alkoholu ani kawy, a tak\u017ce stosowa\u0107 \u015brodk\u00f3w nasennych i uspokajaj\u0105cych (chyba \u017ce zosta\u0142o to wcze\u015bniej ustalone z lekarzem).\u00a0<br \/>W przypadku przyjmowania lek\u00f3w dzia\u0142aj\u0105cych na o\u015brodkowy uk\u0142ad nerwowy (np. psychotropowych, uspokajaj\u0105cych, przeciwdepresyjnych) lub \u015brodk\u00f3w zmniejszaj\u0105cych napi\u0119cie mi\u0119\u015bni (stosowanych <br \/>w leczeniu uraz\u00f3w i chor\u00f3b kr\u0119gos\u0142upa) nale\u017cy poinformowa\u0107 o tym lekarza przed badaniem.<br \/>W razie problem\u00f3w z zasypianiem prosz\u0119 w dniu badania wsta\u0107 wcze\u015bniej i postara\u0107 si\u0119 w ci\u0105gu dnia nie zasn\u0105\u0107.<br \/>Prosz\u0119 zabra\u0107 ze sob\u0105 pid\u017cam\u0119 dwucz\u0119\u015bciow\u0105 rozpinan\u0105, kapcie, przybory toaletowe, dokumentacj\u0119 medyczn\u0105 chor\u00f3b wsp\u00f3\u0142istniej\u0105cych ewentualnie wyniki bada\u0144.Jedynym przeciwwskazaniem do wykonania badania polisomnografii jest brak wsp\u00f3\u0142pracy pacjenta. Badanie jest ca\u0142kowicie bezpieczne <br \/>i nieinwazyjne. Rano ok. godz. 7<sup>00<\/sup>\u00a0pacjent opuszcza Pracowni\u0119 Snu do domu, po wypis nale\u017cy si\u0119 zg\u0142osi\u0107 w terminie uzgodnionym przez lekarza.<\/div>\t\t\t\t\t\t\t\t<\/div>\n\t\t\t\t<\/div>\n\t\t\t\t\t<\/div>\n\t\t<\/div>\n\t\t\t\t<div class=\"elementor-column elementor-col-33 elementor-top-column elementor-element elementor-element-61009718\" data-id=\"61009718\" data-element_type=\"column\" data-e-type=\"column\" data-settings=\"{&quot;background_background&quot;:&quot;classic&quot;}\">\n\t\t\t<div class=\"elementor-widget-wrap elementor-element-populated\">\n\t\t\t\t\t\t<div class=\"elementor-element elementor-element-362a008 elementor-view-default elementor-widget elementor-widget-icon\" data-id=\"362a008\" data-element_type=\"widget\" data-e-type=\"widget\" data-widget_type=\"icon.default\">\n\t\t\t\t<div class=\"elementor-widget-container\">\n\t\t\t\t\t\t\t<div class=\"elementor-icon-wrapper\">\n\t\t\t<div class=\"elementor-icon\">\n\t\t\t<i aria-hidden=\"true\" class=\"fas fa-phone-square\"><\/i>\t\t\t<\/div>\n\t\t<\/div>\n\t\t\t\t\t\t<\/div>\n\t\t\t\t<\/div>\n\t\t\t\t<div class=\"elementor-element elementor-element-2d37b1b elementor-widget elementor-widget-text-editor\" data-id=\"2d37b1b\" data-element_type=\"widget\" data-e-type=\"widget\" data-widget_type=\"text-editor.default\">\n\t\t\t\t<div class=\"elementor-widget-container\">\n\t\t\t\t\t\t\t\t\t<p><strong>Lokalizacja Budynek A, I pi\u0119tro<\/strong><\/p><div><div class=\"row-fluid\"><div class=\"span0\"><div class=\"jm-module \"><div class=\"jm-module-in\"><div class=\"jm-module-content clearfix notitle\"><div class=\"custom\"><p><strong>Numery bezpo\u015brednie:<\/strong><\/p><p><strong>Szpital:<\/strong>+48 (41) 34 655 45 do 48<\/p><p><strong>Numery wewn\u0119trzne:<\/strong><\/p><p>Kierownik Dzia\u0142u &#8211; <strong>223 lub 171<br \/><\/strong>Piel. Koordynuj\u0105ca &#8211; <strong>223<br \/><\/strong><strong>605 661 940<\/strong> (od poniedzia\u0142ku do pi\u0105tku) w godz.: 8<sup>00<\/sup> &#8211; 14<sup>35<\/sup><\/p><\/div><\/div><\/div><\/div><\/div><\/div><p>\u00a0<\/p><\/div>\t\t\t\t\t\t\t\t<\/div>\n\t\t\t\t<\/div>\n\t\t\t\t\t<\/div>\n\t\t<\/div>\n\t\t\t\t\t<\/div>\n\t\t<\/section>\n\t\t\t\t<\/div>\n\t\t","protected":false},"excerpt":{"rendered":"<p>Pracownia Diagnostyki Zaburze\u0144 Oddychania Podczas Snu W Pracowni Diagnostyki Zaburze\u0144 Oddychania Podczas Snu diagnozujemy i leczymy Obturacyjny Bezdech Senny przy pomocy najnowocze\u015bniejszego sprz\u0119tu z wytycznymi PTChP i AASM 2015 do pracowni kierowani s\u0105 r\u00f3wnie\u017c pacjenci z podejrzeniem: chrapania i wzmo\u017conej oporno\u015bci g\u00f3rnych dr\u00f3g oddechowych; centralnego bezdechu sennego; zespo\u0142u hiperwentylacji centralnej; zaburze\u0144 oddychania w czasie snu [&hellip;]<\/p>\n","protected":false},"author":3,"featured_media":0,"parent":0,"menu_order":0,"comment_status":"closed","ping_status":"closed","template":"","meta":{"zakra_page_container_layout":"customizer","zakra_page_sidebar_layout":"customizer","zakra_remove_content_margin":false,"zakra_sidebar":"customizer","zakra_transparent_header":"customizer","zakra_logo":0,"zakra_main_header_style":"default","zakra_menu_item_color":"","zakra_menu_item_hover_color":"","zakra_menu_item_active_color":"","zakra_menu_active_style":"","zakra_page_header":true,"footnotes":""},"class_list":["post-5574","page","type-page","status-publish","hentry"],"yoast_head":"<!-- This site is optimized with the Yoast SEO plugin v27.3 - https:\/\/yoast.com\/product\/yoast-seo-wordpress\/ -->\n<title>Pracownia Diagnostyki Zaburze\u0144 Oddychania Podczas Snu - Wojew\u00f3dzki Szpital Specjalistyczny im. \u015aw. Rafa\u0142a w Czerwonej G\u00f3rze<\/title>\n<meta name=\"robots\" content=\"index, follow, max-snippet:-1, max-image-preview:large, max-video-preview:-1\" \/>\n<link rel=\"canonical\" href=\"https:\/\/czerwonagora.pl\/index.php\/pracownia-diagnostyki-zaburzen-oddychania-podczas-snu\/\" \/>\n<meta property=\"og:locale\" content=\"pl_PL\" \/>\n<meta property=\"og:type\" content=\"article\" \/>\n<meta property=\"og:title\" content=\"Pracownia Diagnostyki Zaburze\u0144 Oddychania Podczas Snu - Wojew\u00f3dzki Szpital Specjalistyczny im. \u015aw. Rafa\u0142a w Czerwonej G\u00f3rze\" \/>\n<meta property=\"og:description\" content=\"Pracownia Diagnostyki Zaburze\u0144 Oddychania Podczas Snu W Pracowni Diagnostyki Zaburze\u0144 Oddychania Podczas Snu diagnozujemy i leczymy Obturacyjny Bezdech Senny przy pomocy najnowocze\u015bniejszego sprz\u0119tu z wytycznymi PTChP i AASM 2015 do pracowni kierowani s\u0105 r\u00f3wnie\u017c pacjenci z podejrzeniem: chrapania i wzmo\u017conej oporno\u015bci g\u00f3rnych dr\u00f3g oddechowych; centralnego bezdechu sennego; zespo\u0142u hiperwentylacji centralnej; zaburze\u0144 oddychania w czasie snu [&hellip;]\" \/>\n<meta property=\"og:url\" content=\"https:\/\/czerwonagora.pl\/index.php\/pracownia-diagnostyki-zaburzen-oddychania-podczas-snu\/\" \/>\n<meta property=\"og:site_name\" content=\"Wojew\u00f3dzki Szpital Specjalistyczny im. \u015aw. Rafa\u0142a w Czerwonej G\u00f3rze\" \/>\n<meta property=\"article:publisher\" content=\"https:\/\/www.facebook.com\/SzpitalCzerwonaGora\/\" \/>\n<meta property=\"article:modified_time\" content=\"2021-08-13T12:00:13+00:00\" \/>\n<meta property=\"og:image\" content=\"https:\/\/czerwonagora.pl\/wp-content\/uploads\/2021\/06\/DJI_0005-Duzy.jpg\" \/>\n\t<meta property=\"og:image:width\" content=\"1920\" \/>\n\t<meta property=\"og:image:height\" content=\"1080\" \/>\n\t<meta property=\"og:image:type\" content=\"image\/jpeg\" \/>\n<meta name=\"twitter:card\" content=\"summary_large_image\" \/>\n<meta name=\"twitter:label1\" content=\"Szacowany czas czytania\" \/>\n\t<meta name=\"twitter:data1\" content=\"2 minuty\" \/>\n<script type=\"application\/ld+json\" class=\"yoast-schema-graph\">{\"@context\":\"https:\\\/\\\/schema.org\",\"@graph\":[{\"@type\":\"WebPage\",\"@id\":\"https:\\\/\\\/czerwonagora.pl\\\/index.php\\\/pracownia-diagnostyki-zaburzen-oddychania-podczas-snu\\\/\",\"url\":\"https:\\\/\\\/czerwonagora.pl\\\/index.php\\\/pracownia-diagnostyki-zaburzen-oddychania-podczas-snu\\\/\",\"name\":\"Pracownia Diagnostyki Zaburze\u0144 Oddychania Podczas Snu - Wojew\u00f3dzki Szpital Specjalistyczny im. \u015aw. Rafa\u0142a w Czerwonej G\u00f3rze\",\"isPartOf\":{\"@id\":\"https:\\\/\\\/czerwonagora.pl\\\/#website\"},\"datePublished\":\"2021-06-24T11:21:42+00:00\",\"dateModified\":\"2021-08-13T12:00:13+00:00\",\"breadcrumb\":{\"@id\":\"https:\\\/\\\/czerwonagora.pl\\\/index.php\\\/pracownia-diagnostyki-zaburzen-oddychania-podczas-snu\\\/#breadcrumb\"},\"inLanguage\":\"pl-PL\",\"potentialAction\":[{\"@type\":\"ReadAction\",\"target\":[\"https:\\\/\\\/czerwonagora.pl\\\/index.php\\\/pracownia-diagnostyki-zaburzen-oddychania-podczas-snu\\\/\"]}]},{\"@type\":\"BreadcrumbList\",\"@id\":\"https:\\\/\\\/czerwonagora.pl\\\/index.php\\\/pracownia-diagnostyki-zaburzen-oddychania-podczas-snu\\\/#breadcrumb\",\"itemListElement\":[{\"@type\":\"ListItem\",\"position\":1,\"name\":\"Strona g\u0142\u00f3wna\",\"item\":\"https:\\\/\\\/czerwonagora.pl\\\/\"},{\"@type\":\"ListItem\",\"position\":2,\"name\":\"Pracownia Diagnostyki Zaburze\u0144 Oddychania Podczas Snu\"}]},{\"@type\":\"WebSite\",\"@id\":\"https:\\\/\\\/czerwonagora.pl\\\/#website\",\"url\":\"https:\\\/\\\/czerwonagora.pl\\\/\",\"name\":\"Wojew\u00f3dzki Szpital Specjalistyczny im. \u015aw. Rafa\u0142a w Czerwonej G\u00f3rze\",\"description\":\"Wojew\u00f3dzki Szpital Specjalistyczny im. \u015aw. Rafa\u0142a w Czerwonej G\u00f3rze\",\"publisher\":{\"@id\":\"https:\\\/\\\/czerwonagora.pl\\\/#organization\"},\"potentialAction\":[{\"@type\":\"SearchAction\",\"target\":{\"@type\":\"EntryPoint\",\"urlTemplate\":\"https:\\\/\\\/czerwonagora.pl\\\/?s={search_term_string}\"},\"query-input\":{\"@type\":\"PropertyValueSpecification\",\"valueRequired\":true,\"valueName\":\"search_term_string\"}}],\"inLanguage\":\"pl-PL\"},{\"@type\":\"Organization\",\"@id\":\"https:\\\/\\\/czerwonagora.pl\\\/#organization\",\"name\":\"Wojew\u00f3dzki Szpital Specjalistyczny im. \u015aw. Rafa\u0142a w Czerwonej G\u00f3rze\",\"url\":\"https:\\\/\\\/czerwonagora.pl\\\/\",\"logo\":{\"@type\":\"ImageObject\",\"inLanguage\":\"pl-PL\",\"@id\":\"https:\\\/\\\/czerwonagora.pl\\\/#\\\/schema\\\/logo\\\/image\\\/\",\"url\":\"https:\\\/\\\/czerwonagora.pl\\\/wp-content\\\/uploads\\\/2021\\\/06\\\/Logo-WSS-DUZE-transparentne.png\",\"contentUrl\":\"https:\\\/\\\/czerwonagora.pl\\\/wp-content\\\/uploads\\\/2021\\\/06\\\/Logo-WSS-DUZE-transparentne.png\",\"width\":4210,\"height\":2975,\"caption\":\"Wojew\u00f3dzki Szpital Specjalistyczny im. \u015aw. Rafa\u0142a w Czerwonej G\u00f3rze\"},\"image\":{\"@id\":\"https:\\\/\\\/czerwonagora.pl\\\/#\\\/schema\\\/logo\\\/image\\\/\"},\"sameAs\":[\"https:\\\/\\\/www.facebook.com\\\/SzpitalCzerwonaGora\\\/\"]}]}<\/script>\n<!-- \/ Yoast SEO plugin. -->","yoast_head_json":{"title":"Pracownia Diagnostyki Zaburze\u0144 Oddychania Podczas Snu - Wojew\u00f3dzki Szpital Specjalistyczny im. \u015aw. Rafa\u0142a w Czerwonej G\u00f3rze","robots":{"index":"index","follow":"follow","max-snippet":"max-snippet:-1","max-image-preview":"max-image-preview:large","max-video-preview":"max-video-preview:-1"},"canonical":"https:\/\/czerwonagora.pl\/index.php\/pracownia-diagnostyki-zaburzen-oddychania-podczas-snu\/","og_locale":"pl_PL","og_type":"article","og_title":"Pracownia Diagnostyki Zaburze\u0144 Oddychania Podczas Snu - Wojew\u00f3dzki Szpital Specjalistyczny im. \u015aw. Rafa\u0142a w Czerwonej G\u00f3rze","og_description":"Pracownia Diagnostyki Zaburze\u0144 Oddychania Podczas Snu W Pracowni Diagnostyki Zaburze\u0144 Oddychania Podczas Snu diagnozujemy i leczymy Obturacyjny Bezdech Senny przy pomocy najnowocze\u015bniejszego sprz\u0119tu z wytycznymi PTChP i AASM 2015 do pracowni kierowani s\u0105 r\u00f3wnie\u017c pacjenci z podejrzeniem: chrapania i wzmo\u017conej oporno\u015bci g\u00f3rnych dr\u00f3g oddechowych; centralnego bezdechu sennego; zespo\u0142u hiperwentylacji centralnej; zaburze\u0144 oddychania w czasie snu [&hellip;]","og_url":"https:\/\/czerwonagora.pl\/index.php\/pracownia-diagnostyki-zaburzen-oddychania-podczas-snu\/","og_site_name":"Wojew\u00f3dzki Szpital Specjalistyczny im. \u015aw. Rafa\u0142a w Czerwonej G\u00f3rze","article_publisher":"https:\/\/www.facebook.com\/SzpitalCzerwonaGora\/","article_modified_time":"2021-08-13T12:00:13+00:00","og_image":[{"width":1920,"height":1080,"url":"https:\/\/czerwonagora.pl\/wp-content\/uploads\/2021\/06\/DJI_0005-Duzy.jpg","type":"image\/jpeg"}],"twitter_card":"summary_large_image","twitter_misc":{"Szacowany czas czytania":"2 minuty"},"schema":{"@context":"https:\/\/schema.org","@graph":[{"@type":"WebPage","@id":"https:\/\/czerwonagora.pl\/index.php\/pracownia-diagnostyki-zaburzen-oddychania-podczas-snu\/","url":"https:\/\/czerwonagora.pl\/index.php\/pracownia-diagnostyki-zaburzen-oddychania-podczas-snu\/","name":"Pracownia Diagnostyki Zaburze\u0144 Oddychania Podczas Snu - Wojew\u00f3dzki Szpital Specjalistyczny im. \u015aw. Rafa\u0142a w Czerwonej G\u00f3rze","isPartOf":{"@id":"https:\/\/czerwonagora.pl\/#website"},"datePublished":"2021-06-24T11:21:42+00:00","dateModified":"2021-08-13T12:00:13+00:00","breadcrumb":{"@id":"https:\/\/czerwonagora.pl\/index.php\/pracownia-diagnostyki-zaburzen-oddychania-podczas-snu\/#breadcrumb"},"inLanguage":"pl-PL","potentialAction":[{"@type":"ReadAction","target":["https:\/\/czerwonagora.pl\/index.php\/pracownia-diagnostyki-zaburzen-oddychania-podczas-snu\/"]}]},{"@type":"BreadcrumbList","@id":"https:\/\/czerwonagora.pl\/index.php\/pracownia-diagnostyki-zaburzen-oddychania-podczas-snu\/#breadcrumb","itemListElement":[{"@type":"ListItem","position":1,"name":"Strona g\u0142\u00f3wna","item":"https:\/\/czerwonagora.pl\/"},{"@type":"ListItem","position":2,"name":"Pracownia Diagnostyki Zaburze\u0144 Oddychania Podczas Snu"}]},{"@type":"WebSite","@id":"https:\/\/czerwonagora.pl\/#website","url":"https:\/\/czerwonagora.pl\/","name":"Wojew\u00f3dzki Szpital Specjalistyczny im. \u015aw. Rafa\u0142a w Czerwonej G\u00f3rze","description":"Wojew\u00f3dzki Szpital Specjalistyczny im. \u015aw. Rafa\u0142a w Czerwonej G\u00f3rze","publisher":{"@id":"https:\/\/czerwonagora.pl\/#organization"},"potentialAction":[{"@type":"SearchAction","target":{"@type":"EntryPoint","urlTemplate":"https:\/\/czerwonagora.pl\/?s={search_term_string}"},"query-input":{"@type":"PropertyValueSpecification","valueRequired":true,"valueName":"search_term_string"}}],"inLanguage":"pl-PL"},{"@type":"Organization","@id":"https:\/\/czerwonagora.pl\/#organization","name":"Wojew\u00f3dzki Szpital Specjalistyczny im. \u015aw. Rafa\u0142a w Czerwonej G\u00f3rze","url":"https:\/\/czerwonagora.pl\/","logo":{"@type":"ImageObject","inLanguage":"pl-PL","@id":"https:\/\/czerwonagora.pl\/#\/schema\/logo\/image\/","url":"https:\/\/czerwonagora.pl\/wp-content\/uploads\/2021\/06\/Logo-WSS-DUZE-transparentne.png","contentUrl":"https:\/\/czerwonagora.pl\/wp-content\/uploads\/2021\/06\/Logo-WSS-DUZE-transparentne.png","width":4210,"height":2975,"caption":"Wojew\u00f3dzki Szpital Specjalistyczny im. \u015aw. Rafa\u0142a w Czerwonej G\u00f3rze"},"image":{"@id":"https:\/\/czerwonagora.pl\/#\/schema\/logo\/image\/"},"sameAs":["https:\/\/www.facebook.com\/SzpitalCzerwonaGora\/"]}]}},"publishpress_future_action":{"enabled":false,"date":"2026-04-23 05:00:49","action":"change-status","newStatus":"draft","terms":[],"taxonomy":"","extraData":[]},"publishpress_future_workflow_manual_trigger":{"enabledWorkflows":[]},"_links":{"self":[{"href":"https:\/\/czerwonagora.pl\/index.php\/wp-json\/wp\/v2\/pages\/5574","targetHints":{"allow":["GET"]}}],"collection":[{"href":"https:\/\/czerwonagora.pl\/index.php\/wp-json\/wp\/v2\/pages"}],"about":[{"href":"https:\/\/czerwonagora.pl\/index.php\/wp-json\/wp\/v2\/types\/page"}],"author":[{"embeddable":true,"href":"https:\/\/czerwonagora.pl\/index.php\/wp-json\/wp\/v2\/users\/3"}],"replies":[{"embeddable":true,"href":"https:\/\/czerwonagora.pl\/index.php\/wp-json\/wp\/v2\/comments?post=5574"}],"version-history":[{"count":58,"href":"https:\/\/czerwonagora.pl\/index.php\/wp-json\/wp\/v2\/pages\/5574\/revisions"}],"predecessor-version":[{"id":14223,"href":"https:\/\/czerwonagora.pl\/index.php\/wp-json\/wp\/v2\/pages\/5574\/revisions\/14223"}],"wp:attachment":[{"href":"https:\/\/czerwonagora.pl\/index.php\/wp-json\/wp\/v2\/media?parent=5574"}],"curies":[{"name":"wp","href":"https:\/\/api.w.org\/{rel}","templated":true}]}}