{"id":5955,"date":"2021-06-25T12:42:40","date_gmt":"2021-06-25T10:42:40","guid":{"rendered":"https:\/\/czerwonagora.pl\/?page_id=5955"},"modified":"2021-07-05T13:46:53","modified_gmt":"2021-07-05T11:46:53","slug":"pracownia-spirografii","status":"publish","type":"page","link":"https:\/\/czerwonagora.pl\/index.php\/pracownia-spirografii\/","title":{"rendered":"Pracownia Spirografii"},"content":{"rendered":"\t\t<div data-elementor-type=\"wp-page\" data-elementor-id=\"5955\" class=\"elementor elementor-5955\">\n\t\t\t\t\t\t<section class=\"elementor-section elementor-top-section elementor-element elementor-element-761072be elementor-section-stretched elementor-section-boxed elementor-section-height-default elementor-section-height-default\" data-id=\"761072be\" data-element_type=\"section\" data-e-type=\"section\" data-settings=\"{&quot;stretch_section&quot;:&quot;section-stretched&quot;}\">\n\t\t\t\t\t\t<div class=\"elementor-container elementor-column-gap-default\">\n\t\t\t\t\t<div class=\"elementor-column elementor-col-66 elementor-top-column elementor-element elementor-element-4cdb7696\" data-id=\"4cdb7696\" data-element_type=\"column\" data-e-type=\"column\">\n\t\t\t<div class=\"elementor-widget-wrap elementor-element-populated\">\n\t\t\t\t\t\t<div class=\"elementor-element elementor-element-05b52b8 elementor-widget elementor-widget-text-editor\" data-id=\"05b52b8\" data-element_type=\"widget\" data-e-type=\"widget\" data-widget_type=\"text-editor.default\">\n\t\t\t\t<div class=\"elementor-widget-container\">\n\t\t\t\t\t\t\t\t\t<div class=\"wDYxhc\" lang=\"pl-PL\" data-md=\"61\"><div class=\"LGOjhe\" role=\"heading\" data-attrid=\"wa:\/description\" aria-level=\"3\" data-hveid=\"CAUQAA\"><span class=\"ILfuVd\"><span class=\"hgKElc\"><img fetchpriority=\"high\" decoding=\"async\" class=\"alignleft wp-image-10144 size-medium\" src=\"https:\/\/czerwonagora.pl\/wp-content\/uploads\/2021\/07\/lungtest-1000-300x300.jpg\" alt=\"\" width=\"300\" height=\"300\" srcset=\"https:\/\/czerwonagora.pl\/wp-content\/uploads\/2021\/07\/lungtest-1000-300x300.jpg 300w, https:\/\/czerwonagora.pl\/wp-content\/uploads\/2021\/07\/lungtest-1000-150x150.jpg 150w, https:\/\/czerwonagora.pl\/wp-content\/uploads\/2021\/07\/lungtest-1000.jpg 606w\" sizes=\"(max-width: 300px) 100vw, 300px\" \/>Badanie spirometryczne polega na pomiarze pojemno\u015bci p\u0142uc oraz przep\u0142ywu powietrza przez oskrzela. <\/span><\/span><\/div><div role=\"heading\" data-attrid=\"wa:\/description\" aria-level=\"3\" data-hveid=\"CAUQAA\">\u00a0<\/div><div class=\"LGOjhe\" role=\"heading\" data-attrid=\"wa:\/description\" aria-level=\"3\" data-hveid=\"CAUQAA\"><span class=\"ILfuVd\"><span class=\"hgKElc\">Pozwala na dok\u0142adn\u0105 ocen\u0119 czynno\u015bciow\u0105 uk\u0142adu oddechowego. Jest podstaw\u0105 rozpoznania i oceny rozwoju wielu cz\u0119stych chor\u00f3b takich jak astma oskrzelowa, czy przewlek\u0142a obturacyjna choroba p\u0142uc.<\/span><\/span><\/div><div role=\"heading\" data-attrid=\"wa:\/description\" aria-level=\"3\" data-hveid=\"CAUQAA\">Pozwala r\u00f3wnie\u017c na monitorowanie efekt\u00f3w leczenia. Wykonanie spirometrii jest konieczne u os\u00f3b stwierdzaj\u0105cych u siebie duszno\u015b\u0107, duszno\u015b\u0107 przy umiarkowanym wysi\u0142ku, pal\u0105cych papierosy.<\/div><div role=\"heading\" data-attrid=\"wa:\/description\" aria-level=\"3\" data-hveid=\"CAUQAA\">\u00a0<\/div><\/div><div role=\"heading\" data-attrid=\"wa:\/description\" aria-level=\"3\" data-hveid=\"CAUQAA\">Badania spirometryczne wykonywane s\u0105 aparatem Lungtest 1000, przez wysoko wykwalifikowany personel zgodnie z aktualnymi zaleceniami PTCHP. Istnieje mo\u017cliwo\u015b\u0107 dla Pacjent\u00f3w wykonania bada\u0144 p\u0142atnych, cena badania 55 z\u0142 bez opisu oraz 70 z\u0142 z opisem.<\/div><div role=\"heading\" data-attrid=\"wa:\/description\" aria-level=\"3\" data-hveid=\"CAUQAA\">\u00a0<\/div><h4><strong>Pracownia Spirografii czynna jest od poniedzia\u0142ku do pi\u0105tku w godzinach:<\/strong><\/h4>\t\t\t\t\t\t\t\t<\/div>\n\t\t\t\t<\/div>\n\t\t\t\t<div class=\"elementor-element elementor-element-884b2fa elementor-widget elementor-widget-eael-adv-accordion\" data-id=\"884b2fa\" data-element_type=\"widget\" data-e-type=\"widget\" data-widget_type=\"eael-adv-accordion.default\">\n\t\t\t\t<div class=\"elementor-widget-container\">\n\t\t\t\t\t            <div class=\"eael-adv-accordion\" id=\"eael-adv-accordion-884b2fa\" data-scroll-on-click=\"no\" data-scroll-speed=\"300\" data-accordion-id=\"884b2fa\" data-accordion-type=\"accordion\" data-toogle-speed=\"300\">\n            <div class=\"eael-accordion-list\">\n\t\t\t\t\t<div id=\"godziny-przyj\" class=\"elementor-tab-title eael-accordion-header\" tabindex=\"0\" data-tab=\"1\" aria-controls=\"elementor-tab-content-1421\"><span class=\"eael-advanced-accordion-icon-closed\"><i aria-hidden=\"true\" class=\"fa-accordion-icon fas fa-plus\"><\/i><\/span><span class=\"eael-advanced-accordion-icon-opened\"><i aria-hidden=\"true\" class=\"fa-accordion-icon fas fa-minus\"><\/i><\/span><span class=\"eael-accordion-tab-title\">Godziny przyj\u0119\u0107<\/span><i aria-hidden=\"true\" class=\"fa-toggle fas fa-angle-right\"><\/i><\/div><div id=\"elementor-tab-content-1421\" class=\"eael-accordion-content clearfix\" data-tab=\"1\" aria-labelledby=\"godziny-przyj\"><ul><li><strong>PONIEDZIA\u0141EK<\/strong> 7<sup>00<\/sup>-18<sup>30 <br \/><\/sup><\/li><li><strong>WTOREK<\/strong> 7<sup>00<\/sup>-14<sup>35<\/sup><\/li><li><strong>\u015aRODA<\/strong> 7<sup>00<\/sup>-18<\/li><li><strong>CZWARTEK<\/strong> 7<sup>00<\/sup>-15<sup>00<\/sup><\/li><li><strong>PI\u0104TEK<\/strong> 7<sup>00<\/sup>-14<sup>35<\/sup><\/li><\/ul><\/div>\n\t\t\t\t\t<\/div><\/div>\t\t\t\t<\/div>\n\t\t\t\t<\/div>\n\t\t\t\t\t<\/div>\n\t\t<\/div>\n\t\t\t\t<div class=\"elementor-column elementor-col-33 elementor-top-column elementor-element elementor-element-4cdb3901\" data-id=\"4cdb3901\" data-element_type=\"column\" data-e-type=\"column\" data-settings=\"{&quot;background_background&quot;:&quot;classic&quot;}\">\n\t\t\t<div class=\"elementor-widget-wrap elementor-element-populated\">\n\t\t\t\t\t\t<div class=\"elementor-element elementor-element-68d3312a elementor-view-default elementor-widget elementor-widget-icon\" data-id=\"68d3312a\" data-element_type=\"widget\" data-e-type=\"widget\" data-widget_type=\"icon.default\">\n\t\t\t\t<div class=\"elementor-widget-container\">\n\t\t\t\t\t\t\t<div class=\"elementor-icon-wrapper\">\n\t\t\t<div class=\"elementor-icon\">\n\t\t\t<i aria-hidden=\"true\" class=\"fas fa-phone-square\"><\/i>\t\t\t<\/div>\n\t\t<\/div>\n\t\t\t\t\t\t<\/div>\n\t\t\t\t<\/div>\n\t\t\t\t<div class=\"elementor-element elementor-element-28ad48f8 elementor-widget elementor-widget-text-editor\" data-id=\"28ad48f8\" data-element_type=\"widget\" data-e-type=\"widget\" data-widget_type=\"text-editor.default\">\n\t\t\t\t<div class=\"elementor-widget-container\">\n\t\t\t\t\t\t\t\t\t<p><strong>Lokalizacja Wojew\u00f3dzka Przychodnia Specjalistyczna ul. Jagiello\u0144ska 72 Kielce<\/strong><\/p><div><p><strong>Numery bezpo\u015brednie:<br \/><\/strong><\/p><p><strong>Rejestracja telefoniczna &#8211; +48(41) 345 18 03<\/strong><\/p><p><strong>Rejestracja osobista i telefoniczna pacjent\u00f3w czynna:<\/strong><br \/><strong>Poniedzia\u0142ek<\/strong> od godz 7<sup>15<\/sup> do godz. 18<sup>30<br \/><\/sup><strong>Wtorek <\/strong>i <strong>Pi\u0105tek <\/strong>od godz. 7<sup>15<\/sup> do godz. 14<sup>35<br \/><\/sup><strong>\u015aroda<\/strong> &#8211; od godz 7<sup>15<\/sup> do 18<sup>00<br \/><\/sup><strong>Czwartek<\/strong> od godz. 7<sup>15<\/sup> do godz. 15<sup>00<\/sup><\/p><p>Rejestracja Elektroniczna 7 dni w tygodniu 24h\/dob\u0119<\/p><\/div>\t\t\t\t\t\t\t\t<\/div>\n\t\t\t\t<\/div>\n\t\t\t\t\t<\/div>\n\t\t<\/div>\n\t\t\t\t\t<\/div>\n\t\t<\/section>\n\t\t\t\t<section class=\"elementor-section elementor-top-section elementor-element elementor-element-eb6d0d4 elementor-section-content-middle elementor-section-stretched elementor-section-boxed elementor-section-height-default elementor-section-height-default\" data-id=\"eb6d0d4\" data-element_type=\"section\" data-e-type=\"section\" data-settings=\"{&quot;stretch_section&quot;:&quot;section-stretched&quot;,&quot;background_background&quot;:&quot;classic&quot;}\">\n\t\t\t\t\t\t<div class=\"elementor-container elementor-column-gap-default\">\n\t\t\t\t\t<div class=\"elementor-column elementor-col-50 elementor-top-column elementor-element elementor-element-4501e0c3\" data-id=\"4501e0c3\" data-element_type=\"column\" data-e-type=\"column\">\n\t\t\t<div class=\"elementor-widget-wrap elementor-element-populated\">\n\t\t\t\t\t\t<div class=\"elementor-element elementor-element-3389c479 elementor-position-inline-start elementor-view-stacked elementor-shape-circle elementor-mobile-position-block-start elementor-widget elementor-widget-icon-box\" data-id=\"3389c479\" data-element_type=\"widget\" data-e-type=\"widget\" data-widget_type=\"icon-box.default\">\n\t\t\t\t<div class=\"elementor-widget-container\">\n\t\t\t\t\t\t\t<div class=\"elementor-icon-box-wrapper\">\n\n\t\t\t\t\t\t<div class=\"elementor-icon-box-icon\">\n\t\t\t\t<span  class=\"elementor-icon elementor-animation-grow\">\n\t\t\t\t<i aria-hidden=\"true\" class=\"far fa-address-card\"><\/i>\t\t\t\t<\/span>\n\t\t\t<\/div>\n\t\t\t\n\t\t\t\t\t\t<div class=\"elementor-icon-box-content\">\n\n\t\t\t\t\t\t\t\t\t<h3 class=\"elementor-icon-box-title\">\n\t\t\t\t\t\t<span  >\n\t\t\t\t\t\t\tRejestracja  on-line\t\t\t\t\t\t<\/span>\n\t\t\t\t\t<\/h3>\n\t\t\t\t\n\t\t\t\t\n\t\t\t<\/div>\n\t\t\t\n\t\t<\/div>\n\t\t\t\t\t\t<\/div>\n\t\t\t\t<\/div>\n\t\t\t\t<div class=\"elementor-element elementor-element-21585cda elementor-align-start elementor-icon-list--layout-traditional elementor-list-item-link-full_width elementor-widget elementor-widget-icon-list\" data-id=\"21585cda\" data-element_type=\"widget\" data-e-type=\"widget\" data-widget_type=\"icon-list.default\">\n\t\t\t\t<div class=\"elementor-widget-container\">\n\t\t\t\t\t\t\t<ul class=\"elementor-icon-list-items\">\n\t\t\t\t\t\t\t<li class=\"elementor-icon-list-item\">\n\t\t\t\t\t\t\t\t\t\t<span class=\"elementor-icon-list-text\">Wychodz\u0105c naprzeciw Pa\u0144stwa oczekiwaniom, stworzyli\u015bmy mo\u017cliwo\u015b\u0107 rezerwacji terminu wizyty do poradni specjalistycznych drog\u0105 elektroniczn\u0105. <\/span>\n\t\t\t\t\t\t\t\t\t<\/li>\n\t\t\t\t\t\t<\/ul>\n\t\t\t\t\t\t<\/div>\n\t\t\t\t<\/div>\n\t\t\t\t<div class=\"elementor-element elementor-element-56e79384 elementor-align-center elementor-widget elementor-widget-button\" data-id=\"56e79384\" data-element_type=\"widget\" data-e-type=\"widget\" data-widget_type=\"button.default\">\n\t\t\t\t<div class=\"elementor-widget-container\">\n\t\t\t\t\t\t\t\t\t<div class=\"elementor-button-wrapper\">\n\t\t\t\t\t<a class=\"elementor-button elementor-button-link elementor-size-sm elementor-animation-grow\" href=\"https:\/\/erejestracja.czerwonagora.pl\/mpi\/app\/#\/login\">\n\t\t\t\t\t\t<span class=\"elementor-button-content-wrapper\">\n\t\t\t\t\t\t\t\t\t<span class=\"elementor-button-text\">Zarejestruj si\u0119<\/span>\n\t\t\t\t\t<\/span>\n\t\t\t\t\t<\/a>\n\t\t\t\t<\/div>\n\t\t\t\t\t\t\t\t<\/div>\n\t\t\t\t<\/div>\n\t\t\t\t\t<\/div>\n\t\t<\/div>\n\t\t\t\t<div class=\"elementor-column elementor-col-50 elementor-top-column elementor-element elementor-element-107373da\" data-id=\"107373da\" data-element_type=\"column\" data-e-type=\"column\">\n\t\t\t<div class=\"elementor-widget-wrap elementor-element-populated\">\n\t\t\t\t\t\t<div class=\"elementor-element elementor-element-470bead3 elementor-widget elementor-widget-image\" data-id=\"470bead3\" data-element_type=\"widget\" data-e-type=\"widget\" data-widget_type=\"image.default\">\n\t\t\t\t<div class=\"elementor-widget-container\">\n\t\t\t\t\t\t\t\t\t\t\t\t\t\t\t<img decoding=\"async\" width=\"519\" height=\"200\" src=\"https:\/\/czerwonagora.pl\/wp-content\/uploads\/2021\/06\/logo-eRejestracja.png\" class=\"attachment-full size-full wp-image-3942\" alt=\"ikona w kszta\u0142cie krzy\u017ca koloru niebieskiego z napisem rejestracja On-Line\" srcset=\"https:\/\/czerwonagora.pl\/wp-content\/uploads\/2021\/06\/logo-eRejestracja.png 519w, https:\/\/czerwonagora.pl\/wp-content\/uploads\/2021\/06\/logo-eRejestracja-300x116.png 300w\" sizes=\"(max-width: 519px) 100vw, 519px\" \/>\t\t\t\t\t\t\t\t\t\t\t\t\t\t\t<\/div>\n\t\t\t\t<\/div>\n\t\t\t\t\t<\/div>\n\t\t<\/div>\n\t\t\t\t\t<\/div>\n\t\t<\/section>\n\t\t\t\t<\/div>\n\t\t","protected":false},"excerpt":{"rendered":"<p>Badanie spirometryczne polega na pomiarze pojemno\u015bci p\u0142uc oraz przep\u0142ywu powietrza przez oskrzela. \u00a0Pozwala na dok\u0142adn\u0105 ocen\u0119 czynno\u015bciow\u0105 uk\u0142adu oddechowego. Jest podstaw\u0105 rozpoznania i oceny rozwoju wielu cz\u0119stych chor\u00f3b takich jak astma oskrzelowa, czy przewlek\u0142a obturacyjna choroba p\u0142uc.Pozwala r\u00f3wnie\u017c na monitorowanie efekt\u00f3w leczenia. Wykonanie spirometrii jest konieczne u os\u00f3b stwierdzaj\u0105cych u siebie duszno\u015b\u0107, duszno\u015b\u0107 przy umiarkowanym [&hellip;]<\/p>\n","protected":false},"author":3,"featured_media":0,"parent":0,"menu_order":0,"comment_status":"closed","ping_status":"closed","template":"","meta":{"zakra_page_container_layout":"customizer","zakra_page_sidebar_layout":"customizer","zakra_remove_content_margin":false,"zakra_sidebar":"customizer","zakra_transparent_header":"customizer","zakra_logo":0,"zakra_main_header_style":"default","zakra_menu_item_color":"","zakra_menu_item_hover_color":"","zakra_menu_item_active_color":"","zakra_menu_active_style":"","zakra_page_header":true,"footnotes":""},"class_list":["post-5955","page","type-page","status-publish","hentry"],"yoast_head":"<!-- This site is optimized with the Yoast SEO plugin v27.3 - https:\/\/yoast.com\/product\/yoast-seo-wordpress\/ -->\n<title>Pracownia Spirografii - Wojew\u00f3dzki Szpital Specjalistyczny im. \u015aw. Rafa\u0142a w Czerwonej G\u00f3rze<\/title>\n<meta name=\"robots\" content=\"index, follow, max-snippet:-1, max-image-preview:large, max-video-preview:-1\" \/>\n<link rel=\"canonical\" href=\"https:\/\/czerwonagora.pl\/index.php\/pracownia-spirografii\/\" \/>\n<meta property=\"og:locale\" content=\"pl_PL\" \/>\n<meta property=\"og:type\" content=\"article\" \/>\n<meta property=\"og:title\" content=\"Pracownia Spirografii - Wojew\u00f3dzki Szpital Specjalistyczny im. \u015aw. Rafa\u0142a w Czerwonej G\u00f3rze\" \/>\n<meta property=\"og:description\" content=\"Badanie spirometryczne polega na pomiarze pojemno\u015bci p\u0142uc oraz przep\u0142ywu powietrza przez oskrzela. \u00a0Pozwala na dok\u0142adn\u0105 ocen\u0119 czynno\u015bciow\u0105 uk\u0142adu oddechowego. Jest podstaw\u0105 rozpoznania i oceny rozwoju wielu cz\u0119stych chor\u00f3b takich jak astma oskrzelowa, czy przewlek\u0142a obturacyjna choroba p\u0142uc.Pozwala r\u00f3wnie\u017c na monitorowanie efekt\u00f3w leczenia. Wykonanie spirometrii jest konieczne u os\u00f3b stwierdzaj\u0105cych u siebie duszno\u015b\u0107, duszno\u015b\u0107 przy umiarkowanym [&hellip;]\" \/>\n<meta property=\"og:url\" content=\"https:\/\/czerwonagora.pl\/index.php\/pracownia-spirografii\/\" \/>\n<meta property=\"og:site_name\" content=\"Wojew\u00f3dzki Szpital Specjalistyczny im. \u015aw. Rafa\u0142a w Czerwonej G\u00f3rze\" \/>\n<meta property=\"article:publisher\" content=\"https:\/\/www.facebook.com\/SzpitalCzerwonaGora\/\" \/>\n<meta property=\"article:modified_time\" content=\"2021-07-05T11:46:53+00:00\" \/>\n<meta property=\"og:image\" content=\"https:\/\/czerwonagora.pl\/wp-content\/uploads\/2021\/07\/lungtest-1000-300x300.jpg\" \/>\n<meta name=\"twitter:card\" content=\"summary_large_image\" \/>\n<meta name=\"twitter:label1\" content=\"Szacowany czas czytania\" \/>\n\t<meta name=\"twitter:data1\" content=\"1 minuta\" \/>\n<script type=\"application\/ld+json\" class=\"yoast-schema-graph\">{\"@context\":\"https:\\\/\\\/schema.org\",\"@graph\":[{\"@type\":\"WebPage\",\"@id\":\"https:\\\/\\\/czerwonagora.pl\\\/index.php\\\/pracownia-spirografii\\\/\",\"url\":\"https:\\\/\\\/czerwonagora.pl\\\/index.php\\\/pracownia-spirografii\\\/\",\"name\":\"Pracownia Spirografii - Wojew\u00f3dzki Szpital Specjalistyczny im. \u015aw. Rafa\u0142a w Czerwonej G\u00f3rze\",\"isPartOf\":{\"@id\":\"https:\\\/\\\/czerwonagora.pl\\\/#website\"},\"primaryImageOfPage\":{\"@id\":\"https:\\\/\\\/czerwonagora.pl\\\/index.php\\\/pracownia-spirografii\\\/#primaryimage\"},\"image\":{\"@id\":\"https:\\\/\\\/czerwonagora.pl\\\/index.php\\\/pracownia-spirografii\\\/#primaryimage\"},\"thumbnailUrl\":\"https:\\\/\\\/czerwonagora.pl\\\/wp-content\\\/uploads\\\/2021\\\/07\\\/lungtest-1000-300x300.jpg\",\"datePublished\":\"2021-06-25T10:42:40+00:00\",\"dateModified\":\"2021-07-05T11:46:53+00:00\",\"breadcrumb\":{\"@id\":\"https:\\\/\\\/czerwonagora.pl\\\/index.php\\\/pracownia-spirografii\\\/#breadcrumb\"},\"inLanguage\":\"pl-PL\",\"potentialAction\":[{\"@type\":\"ReadAction\",\"target\":[\"https:\\\/\\\/czerwonagora.pl\\\/index.php\\\/pracownia-spirografii\\\/\"]}]},{\"@type\":\"ImageObject\",\"inLanguage\":\"pl-PL\",\"@id\":\"https:\\\/\\\/czerwonagora.pl\\\/index.php\\\/pracownia-spirografii\\\/#primaryimage\",\"url\":\"https:\\\/\\\/czerwonagora.pl\\\/wp-content\\\/uploads\\\/2021\\\/07\\\/lungtest-1000.jpg\",\"contentUrl\":\"https:\\\/\\\/czerwonagora.pl\\\/wp-content\\\/uploads\\\/2021\\\/07\\\/lungtest-1000.jpg\",\"width\":606,\"height\":606},{\"@type\":\"BreadcrumbList\",\"@id\":\"https:\\\/\\\/czerwonagora.pl\\\/index.php\\\/pracownia-spirografii\\\/#breadcrumb\",\"itemListElement\":[{\"@type\":\"ListItem\",\"position\":1,\"name\":\"Strona g\u0142\u00f3wna\",\"item\":\"https:\\\/\\\/czerwonagora.pl\\\/\"},{\"@type\":\"ListItem\",\"position\":2,\"name\":\"Pracownia Spirografii\"}]},{\"@type\":\"WebSite\",\"@id\":\"https:\\\/\\\/czerwonagora.pl\\\/#website\",\"url\":\"https:\\\/\\\/czerwonagora.pl\\\/\",\"name\":\"Wojew\u00f3dzki Szpital Specjalistyczny im. \u015aw. Rafa\u0142a w Czerwonej G\u00f3rze\",\"description\":\"Wojew\u00f3dzki Szpital Specjalistyczny im. \u015aw. Rafa\u0142a w Czerwonej G\u00f3rze\",\"publisher\":{\"@id\":\"https:\\\/\\\/czerwonagora.pl\\\/#organization\"},\"potentialAction\":[{\"@type\":\"SearchAction\",\"target\":{\"@type\":\"EntryPoint\",\"urlTemplate\":\"https:\\\/\\\/czerwonagora.pl\\\/?s={search_term_string}\"},\"query-input\":{\"@type\":\"PropertyValueSpecification\",\"valueRequired\":true,\"valueName\":\"search_term_string\"}}],\"inLanguage\":\"pl-PL\"},{\"@type\":\"Organization\",\"@id\":\"https:\\\/\\\/czerwonagora.pl\\\/#organization\",\"name\":\"Wojew\u00f3dzki Szpital Specjalistyczny im. \u015aw. Rafa\u0142a w Czerwonej G\u00f3rze\",\"url\":\"https:\\\/\\\/czerwonagora.pl\\\/\",\"logo\":{\"@type\":\"ImageObject\",\"inLanguage\":\"pl-PL\",\"@id\":\"https:\\\/\\\/czerwonagora.pl\\\/#\\\/schema\\\/logo\\\/image\\\/\",\"url\":\"https:\\\/\\\/czerwonagora.pl\\\/wp-content\\\/uploads\\\/2021\\\/06\\\/Logo-WSS-DUZE-transparentne.png\",\"contentUrl\":\"https:\\\/\\\/czerwonagora.pl\\\/wp-content\\\/uploads\\\/2021\\\/06\\\/Logo-WSS-DUZE-transparentne.png\",\"width\":4210,\"height\":2975,\"caption\":\"Wojew\u00f3dzki Szpital Specjalistyczny im. \u015aw. Rafa\u0142a w Czerwonej G\u00f3rze\"},\"image\":{\"@id\":\"https:\\\/\\\/czerwonagora.pl\\\/#\\\/schema\\\/logo\\\/image\\\/\"},\"sameAs\":[\"https:\\\/\\\/www.facebook.com\\\/SzpitalCzerwonaGora\\\/\"]}]}<\/script>\n<!-- \/ Yoast SEO plugin. -->","yoast_head_json":{"title":"Pracownia Spirografii - Wojew\u00f3dzki Szpital Specjalistyczny im. \u015aw. Rafa\u0142a w Czerwonej G\u00f3rze","robots":{"index":"index","follow":"follow","max-snippet":"max-snippet:-1","max-image-preview":"max-image-preview:large","max-video-preview":"max-video-preview:-1"},"canonical":"https:\/\/czerwonagora.pl\/index.php\/pracownia-spirografii\/","og_locale":"pl_PL","og_type":"article","og_title":"Pracownia Spirografii - Wojew\u00f3dzki Szpital Specjalistyczny im. \u015aw. Rafa\u0142a w Czerwonej G\u00f3rze","og_description":"Badanie spirometryczne polega na pomiarze pojemno\u015bci p\u0142uc oraz przep\u0142ywu powietrza przez oskrzela. \u00a0Pozwala na dok\u0142adn\u0105 ocen\u0119 czynno\u015bciow\u0105 uk\u0142adu oddechowego. Jest podstaw\u0105 rozpoznania i oceny rozwoju wielu cz\u0119stych chor\u00f3b takich jak astma oskrzelowa, czy przewlek\u0142a obturacyjna choroba p\u0142uc.Pozwala r\u00f3wnie\u017c na monitorowanie efekt\u00f3w leczenia. Wykonanie spirometrii jest konieczne u os\u00f3b stwierdzaj\u0105cych u siebie duszno\u015b\u0107, duszno\u015b\u0107 przy umiarkowanym [&hellip;]","og_url":"https:\/\/czerwonagora.pl\/index.php\/pracownia-spirografii\/","og_site_name":"Wojew\u00f3dzki Szpital Specjalistyczny im. \u015aw. Rafa\u0142a w Czerwonej G\u00f3rze","article_publisher":"https:\/\/www.facebook.com\/SzpitalCzerwonaGora\/","article_modified_time":"2021-07-05T11:46:53+00:00","og_image":[{"url":"https:\/\/czerwonagora.pl\/wp-content\/uploads\/2021\/07\/lungtest-1000-300x300.jpg","type":"","width":"","height":""}],"twitter_card":"summary_large_image","twitter_misc":{"Szacowany czas czytania":"1 minuta"},"schema":{"@context":"https:\/\/schema.org","@graph":[{"@type":"WebPage","@id":"https:\/\/czerwonagora.pl\/index.php\/pracownia-spirografii\/","url":"https:\/\/czerwonagora.pl\/index.php\/pracownia-spirografii\/","name":"Pracownia Spirografii - Wojew\u00f3dzki Szpital Specjalistyczny im. \u015aw. Rafa\u0142a w Czerwonej G\u00f3rze","isPartOf":{"@id":"https:\/\/czerwonagora.pl\/#website"},"primaryImageOfPage":{"@id":"https:\/\/czerwonagora.pl\/index.php\/pracownia-spirografii\/#primaryimage"},"image":{"@id":"https:\/\/czerwonagora.pl\/index.php\/pracownia-spirografii\/#primaryimage"},"thumbnailUrl":"https:\/\/czerwonagora.pl\/wp-content\/uploads\/2021\/07\/lungtest-1000-300x300.jpg","datePublished":"2021-06-25T10:42:40+00:00","dateModified":"2021-07-05T11:46:53+00:00","breadcrumb":{"@id":"https:\/\/czerwonagora.pl\/index.php\/pracownia-spirografii\/#breadcrumb"},"inLanguage":"pl-PL","potentialAction":[{"@type":"ReadAction","target":["https:\/\/czerwonagora.pl\/index.php\/pracownia-spirografii\/"]}]},{"@type":"ImageObject","inLanguage":"pl-PL","@id":"https:\/\/czerwonagora.pl\/index.php\/pracownia-spirografii\/#primaryimage","url":"https:\/\/czerwonagora.pl\/wp-content\/uploads\/2021\/07\/lungtest-1000.jpg","contentUrl":"https:\/\/czerwonagora.pl\/wp-content\/uploads\/2021\/07\/lungtest-1000.jpg","width":606,"height":606},{"@type":"BreadcrumbList","@id":"https:\/\/czerwonagora.pl\/index.php\/pracownia-spirografii\/#breadcrumb","itemListElement":[{"@type":"ListItem","position":1,"name":"Strona g\u0142\u00f3wna","item":"https:\/\/czerwonagora.pl\/"},{"@type":"ListItem","position":2,"name":"Pracownia Spirografii"}]},{"@type":"WebSite","@id":"https:\/\/czerwonagora.pl\/#website","url":"https:\/\/czerwonagora.pl\/","name":"Wojew\u00f3dzki Szpital Specjalistyczny im. \u015aw. Rafa\u0142a w Czerwonej G\u00f3rze","description":"Wojew\u00f3dzki Szpital Specjalistyczny im. \u015aw. Rafa\u0142a w Czerwonej G\u00f3rze","publisher":{"@id":"https:\/\/czerwonagora.pl\/#organization"},"potentialAction":[{"@type":"SearchAction","target":{"@type":"EntryPoint","urlTemplate":"https:\/\/czerwonagora.pl\/?s={search_term_string}"},"query-input":{"@type":"PropertyValueSpecification","valueRequired":true,"valueName":"search_term_string"}}],"inLanguage":"pl-PL"},{"@type":"Organization","@id":"https:\/\/czerwonagora.pl\/#organization","name":"Wojew\u00f3dzki Szpital Specjalistyczny im. \u015aw. Rafa\u0142a w Czerwonej G\u00f3rze","url":"https:\/\/czerwonagora.pl\/","logo":{"@type":"ImageObject","inLanguage":"pl-PL","@id":"https:\/\/czerwonagora.pl\/#\/schema\/logo\/image\/","url":"https:\/\/czerwonagora.pl\/wp-content\/uploads\/2021\/06\/Logo-WSS-DUZE-transparentne.png","contentUrl":"https:\/\/czerwonagora.pl\/wp-content\/uploads\/2021\/06\/Logo-WSS-DUZE-transparentne.png","width":4210,"height":2975,"caption":"Wojew\u00f3dzki Szpital Specjalistyczny im. \u015aw. Rafa\u0142a w Czerwonej G\u00f3rze"},"image":{"@id":"https:\/\/czerwonagora.pl\/#\/schema\/logo\/image\/"},"sameAs":["https:\/\/www.facebook.com\/SzpitalCzerwonaGora\/"]}]}},"publishpress_future_action":{"enabled":false,"date":"2026-04-17 14:02:57","action":"change-status","newStatus":"draft","terms":[],"taxonomy":"","extraData":[]},"publishpress_future_workflow_manual_trigger":{"enabledWorkflows":[]},"_links":{"self":[{"href":"https:\/\/czerwonagora.pl\/index.php\/wp-json\/wp\/v2\/pages\/5955","targetHints":{"allow":["GET"]}}],"collection":[{"href":"https:\/\/czerwonagora.pl\/index.php\/wp-json\/wp\/v2\/pages"}],"about":[{"href":"https:\/\/czerwonagora.pl\/index.php\/wp-json\/wp\/v2\/types\/page"}],"author":[{"embeddable":true,"href":"https:\/\/czerwonagora.pl\/index.php\/wp-json\/wp\/v2\/users\/3"}],"replies":[{"embeddable":true,"href":"https:\/\/czerwonagora.pl\/index.php\/wp-json\/wp\/v2\/comments?post=5955"}],"version-history":[{"count":70,"href":"https:\/\/czerwonagora.pl\/index.php\/wp-json\/wp\/v2\/pages\/5955\/revisions"}],"predecessor-version":[{"id":10162,"href":"https:\/\/czerwonagora.pl\/index.php\/wp-json\/wp\/v2\/pages\/5955\/revisions\/10162"}],"wp:attachment":[{"href":"https:\/\/czerwonagora.pl\/index.php\/wp-json\/wp\/v2\/media?parent=5955"}],"curies":[{"name":"wp","href":"https:\/\/api.w.org\/{rel}","templated":true}]}}