{"id":6090,"date":"2021-06-25T13:46:22","date_gmt":"2021-06-25T11:46:22","guid":{"rendered":"https:\/\/czerwonagora.pl\/?page_id=6090"},"modified":"2025-03-24T08:11:57","modified_gmt":"2025-03-24T07:11:57","slug":"dzial-zamowien-publicznych","status":"publish","type":"page","link":"https:\/\/czerwonagora.pl\/index.php\/dzial-zamowien-publicznych\/","title":{"rendered":"Dzia\u0142 Zam\u00f3wie\u0144 Publicznych"},"content":{"rendered":"\t\t<div data-elementor-type=\"wp-page\" data-elementor-id=\"6090\" class=\"elementor elementor-6090\">\n\t\t\t\t\t\t<section class=\"elementor-section elementor-top-section elementor-element elementor-element-486bfd19 elementor-section-stretched elementor-section-boxed elementor-section-height-default elementor-section-height-default elementor-invisible\" data-id=\"486bfd19\" data-element_type=\"section\" data-e-type=\"section\" data-settings=\"{&quot;stretch_section&quot;:&quot;section-stretched&quot;,&quot;animation&quot;:&quot;fadeIn&quot;,&quot;animation_delay&quot;:200}\">\n\t\t\t\t\t\t\t<div class=\"elementor-background-overlay\"><\/div>\n\t\t\t\t\t\t\t<div class=\"elementor-container elementor-column-gap-no\">\n\t\t\t\t\t<div class=\"elementor-column elementor-col-50 elementor-top-column elementor-element elementor-element-75081383\" data-id=\"75081383\" data-element_type=\"column\" data-e-type=\"column\">\n\t\t\t<div class=\"elementor-widget-wrap elementor-element-populated\">\n\t\t\t\t\t\t<div class=\"elementor-element elementor-element-3d5476f4 elementor-position-top elementor-invisible elementor-widget elementor-widget-image-box\" data-id=\"3d5476f4\" data-element_type=\"widget\" data-e-type=\"widget\" data-settings=\"{&quot;_animation&quot;:&quot;fadeIn&quot;}\" data-widget_type=\"image-box.default\">\n\t\t\t\t<div class=\"elementor-widget-container\">\n\t\t\t\t\t<div class=\"elementor-image-box-wrapper\"><figure class=\"elementor-image-box-img\"><img decoding=\"async\" width=\"180\" height=\"223\" src=\"https:\/\/czerwonagora.pl\/wp-content\/uploads\/2021\/06\/men_adm-ikona.png\" class=\"attachment-full size-full wp-image-7902\" alt=\"t\u0142o koloru zielonego z sylwetk\u0105 m\u0119\u017cczyzny ubranego w ubranie wizytowe koloru czarnego\" \/><\/figure><div class=\"elementor-image-box-content\"><h1 class=\"elementor-image-box-title\">Jakub Pawelec<\/h1><p class=\"elementor-image-box-description\">Kierownik Dzia\u0142u Zam\u00f3wie\u0144 Publicznych<\/p><\/div><\/div>\t\t\t\t<\/div>\n\t\t\t\t<\/div>\n\t\t\t\t<div class=\"elementor-element elementor-element-5336f2dc elementor-widget-divider--view-line elementor-widget elementor-widget-divider\" data-id=\"5336f2dc\" data-element_type=\"widget\" data-e-type=\"widget\" data-widget_type=\"divider.default\">\n\t\t\t\t<div class=\"elementor-widget-container\">\n\t\t\t\t\t\t\t<div class=\"elementor-divider\">\n\t\t\t<span class=\"elementor-divider-separator\">\n\t\t\t\t\t\t<\/span>\n\t\t<\/div>\n\t\t\t\t\t\t<\/div>\n\t\t\t\t<\/div>\n\t\t\t\t\t<\/div>\n\t\t<\/div>\n\t\t\t\t<div class=\"elementor-column elementor-col-50 elementor-top-column elementor-element elementor-element-b0b5531\" data-id=\"b0b5531\" data-element_type=\"column\" data-e-type=\"column\">\n\t\t\t<div class=\"elementor-widget-wrap elementor-element-populated\">\n\t\t\t\t\t\t<div class=\"elementor-element elementor-element-9c5ec50 elementor-position-top elementor-invisible elementor-widget elementor-widget-image-box\" data-id=\"9c5ec50\" data-element_type=\"widget\" data-e-type=\"widget\" data-settings=\"{&quot;_animation&quot;:&quot;fadeIn&quot;}\" data-widget_type=\"image-box.default\">\n\t\t\t\t<div class=\"elementor-widget-container\">\n\t\t\t\t\t<div class=\"elementor-image-box-wrapper\"><figure class=\"elementor-image-box-img\"><img decoding=\"async\" width=\"180\" height=\"223\" src=\"https:\/\/czerwonagora.pl\/wp-content\/uploads\/2021\/06\/woman_adm-ikona.png\" class=\"attachment-full size-full wp-image-7903\" alt=\"t\u0142o koloru zielone z sylwetk\u0105 kobiety ubran\u0105 w ubranie wizytowe koloru niebieskiego\" \/><\/figure><div class=\"elementor-image-box-content\"><h1 class=\"elementor-image-box-title\">Ewa \u017bak<\/h1><p class=\"elementor-image-box-description\">Z-ca kierownika Dzia\u0142u Zam\u00f3wie\u0144 Publicznych<\/p><\/div><\/div>\t\t\t\t<\/div>\n\t\t\t\t<\/div>\n\t\t\t\t<div class=\"elementor-element elementor-element-db45d1e elementor-widget-divider--view-line elementor-widget elementor-widget-divider\" data-id=\"db45d1e\" data-element_type=\"widget\" data-e-type=\"widget\" data-widget_type=\"divider.default\">\n\t\t\t\t<div class=\"elementor-widget-container\">\n\t\t\t\t\t\t\t<div class=\"elementor-divider\">\n\t\t\t<span class=\"elementor-divider-separator\">\n\t\t\t\t\t\t<\/span>\n\t\t<\/div>\n\t\t\t\t\t\t<\/div>\n\t\t\t\t<\/div>\n\t\t\t\t\t<\/div>\n\t\t<\/div>\n\t\t\t\t\t<\/div>\n\t\t<\/section>\n\t\t\t\t<section class=\"elementor-section elementor-top-section elementor-element elementor-element-80e8286 elementor-section-stretched elementor-section-boxed elementor-section-height-default elementor-section-height-default\" data-id=\"80e8286\" data-element_type=\"section\" data-e-type=\"section\" data-settings=\"{&quot;stretch_section&quot;:&quot;section-stretched&quot;}\">\n\t\t\t\t\t\t<div class=\"elementor-container elementor-column-gap-default\">\n\t\t\t\t\t<div class=\"elementor-column elementor-col-66 elementor-top-column elementor-element elementor-element-51fba1cc\" data-id=\"51fba1cc\" data-element_type=\"column\" data-e-type=\"column\">\n\t\t\t<div class=\"elementor-widget-wrap elementor-element-populated\">\n\t\t\t\t\t\t<div class=\"elementor-element elementor-element-5df2026b elementor-widget elementor-widget-text-editor\" data-id=\"5df2026b\" data-element_type=\"widget\" data-e-type=\"widget\" data-widget_type=\"text-editor.default\">\n\t\t\t\t<div class=\"elementor-widget-container\">\n\t\t\t\t\t\t\t\t\t<div class=\"sppb-col-md-8\"><div id=\"column-id-1505723721500\" class=\"sppb-column\"><div class=\"sppb-column-addons\"><div id=\"sppb-addon-1505723721504\" class=\"clearfix\"><div class=\"sppb-addon sppb-addon-text-block sppb-text-left \"><div class=\"sppb-addon-content\"><h4><strong>Profil kom\u00f3rki<\/strong><\/h4><p>Do podstawowych zada\u0144 nale\u017cy:<\/p><ul><li>przygotowywanie, organizowanie i dokumentowanie post\u0119powa\u0144 o udzielenie zam\u00f3wie\u0144 publicznych stosownie do warto\u015bci zam\u00f3wienia,<\/li><li>sporz\u0105dzanie plan\u00f3w post\u0119powa\u0144 i ich publikacja,<\/li><li>udzia\u0142 w opracowywaniu analizy potrzeb i wymaga\u0144, uwzgl\u0119dniaj\u0105cej rodzaj i warto\u015b\u0107 zam\u00f3wienia oraz wskazuj\u0105cy m.in. przewidywany tryb udzielenia zam\u00f3wienia,<\/li><li>opracowanie specyfikacji warunk\u00f3w zam\u00f3wienia do post\u0119powa\u0144 o udzielenie zam\u00f3wie\u0144 publicznych <br \/>w porozumieniu z w\u0142a\u015bciwymi co do zakresu zam\u00f3wienia pracownikami innych kom\u00f3rek organizacyjnych,<\/li><li>przesy\u0142anie do Urz\u0119du Publikacji Unii Europejskiej og\u0142osze\u0144 o zam\u00f3wieniu,udost\u0119pnienie og\u0142oszenia <br \/>o zam\u00f3wieniu na stronie internetowej, przekazywanie Prezesowi Urz\u0119du Zam\u00f3wie\u0144 Publicznych informacji o z\u0142o\u017conych wnioskach o dopuszczenie do udzia\u0142u w post\u0119powaniach lub ofertach, zamieszczanie og\u0142osze\u0144 o wykonaniu zam\u00f3wie\u0144 w Biuletynie Zam\u00f3wie\u0144 Publicznych,<\/li><li>informowanie Dyrektora oraz uprawnione instytucje zewn\u0119trzne o aktualnie prowadzonych post\u0119powaniach o udzielenie zam\u00f3wie\u0144 publicznych,<\/li><li>og\u0142aszanie wynik\u00f3w zako\u0144czonych post\u0119powa\u0144 o udzielenie zam\u00f3wie\u0144 publicznych,4.8realizacja zatwierdzonych przez Dyrektora wniosk\u00f3w w sprawie zakup\u00f3w,<\/li><li>informowanie wnioskodawc\u00f3w o trybie realizacji z\u0142o\u017conych wniosk\u00f3w,<\/li><li>przeprowadzanie procedur przetargu nieograniczonego ustnego na wydzier\u017cawianie mienia b\u0119d\u0105cego w posiadaniu WSS zgodnie z obowi\u0105zuj\u0105cymi przepisami nadrz\u0119dnymi,uchwalonymi przez podmiot tworz\u0105cy,<\/li><li>przeprowadzanie post\u0119powa\u0144 o udzielenie zam\u00f3wie\u0144 publicznych, o warto\u015bci mniejszej ni\u017c 130 000,00 z\u0142,4.12udzielanie odpowiedzi na zapytania kierowane przez oferent\u00f3w do SWZ, OPW i wzoru umowy oraz sporz\u0105dzanie ko\u0144cowej umowy,<\/li><li>przyjmowanie, rejestrowanie, okre\u015blanie warto\u015bci zam\u00f3wienia i kwalifikowanie zg\u0142aszanych przez kom\u00f3rki organizacyjne wniosk\u00f3w o zakup us\u0142ug i dostaw,<\/li><li>weryfikacja przygotowywanych post\u0119powa\u0144 w zakresie zu\u017cycia zamawianego asortymentu w ostatnich 12 miesi\u0105cach.<\/li><\/ul><p>W celu skutecznego wykonywania dzia\u0142alno\u015bci statutowej Dzia\u0142 Zam\u00f3wie\u0144 Publicznych wsp\u00f3\u0142pracuje <br \/>z innymi kom\u00f3rkami organizacyjnymi WSS.<\/p><p>Aby przej\u015b\u0107 na stron\u0119 z przetargami kliknij tu \u00a0&#8211;<strong><a href=\"http:\/\/bip.czerwonagora.pl\/\">przetargi<\/a><\/strong><\/p><p>System pracy oraz godziny pracy os\u00f3b zatrudnionych w kom\u00f3rce organizacyjnej szczeg\u00f3\u0142owo okre\u015bla Regulamin Pracy.<\/p><p>Pracownicy wykonuj\u0105 czynno\u015bci zgodnie z ustaw\u0105 Prawo Zam\u00f3wie\u0144 Publicznych.<\/p><p>Numer tel.\/fax bezpo\u015bredni: +48 (prefix) 41 346 52 40<\/p><p>adres e-mail: <em><strong><span id=\"cloak63627\"><a href=\"mailto:przetargi@czerwonagora.pl\">przetargi@czerwonagora.pl <\/a><\/span><\/strong><\/em><\/p><\/div><\/div><\/div><\/div><\/div><\/div>\t\t\t\t\t\t\t\t<\/div>\n\t\t\t\t<\/div>\n\t\t\t\t\t<\/div>\n\t\t<\/div>\n\t\t\t\t<div class=\"elementor-column elementor-col-33 elementor-top-column elementor-element elementor-element-301d20a9\" data-id=\"301d20a9\" data-element_type=\"column\" data-e-type=\"column\" data-settings=\"{&quot;background_background&quot;:&quot;classic&quot;}\">\n\t\t\t<div class=\"elementor-widget-wrap elementor-element-populated\">\n\t\t\t\t\t\t<div class=\"elementor-element elementor-element-2a68acd0 elementor-view-default elementor-widget elementor-widget-icon\" data-id=\"2a68acd0\" data-element_type=\"widget\" data-e-type=\"widget\" data-widget_type=\"icon.default\">\n\t\t\t\t<div class=\"elementor-widget-container\">\n\t\t\t\t\t\t\t<div class=\"elementor-icon-wrapper\">\n\t\t\t<div class=\"elementor-icon\">\n\t\t\t<i aria-hidden=\"true\" class=\"fas fa-phone-square\"><\/i>\t\t\t<\/div>\n\t\t<\/div>\n\t\t\t\t\t\t<\/div>\n\t\t\t\t<\/div>\n\t\t\t\t<div class=\"elementor-element elementor-element-31d2aa9f elementor-widget elementor-widget-text-editor\" data-id=\"31d2aa9f\" data-element_type=\"widget\" data-e-type=\"widget\" data-widget_type=\"text-editor.default\">\n\t\t\t\t<div class=\"elementor-widget-container\">\n\t\t\t\t\t\t\t\t\t<div id=\"sppb-addon-1505723721507\" class=\"clearfix\"><div class=\"sppb-addon sppb-addon-text-block sppb-text-left \"><div class=\"sppb-addon-content\"><p><strong>Lokalizacja Budynek D, IV pi\u0119tro\u00a0<\/strong><\/p><p><strong>Numery bezpo\u015brednie:<\/strong><\/p><p><strong>Szpital:<\/strong>+48 (41) 34 655 45 do 48<\/p><p><strong>Numery wewn\u0119trzne:<\/strong><\/p><p>Kierownik &#8211; <strong>312<\/strong><br \/>Biuro &#8211; <strong>182<\/strong><\/p><\/div><\/div><\/div>\t\t\t\t\t\t\t\t<\/div>\n\t\t\t\t<\/div>\n\t\t\t\t\t<\/div>\n\t\t<\/div>\n\t\t\t\t\t<\/div>\n\t\t<\/section>\n\t\t\t\t<\/div>\n\t\t","protected":false},"excerpt":{"rendered":"<p>Jakub Pawelec Kierownik Dzia\u0142u Zam\u00f3wie\u0144 Publicznych Ewa \u017bak Z-ca kierownika Dzia\u0142u Zam\u00f3wie\u0144 Publicznych Profil kom\u00f3rki Do podstawowych zada\u0144 nale\u017cy: przygotowywanie, organizowanie i dokumentowanie post\u0119powa\u0144 o udzielenie zam\u00f3wie\u0144 publicznych stosownie do warto\u015bci zam\u00f3wienia, sporz\u0105dzanie plan\u00f3w post\u0119powa\u0144 i ich publikacja, udzia\u0142 w opracowywaniu analizy potrzeb i wymaga\u0144, uwzgl\u0119dniaj\u0105cej rodzaj i warto\u015b\u0107 zam\u00f3wienia oraz wskazuj\u0105cy m.in. przewidywany tryb [&hellip;]<\/p>\n","protected":false},"author":4,"featured_media":0,"parent":0,"menu_order":0,"comment_status":"closed","ping_status":"closed","template":"","meta":{"zakra_page_container_layout":"customizer","zakra_page_sidebar_layout":"customizer","zakra_remove_content_margin":false,"zakra_sidebar":"customizer","zakra_transparent_header":"customizer","zakra_logo":0,"zakra_main_header_style":"default","zakra_menu_item_color":"","zakra_menu_item_hover_color":"","zakra_menu_item_active_color":"","zakra_menu_active_style":"","zakra_page_header":true,"footnotes":""},"class_list":["post-6090","page","type-page","status-publish","hentry"],"yoast_head":"<!-- This site is optimized with the Yoast SEO plugin v27.3 - https:\/\/yoast.com\/product\/yoast-seo-wordpress\/ -->\n<title>Dzia\u0142 Zam\u00f3wie\u0144 Publicznych - Wojew\u00f3dzki Szpital Specjalistyczny im. \u015aw. Rafa\u0142a w Czerwonej G\u00f3rze<\/title>\n<meta name=\"robots\" content=\"index, follow, max-snippet:-1, max-image-preview:large, max-video-preview:-1\" \/>\n<link rel=\"canonical\" href=\"https:\/\/czerwonagora.pl\/index.php\/dzial-zamowien-publicznych\/\" \/>\n<meta property=\"og:locale\" content=\"pl_PL\" \/>\n<meta property=\"og:type\" content=\"article\" \/>\n<meta property=\"og:title\" content=\"Dzia\u0142 Zam\u00f3wie\u0144 Publicznych - Wojew\u00f3dzki Szpital Specjalistyczny im. \u015aw. Rafa\u0142a w Czerwonej G\u00f3rze\" \/>\n<meta property=\"og:description\" content=\"Jakub Pawelec Kierownik Dzia\u0142u Zam\u00f3wie\u0144 Publicznych Ewa \u017bak Z-ca kierownika Dzia\u0142u Zam\u00f3wie\u0144 Publicznych Profil kom\u00f3rki Do podstawowych zada\u0144 nale\u017cy: przygotowywanie, organizowanie i dokumentowanie post\u0119powa\u0144 o udzielenie zam\u00f3wie\u0144 publicznych stosownie do warto\u015bci zam\u00f3wienia, sporz\u0105dzanie plan\u00f3w post\u0119powa\u0144 i ich publikacja, udzia\u0142 w opracowywaniu analizy potrzeb i wymaga\u0144, uwzgl\u0119dniaj\u0105cej rodzaj i warto\u015b\u0107 zam\u00f3wienia oraz wskazuj\u0105cy m.in. przewidywany tryb [&hellip;]\" \/>\n<meta property=\"og:url\" content=\"https:\/\/czerwonagora.pl\/index.php\/dzial-zamowien-publicznych\/\" \/>\n<meta property=\"og:site_name\" content=\"Wojew\u00f3dzki Szpital Specjalistyczny im. \u015aw. Rafa\u0142a w Czerwonej G\u00f3rze\" \/>\n<meta property=\"article:publisher\" content=\"https:\/\/www.facebook.com\/SzpitalCzerwonaGora\/\" \/>\n<meta property=\"article:modified_time\" content=\"2025-03-24T07:11:57+00:00\" \/>\n<meta property=\"og:image\" content=\"https:\/\/czerwonagora.pl\/wp-content\/uploads\/2021\/06\/men_adm-ikona.png\" \/>\n\t<meta property=\"og:image:width\" content=\"180\" \/>\n\t<meta property=\"og:image:height\" content=\"223\" \/>\n\t<meta property=\"og:image:type\" content=\"image\/png\" \/>\n<meta name=\"twitter:card\" content=\"summary_large_image\" \/>\n<meta name=\"twitter:label1\" content=\"Szacowany czas czytania\" \/>\n\t<meta name=\"twitter:data1\" content=\"3 minuty\" \/>\n<script type=\"application\/ld+json\" class=\"yoast-schema-graph\">{\"@context\":\"https:\\\/\\\/schema.org\",\"@graph\":[{\"@type\":\"WebPage\",\"@id\":\"https:\\\/\\\/czerwonagora.pl\\\/index.php\\\/dzial-zamowien-publicznych\\\/\",\"url\":\"https:\\\/\\\/czerwonagora.pl\\\/index.php\\\/dzial-zamowien-publicznych\\\/\",\"name\":\"Dzia\u0142 Zam\u00f3wie\u0144 Publicznych - Wojew\u00f3dzki Szpital Specjalistyczny im. \u015aw. Rafa\u0142a w Czerwonej G\u00f3rze\",\"isPartOf\":{\"@id\":\"https:\\\/\\\/czerwonagora.pl\\\/#website\"},\"primaryImageOfPage\":{\"@id\":\"https:\\\/\\\/czerwonagora.pl\\\/index.php\\\/dzial-zamowien-publicznych\\\/#primaryimage\"},\"image\":{\"@id\":\"https:\\\/\\\/czerwonagora.pl\\\/index.php\\\/dzial-zamowien-publicznych\\\/#primaryimage\"},\"thumbnailUrl\":\"https:\\\/\\\/czerwonagora.pl\\\/wp-content\\\/uploads\\\/2021\\\/06\\\/men_adm-ikona.png\",\"datePublished\":\"2021-06-25T11:46:22+00:00\",\"dateModified\":\"2025-03-24T07:11:57+00:00\",\"breadcrumb\":{\"@id\":\"https:\\\/\\\/czerwonagora.pl\\\/index.php\\\/dzial-zamowien-publicznych\\\/#breadcrumb\"},\"inLanguage\":\"pl-PL\",\"potentialAction\":[{\"@type\":\"ReadAction\",\"target\":[\"https:\\\/\\\/czerwonagora.pl\\\/index.php\\\/dzial-zamowien-publicznych\\\/\"]}]},{\"@type\":\"ImageObject\",\"inLanguage\":\"pl-PL\",\"@id\":\"https:\\\/\\\/czerwonagora.pl\\\/index.php\\\/dzial-zamowien-publicznych\\\/#primaryimage\",\"url\":\"https:\\\/\\\/czerwonagora.pl\\\/wp-content\\\/uploads\\\/2021\\\/06\\\/men_adm-ikona.png\",\"contentUrl\":\"https:\\\/\\\/czerwonagora.pl\\\/wp-content\\\/uploads\\\/2021\\\/06\\\/men_adm-ikona.png\",\"width\":180,\"height\":223,\"caption\":\"t\u0142o koloru zielonego z sylwetk\u0105 m\u0119\u017cczyzny ubranego w ubranie wizytowe koloru czarnego\"},{\"@type\":\"BreadcrumbList\",\"@id\":\"https:\\\/\\\/czerwonagora.pl\\\/index.php\\\/dzial-zamowien-publicznych\\\/#breadcrumb\",\"itemListElement\":[{\"@type\":\"ListItem\",\"position\":1,\"name\":\"Strona g\u0142\u00f3wna\",\"item\":\"https:\\\/\\\/czerwonagora.pl\\\/\"},{\"@type\":\"ListItem\",\"position\":2,\"name\":\"Dzia\u0142 Zam\u00f3wie\u0144 Publicznych\"}]},{\"@type\":\"WebSite\",\"@id\":\"https:\\\/\\\/czerwonagora.pl\\\/#website\",\"url\":\"https:\\\/\\\/czerwonagora.pl\\\/\",\"name\":\"Wojew\u00f3dzki Szpital Specjalistyczny im. \u015aw. Rafa\u0142a w Czerwonej G\u00f3rze\",\"description\":\"Wojew\u00f3dzki Szpital Specjalistyczny im. \u015aw. Rafa\u0142a w Czerwonej G\u00f3rze\",\"publisher\":{\"@id\":\"https:\\\/\\\/czerwonagora.pl\\\/#organization\"},\"potentialAction\":[{\"@type\":\"SearchAction\",\"target\":{\"@type\":\"EntryPoint\",\"urlTemplate\":\"https:\\\/\\\/czerwonagora.pl\\\/?s={search_term_string}\"},\"query-input\":{\"@type\":\"PropertyValueSpecification\",\"valueRequired\":true,\"valueName\":\"search_term_string\"}}],\"inLanguage\":\"pl-PL\"},{\"@type\":\"Organization\",\"@id\":\"https:\\\/\\\/czerwonagora.pl\\\/#organization\",\"name\":\"Wojew\u00f3dzki Szpital Specjalistyczny im. \u015aw. Rafa\u0142a w Czerwonej G\u00f3rze\",\"url\":\"https:\\\/\\\/czerwonagora.pl\\\/\",\"logo\":{\"@type\":\"ImageObject\",\"inLanguage\":\"pl-PL\",\"@id\":\"https:\\\/\\\/czerwonagora.pl\\\/#\\\/schema\\\/logo\\\/image\\\/\",\"url\":\"https:\\\/\\\/czerwonagora.pl\\\/wp-content\\\/uploads\\\/2021\\\/06\\\/Logo-WSS-DUZE-transparentne.png\",\"contentUrl\":\"https:\\\/\\\/czerwonagora.pl\\\/wp-content\\\/uploads\\\/2021\\\/06\\\/Logo-WSS-DUZE-transparentne.png\",\"width\":4210,\"height\":2975,\"caption\":\"Wojew\u00f3dzki Szpital Specjalistyczny im. \u015aw. Rafa\u0142a w Czerwonej G\u00f3rze\"},\"image\":{\"@id\":\"https:\\\/\\\/czerwonagora.pl\\\/#\\\/schema\\\/logo\\\/image\\\/\"},\"sameAs\":[\"https:\\\/\\\/www.facebook.com\\\/SzpitalCzerwonaGora\\\/\"]}]}<\/script>\n<!-- \/ Yoast SEO plugin. -->","yoast_head_json":{"title":"Dzia\u0142 Zam\u00f3wie\u0144 Publicznych - Wojew\u00f3dzki Szpital Specjalistyczny im. \u015aw. Rafa\u0142a w Czerwonej G\u00f3rze","robots":{"index":"index","follow":"follow","max-snippet":"max-snippet:-1","max-image-preview":"max-image-preview:large","max-video-preview":"max-video-preview:-1"},"canonical":"https:\/\/czerwonagora.pl\/index.php\/dzial-zamowien-publicznych\/","og_locale":"pl_PL","og_type":"article","og_title":"Dzia\u0142 Zam\u00f3wie\u0144 Publicznych - Wojew\u00f3dzki Szpital Specjalistyczny im. \u015aw. Rafa\u0142a w Czerwonej G\u00f3rze","og_description":"Jakub Pawelec Kierownik Dzia\u0142u Zam\u00f3wie\u0144 Publicznych Ewa \u017bak Z-ca kierownika Dzia\u0142u Zam\u00f3wie\u0144 Publicznych Profil kom\u00f3rki Do podstawowych zada\u0144 nale\u017cy: przygotowywanie, organizowanie i dokumentowanie post\u0119powa\u0144 o udzielenie zam\u00f3wie\u0144 publicznych stosownie do warto\u015bci zam\u00f3wienia, sporz\u0105dzanie plan\u00f3w post\u0119powa\u0144 i ich publikacja, udzia\u0142 w opracowywaniu analizy potrzeb i wymaga\u0144, uwzgl\u0119dniaj\u0105cej rodzaj i warto\u015b\u0107 zam\u00f3wienia oraz wskazuj\u0105cy m.in. przewidywany tryb [&hellip;]","og_url":"https:\/\/czerwonagora.pl\/index.php\/dzial-zamowien-publicznych\/","og_site_name":"Wojew\u00f3dzki Szpital Specjalistyczny im. \u015aw. Rafa\u0142a w Czerwonej G\u00f3rze","article_publisher":"https:\/\/www.facebook.com\/SzpitalCzerwonaGora\/","article_modified_time":"2025-03-24T07:11:57+00:00","og_image":[{"width":180,"height":223,"url":"https:\/\/czerwonagora.pl\/wp-content\/uploads\/2021\/06\/men_adm-ikona.png","type":"image\/png"}],"twitter_card":"summary_large_image","twitter_misc":{"Szacowany czas czytania":"3 minuty"},"schema":{"@context":"https:\/\/schema.org","@graph":[{"@type":"WebPage","@id":"https:\/\/czerwonagora.pl\/index.php\/dzial-zamowien-publicznych\/","url":"https:\/\/czerwonagora.pl\/index.php\/dzial-zamowien-publicznych\/","name":"Dzia\u0142 Zam\u00f3wie\u0144 Publicznych - Wojew\u00f3dzki Szpital Specjalistyczny im. \u015aw. Rafa\u0142a w Czerwonej G\u00f3rze","isPartOf":{"@id":"https:\/\/czerwonagora.pl\/#website"},"primaryImageOfPage":{"@id":"https:\/\/czerwonagora.pl\/index.php\/dzial-zamowien-publicznych\/#primaryimage"},"image":{"@id":"https:\/\/czerwonagora.pl\/index.php\/dzial-zamowien-publicznych\/#primaryimage"},"thumbnailUrl":"https:\/\/czerwonagora.pl\/wp-content\/uploads\/2021\/06\/men_adm-ikona.png","datePublished":"2021-06-25T11:46:22+00:00","dateModified":"2025-03-24T07:11:57+00:00","breadcrumb":{"@id":"https:\/\/czerwonagora.pl\/index.php\/dzial-zamowien-publicznych\/#breadcrumb"},"inLanguage":"pl-PL","potentialAction":[{"@type":"ReadAction","target":["https:\/\/czerwonagora.pl\/index.php\/dzial-zamowien-publicznych\/"]}]},{"@type":"ImageObject","inLanguage":"pl-PL","@id":"https:\/\/czerwonagora.pl\/index.php\/dzial-zamowien-publicznych\/#primaryimage","url":"https:\/\/czerwonagora.pl\/wp-content\/uploads\/2021\/06\/men_adm-ikona.png","contentUrl":"https:\/\/czerwonagora.pl\/wp-content\/uploads\/2021\/06\/men_adm-ikona.png","width":180,"height":223,"caption":"t\u0142o koloru zielonego z sylwetk\u0105 m\u0119\u017cczyzny ubranego w ubranie wizytowe koloru czarnego"},{"@type":"BreadcrumbList","@id":"https:\/\/czerwonagora.pl\/index.php\/dzial-zamowien-publicznych\/#breadcrumb","itemListElement":[{"@type":"ListItem","position":1,"name":"Strona g\u0142\u00f3wna","item":"https:\/\/czerwonagora.pl\/"},{"@type":"ListItem","position":2,"name":"Dzia\u0142 Zam\u00f3wie\u0144 Publicznych"}]},{"@type":"WebSite","@id":"https:\/\/czerwonagora.pl\/#website","url":"https:\/\/czerwonagora.pl\/","name":"Wojew\u00f3dzki Szpital Specjalistyczny im. \u015aw. Rafa\u0142a w Czerwonej G\u00f3rze","description":"Wojew\u00f3dzki Szpital Specjalistyczny im. \u015aw. Rafa\u0142a w Czerwonej G\u00f3rze","publisher":{"@id":"https:\/\/czerwonagora.pl\/#organization"},"potentialAction":[{"@type":"SearchAction","target":{"@type":"EntryPoint","urlTemplate":"https:\/\/czerwonagora.pl\/?s={search_term_string}"},"query-input":{"@type":"PropertyValueSpecification","valueRequired":true,"valueName":"search_term_string"}}],"inLanguage":"pl-PL"},{"@type":"Organization","@id":"https:\/\/czerwonagora.pl\/#organization","name":"Wojew\u00f3dzki Szpital Specjalistyczny im. \u015aw. Rafa\u0142a w Czerwonej G\u00f3rze","url":"https:\/\/czerwonagora.pl\/","logo":{"@type":"ImageObject","inLanguage":"pl-PL","@id":"https:\/\/czerwonagora.pl\/#\/schema\/logo\/image\/","url":"https:\/\/czerwonagora.pl\/wp-content\/uploads\/2021\/06\/Logo-WSS-DUZE-transparentne.png","contentUrl":"https:\/\/czerwonagora.pl\/wp-content\/uploads\/2021\/06\/Logo-WSS-DUZE-transparentne.png","width":4210,"height":2975,"caption":"Wojew\u00f3dzki Szpital Specjalistyczny im. \u015aw. Rafa\u0142a w Czerwonej G\u00f3rze"},"image":{"@id":"https:\/\/czerwonagora.pl\/#\/schema\/logo\/image\/"},"sameAs":["https:\/\/www.facebook.com\/SzpitalCzerwonaGora\/"]}]}},"publishpress_future_action":{"enabled":false,"date":"2026-04-20 12:07:59","action":"change-status","newStatus":"draft","terms":[],"taxonomy":"","extraData":[]},"publishpress_future_workflow_manual_trigger":{"enabledWorkflows":[]},"_links":{"self":[{"href":"https:\/\/czerwonagora.pl\/index.php\/wp-json\/wp\/v2\/pages\/6090","targetHints":{"allow":["GET"]}}],"collection":[{"href":"https:\/\/czerwonagora.pl\/index.php\/wp-json\/wp\/v2\/pages"}],"about":[{"href":"https:\/\/czerwonagora.pl\/index.php\/wp-json\/wp\/v2\/types\/page"}],"author":[{"embeddable":true,"href":"https:\/\/czerwonagora.pl\/index.php\/wp-json\/wp\/v2\/users\/4"}],"replies":[{"embeddable":true,"href":"https:\/\/czerwonagora.pl\/index.php\/wp-json\/wp\/v2\/comments?post=6090"}],"version-history":[{"count":53,"href":"https:\/\/czerwonagora.pl\/index.php\/wp-json\/wp\/v2\/pages\/6090\/revisions"}],"predecessor-version":[{"id":26776,"href":"https:\/\/czerwonagora.pl\/index.php\/wp-json\/wp\/v2\/pages\/6090\/revisions\/26776"}],"wp:attachment":[{"href":"https:\/\/czerwonagora.pl\/index.php\/wp-json\/wp\/v2\/media?parent=6090"}],"curies":[{"name":"wp","href":"https:\/\/api.w.org\/{rel}","templated":true}]}}