{"id":6225,"date":"2021-06-28T08:03:04","date_gmt":"2021-06-28T06:03:04","guid":{"rendered":"https:\/\/czerwonagora.pl\/?page_id=6225"},"modified":"2026-03-17T08:34:08","modified_gmt":"2026-03-17T07:34:08","slug":"zarzad-szpitala","status":"publish","type":"page","link":"https:\/\/czerwonagora.pl\/index.php\/zarzad-szpitala\/","title":{"rendered":"Zarz\u0105d Szpitala"},"content":{"rendered":"\t\t<div data-elementor-type=\"wp-page\" data-elementor-id=\"6225\" class=\"elementor elementor-6225\">\n\t\t\t\t\t\t<section class=\"elementor-section elementor-top-section elementor-element elementor-element-4a8733f4 elementor-section-stretched elementor-section-boxed elementor-section-height-default elementor-section-height-default elementor-invisible\" data-id=\"4a8733f4\" data-element_type=\"section\" data-e-type=\"section\" data-settings=\"{&quot;stretch_section&quot;:&quot;section-stretched&quot;,&quot;animation&quot;:&quot;fadeIn&quot;,&quot;animation_delay&quot;:200}\">\n\t\t\t\t\t\t\t<div class=\"elementor-background-overlay\"><\/div>\n\t\t\t\t\t\t\t<div class=\"elementor-container elementor-column-gap-no\">\n\t\t\t\t\t<div class=\"elementor-column elementor-col-33 elementor-top-column elementor-element elementor-element-5889138c\" data-id=\"5889138c\" data-element_type=\"column\" data-e-type=\"column\">\n\t\t\t<div class=\"elementor-widget-wrap elementor-element-populated\">\n\t\t\t\t\t\t<div class=\"elementor-element elementor-element-5e6c92cd elementor-position-top elementor-invisible elementor-widget elementor-widget-image-box\" data-id=\"5e6c92cd\" data-element_type=\"widget\" data-e-type=\"widget\" data-settings=\"{&quot;_animation&quot;:&quot;fadeIn&quot;}\" data-widget_type=\"image-box.default\">\n\t\t\t\t<div class=\"elementor-widget-container\">\n\t\t\t\t\t<div class=\"elementor-image-box-wrapper\"><figure class=\"elementor-image-box-img\"><img fetchpriority=\"high\" decoding=\"async\" width=\"800\" height=\"1097\" src=\"https:\/\/czerwonagora.pl\/wp-content\/uploads\/2026\/03\/Z-ca-dyr-Emilia_Jaworska.jpg\" class=\"attachment-full size-full wp-image-31468\" alt=\"\" srcset=\"https:\/\/czerwonagora.pl\/wp-content\/uploads\/2026\/03\/Z-ca-dyr-Emilia_Jaworska.jpg 800w, https:\/\/czerwonagora.pl\/wp-content\/uploads\/2026\/03\/Z-ca-dyr-Emilia_Jaworska-219x300.jpg 219w, https:\/\/czerwonagora.pl\/wp-content\/uploads\/2026\/03\/Z-ca-dyr-Emilia_Jaworska-747x1024.jpg 747w, https:\/\/czerwonagora.pl\/wp-content\/uploads\/2026\/03\/Z-ca-dyr-Emilia_Jaworska-768x1053.jpg 768w\" sizes=\"(max-width: 800px) 100vw, 800px\" \/><\/figure><div class=\"elementor-image-box-content\"><h1 class=\"elementor-image-box-title\">Emilia Jaworska<\/h1><p class=\"elementor-image-box-description\">Zast\u0119pca Dyrektora ds. Plan\u00f3w i Finans\u00f3w<\/p><\/div><\/div>\t\t\t\t<\/div>\n\t\t\t\t<\/div>\n\t\t\t\t<div class=\"elementor-element elementor-element-37b60307 elementor-widget-divider--view-line elementor-widget elementor-widget-divider\" data-id=\"37b60307\" data-element_type=\"widget\" data-e-type=\"widget\" data-widget_type=\"divider.default\">\n\t\t\t\t<div class=\"elementor-widget-container\">\n\t\t\t\t\t\t\t<div class=\"elementor-divider\">\n\t\t\t<span class=\"elementor-divider-separator\">\n\t\t\t\t\t\t<\/span>\n\t\t<\/div>\n\t\t\t\t\t\t<\/div>\n\t\t\t\t<\/div>\n\t\t\t\t\t<\/div>\n\t\t<\/div>\n\t\t\t\t<div class=\"elementor-column elementor-col-33 elementor-top-column elementor-element elementor-element-5d1d8afa\" data-id=\"5d1d8afa\" data-element_type=\"column\" data-e-type=\"column\">\n\t\t\t<div class=\"elementor-widget-wrap elementor-element-populated\">\n\t\t\t\t\t\t<div class=\"elementor-element elementor-element-68556c5c elementor-position-top elementor-invisible elementor-widget elementor-widget-image-box\" data-id=\"68556c5c\" data-element_type=\"widget\" data-e-type=\"widget\" data-settings=\"{&quot;_animation&quot;:&quot;fadeIn&quot;}\" data-widget_type=\"image-box.default\">\n\t\t\t\t<div class=\"elementor-widget-container\">\n\t\t\t\t\t<div class=\"elementor-image-box-wrapper\"><figure class=\"elementor-image-box-img\"><img decoding=\"async\" width=\"800\" height=\"1069\" src=\"https:\/\/czerwonagora.pl\/wp-content\/uploads\/2021\/06\/dyrektor.jpg\" class=\"attachment-full size-full wp-image-6243\" alt=\"Dyrektor Szpitala Youssef Sleiman ubrany w ubranie wizytowe garnitur koloru granatowego w biurze przy biurku koloru br\u0105zowego podpisuje dokumenty\" srcset=\"https:\/\/czerwonagora.pl\/wp-content\/uploads\/2021\/06\/dyrektor.jpg 800w, https:\/\/czerwonagora.pl\/wp-content\/uploads\/2021\/06\/dyrektor-225x300.jpg 225w, https:\/\/czerwonagora.pl\/wp-content\/uploads\/2021\/06\/dyrektor-766x1024.jpg 766w, https:\/\/czerwonagora.pl\/wp-content\/uploads\/2021\/06\/dyrektor-768x1026.jpg 768w\" sizes=\"(max-width: 800px) 100vw, 800px\" \/><\/figure><div class=\"elementor-image-box-content\"><h1 class=\"elementor-image-box-title\">Youssef Sleiman<\/h1><p class=\"elementor-image-box-description\">Dyrektor Naczelny<\/p><\/div><\/div>\t\t\t\t<\/div>\n\t\t\t\t<\/div>\n\t\t\t\t<div class=\"elementor-element elementor-element-6146d3fc elementor-widget-divider--view-line elementor-widget elementor-widget-divider\" data-id=\"6146d3fc\" data-element_type=\"widget\" data-e-type=\"widget\" data-widget_type=\"divider.default\">\n\t\t\t\t<div class=\"elementor-widget-container\">\n\t\t\t\t\t\t\t<div class=\"elementor-divider\">\n\t\t\t<span class=\"elementor-divider-separator\">\n\t\t\t\t\t\t<\/span>\n\t\t<\/div>\n\t\t\t\t\t\t<\/div>\n\t\t\t\t<\/div>\n\t\t\t\t\t<\/div>\n\t\t<\/div>\n\t\t\t\t<div class=\"elementor-column elementor-col-33 elementor-top-column elementor-element elementor-element-4ce059c2\" data-id=\"4ce059c2\" data-element_type=\"column\" data-e-type=\"column\">\n\t\t\t<div class=\"elementor-widget-wrap elementor-element-populated\">\n\t\t\t\t\t\t<div class=\"elementor-element elementor-element-53054146 elementor-position-top elementor-invisible elementor-widget elementor-widget-image-box\" data-id=\"53054146\" data-element_type=\"widget\" data-e-type=\"widget\" data-settings=\"{&quot;_animation&quot;:&quot;fadeIn&quot;}\" data-widget_type=\"image-box.default\">\n\t\t\t\t<div class=\"elementor-widget-container\">\n\t\t\t\t\t<div class=\"elementor-image-box-wrapper\"><figure class=\"elementor-image-box-img\"><img decoding=\"async\" width=\"814\" height=\"1120\" src=\"https:\/\/czerwonagora.pl\/wp-content\/uploads\/2024\/09\/Mieczyslaw-Ban\u0301burski-e1725432420240.jpg\" class=\"attachment-full size-full wp-image-24001\" alt=\"\" srcset=\"https:\/\/czerwonagora.pl\/wp-content\/uploads\/2024\/09\/Mieczyslaw-Ban\u0301burski-e1725432420240.jpg 814w, https:\/\/czerwonagora.pl\/wp-content\/uploads\/2024\/09\/Mieczyslaw-Ban\u0301burski-e1725432420240-218x300.jpg 218w, https:\/\/czerwonagora.pl\/wp-content\/uploads\/2024\/09\/Mieczyslaw-Ban\u0301burski-e1725432420240-744x1024.jpg 744w, https:\/\/czerwonagora.pl\/wp-content\/uploads\/2024\/09\/Mieczyslaw-Ban\u0301burski-e1725432420240-768x1057.jpg 768w\" sizes=\"(max-width: 814px) 100vw, 814px\" \/><\/figure><div class=\"elementor-image-box-content\"><h1 class=\"elementor-image-box-title\">Mieczys\u0142aw Ba\u0144burski<\/h1><p class=\"elementor-image-box-description\">Zast\u0119pca Dyrektora \nds. Technicznych<\/p><\/div><\/div>\t\t\t\t<\/div>\n\t\t\t\t<\/div>\n\t\t\t\t<div class=\"elementor-element elementor-element-3af1e200 elementor-widget-divider--view-line elementor-widget elementor-widget-divider\" data-id=\"3af1e200\" data-element_type=\"widget\" data-e-type=\"widget\" data-widget_type=\"divider.default\">\n\t\t\t\t<div class=\"elementor-widget-container\">\n\t\t\t\t\t\t\t<div class=\"elementor-divider\">\n\t\t\t<span class=\"elementor-divider-separator\">\n\t\t\t\t\t\t<\/span>\n\t\t<\/div>\n\t\t\t\t\t\t<\/div>\n\t\t\t\t<\/div>\n\t\t\t\t\t<\/div>\n\t\t<\/div>\n\t\t\t\t\t<\/div>\n\t\t<\/section>\n\t\t\t\t<section class=\"elementor-section elementor-top-section elementor-element elementor-element-22453f9 elementor-section-boxed elementor-section-height-default elementor-section-height-default\" data-id=\"22453f9\" data-element_type=\"section\" data-e-type=\"section\">\n\t\t\t\t\t\t<div class=\"elementor-container elementor-column-gap-default\">\n\t\t\t\t\t<div class=\"elementor-column elementor-col-50 elementor-top-column elementor-element elementor-element-dd222db\" data-id=\"dd222db\" data-element_type=\"column\" data-e-type=\"column\">\n\t\t\t<div class=\"elementor-widget-wrap elementor-element-populated\">\n\t\t\t\t\t\t<div class=\"elementor-element elementor-element-73cdfa8d elementor-position-top elementor-invisible elementor-widget elementor-widget-image-box\" data-id=\"73cdfa8d\" data-element_type=\"widget\" data-e-type=\"widget\" data-settings=\"{&quot;_animation&quot;:&quot;fadeIn&quot;}\" data-widget_type=\"image-box.default\">\n\t\t\t\t<div class=\"elementor-widget-container\">\n\t\t\t\t\t<div class=\"elementor-image-box-wrapper\"><figure class=\"elementor-image-box-img\"><img decoding=\"async\" src=\"https:\/\/czerwonagora.pl\/wp-content\/uploads\/elementor\/thumbs\/A738368_1705388290816-1-scaled-qiduyhful77lqk1ivi5vhq2or3lapzmfi6dzmexioq.jpg\" title=\"_A738368_1705388290816\" alt=\"_A738368_1705388290816\" loading=\"lazy\" \/><\/figure><div class=\"elementor-image-box-content\"><h1 class=\"elementor-image-box-title\">Anna Skuci\u0144ska<\/h1><p class=\"elementor-image-box-description\">Naczelna Piel\u0119gniarka<\/p><\/div><\/div>\t\t\t\t<\/div>\n\t\t\t\t<\/div>\n\t\t\t\t<div class=\"elementor-element elementor-element-526dddbd elementor-widget-divider--view-line elementor-widget elementor-widget-divider\" data-id=\"526dddbd\" data-element_type=\"widget\" data-e-type=\"widget\" data-widget_type=\"divider.default\">\n\t\t\t\t<div class=\"elementor-widget-container\">\n\t\t\t\t\t\t\t<div class=\"elementor-divider\">\n\t\t\t<span class=\"elementor-divider-separator\">\n\t\t\t\t\t\t<\/span>\n\t\t<\/div>\n\t\t\t\t\t\t<\/div>\n\t\t\t\t<\/div>\n\t\t\t\t\t<\/div>\n\t\t<\/div>\n\t\t\t\t<div class=\"elementor-column elementor-col-50 elementor-top-column elementor-element elementor-element-fa38f60\" data-id=\"fa38f60\" data-element_type=\"column\" data-e-type=\"column\">\n\t\t\t<div class=\"elementor-widget-wrap elementor-element-populated\">\n\t\t\t\t\t\t<div class=\"elementor-element elementor-element-4999e914 elementor-position-top elementor-invisible elementor-widget elementor-widget-image-box\" data-id=\"4999e914\" data-element_type=\"widget\" data-e-type=\"widget\" data-settings=\"{&quot;_animation&quot;:&quot;fadeIn&quot;}\" data-widget_type=\"image-box.default\">\n\t\t\t\t<div class=\"elementor-widget-container\">\n\t\t\t\t\t<div class=\"elementor-image-box-wrapper\"><figure class=\"elementor-image-box-img\"><img loading=\"lazy\" decoding=\"async\" width=\"800\" height=\"1097\" src=\"https:\/\/czerwonagora.pl\/wp-content\/uploads\/2021\/06\/gl_ksiegowy.jpg\" class=\"attachment-full size-full wp-image-6262\" alt=\"g\u0142\u00f3wna ksi\u0119gowa ubrana w ubranie wizytowe w biurze przy biurku koloru br\u0105zowego z laptopem koloru czarnego\" srcset=\"https:\/\/czerwonagora.pl\/wp-content\/uploads\/2021\/06\/gl_ksiegowy.jpg 800w, https:\/\/czerwonagora.pl\/wp-content\/uploads\/2021\/06\/gl_ksiegowy-219x300.jpg 219w, https:\/\/czerwonagora.pl\/wp-content\/uploads\/2021\/06\/gl_ksiegowy-747x1024.jpg 747w, https:\/\/czerwonagora.pl\/wp-content\/uploads\/2021\/06\/gl_ksiegowy-768x1053.jpg 768w\" sizes=\"(max-width: 800px) 100vw, 800px\" \/><\/figure><div class=\"elementor-image-box-content\"><h1 class=\"elementor-image-box-title\">Jolanta G\u0142owacka<\/h1><p class=\"elementor-image-box-description\">G\u0142\u00f3wna Ksi\u0119gowa<\/p><\/div><\/div>\t\t\t\t<\/div>\n\t\t\t\t<\/div>\n\t\t\t\t<div class=\"elementor-element elementor-element-6a549b7 elementor-widget-divider--view-line elementor-widget elementor-widget-divider\" data-id=\"6a549b7\" data-element_type=\"widget\" data-e-type=\"widget\" data-widget_type=\"divider.default\">\n\t\t\t\t<div class=\"elementor-widget-container\">\n\t\t\t\t\t\t\t<div class=\"elementor-divider\">\n\t\t\t<span class=\"elementor-divider-separator\">\n\t\t\t\t\t\t<\/span>\n\t\t<\/div>\n\t\t\t\t\t\t<\/div>\n\t\t\t\t<\/div>\n\t\t\t\t\t<\/div>\n\t\t<\/div>\n\t\t\t\t\t<\/div>\n\t\t<\/section>\n\t\t\t\t<\/div>\n\t\t","protected":false},"excerpt":{"rendered":"<p>Emilia Jaworska Zast\u0119pca Dyrektora ds. Plan\u00f3w i Finans\u00f3w Youssef Sleiman Dyrektor Naczelny Mieczys\u0142aw Ba\u0144burski Zast\u0119pca Dyrektora ds. Technicznych Anna Skuci\u0144ska Naczelna Piel\u0119gniarka Jolanta G\u0142owacka G\u0142\u00f3wna Ksi\u0119gowa<\/p>\n","protected":false},"author":3,"featured_media":0,"parent":0,"menu_order":0,"comment_status":"closed","ping_status":"closed","template":"","meta":{"zakra_page_container_layout":"customizer","zakra_page_sidebar_layout":"customizer","zakra_remove_content_margin":false,"zakra_sidebar":"customizer","zakra_transparent_header":"customizer","zakra_logo":0,"zakra_main_header_style":"default","zakra_menu_item_color":"","zakra_menu_item_hover_color":"","zakra_menu_item_active_color":"","zakra_menu_active_style":"","zakra_page_header":true,"footnotes":""},"class_list":["post-6225","page","type-page","status-publish","hentry"],"yoast_head":"<!-- This site is optimized with the Yoast SEO plugin v27.3 - https:\/\/yoast.com\/product\/yoast-seo-wordpress\/ -->\n<title>Zarz\u0105d Szpitala - Wojew\u00f3dzki Szpital Specjalistyczny im. \u015aw. Rafa\u0142a w Czerwonej G\u00f3rze<\/title>\n<meta name=\"robots\" content=\"index, follow, max-snippet:-1, max-image-preview:large, max-video-preview:-1\" \/>\n<link rel=\"canonical\" href=\"https:\/\/czerwonagora.pl\/index.php\/zarzad-szpitala\/\" \/>\n<meta property=\"og:locale\" content=\"pl_PL\" \/>\n<meta property=\"og:type\" content=\"article\" \/>\n<meta property=\"og:title\" content=\"Zarz\u0105d Szpitala - Wojew\u00f3dzki Szpital Specjalistyczny im. \u015aw. Rafa\u0142a w Czerwonej G\u00f3rze\" \/>\n<meta property=\"og:description\" content=\"Emilia Jaworska Zast\u0119pca Dyrektora ds. Plan\u00f3w i Finans\u00f3w Youssef Sleiman Dyrektor Naczelny Mieczys\u0142aw Ba\u0144burski Zast\u0119pca Dyrektora ds. Technicznych Anna Skuci\u0144ska Naczelna Piel\u0119gniarka Jolanta G\u0142owacka G\u0142\u00f3wna Ksi\u0119gowa\" \/>\n<meta property=\"og:url\" content=\"https:\/\/czerwonagora.pl\/index.php\/zarzad-szpitala\/\" \/>\n<meta property=\"og:site_name\" content=\"Wojew\u00f3dzki Szpital Specjalistyczny im. \u015aw. Rafa\u0142a w Czerwonej G\u00f3rze\" \/>\n<meta property=\"article:publisher\" content=\"https:\/\/www.facebook.com\/SzpitalCzerwonaGora\/\" \/>\n<meta property=\"article:modified_time\" content=\"2026-03-17T07:34:08+00:00\" \/>\n<meta property=\"og:image\" content=\"https:\/\/czerwonagora.pl\/wp-content\/uploads\/2026\/03\/Z-ca-dyr-Emilia_Jaworska.jpg\" \/>\n<meta name=\"twitter:card\" content=\"summary_large_image\" \/>\n<meta name=\"twitter:label1\" content=\"Szacowany czas czytania\" \/>\n\t<meta name=\"twitter:data1\" content=\"2 minuty\" \/>\n<script type=\"application\/ld+json\" class=\"yoast-schema-graph\">{\"@context\":\"https:\\\/\\\/schema.org\",\"@graph\":[{\"@type\":\"WebPage\",\"@id\":\"https:\\\/\\\/czerwonagora.pl\\\/index.php\\\/zarzad-szpitala\\\/\",\"url\":\"https:\\\/\\\/czerwonagora.pl\\\/index.php\\\/zarzad-szpitala\\\/\",\"name\":\"Zarz\u0105d Szpitala - Wojew\u00f3dzki Szpital Specjalistyczny im. \u015aw. Rafa\u0142a w Czerwonej G\u00f3rze\",\"isPartOf\":{\"@id\":\"https:\\\/\\\/czerwonagora.pl\\\/#website\"},\"primaryImageOfPage\":{\"@id\":\"https:\\\/\\\/czerwonagora.pl\\\/index.php\\\/zarzad-szpitala\\\/#primaryimage\"},\"image\":{\"@id\":\"https:\\\/\\\/czerwonagora.pl\\\/index.php\\\/zarzad-szpitala\\\/#primaryimage\"},\"thumbnailUrl\":\"https:\\\/\\\/czerwonagora.pl\\\/wp-content\\\/uploads\\\/2026\\\/03\\\/Z-ca-dyr-Emilia_Jaworska.jpg\",\"datePublished\":\"2021-06-28T06:03:04+00:00\",\"dateModified\":\"2026-03-17T07:34:08+00:00\",\"breadcrumb\":{\"@id\":\"https:\\\/\\\/czerwonagora.pl\\\/index.php\\\/zarzad-szpitala\\\/#breadcrumb\"},\"inLanguage\":\"pl-PL\",\"potentialAction\":[{\"@type\":\"ReadAction\",\"target\":[\"https:\\\/\\\/czerwonagora.pl\\\/index.php\\\/zarzad-szpitala\\\/\"]}]},{\"@type\":\"ImageObject\",\"inLanguage\":\"pl-PL\",\"@id\":\"https:\\\/\\\/czerwonagora.pl\\\/index.php\\\/zarzad-szpitala\\\/#primaryimage\",\"url\":\"https:\\\/\\\/czerwonagora.pl\\\/wp-content\\\/uploads\\\/2026\\\/03\\\/Z-ca-dyr-Emilia_Jaworska.jpg\",\"contentUrl\":\"https:\\\/\\\/czerwonagora.pl\\\/wp-content\\\/uploads\\\/2026\\\/03\\\/Z-ca-dyr-Emilia_Jaworska.jpg\",\"width\":800,\"height\":1097},{\"@type\":\"BreadcrumbList\",\"@id\":\"https:\\\/\\\/czerwonagora.pl\\\/index.php\\\/zarzad-szpitala\\\/#breadcrumb\",\"itemListElement\":[{\"@type\":\"ListItem\",\"position\":1,\"name\":\"Strona g\u0142\u00f3wna\",\"item\":\"https:\\\/\\\/czerwonagora.pl\\\/\"},{\"@type\":\"ListItem\",\"position\":2,\"name\":\"Zarz\u0105d Szpitala\"}]},{\"@type\":\"WebSite\",\"@id\":\"https:\\\/\\\/czerwonagora.pl\\\/#website\",\"url\":\"https:\\\/\\\/czerwonagora.pl\\\/\",\"name\":\"Wojew\u00f3dzki Szpital Specjalistyczny im. \u015aw. Rafa\u0142a w Czerwonej G\u00f3rze\",\"description\":\"Wojew\u00f3dzki Szpital Specjalistyczny im. \u015aw. Rafa\u0142a w Czerwonej G\u00f3rze\",\"publisher\":{\"@id\":\"https:\\\/\\\/czerwonagora.pl\\\/#organization\"},\"potentialAction\":[{\"@type\":\"SearchAction\",\"target\":{\"@type\":\"EntryPoint\",\"urlTemplate\":\"https:\\\/\\\/czerwonagora.pl\\\/?s={search_term_string}\"},\"query-input\":{\"@type\":\"PropertyValueSpecification\",\"valueRequired\":true,\"valueName\":\"search_term_string\"}}],\"inLanguage\":\"pl-PL\"},{\"@type\":\"Organization\",\"@id\":\"https:\\\/\\\/czerwonagora.pl\\\/#organization\",\"name\":\"Wojew\u00f3dzki Szpital Specjalistyczny im. \u015aw. Rafa\u0142a w Czerwonej G\u00f3rze\",\"url\":\"https:\\\/\\\/czerwonagora.pl\\\/\",\"logo\":{\"@type\":\"ImageObject\",\"inLanguage\":\"pl-PL\",\"@id\":\"https:\\\/\\\/czerwonagora.pl\\\/#\\\/schema\\\/logo\\\/image\\\/\",\"url\":\"https:\\\/\\\/czerwonagora.pl\\\/wp-content\\\/uploads\\\/2021\\\/06\\\/Logo-WSS-DUZE-transparentne.png\",\"contentUrl\":\"https:\\\/\\\/czerwonagora.pl\\\/wp-content\\\/uploads\\\/2021\\\/06\\\/Logo-WSS-DUZE-transparentne.png\",\"width\":4210,\"height\":2975,\"caption\":\"Wojew\u00f3dzki Szpital Specjalistyczny im. \u015aw. Rafa\u0142a w Czerwonej G\u00f3rze\"},\"image\":{\"@id\":\"https:\\\/\\\/czerwonagora.pl\\\/#\\\/schema\\\/logo\\\/image\\\/\"},\"sameAs\":[\"https:\\\/\\\/www.facebook.com\\\/SzpitalCzerwonaGora\\\/\"]}]}<\/script>\n<!-- \/ Yoast SEO plugin. -->","yoast_head_json":{"title":"Zarz\u0105d Szpitala - Wojew\u00f3dzki Szpital Specjalistyczny im. \u015aw. Rafa\u0142a w Czerwonej G\u00f3rze","robots":{"index":"index","follow":"follow","max-snippet":"max-snippet:-1","max-image-preview":"max-image-preview:large","max-video-preview":"max-video-preview:-1"},"canonical":"https:\/\/czerwonagora.pl\/index.php\/zarzad-szpitala\/","og_locale":"pl_PL","og_type":"article","og_title":"Zarz\u0105d Szpitala - Wojew\u00f3dzki Szpital Specjalistyczny im. \u015aw. Rafa\u0142a w Czerwonej G\u00f3rze","og_description":"Emilia Jaworska Zast\u0119pca Dyrektora ds. Plan\u00f3w i Finans\u00f3w Youssef Sleiman Dyrektor Naczelny Mieczys\u0142aw Ba\u0144burski Zast\u0119pca Dyrektora ds. Technicznych Anna Skuci\u0144ska Naczelna Piel\u0119gniarka Jolanta G\u0142owacka G\u0142\u00f3wna Ksi\u0119gowa","og_url":"https:\/\/czerwonagora.pl\/index.php\/zarzad-szpitala\/","og_site_name":"Wojew\u00f3dzki Szpital Specjalistyczny im. \u015aw. Rafa\u0142a w Czerwonej G\u00f3rze","article_publisher":"https:\/\/www.facebook.com\/SzpitalCzerwonaGora\/","article_modified_time":"2026-03-17T07:34:08+00:00","og_image":[{"url":"https:\/\/czerwonagora.pl\/wp-content\/uploads\/2026\/03\/Z-ca-dyr-Emilia_Jaworska.jpg","type":"","width":"","height":""}],"twitter_card":"summary_large_image","twitter_misc":{"Szacowany czas czytania":"2 minuty"},"schema":{"@context":"https:\/\/schema.org","@graph":[{"@type":"WebPage","@id":"https:\/\/czerwonagora.pl\/index.php\/zarzad-szpitala\/","url":"https:\/\/czerwonagora.pl\/index.php\/zarzad-szpitala\/","name":"Zarz\u0105d Szpitala - Wojew\u00f3dzki Szpital Specjalistyczny im. \u015aw. Rafa\u0142a w Czerwonej G\u00f3rze","isPartOf":{"@id":"https:\/\/czerwonagora.pl\/#website"},"primaryImageOfPage":{"@id":"https:\/\/czerwonagora.pl\/index.php\/zarzad-szpitala\/#primaryimage"},"image":{"@id":"https:\/\/czerwonagora.pl\/index.php\/zarzad-szpitala\/#primaryimage"},"thumbnailUrl":"https:\/\/czerwonagora.pl\/wp-content\/uploads\/2026\/03\/Z-ca-dyr-Emilia_Jaworska.jpg","datePublished":"2021-06-28T06:03:04+00:00","dateModified":"2026-03-17T07:34:08+00:00","breadcrumb":{"@id":"https:\/\/czerwonagora.pl\/index.php\/zarzad-szpitala\/#breadcrumb"},"inLanguage":"pl-PL","potentialAction":[{"@type":"ReadAction","target":["https:\/\/czerwonagora.pl\/index.php\/zarzad-szpitala\/"]}]},{"@type":"ImageObject","inLanguage":"pl-PL","@id":"https:\/\/czerwonagora.pl\/index.php\/zarzad-szpitala\/#primaryimage","url":"https:\/\/czerwonagora.pl\/wp-content\/uploads\/2026\/03\/Z-ca-dyr-Emilia_Jaworska.jpg","contentUrl":"https:\/\/czerwonagora.pl\/wp-content\/uploads\/2026\/03\/Z-ca-dyr-Emilia_Jaworska.jpg","width":800,"height":1097},{"@type":"BreadcrumbList","@id":"https:\/\/czerwonagora.pl\/index.php\/zarzad-szpitala\/#breadcrumb","itemListElement":[{"@type":"ListItem","position":1,"name":"Strona g\u0142\u00f3wna","item":"https:\/\/czerwonagora.pl\/"},{"@type":"ListItem","position":2,"name":"Zarz\u0105d Szpitala"}]},{"@type":"WebSite","@id":"https:\/\/czerwonagora.pl\/#website","url":"https:\/\/czerwonagora.pl\/","name":"Wojew\u00f3dzki Szpital Specjalistyczny im. \u015aw. Rafa\u0142a w Czerwonej G\u00f3rze","description":"Wojew\u00f3dzki Szpital Specjalistyczny im. \u015aw. Rafa\u0142a w Czerwonej G\u00f3rze","publisher":{"@id":"https:\/\/czerwonagora.pl\/#organization"},"potentialAction":[{"@type":"SearchAction","target":{"@type":"EntryPoint","urlTemplate":"https:\/\/czerwonagora.pl\/?s={search_term_string}"},"query-input":{"@type":"PropertyValueSpecification","valueRequired":true,"valueName":"search_term_string"}}],"inLanguage":"pl-PL"},{"@type":"Organization","@id":"https:\/\/czerwonagora.pl\/#organization","name":"Wojew\u00f3dzki Szpital Specjalistyczny im. \u015aw. Rafa\u0142a w Czerwonej G\u00f3rze","url":"https:\/\/czerwonagora.pl\/","logo":{"@type":"ImageObject","inLanguage":"pl-PL","@id":"https:\/\/czerwonagora.pl\/#\/schema\/logo\/image\/","url":"https:\/\/czerwonagora.pl\/wp-content\/uploads\/2021\/06\/Logo-WSS-DUZE-transparentne.png","contentUrl":"https:\/\/czerwonagora.pl\/wp-content\/uploads\/2021\/06\/Logo-WSS-DUZE-transparentne.png","width":4210,"height":2975,"caption":"Wojew\u00f3dzki Szpital Specjalistyczny im. \u015aw. Rafa\u0142a w Czerwonej G\u00f3rze"},"image":{"@id":"https:\/\/czerwonagora.pl\/#\/schema\/logo\/image\/"},"sameAs":["https:\/\/www.facebook.com\/SzpitalCzerwonaGora\/"]}]}},"publishpress_future_action":{"enabled":false,"date":"2026-04-11 04:35:35","action":"change-status","newStatus":"draft","terms":[],"taxonomy":"","extraData":[]},"publishpress_future_workflow_manual_trigger":{"enabledWorkflows":[]},"_links":{"self":[{"href":"https:\/\/czerwonagora.pl\/index.php\/wp-json\/wp\/v2\/pages\/6225","targetHints":{"allow":["GET"]}}],"collection":[{"href":"https:\/\/czerwonagora.pl\/index.php\/wp-json\/wp\/v2\/pages"}],"about":[{"href":"https:\/\/czerwonagora.pl\/index.php\/wp-json\/wp\/v2\/types\/page"}],"author":[{"embeddable":true,"href":"https:\/\/czerwonagora.pl\/index.php\/wp-json\/wp\/v2\/users\/3"}],"replies":[{"embeddable":true,"href":"https:\/\/czerwonagora.pl\/index.php\/wp-json\/wp\/v2\/comments?post=6225"}],"version-history":[{"count":83,"href":"https:\/\/czerwonagora.pl\/index.php\/wp-json\/wp\/v2\/pages\/6225\/revisions"}],"predecessor-version":[{"id":31472,"href":"https:\/\/czerwonagora.pl\/index.php\/wp-json\/wp\/v2\/pages\/6225\/revisions\/31472"}],"wp:attachment":[{"href":"https:\/\/czerwonagora.pl\/index.php\/wp-json\/wp\/v2\/media?parent=6225"}],"curies":[{"name":"wp","href":"https:\/\/api.w.org\/{rel}","templated":true}]}}