{"id":6233,"date":"2021-06-28T07:49:04","date_gmt":"2021-06-28T05:49:04","guid":{"rendered":"https:\/\/czerwonagora.pl\/?page_id=6233"},"modified":"2021-08-19T14:32:02","modified_gmt":"2021-08-19T12:32:02","slug":"magazyn-szpitalny","status":"publish","type":"page","link":"https:\/\/czerwonagora.pl\/index.php\/magazyn-szpitalny\/","title":{"rendered":"Magazyn Gospodarczo-Techniczny"},"content":{"rendered":"\t\t<div data-elementor-type=\"wp-page\" data-elementor-id=\"6233\" class=\"elementor elementor-6233\">\n\t\t\t\t\t\t<section class=\"elementor-section elementor-top-section elementor-element elementor-element-4841f558 elementor-section-stretched elementor-section-boxed elementor-section-height-default elementor-section-height-default\" data-id=\"4841f558\" data-element_type=\"section\" data-e-type=\"section\" data-settings=\"{&quot;stretch_section&quot;:&quot;section-stretched&quot;}\">\n\t\t\t\t\t\t<div class=\"elementor-container elementor-column-gap-default\">\n\t\t\t\t\t<div class=\"elementor-column elementor-col-66 elementor-top-column elementor-element elementor-element-298433b7\" data-id=\"298433b7\" data-element_type=\"column\" data-e-type=\"column\">\n\t\t\t<div class=\"elementor-widget-wrap elementor-element-populated\">\n\t\t\t\t\t\t<div class=\"elementor-element elementor-element-76bf19d0 elementor-widget elementor-widget-text-editor\" data-id=\"76bf19d0\" data-element_type=\"widget\" data-e-type=\"widget\" data-widget_type=\"text-editor.default\">\n\t\t\t\t<div class=\"elementor-widget-container\">\n\t\t\t\t\t\t\t\t\t<div class=\"sppb-col-md-8\"><div id=\"column-id-1505726010372\" class=\"sppb-column\"><div class=\"sppb-column-addons\"><div id=\"sppb-addon-1505726010376\" class=\"clearfix\"><div class=\"sppb-addon sppb-addon-text-block sppb-text-left \"><div class=\"sppb-addon-content\"><h4><strong>Profil kom\u00f3rki<\/strong><\/h4><p>Magazyn Gospodarczo-Techniczny wsp\u00f3\u0142pracuje ze wszystkimi kom\u00f3rkami szpitala.<\/p><p><strong>Do g\u0142\u00f3wnych zada\u0144 magazynu nale\u017cy:<\/strong><\/p><ul><li>prowadzenie racjonalnej gospodarki materia\u0142owej,<\/li><li>utrzymywanie bezpiecznych, gwarantuj\u0105cych ci\u0105g\u0142o\u015b\u0107 prowadzonej przez Szpital dzia\u0142alno\u015bci stan\u00f3w magazynowych, z uwzgl\u0119dnieniem rachunku ekonomicznego,<\/li><li>nadz\u00f3r nad roz\u0142adunkiem materia\u0142\u00f3w do magazynu,<\/li><li>ilo\u015bciowa i jako\u015bciowa ocena dostarczanych wyrob\u00f3w,<\/li><li>przyj\u0119cie i sprawdzenie zgodno\u015bci wyrobu z zam\u00f3wieniem, umow\u0105 i faktur\u0105,<\/li><li>segregacja i zabezpieczenie asortymentu w pomieszczeniach magazynowych,<\/li><li>nadz\u00f3r nad terminami wa\u017cno\u015bci magazynowanych wyrob\u00f3w,<\/li><li>wydawanie asortymentu do kom\u00f3rek organizacyjnych,<\/li><li>monitorowanie i dokumentowanie warunk\u00f3w fizycznych pomieszcze\u0144 magazynowych,<\/li><li>przekazywanie faktur i druk\u00f3w PZ do Sekcji Finansowo &#8211; Ksi\u0119gowej.<\/li><\/ul><p>W celu skutecznego wykonywania dzia\u0142alno\u015bci statutowej magazyn wsp\u00f3\u0142pracuje z innymi kom\u00f3rkami organizacyjnymi WSS.<\/p><\/div><\/div><\/div><\/div><\/div><\/div>\t\t\t\t\t\t\t\t<\/div>\n\t\t\t\t<\/div>\n\t\t\t\t\t<\/div>\n\t\t<\/div>\n\t\t\t\t<div class=\"elementor-column elementor-col-33 elementor-top-column elementor-element elementor-element-32142476\" data-id=\"32142476\" data-element_type=\"column\" data-e-type=\"column\" data-settings=\"{&quot;background_background&quot;:&quot;classic&quot;}\">\n\t\t\t<div class=\"elementor-widget-wrap elementor-element-populated\">\n\t\t\t\t\t\t<div class=\"elementor-element elementor-element-702a39b3 elementor-view-default elementor-widget elementor-widget-icon\" data-id=\"702a39b3\" data-element_type=\"widget\" data-e-type=\"widget\" data-widget_type=\"icon.default\">\n\t\t\t\t<div class=\"elementor-widget-container\">\n\t\t\t\t\t\t\t<div class=\"elementor-icon-wrapper\">\n\t\t\t<div class=\"elementor-icon\">\n\t\t\t<i aria-hidden=\"true\" class=\"fas fa-phone-square\"><\/i>\t\t\t<\/div>\n\t\t<\/div>\n\t\t\t\t\t\t<\/div>\n\t\t\t\t<\/div>\n\t\t\t\t<div class=\"elementor-element elementor-element-781342de elementor-widget elementor-widget-text-editor\" data-id=\"781342de\" data-element_type=\"widget\" data-e-type=\"widget\" data-widget_type=\"text-editor.default\">\n\t\t\t\t<div class=\"elementor-widget-container\">\n\t\t\t\t\t\t\t\t\t<p><strong>Lokalizacja Budynek C , I pi\u0119tro<\/strong><\/p><p><strong>Numery bezpo\u015brednie:<\/strong><\/p><p><strong>Szpital: <\/strong>+48 (41) 34 655 45 do 48<\/p><p><strong>Numery wewn\u0119trzne:<\/strong><\/p><p><strong><br \/><\/strong>Magazyn Gospodarczo-Techniczny &#8211; <strong>121<\/strong><\/p>\t\t\t\t\t\t\t\t<\/div>\n\t\t\t\t<\/div>\n\t\t\t\t\t<\/div>\n\t\t<\/div>\n\t\t\t\t\t<\/div>\n\t\t<\/section>\n\t\t\t\t<\/div>\n\t\t","protected":false},"excerpt":{"rendered":"<p>Profil kom\u00f3rki Magazyn Gospodarczo-Techniczny wsp\u00f3\u0142pracuje ze wszystkimi kom\u00f3rkami szpitala. Do g\u0142\u00f3wnych zada\u0144 magazynu nale\u017cy: prowadzenie racjonalnej gospodarki materia\u0142owej, utrzymywanie bezpiecznych, gwarantuj\u0105cych ci\u0105g\u0142o\u015b\u0107 prowadzonej przez Szpital dzia\u0142alno\u015bci stan\u00f3w magazynowych, z uwzgl\u0119dnieniem rachunku ekonomicznego, nadz\u00f3r nad roz\u0142adunkiem materia\u0142\u00f3w do magazynu, ilo\u015bciowa i jako\u015bciowa ocena dostarczanych wyrob\u00f3w, przyj\u0119cie i sprawdzenie zgodno\u015bci wyrobu z zam\u00f3wieniem, umow\u0105 i faktur\u0105, segregacja [&hellip;]<\/p>\n","protected":false},"author":4,"featured_media":0,"parent":0,"menu_order":0,"comment_status":"closed","ping_status":"closed","template":"","meta":{"zakra_page_container_layout":"customizer","zakra_page_sidebar_layout":"customizer","zakra_remove_content_margin":false,"zakra_sidebar":"customizer","zakra_transparent_header":"customizer","zakra_logo":0,"zakra_main_header_style":"default","zakra_menu_item_color":"","zakra_menu_item_hover_color":"","zakra_menu_item_active_color":"","zakra_menu_active_style":"","zakra_page_header":true,"footnotes":""},"class_list":["post-6233","page","type-page","status-publish","hentry"],"yoast_head":"<!-- This site is optimized with the Yoast SEO plugin v27.3 - https:\/\/yoast.com\/product\/yoast-seo-wordpress\/ -->\n<title>Magazyn Gospodarczo-Techniczny - Wojew\u00f3dzki Szpital Specjalistyczny im. \u015aw. Rafa\u0142a w Czerwonej G\u00f3rze<\/title>\n<meta name=\"robots\" content=\"index, follow, max-snippet:-1, max-image-preview:large, max-video-preview:-1\" \/>\n<link rel=\"canonical\" href=\"https:\/\/czerwonagora.pl\/index.php\/magazyn-szpitalny\/\" \/>\n<meta property=\"og:locale\" content=\"pl_PL\" \/>\n<meta property=\"og:type\" content=\"article\" \/>\n<meta property=\"og:title\" content=\"Magazyn Gospodarczo-Techniczny - Wojew\u00f3dzki Szpital Specjalistyczny im. \u015aw. Rafa\u0142a w Czerwonej G\u00f3rze\" \/>\n<meta property=\"og:description\" content=\"Profil kom\u00f3rki Magazyn Gospodarczo-Techniczny wsp\u00f3\u0142pracuje ze wszystkimi kom\u00f3rkami szpitala. Do g\u0142\u00f3wnych zada\u0144 magazynu nale\u017cy: prowadzenie racjonalnej gospodarki materia\u0142owej, utrzymywanie bezpiecznych, gwarantuj\u0105cych ci\u0105g\u0142o\u015b\u0107 prowadzonej przez Szpital dzia\u0142alno\u015bci stan\u00f3w magazynowych, z uwzgl\u0119dnieniem rachunku ekonomicznego, nadz\u00f3r nad roz\u0142adunkiem materia\u0142\u00f3w do magazynu, ilo\u015bciowa i jako\u015bciowa ocena dostarczanych wyrob\u00f3w, przyj\u0119cie i sprawdzenie zgodno\u015bci wyrobu z zam\u00f3wieniem, umow\u0105 i faktur\u0105, segregacja [&hellip;]\" \/>\n<meta property=\"og:url\" content=\"https:\/\/czerwonagora.pl\/index.php\/magazyn-szpitalny\/\" \/>\n<meta property=\"og:site_name\" content=\"Wojew\u00f3dzki Szpital Specjalistyczny im. \u015aw. Rafa\u0142a w Czerwonej G\u00f3rze\" \/>\n<meta property=\"article:publisher\" content=\"https:\/\/www.facebook.com\/SzpitalCzerwonaGora\/\" \/>\n<meta property=\"article:modified_time\" content=\"2021-08-19T12:32:02+00:00\" \/>\n<meta property=\"og:image\" content=\"https:\/\/czerwonagora.pl\/wp-content\/uploads\/2021\/06\/DJI_0005-Duzy.jpg\" \/>\n\t<meta property=\"og:image:width\" content=\"1920\" \/>\n\t<meta property=\"og:image:height\" content=\"1080\" \/>\n\t<meta property=\"og:image:type\" content=\"image\/jpeg\" \/>\n<meta name=\"twitter:card\" content=\"summary_large_image\" \/>\n<meta name=\"twitter:label1\" content=\"Szacowany czas czytania\" \/>\n\t<meta name=\"twitter:data1\" content=\"1 minuta\" \/>\n<script type=\"application\/ld+json\" class=\"yoast-schema-graph\">{\"@context\":\"https:\\\/\\\/schema.org\",\"@graph\":[{\"@type\":\"WebPage\",\"@id\":\"https:\\\/\\\/czerwonagora.pl\\\/index.php\\\/magazyn-szpitalny\\\/\",\"url\":\"https:\\\/\\\/czerwonagora.pl\\\/index.php\\\/magazyn-szpitalny\\\/\",\"name\":\"Magazyn Gospodarczo-Techniczny - Wojew\u00f3dzki Szpital Specjalistyczny im. \u015aw. Rafa\u0142a w Czerwonej G\u00f3rze\",\"isPartOf\":{\"@id\":\"https:\\\/\\\/czerwonagora.pl\\\/#website\"},\"datePublished\":\"2021-06-28T05:49:04+00:00\",\"dateModified\":\"2021-08-19T12:32:02+00:00\",\"breadcrumb\":{\"@id\":\"https:\\\/\\\/czerwonagora.pl\\\/index.php\\\/magazyn-szpitalny\\\/#breadcrumb\"},\"inLanguage\":\"pl-PL\",\"potentialAction\":[{\"@type\":\"ReadAction\",\"target\":[\"https:\\\/\\\/czerwonagora.pl\\\/index.php\\\/magazyn-szpitalny\\\/\"]}]},{\"@type\":\"BreadcrumbList\",\"@id\":\"https:\\\/\\\/czerwonagora.pl\\\/index.php\\\/magazyn-szpitalny\\\/#breadcrumb\",\"itemListElement\":[{\"@type\":\"ListItem\",\"position\":1,\"name\":\"Strona g\u0142\u00f3wna\",\"item\":\"https:\\\/\\\/czerwonagora.pl\\\/\"},{\"@type\":\"ListItem\",\"position\":2,\"name\":\"Magazyn Gospodarczo-Techniczny\"}]},{\"@type\":\"WebSite\",\"@id\":\"https:\\\/\\\/czerwonagora.pl\\\/#website\",\"url\":\"https:\\\/\\\/czerwonagora.pl\\\/\",\"name\":\"Wojew\u00f3dzki Szpital Specjalistyczny im. \u015aw. Rafa\u0142a w Czerwonej G\u00f3rze\",\"description\":\"Wojew\u00f3dzki Szpital Specjalistyczny im. \u015aw. Rafa\u0142a w Czerwonej G\u00f3rze\",\"publisher\":{\"@id\":\"https:\\\/\\\/czerwonagora.pl\\\/#organization\"},\"potentialAction\":[{\"@type\":\"SearchAction\",\"target\":{\"@type\":\"EntryPoint\",\"urlTemplate\":\"https:\\\/\\\/czerwonagora.pl\\\/?s={search_term_string}\"},\"query-input\":{\"@type\":\"PropertyValueSpecification\",\"valueRequired\":true,\"valueName\":\"search_term_string\"}}],\"inLanguage\":\"pl-PL\"},{\"@type\":\"Organization\",\"@id\":\"https:\\\/\\\/czerwonagora.pl\\\/#organization\",\"name\":\"Wojew\u00f3dzki Szpital Specjalistyczny im. \u015aw. Rafa\u0142a w Czerwonej G\u00f3rze\",\"url\":\"https:\\\/\\\/czerwonagora.pl\\\/\",\"logo\":{\"@type\":\"ImageObject\",\"inLanguage\":\"pl-PL\",\"@id\":\"https:\\\/\\\/czerwonagora.pl\\\/#\\\/schema\\\/logo\\\/image\\\/\",\"url\":\"https:\\\/\\\/czerwonagora.pl\\\/wp-content\\\/uploads\\\/2021\\\/06\\\/Logo-WSS-DUZE-transparentne.png\",\"contentUrl\":\"https:\\\/\\\/czerwonagora.pl\\\/wp-content\\\/uploads\\\/2021\\\/06\\\/Logo-WSS-DUZE-transparentne.png\",\"width\":4210,\"height\":2975,\"caption\":\"Wojew\u00f3dzki Szpital Specjalistyczny im. \u015aw. Rafa\u0142a w Czerwonej G\u00f3rze\"},\"image\":{\"@id\":\"https:\\\/\\\/czerwonagora.pl\\\/#\\\/schema\\\/logo\\\/image\\\/\"},\"sameAs\":[\"https:\\\/\\\/www.facebook.com\\\/SzpitalCzerwonaGora\\\/\"]}]}<\/script>\n<!-- \/ Yoast SEO plugin. -->","yoast_head_json":{"title":"Magazyn Gospodarczo-Techniczny - Wojew\u00f3dzki Szpital Specjalistyczny im. \u015aw. Rafa\u0142a w Czerwonej G\u00f3rze","robots":{"index":"index","follow":"follow","max-snippet":"max-snippet:-1","max-image-preview":"max-image-preview:large","max-video-preview":"max-video-preview:-1"},"canonical":"https:\/\/czerwonagora.pl\/index.php\/magazyn-szpitalny\/","og_locale":"pl_PL","og_type":"article","og_title":"Magazyn Gospodarczo-Techniczny - Wojew\u00f3dzki Szpital Specjalistyczny im. \u015aw. Rafa\u0142a w Czerwonej G\u00f3rze","og_description":"Profil kom\u00f3rki Magazyn Gospodarczo-Techniczny wsp\u00f3\u0142pracuje ze wszystkimi kom\u00f3rkami szpitala. Do g\u0142\u00f3wnych zada\u0144 magazynu nale\u017cy: prowadzenie racjonalnej gospodarki materia\u0142owej, utrzymywanie bezpiecznych, gwarantuj\u0105cych ci\u0105g\u0142o\u015b\u0107 prowadzonej przez Szpital dzia\u0142alno\u015bci stan\u00f3w magazynowych, z uwzgl\u0119dnieniem rachunku ekonomicznego, nadz\u00f3r nad roz\u0142adunkiem materia\u0142\u00f3w do magazynu, ilo\u015bciowa i jako\u015bciowa ocena dostarczanych wyrob\u00f3w, przyj\u0119cie i sprawdzenie zgodno\u015bci wyrobu z zam\u00f3wieniem, umow\u0105 i faktur\u0105, segregacja [&hellip;]","og_url":"https:\/\/czerwonagora.pl\/index.php\/magazyn-szpitalny\/","og_site_name":"Wojew\u00f3dzki Szpital Specjalistyczny im. \u015aw. Rafa\u0142a w Czerwonej G\u00f3rze","article_publisher":"https:\/\/www.facebook.com\/SzpitalCzerwonaGora\/","article_modified_time":"2021-08-19T12:32:02+00:00","og_image":[{"width":1920,"height":1080,"url":"https:\/\/czerwonagora.pl\/wp-content\/uploads\/2021\/06\/DJI_0005-Duzy.jpg","type":"image\/jpeg"}],"twitter_card":"summary_large_image","twitter_misc":{"Szacowany czas czytania":"1 minuta"},"schema":{"@context":"https:\/\/schema.org","@graph":[{"@type":"WebPage","@id":"https:\/\/czerwonagora.pl\/index.php\/magazyn-szpitalny\/","url":"https:\/\/czerwonagora.pl\/index.php\/magazyn-szpitalny\/","name":"Magazyn Gospodarczo-Techniczny - Wojew\u00f3dzki Szpital Specjalistyczny im. \u015aw. Rafa\u0142a w Czerwonej G\u00f3rze","isPartOf":{"@id":"https:\/\/czerwonagora.pl\/#website"},"datePublished":"2021-06-28T05:49:04+00:00","dateModified":"2021-08-19T12:32:02+00:00","breadcrumb":{"@id":"https:\/\/czerwonagora.pl\/index.php\/magazyn-szpitalny\/#breadcrumb"},"inLanguage":"pl-PL","potentialAction":[{"@type":"ReadAction","target":["https:\/\/czerwonagora.pl\/index.php\/magazyn-szpitalny\/"]}]},{"@type":"BreadcrumbList","@id":"https:\/\/czerwonagora.pl\/index.php\/magazyn-szpitalny\/#breadcrumb","itemListElement":[{"@type":"ListItem","position":1,"name":"Strona g\u0142\u00f3wna","item":"https:\/\/czerwonagora.pl\/"},{"@type":"ListItem","position":2,"name":"Magazyn Gospodarczo-Techniczny"}]},{"@type":"WebSite","@id":"https:\/\/czerwonagora.pl\/#website","url":"https:\/\/czerwonagora.pl\/","name":"Wojew\u00f3dzki Szpital Specjalistyczny im. \u015aw. Rafa\u0142a w Czerwonej G\u00f3rze","description":"Wojew\u00f3dzki Szpital Specjalistyczny im. \u015aw. Rafa\u0142a w Czerwonej G\u00f3rze","publisher":{"@id":"https:\/\/czerwonagora.pl\/#organization"},"potentialAction":[{"@type":"SearchAction","target":{"@type":"EntryPoint","urlTemplate":"https:\/\/czerwonagora.pl\/?s={search_term_string}"},"query-input":{"@type":"PropertyValueSpecification","valueRequired":true,"valueName":"search_term_string"}}],"inLanguage":"pl-PL"},{"@type":"Organization","@id":"https:\/\/czerwonagora.pl\/#organization","name":"Wojew\u00f3dzki Szpital Specjalistyczny im. \u015aw. Rafa\u0142a w Czerwonej G\u00f3rze","url":"https:\/\/czerwonagora.pl\/","logo":{"@type":"ImageObject","inLanguage":"pl-PL","@id":"https:\/\/czerwonagora.pl\/#\/schema\/logo\/image\/","url":"https:\/\/czerwonagora.pl\/wp-content\/uploads\/2021\/06\/Logo-WSS-DUZE-transparentne.png","contentUrl":"https:\/\/czerwonagora.pl\/wp-content\/uploads\/2021\/06\/Logo-WSS-DUZE-transparentne.png","width":4210,"height":2975,"caption":"Wojew\u00f3dzki Szpital Specjalistyczny im. \u015aw. Rafa\u0142a w Czerwonej G\u00f3rze"},"image":{"@id":"https:\/\/czerwonagora.pl\/#\/schema\/logo\/image\/"},"sameAs":["https:\/\/www.facebook.com\/SzpitalCzerwonaGora\/"]}]}},"publishpress_future_action":{"enabled":false,"date":"2026-04-18 17:12:09","action":"change-status","newStatus":"draft","terms":[],"taxonomy":"","extraData":[]},"publishpress_future_workflow_manual_trigger":{"enabledWorkflows":[]},"_links":{"self":[{"href":"https:\/\/czerwonagora.pl\/index.php\/wp-json\/wp\/v2\/pages\/6233","targetHints":{"allow":["GET"]}}],"collection":[{"href":"https:\/\/czerwonagora.pl\/index.php\/wp-json\/wp\/v2\/pages"}],"about":[{"href":"https:\/\/czerwonagora.pl\/index.php\/wp-json\/wp\/v2\/types\/page"}],"author":[{"embeddable":true,"href":"https:\/\/czerwonagora.pl\/index.php\/wp-json\/wp\/v2\/users\/4"}],"replies":[{"embeddable":true,"href":"https:\/\/czerwonagora.pl\/index.php\/wp-json\/wp\/v2\/comments?post=6233"}],"version-history":[{"count":38,"href":"https:\/\/czerwonagora.pl\/index.php\/wp-json\/wp\/v2\/pages\/6233\/revisions"}],"predecessor-version":[{"id":14551,"href":"https:\/\/czerwonagora.pl\/index.php\/wp-json\/wp\/v2\/pages\/6233\/revisions\/14551"}],"wp:attachment":[{"href":"https:\/\/czerwonagora.pl\/index.php\/wp-json\/wp\/v2\/media?parent=6233"}],"curies":[{"name":"wp","href":"https:\/\/api.w.org\/{rel}","templated":true}]}}