{"id":6242,"date":"2021-06-28T07:54:12","date_gmt":"2021-06-28T05:54:12","guid":{"rendered":"https:\/\/czerwonagora.pl\/?page_id=6242"},"modified":"2023-02-02T08:10:19","modified_gmt":"2023-02-02T07:10:19","slug":"sekcja-ds-aparatury-medycznej","status":"publish","type":"page","link":"https:\/\/czerwonagora.pl\/index.php\/sekcja-ds-aparatury-medycznej\/","title":{"rendered":"Sekcja ds. Aparatury Medycznej"},"content":{"rendered":"\t\t<div data-elementor-type=\"wp-page\" data-elementor-id=\"6242\" class=\"elementor elementor-6242\">\n\t\t\t\t\t\t<section class=\"elementor-section elementor-top-section elementor-element elementor-element-7229293e elementor-section-stretched elementor-section-boxed elementor-section-height-default elementor-section-height-default elementor-invisible\" data-id=\"7229293e\" data-element_type=\"section\" data-e-type=\"section\" data-settings=\"{&quot;stretch_section&quot;:&quot;section-stretched&quot;,&quot;animation&quot;:&quot;fadeIn&quot;,&quot;animation_delay&quot;:200}\">\n\t\t\t\t\t\t\t<div class=\"elementor-background-overlay\"><\/div>\n\t\t\t\t\t\t\t<div class=\"elementor-container elementor-column-gap-no\">\n\t\t\t\t\t<div class=\"elementor-column elementor-col-100 elementor-top-column elementor-element elementor-element-2d9de0c9\" data-id=\"2d9de0c9\" data-element_type=\"column\" data-e-type=\"column\">\n\t\t\t<div class=\"elementor-widget-wrap elementor-element-populated\">\n\t\t\t\t\t\t<div class=\"elementor-element elementor-element-7526ef10 elementor-position-top elementor-invisible elementor-widget elementor-widget-image-box\" data-id=\"7526ef10\" data-element_type=\"widget\" data-e-type=\"widget\" data-settings=\"{&quot;_animation&quot;:&quot;fadeIn&quot;}\" data-widget_type=\"image-box.default\">\n\t\t\t\t<div class=\"elementor-widget-container\">\n\t\t\t\t\t<div class=\"elementor-image-box-wrapper\"><figure class=\"elementor-image-box-img\"><img decoding=\"async\" width=\"180\" height=\"223\" src=\"https:\/\/czerwonagora.pl\/wp-content\/uploads\/2021\/06\/woman_adm-ikona.png\" class=\"attachment-full size-full wp-image-7903\" alt=\"t\u0142o koloru zielone z sylwetk\u0105 kobiety ubran\u0105 w ubranie wizytowe koloru niebieskiego\" \/><\/figure><div class=\"elementor-image-box-content\"><h1 class=\"elementor-image-box-title\"> in\u017c. Patrycja Pawelec<\/h1><p class=\"elementor-image-box-description\">Koordynator Sekcji ds. aparatury medycznej<\/p><\/div><\/div>\t\t\t\t<\/div>\n\t\t\t\t<\/div>\n\t\t\t\t<div class=\"elementor-element elementor-element-6d6931d4 elementor-widget-divider--view-line elementor-widget elementor-widget-divider\" data-id=\"6d6931d4\" data-element_type=\"widget\" data-e-type=\"widget\" data-widget_type=\"divider.default\">\n\t\t\t\t<div class=\"elementor-widget-container\">\n\t\t\t\t\t\t\t<div class=\"elementor-divider\">\n\t\t\t<span class=\"elementor-divider-separator\">\n\t\t\t\t\t\t<\/span>\n\t\t<\/div>\n\t\t\t\t\t\t<\/div>\n\t\t\t\t<\/div>\n\t\t\t\t\t<\/div>\n\t\t<\/div>\n\t\t\t\t\t<\/div>\n\t\t<\/section>\n\t\t\t\t<section class=\"elementor-section elementor-top-section elementor-element elementor-element-57c8c0da elementor-section-stretched elementor-section-boxed elementor-section-height-default elementor-section-height-default\" data-id=\"57c8c0da\" data-element_type=\"section\" data-e-type=\"section\" data-settings=\"{&quot;stretch_section&quot;:&quot;section-stretched&quot;}\">\n\t\t\t\t\t\t<div class=\"elementor-container elementor-column-gap-default\">\n\t\t\t\t\t<div class=\"elementor-column elementor-col-66 elementor-top-column elementor-element elementor-element-67b4d589\" data-id=\"67b4d589\" data-element_type=\"column\" data-e-type=\"column\">\n\t\t\t<div class=\"elementor-widget-wrap elementor-element-populated\">\n\t\t\t\t\t\t<div class=\"elementor-element elementor-element-4b4580cf elementor-widget elementor-widget-text-editor\" data-id=\"4b4580cf\" data-element_type=\"widget\" data-e-type=\"widget\" data-widget_type=\"text-editor.default\">\n\t\t\t\t<div class=\"elementor-widget-container\">\n\t\t\t\t\t\t\t\t\t<div class=\"sppb-col-md-8\"><div id=\"column-id-1505724452345\" class=\"sppb-column\"><div class=\"sppb-column-addons\"><div id=\"sppb-addon-1505724452349\" class=\"clearfix\"><div class=\"sppb-addon sppb-addon-text-block sppb-text-left \"><div class=\"sppb-addon-content\"><p><strong>Profil kom\u00f3rki<\/strong><\/p><p><strong>Sekcja ds. aparatury medycznej podlega bezpo\u015brednio Zast\u0119pcy Dyrektora ds. Plan\u00f3w i Finans\u00f3w.<\/strong><\/p><p>Podstawowe zadania realizowane przez kom\u00f3rk\u0119 organizacyjn\u0105:<\/p><ul><li>prowadzenie ewidencji sprz\u0119tu i aparatury medycznej u\u017cytkowanej w Szpitalu; <a class=\"jcepopup\" href=\"https:\/\/czerwonagora.pl\/images\/dzial_eksploatacyjno_inwestycyjny\/laboratorium.JPG\" target=\"_blank\" rel=\"noopener noreferrer\"><br \/><\/a><\/li><li>przygotowywanie i przekazywanie do kom\u00f3rek medycznych u\u017cytkuj\u0105cych urz\u0105dzenia medyczne paszport\u00f3w technicznych tych urz\u0105dze\u0144;<\/li><li>prowadzenie dokumentacji techniczno &#8211; ruchowej ka\u017cdego urz\u0105dzenia medycznego;<\/li><li>bezpo\u015bredni nadz\u00f3r nad prowadzonymi przegl\u0105dami technicznymi i konserwacjami aparatury;<\/li><li>udzia\u0142 w opracowywaniu dokumentacji do planowanych post\u0119powa\u0144 przetargowych;<\/li><li>przyjmowanie, rejestrowanie i zg\u0142aszanie firmie zewn\u0119trznej awarii aparatury medycznej;<\/li><li>przeprowadzanie przegl\u0105d\u00f3w technicznych aparatury medycznej zgodnie z posiadanymi uprawnieniami;<\/li><li><p>weryfikowanie otrzymanych faktur:<br \/>&#8211; dot. serwis\u00f3w, przegl\u0105d\u00f3w i napraw sprz\u0119tu medycznego pod wzgl\u0119dem zgodno\u015bci ze z\u0142o\u017conym zam\u00f3wieniem b\u0105d\u017a umow\u0105,<br \/>&#8211; opisywanie ich ze wskazaniem rodzaju kosztu oraz o\u015brodka kosztowego oraz przekazywanie ich do Sekcji Finansowo \u2013 Ksi\u0119gowej.<\/p><\/li><\/ul><\/div><\/div><\/div><\/div><\/div><\/div>\t\t\t\t\t\t\t\t<\/div>\n\t\t\t\t<\/div>\n\t\t\t\t\t<\/div>\n\t\t<\/div>\n\t\t\t\t<div class=\"elementor-column elementor-col-33 elementor-top-column elementor-element elementor-element-25ce1095\" data-id=\"25ce1095\" data-element_type=\"column\" data-e-type=\"column\" data-settings=\"{&quot;background_background&quot;:&quot;classic&quot;}\">\n\t\t\t<div class=\"elementor-widget-wrap elementor-element-populated\">\n\t\t\t\t\t\t<div class=\"elementor-element elementor-element-585a8c54 elementor-view-default elementor-widget elementor-widget-icon\" data-id=\"585a8c54\" data-element_type=\"widget\" data-e-type=\"widget\" data-widget_type=\"icon.default\">\n\t\t\t\t<div class=\"elementor-widget-container\">\n\t\t\t\t\t\t\t<div class=\"elementor-icon-wrapper\">\n\t\t\t<div class=\"elementor-icon\">\n\t\t\t<i aria-hidden=\"true\" class=\"fas fa-phone-square\"><\/i>\t\t\t<\/div>\n\t\t<\/div>\n\t\t\t\t\t\t<\/div>\n\t\t\t\t<\/div>\n\t\t\t\t<div class=\"elementor-element elementor-element-40237593 elementor-widget elementor-widget-text-editor\" data-id=\"40237593\" data-element_type=\"widget\" data-e-type=\"widget\" data-widget_type=\"text-editor.default\">\n\t\t\t\t<div class=\"elementor-widget-container\">\n\t\t\t\t\t\t\t\t\t<p><strong>Lokalizacja Budynek Administracyjny<\/strong><\/p><p><strong>Numery bezpo\u015brednie:<\/strong><\/p><p><strong>Szpital:<\/strong>+48 (41) 34 655 45 do 48<\/p><p><strong>Numery wewn\u0119trzne:<\/strong><\/p><p>Sekcja ds. Aparatury Medycznej &#8211; <strong>149<br \/><\/strong>Tel. kom.<strong> 607 598 966<\/strong><\/p>\t\t\t\t\t\t\t\t<\/div>\n\t\t\t\t<\/div>\n\t\t\t\t\t<\/div>\n\t\t<\/div>\n\t\t\t\t\t<\/div>\n\t\t<\/section>\n\t\t\t\t<\/div>\n\t\t","protected":false},"excerpt":{"rendered":"<p>in\u017c. Patrycja Pawelec Koordynator Sekcji ds. aparatury medycznej Profil kom\u00f3rki Sekcja ds. aparatury medycznej podlega bezpo\u015brednio Zast\u0119pcy Dyrektora ds. Plan\u00f3w i Finans\u00f3w. Podstawowe zadania realizowane przez kom\u00f3rk\u0119 organizacyjn\u0105: prowadzenie ewidencji sprz\u0119tu i aparatury medycznej u\u017cytkowanej w Szpitalu; przygotowywanie i przekazywanie do kom\u00f3rek medycznych u\u017cytkuj\u0105cych urz\u0105dzenia medyczne paszport\u00f3w technicznych tych urz\u0105dze\u0144; prowadzenie dokumentacji techniczno &#8211; ruchowej [&hellip;]<\/p>\n","protected":false},"author":4,"featured_media":0,"parent":0,"menu_order":0,"comment_status":"closed","ping_status":"closed","template":"","meta":{"zakra_page_container_layout":"customizer","zakra_page_sidebar_layout":"customizer","zakra_remove_content_margin":false,"zakra_sidebar":"customizer","zakra_transparent_header":"customizer","zakra_logo":0,"zakra_main_header_style":"default","zakra_menu_item_color":"","zakra_menu_item_hover_color":"","zakra_menu_item_active_color":"","zakra_menu_active_style":"","zakra_page_header":true,"footnotes":""},"class_list":["post-6242","page","type-page","status-publish","hentry"],"yoast_head":"<!-- This site is optimized with the Yoast SEO plugin v27.4 - https:\/\/yoast.com\/product\/yoast-seo-wordpress\/ -->\n<title>Sekcja ds. Aparatury Medycznej - Wojew\u00f3dzki Szpital Specjalistyczny im. \u015aw. Rafa\u0142a w Czerwonej G\u00f3rze<\/title>\n<meta name=\"robots\" content=\"index, follow, max-snippet:-1, max-image-preview:large, max-video-preview:-1\" \/>\n<link rel=\"canonical\" href=\"https:\/\/czerwonagora.pl\/index.php\/sekcja-ds-aparatury-medycznej\/\" \/>\n<meta property=\"og:locale\" content=\"pl_PL\" \/>\n<meta property=\"og:type\" content=\"article\" \/>\n<meta property=\"og:title\" content=\"Sekcja ds. Aparatury Medycznej - Wojew\u00f3dzki Szpital Specjalistyczny im. \u015aw. Rafa\u0142a w Czerwonej G\u00f3rze\" \/>\n<meta property=\"og:description\" content=\"in\u017c. Patrycja Pawelec Koordynator Sekcji ds. aparatury medycznej Profil kom\u00f3rki Sekcja ds. aparatury medycznej podlega bezpo\u015brednio Zast\u0119pcy Dyrektora ds. Plan\u00f3w i Finans\u00f3w. Podstawowe zadania realizowane przez kom\u00f3rk\u0119 organizacyjn\u0105: prowadzenie ewidencji sprz\u0119tu i aparatury medycznej u\u017cytkowanej w Szpitalu; przygotowywanie i przekazywanie do kom\u00f3rek medycznych u\u017cytkuj\u0105cych urz\u0105dzenia medyczne paszport\u00f3w technicznych tych urz\u0105dze\u0144; prowadzenie dokumentacji techniczno &#8211; ruchowej [&hellip;]\" \/>\n<meta property=\"og:url\" content=\"https:\/\/czerwonagora.pl\/index.php\/sekcja-ds-aparatury-medycznej\/\" \/>\n<meta property=\"og:site_name\" content=\"Wojew\u00f3dzki Szpital Specjalistyczny im. \u015aw. Rafa\u0142a w Czerwonej G\u00f3rze\" \/>\n<meta property=\"article:publisher\" content=\"https:\/\/www.facebook.com\/SzpitalCzerwonaGora\/\" \/>\n<meta property=\"article:modified_time\" content=\"2023-02-02T07:10:19+00:00\" \/>\n<meta property=\"og:image\" content=\"https:\/\/czerwonagora.pl\/wp-content\/uploads\/2021\/06\/woman_adm-ikona.png\" \/>\n<meta name=\"twitter:card\" content=\"summary_large_image\" \/>\n<meta name=\"twitter:label1\" content=\"Szacowany czas czytania\" \/>\n\t<meta name=\"twitter:data1\" content=\"2 minuty\" \/>\n<script type=\"application\/ld+json\" class=\"yoast-schema-graph\">{\"@context\":\"https:\\\/\\\/schema.org\",\"@graph\":[{\"@type\":\"WebPage\",\"@id\":\"https:\\\/\\\/czerwonagora.pl\\\/index.php\\\/sekcja-ds-aparatury-medycznej\\\/\",\"url\":\"https:\\\/\\\/czerwonagora.pl\\\/index.php\\\/sekcja-ds-aparatury-medycznej\\\/\",\"name\":\"Sekcja ds. Aparatury Medycznej - Wojew\u00f3dzki Szpital Specjalistyczny im. \u015aw. Rafa\u0142a w Czerwonej G\u00f3rze\",\"isPartOf\":{\"@id\":\"https:\\\/\\\/czerwonagora.pl\\\/#website\"},\"primaryImageOfPage\":{\"@id\":\"https:\\\/\\\/czerwonagora.pl\\\/index.php\\\/sekcja-ds-aparatury-medycznej\\\/#primaryimage\"},\"image\":{\"@id\":\"https:\\\/\\\/czerwonagora.pl\\\/index.php\\\/sekcja-ds-aparatury-medycznej\\\/#primaryimage\"},\"thumbnailUrl\":\"https:\\\/\\\/czerwonagora.pl\\\/wp-content\\\/uploads\\\/2021\\\/06\\\/woman_adm-ikona.png\",\"datePublished\":\"2021-06-28T05:54:12+00:00\",\"dateModified\":\"2023-02-02T07:10:19+00:00\",\"breadcrumb\":{\"@id\":\"https:\\\/\\\/czerwonagora.pl\\\/index.php\\\/sekcja-ds-aparatury-medycznej\\\/#breadcrumb\"},\"inLanguage\":\"pl-PL\",\"potentialAction\":[{\"@type\":\"ReadAction\",\"target\":[\"https:\\\/\\\/czerwonagora.pl\\\/index.php\\\/sekcja-ds-aparatury-medycznej\\\/\"]}]},{\"@type\":\"ImageObject\",\"inLanguage\":\"pl-PL\",\"@id\":\"https:\\\/\\\/czerwonagora.pl\\\/index.php\\\/sekcja-ds-aparatury-medycznej\\\/#primaryimage\",\"url\":\"https:\\\/\\\/czerwonagora.pl\\\/wp-content\\\/uploads\\\/2021\\\/06\\\/woman_adm-ikona.png\",\"contentUrl\":\"https:\\\/\\\/czerwonagora.pl\\\/wp-content\\\/uploads\\\/2021\\\/06\\\/woman_adm-ikona.png\",\"width\":180,\"height\":223,\"caption\":\"t\u0142o koloru zielone z sylwetk\u0105 kobiety ubran\u0105 w ubranie wizytowe koloru niebieskiego\"},{\"@type\":\"BreadcrumbList\",\"@id\":\"https:\\\/\\\/czerwonagora.pl\\\/index.php\\\/sekcja-ds-aparatury-medycznej\\\/#breadcrumb\",\"itemListElement\":[{\"@type\":\"ListItem\",\"position\":1,\"name\":\"Strona g\u0142\u00f3wna\",\"item\":\"https:\\\/\\\/czerwonagora.pl\\\/\"},{\"@type\":\"ListItem\",\"position\":2,\"name\":\"Sekcja ds. Aparatury Medycznej\"}]},{\"@type\":\"WebSite\",\"@id\":\"https:\\\/\\\/czerwonagora.pl\\\/#website\",\"url\":\"https:\\\/\\\/czerwonagora.pl\\\/\",\"name\":\"Wojew\u00f3dzki Szpital Specjalistyczny im. \u015aw. Rafa\u0142a w Czerwonej G\u00f3rze\",\"description\":\"Wojew\u00f3dzki Szpital Specjalistyczny im. \u015aw. Rafa\u0142a w Czerwonej G\u00f3rze\",\"publisher\":{\"@id\":\"https:\\\/\\\/czerwonagora.pl\\\/#organization\"},\"potentialAction\":[{\"@type\":\"SearchAction\",\"target\":{\"@type\":\"EntryPoint\",\"urlTemplate\":\"https:\\\/\\\/czerwonagora.pl\\\/?s={search_term_string}\"},\"query-input\":{\"@type\":\"PropertyValueSpecification\",\"valueRequired\":true,\"valueName\":\"search_term_string\"}}],\"inLanguage\":\"pl-PL\"},{\"@type\":\"Organization\",\"@id\":\"https:\\\/\\\/czerwonagora.pl\\\/#organization\",\"name\":\"Wojew\u00f3dzki Szpital Specjalistyczny im. \u015aw. Rafa\u0142a w Czerwonej G\u00f3rze\",\"url\":\"https:\\\/\\\/czerwonagora.pl\\\/\",\"logo\":{\"@type\":\"ImageObject\",\"inLanguage\":\"pl-PL\",\"@id\":\"https:\\\/\\\/czerwonagora.pl\\\/#\\\/schema\\\/logo\\\/image\\\/\",\"url\":\"https:\\\/\\\/czerwonagora.pl\\\/wp-content\\\/uploads\\\/2021\\\/06\\\/Logo-WSS-DUZE-transparentne.png\",\"contentUrl\":\"https:\\\/\\\/czerwonagora.pl\\\/wp-content\\\/uploads\\\/2021\\\/06\\\/Logo-WSS-DUZE-transparentne.png\",\"width\":4210,\"height\":2975,\"caption\":\"Wojew\u00f3dzki Szpital Specjalistyczny im. \u015aw. Rafa\u0142a w Czerwonej G\u00f3rze\"},\"image\":{\"@id\":\"https:\\\/\\\/czerwonagora.pl\\\/#\\\/schema\\\/logo\\\/image\\\/\"},\"sameAs\":[\"https:\\\/\\\/www.facebook.com\\\/SzpitalCzerwonaGora\\\/\"]}]}<\/script>\n<!-- \/ Yoast SEO plugin. -->","yoast_head_json":{"title":"Sekcja ds. Aparatury Medycznej - Wojew\u00f3dzki Szpital Specjalistyczny im. \u015aw. Rafa\u0142a w Czerwonej G\u00f3rze","robots":{"index":"index","follow":"follow","max-snippet":"max-snippet:-1","max-image-preview":"max-image-preview:large","max-video-preview":"max-video-preview:-1"},"canonical":"https:\/\/czerwonagora.pl\/index.php\/sekcja-ds-aparatury-medycznej\/","og_locale":"pl_PL","og_type":"article","og_title":"Sekcja ds. Aparatury Medycznej - Wojew\u00f3dzki Szpital Specjalistyczny im. \u015aw. Rafa\u0142a w Czerwonej G\u00f3rze","og_description":"in\u017c. Patrycja Pawelec Koordynator Sekcji ds. aparatury medycznej Profil kom\u00f3rki Sekcja ds. aparatury medycznej podlega bezpo\u015brednio Zast\u0119pcy Dyrektora ds. Plan\u00f3w i Finans\u00f3w. Podstawowe zadania realizowane przez kom\u00f3rk\u0119 organizacyjn\u0105: prowadzenie ewidencji sprz\u0119tu i aparatury medycznej u\u017cytkowanej w Szpitalu; przygotowywanie i przekazywanie do kom\u00f3rek medycznych u\u017cytkuj\u0105cych urz\u0105dzenia medyczne paszport\u00f3w technicznych tych urz\u0105dze\u0144; prowadzenie dokumentacji techniczno &#8211; ruchowej [&hellip;]","og_url":"https:\/\/czerwonagora.pl\/index.php\/sekcja-ds-aparatury-medycznej\/","og_site_name":"Wojew\u00f3dzki Szpital Specjalistyczny im. \u015aw. Rafa\u0142a w Czerwonej G\u00f3rze","article_publisher":"https:\/\/www.facebook.com\/SzpitalCzerwonaGora\/","article_modified_time":"2023-02-02T07:10:19+00:00","og_image":[{"url":"https:\/\/czerwonagora.pl\/wp-content\/uploads\/2021\/06\/woman_adm-ikona.png","type":"","width":"","height":""}],"twitter_card":"summary_large_image","twitter_misc":{"Szacowany czas czytania":"2 minuty"},"schema":{"@context":"https:\/\/schema.org","@graph":[{"@type":"WebPage","@id":"https:\/\/czerwonagora.pl\/index.php\/sekcja-ds-aparatury-medycznej\/","url":"https:\/\/czerwonagora.pl\/index.php\/sekcja-ds-aparatury-medycznej\/","name":"Sekcja ds. Aparatury Medycznej - Wojew\u00f3dzki Szpital Specjalistyczny im. \u015aw. Rafa\u0142a w Czerwonej G\u00f3rze","isPartOf":{"@id":"https:\/\/czerwonagora.pl\/#website"},"primaryImageOfPage":{"@id":"https:\/\/czerwonagora.pl\/index.php\/sekcja-ds-aparatury-medycznej\/#primaryimage"},"image":{"@id":"https:\/\/czerwonagora.pl\/index.php\/sekcja-ds-aparatury-medycznej\/#primaryimage"},"thumbnailUrl":"https:\/\/czerwonagora.pl\/wp-content\/uploads\/2021\/06\/woman_adm-ikona.png","datePublished":"2021-06-28T05:54:12+00:00","dateModified":"2023-02-02T07:10:19+00:00","breadcrumb":{"@id":"https:\/\/czerwonagora.pl\/index.php\/sekcja-ds-aparatury-medycznej\/#breadcrumb"},"inLanguage":"pl-PL","potentialAction":[{"@type":"ReadAction","target":["https:\/\/czerwonagora.pl\/index.php\/sekcja-ds-aparatury-medycznej\/"]}]},{"@type":"ImageObject","inLanguage":"pl-PL","@id":"https:\/\/czerwonagora.pl\/index.php\/sekcja-ds-aparatury-medycznej\/#primaryimage","url":"https:\/\/czerwonagora.pl\/wp-content\/uploads\/2021\/06\/woman_adm-ikona.png","contentUrl":"https:\/\/czerwonagora.pl\/wp-content\/uploads\/2021\/06\/woman_adm-ikona.png","width":180,"height":223,"caption":"t\u0142o koloru zielone z sylwetk\u0105 kobiety ubran\u0105 w ubranie wizytowe koloru niebieskiego"},{"@type":"BreadcrumbList","@id":"https:\/\/czerwonagora.pl\/index.php\/sekcja-ds-aparatury-medycznej\/#breadcrumb","itemListElement":[{"@type":"ListItem","position":1,"name":"Strona g\u0142\u00f3wna","item":"https:\/\/czerwonagora.pl\/"},{"@type":"ListItem","position":2,"name":"Sekcja ds. Aparatury Medycznej"}]},{"@type":"WebSite","@id":"https:\/\/czerwonagora.pl\/#website","url":"https:\/\/czerwonagora.pl\/","name":"Wojew\u00f3dzki Szpital Specjalistyczny im. \u015aw. Rafa\u0142a w Czerwonej G\u00f3rze","description":"Wojew\u00f3dzki Szpital Specjalistyczny im. \u015aw. Rafa\u0142a w Czerwonej G\u00f3rze","publisher":{"@id":"https:\/\/czerwonagora.pl\/#organization"},"potentialAction":[{"@type":"SearchAction","target":{"@type":"EntryPoint","urlTemplate":"https:\/\/czerwonagora.pl\/?s={search_term_string}"},"query-input":{"@type":"PropertyValueSpecification","valueRequired":true,"valueName":"search_term_string"}}],"inLanguage":"pl-PL"},{"@type":"Organization","@id":"https:\/\/czerwonagora.pl\/#organization","name":"Wojew\u00f3dzki Szpital Specjalistyczny im. \u015aw. Rafa\u0142a w Czerwonej G\u00f3rze","url":"https:\/\/czerwonagora.pl\/","logo":{"@type":"ImageObject","inLanguage":"pl-PL","@id":"https:\/\/czerwonagora.pl\/#\/schema\/logo\/image\/","url":"https:\/\/czerwonagora.pl\/wp-content\/uploads\/2021\/06\/Logo-WSS-DUZE-transparentne.png","contentUrl":"https:\/\/czerwonagora.pl\/wp-content\/uploads\/2021\/06\/Logo-WSS-DUZE-transparentne.png","width":4210,"height":2975,"caption":"Wojew\u00f3dzki Szpital Specjalistyczny im. \u015aw. Rafa\u0142a w Czerwonej G\u00f3rze"},"image":{"@id":"https:\/\/czerwonagora.pl\/#\/schema\/logo\/image\/"},"sameAs":["https:\/\/www.facebook.com\/SzpitalCzerwonaGora\/"]}]}},"publishpress_future_action":{"enabled":false,"date":"2026-05-02 14:26:37","action":"change-status","newStatus":"draft","terms":[],"taxonomy":"","extraData":[]},"publishpress_future_workflow_manual_trigger":{"enabledWorkflows":[]},"_links":{"self":[{"href":"https:\/\/czerwonagora.pl\/index.php\/wp-json\/wp\/v2\/pages\/6242","targetHints":{"allow":["GET"]}}],"collection":[{"href":"https:\/\/czerwonagora.pl\/index.php\/wp-json\/wp\/v2\/pages"}],"about":[{"href":"https:\/\/czerwonagora.pl\/index.php\/wp-json\/wp\/v2\/types\/page"}],"author":[{"embeddable":true,"href":"https:\/\/czerwonagora.pl\/index.php\/wp-json\/wp\/v2\/users\/4"}],"replies":[{"embeddable":true,"href":"https:\/\/czerwonagora.pl\/index.php\/wp-json\/wp\/v2\/comments?post=6242"}],"version-history":[{"count":43,"href":"https:\/\/czerwonagora.pl\/index.php\/wp-json\/wp\/v2\/pages\/6242\/revisions"}],"predecessor-version":[{"id":18382,"href":"https:\/\/czerwonagora.pl\/index.php\/wp-json\/wp\/v2\/pages\/6242\/revisions\/18382"}],"wp:attachment":[{"href":"https:\/\/czerwonagora.pl\/index.php\/wp-json\/wp\/v2\/media?parent=6242"}],"curies":[{"name":"wp","href":"https:\/\/api.w.org\/{rel}","templated":true}]}}