{"id":6257,"date":"2021-06-28T08:01:05","date_gmt":"2021-06-28T06:01:05","guid":{"rendered":"https:\/\/czerwonagora.pl\/?page_id=6257"},"modified":"2025-05-26T09:10:24","modified_gmt":"2025-05-26T07:10:24","slug":"stanowisko-ds-bhp","status":"publish","type":"page","link":"https:\/\/czerwonagora.pl\/index.php\/stanowisko-ds-bhp\/","title":{"rendered":"Stanowisko ds. BHP"},"content":{"rendered":"\t\t<div data-elementor-type=\"wp-page\" data-elementor-id=\"6257\" class=\"elementor elementor-6257\">\n\t\t\t\t\t\t<section class=\"elementor-section elementor-top-section elementor-element elementor-element-88f1136 elementor-section-stretched elementor-section-boxed elementor-section-height-default elementor-section-height-default elementor-invisible\" data-id=\"88f1136\" data-element_type=\"section\" data-e-type=\"section\" data-settings=\"{&quot;stretch_section&quot;:&quot;section-stretched&quot;,&quot;animation&quot;:&quot;fadeIn&quot;,&quot;animation_delay&quot;:200}\">\n\t\t\t\t\t\t\t<div class=\"elementor-background-overlay\"><\/div>\n\t\t\t\t\t\t\t<div class=\"elementor-container elementor-column-gap-no\">\n\t\t\t\t\t<div class=\"elementor-column elementor-col-100 elementor-top-column elementor-element elementor-element-33ccce65\" data-id=\"33ccce65\" data-element_type=\"column\" data-e-type=\"column\">\n\t\t\t<div class=\"elementor-widget-wrap elementor-element-populated\">\n\t\t\t\t\t\t<div class=\"elementor-element elementor-element-b0f09a3 elementor-position-top elementor-invisible elementor-widget elementor-widget-image-box\" data-id=\"b0f09a3\" data-element_type=\"widget\" data-e-type=\"widget\" data-settings=\"{&quot;_animation&quot;:&quot;fadeIn&quot;}\" data-widget_type=\"image-box.default\">\n\t\t\t\t<div class=\"elementor-widget-container\">\n\t\t\t\t\t<div class=\"elementor-image-box-wrapper\"><figure class=\"elementor-image-box-img\"><img decoding=\"async\" width=\"180\" height=\"223\" src=\"https:\/\/czerwonagora.pl\/wp-content\/uploads\/2021\/06\/woman_adm-ikona.png\" class=\"attachment-full size-full wp-image-7903\" alt=\"t\u0142o koloru zielone z sylwetk\u0105 kobiety ubran\u0105 w ubranie wizytowe koloru niebieskiego\" \/><\/figure><div class=\"elementor-image-box-content\"><h1 class=\"elementor-image-box-title\">Marta Masternak<\/h1><p class=\"elementor-image-box-description\">Specjalista ds. BHP<\/p><\/div><\/div>\t\t\t\t<\/div>\n\t\t\t\t<\/div>\n\t\t\t\t<div class=\"elementor-element elementor-element-64c70e90 elementor-widget-divider--view-line elementor-widget elementor-widget-divider\" data-id=\"64c70e90\" data-element_type=\"widget\" data-e-type=\"widget\" data-widget_type=\"divider.default\">\n\t\t\t\t<div class=\"elementor-widget-container\">\n\t\t\t\t\t\t\t<div class=\"elementor-divider\">\n\t\t\t<span class=\"elementor-divider-separator\">\n\t\t\t\t\t\t<\/span>\n\t\t<\/div>\n\t\t\t\t\t\t<\/div>\n\t\t\t\t<\/div>\n\t\t\t\t\t<\/div>\n\t\t<\/div>\n\t\t\t\t\t<\/div>\n\t\t<\/section>\n\t\t\t\t<section class=\"elementor-section elementor-top-section elementor-element elementor-element-7b1a838e elementor-section-stretched elementor-section-boxed elementor-section-height-default elementor-section-height-default\" data-id=\"7b1a838e\" data-element_type=\"section\" data-e-type=\"section\" data-settings=\"{&quot;stretch_section&quot;:&quot;section-stretched&quot;}\">\n\t\t\t\t\t\t<div class=\"elementor-container elementor-column-gap-default\">\n\t\t\t\t\t<div class=\"elementor-column elementor-col-66 elementor-top-column elementor-element elementor-element-64cb68be\" data-id=\"64cb68be\" data-element_type=\"column\" data-e-type=\"column\">\n\t\t\t<div class=\"elementor-widget-wrap elementor-element-populated\">\n\t\t\t\t\t\t<div class=\"elementor-element elementor-element-3d7b1ba0 elementor-widget elementor-widget-text-editor\" data-id=\"3d7b1ba0\" data-element_type=\"widget\" data-e-type=\"widget\" data-widget_type=\"text-editor.default\">\n\t\t\t\t<div class=\"elementor-widget-container\">\n\t\t\t\t\t\t\t\t\t<p><strong>Profil kom\u00f3rki<\/strong><\/p><p><strong>Bezpiecze\u0144stwo i higiena pracy\u00a0<\/strong>\u2013\u00a0og\u00f3\u0142 norm prawnych oraz \u015brodk\u00f3w badawczych, organizacyjnych <br \/>i technicznych maj\u0105cych na celu stworzenie pracownikowi takich warunk\u00f3w pracy, aby m\u00f3g\u0142 on wykonywa\u0107 prac\u0119 w spos\u00f3b produktywny, bez nara\u017cania go na nieuzasadnione ryzyko wypadku lub choroby zawodowej oraz nadmierne obci\u0105\u017cenie fizyczne i psychiczne (Centralny Instytut Ochrony Pracy &#8211; Pa\u0144stwowy Instytut Badawczy &#8211; CIOP-PIB).<\/p><p><strong>Ergonomia <\/strong>&#8211; nauka stosowana, zmierzaj\u0105ca do optymalnego dostosowania narz\u0119dzi, maszyn, urz\u0105dze\u0144, technologii, organizacji i materialnego \u015brodowiska pracy oraz przedmiot\u00f3w powszechnego u\u017cytku do wymaga\u0144 i potrzeb fizjologicznych, psychicznych i spo\u0142ecznych cz\u0142owieka (Polskie Towarzystwo Ergonomiczne &#8211; PTErg.).<\/p><p><strong>Kodeks pracy<\/strong> &#8211; w art. 15, 207, 212 i 304 nak\u0142ada na pracodawc\u0119 \/ osoby kieruj\u0105ce pracownikami obowi\u0105zek ochrony zdrowia i \u017cycia pracownik\u00f3w oraz os\u00f3b fizycznych wykonuj\u0105cych prac\u0119 na innej podstawie ni\u017c stosunek pracy, przez zapewnienie bezpiecznych i higienicznych warunk\u00f3w pracy przy odpowiednim wykorzystaniu osi\u0105gni\u0119\u0107 nauki i techniki oraz takiego organizowania, przygotowania <br \/>i prowadzenia prac, aby uwzgl\u0119dnia\u0142y zabezpieczenie pracownik\u00f3w przed wypadkami przy pracy, chorobami zawodowymi i innymi chorobami zwi\u0105zanymi z warunkami \u015brodowiska pracy.<\/p><p>Tak wi\u0119c, has\u0142o: praca i bhp to poj\u0119cia traktowane nierozdzielnie praca i \u2026(by\u0107 mo\u017ce przy okazji) bhp lecz \u0142\u0105cznie\u00a0 <strong>PRACA + BEZPIECZE\u0143STWO i HIGIENA oraz ERGONOMIA.<\/strong><\/p><p><strong>Zadania s\u0142u\u017cby bhp<\/strong> \u2013 zgodnie z art. 237<sup>11<\/sup> \u00a7 1 Kodeksu pracy pracodawca zatrudniaj\u0105cy wi\u0119cej ni\u017c 100 pracownik\u00f3w tworzy s\u0142u\u017cb\u0119 bezpiecze\u0144stwa i higieny pracy, pe\u0142ni\u0105c\u0105 funkcje doradcze <br \/>i kontrolne w zakresie bezpiecze\u0144stwa i higieny pracy. Zakres zada\u0144 zosta\u0142 okre\u015blony w rozporz\u0105dzeniu Rady Ministr\u00f3w z dnia 2 wrze\u015bnia 1997r. w sprawie s\u0142u\u017cby bezpiecze\u0144stwa i higieny pracy. (Dz. U. Nr 109, poz. 704, ze zm.)<\/p>\t\t\t\t\t\t\t\t<\/div>\n\t\t\t\t<\/div>\n\t\t\t\t\t<\/div>\n\t\t<\/div>\n\t\t\t\t<div class=\"elementor-column elementor-col-33 elementor-top-column elementor-element elementor-element-222c16d6\" data-id=\"222c16d6\" data-element_type=\"column\" data-e-type=\"column\" data-settings=\"{&quot;background_background&quot;:&quot;classic&quot;}\">\n\t\t\t<div class=\"elementor-widget-wrap elementor-element-populated\">\n\t\t\t\t\t\t<div class=\"elementor-element elementor-element-5cab1c12 elementor-view-default elementor-widget elementor-widget-icon\" data-id=\"5cab1c12\" data-element_type=\"widget\" data-e-type=\"widget\" data-widget_type=\"icon.default\">\n\t\t\t\t<div class=\"elementor-widget-container\">\n\t\t\t\t\t\t\t<div class=\"elementor-icon-wrapper\">\n\t\t\t<div class=\"elementor-icon\">\n\t\t\t<i aria-hidden=\"true\" class=\"fas fa-phone-square\"><\/i>\t\t\t<\/div>\n\t\t<\/div>\n\t\t\t\t\t\t<\/div>\n\t\t\t\t<\/div>\n\t\t\t\t<div class=\"elementor-element elementor-element-551b900c elementor-widget elementor-widget-text-editor\" data-id=\"551b900c\" data-element_type=\"widget\" data-e-type=\"widget\" data-widget_type=\"text-editor.default\">\n\t\t\t\t<div class=\"elementor-widget-container\">\n\t\t\t\t\t\t\t\t\t<div class=\"sppb-col-md-4\"><div id=\"column-id-1505725352309\" class=\"sppb-column\"><div class=\"sppb-column-addons\"><div id=\"sppb-addon-1505725352315\" class=\"clearfix\"><div class=\"sppb-addon sppb-addon-text-block sppb-text-left \"><div class=\"sppb-addon-content\"><div class=\"row-fluid\"><div class=\"span0\"><div class=\"jm-module \"><div class=\"jm-module-in\"><div class=\"jm-module-content clearfix notitle\"><div class=\"custom\"><p><strong>Lokalizacja Budynek D, V pi\u0119tro<\/strong><\/p><p><strong>Numery bezpo\u015brednie:<\/strong><\/p><p><strong>Szpital:<\/strong> <strong>+48 (41) 34 655 45 do 48<\/strong><\/p><p><strong>Numery wewn\u0119trzne:<\/strong><\/p><p>numer wewn\u0119trzny &#8211; <strong>202<\/strong><\/p><\/div><\/div><\/div><\/div><\/div><\/div><\/div><\/div><\/div><\/div><\/div><\/div>\t\t\t\t\t\t\t\t<\/div>\n\t\t\t\t<\/div>\n\t\t\t\t\t<\/div>\n\t\t<\/div>\n\t\t\t\t\t<\/div>\n\t\t<\/section>\n\t\t\t\t<\/div>\n\t\t","protected":false},"excerpt":{"rendered":"<p>Marta Masternak Specjalista ds. BHP Profil kom\u00f3rki Bezpiecze\u0144stwo i higiena pracy\u00a0\u2013\u00a0og\u00f3\u0142 norm prawnych oraz \u015brodk\u00f3w badawczych, organizacyjnych i technicznych maj\u0105cych na celu stworzenie pracownikowi takich warunk\u00f3w pracy, aby m\u00f3g\u0142 on wykonywa\u0107 prac\u0119 w spos\u00f3b produktywny, bez nara\u017cania go na nieuzasadnione ryzyko wypadku lub choroby zawodowej oraz nadmierne obci\u0105\u017cenie fizyczne i psychiczne (Centralny Instytut Ochrony Pracy [&hellip;]<\/p>\n","protected":false},"author":4,"featured_media":0,"parent":0,"menu_order":0,"comment_status":"closed","ping_status":"closed","template":"","meta":{"zakra_page_container_layout":"customizer","zakra_page_sidebar_layout":"customizer","zakra_remove_content_margin":false,"zakra_sidebar":"customizer","zakra_transparent_header":"customizer","zakra_logo":0,"zakra_main_header_style":"default","zakra_menu_item_color":"","zakra_menu_item_hover_color":"","zakra_menu_item_active_color":"","zakra_menu_active_style":"","zakra_page_header":true,"footnotes":""},"class_list":["post-6257","page","type-page","status-publish","hentry"],"yoast_head":"<!-- This site is optimized with the Yoast SEO plugin v27.3 - https:\/\/yoast.com\/product\/yoast-seo-wordpress\/ -->\n<title>Stanowisko ds. BHP - Wojew\u00f3dzki Szpital Specjalistyczny im. \u015aw. Rafa\u0142a w Czerwonej G\u00f3rze<\/title>\n<meta name=\"robots\" content=\"index, follow, max-snippet:-1, max-image-preview:large, max-video-preview:-1\" \/>\n<link rel=\"canonical\" href=\"https:\/\/czerwonagora.pl\/index.php\/stanowisko-ds-bhp\/\" \/>\n<meta property=\"og:locale\" content=\"pl_PL\" \/>\n<meta property=\"og:type\" content=\"article\" \/>\n<meta property=\"og:title\" content=\"Stanowisko ds. BHP - Wojew\u00f3dzki Szpital Specjalistyczny im. \u015aw. Rafa\u0142a w Czerwonej G\u00f3rze\" \/>\n<meta property=\"og:description\" content=\"Marta Masternak Specjalista ds. BHP Profil kom\u00f3rki Bezpiecze\u0144stwo i higiena pracy\u00a0\u2013\u00a0og\u00f3\u0142 norm prawnych oraz \u015brodk\u00f3w badawczych, organizacyjnych i technicznych maj\u0105cych na celu stworzenie pracownikowi takich warunk\u00f3w pracy, aby m\u00f3g\u0142 on wykonywa\u0107 prac\u0119 w spos\u00f3b produktywny, bez nara\u017cania go na nieuzasadnione ryzyko wypadku lub choroby zawodowej oraz nadmierne obci\u0105\u017cenie fizyczne i psychiczne (Centralny Instytut Ochrony Pracy [&hellip;]\" \/>\n<meta property=\"og:url\" content=\"https:\/\/czerwonagora.pl\/index.php\/stanowisko-ds-bhp\/\" \/>\n<meta property=\"og:site_name\" content=\"Wojew\u00f3dzki Szpital Specjalistyczny im. \u015aw. Rafa\u0142a w Czerwonej G\u00f3rze\" \/>\n<meta property=\"article:publisher\" content=\"https:\/\/www.facebook.com\/SzpitalCzerwonaGora\/\" \/>\n<meta property=\"article:modified_time\" content=\"2025-05-26T07:10:24+00:00\" \/>\n<meta property=\"og:image\" content=\"https:\/\/czerwonagora.pl\/wp-content\/uploads\/2021\/06\/woman_adm-ikona.png\" \/>\n\t<meta property=\"og:image:width\" content=\"180\" \/>\n\t<meta property=\"og:image:height\" content=\"223\" \/>\n\t<meta property=\"og:image:type\" content=\"image\/png\" \/>\n<meta name=\"twitter:card\" content=\"summary_large_image\" \/>\n<meta name=\"twitter:label1\" content=\"Szacowany czas czytania\" \/>\n\t<meta name=\"twitter:data1\" content=\"2 minuty\" \/>\n<script type=\"application\/ld+json\" class=\"yoast-schema-graph\">{\"@context\":\"https:\\\/\\\/schema.org\",\"@graph\":[{\"@type\":\"WebPage\",\"@id\":\"https:\\\/\\\/czerwonagora.pl\\\/index.php\\\/stanowisko-ds-bhp\\\/\",\"url\":\"https:\\\/\\\/czerwonagora.pl\\\/index.php\\\/stanowisko-ds-bhp\\\/\",\"name\":\"Stanowisko ds. BHP - Wojew\u00f3dzki Szpital Specjalistyczny im. \u015aw. Rafa\u0142a w Czerwonej G\u00f3rze\",\"isPartOf\":{\"@id\":\"https:\\\/\\\/czerwonagora.pl\\\/#website\"},\"primaryImageOfPage\":{\"@id\":\"https:\\\/\\\/czerwonagora.pl\\\/index.php\\\/stanowisko-ds-bhp\\\/#primaryimage\"},\"image\":{\"@id\":\"https:\\\/\\\/czerwonagora.pl\\\/index.php\\\/stanowisko-ds-bhp\\\/#primaryimage\"},\"thumbnailUrl\":\"https:\\\/\\\/czerwonagora.pl\\\/wp-content\\\/uploads\\\/2021\\\/06\\\/woman_adm-ikona.png\",\"datePublished\":\"2021-06-28T06:01:05+00:00\",\"dateModified\":\"2025-05-26T07:10:24+00:00\",\"breadcrumb\":{\"@id\":\"https:\\\/\\\/czerwonagora.pl\\\/index.php\\\/stanowisko-ds-bhp\\\/#breadcrumb\"},\"inLanguage\":\"pl-PL\",\"potentialAction\":[{\"@type\":\"ReadAction\",\"target\":[\"https:\\\/\\\/czerwonagora.pl\\\/index.php\\\/stanowisko-ds-bhp\\\/\"]}]},{\"@type\":\"ImageObject\",\"inLanguage\":\"pl-PL\",\"@id\":\"https:\\\/\\\/czerwonagora.pl\\\/index.php\\\/stanowisko-ds-bhp\\\/#primaryimage\",\"url\":\"https:\\\/\\\/czerwonagora.pl\\\/wp-content\\\/uploads\\\/2021\\\/06\\\/woman_adm-ikona.png\",\"contentUrl\":\"https:\\\/\\\/czerwonagora.pl\\\/wp-content\\\/uploads\\\/2021\\\/06\\\/woman_adm-ikona.png\",\"width\":180,\"height\":223,\"caption\":\"t\u0142o koloru zielone z sylwetk\u0105 kobiety ubran\u0105 w ubranie wizytowe koloru niebieskiego\"},{\"@type\":\"BreadcrumbList\",\"@id\":\"https:\\\/\\\/czerwonagora.pl\\\/index.php\\\/stanowisko-ds-bhp\\\/#breadcrumb\",\"itemListElement\":[{\"@type\":\"ListItem\",\"position\":1,\"name\":\"Strona g\u0142\u00f3wna\",\"item\":\"https:\\\/\\\/czerwonagora.pl\\\/\"},{\"@type\":\"ListItem\",\"position\":2,\"name\":\"Stanowisko ds. BHP\"}]},{\"@type\":\"WebSite\",\"@id\":\"https:\\\/\\\/czerwonagora.pl\\\/#website\",\"url\":\"https:\\\/\\\/czerwonagora.pl\\\/\",\"name\":\"Wojew\u00f3dzki Szpital Specjalistyczny im. \u015aw. Rafa\u0142a w Czerwonej G\u00f3rze\",\"description\":\"Wojew\u00f3dzki Szpital Specjalistyczny im. \u015aw. Rafa\u0142a w Czerwonej G\u00f3rze\",\"publisher\":{\"@id\":\"https:\\\/\\\/czerwonagora.pl\\\/#organization\"},\"potentialAction\":[{\"@type\":\"SearchAction\",\"target\":{\"@type\":\"EntryPoint\",\"urlTemplate\":\"https:\\\/\\\/czerwonagora.pl\\\/?s={search_term_string}\"},\"query-input\":{\"@type\":\"PropertyValueSpecification\",\"valueRequired\":true,\"valueName\":\"search_term_string\"}}],\"inLanguage\":\"pl-PL\"},{\"@type\":\"Organization\",\"@id\":\"https:\\\/\\\/czerwonagora.pl\\\/#organization\",\"name\":\"Wojew\u00f3dzki Szpital Specjalistyczny im. \u015aw. Rafa\u0142a w Czerwonej G\u00f3rze\",\"url\":\"https:\\\/\\\/czerwonagora.pl\\\/\",\"logo\":{\"@type\":\"ImageObject\",\"inLanguage\":\"pl-PL\",\"@id\":\"https:\\\/\\\/czerwonagora.pl\\\/#\\\/schema\\\/logo\\\/image\\\/\",\"url\":\"https:\\\/\\\/czerwonagora.pl\\\/wp-content\\\/uploads\\\/2021\\\/06\\\/Logo-WSS-DUZE-transparentne.png\",\"contentUrl\":\"https:\\\/\\\/czerwonagora.pl\\\/wp-content\\\/uploads\\\/2021\\\/06\\\/Logo-WSS-DUZE-transparentne.png\",\"width\":4210,\"height\":2975,\"caption\":\"Wojew\u00f3dzki Szpital Specjalistyczny im. \u015aw. Rafa\u0142a w Czerwonej G\u00f3rze\"},\"image\":{\"@id\":\"https:\\\/\\\/czerwonagora.pl\\\/#\\\/schema\\\/logo\\\/image\\\/\"},\"sameAs\":[\"https:\\\/\\\/www.facebook.com\\\/SzpitalCzerwonaGora\\\/\"]}]}<\/script>\n<!-- \/ Yoast SEO plugin. -->","yoast_head_json":{"title":"Stanowisko ds. BHP - Wojew\u00f3dzki Szpital Specjalistyczny im. \u015aw. Rafa\u0142a w Czerwonej G\u00f3rze","robots":{"index":"index","follow":"follow","max-snippet":"max-snippet:-1","max-image-preview":"max-image-preview:large","max-video-preview":"max-video-preview:-1"},"canonical":"https:\/\/czerwonagora.pl\/index.php\/stanowisko-ds-bhp\/","og_locale":"pl_PL","og_type":"article","og_title":"Stanowisko ds. BHP - Wojew\u00f3dzki Szpital Specjalistyczny im. \u015aw. Rafa\u0142a w Czerwonej G\u00f3rze","og_description":"Marta Masternak Specjalista ds. BHP Profil kom\u00f3rki Bezpiecze\u0144stwo i higiena pracy\u00a0\u2013\u00a0og\u00f3\u0142 norm prawnych oraz \u015brodk\u00f3w badawczych, organizacyjnych i technicznych maj\u0105cych na celu stworzenie pracownikowi takich warunk\u00f3w pracy, aby m\u00f3g\u0142 on wykonywa\u0107 prac\u0119 w spos\u00f3b produktywny, bez nara\u017cania go na nieuzasadnione ryzyko wypadku lub choroby zawodowej oraz nadmierne obci\u0105\u017cenie fizyczne i psychiczne (Centralny Instytut Ochrony Pracy [&hellip;]","og_url":"https:\/\/czerwonagora.pl\/index.php\/stanowisko-ds-bhp\/","og_site_name":"Wojew\u00f3dzki Szpital Specjalistyczny im. \u015aw. Rafa\u0142a w Czerwonej G\u00f3rze","article_publisher":"https:\/\/www.facebook.com\/SzpitalCzerwonaGora\/","article_modified_time":"2025-05-26T07:10:24+00:00","og_image":[{"width":180,"height":223,"url":"https:\/\/czerwonagora.pl\/wp-content\/uploads\/2021\/06\/woman_adm-ikona.png","type":"image\/png"}],"twitter_card":"summary_large_image","twitter_misc":{"Szacowany czas czytania":"2 minuty"},"schema":{"@context":"https:\/\/schema.org","@graph":[{"@type":"WebPage","@id":"https:\/\/czerwonagora.pl\/index.php\/stanowisko-ds-bhp\/","url":"https:\/\/czerwonagora.pl\/index.php\/stanowisko-ds-bhp\/","name":"Stanowisko ds. BHP - Wojew\u00f3dzki Szpital Specjalistyczny im. \u015aw. Rafa\u0142a w Czerwonej G\u00f3rze","isPartOf":{"@id":"https:\/\/czerwonagora.pl\/#website"},"primaryImageOfPage":{"@id":"https:\/\/czerwonagora.pl\/index.php\/stanowisko-ds-bhp\/#primaryimage"},"image":{"@id":"https:\/\/czerwonagora.pl\/index.php\/stanowisko-ds-bhp\/#primaryimage"},"thumbnailUrl":"https:\/\/czerwonagora.pl\/wp-content\/uploads\/2021\/06\/woman_adm-ikona.png","datePublished":"2021-06-28T06:01:05+00:00","dateModified":"2025-05-26T07:10:24+00:00","breadcrumb":{"@id":"https:\/\/czerwonagora.pl\/index.php\/stanowisko-ds-bhp\/#breadcrumb"},"inLanguage":"pl-PL","potentialAction":[{"@type":"ReadAction","target":["https:\/\/czerwonagora.pl\/index.php\/stanowisko-ds-bhp\/"]}]},{"@type":"ImageObject","inLanguage":"pl-PL","@id":"https:\/\/czerwonagora.pl\/index.php\/stanowisko-ds-bhp\/#primaryimage","url":"https:\/\/czerwonagora.pl\/wp-content\/uploads\/2021\/06\/woman_adm-ikona.png","contentUrl":"https:\/\/czerwonagora.pl\/wp-content\/uploads\/2021\/06\/woman_adm-ikona.png","width":180,"height":223,"caption":"t\u0142o koloru zielone z sylwetk\u0105 kobiety ubran\u0105 w ubranie wizytowe koloru niebieskiego"},{"@type":"BreadcrumbList","@id":"https:\/\/czerwonagora.pl\/index.php\/stanowisko-ds-bhp\/#breadcrumb","itemListElement":[{"@type":"ListItem","position":1,"name":"Strona g\u0142\u00f3wna","item":"https:\/\/czerwonagora.pl\/"},{"@type":"ListItem","position":2,"name":"Stanowisko ds. BHP"}]},{"@type":"WebSite","@id":"https:\/\/czerwonagora.pl\/#website","url":"https:\/\/czerwonagora.pl\/","name":"Wojew\u00f3dzki Szpital Specjalistyczny im. \u015aw. Rafa\u0142a w Czerwonej G\u00f3rze","description":"Wojew\u00f3dzki Szpital Specjalistyczny im. \u015aw. Rafa\u0142a w Czerwonej G\u00f3rze","publisher":{"@id":"https:\/\/czerwonagora.pl\/#organization"},"potentialAction":[{"@type":"SearchAction","target":{"@type":"EntryPoint","urlTemplate":"https:\/\/czerwonagora.pl\/?s={search_term_string}"},"query-input":{"@type":"PropertyValueSpecification","valueRequired":true,"valueName":"search_term_string"}}],"inLanguage":"pl-PL"},{"@type":"Organization","@id":"https:\/\/czerwonagora.pl\/#organization","name":"Wojew\u00f3dzki Szpital Specjalistyczny im. \u015aw. Rafa\u0142a w Czerwonej G\u00f3rze","url":"https:\/\/czerwonagora.pl\/","logo":{"@type":"ImageObject","inLanguage":"pl-PL","@id":"https:\/\/czerwonagora.pl\/#\/schema\/logo\/image\/","url":"https:\/\/czerwonagora.pl\/wp-content\/uploads\/2021\/06\/Logo-WSS-DUZE-transparentne.png","contentUrl":"https:\/\/czerwonagora.pl\/wp-content\/uploads\/2021\/06\/Logo-WSS-DUZE-transparentne.png","width":4210,"height":2975,"caption":"Wojew\u00f3dzki Szpital Specjalistyczny im. \u015aw. Rafa\u0142a w Czerwonej G\u00f3rze"},"image":{"@id":"https:\/\/czerwonagora.pl\/#\/schema\/logo\/image\/"},"sameAs":["https:\/\/www.facebook.com\/SzpitalCzerwonaGora\/"]}]}},"publishpress_future_action":{"enabled":false,"date":"2026-04-24 20:46:25","action":"change-status","newStatus":"draft","terms":[],"taxonomy":"","extraData":[]},"publishpress_future_workflow_manual_trigger":{"enabledWorkflows":[]},"_links":{"self":[{"href":"https:\/\/czerwonagora.pl\/index.php\/wp-json\/wp\/v2\/pages\/6257","targetHints":{"allow":["GET"]}}],"collection":[{"href":"https:\/\/czerwonagora.pl\/index.php\/wp-json\/wp\/v2\/pages"}],"about":[{"href":"https:\/\/czerwonagora.pl\/index.php\/wp-json\/wp\/v2\/types\/page"}],"author":[{"embeddable":true,"href":"https:\/\/czerwonagora.pl\/index.php\/wp-json\/wp\/v2\/users\/4"}],"replies":[{"embeddable":true,"href":"https:\/\/czerwonagora.pl\/index.php\/wp-json\/wp\/v2\/comments?post=6257"}],"version-history":[{"count":34,"href":"https:\/\/czerwonagora.pl\/index.php\/wp-json\/wp\/v2\/pages\/6257\/revisions"}],"predecessor-version":[{"id":27990,"href":"https:\/\/czerwonagora.pl\/index.php\/wp-json\/wp\/v2\/pages\/6257\/revisions\/27990"}],"wp:attachment":[{"href":"https:\/\/czerwonagora.pl\/index.php\/wp-json\/wp\/v2\/media?parent=6257"}],"curies":[{"name":"wp","href":"https:\/\/api.w.org\/{rel}","templated":true}]}}