{"id":6266,"date":"2021-06-28T08:05:09","date_gmt":"2021-06-28T06:05:09","guid":{"rendered":"https:\/\/czerwonagora.pl\/?page_id=6266"},"modified":"2025-03-24T08:49:38","modified_gmt":"2025-03-24T07:49:38","slug":"stanowisko-ds-obrony-cywilnej","status":"publish","type":"page","link":"https:\/\/czerwonagora.pl\/index.php\/stanowisko-ds-obrony-cywilnej\/","title":{"rendered":"Stanowisko ds. Obrony Cywilnej"},"content":{"rendered":"\t\t<div data-elementor-type=\"wp-page\" data-elementor-id=\"6266\" class=\"elementor elementor-6266\">\n\t\t\t\t\t\t<section class=\"elementor-section elementor-top-section elementor-element elementor-element-27b4ed11 elementor-section-stretched elementor-section-boxed elementor-section-height-default elementor-section-height-default elementor-invisible\" data-id=\"27b4ed11\" data-element_type=\"section\" data-e-type=\"section\" data-settings=\"{&quot;stretch_section&quot;:&quot;section-stretched&quot;,&quot;animation&quot;:&quot;fadeIn&quot;,&quot;animation_delay&quot;:200}\">\n\t\t\t\t\t\t\t<div class=\"elementor-background-overlay\"><\/div>\n\t\t\t\t\t\t\t<div class=\"elementor-container elementor-column-gap-no\">\n\t\t\t\t\t<div class=\"elementor-column elementor-col-100 elementor-top-column elementor-element elementor-element-2fd7be5d\" data-id=\"2fd7be5d\" data-element_type=\"column\" data-e-type=\"column\">\n\t\t\t<div class=\"elementor-widget-wrap elementor-element-populated\">\n\t\t\t\t\t\t<div class=\"elementor-element elementor-element-29b0485 elementor-position-top elementor-invisible elementor-widget elementor-widget-image-box\" data-id=\"29b0485\" data-element_type=\"widget\" data-e-type=\"widget\" data-settings=\"{&quot;_animation&quot;:&quot;fadeIn&quot;}\" data-widget_type=\"image-box.default\">\n\t\t\t\t<div class=\"elementor-widget-container\">\n\t\t\t\t\t<div class=\"elementor-image-box-wrapper\"><figure class=\"elementor-image-box-img\"><img decoding=\"async\" src=\"https:\/\/czerwonagora.pl\/wp-content\/uploads\/elementor\/thumbs\/20230314085035621_0001-1-q3hoxvp1ussoyrpuv0f9hq4zvj5rd3x4lyvex5kzea.jpg\" title=\"20230314085035621_0001\" alt=\"20230314085035621_0001\" loading=\"lazy\" \/><\/figure><div class=\"elementor-image-box-content\"><h1 class=\"elementor-image-box-title\">Miros\u0142aw Smerdzy\u0144ski<\/h1><p class=\"elementor-image-box-description\">Inspektor ds. obronnych i obrony cywilnej<\/p><\/div><\/div>\t\t\t\t<\/div>\n\t\t\t\t<\/div>\n\t\t\t\t<div class=\"elementor-element elementor-element-5cbf95d9 elementor-widget-divider--view-line elementor-widget elementor-widget-divider\" data-id=\"5cbf95d9\" data-element_type=\"widget\" data-e-type=\"widget\" data-widget_type=\"divider.default\">\n\t\t\t\t<div class=\"elementor-widget-container\">\n\t\t\t\t\t\t\t<div class=\"elementor-divider\">\n\t\t\t<span class=\"elementor-divider-separator\">\n\t\t\t\t\t\t<\/span>\n\t\t<\/div>\n\t\t\t\t\t\t<\/div>\n\t\t\t\t<\/div>\n\t\t\t\t\t<\/div>\n\t\t<\/div>\n\t\t\t\t\t<\/div>\n\t\t<\/section>\n\t\t\t\t<section class=\"elementor-section elementor-top-section elementor-element elementor-element-5528de9a elementor-section-stretched elementor-section-boxed elementor-section-height-default elementor-section-height-default\" data-id=\"5528de9a\" data-element_type=\"section\" data-e-type=\"section\" data-settings=\"{&quot;stretch_section&quot;:&quot;section-stretched&quot;}\">\n\t\t\t\t\t\t<div class=\"elementor-container elementor-column-gap-default\">\n\t\t\t\t\t<div class=\"elementor-column elementor-col-66 elementor-top-column elementor-element elementor-element-379b92b7\" data-id=\"379b92b7\" data-element_type=\"column\" data-e-type=\"column\">\n\t\t\t<div class=\"elementor-widget-wrap elementor-element-populated\">\n\t\t\t\t\t\t<div class=\"elementor-element elementor-element-42bdce71 elementor-widget elementor-widget-text-editor\" data-id=\"42bdce71\" data-element_type=\"widget\" data-e-type=\"widget\" data-widget_type=\"text-editor.default\">\n\t\t\t\t<div class=\"elementor-widget-container\">\n\t\t\t\t\t\t\t\t\t<p><strong>Profil kom\u00f3rki:<\/strong><\/p><p>Inspektor ds. obronnych i obrony cywilnej w zakresie zada\u0144 obronnych podlega bezpo\u015brednio Dyrektorowi, a w zakresie zada\u0144 zwi\u0105zanych z ochron\u0105 informacji niejawnych podlega Pe\u0142nomocnikowi Ochrony.<\/p><p>Inspektor ds. obronnych i obrony cywilnej wykonuje zadania wynikaj\u0105ce <br \/>z obowi\u0105zuj\u0105cych przepis\u00f3w w sprawie obrony Ojczyzny, obrony cywilnej i ochrony informacji niejawnych.<\/p><p><strong>Funkcja kom\u00f3rki:<\/strong><\/p><p>Znajomo\u015b\u0107 akt\u00f3w prawnych dotycz\u0105cych obronno\u015bci, obrony cywilnej i ochrony informacji niejawnych oraz bie\u017c\u0105ce wprowadzanie ich w \u017cycie w WSS im. \u015aw. Rafa\u0142a w Czerwonej G\u00f3rze na podstawie wytycznych instytucji nadrz\u0119dnych, wsp\u00f3\u0142dzia\u0142aj\u0105cych oraz polece\u0144 i ustale\u0144 Dyrektora.<\/p><p><strong>W zakresie spraw obronnych:<\/strong><\/p><ul><li>Wykonywanie przedsi\u0119wzi\u0119\u0107 zwi\u0105zanych z opracowaniem i utrzymaniem w sta\u0142ej aktualno\u015bci dokumentacji planistycznej przewidzianej na okres zewn\u0119trznego zagro\u017cenia bezpiecze\u0144stwa pa\u0144stwa i w czasie wojny tj.:<\/li><li>Planu udzielania \u015bwiadcze\u0144 szpitalnych na potrzeby obronne pa\u0144stwa oraz uzgadnianie go z Biurem Spraw Obronnych, Bezpiecze\u0144stwa i Ochrony Informacji Niejawnych Urz\u0119du Marsza\u0142kowskiego Wojew\u00f3dztwa \u015awi\u0119tokrzyskiego;<\/li><li>Dokumentacji Sta\u0142ego Dy\u017curu;<\/li><li>Dokumentacji planowania operacyjnego;<\/li><li>Wsp\u00f3\u0142praca z Dzia\u0142em Kadr w zakresie typowania pracownik\u00f3w przewidzianych do wy\u0142\u0105czenia od obowi\u0105zku pe\u0142nienia czynnej s\u0142u\u017cby wojskowej w razie og\u0142oszenia mobilizacji i w czasie wojny;<\/li><li>Organizowanie szkolenia obronnego dla kadry i personelu medycznego bior\u0105cych udzia\u0142 w opracowaniu planu udzielania \u015bwiadcze\u0144 szpitalnych na potrzeby obronne pa\u0144stwa oraz uczestniczenie w szkoleniu obronnym organizowanym przez organy nadrz\u0119dne;<\/li><li>Organizowanie szkole\u0144 obsad Sta\u0142ego Dy\u017curu w Szpitalu;<\/li><li>Zapewnienie w\u0142a\u015bciwego opracowywania, ewidencjonowania, przechowywania, obiegu i archiwizacji dokumentacji o charakterze planistyczno-obronnym;<\/li><li>Prowadzenie korespondencji w zakresie spraw obronnych i wykonywanie innych prac w tym zakresie.<\/li><\/ul><p><strong>W zakresie ochrony informacji niejawnych:<\/strong><\/p><ul><li>Bezpo\u015bredni nadz\u00f3r nad obiegiem materia\u0142\u00f3w podlegaj\u0105cych rejestracji w kancelarii;<\/li><li>Udost\u0119pnianie materia\u0142\u00f3w osobom do tego uprawnionym;<\/li><li>Wydawanie materia\u0142\u00f3w osobom do tego uprawnionym, kt\u00f3re zapewniaj\u0105 odpowiednie warunki do ich przechowywania;<\/li><li>Egzekwowanie zwrotu materia\u0142\u00f3w;<\/li><li>Kontrola przestrzegania w\u0142a\u015bciwego oznaczania i rejestrowania materia\u0142\u00f3w w kancelarii oraz w Szpitalu.<\/li><\/ul><p><strong>W zakresie obrony cywilnej:<\/strong><\/p><ul><li>Przygotowanie dokumentacji, prowadzenie szkolenia oraz nadz\u00f3r nad dzia\u0142aniami podejmowanymi w Szpitalu w zakresie realizacji zada\u0144 Obrony Cywilnej;<\/li><li>Przygotowanie dokumentacji, prowadzenie szkolenia i organizacja przedsi\u0119wzi\u0119\u0107 w celu sprawnego dzia\u0142ania systemu powszechnego ostrzegania ludno\u015bci;<\/li><li>Prowadzenie ewidencji i nadz\u00f3r nad przechowywaniem sprz\u0119tu Obrony Cywilnej;<\/li><li>Prowadzenie korespondencji w zakresie spraw Obrony Cywilnej oraz wykonywanie innych prac w tym zakresie;<\/li><li>Nadz\u00f3r nad konserwacj\u0105 sprz\u0119tu Obrony Cywilnej, kt\u00f3ry znajduje si\u0119 na stanie Szpitala.<\/li><\/ul>\t\t\t\t\t\t\t\t<\/div>\n\t\t\t\t<\/div>\n\t\t\t\t\t<\/div>\n\t\t<\/div>\n\t\t\t\t<div class=\"elementor-column elementor-col-33 elementor-top-column elementor-element elementor-element-26678139\" data-id=\"26678139\" data-element_type=\"column\" data-e-type=\"column\" data-settings=\"{&quot;background_background&quot;:&quot;classic&quot;}\">\n\t\t\t<div class=\"elementor-widget-wrap elementor-element-populated\">\n\t\t\t\t\t\t<div class=\"elementor-element elementor-element-5e477f31 elementor-view-default elementor-widget elementor-widget-icon\" data-id=\"5e477f31\" data-element_type=\"widget\" data-e-type=\"widget\" data-widget_type=\"icon.default\">\n\t\t\t\t<div class=\"elementor-widget-container\">\n\t\t\t\t\t\t\t<div class=\"elementor-icon-wrapper\">\n\t\t\t<div class=\"elementor-icon\">\n\t\t\t<i aria-hidden=\"true\" class=\"fas fa-phone-square\"><\/i>\t\t\t<\/div>\n\t\t<\/div>\n\t\t\t\t\t\t<\/div>\n\t\t\t\t<\/div>\n\t\t\t\t<div class=\"elementor-element elementor-element-5f401919 elementor-widget elementor-widget-text-editor\" data-id=\"5f401919\" data-element_type=\"widget\" data-e-type=\"widget\" data-widget_type=\"text-editor.default\">\n\t\t\t\t<div class=\"elementor-widget-container\">\n\t\t\t\t\t\t\t\t\t<p><strong>Lokalizacja Budynek E, I pi\u0119tro<\/strong><\/p><div><p><strong>Dane kontaktowe<\/strong><\/p><p><strong>Szpital:+48 (41) 34 655 45 do 48<\/strong><\/p><p><strong>Numery wewn\u0119trzne:<\/strong><\/p><p>numer wewn\u0119trzny &#8211; <strong>201<\/strong><\/p><\/div>\t\t\t\t\t\t\t\t<\/div>\n\t\t\t\t<\/div>\n\t\t\t\t\t<\/div>\n\t\t<\/div>\n\t\t\t\t\t<\/div>\n\t\t<\/section>\n\t\t\t\t<\/div>\n\t\t","protected":false},"excerpt":{"rendered":"<p>Miros\u0142aw Smerdzy\u0144ski Inspektor ds. obronnych i obrony cywilnej Profil kom\u00f3rki: Inspektor ds. obronnych i obrony cywilnej w zakresie zada\u0144 obronnych podlega bezpo\u015brednio Dyrektorowi, a w zakresie zada\u0144 zwi\u0105zanych z ochron\u0105 informacji niejawnych podlega Pe\u0142nomocnikowi Ochrony. Inspektor ds. obronnych i obrony cywilnej wykonuje zadania wynikaj\u0105ce z obowi\u0105zuj\u0105cych przepis\u00f3w w sprawie obrony Ojczyzny, obrony cywilnej i ochrony [&hellip;]<\/p>\n","protected":false},"author":4,"featured_media":0,"parent":0,"menu_order":0,"comment_status":"closed","ping_status":"closed","template":"","meta":{"zakra_page_container_layout":"customizer","zakra_page_sidebar_layout":"customizer","zakra_remove_content_margin":false,"zakra_sidebar":"customizer","zakra_transparent_header":"customizer","zakra_logo":0,"zakra_main_header_style":"default","zakra_menu_item_color":"","zakra_menu_item_hover_color":"","zakra_menu_item_active_color":"","zakra_menu_active_style":"","zakra_page_header":true,"footnotes":""},"class_list":["post-6266","page","type-page","status-publish","hentry"],"yoast_head":"<!-- This site is optimized with the Yoast SEO plugin v27.3 - https:\/\/yoast.com\/product\/yoast-seo-wordpress\/ -->\n<title>Stanowisko ds. Obrony Cywilnej - Wojew\u00f3dzki Szpital Specjalistyczny im. \u015aw. Rafa\u0142a w Czerwonej G\u00f3rze<\/title>\n<meta name=\"robots\" content=\"index, follow, max-snippet:-1, max-image-preview:large, max-video-preview:-1\" \/>\n<link rel=\"canonical\" href=\"https:\/\/czerwonagora.pl\/index.php\/stanowisko-ds-obrony-cywilnej\/\" \/>\n<meta property=\"og:locale\" content=\"pl_PL\" \/>\n<meta property=\"og:type\" content=\"article\" \/>\n<meta property=\"og:title\" content=\"Stanowisko ds. Obrony Cywilnej - Wojew\u00f3dzki Szpital Specjalistyczny im. \u015aw. Rafa\u0142a w Czerwonej G\u00f3rze\" \/>\n<meta property=\"og:description\" content=\"Miros\u0142aw Smerdzy\u0144ski Inspektor ds. obronnych i obrony cywilnej Profil kom\u00f3rki: Inspektor ds. obronnych i obrony cywilnej w zakresie zada\u0144 obronnych podlega bezpo\u015brednio Dyrektorowi, a w zakresie zada\u0144 zwi\u0105zanych z ochron\u0105 informacji niejawnych podlega Pe\u0142nomocnikowi Ochrony. Inspektor ds. obronnych i obrony cywilnej wykonuje zadania wynikaj\u0105ce z obowi\u0105zuj\u0105cych przepis\u00f3w w sprawie obrony Ojczyzny, obrony cywilnej i ochrony [&hellip;]\" \/>\n<meta property=\"og:url\" content=\"https:\/\/czerwonagora.pl\/index.php\/stanowisko-ds-obrony-cywilnej\/\" \/>\n<meta property=\"og:site_name\" content=\"Wojew\u00f3dzki Szpital Specjalistyczny im. \u015aw. Rafa\u0142a w Czerwonej G\u00f3rze\" \/>\n<meta property=\"article:publisher\" content=\"https:\/\/www.facebook.com\/SzpitalCzerwonaGora\/\" \/>\n<meta property=\"article:modified_time\" content=\"2025-03-24T07:49:38+00:00\" \/>\n<meta property=\"og:image\" content=\"https:\/\/czerwonagora.pl\/wp-content\/uploads\/elementor\/thumbs\/20230314085035621_0001-1-q3hoxvp1ussoyrpuv0f9hq4zvj5rd3x4lyvex5kzea.jpg\" \/>\n<meta name=\"twitter:card\" content=\"summary_large_image\" \/>\n<meta name=\"twitter:label1\" content=\"Szacowany czas czytania\" \/>\n\t<meta name=\"twitter:data1\" content=\"3 minuty\" \/>\n<script type=\"application\/ld+json\" class=\"yoast-schema-graph\">{\"@context\":\"https:\\\/\\\/schema.org\",\"@graph\":[{\"@type\":\"WebPage\",\"@id\":\"https:\\\/\\\/czerwonagora.pl\\\/index.php\\\/stanowisko-ds-obrony-cywilnej\\\/\",\"url\":\"https:\\\/\\\/czerwonagora.pl\\\/index.php\\\/stanowisko-ds-obrony-cywilnej\\\/\",\"name\":\"Stanowisko ds. Obrony Cywilnej - Wojew\u00f3dzki Szpital Specjalistyczny im. \u015aw. Rafa\u0142a w Czerwonej G\u00f3rze\",\"isPartOf\":{\"@id\":\"https:\\\/\\\/czerwonagora.pl\\\/#website\"},\"primaryImageOfPage\":{\"@id\":\"https:\\\/\\\/czerwonagora.pl\\\/index.php\\\/stanowisko-ds-obrony-cywilnej\\\/#primaryimage\"},\"image\":{\"@id\":\"https:\\\/\\\/czerwonagora.pl\\\/index.php\\\/stanowisko-ds-obrony-cywilnej\\\/#primaryimage\"},\"thumbnailUrl\":\"https:\\\/\\\/czerwonagora.pl\\\/wp-content\\\/uploads\\\/elementor\\\/thumbs\\\/20230314085035621_0001-1-q3hoxvp1ussoyrpuv0f9hq4zvj5rd3x4lyvex5kzea.jpg\",\"datePublished\":\"2021-06-28T06:05:09+00:00\",\"dateModified\":\"2025-03-24T07:49:38+00:00\",\"breadcrumb\":{\"@id\":\"https:\\\/\\\/czerwonagora.pl\\\/index.php\\\/stanowisko-ds-obrony-cywilnej\\\/#breadcrumb\"},\"inLanguage\":\"pl-PL\",\"potentialAction\":[{\"@type\":\"ReadAction\",\"target\":[\"https:\\\/\\\/czerwonagora.pl\\\/index.php\\\/stanowisko-ds-obrony-cywilnej\\\/\"]}]},{\"@type\":\"ImageObject\",\"inLanguage\":\"pl-PL\",\"@id\":\"https:\\\/\\\/czerwonagora.pl\\\/index.php\\\/stanowisko-ds-obrony-cywilnej\\\/#primaryimage\",\"url\":\"https:\\\/\\\/czerwonagora.pl\\\/wp-content\\\/uploads\\\/elementor\\\/thumbs\\\/20230314085035621_0001-1-q3hoxvp1ussoyrpuv0f9hq4zvj5rd3x4lyvex5kzea.jpg\",\"contentUrl\":\"https:\\\/\\\/czerwonagora.pl\\\/wp-content\\\/uploads\\\/elementor\\\/thumbs\\\/20230314085035621_0001-1-q3hoxvp1ussoyrpuv0f9hq4zvj5rd3x4lyvex5kzea.jpg\"},{\"@type\":\"BreadcrumbList\",\"@id\":\"https:\\\/\\\/czerwonagora.pl\\\/index.php\\\/stanowisko-ds-obrony-cywilnej\\\/#breadcrumb\",\"itemListElement\":[{\"@type\":\"ListItem\",\"position\":1,\"name\":\"Strona g\u0142\u00f3wna\",\"item\":\"https:\\\/\\\/czerwonagora.pl\\\/\"},{\"@type\":\"ListItem\",\"position\":2,\"name\":\"Stanowisko ds. Obrony Cywilnej\"}]},{\"@type\":\"WebSite\",\"@id\":\"https:\\\/\\\/czerwonagora.pl\\\/#website\",\"url\":\"https:\\\/\\\/czerwonagora.pl\\\/\",\"name\":\"Wojew\u00f3dzki Szpital Specjalistyczny im. \u015aw. Rafa\u0142a w Czerwonej G\u00f3rze\",\"description\":\"Wojew\u00f3dzki Szpital Specjalistyczny im. \u015aw. Rafa\u0142a w Czerwonej G\u00f3rze\",\"publisher\":{\"@id\":\"https:\\\/\\\/czerwonagora.pl\\\/#organization\"},\"potentialAction\":[{\"@type\":\"SearchAction\",\"target\":{\"@type\":\"EntryPoint\",\"urlTemplate\":\"https:\\\/\\\/czerwonagora.pl\\\/?s={search_term_string}\"},\"query-input\":{\"@type\":\"PropertyValueSpecification\",\"valueRequired\":true,\"valueName\":\"search_term_string\"}}],\"inLanguage\":\"pl-PL\"},{\"@type\":\"Organization\",\"@id\":\"https:\\\/\\\/czerwonagora.pl\\\/#organization\",\"name\":\"Wojew\u00f3dzki Szpital Specjalistyczny im. \u015aw. Rafa\u0142a w Czerwonej G\u00f3rze\",\"url\":\"https:\\\/\\\/czerwonagora.pl\\\/\",\"logo\":{\"@type\":\"ImageObject\",\"inLanguage\":\"pl-PL\",\"@id\":\"https:\\\/\\\/czerwonagora.pl\\\/#\\\/schema\\\/logo\\\/image\\\/\",\"url\":\"https:\\\/\\\/czerwonagora.pl\\\/wp-content\\\/uploads\\\/2021\\\/06\\\/Logo-WSS-DUZE-transparentne.png\",\"contentUrl\":\"https:\\\/\\\/czerwonagora.pl\\\/wp-content\\\/uploads\\\/2021\\\/06\\\/Logo-WSS-DUZE-transparentne.png\",\"width\":4210,\"height\":2975,\"caption\":\"Wojew\u00f3dzki Szpital Specjalistyczny im. \u015aw. Rafa\u0142a w Czerwonej G\u00f3rze\"},\"image\":{\"@id\":\"https:\\\/\\\/czerwonagora.pl\\\/#\\\/schema\\\/logo\\\/image\\\/\"},\"sameAs\":[\"https:\\\/\\\/www.facebook.com\\\/SzpitalCzerwonaGora\\\/\"]}]}<\/script>\n<!-- \/ Yoast SEO plugin. -->","yoast_head_json":{"title":"Stanowisko ds. Obrony Cywilnej - Wojew\u00f3dzki Szpital Specjalistyczny im. \u015aw. Rafa\u0142a w Czerwonej G\u00f3rze","robots":{"index":"index","follow":"follow","max-snippet":"max-snippet:-1","max-image-preview":"max-image-preview:large","max-video-preview":"max-video-preview:-1"},"canonical":"https:\/\/czerwonagora.pl\/index.php\/stanowisko-ds-obrony-cywilnej\/","og_locale":"pl_PL","og_type":"article","og_title":"Stanowisko ds. Obrony Cywilnej - Wojew\u00f3dzki Szpital Specjalistyczny im. \u015aw. Rafa\u0142a w Czerwonej G\u00f3rze","og_description":"Miros\u0142aw Smerdzy\u0144ski Inspektor ds. obronnych i obrony cywilnej Profil kom\u00f3rki: Inspektor ds. obronnych i obrony cywilnej w zakresie zada\u0144 obronnych podlega bezpo\u015brednio Dyrektorowi, a w zakresie zada\u0144 zwi\u0105zanych z ochron\u0105 informacji niejawnych podlega Pe\u0142nomocnikowi Ochrony. Inspektor ds. obronnych i obrony cywilnej wykonuje zadania wynikaj\u0105ce z obowi\u0105zuj\u0105cych przepis\u00f3w w sprawie obrony Ojczyzny, obrony cywilnej i ochrony [&hellip;]","og_url":"https:\/\/czerwonagora.pl\/index.php\/stanowisko-ds-obrony-cywilnej\/","og_site_name":"Wojew\u00f3dzki Szpital Specjalistyczny im. \u015aw. Rafa\u0142a w Czerwonej G\u00f3rze","article_publisher":"https:\/\/www.facebook.com\/SzpitalCzerwonaGora\/","article_modified_time":"2025-03-24T07:49:38+00:00","og_image":[{"url":"https:\/\/czerwonagora.pl\/wp-content\/uploads\/elementor\/thumbs\/20230314085035621_0001-1-q3hoxvp1ussoyrpuv0f9hq4zvj5rd3x4lyvex5kzea.jpg","type":"","width":"","height":""}],"twitter_card":"summary_large_image","twitter_misc":{"Szacowany czas czytania":"3 minuty"},"schema":{"@context":"https:\/\/schema.org","@graph":[{"@type":"WebPage","@id":"https:\/\/czerwonagora.pl\/index.php\/stanowisko-ds-obrony-cywilnej\/","url":"https:\/\/czerwonagora.pl\/index.php\/stanowisko-ds-obrony-cywilnej\/","name":"Stanowisko ds. Obrony Cywilnej - Wojew\u00f3dzki Szpital Specjalistyczny im. \u015aw. Rafa\u0142a w Czerwonej G\u00f3rze","isPartOf":{"@id":"https:\/\/czerwonagora.pl\/#website"},"primaryImageOfPage":{"@id":"https:\/\/czerwonagora.pl\/index.php\/stanowisko-ds-obrony-cywilnej\/#primaryimage"},"image":{"@id":"https:\/\/czerwonagora.pl\/index.php\/stanowisko-ds-obrony-cywilnej\/#primaryimage"},"thumbnailUrl":"https:\/\/czerwonagora.pl\/wp-content\/uploads\/elementor\/thumbs\/20230314085035621_0001-1-q3hoxvp1ussoyrpuv0f9hq4zvj5rd3x4lyvex5kzea.jpg","datePublished":"2021-06-28T06:05:09+00:00","dateModified":"2025-03-24T07:49:38+00:00","breadcrumb":{"@id":"https:\/\/czerwonagora.pl\/index.php\/stanowisko-ds-obrony-cywilnej\/#breadcrumb"},"inLanguage":"pl-PL","potentialAction":[{"@type":"ReadAction","target":["https:\/\/czerwonagora.pl\/index.php\/stanowisko-ds-obrony-cywilnej\/"]}]},{"@type":"ImageObject","inLanguage":"pl-PL","@id":"https:\/\/czerwonagora.pl\/index.php\/stanowisko-ds-obrony-cywilnej\/#primaryimage","url":"https:\/\/czerwonagora.pl\/wp-content\/uploads\/elementor\/thumbs\/20230314085035621_0001-1-q3hoxvp1ussoyrpuv0f9hq4zvj5rd3x4lyvex5kzea.jpg","contentUrl":"https:\/\/czerwonagora.pl\/wp-content\/uploads\/elementor\/thumbs\/20230314085035621_0001-1-q3hoxvp1ussoyrpuv0f9hq4zvj5rd3x4lyvex5kzea.jpg"},{"@type":"BreadcrumbList","@id":"https:\/\/czerwonagora.pl\/index.php\/stanowisko-ds-obrony-cywilnej\/#breadcrumb","itemListElement":[{"@type":"ListItem","position":1,"name":"Strona g\u0142\u00f3wna","item":"https:\/\/czerwonagora.pl\/"},{"@type":"ListItem","position":2,"name":"Stanowisko ds. Obrony Cywilnej"}]},{"@type":"WebSite","@id":"https:\/\/czerwonagora.pl\/#website","url":"https:\/\/czerwonagora.pl\/","name":"Wojew\u00f3dzki Szpital Specjalistyczny im. \u015aw. Rafa\u0142a w Czerwonej G\u00f3rze","description":"Wojew\u00f3dzki Szpital Specjalistyczny im. \u015aw. Rafa\u0142a w Czerwonej G\u00f3rze","publisher":{"@id":"https:\/\/czerwonagora.pl\/#organization"},"potentialAction":[{"@type":"SearchAction","target":{"@type":"EntryPoint","urlTemplate":"https:\/\/czerwonagora.pl\/?s={search_term_string}"},"query-input":{"@type":"PropertyValueSpecification","valueRequired":true,"valueName":"search_term_string"}}],"inLanguage":"pl-PL"},{"@type":"Organization","@id":"https:\/\/czerwonagora.pl\/#organization","name":"Wojew\u00f3dzki Szpital Specjalistyczny im. \u015aw. Rafa\u0142a w Czerwonej G\u00f3rze","url":"https:\/\/czerwonagora.pl\/","logo":{"@type":"ImageObject","inLanguage":"pl-PL","@id":"https:\/\/czerwonagora.pl\/#\/schema\/logo\/image\/","url":"https:\/\/czerwonagora.pl\/wp-content\/uploads\/2021\/06\/Logo-WSS-DUZE-transparentne.png","contentUrl":"https:\/\/czerwonagora.pl\/wp-content\/uploads\/2021\/06\/Logo-WSS-DUZE-transparentne.png","width":4210,"height":2975,"caption":"Wojew\u00f3dzki Szpital Specjalistyczny im. \u015aw. Rafa\u0142a w Czerwonej G\u00f3rze"},"image":{"@id":"https:\/\/czerwonagora.pl\/#\/schema\/logo\/image\/"},"sameAs":["https:\/\/www.facebook.com\/SzpitalCzerwonaGora\/"]}]}},"publishpress_future_action":{"enabled":false,"date":"2026-04-12 11:19:56","action":"change-status","newStatus":"draft","terms":[],"taxonomy":"","extraData":[]},"publishpress_future_workflow_manual_trigger":{"enabledWorkflows":[]},"_links":{"self":[{"href":"https:\/\/czerwonagora.pl\/index.php\/wp-json\/wp\/v2\/pages\/6266","targetHints":{"allow":["GET"]}}],"collection":[{"href":"https:\/\/czerwonagora.pl\/index.php\/wp-json\/wp\/v2\/pages"}],"about":[{"href":"https:\/\/czerwonagora.pl\/index.php\/wp-json\/wp\/v2\/types\/page"}],"author":[{"embeddable":true,"href":"https:\/\/czerwonagora.pl\/index.php\/wp-json\/wp\/v2\/users\/4"}],"replies":[{"embeddable":true,"href":"https:\/\/czerwonagora.pl\/index.php\/wp-json\/wp\/v2\/comments?post=6266"}],"version-history":[{"count":43,"href":"https:\/\/czerwonagora.pl\/index.php\/wp-json\/wp\/v2\/pages\/6266\/revisions"}],"predecessor-version":[{"id":26807,"href":"https:\/\/czerwonagora.pl\/index.php\/wp-json\/wp\/v2\/pages\/6266\/revisions\/26807"}],"wp:attachment":[{"href":"https:\/\/czerwonagora.pl\/index.php\/wp-json\/wp\/v2\/media?parent=6266"}],"curies":[{"name":"wp","href":"https:\/\/api.w.org\/{rel}","templated":true}]}}