{"id":6279,"date":"2021-06-28T08:08:17","date_gmt":"2021-06-28T06:08:17","guid":{"rendered":"https:\/\/czerwonagora.pl\/?page_id=6279"},"modified":"2025-05-26T09:10:54","modified_gmt":"2025-05-26T07:10:54","slug":"stanowisko-ds-ochrony-przeciwpozarowej","status":"publish","type":"page","link":"https:\/\/czerwonagora.pl\/index.php\/stanowisko-ds-ochrony-przeciwpozarowej\/","title":{"rendered":"Stanowisko ds. Ochrony Przeciwpo\u017carowej"},"content":{"rendered":"\t\t<div data-elementor-type=\"wp-page\" data-elementor-id=\"6279\" class=\"elementor elementor-6279\">\n\t\t\t\t\t\t<section class=\"elementor-section elementor-top-section elementor-element elementor-element-53a86923 elementor-section-stretched elementor-section-boxed elementor-section-height-default elementor-section-height-default elementor-invisible\" data-id=\"53a86923\" data-element_type=\"section\" data-e-type=\"section\" data-settings=\"{&quot;stretch_section&quot;:&quot;section-stretched&quot;,&quot;animation&quot;:&quot;fadeIn&quot;,&quot;animation_delay&quot;:200}\">\n\t\t\t\t\t\t\t<div class=\"elementor-background-overlay\"><\/div>\n\t\t\t\t\t\t\t<div class=\"elementor-container elementor-column-gap-no\">\n\t\t\t\t\t<div class=\"elementor-column elementor-col-100 elementor-top-column elementor-element elementor-element-4ba6ea3b\" data-id=\"4ba6ea3b\" data-element_type=\"column\" data-e-type=\"column\">\n\t\t\t<div class=\"elementor-widget-wrap elementor-element-populated\">\n\t\t\t\t\t\t<div class=\"elementor-element elementor-element-7b8f6f59 elementor-position-top elementor-invisible elementor-widget elementor-widget-image-box\" data-id=\"7b8f6f59\" data-element_type=\"widget\" data-e-type=\"widget\" data-settings=\"{&quot;_animation&quot;:&quot;fadeIn&quot;}\" data-widget_type=\"image-box.default\">\n\t\t\t\t<div class=\"elementor-widget-container\">\n\t\t\t\t\t<div class=\"elementor-image-box-wrapper\"><figure class=\"elementor-image-box-img\"><img decoding=\"async\" width=\"180\" height=\"223\" src=\"https:\/\/czerwonagora.pl\/wp-content\/uploads\/2021\/06\/woman_adm-ikona.png\" class=\"attachment-full size-full wp-image-7903\" alt=\"t\u0142o koloru zielone z sylwetk\u0105 kobiety ubran\u0105 w ubranie wizytowe koloru niebieskiego\" \/><\/figure><div class=\"elementor-image-box-content\"><h1 class=\"elementor-image-box-title\">Marta Masternak<\/h1><p class=\"elementor-image-box-description\">Stanowisko ds. ochrony przeciwpo\u017carowej<\/p><\/div><\/div>\t\t\t\t<\/div>\n\t\t\t\t<\/div>\n\t\t\t\t<div class=\"elementor-element elementor-element-335fb139 elementor-widget-divider--view-line elementor-widget elementor-widget-divider\" data-id=\"335fb139\" data-element_type=\"widget\" data-e-type=\"widget\" data-widget_type=\"divider.default\">\n\t\t\t\t<div class=\"elementor-widget-container\">\n\t\t\t\t\t\t\t<div class=\"elementor-divider\">\n\t\t\t<span class=\"elementor-divider-separator\">\n\t\t\t\t\t\t<\/span>\n\t\t<\/div>\n\t\t\t\t\t\t<\/div>\n\t\t\t\t<\/div>\n\t\t\t\t\t<\/div>\n\t\t<\/div>\n\t\t\t\t\t<\/div>\n\t\t<\/section>\n\t\t\t\t<section class=\"elementor-section elementor-top-section elementor-element elementor-element-515ac073 elementor-section-stretched elementor-section-boxed elementor-section-height-default elementor-section-height-default\" data-id=\"515ac073\" data-element_type=\"section\" data-e-type=\"section\" data-settings=\"{&quot;stretch_section&quot;:&quot;section-stretched&quot;}\">\n\t\t\t\t\t\t<div class=\"elementor-container elementor-column-gap-default\">\n\t\t\t\t\t<div class=\"elementor-column elementor-col-66 elementor-top-column elementor-element elementor-element-4d22da76\" data-id=\"4d22da76\" data-element_type=\"column\" data-e-type=\"column\">\n\t\t\t<div class=\"elementor-widget-wrap elementor-element-populated\">\n\t\t\t\t\t\t<div class=\"elementor-element elementor-element-68b0b0e4 elementor-widget elementor-widget-text-editor\" data-id=\"68b0b0e4\" data-element_type=\"widget\" data-e-type=\"widget\" data-widget_type=\"text-editor.default\">\n\t\t\t\t<div class=\"elementor-widget-container\">\n\t\t\t\t\t\t\t\t\t<h4><strong>Profil kom\u00f3rki:<\/strong><\/h4><p>1. Stanowisko ds. ochrony przeciwpo\u017carowej podlega bezpo\u015brednio Dyrektorowi Szpitala.<br \/>2. Do zada\u0144 osoby zatrudnionej na stanowisku ds. ochrony przeciwpo\u017carowej nale\u017cy:<\/p><ul><li>Nadz\u00f3r i kontrola nad przestrzeganiem przepis\u00f3w o bezpiecze\u0144stwie przeciwpo\u017carowym <br \/>w jednostkach organizacyjnych wchodz\u0105cych w sk\u0142ad Wojew\u00f3dzkiego Szpitala Specjalistycznego im. \u015bw. Rafa\u0142a w Czerwonej G\u00f3rze.<\/li><li>Udzia\u0142 w kontrolach prowadzonych przez organy ochrony przeciwpo\u017carowej lub jednostk\u0119 nadrz\u0119dn\u0105.<\/li><li>Wsp\u00f3\u0142praca z w\u0142a\u015bciw\u0105 terenowo Komend\u0105 Pa\u0144stwowej Stra\u017cy Po\u017carnej w zakresie zabezpieczenia przeciwpo\u017carowego, zajmowanych przez jednostk\u0119 pomieszcze\u0144.<\/li><li>Prowadzenie dokumentacji dotycz\u0105cej zabezpieczenia przeciwpo\u017carowego zajmowanych przez jednostk\u0119 pomieszcze\u0144.<\/li><li>Nadzorowanie realizacji uchwa\u0142 i wniosk\u00f3w zg\u0142aszanych przez komendy stra\u017cy po\u017carnych i innych w\u0142a\u015bciwych organ\u00f3w w sprawach poprawy stanu ochrony przeciwpo\u017carowej oraz <br \/>nadzorowanie wykonania zarz\u0105dze\u0144 pokontrolnych komendy stra\u017cy po\u017carnych.<\/li><li>Udzielanie informacji raz na trzy miesi\u0105ce Dyrektorowi WSS o stanie spraw w zakresie ochrony przeciwpo\u017carowej, szczeg\u00f3lnie o wynikach kontroli, podstawowych trudno\u015bciach w dzia\u0142alno\u015bci <br \/>i potrzebach przeciwpo\u017carowego zabezpieczenia.<\/li><li>Przeprowadzanie kontroli w jednostce pod wzgl\u0119dem organizacji ochrony przeciwpo\u017carowej <br \/>i przeciwpo\u017carowego zabezpieczenia.<\/li><li>Opracowywanie i aktualizowanie plan\u00f3w ochrony i sposobu przeprowadzania ewakuacji na wypadek powstania po\u017caru.<\/li><li>Opracowywanie rocznego planu pracy \u2013 kontroli podleg\u0142ych plac\u00f3wek w zakresie stanu przeciwpo\u017carowego zabezpieczenia i czuwanie nad jego realizacj\u0105.<\/li><li>Nadz\u00f3r nad konserwacj\u0105 i rozmieszczeniem sprz\u0119tu przeciwpo\u017carowego i sygna\u0142\u00f3w alarmowych.<\/li><li>Prowadzenie akcji propagandowo-ostrzegawczej i szkolenie pracownik\u00f3w. Wnioskowanie w sprawach:<\/li><li>zabezpieczenia odpowiednich \u015brodk\u00f3w finansowych na potrzeby zwi\u0105zane z ochron\u0105 przeciwpo\u017carow\u0105,<\/li><li>kierowania pracownik\u00f3w na szkolenie przeciwpo\u017carowe,<\/li><li>nagradzania pracownik\u00f3w, kt\u00f3rzy w istotny spos\u00f3b przyczynili si\u0119 poprawy stanu bezpiecze\u0144stwa przeciwpo\u017carowego,<br \/>karania pracownik\u00f3w nie przestrzegaj\u0105cych przepis\u00f3w o ochronie przeciwpo\u017carowej,<br \/>3. Wsp\u00f3\u0142dzia\u0142anie z innymi kom\u00f3rkami organizacyjnymi WSS w zakresie ochrony przeciwpo\u017carowej, <br \/>a w szczeg\u00f3lno\u015bci z Sekcj\u0105 Techniczno -Gospodarcz\u0105.<br \/>4. Udzia\u0142 we wszystkich pracach zwi\u0105zanych z popraw\u0105 bezpiecze\u0144stwa przeciwpo\u017carowego w WSS.<br \/>5. Szczeg\u00f3\u0142owe zadania osoby zatrudnionej na stanowisku ds. ochrony przeciwpo\u017carowej okre\u015bla zakres czynno\u015bci.<br \/>6. W celu skutecznego wykonywania dzia\u0142alno\u015bci statutowej osoba zatrudniona na stanowisku ds. ochrony przeciwpo\u017carowej wsp\u00f3\u0142pracuje z innymi kom\u00f3rkami organizacyjnymi WSS.<\/li><\/ul>\t\t\t\t\t\t\t\t<\/div>\n\t\t\t\t<\/div>\n\t\t\t\t\t<\/div>\n\t\t<\/div>\n\t\t\t\t<div class=\"elementor-column elementor-col-33 elementor-top-column elementor-element elementor-element-539d0b5f\" data-id=\"539d0b5f\" data-element_type=\"column\" data-e-type=\"column\" data-settings=\"{&quot;background_background&quot;:&quot;classic&quot;}\">\n\t\t\t<div class=\"elementor-widget-wrap elementor-element-populated\">\n\t\t\t\t\t\t<div class=\"elementor-element elementor-element-3150ca76 elementor-view-default elementor-widget elementor-widget-icon\" data-id=\"3150ca76\" data-element_type=\"widget\" data-e-type=\"widget\" data-widget_type=\"icon.default\">\n\t\t\t\t<div class=\"elementor-widget-container\">\n\t\t\t\t\t\t\t<div class=\"elementor-icon-wrapper\">\n\t\t\t<div class=\"elementor-icon\">\n\t\t\t<i aria-hidden=\"true\" class=\"fas fa-phone-square\"><\/i>\t\t\t<\/div>\n\t\t<\/div>\n\t\t\t\t\t\t<\/div>\n\t\t\t\t<\/div>\n\t\t\t\t<div class=\"elementor-element elementor-element-59193584 elementor-widget elementor-widget-text-editor\" data-id=\"59193584\" data-element_type=\"widget\" data-e-type=\"widget\" data-widget_type=\"text-editor.default\">\n\t\t\t\t<div class=\"elementor-widget-container\">\n\t\t\t\t\t\t\t\t\t<div class=\"sppb-col-md-4\"><div id=\"column-id-1509434590877\" class=\"sppb-column\"><div class=\"sppb-column-addons\"><div id=\"sppb-addon-1509434959780\" class=\"clearfix\"><div class=\"sppb-addon sppb-addon-text-block sppb-text-left \"><div class=\"sppb-addon-content\"><p><strong>Lokalizacja Budynek D, V pi\u0119tro<\/strong><\/p><p><strong>Numery bezpo\u015brednie:<\/strong><\/p><p><strong>Szpital:+48 (41) 34 655 45 do 48<\/strong><\/p><p><strong>Numery wewn\u0119trzne:<\/strong><\/p><p>numer wewn\u0119trzny &#8211; <strong>201<\/strong><\/p><\/div><\/div><\/div><\/div><\/div><\/div>\t\t\t\t\t\t\t\t<\/div>\n\t\t\t\t<\/div>\n\t\t\t\t\t<\/div>\n\t\t<\/div>\n\t\t\t\t\t<\/div>\n\t\t<\/section>\n\t\t\t\t<\/div>\n\t\t","protected":false},"excerpt":{"rendered":"<p>Marta Masternak Stanowisko ds. ochrony przeciwpo\u017carowej Profil kom\u00f3rki: 1. Stanowisko ds. ochrony przeciwpo\u017carowej podlega bezpo\u015brednio Dyrektorowi Szpitala.2. Do zada\u0144 osoby zatrudnionej na stanowisku ds. ochrony przeciwpo\u017carowej nale\u017cy: Nadz\u00f3r i kontrola nad przestrzeganiem przepis\u00f3w o bezpiecze\u0144stwie przeciwpo\u017carowym w jednostkach organizacyjnych wchodz\u0105cych w sk\u0142ad Wojew\u00f3dzkiego Szpitala Specjalistycznego im. \u015bw. Rafa\u0142a w Czerwonej G\u00f3rze. Udzia\u0142 w kontrolach prowadzonych [&hellip;]<\/p>\n","protected":false},"author":4,"featured_media":0,"parent":0,"menu_order":0,"comment_status":"closed","ping_status":"closed","template":"","meta":{"zakra_page_container_layout":"customizer","zakra_page_sidebar_layout":"customizer","zakra_remove_content_margin":false,"zakra_sidebar":"customizer","zakra_transparent_header":"customizer","zakra_logo":0,"zakra_main_header_style":"default","zakra_menu_item_color":"","zakra_menu_item_hover_color":"","zakra_menu_item_active_color":"","zakra_menu_active_style":"","zakra_page_header":true,"footnotes":""},"class_list":["post-6279","page","type-page","status-publish","hentry"],"yoast_head":"<!-- This site is optimized with the Yoast SEO plugin v27.3 - https:\/\/yoast.com\/product\/yoast-seo-wordpress\/ -->\n<title>Stanowisko ds. Ochrony Przeciwpo\u017carowej - Wojew\u00f3dzki Szpital Specjalistyczny im. \u015aw. Rafa\u0142a w Czerwonej G\u00f3rze<\/title>\n<meta name=\"robots\" content=\"index, follow, max-snippet:-1, max-image-preview:large, max-video-preview:-1\" \/>\n<link rel=\"canonical\" href=\"https:\/\/czerwonagora.pl\/index.php\/stanowisko-ds-ochrony-przeciwpozarowej\/\" \/>\n<meta property=\"og:locale\" content=\"pl_PL\" \/>\n<meta property=\"og:type\" content=\"article\" \/>\n<meta property=\"og:title\" content=\"Stanowisko ds. Ochrony Przeciwpo\u017carowej - Wojew\u00f3dzki Szpital Specjalistyczny im. \u015aw. Rafa\u0142a w Czerwonej G\u00f3rze\" \/>\n<meta property=\"og:description\" content=\"Marta Masternak Stanowisko ds. ochrony przeciwpo\u017carowej Profil kom\u00f3rki: 1. Stanowisko ds. ochrony przeciwpo\u017carowej podlega bezpo\u015brednio Dyrektorowi Szpitala.2. Do zada\u0144 osoby zatrudnionej na stanowisku ds. ochrony przeciwpo\u017carowej nale\u017cy: Nadz\u00f3r i kontrola nad przestrzeganiem przepis\u00f3w o bezpiecze\u0144stwie przeciwpo\u017carowym w jednostkach organizacyjnych wchodz\u0105cych w sk\u0142ad Wojew\u00f3dzkiego Szpitala Specjalistycznego im. \u015bw. Rafa\u0142a w Czerwonej G\u00f3rze. Udzia\u0142 w kontrolach prowadzonych [&hellip;]\" \/>\n<meta property=\"og:url\" content=\"https:\/\/czerwonagora.pl\/index.php\/stanowisko-ds-ochrony-przeciwpozarowej\/\" \/>\n<meta property=\"og:site_name\" content=\"Wojew\u00f3dzki Szpital Specjalistyczny im. \u015aw. Rafa\u0142a w Czerwonej G\u00f3rze\" \/>\n<meta property=\"article:publisher\" content=\"https:\/\/www.facebook.com\/SzpitalCzerwonaGora\/\" \/>\n<meta property=\"article:modified_time\" content=\"2025-05-26T07:10:54+00:00\" \/>\n<meta property=\"og:image\" content=\"https:\/\/czerwonagora.pl\/wp-content\/uploads\/2021\/06\/woman_adm-ikona.png\" \/>\n\t<meta property=\"og:image:width\" content=\"180\" \/>\n\t<meta property=\"og:image:height\" content=\"223\" \/>\n\t<meta property=\"og:image:type\" content=\"image\/png\" \/>\n<meta name=\"twitter:card\" content=\"summary_large_image\" \/>\n<meta name=\"twitter:label1\" content=\"Szacowany czas czytania\" \/>\n\t<meta name=\"twitter:data1\" content=\"3 minuty\" \/>\n<script type=\"application\/ld+json\" class=\"yoast-schema-graph\">{\"@context\":\"https:\\\/\\\/schema.org\",\"@graph\":[{\"@type\":\"WebPage\",\"@id\":\"https:\\\/\\\/czerwonagora.pl\\\/index.php\\\/stanowisko-ds-ochrony-przeciwpozarowej\\\/\",\"url\":\"https:\\\/\\\/czerwonagora.pl\\\/index.php\\\/stanowisko-ds-ochrony-przeciwpozarowej\\\/\",\"name\":\"Stanowisko ds. Ochrony Przeciwpo\u017carowej - Wojew\u00f3dzki Szpital Specjalistyczny im. \u015aw. Rafa\u0142a w Czerwonej G\u00f3rze\",\"isPartOf\":{\"@id\":\"https:\\\/\\\/czerwonagora.pl\\\/#website\"},\"primaryImageOfPage\":{\"@id\":\"https:\\\/\\\/czerwonagora.pl\\\/index.php\\\/stanowisko-ds-ochrony-przeciwpozarowej\\\/#primaryimage\"},\"image\":{\"@id\":\"https:\\\/\\\/czerwonagora.pl\\\/index.php\\\/stanowisko-ds-ochrony-przeciwpozarowej\\\/#primaryimage\"},\"thumbnailUrl\":\"https:\\\/\\\/czerwonagora.pl\\\/wp-content\\\/uploads\\\/2021\\\/06\\\/woman_adm-ikona.png\",\"datePublished\":\"2021-06-28T06:08:17+00:00\",\"dateModified\":\"2025-05-26T07:10:54+00:00\",\"breadcrumb\":{\"@id\":\"https:\\\/\\\/czerwonagora.pl\\\/index.php\\\/stanowisko-ds-ochrony-przeciwpozarowej\\\/#breadcrumb\"},\"inLanguage\":\"pl-PL\",\"potentialAction\":[{\"@type\":\"ReadAction\",\"target\":[\"https:\\\/\\\/czerwonagora.pl\\\/index.php\\\/stanowisko-ds-ochrony-przeciwpozarowej\\\/\"]}]},{\"@type\":\"ImageObject\",\"inLanguage\":\"pl-PL\",\"@id\":\"https:\\\/\\\/czerwonagora.pl\\\/index.php\\\/stanowisko-ds-ochrony-przeciwpozarowej\\\/#primaryimage\",\"url\":\"https:\\\/\\\/czerwonagora.pl\\\/wp-content\\\/uploads\\\/2021\\\/06\\\/woman_adm-ikona.png\",\"contentUrl\":\"https:\\\/\\\/czerwonagora.pl\\\/wp-content\\\/uploads\\\/2021\\\/06\\\/woman_adm-ikona.png\",\"width\":180,\"height\":223,\"caption\":\"t\u0142o koloru zielone z sylwetk\u0105 kobiety ubran\u0105 w ubranie wizytowe koloru niebieskiego\"},{\"@type\":\"BreadcrumbList\",\"@id\":\"https:\\\/\\\/czerwonagora.pl\\\/index.php\\\/stanowisko-ds-ochrony-przeciwpozarowej\\\/#breadcrumb\",\"itemListElement\":[{\"@type\":\"ListItem\",\"position\":1,\"name\":\"Strona g\u0142\u00f3wna\",\"item\":\"https:\\\/\\\/czerwonagora.pl\\\/\"},{\"@type\":\"ListItem\",\"position\":2,\"name\":\"Stanowisko ds. Ochrony Przeciwpo\u017carowej\"}]},{\"@type\":\"WebSite\",\"@id\":\"https:\\\/\\\/czerwonagora.pl\\\/#website\",\"url\":\"https:\\\/\\\/czerwonagora.pl\\\/\",\"name\":\"Wojew\u00f3dzki Szpital Specjalistyczny im. \u015aw. Rafa\u0142a w Czerwonej G\u00f3rze\",\"description\":\"Wojew\u00f3dzki Szpital Specjalistyczny im. \u015aw. Rafa\u0142a w Czerwonej G\u00f3rze\",\"publisher\":{\"@id\":\"https:\\\/\\\/czerwonagora.pl\\\/#organization\"},\"potentialAction\":[{\"@type\":\"SearchAction\",\"target\":{\"@type\":\"EntryPoint\",\"urlTemplate\":\"https:\\\/\\\/czerwonagora.pl\\\/?s={search_term_string}\"},\"query-input\":{\"@type\":\"PropertyValueSpecification\",\"valueRequired\":true,\"valueName\":\"search_term_string\"}}],\"inLanguage\":\"pl-PL\"},{\"@type\":\"Organization\",\"@id\":\"https:\\\/\\\/czerwonagora.pl\\\/#organization\",\"name\":\"Wojew\u00f3dzki Szpital Specjalistyczny im. \u015aw. Rafa\u0142a w Czerwonej G\u00f3rze\",\"url\":\"https:\\\/\\\/czerwonagora.pl\\\/\",\"logo\":{\"@type\":\"ImageObject\",\"inLanguage\":\"pl-PL\",\"@id\":\"https:\\\/\\\/czerwonagora.pl\\\/#\\\/schema\\\/logo\\\/image\\\/\",\"url\":\"https:\\\/\\\/czerwonagora.pl\\\/wp-content\\\/uploads\\\/2021\\\/06\\\/Logo-WSS-DUZE-transparentne.png\",\"contentUrl\":\"https:\\\/\\\/czerwonagora.pl\\\/wp-content\\\/uploads\\\/2021\\\/06\\\/Logo-WSS-DUZE-transparentne.png\",\"width\":4210,\"height\":2975,\"caption\":\"Wojew\u00f3dzki Szpital Specjalistyczny im. \u015aw. Rafa\u0142a w Czerwonej G\u00f3rze\"},\"image\":{\"@id\":\"https:\\\/\\\/czerwonagora.pl\\\/#\\\/schema\\\/logo\\\/image\\\/\"},\"sameAs\":[\"https:\\\/\\\/www.facebook.com\\\/SzpitalCzerwonaGora\\\/\"]}]}<\/script>\n<!-- \/ Yoast SEO plugin. -->","yoast_head_json":{"title":"Stanowisko ds. Ochrony Przeciwpo\u017carowej - Wojew\u00f3dzki Szpital Specjalistyczny im. \u015aw. Rafa\u0142a w Czerwonej G\u00f3rze","robots":{"index":"index","follow":"follow","max-snippet":"max-snippet:-1","max-image-preview":"max-image-preview:large","max-video-preview":"max-video-preview:-1"},"canonical":"https:\/\/czerwonagora.pl\/index.php\/stanowisko-ds-ochrony-przeciwpozarowej\/","og_locale":"pl_PL","og_type":"article","og_title":"Stanowisko ds. Ochrony Przeciwpo\u017carowej - Wojew\u00f3dzki Szpital Specjalistyczny im. \u015aw. Rafa\u0142a w Czerwonej G\u00f3rze","og_description":"Marta Masternak Stanowisko ds. ochrony przeciwpo\u017carowej Profil kom\u00f3rki: 1. Stanowisko ds. ochrony przeciwpo\u017carowej podlega bezpo\u015brednio Dyrektorowi Szpitala.2. Do zada\u0144 osoby zatrudnionej na stanowisku ds. ochrony przeciwpo\u017carowej nale\u017cy: Nadz\u00f3r i kontrola nad przestrzeganiem przepis\u00f3w o bezpiecze\u0144stwie przeciwpo\u017carowym w jednostkach organizacyjnych wchodz\u0105cych w sk\u0142ad Wojew\u00f3dzkiego Szpitala Specjalistycznego im. \u015bw. Rafa\u0142a w Czerwonej G\u00f3rze. Udzia\u0142 w kontrolach prowadzonych [&hellip;]","og_url":"https:\/\/czerwonagora.pl\/index.php\/stanowisko-ds-ochrony-przeciwpozarowej\/","og_site_name":"Wojew\u00f3dzki Szpital Specjalistyczny im. \u015aw. Rafa\u0142a w Czerwonej G\u00f3rze","article_publisher":"https:\/\/www.facebook.com\/SzpitalCzerwonaGora\/","article_modified_time":"2025-05-26T07:10:54+00:00","og_image":[{"width":180,"height":223,"url":"https:\/\/czerwonagora.pl\/wp-content\/uploads\/2021\/06\/woman_adm-ikona.png","type":"image\/png"}],"twitter_card":"summary_large_image","twitter_misc":{"Szacowany czas czytania":"3 minuty"},"schema":{"@context":"https:\/\/schema.org","@graph":[{"@type":"WebPage","@id":"https:\/\/czerwonagora.pl\/index.php\/stanowisko-ds-ochrony-przeciwpozarowej\/","url":"https:\/\/czerwonagora.pl\/index.php\/stanowisko-ds-ochrony-przeciwpozarowej\/","name":"Stanowisko ds. Ochrony Przeciwpo\u017carowej - Wojew\u00f3dzki Szpital Specjalistyczny im. \u015aw. Rafa\u0142a w Czerwonej G\u00f3rze","isPartOf":{"@id":"https:\/\/czerwonagora.pl\/#website"},"primaryImageOfPage":{"@id":"https:\/\/czerwonagora.pl\/index.php\/stanowisko-ds-ochrony-przeciwpozarowej\/#primaryimage"},"image":{"@id":"https:\/\/czerwonagora.pl\/index.php\/stanowisko-ds-ochrony-przeciwpozarowej\/#primaryimage"},"thumbnailUrl":"https:\/\/czerwonagora.pl\/wp-content\/uploads\/2021\/06\/woman_adm-ikona.png","datePublished":"2021-06-28T06:08:17+00:00","dateModified":"2025-05-26T07:10:54+00:00","breadcrumb":{"@id":"https:\/\/czerwonagora.pl\/index.php\/stanowisko-ds-ochrony-przeciwpozarowej\/#breadcrumb"},"inLanguage":"pl-PL","potentialAction":[{"@type":"ReadAction","target":["https:\/\/czerwonagora.pl\/index.php\/stanowisko-ds-ochrony-przeciwpozarowej\/"]}]},{"@type":"ImageObject","inLanguage":"pl-PL","@id":"https:\/\/czerwonagora.pl\/index.php\/stanowisko-ds-ochrony-przeciwpozarowej\/#primaryimage","url":"https:\/\/czerwonagora.pl\/wp-content\/uploads\/2021\/06\/woman_adm-ikona.png","contentUrl":"https:\/\/czerwonagora.pl\/wp-content\/uploads\/2021\/06\/woman_adm-ikona.png","width":180,"height":223,"caption":"t\u0142o koloru zielone z sylwetk\u0105 kobiety ubran\u0105 w ubranie wizytowe koloru niebieskiego"},{"@type":"BreadcrumbList","@id":"https:\/\/czerwonagora.pl\/index.php\/stanowisko-ds-ochrony-przeciwpozarowej\/#breadcrumb","itemListElement":[{"@type":"ListItem","position":1,"name":"Strona g\u0142\u00f3wna","item":"https:\/\/czerwonagora.pl\/"},{"@type":"ListItem","position":2,"name":"Stanowisko ds. Ochrony Przeciwpo\u017carowej"}]},{"@type":"WebSite","@id":"https:\/\/czerwonagora.pl\/#website","url":"https:\/\/czerwonagora.pl\/","name":"Wojew\u00f3dzki Szpital Specjalistyczny im. \u015aw. Rafa\u0142a w Czerwonej G\u00f3rze","description":"Wojew\u00f3dzki Szpital Specjalistyczny im. \u015aw. Rafa\u0142a w Czerwonej G\u00f3rze","publisher":{"@id":"https:\/\/czerwonagora.pl\/#organization"},"potentialAction":[{"@type":"SearchAction","target":{"@type":"EntryPoint","urlTemplate":"https:\/\/czerwonagora.pl\/?s={search_term_string}"},"query-input":{"@type":"PropertyValueSpecification","valueRequired":true,"valueName":"search_term_string"}}],"inLanguage":"pl-PL"},{"@type":"Organization","@id":"https:\/\/czerwonagora.pl\/#organization","name":"Wojew\u00f3dzki Szpital Specjalistyczny im. \u015aw. Rafa\u0142a w Czerwonej G\u00f3rze","url":"https:\/\/czerwonagora.pl\/","logo":{"@type":"ImageObject","inLanguage":"pl-PL","@id":"https:\/\/czerwonagora.pl\/#\/schema\/logo\/image\/","url":"https:\/\/czerwonagora.pl\/wp-content\/uploads\/2021\/06\/Logo-WSS-DUZE-transparentne.png","contentUrl":"https:\/\/czerwonagora.pl\/wp-content\/uploads\/2021\/06\/Logo-WSS-DUZE-transparentne.png","width":4210,"height":2975,"caption":"Wojew\u00f3dzki Szpital Specjalistyczny im. \u015aw. Rafa\u0142a w Czerwonej G\u00f3rze"},"image":{"@id":"https:\/\/czerwonagora.pl\/#\/schema\/logo\/image\/"},"sameAs":["https:\/\/www.facebook.com\/SzpitalCzerwonaGora\/"]}]}},"publishpress_future_action":{"enabled":false,"date":"2026-04-20 09:14:14","action":"change-status","newStatus":"draft","terms":[],"taxonomy":"","extraData":[]},"publishpress_future_workflow_manual_trigger":{"enabledWorkflows":[]},"_links":{"self":[{"href":"https:\/\/czerwonagora.pl\/index.php\/wp-json\/wp\/v2\/pages\/6279","targetHints":{"allow":["GET"]}}],"collection":[{"href":"https:\/\/czerwonagora.pl\/index.php\/wp-json\/wp\/v2\/pages"}],"about":[{"href":"https:\/\/czerwonagora.pl\/index.php\/wp-json\/wp\/v2\/types\/page"}],"author":[{"embeddable":true,"href":"https:\/\/czerwonagora.pl\/index.php\/wp-json\/wp\/v2\/users\/4"}],"replies":[{"embeddable":true,"href":"https:\/\/czerwonagora.pl\/index.php\/wp-json\/wp\/v2\/comments?post=6279"}],"version-history":[{"count":43,"href":"https:\/\/czerwonagora.pl\/index.php\/wp-json\/wp\/v2\/pages\/6279\/revisions"}],"predecessor-version":[{"id":27993,"href":"https:\/\/czerwonagora.pl\/index.php\/wp-json\/wp\/v2\/pages\/6279\/revisions\/27993"}],"wp:attachment":[{"href":"https:\/\/czerwonagora.pl\/index.php\/wp-json\/wp\/v2\/media?parent=6279"}],"curies":[{"name":"wp","href":"https:\/\/api.w.org\/{rel}","templated":true}]}}