{"id":6290,"date":"2021-06-28T08:12:33","date_gmt":"2021-06-28T06:12:33","guid":{"rendered":"https:\/\/czerwonagora.pl\/?page_id=6290"},"modified":"2025-03-28T12:19:14","modified_gmt":"2025-03-28T11:19:14","slug":"pelnomocnik-ds-systemu-zarzadzania-jakoscia","status":"publish","type":"page","link":"https:\/\/czerwonagora.pl\/index.php\/pelnomocnik-ds-systemu-zarzadzania-jakoscia\/","title":{"rendered":"Sekcja ds. jako\u015bci"},"content":{"rendered":"\t\t<div data-elementor-type=\"wp-page\" data-elementor-id=\"6290\" class=\"elementor elementor-6290\">\n\t\t\t\t\t\t<section class=\"elementor-section elementor-top-section elementor-element elementor-element-1d67f371 elementor-section-stretched elementor-section-boxed elementor-section-height-default elementor-section-height-default elementor-invisible\" data-id=\"1d67f371\" data-element_type=\"section\" data-e-type=\"section\" data-settings=\"{&quot;stretch_section&quot;:&quot;section-stretched&quot;,&quot;animation&quot;:&quot;fadeIn&quot;,&quot;animation_delay&quot;:200}\">\n\t\t\t\t\t\t\t<div class=\"elementor-background-overlay\"><\/div>\n\t\t\t\t\t\t\t<div class=\"elementor-container elementor-column-gap-no\">\n\t\t\t\t\t<div class=\"elementor-column elementor-col-100 elementor-top-column elementor-element elementor-element-2302e492\" data-id=\"2302e492\" data-element_type=\"column\" data-e-type=\"column\">\n\t\t\t<div class=\"elementor-widget-wrap elementor-element-populated\">\n\t\t\t\t\t\t<div class=\"elementor-element elementor-element-8f4b5a8 elementor-position-top elementor-invisible elementor-widget elementor-widget-image-box\" data-id=\"8f4b5a8\" data-element_type=\"widget\" data-e-type=\"widget\" data-settings=\"{&quot;_animation&quot;:&quot;fadeIn&quot;}\" data-widget_type=\"image-box.default\">\n\t\t\t\t<div class=\"elementor-widget-container\">\n\t\t\t\t\t<div class=\"elementor-image-box-wrapper\"><figure class=\"elementor-image-box-img\"><img decoding=\"async\" width=\"180\" height=\"223\" src=\"https:\/\/czerwonagora.pl\/wp-content\/uploads\/2021\/06\/woman_adm-ikona.png\" class=\"attachment-full size-full wp-image-7903\" alt=\"t\u0142o koloru zielone z sylwetk\u0105 kobiety ubran\u0105 w ubranie wizytowe koloru niebieskiego\" \/><\/figure><div class=\"elementor-image-box-content\"><p class=\"elementor-image-box-description\">Sekcja ds. jako\u015bci<\/p><\/div><\/div>\t\t\t\t<\/div>\n\t\t\t\t<\/div>\n\t\t\t\t<div class=\"elementor-element elementor-element-644b92c5 elementor-widget-divider--view-line elementor-widget elementor-widget-divider\" data-id=\"644b92c5\" data-element_type=\"widget\" data-e-type=\"widget\" data-widget_type=\"divider.default\">\n\t\t\t\t<div class=\"elementor-widget-container\">\n\t\t\t\t\t\t\t<div class=\"elementor-divider\">\n\t\t\t<span class=\"elementor-divider-separator\">\n\t\t\t\t\t\t<\/span>\n\t\t<\/div>\n\t\t\t\t\t\t<\/div>\n\t\t\t\t<\/div>\n\t\t\t\t\t<\/div>\n\t\t<\/div>\n\t\t\t\t\t<\/div>\n\t\t<\/section>\n\t\t\t\t<section class=\"elementor-section elementor-top-section elementor-element elementor-element-734576c3 elementor-section-stretched elementor-section-boxed elementor-section-height-default elementor-section-height-default\" data-id=\"734576c3\" data-element_type=\"section\" data-e-type=\"section\" data-settings=\"{&quot;stretch_section&quot;:&quot;section-stretched&quot;}\">\n\t\t\t\t\t\t<div class=\"elementor-container elementor-column-gap-default\">\n\t\t\t\t\t<div class=\"elementor-column elementor-col-66 elementor-top-column elementor-element elementor-element-69acc409\" data-id=\"69acc409\" data-element_type=\"column\" data-e-type=\"column\">\n\t\t\t<div class=\"elementor-widget-wrap elementor-element-populated\">\n\t\t\t\t\t\t<div class=\"elementor-element elementor-element-393e953f elementor-widget elementor-widget-text-editor\" data-id=\"393e953f\" data-element_type=\"widget\" data-e-type=\"widget\" data-widget_type=\"text-editor.default\">\n\t\t\t\t<div class=\"elementor-widget-container\">\n\t\t\t\t\t\t\t\t\t<p><strong>Profil kom\u00f3rki<\/strong><\/p><p><strong>Do zada\u0144 Sekcji ds. Jako\u015bci nale\u017cy:<\/strong><\/p><ul><li>wspieranie Dyrektora w realizacji i komunikacji polityki jako\u015bci firmy,<\/li><li>koordynowanie ustalania cel\u00f3w jako\u015bci, opracowanie i uaktualnianie planu zarz\u0105dzania jako\u015bci\u0105 w uzgodnieniu z Dyrekcj\u0105,<\/li><li>organizowanie pracy zespo\u0142\u00f3w, komisji i komitet\u00f3w dzia\u0142aj\u0105cych w WSS,<\/li><li>przeprowadzanie test\u00f3w dotycz\u0105cych wymaga\u0144 jako\u015bciowych\u00a0 przyj\u0119tych normami i polityk\u0105 jako\u015bci firmy,<\/li><li>decydowanie o sposobach i metodach pomiaru wska\u017anik\u00f3w jako\u015bciowych,<\/li><li>organizacja szkole\u0144 w zakresie zarz\u0105dzania jako\u015bci\u0105,<\/li><li>opracowywanie raport\u00f3w dotycz\u0105cych skuteczno\u015bci systemu zarz\u0105dzania jako\u015bci\u0105,<\/li><li>wsp\u00f3\u0142praca z innymi kom\u00f3rkami WSS przy opracowaniu procedur, instrukcji, zarz\u0105dze\u0144 dotycz\u0105cych zapewnieniu jako\u015bci,<\/li><li>doradzanie w zakresie doskonalenia zarz\u0105dzania,<\/li><li>utrzymanie kontakt\u00f3w z instytucjami normalizacyjnymi i certyfikuj\u0105cymi w sprawach dotycz\u0105cych systemu jako\u015bci,<\/li><li>prowadzenie dokumentacji systemu zarz\u0105dzania jako\u015bci\u0105 zgodnie z przyj\u0119tymi normami,<\/li><li>nadzorowanie procesu certyfikacji systemu zarz\u0105dzania jako\u015bci\u0105,<\/li><li>pomoc innym kierownikom kom\u00f3rek organizacyjnych firmy w ustanowieniu i utrzymaniu systemu zarz\u0105dzania jako\u015bci\u0105 w ich obszarze odpowiedzialno\u015bci menad\u017cerskiej,<\/li><li>utrzymanie przyznanych certyfikat\u00f3w system\u00f3w zarz\u0105dzania jako\u015bci\u0105, rozszerzanie ich przedmiotu lub zestawu spe\u0142nianych wymaga\u0144,<\/li><li>bezpo\u015bredni nadz\u00f3r nad dokumentami i zapisami systemowymi obowi\u0105zuj\u0105cymi w Szpitalu,<\/li><li>wprowadzanie zmian do dokument\u00f3w systemowych,<\/li><li>organizacja i nadz\u00f3r nad badaniami satysfakcji pacjenta i personelu,<\/li><li>utrzymanie i doskonalenie systemu rejestracji i przeprowadzania analiz dotycz\u0105cych zdarze\u0144 niepo\u017c\u0105danych wyst\u0119puj\u0105cych w zak\u0142adzie,<\/li><li>nadzorowanie realizacji obowi\u0105zuj\u0105cych standard\u00f3w i procedur.<\/li><\/ul><p>Sekcja ds. Jako\u015bci wsp\u00f3\u0142pracuje ze wszystkimi kom\u00f3rkami organizacyjnymi WSS. Sekcja ds. Jako\u015bci podlega s\u0142u\u017cbowo bezpo\u015brednio Dyrektorowi WSS.<\/p>\t\t\t\t\t\t\t\t<\/div>\n\t\t\t\t<\/div>\n\t\t\t\t\t<\/div>\n\t\t<\/div>\n\t\t\t\t<div class=\"elementor-column elementor-col-33 elementor-top-column elementor-element elementor-element-7f2d326b\" data-id=\"7f2d326b\" data-element_type=\"column\" data-e-type=\"column\" data-settings=\"{&quot;background_background&quot;:&quot;classic&quot;}\">\n\t\t\t<div class=\"elementor-widget-wrap elementor-element-populated\">\n\t\t\t\t\t\t<div class=\"elementor-element elementor-element-433ae625 elementor-view-default elementor-widget elementor-widget-icon\" data-id=\"433ae625\" data-element_type=\"widget\" data-e-type=\"widget\" data-widget_type=\"icon.default\">\n\t\t\t\t<div class=\"elementor-widget-container\">\n\t\t\t\t\t\t\t<div class=\"elementor-icon-wrapper\">\n\t\t\t<div class=\"elementor-icon\">\n\t\t\t<i aria-hidden=\"true\" class=\"fas fa-phone-square\"><\/i>\t\t\t<\/div>\n\t\t<\/div>\n\t\t\t\t\t\t<\/div>\n\t\t\t\t<\/div>\n\t\t\t\t<div class=\"elementor-element elementor-element-5005836d elementor-widget elementor-widget-text-editor\" data-id=\"5005836d\" data-element_type=\"widget\" data-e-type=\"widget\" data-widget_type=\"text-editor.default\">\n\t\t\t\t<div class=\"elementor-widget-container\">\n\t\t\t\t\t\t\t\t\t<div class=\"sppb-col-md-4\"><div id=\"column-id-1509352705931\" class=\"sppb-column\"><div class=\"sppb-column-addons\"><div id=\"sppb-addon-1509352705934\" class=\"clearfix\"><div class=\"sppb-addon sppb-addon-text-block sppb-text-left \"><div class=\"sppb-addon-content\"><p><strong>Lokalizacja Budynek D, II pi\u0119tro<\/strong><\/p><p><strong>Numery bezpo\u015brednie: <br \/><\/strong><\/p><p><strong>Szpital: <\/strong>+48 (41) 34 655 45 do 48<\/p><p><strong>Numery wewn\u0119trzne:<\/strong><\/p><p>Sekcja ds. Jako\u015bci &#8211; wew. <strong>173<br \/><\/strong><\/p><p><strong>e-mail<\/strong>: dj@czerwonagora.pl<\/p><\/div><\/div><\/div><\/div><\/div><\/div>\t\t\t\t\t\t\t\t<\/div>\n\t\t\t\t<\/div>\n\t\t\t\t\t<\/div>\n\t\t<\/div>\n\t\t\t\t\t<\/div>\n\t\t<\/section>\n\t\t\t\t<section class=\"elementor-section elementor-top-section elementor-element elementor-element-5b6df8c0 elementor-section-stretched elementor-section-boxed elementor-section-height-default elementor-section-height-default\" data-id=\"5b6df8c0\" data-element_type=\"section\" data-e-type=\"section\" data-settings=\"{&quot;background_background&quot;:&quot;classic&quot;,&quot;stretch_section&quot;:&quot;section-stretched&quot;}\">\n\t\t\t\t\t\t<div class=\"elementor-container elementor-column-gap-default\">\n\t\t\t\t\t<div class=\"elementor-column elementor-col-25 elementor-top-column elementor-element elementor-element-32220ba5\" data-id=\"32220ba5\" data-element_type=\"column\" data-e-type=\"column\">\n\t\t\t<div class=\"elementor-widget-wrap elementor-element-populated\">\n\t\t\t\t\t\t<div class=\"elementor-element elementor-element-3f201249 elementor-view-default elementor-widget elementor-widget-icon\" data-id=\"3f201249\" data-element_type=\"widget\" data-e-type=\"widget\" data-widget_type=\"icon.default\">\n\t\t\t\t<div class=\"elementor-widget-container\">\n\t\t\t\t\t\t\t<div class=\"elementor-icon-wrapper\">\n\t\t\t<div class=\"elementor-icon\">\n\t\t\t<i aria-hidden=\"true\" class=\"far fa-file-pdf\"><\/i>\t\t\t<\/div>\n\t\t<\/div>\n\t\t\t\t\t\t<\/div>\n\t\t\t\t<\/div>\n\t\t\t\t\t<\/div>\n\t\t<\/div>\n\t\t\t\t<div class=\"elementor-column elementor-col-50 elementor-top-column elementor-element elementor-element-4f3fb499\" data-id=\"4f3fb499\" data-element_type=\"column\" data-e-type=\"column\">\n\t\t\t<div class=\"elementor-widget-wrap elementor-element-populated\">\n\t\t\t\t\t\t<div class=\"elementor-element elementor-element-8d6b9f8 elementor-widget elementor-widget-text-editor\" data-id=\"8d6b9f8\" data-element_type=\"widget\" data-e-type=\"widget\" data-widget_type=\"text-editor.default\">\n\t\t\t\t<div class=\"elementor-widget-container\">\n\t\t\t\t\t\t\t\t\t<p>Polityka jako\u015bci<\/p>\t\t\t\t\t\t\t\t<\/div>\n\t\t\t\t<\/div>\n\t\t\t\t\t<\/div>\n\t\t<\/div>\n\t\t\t\t<div class=\"elementor-column elementor-col-25 elementor-top-column elementor-element elementor-element-541c4663\" data-id=\"541c4663\" data-element_type=\"column\" data-e-type=\"column\">\n\t\t\t<div class=\"elementor-widget-wrap elementor-element-populated\">\n\t\t\t\t\t\t<div class=\"elementor-element elementor-element-5d1b8a25 elementor-widget elementor-widget-button\" data-id=\"5d1b8a25\" data-element_type=\"widget\" data-e-type=\"widget\" data-widget_type=\"button.default\">\n\t\t\t\t<div class=\"elementor-widget-container\">\n\t\t\t\t\t\t\t\t\t<div class=\"elementor-button-wrapper\">\n\t\t\t\t\t<a class=\"elementor-button elementor-button-link elementor-size-sm elementor-animation-grow\" href=\"https:\/\/czerwonagora.pl\/wp-content\/uploads\/2021\/06\/10-Polityka-Jakoci-22.05.2018-1.jpg\">\n\t\t\t\t\t\t<span class=\"elementor-button-content-wrapper\">\n\t\t\t\t\t\t\t\t\t<span class=\"elementor-button-text\">Pobierz<\/span>\n\t\t\t\t\t<\/span>\n\t\t\t\t\t<\/a>\n\t\t\t\t<\/div>\n\t\t\t\t\t\t\t\t<\/div>\n\t\t\t\t<\/div>\n\t\t\t\t\t<\/div>\n\t\t<\/div>\n\t\t\t\t\t<\/div>\n\t\t<\/section>\n\t\t\t\t<\/div>\n\t\t","protected":false},"excerpt":{"rendered":"<p>Sekcja ds. jako\u015bci Profil kom\u00f3rki Do zada\u0144 Sekcji ds. Jako\u015bci nale\u017cy: wspieranie Dyrektora w realizacji i komunikacji polityki jako\u015bci firmy, koordynowanie ustalania cel\u00f3w jako\u015bci, opracowanie i uaktualnianie planu zarz\u0105dzania jako\u015bci\u0105 w uzgodnieniu z Dyrekcj\u0105, organizowanie pracy zespo\u0142\u00f3w, komisji i komitet\u00f3w dzia\u0142aj\u0105cych w WSS, przeprowadzanie test\u00f3w dotycz\u0105cych wymaga\u0144 jako\u015bciowych\u00a0 przyj\u0119tych normami i polityk\u0105 jako\u015bci firmy, decydowanie [&hellip;]<\/p>\n","protected":false},"author":4,"featured_media":0,"parent":0,"menu_order":0,"comment_status":"closed","ping_status":"closed","template":"","meta":{"zakra_page_container_layout":"customizer","zakra_page_sidebar_layout":"customizer","zakra_remove_content_margin":false,"zakra_sidebar":"customizer","zakra_transparent_header":"customizer","zakra_logo":0,"zakra_main_header_style":"default","zakra_menu_item_color":"","zakra_menu_item_hover_color":"","zakra_menu_item_active_color":"","zakra_menu_active_style":"","zakra_page_header":true,"footnotes":""},"class_list":["post-6290","page","type-page","status-publish","hentry"],"yoast_head":"<!-- This site is optimized with the Yoast SEO plugin v27.3 - https:\/\/yoast.com\/product\/yoast-seo-wordpress\/ -->\n<title>Sekcja ds. jako\u015bci - Wojew\u00f3dzki Szpital Specjalistyczny im. \u015aw. Rafa\u0142a w Czerwonej G\u00f3rze<\/title>\n<meta name=\"robots\" content=\"index, follow, max-snippet:-1, max-image-preview:large, max-video-preview:-1\" \/>\n<link rel=\"canonical\" href=\"https:\/\/czerwonagora.pl\/index.php\/pelnomocnik-ds-systemu-zarzadzania-jakoscia\/\" \/>\n<meta property=\"og:locale\" content=\"pl_PL\" \/>\n<meta property=\"og:type\" content=\"article\" \/>\n<meta property=\"og:title\" content=\"Sekcja ds. jako\u015bci - Wojew\u00f3dzki Szpital Specjalistyczny im. \u015aw. Rafa\u0142a w Czerwonej G\u00f3rze\" \/>\n<meta property=\"og:description\" content=\"Sekcja ds. jako\u015bci Profil kom\u00f3rki Do zada\u0144 Sekcji ds. Jako\u015bci nale\u017cy: wspieranie Dyrektora w realizacji i komunikacji polityki jako\u015bci firmy, koordynowanie ustalania cel\u00f3w jako\u015bci, opracowanie i uaktualnianie planu zarz\u0105dzania jako\u015bci\u0105 w uzgodnieniu z Dyrekcj\u0105, organizowanie pracy zespo\u0142\u00f3w, komisji i komitet\u00f3w dzia\u0142aj\u0105cych w WSS, przeprowadzanie test\u00f3w dotycz\u0105cych wymaga\u0144 jako\u015bciowych\u00a0 przyj\u0119tych normami i polityk\u0105 jako\u015bci firmy, decydowanie [&hellip;]\" \/>\n<meta property=\"og:url\" content=\"https:\/\/czerwonagora.pl\/index.php\/pelnomocnik-ds-systemu-zarzadzania-jakoscia\/\" \/>\n<meta property=\"og:site_name\" content=\"Wojew\u00f3dzki Szpital Specjalistyczny im. \u015aw. Rafa\u0142a w Czerwonej G\u00f3rze\" \/>\n<meta property=\"article:publisher\" content=\"https:\/\/www.facebook.com\/SzpitalCzerwonaGora\/\" \/>\n<meta property=\"article:modified_time\" content=\"2025-03-28T11:19:14+00:00\" \/>\n<meta property=\"og:image\" content=\"https:\/\/czerwonagora.pl\/wp-content\/uploads\/2021\/06\/woman_adm-ikona.png\" \/>\n\t<meta property=\"og:image:width\" content=\"180\" \/>\n\t<meta property=\"og:image:height\" content=\"223\" \/>\n\t<meta property=\"og:image:type\" content=\"image\/png\" \/>\n<meta name=\"twitter:card\" content=\"summary_large_image\" \/>\n<meta name=\"twitter:label1\" content=\"Szacowany czas czytania\" \/>\n\t<meta name=\"twitter:data1\" content=\"2 minuty\" \/>\n<script type=\"application\/ld+json\" class=\"yoast-schema-graph\">{\"@context\":\"https:\\\/\\\/schema.org\",\"@graph\":[{\"@type\":\"WebPage\",\"@id\":\"https:\\\/\\\/czerwonagora.pl\\\/index.php\\\/pelnomocnik-ds-systemu-zarzadzania-jakoscia\\\/\",\"url\":\"https:\\\/\\\/czerwonagora.pl\\\/index.php\\\/pelnomocnik-ds-systemu-zarzadzania-jakoscia\\\/\",\"name\":\"Sekcja ds. jako\u015bci - Wojew\u00f3dzki Szpital Specjalistyczny im. \u015aw. Rafa\u0142a w Czerwonej G\u00f3rze\",\"isPartOf\":{\"@id\":\"https:\\\/\\\/czerwonagora.pl\\\/#website\"},\"primaryImageOfPage\":{\"@id\":\"https:\\\/\\\/czerwonagora.pl\\\/index.php\\\/pelnomocnik-ds-systemu-zarzadzania-jakoscia\\\/#primaryimage\"},\"image\":{\"@id\":\"https:\\\/\\\/czerwonagora.pl\\\/index.php\\\/pelnomocnik-ds-systemu-zarzadzania-jakoscia\\\/#primaryimage\"},\"thumbnailUrl\":\"https:\\\/\\\/czerwonagora.pl\\\/wp-content\\\/uploads\\\/2021\\\/06\\\/woman_adm-ikona.png\",\"datePublished\":\"2021-06-28T06:12:33+00:00\",\"dateModified\":\"2025-03-28T11:19:14+00:00\",\"breadcrumb\":{\"@id\":\"https:\\\/\\\/czerwonagora.pl\\\/index.php\\\/pelnomocnik-ds-systemu-zarzadzania-jakoscia\\\/#breadcrumb\"},\"inLanguage\":\"pl-PL\",\"potentialAction\":[{\"@type\":\"ReadAction\",\"target\":[\"https:\\\/\\\/czerwonagora.pl\\\/index.php\\\/pelnomocnik-ds-systemu-zarzadzania-jakoscia\\\/\"]}]},{\"@type\":\"ImageObject\",\"inLanguage\":\"pl-PL\",\"@id\":\"https:\\\/\\\/czerwonagora.pl\\\/index.php\\\/pelnomocnik-ds-systemu-zarzadzania-jakoscia\\\/#primaryimage\",\"url\":\"https:\\\/\\\/czerwonagora.pl\\\/wp-content\\\/uploads\\\/2021\\\/06\\\/woman_adm-ikona.png\",\"contentUrl\":\"https:\\\/\\\/czerwonagora.pl\\\/wp-content\\\/uploads\\\/2021\\\/06\\\/woman_adm-ikona.png\",\"width\":180,\"height\":223,\"caption\":\"t\u0142o koloru zielone z sylwetk\u0105 kobiety ubran\u0105 w ubranie wizytowe koloru niebieskiego\"},{\"@type\":\"BreadcrumbList\",\"@id\":\"https:\\\/\\\/czerwonagora.pl\\\/index.php\\\/pelnomocnik-ds-systemu-zarzadzania-jakoscia\\\/#breadcrumb\",\"itemListElement\":[{\"@type\":\"ListItem\",\"position\":1,\"name\":\"Strona g\u0142\u00f3wna\",\"item\":\"https:\\\/\\\/czerwonagora.pl\\\/\"},{\"@type\":\"ListItem\",\"position\":2,\"name\":\"Sekcja ds. jako\u015bci\"}]},{\"@type\":\"WebSite\",\"@id\":\"https:\\\/\\\/czerwonagora.pl\\\/#website\",\"url\":\"https:\\\/\\\/czerwonagora.pl\\\/\",\"name\":\"Wojew\u00f3dzki Szpital Specjalistyczny im. \u015aw. Rafa\u0142a w Czerwonej G\u00f3rze\",\"description\":\"Wojew\u00f3dzki Szpital Specjalistyczny im. \u015aw. Rafa\u0142a w Czerwonej G\u00f3rze\",\"publisher\":{\"@id\":\"https:\\\/\\\/czerwonagora.pl\\\/#organization\"},\"potentialAction\":[{\"@type\":\"SearchAction\",\"target\":{\"@type\":\"EntryPoint\",\"urlTemplate\":\"https:\\\/\\\/czerwonagora.pl\\\/?s={search_term_string}\"},\"query-input\":{\"@type\":\"PropertyValueSpecification\",\"valueRequired\":true,\"valueName\":\"search_term_string\"}}],\"inLanguage\":\"pl-PL\"},{\"@type\":\"Organization\",\"@id\":\"https:\\\/\\\/czerwonagora.pl\\\/#organization\",\"name\":\"Wojew\u00f3dzki Szpital Specjalistyczny im. \u015aw. Rafa\u0142a w Czerwonej G\u00f3rze\",\"url\":\"https:\\\/\\\/czerwonagora.pl\\\/\",\"logo\":{\"@type\":\"ImageObject\",\"inLanguage\":\"pl-PL\",\"@id\":\"https:\\\/\\\/czerwonagora.pl\\\/#\\\/schema\\\/logo\\\/image\\\/\",\"url\":\"https:\\\/\\\/czerwonagora.pl\\\/wp-content\\\/uploads\\\/2021\\\/06\\\/Logo-WSS-DUZE-transparentne.png\",\"contentUrl\":\"https:\\\/\\\/czerwonagora.pl\\\/wp-content\\\/uploads\\\/2021\\\/06\\\/Logo-WSS-DUZE-transparentne.png\",\"width\":4210,\"height\":2975,\"caption\":\"Wojew\u00f3dzki Szpital Specjalistyczny im. \u015aw. Rafa\u0142a w Czerwonej G\u00f3rze\"},\"image\":{\"@id\":\"https:\\\/\\\/czerwonagora.pl\\\/#\\\/schema\\\/logo\\\/image\\\/\"},\"sameAs\":[\"https:\\\/\\\/www.facebook.com\\\/SzpitalCzerwonaGora\\\/\"]}]}<\/script>\n<!-- \/ Yoast SEO plugin. -->","yoast_head_json":{"title":"Sekcja ds. jako\u015bci - Wojew\u00f3dzki Szpital Specjalistyczny im. \u015aw. Rafa\u0142a w Czerwonej G\u00f3rze","robots":{"index":"index","follow":"follow","max-snippet":"max-snippet:-1","max-image-preview":"max-image-preview:large","max-video-preview":"max-video-preview:-1"},"canonical":"https:\/\/czerwonagora.pl\/index.php\/pelnomocnik-ds-systemu-zarzadzania-jakoscia\/","og_locale":"pl_PL","og_type":"article","og_title":"Sekcja ds. jako\u015bci - Wojew\u00f3dzki Szpital Specjalistyczny im. \u015aw. Rafa\u0142a w Czerwonej G\u00f3rze","og_description":"Sekcja ds. jako\u015bci Profil kom\u00f3rki Do zada\u0144 Sekcji ds. Jako\u015bci nale\u017cy: wspieranie Dyrektora w realizacji i komunikacji polityki jako\u015bci firmy, koordynowanie ustalania cel\u00f3w jako\u015bci, opracowanie i uaktualnianie planu zarz\u0105dzania jako\u015bci\u0105 w uzgodnieniu z Dyrekcj\u0105, organizowanie pracy zespo\u0142\u00f3w, komisji i komitet\u00f3w dzia\u0142aj\u0105cych w WSS, przeprowadzanie test\u00f3w dotycz\u0105cych wymaga\u0144 jako\u015bciowych\u00a0 przyj\u0119tych normami i polityk\u0105 jako\u015bci firmy, decydowanie [&hellip;]","og_url":"https:\/\/czerwonagora.pl\/index.php\/pelnomocnik-ds-systemu-zarzadzania-jakoscia\/","og_site_name":"Wojew\u00f3dzki Szpital Specjalistyczny im. \u015aw. Rafa\u0142a w Czerwonej G\u00f3rze","article_publisher":"https:\/\/www.facebook.com\/SzpitalCzerwonaGora\/","article_modified_time":"2025-03-28T11:19:14+00:00","og_image":[{"width":180,"height":223,"url":"https:\/\/czerwonagora.pl\/wp-content\/uploads\/2021\/06\/woman_adm-ikona.png","type":"image\/png"}],"twitter_card":"summary_large_image","twitter_misc":{"Szacowany czas czytania":"2 minuty"},"schema":{"@context":"https:\/\/schema.org","@graph":[{"@type":"WebPage","@id":"https:\/\/czerwonagora.pl\/index.php\/pelnomocnik-ds-systemu-zarzadzania-jakoscia\/","url":"https:\/\/czerwonagora.pl\/index.php\/pelnomocnik-ds-systemu-zarzadzania-jakoscia\/","name":"Sekcja ds. jako\u015bci - Wojew\u00f3dzki Szpital Specjalistyczny im. \u015aw. Rafa\u0142a w Czerwonej G\u00f3rze","isPartOf":{"@id":"https:\/\/czerwonagora.pl\/#website"},"primaryImageOfPage":{"@id":"https:\/\/czerwonagora.pl\/index.php\/pelnomocnik-ds-systemu-zarzadzania-jakoscia\/#primaryimage"},"image":{"@id":"https:\/\/czerwonagora.pl\/index.php\/pelnomocnik-ds-systemu-zarzadzania-jakoscia\/#primaryimage"},"thumbnailUrl":"https:\/\/czerwonagora.pl\/wp-content\/uploads\/2021\/06\/woman_adm-ikona.png","datePublished":"2021-06-28T06:12:33+00:00","dateModified":"2025-03-28T11:19:14+00:00","breadcrumb":{"@id":"https:\/\/czerwonagora.pl\/index.php\/pelnomocnik-ds-systemu-zarzadzania-jakoscia\/#breadcrumb"},"inLanguage":"pl-PL","potentialAction":[{"@type":"ReadAction","target":["https:\/\/czerwonagora.pl\/index.php\/pelnomocnik-ds-systemu-zarzadzania-jakoscia\/"]}]},{"@type":"ImageObject","inLanguage":"pl-PL","@id":"https:\/\/czerwonagora.pl\/index.php\/pelnomocnik-ds-systemu-zarzadzania-jakoscia\/#primaryimage","url":"https:\/\/czerwonagora.pl\/wp-content\/uploads\/2021\/06\/woman_adm-ikona.png","contentUrl":"https:\/\/czerwonagora.pl\/wp-content\/uploads\/2021\/06\/woman_adm-ikona.png","width":180,"height":223,"caption":"t\u0142o koloru zielone z sylwetk\u0105 kobiety ubran\u0105 w ubranie wizytowe koloru niebieskiego"},{"@type":"BreadcrumbList","@id":"https:\/\/czerwonagora.pl\/index.php\/pelnomocnik-ds-systemu-zarzadzania-jakoscia\/#breadcrumb","itemListElement":[{"@type":"ListItem","position":1,"name":"Strona g\u0142\u00f3wna","item":"https:\/\/czerwonagora.pl\/"},{"@type":"ListItem","position":2,"name":"Sekcja ds. jako\u015bci"}]},{"@type":"WebSite","@id":"https:\/\/czerwonagora.pl\/#website","url":"https:\/\/czerwonagora.pl\/","name":"Wojew\u00f3dzki Szpital Specjalistyczny im. \u015aw. Rafa\u0142a w Czerwonej G\u00f3rze","description":"Wojew\u00f3dzki Szpital Specjalistyczny im. \u015aw. Rafa\u0142a w Czerwonej G\u00f3rze","publisher":{"@id":"https:\/\/czerwonagora.pl\/#organization"},"potentialAction":[{"@type":"SearchAction","target":{"@type":"EntryPoint","urlTemplate":"https:\/\/czerwonagora.pl\/?s={search_term_string}"},"query-input":{"@type":"PropertyValueSpecification","valueRequired":true,"valueName":"search_term_string"}}],"inLanguage":"pl-PL"},{"@type":"Organization","@id":"https:\/\/czerwonagora.pl\/#organization","name":"Wojew\u00f3dzki Szpital Specjalistyczny im. \u015aw. Rafa\u0142a w Czerwonej G\u00f3rze","url":"https:\/\/czerwonagora.pl\/","logo":{"@type":"ImageObject","inLanguage":"pl-PL","@id":"https:\/\/czerwonagora.pl\/#\/schema\/logo\/image\/","url":"https:\/\/czerwonagora.pl\/wp-content\/uploads\/2021\/06\/Logo-WSS-DUZE-transparentne.png","contentUrl":"https:\/\/czerwonagora.pl\/wp-content\/uploads\/2021\/06\/Logo-WSS-DUZE-transparentne.png","width":4210,"height":2975,"caption":"Wojew\u00f3dzki Szpital Specjalistyczny im. \u015aw. Rafa\u0142a w Czerwonej G\u00f3rze"},"image":{"@id":"https:\/\/czerwonagora.pl\/#\/schema\/logo\/image\/"},"sameAs":["https:\/\/www.facebook.com\/SzpitalCzerwonaGora\/"]}]}},"publishpress_future_action":{"enabled":false,"date":"2026-04-11 05:51:52","action":"change-status","newStatus":"draft","terms":[],"taxonomy":"","extraData":[]},"publishpress_future_workflow_manual_trigger":{"enabledWorkflows":[]},"_links":{"self":[{"href":"https:\/\/czerwonagora.pl\/index.php\/wp-json\/wp\/v2\/pages\/6290","targetHints":{"allow":["GET"]}}],"collection":[{"href":"https:\/\/czerwonagora.pl\/index.php\/wp-json\/wp\/v2\/pages"}],"about":[{"href":"https:\/\/czerwonagora.pl\/index.php\/wp-json\/wp\/v2\/types\/page"}],"author":[{"embeddable":true,"href":"https:\/\/czerwonagora.pl\/index.php\/wp-json\/wp\/v2\/users\/4"}],"replies":[{"embeddable":true,"href":"https:\/\/czerwonagora.pl\/index.php\/wp-json\/wp\/v2\/comments?post=6290"}],"version-history":[{"count":65,"href":"https:\/\/czerwonagora.pl\/index.php\/wp-json\/wp\/v2\/pages\/6290\/revisions"}],"predecessor-version":[{"id":27028,"href":"https:\/\/czerwonagora.pl\/index.php\/wp-json\/wp\/v2\/pages\/6290\/revisions\/27028"}],"wp:attachment":[{"href":"https:\/\/czerwonagora.pl\/index.php\/wp-json\/wp\/v2\/media?parent=6290"}],"curies":[{"name":"wp","href":"https:\/\/api.w.org\/{rel}","templated":true}]}}