{"id":6332,"date":"2021-06-28T08:24:15","date_gmt":"2021-06-28T06:24:15","guid":{"rendered":"https:\/\/czerwonagora.pl\/?page_id=6332"},"modified":"2025-04-01T07:26:03","modified_gmt":"2025-04-01T05:26:03","slug":"sekretariat","status":"publish","type":"page","link":"https:\/\/czerwonagora.pl\/index.php\/sekretariat\/","title":{"rendered":"Sekretariat"},"content":{"rendered":"\t\t<div data-elementor-type=\"wp-page\" data-elementor-id=\"6332\" class=\"elementor elementor-6332\">\n\t\t\t\t\t\t<section class=\"elementor-section elementor-top-section elementor-element elementor-element-215a1c92 elementor-section-stretched elementor-section-boxed elementor-section-height-default elementor-section-height-default elementor-invisible\" data-id=\"215a1c92\" data-element_type=\"section\" data-e-type=\"section\" data-settings=\"{&quot;stretch_section&quot;:&quot;section-stretched&quot;,&quot;animation&quot;:&quot;fadeIn&quot;,&quot;animation_delay&quot;:200}\">\n\t\t\t\t\t\t\t<div class=\"elementor-background-overlay\"><\/div>\n\t\t\t\t\t\t\t<div class=\"elementor-container elementor-column-gap-no\">\n\t\t\t\t\t<div class=\"elementor-column elementor-col-50 elementor-top-column elementor-element elementor-element-15b54a92\" data-id=\"15b54a92\" data-element_type=\"column\" data-e-type=\"column\">\n\t\t\t<div class=\"elementor-widget-wrap elementor-element-populated\">\n\t\t\t\t\t\t<div class=\"elementor-element elementor-element-21eef2ac elementor-position-top elementor-invisible elementor-widget elementor-widget-image-box\" data-id=\"21eef2ac\" data-element_type=\"widget\" data-e-type=\"widget\" data-settings=\"{&quot;_animation&quot;:&quot;fadeIn&quot;}\" data-widget_type=\"image-box.default\">\n\t\t\t\t<div class=\"elementor-widget-container\">\n\t\t\t\t\t<div class=\"elementor-image-box-wrapper\"><figure class=\"elementor-image-box-img\"><img decoding=\"async\" width=\"180\" height=\"223\" src=\"https:\/\/czerwonagora.pl\/wp-content\/uploads\/2021\/06\/woman_adm-ikona.png\" class=\"attachment-full size-full wp-image-7903\" alt=\"t\u0142o koloru zielone z sylwetk\u0105 kobiety ubran\u0105 w ubranie wizytowe koloru niebieskiego\" \/><\/figure><div class=\"elementor-image-box-content\"><h1 class=\"elementor-image-box-title\">Beata W\u0105cha\u0142a<\/h1><p class=\"elementor-image-box-description\">Sekretarka<\/p><\/div><\/div>\t\t\t\t<\/div>\n\t\t\t\t<\/div>\n\t\t\t\t<div class=\"elementor-element elementor-element-4e0f39a3 elementor-widget-divider--view-line elementor-widget elementor-widget-divider\" data-id=\"4e0f39a3\" data-element_type=\"widget\" data-e-type=\"widget\" data-widget_type=\"divider.default\">\n\t\t\t\t<div class=\"elementor-widget-container\">\n\t\t\t\t\t\t\t<div class=\"elementor-divider\">\n\t\t\t<span class=\"elementor-divider-separator\">\n\t\t\t\t\t\t<\/span>\n\t\t<\/div>\n\t\t\t\t\t\t<\/div>\n\t\t\t\t<\/div>\n\t\t\t\t\t<\/div>\n\t\t<\/div>\n\t\t\t\t<div class=\"elementor-column elementor-col-50 elementor-top-column elementor-element elementor-element-f5ce9c5\" data-id=\"f5ce9c5\" data-element_type=\"column\" data-e-type=\"column\">\n\t\t\t<div class=\"elementor-widget-wrap elementor-element-populated\">\n\t\t\t\t\t\t<div class=\"elementor-element elementor-element-d20a5e1 elementor-position-top elementor-invisible elementor-widget elementor-widget-image-box\" data-id=\"d20a5e1\" data-element_type=\"widget\" data-e-type=\"widget\" data-settings=\"{&quot;_animation&quot;:&quot;fadeIn&quot;}\" data-widget_type=\"image-box.default\">\n\t\t\t\t<div class=\"elementor-widget-container\">\n\t\t\t\t\t<div class=\"elementor-image-box-wrapper\"><figure class=\"elementor-image-box-img\"><img decoding=\"async\" width=\"180\" height=\"223\" src=\"https:\/\/czerwonagora.pl\/wp-content\/uploads\/2021\/06\/woman_adm-ikona.png\" class=\"attachment-full size-full wp-image-7903\" alt=\"t\u0142o koloru zielone z sylwetk\u0105 kobiety ubran\u0105 w ubranie wizytowe koloru niebieskiego\" \/><\/figure><div class=\"elementor-image-box-content\"><h1 class=\"elementor-image-box-title\">Ma\u0142gorzata \u015aled\u017a<\/h1><p class=\"elementor-image-box-description\">Sekretarka<\/p><\/div><\/div>\t\t\t\t<\/div>\n\t\t\t\t<\/div>\n\t\t\t\t<div class=\"elementor-element elementor-element-9eb8917 elementor-widget-divider--view-line elementor-widget elementor-widget-divider\" data-id=\"9eb8917\" data-element_type=\"widget\" data-e-type=\"widget\" data-widget_type=\"divider.default\">\n\t\t\t\t<div class=\"elementor-widget-container\">\n\t\t\t\t\t\t\t<div class=\"elementor-divider\">\n\t\t\t<span class=\"elementor-divider-separator\">\n\t\t\t\t\t\t<\/span>\n\t\t<\/div>\n\t\t\t\t\t\t<\/div>\n\t\t\t\t<\/div>\n\t\t\t\t\t<\/div>\n\t\t<\/div>\n\t\t\t\t\t<\/div>\n\t\t<\/section>\n\t\t\t\t<section class=\"elementor-section elementor-top-section elementor-element elementor-element-439f75c3 elementor-section-stretched elementor-section-boxed elementor-section-height-default elementor-section-height-default\" data-id=\"439f75c3\" data-element_type=\"section\" data-e-type=\"section\" data-settings=\"{&quot;stretch_section&quot;:&quot;section-stretched&quot;}\">\n\t\t\t\t\t\t<div class=\"elementor-container elementor-column-gap-default\">\n\t\t\t\t\t<div class=\"elementor-column elementor-col-66 elementor-top-column elementor-element elementor-element-707664e1\" data-id=\"707664e1\" data-element_type=\"column\" data-e-type=\"column\">\n\t\t\t<div class=\"elementor-widget-wrap elementor-element-populated\">\n\t\t\t\t\t\t<div class=\"elementor-element elementor-element-50dcf4d8 elementor-widget elementor-widget-text-editor\" data-id=\"50dcf4d8\" data-element_type=\"widget\" data-e-type=\"widget\" data-widget_type=\"text-editor.default\">\n\t\t\t\t<div class=\"elementor-widget-container\">\n\t\t\t\t\t\t\t\t\t<h4><strong>Profil kom\u00f3rki<\/strong><\/h4><p>Dzia\u0142 w strukturze szpitala, kt\u00f3rego pracownicy zajmuj\u0105 si\u0119 sprawami bie\u017c\u0105cymi. Praca zatrudnionych <br \/>w sekretariacie os\u00f3b polega na organizowaniu i u\u0142atwieniu kontakt\u00f3w pomi\u0119dzy zarz\u0105dzaj\u0105cym instytucj\u0105 z jednej strony a jej pracownikami, kontrahentami b\u0105d\u017a klientami z drugiej.<\/p><p>Do zada\u0144 osoby zatrudnionej w sekretariacie nale\u017cy przede wszystkim:<\/p><ul><li>prowadzenie terminarza spotka\u0144 Dyrektora,<\/li><li>prowadzenie rejestru korespondencji przychodz\u0105cej i wychodz\u0105cej ze Szpitala,<\/li><li>przyjmowanie i podzia\u0142 poczty dla poszczeg\u00f3lnych kom\u00f3rek organizacyjnych,<\/li><li>udzielanie informacji w sprawach przyj\u0119\u0107 interesant\u00f3w przez Dyrektora,<\/li><li>organizowanie i obs\u0142uga posiedze\u0144 zwo\u0142ywanych przez Dyrektora,<\/li><li>przechowywanie ksi\u0105\u017cek kontroli zewn\u0119trznych,<\/li><li>zawiadamianie o naradach, odprawach, konferencjach<\/li><li>nadz\u00f3r nad kontaktami telefonicznymi,<\/li><li>przechowywanie piecz\u0105tek,<\/li><li>przestrzeganie przepis\u00f3w bhp i p.po\u017c,<\/li><li>gromadzenie i przechowywanie przepis\u00f3w, instrukcji i wytycznych niezb\u0119dnych do wykonywania powierzonej w sekretariacie pracy,<\/li><li>szczeg\u00f3lna dba\u0142o\u015b\u0107 o ochron\u0119 danych osobowych pracownik\u00f3w i pacjent\u00f3w.<\/li><\/ul><p>Godziny pracy sekretariatu &#8211; od poniedzia\u0142ku do pi\u0105tku w godzinach: 7:00 &#8211; 14:35<\/p><p>Numer tel. bezpo\u015bredni: +48 (041) 346 55 45<\/p><p>Numer fax. +48 (041) 346 55 67\u00a0\u00a0\u00a0\u00a0\u00a0\u00a0\u00a0\u00a0\u00a0\u00a0\u00a0\u00a0\u00a0\u00a0\u00a0\u00a0\u00a0\u00a0\u00a0\u00a0\u00a0\u00a0\u00a0\u00a0\u00a0\u00a0\u00a0\u00a0\u00a0\u00a0\u00a0\u00a0\u00a0\u00a0\u00a0\u00a0\u00a0\u00a0\u00a0\u00a0\u00a0\u00a0\u00a0<\/p><p>adres e-mail: sekretariat@czerwonagora.pl<\/p>\t\t\t\t\t\t\t\t<\/div>\n\t\t\t\t<\/div>\n\t\t\t\t\t<\/div>\n\t\t<\/div>\n\t\t\t\t<div class=\"elementor-column elementor-col-33 elementor-top-column elementor-element elementor-element-482c692d\" data-id=\"482c692d\" data-element_type=\"column\" data-e-type=\"column\" data-settings=\"{&quot;background_background&quot;:&quot;classic&quot;}\">\n\t\t\t<div class=\"elementor-widget-wrap elementor-element-populated\">\n\t\t\t\t\t\t<div class=\"elementor-element elementor-element-92f0a6f elementor-view-default elementor-widget elementor-widget-icon\" data-id=\"92f0a6f\" data-element_type=\"widget\" data-e-type=\"widget\" data-widget_type=\"icon.default\">\n\t\t\t\t<div class=\"elementor-widget-container\">\n\t\t\t\t\t\t\t<div class=\"elementor-icon-wrapper\">\n\t\t\t<div class=\"elementor-icon\">\n\t\t\t<i aria-hidden=\"true\" class=\"fas fa-phone-square\"><\/i>\t\t\t<\/div>\n\t\t<\/div>\n\t\t\t\t\t\t<\/div>\n\t\t\t\t<\/div>\n\t\t\t\t<div class=\"elementor-element elementor-element-ed5db2a elementor-widget elementor-widget-text-editor\" data-id=\"ed5db2a\" data-element_type=\"widget\" data-e-type=\"widget\" data-widget_type=\"text-editor.default\">\n\t\t\t\t<div class=\"elementor-widget-container\">\n\t\t\t\t\t\t\t\t\t<div class=\"sppb-col-md-4\"><div id=\"column-id-1505721917497\" class=\"sppb-column\"><div class=\"sppb-column-addons\"><div id=\"sppb-addon-1505721917503\" class=\"clearfix\"><div class=\"sppb-addon sppb-addon-text-block sppb-text-left \"><div class=\"sppb-addon-content\"><p><strong>Lokalizacja Budynek D , III pi\u0119tro<\/strong><\/p><p><strong>Numery bezpo\u015brednie:<\/strong><\/p><p><strong>Szpital:<\/strong> <strong>+48 (041) 346 55 45<\/strong><\/p><p>numer fax. <strong>+48 (041) 346 55 67\u00a0<\/strong><\/p><p>Nr wewn\u0119trzny: <strong>145\u00a0<\/strong> \u00a0 \u00a0 \u00a0 \u00a0 \u00a0 \u00a0 \u00a0 \u00a0 \u00a0 \u00a0 \u00a0 \u00a0 \u00a0 \u00a0 \u00a0 \u00a0 \u00a0 \u00a0 \u00a0 \u00a0\u00a0<\/p><\/div><\/div><\/div><\/div><\/div><\/div>\t\t\t\t\t\t\t\t<\/div>\n\t\t\t\t<\/div>\n\t\t\t\t\t<\/div>\n\t\t<\/div>\n\t\t\t\t\t<\/div>\n\t\t<\/section>\n\t\t\t\t<\/div>\n\t\t","protected":false},"excerpt":{"rendered":"<p>Beata W\u0105cha\u0142a Sekretarka Ma\u0142gorzata \u015aled\u017a Sekretarka Profil kom\u00f3rki Dzia\u0142 w strukturze szpitala, kt\u00f3rego pracownicy zajmuj\u0105 si\u0119 sprawami bie\u017c\u0105cymi. Praca zatrudnionych w sekretariacie os\u00f3b polega na organizowaniu i u\u0142atwieniu kontakt\u00f3w pomi\u0119dzy zarz\u0105dzaj\u0105cym instytucj\u0105 z jednej strony a jej pracownikami, kontrahentami b\u0105d\u017a klientami z drugiej. Do zada\u0144 osoby zatrudnionej w sekretariacie nale\u017cy przede wszystkim: prowadzenie terminarza spotka\u0144 [&hellip;]<\/p>\n","protected":false},"author":4,"featured_media":0,"parent":0,"menu_order":0,"comment_status":"closed","ping_status":"closed","template":"","meta":{"zakra_page_container_layout":"customizer","zakra_page_sidebar_layout":"customizer","zakra_remove_content_margin":false,"zakra_sidebar":"customizer","zakra_transparent_header":"customizer","zakra_logo":0,"zakra_main_header_style":"default","zakra_menu_item_color":"","zakra_menu_item_hover_color":"","zakra_menu_item_active_color":"","zakra_menu_active_style":"","zakra_page_header":true,"footnotes":""},"class_list":["post-6332","page","type-page","status-publish","hentry"],"yoast_head":"<!-- This site is optimized with the Yoast SEO plugin v27.3 - https:\/\/yoast.com\/product\/yoast-seo-wordpress\/ -->\n<title>Sekretariat - Wojew\u00f3dzki Szpital Specjalistyczny im. \u015aw. Rafa\u0142a w Czerwonej G\u00f3rze<\/title>\n<meta name=\"robots\" content=\"index, follow, max-snippet:-1, max-image-preview:large, max-video-preview:-1\" \/>\n<link rel=\"canonical\" href=\"https:\/\/czerwonagora.pl\/index.php\/sekretariat\/\" \/>\n<meta property=\"og:locale\" content=\"pl_PL\" \/>\n<meta property=\"og:type\" content=\"article\" \/>\n<meta property=\"og:title\" content=\"Sekretariat - Wojew\u00f3dzki Szpital Specjalistyczny im. \u015aw. Rafa\u0142a w Czerwonej G\u00f3rze\" \/>\n<meta property=\"og:description\" content=\"Beata W\u0105cha\u0142a Sekretarka Ma\u0142gorzata \u015aled\u017a Sekretarka Profil kom\u00f3rki Dzia\u0142 w strukturze szpitala, kt\u00f3rego pracownicy zajmuj\u0105 si\u0119 sprawami bie\u017c\u0105cymi. Praca zatrudnionych w sekretariacie os\u00f3b polega na organizowaniu i u\u0142atwieniu kontakt\u00f3w pomi\u0119dzy zarz\u0105dzaj\u0105cym instytucj\u0105 z jednej strony a jej pracownikami, kontrahentami b\u0105d\u017a klientami z drugiej. Do zada\u0144 osoby zatrudnionej w sekretariacie nale\u017cy przede wszystkim: prowadzenie terminarza spotka\u0144 [&hellip;]\" \/>\n<meta property=\"og:url\" content=\"https:\/\/czerwonagora.pl\/index.php\/sekretariat\/\" \/>\n<meta property=\"og:site_name\" content=\"Wojew\u00f3dzki Szpital Specjalistyczny im. \u015aw. Rafa\u0142a w Czerwonej G\u00f3rze\" \/>\n<meta property=\"article:publisher\" content=\"https:\/\/www.facebook.com\/SzpitalCzerwonaGora\/\" \/>\n<meta property=\"article:modified_time\" content=\"2025-04-01T05:26:03+00:00\" \/>\n<meta property=\"og:image\" content=\"https:\/\/czerwonagora.pl\/wp-content\/uploads\/2021\/06\/woman_adm-ikona.png\" \/>\n\t<meta property=\"og:image:width\" content=\"180\" \/>\n\t<meta property=\"og:image:height\" content=\"223\" \/>\n\t<meta property=\"og:image:type\" content=\"image\/png\" \/>\n<meta name=\"twitter:card\" content=\"summary_large_image\" \/>\n<meta name=\"twitter:label1\" content=\"Szacowany czas czytania\" \/>\n\t<meta name=\"twitter:data1\" content=\"2 minuty\" \/>\n<script type=\"application\/ld+json\" class=\"yoast-schema-graph\">{\"@context\":\"https:\\\/\\\/schema.org\",\"@graph\":[{\"@type\":\"WebPage\",\"@id\":\"https:\\\/\\\/czerwonagora.pl\\\/index.php\\\/sekretariat\\\/\",\"url\":\"https:\\\/\\\/czerwonagora.pl\\\/index.php\\\/sekretariat\\\/\",\"name\":\"Sekretariat - Wojew\u00f3dzki Szpital Specjalistyczny im. \u015aw. Rafa\u0142a w Czerwonej G\u00f3rze\",\"isPartOf\":{\"@id\":\"https:\\\/\\\/czerwonagora.pl\\\/#website\"},\"primaryImageOfPage\":{\"@id\":\"https:\\\/\\\/czerwonagora.pl\\\/index.php\\\/sekretariat\\\/#primaryimage\"},\"image\":{\"@id\":\"https:\\\/\\\/czerwonagora.pl\\\/index.php\\\/sekretariat\\\/#primaryimage\"},\"thumbnailUrl\":\"https:\\\/\\\/czerwonagora.pl\\\/wp-content\\\/uploads\\\/2021\\\/06\\\/woman_adm-ikona.png\",\"datePublished\":\"2021-06-28T06:24:15+00:00\",\"dateModified\":\"2025-04-01T05:26:03+00:00\",\"breadcrumb\":{\"@id\":\"https:\\\/\\\/czerwonagora.pl\\\/index.php\\\/sekretariat\\\/#breadcrumb\"},\"inLanguage\":\"pl-PL\",\"potentialAction\":[{\"@type\":\"ReadAction\",\"target\":[\"https:\\\/\\\/czerwonagora.pl\\\/index.php\\\/sekretariat\\\/\"]}]},{\"@type\":\"ImageObject\",\"inLanguage\":\"pl-PL\",\"@id\":\"https:\\\/\\\/czerwonagora.pl\\\/index.php\\\/sekretariat\\\/#primaryimage\",\"url\":\"https:\\\/\\\/czerwonagora.pl\\\/wp-content\\\/uploads\\\/2021\\\/06\\\/woman_adm-ikona.png\",\"contentUrl\":\"https:\\\/\\\/czerwonagora.pl\\\/wp-content\\\/uploads\\\/2021\\\/06\\\/woman_adm-ikona.png\",\"width\":180,\"height\":223,\"caption\":\"t\u0142o koloru zielone z sylwetk\u0105 kobiety ubran\u0105 w ubranie wizytowe koloru niebieskiego\"},{\"@type\":\"BreadcrumbList\",\"@id\":\"https:\\\/\\\/czerwonagora.pl\\\/index.php\\\/sekretariat\\\/#breadcrumb\",\"itemListElement\":[{\"@type\":\"ListItem\",\"position\":1,\"name\":\"Strona g\u0142\u00f3wna\",\"item\":\"https:\\\/\\\/czerwonagora.pl\\\/\"},{\"@type\":\"ListItem\",\"position\":2,\"name\":\"Sekretariat\"}]},{\"@type\":\"WebSite\",\"@id\":\"https:\\\/\\\/czerwonagora.pl\\\/#website\",\"url\":\"https:\\\/\\\/czerwonagora.pl\\\/\",\"name\":\"Wojew\u00f3dzki Szpital Specjalistyczny im. \u015aw. Rafa\u0142a w Czerwonej G\u00f3rze\",\"description\":\"Wojew\u00f3dzki Szpital Specjalistyczny im. \u015aw. Rafa\u0142a w Czerwonej G\u00f3rze\",\"publisher\":{\"@id\":\"https:\\\/\\\/czerwonagora.pl\\\/#organization\"},\"potentialAction\":[{\"@type\":\"SearchAction\",\"target\":{\"@type\":\"EntryPoint\",\"urlTemplate\":\"https:\\\/\\\/czerwonagora.pl\\\/?s={search_term_string}\"},\"query-input\":{\"@type\":\"PropertyValueSpecification\",\"valueRequired\":true,\"valueName\":\"search_term_string\"}}],\"inLanguage\":\"pl-PL\"},{\"@type\":\"Organization\",\"@id\":\"https:\\\/\\\/czerwonagora.pl\\\/#organization\",\"name\":\"Wojew\u00f3dzki Szpital Specjalistyczny im. \u015aw. Rafa\u0142a w Czerwonej G\u00f3rze\",\"url\":\"https:\\\/\\\/czerwonagora.pl\\\/\",\"logo\":{\"@type\":\"ImageObject\",\"inLanguage\":\"pl-PL\",\"@id\":\"https:\\\/\\\/czerwonagora.pl\\\/#\\\/schema\\\/logo\\\/image\\\/\",\"url\":\"https:\\\/\\\/czerwonagora.pl\\\/wp-content\\\/uploads\\\/2021\\\/06\\\/Logo-WSS-DUZE-transparentne.png\",\"contentUrl\":\"https:\\\/\\\/czerwonagora.pl\\\/wp-content\\\/uploads\\\/2021\\\/06\\\/Logo-WSS-DUZE-transparentne.png\",\"width\":4210,\"height\":2975,\"caption\":\"Wojew\u00f3dzki Szpital Specjalistyczny im. \u015aw. Rafa\u0142a w Czerwonej G\u00f3rze\"},\"image\":{\"@id\":\"https:\\\/\\\/czerwonagora.pl\\\/#\\\/schema\\\/logo\\\/image\\\/\"},\"sameAs\":[\"https:\\\/\\\/www.facebook.com\\\/SzpitalCzerwonaGora\\\/\"]}]}<\/script>\n<!-- \/ Yoast SEO plugin. -->","yoast_head_json":{"title":"Sekretariat - Wojew\u00f3dzki Szpital Specjalistyczny im. \u015aw. Rafa\u0142a w Czerwonej G\u00f3rze","robots":{"index":"index","follow":"follow","max-snippet":"max-snippet:-1","max-image-preview":"max-image-preview:large","max-video-preview":"max-video-preview:-1"},"canonical":"https:\/\/czerwonagora.pl\/index.php\/sekretariat\/","og_locale":"pl_PL","og_type":"article","og_title":"Sekretariat - Wojew\u00f3dzki Szpital Specjalistyczny im. \u015aw. Rafa\u0142a w Czerwonej G\u00f3rze","og_description":"Beata W\u0105cha\u0142a Sekretarka Ma\u0142gorzata \u015aled\u017a Sekretarka Profil kom\u00f3rki Dzia\u0142 w strukturze szpitala, kt\u00f3rego pracownicy zajmuj\u0105 si\u0119 sprawami bie\u017c\u0105cymi. Praca zatrudnionych w sekretariacie os\u00f3b polega na organizowaniu i u\u0142atwieniu kontakt\u00f3w pomi\u0119dzy zarz\u0105dzaj\u0105cym instytucj\u0105 z jednej strony a jej pracownikami, kontrahentami b\u0105d\u017a klientami z drugiej. Do zada\u0144 osoby zatrudnionej w sekretariacie nale\u017cy przede wszystkim: prowadzenie terminarza spotka\u0144 [&hellip;]","og_url":"https:\/\/czerwonagora.pl\/index.php\/sekretariat\/","og_site_name":"Wojew\u00f3dzki Szpital Specjalistyczny im. \u015aw. Rafa\u0142a w Czerwonej G\u00f3rze","article_publisher":"https:\/\/www.facebook.com\/SzpitalCzerwonaGora\/","article_modified_time":"2025-04-01T05:26:03+00:00","og_image":[{"width":180,"height":223,"url":"https:\/\/czerwonagora.pl\/wp-content\/uploads\/2021\/06\/woman_adm-ikona.png","type":"image\/png"}],"twitter_card":"summary_large_image","twitter_misc":{"Szacowany czas czytania":"2 minuty"},"schema":{"@context":"https:\/\/schema.org","@graph":[{"@type":"WebPage","@id":"https:\/\/czerwonagora.pl\/index.php\/sekretariat\/","url":"https:\/\/czerwonagora.pl\/index.php\/sekretariat\/","name":"Sekretariat - Wojew\u00f3dzki Szpital Specjalistyczny im. \u015aw. Rafa\u0142a w Czerwonej G\u00f3rze","isPartOf":{"@id":"https:\/\/czerwonagora.pl\/#website"},"primaryImageOfPage":{"@id":"https:\/\/czerwonagora.pl\/index.php\/sekretariat\/#primaryimage"},"image":{"@id":"https:\/\/czerwonagora.pl\/index.php\/sekretariat\/#primaryimage"},"thumbnailUrl":"https:\/\/czerwonagora.pl\/wp-content\/uploads\/2021\/06\/woman_adm-ikona.png","datePublished":"2021-06-28T06:24:15+00:00","dateModified":"2025-04-01T05:26:03+00:00","breadcrumb":{"@id":"https:\/\/czerwonagora.pl\/index.php\/sekretariat\/#breadcrumb"},"inLanguage":"pl-PL","potentialAction":[{"@type":"ReadAction","target":["https:\/\/czerwonagora.pl\/index.php\/sekretariat\/"]}]},{"@type":"ImageObject","inLanguage":"pl-PL","@id":"https:\/\/czerwonagora.pl\/index.php\/sekretariat\/#primaryimage","url":"https:\/\/czerwonagora.pl\/wp-content\/uploads\/2021\/06\/woman_adm-ikona.png","contentUrl":"https:\/\/czerwonagora.pl\/wp-content\/uploads\/2021\/06\/woman_adm-ikona.png","width":180,"height":223,"caption":"t\u0142o koloru zielone z sylwetk\u0105 kobiety ubran\u0105 w ubranie wizytowe koloru niebieskiego"},{"@type":"BreadcrumbList","@id":"https:\/\/czerwonagora.pl\/index.php\/sekretariat\/#breadcrumb","itemListElement":[{"@type":"ListItem","position":1,"name":"Strona g\u0142\u00f3wna","item":"https:\/\/czerwonagora.pl\/"},{"@type":"ListItem","position":2,"name":"Sekretariat"}]},{"@type":"WebSite","@id":"https:\/\/czerwonagora.pl\/#website","url":"https:\/\/czerwonagora.pl\/","name":"Wojew\u00f3dzki Szpital Specjalistyczny im. \u015aw. Rafa\u0142a w Czerwonej G\u00f3rze","description":"Wojew\u00f3dzki Szpital Specjalistyczny im. \u015aw. Rafa\u0142a w Czerwonej G\u00f3rze","publisher":{"@id":"https:\/\/czerwonagora.pl\/#organization"},"potentialAction":[{"@type":"SearchAction","target":{"@type":"EntryPoint","urlTemplate":"https:\/\/czerwonagora.pl\/?s={search_term_string}"},"query-input":{"@type":"PropertyValueSpecification","valueRequired":true,"valueName":"search_term_string"}}],"inLanguage":"pl-PL"},{"@type":"Organization","@id":"https:\/\/czerwonagora.pl\/#organization","name":"Wojew\u00f3dzki Szpital Specjalistyczny im. \u015aw. Rafa\u0142a w Czerwonej G\u00f3rze","url":"https:\/\/czerwonagora.pl\/","logo":{"@type":"ImageObject","inLanguage":"pl-PL","@id":"https:\/\/czerwonagora.pl\/#\/schema\/logo\/image\/","url":"https:\/\/czerwonagora.pl\/wp-content\/uploads\/2021\/06\/Logo-WSS-DUZE-transparentne.png","contentUrl":"https:\/\/czerwonagora.pl\/wp-content\/uploads\/2021\/06\/Logo-WSS-DUZE-transparentne.png","width":4210,"height":2975,"caption":"Wojew\u00f3dzki Szpital Specjalistyczny im. \u015aw. Rafa\u0142a w Czerwonej G\u00f3rze"},"image":{"@id":"https:\/\/czerwonagora.pl\/#\/schema\/logo\/image\/"},"sameAs":["https:\/\/www.facebook.com\/SzpitalCzerwonaGora\/"]}]}},"publishpress_future_action":{"enabled":false,"date":"2026-04-26 17:47:21","action":"change-status","newStatus":"draft","terms":[],"taxonomy":"","extraData":[]},"publishpress_future_workflow_manual_trigger":{"enabledWorkflows":[]},"_links":{"self":[{"href":"https:\/\/czerwonagora.pl\/index.php\/wp-json\/wp\/v2\/pages\/6332","targetHints":{"allow":["GET"]}}],"collection":[{"href":"https:\/\/czerwonagora.pl\/index.php\/wp-json\/wp\/v2\/pages"}],"about":[{"href":"https:\/\/czerwonagora.pl\/index.php\/wp-json\/wp\/v2\/types\/page"}],"author":[{"embeddable":true,"href":"https:\/\/czerwonagora.pl\/index.php\/wp-json\/wp\/v2\/users\/4"}],"replies":[{"embeddable":true,"href":"https:\/\/czerwonagora.pl\/index.php\/wp-json\/wp\/v2\/comments?post=6332"}],"version-history":[{"count":55,"href":"https:\/\/czerwonagora.pl\/index.php\/wp-json\/wp\/v2\/pages\/6332\/revisions"}],"predecessor-version":[{"id":27097,"href":"https:\/\/czerwonagora.pl\/index.php\/wp-json\/wp\/v2\/pages\/6332\/revisions\/27097"}],"wp:attachment":[{"href":"https:\/\/czerwonagora.pl\/index.php\/wp-json\/wp\/v2\/media?parent=6332"}],"curies":[{"name":"wp","href":"https:\/\/api.w.org\/{rel}","templated":true}]}}