{"id":7126,"date":"2021-06-29T07:40:05","date_gmt":"2021-06-29T05:40:05","guid":{"rendered":"https:\/\/czerwonagora.pl\/?page_id=7126"},"modified":"2025-02-06T14:21:47","modified_gmt":"2025-02-06T13:21:47","slug":"rodo-informacje-zwiazane-z-przetwarzaniem-danych-osobowych","status":"publish","type":"page","link":"https:\/\/czerwonagora.pl\/index.php\/rodo-informacje-zwiazane-z-przetwarzaniem-danych-osobowych\/","title":{"rendered":"RODO &#8211; informacje zwi\u0105zane z przetwarzaniem danych osobowych"},"content":{"rendered":"\t\t<div data-elementor-type=\"wp-page\" data-elementor-id=\"7126\" class=\"elementor elementor-7126\">\n\t\t\t\t\t\t<section class=\"elementor-section elementor-top-section elementor-element elementor-element-c76e313 elementor-section-stretched elementor-section-boxed elementor-section-height-default elementor-section-height-default\" data-id=\"c76e313\" data-element_type=\"section\" data-e-type=\"section\" data-settings=\"{&quot;stretch_section&quot;:&quot;section-stretched&quot;}\">\n\t\t\t\t\t\t<div class=\"elementor-container elementor-column-gap-default\">\n\t\t\t\t\t<div class=\"elementor-column elementor-col-100 elementor-top-column elementor-element elementor-element-76d8bb6b\" data-id=\"76d8bb6b\" data-element_type=\"column\" data-e-type=\"column\">\n\t\t\t<div class=\"elementor-widget-wrap elementor-element-populated\">\n\t\t\t\t\t\t<div class=\"elementor-element elementor-element-1e29727 elementor-position-left elementor-vertical-align-top elementor-widget elementor-widget-image-box\" data-id=\"1e29727\" data-element_type=\"widget\" data-e-type=\"widget\" data-widget_type=\"image-box.default\">\n\t\t\t\t<div class=\"elementor-widget-container\">\n\t\t\t\t\t<div class=\"elementor-image-box-wrapper\"><figure class=\"elementor-image-box-img\"><img fetchpriority=\"high\" decoding=\"async\" width=\"600\" height=\"320\" src=\"https:\/\/czerwonagora.pl\/wp-content\/uploads\/2021\/07\/rodo_2.jpg\" class=\"attachment-large size-large wp-image-10703\" alt=\"logo z niebieskim t\u0142em, \u017c\u00f3\u0142tymi gwiazdami w ko\u0142o oraz napisem RODO\" srcset=\"https:\/\/czerwonagora.pl\/wp-content\/uploads\/2021\/07\/rodo_2.jpg 600w, https:\/\/czerwonagora.pl\/wp-content\/uploads\/2021\/07\/rodo_2-300x160.jpg 300w\" sizes=\"(max-width: 600px) 100vw, 600px\" \/><\/figure><div class=\"elementor-image-box-content\"><h3 class=\"elementor-image-box-title\">RODO - informacje zwi\u0105zane z przetwarzaniem danych osobowych <\/h3><p class=\"elementor-image-box-description\">Zgodnie z art. 13 ust. 1 i 2 Rozporz\u0105dzenia Parlamentu Europejskiego i Rady (UE) 2016\/679 z dnia\u00a0\u00a0 27 kwietnia 2016 r. w sprawie ochrony os\u00f3b fizycznych w zwi\u0105zku z przetwarzaniem danych osobowych i w sprawie swobodnego przep\u0142ywu takich danych oraz uchylenia dyrektywy 95\/46\/WE (og\u00f3lne rozporz\u0105dzenie o ochronie danych), Dz.Urz. UE. L. 2016, Nr 119, s.1. \u2013 dalej: \u201eRODO\u201d, Wojew\u00f3dzki Szpital Specjalistyczny im. \u015bw. Rafa\u0142a w Czerwonej G\u00f3rze, ul. Czerwona G\u00f3ra 10, 26-060 Ch\u0119ciny, tel. 41 34-655-45 do 48, czerwonagora@czerwonagora.pl, fax. 41 346 55 67, NIP: 9591289964, REGON: 000296213 (zwany dalej Szpitalem)- informuje, \u017ce:<\/p><\/div><\/div>\t\t\t\t<\/div>\n\t\t\t\t<\/div>\n\t\t\t\t<div class=\"elementor-element elementor-element-5101c2f3 elementor-widget elementor-widget-text-editor\" data-id=\"5101c2f3\" data-element_type=\"widget\" data-e-type=\"widget\" data-widget_type=\"text-editor.default\">\n\t\t\t\t<div class=\"elementor-widget-container\">\n\t\t\t\t\t\t\t\t\t<div id=\"sp-component\" class=\"col-sm-12 col-md-12\"><div class=\"sp-column \"><article class=\"item item-page\"><div><ol><li>Administratorem Pani\/Pana danych osobowych jest Wojew\u00f3dzki Szpital Specjalistyczny im. \u015bw. Rafa\u0142a w Czerwonej G\u00f3rze, ul. Czerwona G\u00f3ra 10, 26-060 Ch\u0119ciny, tel. 41 34-655-45 do 48, <span id=\"cloak2e548a5ab2cc8f6c9e2a9cd9d8ade6fc\"><a href=\"mailto:czerwonagora@czerwonagora.pl\">czerwonagora@czerwonagora.pl<\/a><\/span>, fax. 41 346 55 67, NIP: 9591289964, REGON: 000296213<\/li><li>Dane kontaktowe do Inspektora Ochrony Danych Osobowych wyznaczonego przez Szpital to:\u00a0\u00a0 Wies\u0142aw Loch<strong>,\u00a0 tel. 41 34 655 45 wew. 211 , e-mail: <span id=\"cloak243f0679a9506b7dc3d92a4185cae2cf\"><a href=\"mailto:iod@czerwonagora.pl\">iod@czerwonagora.pl<\/a><\/span><\/strong><\/li><li>Pani\/Pana dane osobowe przetwarzane s\u0105 w celu wype\u0142nienia obowi\u0105zk\u00f3w statutowych Szpitala, wy\u0142\u0105cznie dla nale\u017cytego stosowania przepis\u00f3w prawa, na podst. art. 6 ust.1 lit. a-e, RODO.<\/li><li>Pani\/Pana dane osobowe nie podlegaj\u0105 przekazywaniu do pa\u0144stw trzecich, ani zautomatyzowanemu podejmowaniu decyzji (w tym profilowaniu).<\/li><li>W Szpitalu obowi\u0105zuje \u201ePolityka realizacji praw i wolno\u015bci os\u00f3b, kt\u00f3rych dotycz\u0105 dane\u201d dost\u0119pna u IOD, uwzgl\u0119dniaj\u0105ca m.in. przys\u0142uguj\u0105ce Pani\/Panu, na zasadach okre\u015blonych RODO, prawo: dost\u0119pu do tre\u015bci swoich danych (art. 15 RODO), \u017c\u0105dania sprostowania swoich danych (o ile s\u0105 nieprawid\u0142owe) oraz uzupe\u0142nienia niekompletnych danych (art. 16 RODO), usuni\u0119cia, ograniczenia przetwarzania tych danych, a tak\u017ce prawo wniesienia sprzeciwu, cofni\u0119cia zgody na przetwarzanie danych, wniesienia skargi do Prezesa Urz\u0119du Ochrony Danych Osobowych w razie uznania, \u017ce przetwarzanie danych narusza przepisy RODO.<\/li><li>Pani\/Pana dane osobowe mog\u0105 by\u0107 przekazywane:<ul><li>podmiotom przetwarzaj\u0105cym je na podstawie um\u00f3w ze Szpitalem;<\/li><li>organom lub podmiotom publicznym uprawnionym do uzyskania danych na podstawie obowi\u0105zuj\u0105cych przepis\u00f3w prawa (np. s\u0105dom, instytucjom pa\u0144stwowym, itp.), gdy wyst\u0105pi\u0105 z takim \u017c\u0105daniem, w oparciu o stosown\u0105 podstaw\u0119 prawn\u0105.\u00a0\u00a0\u00a0\u00a0\u00a0\u00a0\u00a0\u00a0\u00a0\u00a0\u00a0\u00a0<\/li><\/ul><\/li><li>W Szpitalu wdro\u017cono zasady wynikaj\u0105ce z RODO, w szczeg\u00f3lno\u015bci dotycz\u0105ce minimalizacji celu przetwarzania danych, zasady zgodno\u015bci z prawem <br \/>i wprowadzonymi na jego podstawie wewn\u0119trznymi procedurami.<\/li><li>W przypadku konieczno\u015bci uzyskania dodatkowych informacji na temat ochrony danych osobowych, udzieli ich Inspektor Ochrony Danych wskazany w ust. 2 powy\u017cej.<\/li><\/ol><div class=\"attachmentsContainer\"><div id=\"attachmentsList_com_content_default_431\" class=\"attachmentsList\">\u00a0<\/div><\/div><\/div><div class=\"article-footer-wrap\"><div class=\"article-footer-top\">\u00a0<\/div><\/div><\/article><\/div><\/div>\t\t\t\t\t\t\t\t<\/div>\n\t\t\t\t<\/div>\n\t\t\t\t\t<\/div>\n\t\t<\/div>\n\t\t\t\t\t<\/div>\n\t\t<\/section>\n\t\t\t\t<section class=\"elementor-section elementor-top-section elementor-element elementor-element-fccc380 elementor-section-boxed elementor-section-height-default elementor-section-height-default\" data-id=\"fccc380\" data-element_type=\"section\" data-e-type=\"section\" data-settings=\"{&quot;background_background&quot;:&quot;classic&quot;}\">\n\t\t\t\t\t\t<div class=\"elementor-container elementor-column-gap-default\">\n\t\t\t\t\t<div class=\"elementor-column elementor-col-25 elementor-top-column elementor-element elementor-element-b081bd3\" data-id=\"b081bd3\" data-element_type=\"column\" data-e-type=\"column\">\n\t\t\t<div class=\"elementor-widget-wrap elementor-element-populated\">\n\t\t\t\t\t\t<div class=\"elementor-element elementor-element-ac2bce0 elementor-view-default elementor-widget elementor-widget-icon\" data-id=\"ac2bce0\" data-element_type=\"widget\" data-e-type=\"widget\" data-widget_type=\"icon.default\">\n\t\t\t\t<div class=\"elementor-widget-container\">\n\t\t\t\t\t\t\t<div class=\"elementor-icon-wrapper\">\n\t\t\t<div class=\"elementor-icon\">\n\t\t\t<i aria-hidden=\"true\" class=\"far fa-file-pdf\"><\/i>\t\t\t<\/div>\n\t\t<\/div>\n\t\t\t\t\t\t<\/div>\n\t\t\t\t<\/div>\n\t\t\t\t\t<\/div>\n\t\t<\/div>\n\t\t\t\t<div class=\"elementor-column elementor-col-50 elementor-top-column elementor-element elementor-element-99e2736\" data-id=\"99e2736\" data-element_type=\"column\" data-e-type=\"column\">\n\t\t\t<div class=\"elementor-widget-wrap elementor-element-populated\">\n\t\t\t\t\t\t<div class=\"elementor-element elementor-element-238a204 elementor-widget elementor-widget-text-editor\" data-id=\"238a204\" data-element_type=\"widget\" data-e-type=\"widget\" data-widget_type=\"text-editor.default\">\n\t\t\t\t<div class=\"elementor-widget-container\">\n\t\t\t\t\t\t\t\t\t<p><strong>Wytyczne w sprawie realizacji przez osoby uprawnione prawa do informacji o stanie zdrowia pacjenta na odleg\u0142o\u015b\u0107<\/strong><\/p>\t\t\t\t\t\t\t\t<\/div>\n\t\t\t\t<\/div>\n\t\t\t\t\t<\/div>\n\t\t<\/div>\n\t\t\t\t<div class=\"elementor-column elementor-col-25 elementor-top-column elementor-element elementor-element-bbd566b\" data-id=\"bbd566b\" data-element_type=\"column\" data-e-type=\"column\">\n\t\t\t<div class=\"elementor-widget-wrap elementor-element-populated\">\n\t\t\t\t\t\t<div class=\"elementor-element elementor-element-eb0e4f4 elementor-align-center elementor-widget elementor-widget-button\" data-id=\"eb0e4f4\" data-element_type=\"widget\" data-e-type=\"widget\" data-widget_type=\"button.default\">\n\t\t\t\t<div class=\"elementor-widget-container\">\n\t\t\t\t\t\t\t\t\t<div class=\"elementor-button-wrapper\">\n\t\t\t\t\t<a class=\"elementor-button elementor-button-link elementor-size-sm elementor-animation-grow\" href=\"https:\/\/czerwonagora.pl\/wp-content\/uploads\/2025\/02\/Wytyczne_RzPP_i_UODO_2.pdf\">\n\t\t\t\t\t\t<span class=\"elementor-button-content-wrapper\">\n\t\t\t\t\t\t\t\t\t<span class=\"elementor-button-text\">Pobierz<\/span>\n\t\t\t\t\t<\/span>\n\t\t\t\t\t<\/a>\n\t\t\t\t<\/div>\n\t\t\t\t\t\t\t\t<\/div>\n\t\t\t\t<\/div>\n\t\t\t\t\t<\/div>\n\t\t<\/div>\n\t\t\t\t\t<\/div>\n\t\t<\/section>\n\t\t\t\t<\/div>\n\t\t","protected":false},"excerpt":{"rendered":"<p>RODO &#8211; informacje zwi\u0105zane z przetwarzaniem danych osobowych Zgodnie z art. 13 ust. 1 i 2 Rozporz\u0105dzenia Parlamentu Europejskiego i Rady (UE) 2016\/679 z dnia\u00a0\u00a0 27 kwietnia 2016 r. w sprawie ochrony os\u00f3b fizycznych w zwi\u0105zku z przetwarzaniem danych osobowych i w sprawie swobodnego przep\u0142ywu takich danych oraz uchylenia dyrektywy 95\/46\/WE (og\u00f3lne rozporz\u0105dzenie o ochronie [&hellip;]<\/p>\n","protected":false},"author":4,"featured_media":0,"parent":0,"menu_order":0,"comment_status":"closed","ping_status":"closed","template":"","meta":{"zakra_page_container_layout":"customizer","zakra_page_sidebar_layout":"customizer","zakra_remove_content_margin":false,"zakra_sidebar":"customizer","zakra_transparent_header":"customizer","zakra_logo":0,"zakra_main_header_style":"default","zakra_menu_item_color":"","zakra_menu_item_hover_color":"","zakra_menu_item_active_color":"","zakra_menu_active_style":"","zakra_page_header":true,"footnotes":""},"class_list":["post-7126","page","type-page","status-publish","hentry"],"yoast_head":"<!-- This site is optimized with the Yoast SEO plugin v27.3 - https:\/\/yoast.com\/product\/yoast-seo-wordpress\/ -->\n<title>RODO - informacje zwi\u0105zane z przetwarzaniem danych osobowych - Wojew\u00f3dzki Szpital Specjalistyczny im. \u015aw. Rafa\u0142a w Czerwonej G\u00f3rze<\/title>\n<meta name=\"robots\" content=\"index, follow, max-snippet:-1, max-image-preview:large, max-video-preview:-1\" \/>\n<link rel=\"canonical\" href=\"https:\/\/czerwonagora.pl\/index.php\/rodo-informacje-zwiazane-z-przetwarzaniem-danych-osobowych\/\" \/>\n<meta property=\"og:locale\" content=\"pl_PL\" \/>\n<meta property=\"og:type\" content=\"article\" \/>\n<meta property=\"og:title\" content=\"RODO - informacje zwi\u0105zane z przetwarzaniem danych osobowych - Wojew\u00f3dzki Szpital Specjalistyczny im. \u015aw. Rafa\u0142a w Czerwonej G\u00f3rze\" \/>\n<meta property=\"og:description\" content=\"RODO &#8211; informacje zwi\u0105zane z przetwarzaniem danych osobowych Zgodnie z art. 13 ust. 1 i 2 Rozporz\u0105dzenia Parlamentu Europejskiego i Rady (UE) 2016\/679 z dnia\u00a0\u00a0 27 kwietnia 2016 r. w sprawie ochrony os\u00f3b fizycznych w zwi\u0105zku z przetwarzaniem danych osobowych i w sprawie swobodnego przep\u0142ywu takich danych oraz uchylenia dyrektywy 95\/46\/WE (og\u00f3lne rozporz\u0105dzenie o ochronie [&hellip;]\" \/>\n<meta property=\"og:url\" content=\"https:\/\/czerwonagora.pl\/index.php\/rodo-informacje-zwiazane-z-przetwarzaniem-danych-osobowych\/\" \/>\n<meta property=\"og:site_name\" content=\"Wojew\u00f3dzki Szpital Specjalistyczny im. \u015aw. Rafa\u0142a w Czerwonej G\u00f3rze\" \/>\n<meta property=\"article:publisher\" content=\"https:\/\/www.facebook.com\/SzpitalCzerwonaGora\/\" \/>\n<meta property=\"article:modified_time\" content=\"2025-02-06T13:21:47+00:00\" \/>\n<meta property=\"og:image\" content=\"https:\/\/czerwonagora.pl\/wp-content\/uploads\/2021\/07\/rodo_2.jpg\" \/>\n\t<meta property=\"og:image:width\" content=\"600\" \/>\n\t<meta property=\"og:image:height\" content=\"320\" \/>\n\t<meta property=\"og:image:type\" content=\"image\/jpeg\" \/>\n<meta name=\"twitter:card\" content=\"summary_large_image\" \/>\n<meta name=\"twitter:label1\" content=\"Szacowany czas czytania\" \/>\n\t<meta name=\"twitter:data1\" content=\"3 minuty\" \/>\n<script type=\"application\/ld+json\" class=\"yoast-schema-graph\">{\"@context\":\"https:\\\/\\\/schema.org\",\"@graph\":[{\"@type\":\"WebPage\",\"@id\":\"https:\\\/\\\/czerwonagora.pl\\\/index.php\\\/rodo-informacje-zwiazane-z-przetwarzaniem-danych-osobowych\\\/\",\"url\":\"https:\\\/\\\/czerwonagora.pl\\\/index.php\\\/rodo-informacje-zwiazane-z-przetwarzaniem-danych-osobowych\\\/\",\"name\":\"RODO - informacje zwi\u0105zane z przetwarzaniem danych osobowych - Wojew\u00f3dzki Szpital Specjalistyczny im. \u015aw. Rafa\u0142a w Czerwonej G\u00f3rze\",\"isPartOf\":{\"@id\":\"https:\\\/\\\/czerwonagora.pl\\\/#website\"},\"primaryImageOfPage\":{\"@id\":\"https:\\\/\\\/czerwonagora.pl\\\/index.php\\\/rodo-informacje-zwiazane-z-przetwarzaniem-danych-osobowych\\\/#primaryimage\"},\"image\":{\"@id\":\"https:\\\/\\\/czerwonagora.pl\\\/index.php\\\/rodo-informacje-zwiazane-z-przetwarzaniem-danych-osobowych\\\/#primaryimage\"},\"thumbnailUrl\":\"https:\\\/\\\/czerwonagora.pl\\\/wp-content\\\/uploads\\\/2021\\\/07\\\/rodo_2.jpg\",\"datePublished\":\"2021-06-29T05:40:05+00:00\",\"dateModified\":\"2025-02-06T13:21:47+00:00\",\"breadcrumb\":{\"@id\":\"https:\\\/\\\/czerwonagora.pl\\\/index.php\\\/rodo-informacje-zwiazane-z-przetwarzaniem-danych-osobowych\\\/#breadcrumb\"},\"inLanguage\":\"pl-PL\",\"potentialAction\":[{\"@type\":\"ReadAction\",\"target\":[\"https:\\\/\\\/czerwonagora.pl\\\/index.php\\\/rodo-informacje-zwiazane-z-przetwarzaniem-danych-osobowych\\\/\"]}]},{\"@type\":\"ImageObject\",\"inLanguage\":\"pl-PL\",\"@id\":\"https:\\\/\\\/czerwonagora.pl\\\/index.php\\\/rodo-informacje-zwiazane-z-przetwarzaniem-danych-osobowych\\\/#primaryimage\",\"url\":\"https:\\\/\\\/czerwonagora.pl\\\/wp-content\\\/uploads\\\/2021\\\/07\\\/rodo_2.jpg\",\"contentUrl\":\"https:\\\/\\\/czerwonagora.pl\\\/wp-content\\\/uploads\\\/2021\\\/07\\\/rodo_2.jpg\",\"width\":600,\"height\":320,\"caption\":\"logo z niebieskim t\u0142em, \u017c\u00f3\u0142tymi gwiazdami w ko\u0142o oraz napisem RODO\"},{\"@type\":\"BreadcrumbList\",\"@id\":\"https:\\\/\\\/czerwonagora.pl\\\/index.php\\\/rodo-informacje-zwiazane-z-przetwarzaniem-danych-osobowych\\\/#breadcrumb\",\"itemListElement\":[{\"@type\":\"ListItem\",\"position\":1,\"name\":\"Strona g\u0142\u00f3wna\",\"item\":\"https:\\\/\\\/czerwonagora.pl\\\/\"},{\"@type\":\"ListItem\",\"position\":2,\"name\":\"RODO &#8211; informacje zwi\u0105zane z przetwarzaniem danych osobowych\"}]},{\"@type\":\"WebSite\",\"@id\":\"https:\\\/\\\/czerwonagora.pl\\\/#website\",\"url\":\"https:\\\/\\\/czerwonagora.pl\\\/\",\"name\":\"Wojew\u00f3dzki Szpital Specjalistyczny im. \u015aw. Rafa\u0142a w Czerwonej G\u00f3rze\",\"description\":\"Wojew\u00f3dzki Szpital Specjalistyczny im. \u015aw. Rafa\u0142a w Czerwonej G\u00f3rze\",\"publisher\":{\"@id\":\"https:\\\/\\\/czerwonagora.pl\\\/#organization\"},\"potentialAction\":[{\"@type\":\"SearchAction\",\"target\":{\"@type\":\"EntryPoint\",\"urlTemplate\":\"https:\\\/\\\/czerwonagora.pl\\\/?s={search_term_string}\"},\"query-input\":{\"@type\":\"PropertyValueSpecification\",\"valueRequired\":true,\"valueName\":\"search_term_string\"}}],\"inLanguage\":\"pl-PL\"},{\"@type\":\"Organization\",\"@id\":\"https:\\\/\\\/czerwonagora.pl\\\/#organization\",\"name\":\"Wojew\u00f3dzki Szpital Specjalistyczny im. \u015aw. Rafa\u0142a w Czerwonej G\u00f3rze\",\"url\":\"https:\\\/\\\/czerwonagora.pl\\\/\",\"logo\":{\"@type\":\"ImageObject\",\"inLanguage\":\"pl-PL\",\"@id\":\"https:\\\/\\\/czerwonagora.pl\\\/#\\\/schema\\\/logo\\\/image\\\/\",\"url\":\"https:\\\/\\\/czerwonagora.pl\\\/wp-content\\\/uploads\\\/2021\\\/06\\\/Logo-WSS-DUZE-transparentne.png\",\"contentUrl\":\"https:\\\/\\\/czerwonagora.pl\\\/wp-content\\\/uploads\\\/2021\\\/06\\\/Logo-WSS-DUZE-transparentne.png\",\"width\":4210,\"height\":2975,\"caption\":\"Wojew\u00f3dzki Szpital Specjalistyczny im. \u015aw. Rafa\u0142a w Czerwonej G\u00f3rze\"},\"image\":{\"@id\":\"https:\\\/\\\/czerwonagora.pl\\\/#\\\/schema\\\/logo\\\/image\\\/\"},\"sameAs\":[\"https:\\\/\\\/www.facebook.com\\\/SzpitalCzerwonaGora\\\/\"]}]}<\/script>\n<!-- \/ Yoast SEO plugin. -->","yoast_head_json":{"title":"RODO - informacje zwi\u0105zane z przetwarzaniem danych osobowych - Wojew\u00f3dzki Szpital Specjalistyczny im. \u015aw. Rafa\u0142a w Czerwonej G\u00f3rze","robots":{"index":"index","follow":"follow","max-snippet":"max-snippet:-1","max-image-preview":"max-image-preview:large","max-video-preview":"max-video-preview:-1"},"canonical":"https:\/\/czerwonagora.pl\/index.php\/rodo-informacje-zwiazane-z-przetwarzaniem-danych-osobowych\/","og_locale":"pl_PL","og_type":"article","og_title":"RODO - informacje zwi\u0105zane z przetwarzaniem danych osobowych - Wojew\u00f3dzki Szpital Specjalistyczny im. \u015aw. Rafa\u0142a w Czerwonej G\u00f3rze","og_description":"RODO &#8211; informacje zwi\u0105zane z przetwarzaniem danych osobowych Zgodnie z art. 13 ust. 1 i 2 Rozporz\u0105dzenia Parlamentu Europejskiego i Rady (UE) 2016\/679 z dnia\u00a0\u00a0 27 kwietnia 2016 r. w sprawie ochrony os\u00f3b fizycznych w zwi\u0105zku z przetwarzaniem danych osobowych i w sprawie swobodnego przep\u0142ywu takich danych oraz uchylenia dyrektywy 95\/46\/WE (og\u00f3lne rozporz\u0105dzenie o ochronie [&hellip;]","og_url":"https:\/\/czerwonagora.pl\/index.php\/rodo-informacje-zwiazane-z-przetwarzaniem-danych-osobowych\/","og_site_name":"Wojew\u00f3dzki Szpital Specjalistyczny im. \u015aw. Rafa\u0142a w Czerwonej G\u00f3rze","article_publisher":"https:\/\/www.facebook.com\/SzpitalCzerwonaGora\/","article_modified_time":"2025-02-06T13:21:47+00:00","og_image":[{"width":600,"height":320,"url":"https:\/\/czerwonagora.pl\/wp-content\/uploads\/2021\/07\/rodo_2.jpg","type":"image\/jpeg"}],"twitter_card":"summary_large_image","twitter_misc":{"Szacowany czas czytania":"3 minuty"},"schema":{"@context":"https:\/\/schema.org","@graph":[{"@type":"WebPage","@id":"https:\/\/czerwonagora.pl\/index.php\/rodo-informacje-zwiazane-z-przetwarzaniem-danych-osobowych\/","url":"https:\/\/czerwonagora.pl\/index.php\/rodo-informacje-zwiazane-z-przetwarzaniem-danych-osobowych\/","name":"RODO - informacje zwi\u0105zane z przetwarzaniem danych osobowych - Wojew\u00f3dzki Szpital Specjalistyczny im. \u015aw. Rafa\u0142a w Czerwonej G\u00f3rze","isPartOf":{"@id":"https:\/\/czerwonagora.pl\/#website"},"primaryImageOfPage":{"@id":"https:\/\/czerwonagora.pl\/index.php\/rodo-informacje-zwiazane-z-przetwarzaniem-danych-osobowych\/#primaryimage"},"image":{"@id":"https:\/\/czerwonagora.pl\/index.php\/rodo-informacje-zwiazane-z-przetwarzaniem-danych-osobowych\/#primaryimage"},"thumbnailUrl":"https:\/\/czerwonagora.pl\/wp-content\/uploads\/2021\/07\/rodo_2.jpg","datePublished":"2021-06-29T05:40:05+00:00","dateModified":"2025-02-06T13:21:47+00:00","breadcrumb":{"@id":"https:\/\/czerwonagora.pl\/index.php\/rodo-informacje-zwiazane-z-przetwarzaniem-danych-osobowych\/#breadcrumb"},"inLanguage":"pl-PL","potentialAction":[{"@type":"ReadAction","target":["https:\/\/czerwonagora.pl\/index.php\/rodo-informacje-zwiazane-z-przetwarzaniem-danych-osobowych\/"]}]},{"@type":"ImageObject","inLanguage":"pl-PL","@id":"https:\/\/czerwonagora.pl\/index.php\/rodo-informacje-zwiazane-z-przetwarzaniem-danych-osobowych\/#primaryimage","url":"https:\/\/czerwonagora.pl\/wp-content\/uploads\/2021\/07\/rodo_2.jpg","contentUrl":"https:\/\/czerwonagora.pl\/wp-content\/uploads\/2021\/07\/rodo_2.jpg","width":600,"height":320,"caption":"logo z niebieskim t\u0142em, \u017c\u00f3\u0142tymi gwiazdami w ko\u0142o oraz napisem RODO"},{"@type":"BreadcrumbList","@id":"https:\/\/czerwonagora.pl\/index.php\/rodo-informacje-zwiazane-z-przetwarzaniem-danych-osobowych\/#breadcrumb","itemListElement":[{"@type":"ListItem","position":1,"name":"Strona g\u0142\u00f3wna","item":"https:\/\/czerwonagora.pl\/"},{"@type":"ListItem","position":2,"name":"RODO &#8211; informacje zwi\u0105zane z przetwarzaniem danych osobowych"}]},{"@type":"WebSite","@id":"https:\/\/czerwonagora.pl\/#website","url":"https:\/\/czerwonagora.pl\/","name":"Wojew\u00f3dzki Szpital Specjalistyczny im. \u015aw. Rafa\u0142a w Czerwonej G\u00f3rze","description":"Wojew\u00f3dzki Szpital Specjalistyczny im. \u015aw. Rafa\u0142a w Czerwonej G\u00f3rze","publisher":{"@id":"https:\/\/czerwonagora.pl\/#organization"},"potentialAction":[{"@type":"SearchAction","target":{"@type":"EntryPoint","urlTemplate":"https:\/\/czerwonagora.pl\/?s={search_term_string}"},"query-input":{"@type":"PropertyValueSpecification","valueRequired":true,"valueName":"search_term_string"}}],"inLanguage":"pl-PL"},{"@type":"Organization","@id":"https:\/\/czerwonagora.pl\/#organization","name":"Wojew\u00f3dzki Szpital Specjalistyczny im. \u015aw. Rafa\u0142a w Czerwonej G\u00f3rze","url":"https:\/\/czerwonagora.pl\/","logo":{"@type":"ImageObject","inLanguage":"pl-PL","@id":"https:\/\/czerwonagora.pl\/#\/schema\/logo\/image\/","url":"https:\/\/czerwonagora.pl\/wp-content\/uploads\/2021\/06\/Logo-WSS-DUZE-transparentne.png","contentUrl":"https:\/\/czerwonagora.pl\/wp-content\/uploads\/2021\/06\/Logo-WSS-DUZE-transparentne.png","width":4210,"height":2975,"caption":"Wojew\u00f3dzki Szpital Specjalistyczny im. \u015aw. Rafa\u0142a w Czerwonej G\u00f3rze"},"image":{"@id":"https:\/\/czerwonagora.pl\/#\/schema\/logo\/image\/"},"sameAs":["https:\/\/www.facebook.com\/SzpitalCzerwonaGora\/"]}]}},"publishpress_future_action":{"enabled":false,"date":"2026-04-18 18:44:34","action":"change-status","newStatus":"draft","terms":[],"taxonomy":"","extraData":[]},"publishpress_future_workflow_manual_trigger":{"enabledWorkflows":[]},"_links":{"self":[{"href":"https:\/\/czerwonagora.pl\/index.php\/wp-json\/wp\/v2\/pages\/7126","targetHints":{"allow":["GET"]}}],"collection":[{"href":"https:\/\/czerwonagora.pl\/index.php\/wp-json\/wp\/v2\/pages"}],"about":[{"href":"https:\/\/czerwonagora.pl\/index.php\/wp-json\/wp\/v2\/types\/page"}],"author":[{"embeddable":true,"href":"https:\/\/czerwonagora.pl\/index.php\/wp-json\/wp\/v2\/users\/4"}],"replies":[{"embeddable":true,"href":"https:\/\/czerwonagora.pl\/index.php\/wp-json\/wp\/v2\/comments?post=7126"}],"version-history":[{"count":85,"href":"https:\/\/czerwonagora.pl\/index.php\/wp-json\/wp\/v2\/pages\/7126\/revisions"}],"predecessor-version":[{"id":26239,"href":"https:\/\/czerwonagora.pl\/index.php\/wp-json\/wp\/v2\/pages\/7126\/revisions\/26239"}],"wp:attachment":[{"href":"https:\/\/czerwonagora.pl\/index.php\/wp-json\/wp\/v2\/media?parent=7126"}],"curies":[{"name":"wp","href":"https:\/\/api.w.org\/{rel}","templated":true}]}}