{"id":7291,"date":"2021-06-29T09:03:27","date_gmt":"2021-06-29T07:03:27","guid":{"rendered":"https:\/\/czerwonagora.pl\/?page_id=7291"},"modified":"2021-11-18T13:18:36","modified_gmt":"2021-11-18T12:18:36","slug":"badanie-polisomnograficzne","status":"publish","type":"page","link":"https:\/\/czerwonagora.pl\/index.php\/badanie-polisomnograficzne\/","title":{"rendered":"Badanie Polisomnograficzne"},"content":{"rendered":"\t\t<div data-elementor-type=\"wp-page\" data-elementor-id=\"7291\" class=\"elementor elementor-7291\">\n\t\t\t\t\t\t<section class=\"elementor-section elementor-top-section elementor-element elementor-element-2ccfe0de elementor-section-stretched elementor-section-boxed elementor-section-height-default elementor-section-height-default\" data-id=\"2ccfe0de\" data-element_type=\"section\" data-e-type=\"section\" data-settings=\"{&quot;stretch_section&quot;:&quot;section-stretched&quot;}\">\n\t\t\t\t\t\t<div class=\"elementor-container elementor-column-gap-default\">\n\t\t\t\t\t<div class=\"elementor-column elementor-col-100 elementor-top-column elementor-element elementor-element-155fd200\" data-id=\"155fd200\" data-element_type=\"column\" data-e-type=\"column\">\n\t\t\t<div class=\"elementor-widget-wrap elementor-element-populated\">\n\t\t\t\t\t\t<div class=\"elementor-element elementor-element-776e7e64 elementor-widget elementor-widget-text-editor\" data-id=\"776e7e64\" data-element_type=\"widget\" data-e-type=\"widget\" data-widget_type=\"text-editor.default\">\n\t\t\t\t<div class=\"elementor-widget-container\">\n\t\t\t\t\t\t\t\t\t<p><b><img fetchpriority=\"high\" decoding=\"async\" class=\"alignleft wp-image-7318\" src=\"https:\/\/czerwonagora.pl\/wp-content\/uploads\/2021\/06\/Bezdech-senny-w-ciezkiej-postaci-choroby-moze-wyma-300x200.jpg\" alt=\"\" width=\"400\" height=\"267\" srcset=\"https:\/\/czerwonagora.pl\/wp-content\/uploads\/2021\/06\/Bezdech-senny-w-ciezkiej-postaci-choroby-moze-wyma-300x200.jpg 300w, https:\/\/czerwonagora.pl\/wp-content\/uploads\/2021\/06\/Bezdech-senny-w-ciezkiej-postaci-choroby-moze-wyma-768x512.jpg 768w, https:\/\/czerwonagora.pl\/wp-content\/uploads\/2021\/06\/Bezdech-senny-w-ciezkiej-postaci-choroby-moze-wyma.jpg 1000w\" sizes=\"(max-width: 400px) 100vw, 400px\" \/>Badanie polisomnograficzne<\/b>\u00a0stosuje si\u0119 w celu zapisu zmieniaj\u0105cych si\u0119 parametr\u00f3w organizmu ludzkiego w czasie snu.<\/p><p>W zale\u017cno\u015bci od spodziewanych zaburze\u0144 snu stosuje si\u0119 r\u00f3\u017cne czujniki i rejestruje konieczne parametry (kana\u0142y).<\/p><ul><li><strong>EEG<\/strong> &#8211; w przypadku bada\u0144 wykonywanych w kierunku zaburze\u0144 oddychania w czasie snu, zapis EEG elektroencefalograficzny ograniczony jest do dw\u00f3ch lub czterech kana\u0142\u00f3w (C3 i C4 oraz O1 <br \/>i O2). Ostatnie zalecenia AASM z 2007 roku wymagaj\u0105 u\u017cycia r\u00f3wnie\u017c elektrod F3 i F4. Po analizie zapisu z ww. kana\u0142\u00f3w mo\u017cna stworzy\u0107 hipnogram, b\u0119d\u0105cy wykresem stadi\u00f3w snu w ci\u0105gu danej nocy.<\/li><li><strong>EOG<\/strong> &#8211; elektrookulogram &#8211; rejestracja ruch\u00f3w ga\u0142ek ocznych (czujniki umieszczone w okolicy lewego i prawego oka)<\/li><li><strong>EMG<\/strong> &#8211; elektromiogram &#8211; rejestracja napi\u0119cia mi\u0119\u015bni (czujniki umieszczone pod brod\u0105)<\/li><li><strong>EKG<\/strong> &#8211; elektrokardiogram &#8211; rejestracja czynno\u015bci serca (elektrody klejone na klatce piersiowej)<\/li><li><strong>Termistor<\/strong> &#8211; reaguje na zmiany temperatury spowodowane przep\u0142ywem powietrza (umieszczony w okolicy nosa i ust)<\/li><li><strong>Mikrofon<\/strong> &#8211; odbieraj\u0105cy np. chrapanie (umieszczony na krtani)<\/li><li><strong>Pasy oddechow<\/strong>e &#8211; reaguj\u0105ce na ruchy klatki piersiowej i brzucha<\/li><li><strong>Czujnik po\u0142o\u017cenia cia\u0142a<\/strong> &#8211; pozwala na zapis pozycji cia\u0142a w czasie snu<\/li><li><strong>Aktimetr<\/strong> &#8211; czujnik ruchu ko\u0144czyn (najcz\u0119\u015bciej na kostce)<\/li><li><strong>Czujnik wysycenia krwi t\u0119tniczej tlenem<\/strong> &#8211; Spo2<\/li><\/ul><p>W przypadku rejestracji ruchu ko\u0144czyn mo\u017cna r\u00f3wnie\u017c umie\u015bci\u0107 elektrody &#8211; takie same jak na brodzie.<\/p><p><strong>Najcz\u0119stszym wskazaniem<\/strong> do wykonania <strong>badania polisomnografii<\/strong> jest podejrzenie wyst\u0119powania u pacjenta obturacyjnego bezdechu sennego.<\/p><p>W trakcie jego przebiegu podczas snu blokuje si\u0119 przep\u0142yw powietrza przez drogi oddechowe, w wyniku czego dochodzi do spadku utlenowania krwi t\u0119tniczej oraz niedotlenienia organizmu, jednak zachowana zostaje czynno\u015b\u0107 mi\u0119\u015bni wdechowych. Dodatkowo badanie mo\u017ce zosta\u0107 zalecone osobom niewysypiaj\u0105cym si\u0119, mimo zachowanej higieny snu i odpowiedniego czasu trwania nocnego odpoczynku, a tak\u017ce osobom, kt\u00f3re po wybudzeniu w nocy maj\u0105 k\u0142opoty z ponownym za\u015bni\u0119ciem.<\/p><p><strong>Wskazaniem do badania<\/strong> jest r\u00f3wnie\u017c chrapanie i poranne b\u00f3le g\u0142owy. <strong>Polisomnografie<\/strong> wykonuje si\u0119 r\u00f3wnie\u017c u os\u00f3b, u kt\u00f3rych konieczne mo\u017ce by\u0107 wyci\u0119cie migda\u0142ka gard\u0142owego.<\/p><p><strong>Polisomnografia<\/strong> jest tak\u017ce zalecana osobom cierpi\u0105cym na bezsenno\u015b\u0107 i maj\u0105cym trudno\u015bci z porannym wybudzeniem si\u0119. Niekiedy badanie te wykonuje si\u0119 u os\u00f3b chorych na padaczk\u0119.<\/p><p><strong>Badanie<\/strong> jest ca\u0142kowicie bezpieczne i nie ma \u017cadnych przeciwwskaza\u0144 do jego wykonania.<\/p>\t\t\t\t\t\t\t\t<\/div>\n\t\t\t\t<\/div>\n\t\t\t\t\t<\/div>\n\t\t<\/div>\n\t\t\t\t\t<\/div>\n\t\t<\/section>\n\t\t\t\t<\/div>\n\t\t","protected":false},"excerpt":{"rendered":"<p>Badanie polisomnograficzne\u00a0stosuje si\u0119 w celu zapisu zmieniaj\u0105cych si\u0119 parametr\u00f3w organizmu ludzkiego w czasie snu. W zale\u017cno\u015bci od spodziewanych zaburze\u0144 snu stosuje si\u0119 r\u00f3\u017cne czujniki i rejestruje konieczne parametry (kana\u0142y). EEG &#8211; w przypadku bada\u0144 wykonywanych w kierunku zaburze\u0144 oddychania w czasie snu, zapis EEG elektroencefalograficzny ograniczony jest do dw\u00f3ch lub czterech kana\u0142\u00f3w (C3 i C4 [&hellip;]<\/p>\n","protected":false},"author":4,"featured_media":0,"parent":0,"menu_order":0,"comment_status":"closed","ping_status":"closed","template":"","meta":{"zakra_page_container_layout":"customizer","zakra_page_sidebar_layout":"customizer","zakra_remove_content_margin":false,"zakra_sidebar":"customizer","zakra_transparent_header":"customizer","zakra_logo":0,"zakra_main_header_style":"default","zakra_menu_item_color":"","zakra_menu_item_hover_color":"","zakra_menu_item_active_color":"","zakra_menu_active_style":"","zakra_page_header":true,"footnotes":""},"class_list":["post-7291","page","type-page","status-publish","hentry"],"yoast_head":"<!-- This site is optimized with the Yoast SEO plugin v27.3 - https:\/\/yoast.com\/product\/yoast-seo-wordpress\/ -->\n<title>Badanie Polisomnograficzne - Wojew\u00f3dzki Szpital Specjalistyczny im. \u015aw. Rafa\u0142a w Czerwonej G\u00f3rze<\/title>\n<meta name=\"robots\" content=\"index, follow, max-snippet:-1, max-image-preview:large, max-video-preview:-1\" \/>\n<link rel=\"canonical\" href=\"https:\/\/czerwonagora.pl\/index.php\/badanie-polisomnograficzne\/\" \/>\n<meta property=\"og:locale\" content=\"pl_PL\" \/>\n<meta property=\"og:type\" content=\"article\" \/>\n<meta property=\"og:title\" content=\"Badanie Polisomnograficzne - Wojew\u00f3dzki Szpital Specjalistyczny im. \u015aw. Rafa\u0142a w Czerwonej G\u00f3rze\" \/>\n<meta property=\"og:description\" content=\"Badanie polisomnograficzne\u00a0stosuje si\u0119 w celu zapisu zmieniaj\u0105cych si\u0119 parametr\u00f3w organizmu ludzkiego w czasie snu. W zale\u017cno\u015bci od spodziewanych zaburze\u0144 snu stosuje si\u0119 r\u00f3\u017cne czujniki i rejestruje konieczne parametry (kana\u0142y). EEG &#8211; w przypadku bada\u0144 wykonywanych w kierunku zaburze\u0144 oddychania w czasie snu, zapis EEG elektroencefalograficzny ograniczony jest do dw\u00f3ch lub czterech kana\u0142\u00f3w (C3 i C4 [&hellip;]\" \/>\n<meta property=\"og:url\" content=\"https:\/\/czerwonagora.pl\/index.php\/badanie-polisomnograficzne\/\" \/>\n<meta property=\"og:site_name\" content=\"Wojew\u00f3dzki Szpital Specjalistyczny im. \u015aw. Rafa\u0142a w Czerwonej G\u00f3rze\" \/>\n<meta property=\"article:publisher\" content=\"https:\/\/www.facebook.com\/SzpitalCzerwonaGora\/\" \/>\n<meta property=\"article:modified_time\" content=\"2021-11-18T12:18:36+00:00\" \/>\n<meta property=\"og:image\" content=\"https:\/\/czerwonagora.pl\/wp-content\/uploads\/2021\/06\/Bezdech-senny-w-ciezkiej-postaci-choroby-moze-wyma-300x200.jpg\" \/>\n<meta name=\"twitter:card\" content=\"summary_large_image\" \/>\n<meta name=\"twitter:label1\" content=\"Szacowany czas czytania\" \/>\n\t<meta name=\"twitter:data1\" content=\"2 minuty\" \/>\n<script type=\"application\/ld+json\" class=\"yoast-schema-graph\">{\"@context\":\"https:\\\/\\\/schema.org\",\"@graph\":[{\"@type\":\"WebPage\",\"@id\":\"https:\\\/\\\/czerwonagora.pl\\\/index.php\\\/badanie-polisomnograficzne\\\/\",\"url\":\"https:\\\/\\\/czerwonagora.pl\\\/index.php\\\/badanie-polisomnograficzne\\\/\",\"name\":\"Badanie Polisomnograficzne - Wojew\u00f3dzki Szpital Specjalistyczny im. \u015aw. Rafa\u0142a w Czerwonej G\u00f3rze\",\"isPartOf\":{\"@id\":\"https:\\\/\\\/czerwonagora.pl\\\/#website\"},\"primaryImageOfPage\":{\"@id\":\"https:\\\/\\\/czerwonagora.pl\\\/index.php\\\/badanie-polisomnograficzne\\\/#primaryimage\"},\"image\":{\"@id\":\"https:\\\/\\\/czerwonagora.pl\\\/index.php\\\/badanie-polisomnograficzne\\\/#primaryimage\"},\"thumbnailUrl\":\"https:\\\/\\\/czerwonagora.pl\\\/wp-content\\\/uploads\\\/2021\\\/06\\\/Bezdech-senny-w-ciezkiej-postaci-choroby-moze-wyma-300x200.jpg\",\"datePublished\":\"2021-06-29T07:03:27+00:00\",\"dateModified\":\"2021-11-18T12:18:36+00:00\",\"breadcrumb\":{\"@id\":\"https:\\\/\\\/czerwonagora.pl\\\/index.php\\\/badanie-polisomnograficzne\\\/#breadcrumb\"},\"inLanguage\":\"pl-PL\",\"potentialAction\":[{\"@type\":\"ReadAction\",\"target\":[\"https:\\\/\\\/czerwonagora.pl\\\/index.php\\\/badanie-polisomnograficzne\\\/\"]}]},{\"@type\":\"ImageObject\",\"inLanguage\":\"pl-PL\",\"@id\":\"https:\\\/\\\/czerwonagora.pl\\\/index.php\\\/badanie-polisomnograficzne\\\/#primaryimage\",\"url\":\"https:\\\/\\\/czerwonagora.pl\\\/wp-content\\\/uploads\\\/2021\\\/06\\\/Bezdech-senny-w-ciezkiej-postaci-choroby-moze-wyma.jpg\",\"contentUrl\":\"https:\\\/\\\/czerwonagora.pl\\\/wp-content\\\/uploads\\\/2021\\\/06\\\/Bezdech-senny-w-ciezkiej-postaci-choroby-moze-wyma.jpg\",\"width\":1000,\"height\":667,\"caption\":\"osoba ubrana w ubranie kolory br\u0105zowego le\u017c=y na \u0142\u00f3\u017cku w bia\u0142ej poscieli podpieta do aparatu tlenowego\"},{\"@type\":\"BreadcrumbList\",\"@id\":\"https:\\\/\\\/czerwonagora.pl\\\/index.php\\\/badanie-polisomnograficzne\\\/#breadcrumb\",\"itemListElement\":[{\"@type\":\"ListItem\",\"position\":1,\"name\":\"Strona g\u0142\u00f3wna\",\"item\":\"https:\\\/\\\/czerwonagora.pl\\\/\"},{\"@type\":\"ListItem\",\"position\":2,\"name\":\"Badanie Polisomnograficzne\"}]},{\"@type\":\"WebSite\",\"@id\":\"https:\\\/\\\/czerwonagora.pl\\\/#website\",\"url\":\"https:\\\/\\\/czerwonagora.pl\\\/\",\"name\":\"Wojew\u00f3dzki Szpital Specjalistyczny im. \u015aw. Rafa\u0142a w Czerwonej G\u00f3rze\",\"description\":\"Wojew\u00f3dzki Szpital Specjalistyczny im. \u015aw. Rafa\u0142a w Czerwonej G\u00f3rze\",\"publisher\":{\"@id\":\"https:\\\/\\\/czerwonagora.pl\\\/#organization\"},\"potentialAction\":[{\"@type\":\"SearchAction\",\"target\":{\"@type\":\"EntryPoint\",\"urlTemplate\":\"https:\\\/\\\/czerwonagora.pl\\\/?s={search_term_string}\"},\"query-input\":{\"@type\":\"PropertyValueSpecification\",\"valueRequired\":true,\"valueName\":\"search_term_string\"}}],\"inLanguage\":\"pl-PL\"},{\"@type\":\"Organization\",\"@id\":\"https:\\\/\\\/czerwonagora.pl\\\/#organization\",\"name\":\"Wojew\u00f3dzki Szpital Specjalistyczny im. \u015aw. Rafa\u0142a w Czerwonej G\u00f3rze\",\"url\":\"https:\\\/\\\/czerwonagora.pl\\\/\",\"logo\":{\"@type\":\"ImageObject\",\"inLanguage\":\"pl-PL\",\"@id\":\"https:\\\/\\\/czerwonagora.pl\\\/#\\\/schema\\\/logo\\\/image\\\/\",\"url\":\"https:\\\/\\\/czerwonagora.pl\\\/wp-content\\\/uploads\\\/2021\\\/06\\\/Logo-WSS-DUZE-transparentne.png\",\"contentUrl\":\"https:\\\/\\\/czerwonagora.pl\\\/wp-content\\\/uploads\\\/2021\\\/06\\\/Logo-WSS-DUZE-transparentne.png\",\"width\":4210,\"height\":2975,\"caption\":\"Wojew\u00f3dzki Szpital Specjalistyczny im. \u015aw. Rafa\u0142a w Czerwonej G\u00f3rze\"},\"image\":{\"@id\":\"https:\\\/\\\/czerwonagora.pl\\\/#\\\/schema\\\/logo\\\/image\\\/\"},\"sameAs\":[\"https:\\\/\\\/www.facebook.com\\\/SzpitalCzerwonaGora\\\/\"]}]}<\/script>\n<!-- \/ Yoast SEO plugin. -->","yoast_head_json":{"title":"Badanie Polisomnograficzne - Wojew\u00f3dzki Szpital Specjalistyczny im. \u015aw. Rafa\u0142a w Czerwonej G\u00f3rze","robots":{"index":"index","follow":"follow","max-snippet":"max-snippet:-1","max-image-preview":"max-image-preview:large","max-video-preview":"max-video-preview:-1"},"canonical":"https:\/\/czerwonagora.pl\/index.php\/badanie-polisomnograficzne\/","og_locale":"pl_PL","og_type":"article","og_title":"Badanie Polisomnograficzne - Wojew\u00f3dzki Szpital Specjalistyczny im. \u015aw. Rafa\u0142a w Czerwonej G\u00f3rze","og_description":"Badanie polisomnograficzne\u00a0stosuje si\u0119 w celu zapisu zmieniaj\u0105cych si\u0119 parametr\u00f3w organizmu ludzkiego w czasie snu. W zale\u017cno\u015bci od spodziewanych zaburze\u0144 snu stosuje si\u0119 r\u00f3\u017cne czujniki i rejestruje konieczne parametry (kana\u0142y). EEG &#8211; w przypadku bada\u0144 wykonywanych w kierunku zaburze\u0144 oddychania w czasie snu, zapis EEG elektroencefalograficzny ograniczony jest do dw\u00f3ch lub czterech kana\u0142\u00f3w (C3 i C4 [&hellip;]","og_url":"https:\/\/czerwonagora.pl\/index.php\/badanie-polisomnograficzne\/","og_site_name":"Wojew\u00f3dzki Szpital Specjalistyczny im. \u015aw. Rafa\u0142a w Czerwonej G\u00f3rze","article_publisher":"https:\/\/www.facebook.com\/SzpitalCzerwonaGora\/","article_modified_time":"2021-11-18T12:18:36+00:00","og_image":[{"url":"https:\/\/czerwonagora.pl\/wp-content\/uploads\/2021\/06\/Bezdech-senny-w-ciezkiej-postaci-choroby-moze-wyma-300x200.jpg","type":"","width":"","height":""}],"twitter_card":"summary_large_image","twitter_misc":{"Szacowany czas czytania":"2 minuty"},"schema":{"@context":"https:\/\/schema.org","@graph":[{"@type":"WebPage","@id":"https:\/\/czerwonagora.pl\/index.php\/badanie-polisomnograficzne\/","url":"https:\/\/czerwonagora.pl\/index.php\/badanie-polisomnograficzne\/","name":"Badanie Polisomnograficzne - Wojew\u00f3dzki Szpital Specjalistyczny im. \u015aw. Rafa\u0142a w Czerwonej G\u00f3rze","isPartOf":{"@id":"https:\/\/czerwonagora.pl\/#website"},"primaryImageOfPage":{"@id":"https:\/\/czerwonagora.pl\/index.php\/badanie-polisomnograficzne\/#primaryimage"},"image":{"@id":"https:\/\/czerwonagora.pl\/index.php\/badanie-polisomnograficzne\/#primaryimage"},"thumbnailUrl":"https:\/\/czerwonagora.pl\/wp-content\/uploads\/2021\/06\/Bezdech-senny-w-ciezkiej-postaci-choroby-moze-wyma-300x200.jpg","datePublished":"2021-06-29T07:03:27+00:00","dateModified":"2021-11-18T12:18:36+00:00","breadcrumb":{"@id":"https:\/\/czerwonagora.pl\/index.php\/badanie-polisomnograficzne\/#breadcrumb"},"inLanguage":"pl-PL","potentialAction":[{"@type":"ReadAction","target":["https:\/\/czerwonagora.pl\/index.php\/badanie-polisomnograficzne\/"]}]},{"@type":"ImageObject","inLanguage":"pl-PL","@id":"https:\/\/czerwonagora.pl\/index.php\/badanie-polisomnograficzne\/#primaryimage","url":"https:\/\/czerwonagora.pl\/wp-content\/uploads\/2021\/06\/Bezdech-senny-w-ciezkiej-postaci-choroby-moze-wyma.jpg","contentUrl":"https:\/\/czerwonagora.pl\/wp-content\/uploads\/2021\/06\/Bezdech-senny-w-ciezkiej-postaci-choroby-moze-wyma.jpg","width":1000,"height":667,"caption":"osoba ubrana w ubranie kolory br\u0105zowego le\u017c=y na \u0142\u00f3\u017cku w bia\u0142ej poscieli podpieta do aparatu tlenowego"},{"@type":"BreadcrumbList","@id":"https:\/\/czerwonagora.pl\/index.php\/badanie-polisomnograficzne\/#breadcrumb","itemListElement":[{"@type":"ListItem","position":1,"name":"Strona g\u0142\u00f3wna","item":"https:\/\/czerwonagora.pl\/"},{"@type":"ListItem","position":2,"name":"Badanie Polisomnograficzne"}]},{"@type":"WebSite","@id":"https:\/\/czerwonagora.pl\/#website","url":"https:\/\/czerwonagora.pl\/","name":"Wojew\u00f3dzki Szpital Specjalistyczny im. \u015aw. Rafa\u0142a w Czerwonej G\u00f3rze","description":"Wojew\u00f3dzki Szpital Specjalistyczny im. \u015aw. Rafa\u0142a w Czerwonej G\u00f3rze","publisher":{"@id":"https:\/\/czerwonagora.pl\/#organization"},"potentialAction":[{"@type":"SearchAction","target":{"@type":"EntryPoint","urlTemplate":"https:\/\/czerwonagora.pl\/?s={search_term_string}"},"query-input":{"@type":"PropertyValueSpecification","valueRequired":true,"valueName":"search_term_string"}}],"inLanguage":"pl-PL"},{"@type":"Organization","@id":"https:\/\/czerwonagora.pl\/#organization","name":"Wojew\u00f3dzki Szpital Specjalistyczny im. \u015aw. Rafa\u0142a w Czerwonej G\u00f3rze","url":"https:\/\/czerwonagora.pl\/","logo":{"@type":"ImageObject","inLanguage":"pl-PL","@id":"https:\/\/czerwonagora.pl\/#\/schema\/logo\/image\/","url":"https:\/\/czerwonagora.pl\/wp-content\/uploads\/2021\/06\/Logo-WSS-DUZE-transparentne.png","contentUrl":"https:\/\/czerwonagora.pl\/wp-content\/uploads\/2021\/06\/Logo-WSS-DUZE-transparentne.png","width":4210,"height":2975,"caption":"Wojew\u00f3dzki Szpital Specjalistyczny im. \u015aw. Rafa\u0142a w Czerwonej G\u00f3rze"},"image":{"@id":"https:\/\/czerwonagora.pl\/#\/schema\/logo\/image\/"},"sameAs":["https:\/\/www.facebook.com\/SzpitalCzerwonaGora\/"]}]}},"publishpress_future_action":{"enabled":false,"date":"2026-04-24 10:18:18","action":"change-status","newStatus":"draft","terms":[],"taxonomy":"","extraData":[]},"publishpress_future_workflow_manual_trigger":{"enabledWorkflows":[]},"_links":{"self":[{"href":"https:\/\/czerwonagora.pl\/index.php\/wp-json\/wp\/v2\/pages\/7291","targetHints":{"allow":["GET"]}}],"collection":[{"href":"https:\/\/czerwonagora.pl\/index.php\/wp-json\/wp\/v2\/pages"}],"about":[{"href":"https:\/\/czerwonagora.pl\/index.php\/wp-json\/wp\/v2\/types\/page"}],"author":[{"embeddable":true,"href":"https:\/\/czerwonagora.pl\/index.php\/wp-json\/wp\/v2\/users\/4"}],"replies":[{"embeddable":true,"href":"https:\/\/czerwonagora.pl\/index.php\/wp-json\/wp\/v2\/comments?post=7291"}],"version-history":[{"count":38,"href":"https:\/\/czerwonagora.pl\/index.php\/wp-json\/wp\/v2\/pages\/7291\/revisions"}],"predecessor-version":[{"id":15393,"href":"https:\/\/czerwonagora.pl\/index.php\/wp-json\/wp\/v2\/pages\/7291\/revisions\/15393"}],"wp:attachment":[{"href":"https:\/\/czerwonagora.pl\/index.php\/wp-json\/wp\/v2\/media?parent=7291"}],"curies":[{"name":"wp","href":"https:\/\/api.w.org\/{rel}","templated":true}]}}