{"id":9601,"date":"2021-07-02T09:52:32","date_gmt":"2021-07-02T07:52:32","guid":{"rendered":"https:\/\/czerwonagora.pl\/?page_id=9601"},"modified":"2026-02-16T12:20:59","modified_gmt":"2026-02-16T11:20:59","slug":"dokumentacja-medyczna","status":"publish","type":"page","link":"https:\/\/czerwonagora.pl\/index.php\/dokumentacja-medyczna\/","title":{"rendered":"Dokumentacja Medyczna"},"content":{"rendered":"\t\t<div data-elementor-type=\"wp-page\" data-elementor-id=\"9601\" class=\"elementor elementor-9601\">\n\t\t\t\t\t\t<section class=\"elementor-section elementor-top-section elementor-element elementor-element-784ec3a elementor-section-stretched elementor-section-boxed elementor-section-height-default elementor-section-height-default\" data-id=\"784ec3a\" data-element_type=\"section\" data-e-type=\"section\" data-settings=\"{&quot;stretch_section&quot;:&quot;section-stretched&quot;}\">\n\t\t\t\t\t\t<div class=\"elementor-container elementor-column-gap-default\">\n\t\t\t\t\t<div class=\"elementor-column elementor-col-50 elementor-top-column elementor-element elementor-element-9bc4869\" data-id=\"9bc4869\" data-element_type=\"column\" data-e-type=\"column\">\n\t\t\t<div class=\"elementor-widget-wrap elementor-element-populated\">\n\t\t\t\t\t\t<div class=\"elementor-element elementor-element-17b3ebd elementor-view-default elementor-widget elementor-widget-icon\" data-id=\"17b3ebd\" data-element_type=\"widget\" data-e-type=\"widget\" data-widget_type=\"icon.default\">\n\t\t\t\t<div class=\"elementor-widget-container\">\n\t\t\t\t\t\t\t<div class=\"elementor-icon-wrapper\">\n\t\t\t<div class=\"elementor-icon\">\n\t\t\t<i aria-hidden=\"true\" class=\"fas fa-notes-medical\"><\/i>\t\t\t<\/div>\n\t\t<\/div>\n\t\t\t\t\t\t<\/div>\n\t\t\t\t<\/div>\n\t\t\t\t\t<\/div>\n\t\t<\/div>\n\t\t\t\t<div class=\"elementor-column elementor-col-50 elementor-top-column elementor-element elementor-element-04b4998\" data-id=\"04b4998\" data-element_type=\"column\" data-e-type=\"column\">\n\t\t\t<div class=\"elementor-widget-wrap elementor-element-populated\">\n\t\t\t\t\t\t<div class=\"elementor-element elementor-element-caef609 elementor-widget elementor-widget-heading\" data-id=\"caef609\" data-element_type=\"widget\" data-e-type=\"widget\" data-widget_type=\"heading.default\">\n\t\t\t\t<div class=\"elementor-widget-container\">\n\t\t\t\t\t<h2 class=\"elementor-heading-title elementor-size-default\">Udost\u0119pnianie dokumentacji medycznej<\/h2>\t\t\t\t<\/div>\n\t\t\t\t<\/div>\n\t\t\t\t\t<\/div>\n\t\t<\/div>\n\t\t\t\t\t<\/div>\n\t\t<\/section>\n\t\t\t\t<section class=\"elementor-section elementor-top-section elementor-element elementor-element-57ae60be elementor-section-stretched elementor-section-boxed elementor-section-height-default elementor-section-height-default\" data-id=\"57ae60be\" data-element_type=\"section\" data-e-type=\"section\" data-settings=\"{&quot;stretch_section&quot;:&quot;section-stretched&quot;}\">\n\t\t\t\t\t\t<div class=\"elementor-container elementor-column-gap-default\">\n\t\t\t\t\t<div class=\"elementor-column elementor-col-100 elementor-top-column elementor-element elementor-element-79719ebf\" data-id=\"79719ebf\" data-element_type=\"column\" data-e-type=\"column\">\n\t\t\t<div class=\"elementor-widget-wrap elementor-element-populated\">\n\t\t\t\t\t\t<div class=\"elementor-element elementor-element-5526e780 elementor-drop-cap-yes elementor-drop-cap-view-default elementor-widget elementor-widget-text-editor\" data-id=\"5526e780\" data-element_type=\"widget\" data-e-type=\"widget\" data-settings=\"{&quot;drop_cap&quot;:&quot;yes&quot;}\" data-widget_type=\"text-editor.default\">\n\t\t\t\t<div class=\"elementor-widget-container\">\n\t\t\t\t\t\t\t\t\t<p><strong>Na podstawie:<\/strong><\/p><ol><li>Ustawy o prawach pacjenta i Rzecznika Praw Pacjenta z dnia 6 listopada 2008r z p\u00f3\u017an. zm. art. 26, 27 i 28.<\/li><li>Instrukcji dotycz\u0105cej Udost\u0119pniania dokumentacji medycznej.<\/li><\/ol><h4><strong>I. Dokumentacja medyczna mo\u017ce by\u0107 udost\u0119pniana:<\/strong><\/h4><ul><li>pacjentowi lub jego przedstawicielowi ustawowemu;<\/li><li>Osobie upowa\u017cnionej przez pacjenta;<\/li><li>upowa\u017cnionym organom;<\/li><li>po \u015bmierci pacjenta osobie upowa\u017cnionej przez pacjenta za \u017cycia lub osobie, kt\u00f3ra w chwili zgonu pacjenta by\u0142a jego przedstawicielem ustawowym i osobie bliskiej, chyba \u017ce udost\u0119pnieniu sprzeciwi si\u0119 inna osoba bliska lub sprzeciwi\u0142 si\u0119 temu pacjent za \u017cycia.<\/li><\/ul><h4><strong>II. Dokumentacja medyczna mo\u017ce by\u0107 udost\u0119pniana tak\u017ce:<\/strong><\/h4><ul><li>innym podmiotom udzielaj\u0105cym \u015bwiadcze\u0144 zdrowotnych, je\u017celi jest ona niezb\u0119dna do zapewnienia ci\u0105g\u0142o\u015bci \u015bwiadcze\u0144 zdrowotnych;<\/li><li>organom w\u0142adzy publicznej w tym Rzeczniku Praw Pacjenta, Narodowemu Funduszowi Zdrowia, organom samorz\u0105du zawod\u00f3w medycznych oraz konsultantom w ochronie zdrowia, a tak\u017ce Rzecznikowi Praw Pacjenta Szpitala Psychiatrycznego, w zakresie niezb\u0119dnym do wykonywania przez te przedmioty ich zda\u0144,\u00a0 w szczeg\u00f3lno\u015bci kontroli i nadzoru;<\/li><li>ministrowi w\u0142a\u015bciwemu do spraw zdrowia, s\u0105dom, w tym s\u0105dom dyscyplinarnym, prokuraturom, lekarzom s\u0105dowym i rzecznikom odpowiedzialno\u015bci zawodowej, <br \/>w zwi\u0105zku z prowadzonym post\u0119powaniem;<\/li><li>uprawnionym na mocy odr\u0119bnych ustaw organom i instytucjom \u2013 je\u017celi badanie, kt\u00f3rego dotyczy dokumentacja, zosta\u0142o przeprowadzone na ich wniosek;\u00a0<\/li><li>organom rentowym oraz zespo\u0142om do spraw orzekania o niepe\u0142nosprawno\u015bci \u2013 <br \/>w zwi\u0105zku z prowadzonym przez nie post\u0119powaniem;<\/li><li>podmiotom prowadz\u0105cym rejestry us\u0142ug medycznych \u2013 w zakresie niezb\u0119dnym do prowadzenia rejestr\u00f3w;<\/li><li>zak\u0142adom ubezpiecze\u0144 &#8211; za zgod\u0105 pacjenta;<\/li><li>komisjom lekarskim podleg\u0142ym Ministrowi w\u0142a\u015bciwemu do spraw wewn\u0119trznych;<\/li><li>osobom wykonuj\u0105cym zaw\u00f3d medyczny, w zwi\u0105zku z prowadzeniem procedury oceniaj\u0105cej podmiot udzielaj\u0105cy \u015bwiadcze\u0144 zdrowotnych na podstawie przepis\u00f3w <br \/>o akredytacji w ochronie zdrowia- w zakresie niezb\u0119dnym do jej przeprowadzenia;<\/li><li><p>szkole wy\u017cszej lub jednostce badawczo-rozwojowej do wykorzystania dla cel\u00f3w naukowych &#8211; bez ujawniania nazwiska innych i danych umo\u017cliwiaj\u0105cych identyfikacj\u0119 osoby, kt\u00f3rej dokumentacja dotyczy<\/p><\/li><\/ul><h4><strong>III. Formy udost\u0119pniania:<\/strong><\/h4><ol><li>Dokumentacja medyczna udost\u0119pniania jest na podstawie wniosku o udostepnienie dokumentacji medycznej, zamieszczonego na stronie internetowej Szpitala w zak\u0142adce \u201eDla pacjenta\u201d, lub dost\u0119pnym w Sekcji Statystyki i Archiwum.<\/li><li>Forma wniosku nie musi by\u0107 wy\u0142\u0105cznie pisemna, mo\u017ce przybra\u0107 form\u0119 ustn\u0105 b\u0105d\u017a zosta\u0107 przekazana za po\u015brednictwem \u015brodk\u00f3w komunikacji elektronicznej.<\/li><li>Realizacja wniosku odbywa si\u0119 w ci\u0105gu 7 dni roboczych od daty z\u0142o\u017cenia wniosku.<\/li><li>W uzasadnionych przypadkach termin ten mo\u017ce ulec wyd\u0142u\u017ceniu.<\/li><li>Dokumentacja medyczna jest udost\u0119pniana w nast\u0119puj\u0105cy spos\u00f3b:<\/li><\/ol><ul><li>do wgl\u0105du w siedzibie podmiotu udzielaj\u0105cego \u015bwiadcze\u0144 zdrowotnych;<\/li><li>poprzez sporz\u0105dzenie jej wyci\u0105g\u00f3w, odpis\u00f3w lub kopii;<\/li><li>poprzez wydanie orygina\u0142u za pokwitowaniem odbioru i z zastrze\u017ceniem zwrotu po wykorzystaniu, je\u017celi uprawniony organ lub podmiot \u017c\u0105da udost\u0119pnienia orygina\u0142\u00f3w tej dokumentacji<\/li><\/ul><h4><strong>IV. Zasady odp\u0142atno\u015bci:<\/strong><\/h4><ol><li>Zgodnie z art. 28.1 ust 2 a pkt 1 Ustawy z dnia 6 listopada 2008r z p\u00f3\u017an. zm. o prawach pacjenta i Rzeczniku Praw Pacjenta, op\u0142aty nie pobiera si\u0119 w przypadku udost\u0119pnienia dokumentacji medycznej pacjentowi, albo jego przedstawicielowi ustawowemu po raz pierwszy w \u017c\u0105danym zakresie i w spos\u00f3b, o kt\u00f3rym mowa w art. 27 1 pkt 2 i 5 oraz ust 3 w\/w ustawy.<\/li><li>Ka\u017cda kolejna kopia dokumentacji medycznej jest p\u0142atna, zgodnie z obowi\u0105zuj\u0105cym Zarz\u0105dzeniem Dyrektora w sprawie op\u0142at za udost\u0119pnianie dokumentacji medycznej, uaktualnianym w oparciu o komunikat og\u0142oszony przez Prezesa G\u0142\u00f3wnego Urz\u0119du Statystycznego w sprawie wysoko\u015bci przeci\u0119tnego wynagrodzenia w poprzednim kwartale pocz\u0105wszy od pierwszego dnia miesi\u0105ca nast\u0119puj\u0105cego po miesi\u0105cu, w kt\u00f3rym nast\u0105pi\u0142o og\u0142oszenie.<\/li><\/ol><h4><strong>V. Maksymalne op\u0142aty:<\/strong><\/h4><ul><li>jedna strona wyci\u0105gu lub odpisu dokumentacji medycznej nie mo\u017ce przekracza\u0107 0,002 przeci\u0119tnego wynagrodzenia w poprzednim kwartale<\/li><li>jedna strona kopii dokumentacji medycznej &#8211; nie mo\u017ce przekracza\u0107 0,00007 przeci\u0119tnego wynagrodzenia w poprzednim kwartale;<\/li><li>oplata za udost\u0119pnienie dokumentacji medycznej na informatycznym no\u015bniku danych &#8211; nie mo\u017ce przekracza\u0107 0,0004 przeci\u0119tnego wynagrodzenia w poprzednim kwartale<\/li><\/ul><h4><strong>Ceny obowi\u0105zuj\u0105ce w WSS:<\/strong><\/h4><p>Przeci\u0119tne wynagrodzenie w czwartym kwartale 2025r. og\u0142oszone komunikatem Prezesa G\u0142\u00f3wnego Urz\u0119du Statystycznego z dnia 09.02.2026r wynios\u0142o &#8211; 9 197,79 z\u0142. W zwi\u0105zku z czym aktualne maksymalne op\u0142aty, obowi\u0105zuj\u0105ce w WSS\u00a0 b\u0119d\u0105 wynosi\u0107:<\/p><ul><li>za p\u0142yt\u0119 CD\/DVD z nagranymi badaniami obrazowymi: 3,67 z\u0142,<\/li><li>za kopi\u0119 jednej strony dokumentacji medycznej: 0,64z\u0142,<\/li><li>za wyci\u0105g lub odpis jednej strony dokumentacji medycznej: 18,39 z\u0142.\u00a0\u00a0\u00a0\u00a0\u00a0\u00a0\u00a0\u00a0\u00a0\u00a0\u00a0\u00a0\u00a0\u00a0\u00a0\u00a0\u00a0\u00a0\u00a0\u00a0\u00a0\u00a0\u00a0\u00a0\u00a0\u00a0\u00a0\u00a0\u00a0\u00a0\u00a0\u00a0\u00a0\u00a0\u00a0\u00a0\u00a0\u00a0\u00a0\u00a0\u00a0\u00a0\u00a0\u00a0\u00a0\u00a0\u00a0\u00a0\u00a0\u00a0\u00a0<\/li><\/ul>\t\t\t\t\t\t\t\t<\/div>\n\t\t\t\t<\/div>\n\t\t\t\t\t<\/div>\n\t\t<\/div>\n\t\t\t\t\t<\/div>\n\t\t<\/section>\n\t\t\t\t<section class=\"elementor-section elementor-top-section elementor-element elementor-element-5389d551 elementor-section-boxed elementor-section-height-default elementor-section-height-default\" data-id=\"5389d551\" data-element_type=\"section\" data-e-type=\"section\" data-settings=\"{&quot;background_background&quot;:&quot;classic&quot;}\">\n\t\t\t\t\t\t<div class=\"elementor-container elementor-column-gap-default\">\n\t\t\t\t\t<div class=\"elementor-column elementor-col-25 elementor-top-column elementor-element elementor-element-7708a826\" data-id=\"7708a826\" data-element_type=\"column\" data-e-type=\"column\">\n\t\t\t<div class=\"elementor-widget-wrap elementor-element-populated\">\n\t\t\t\t\t\t<div class=\"elementor-element elementor-element-bc32fd0 elementor-view-default elementor-widget elementor-widget-icon\" data-id=\"bc32fd0\" data-element_type=\"widget\" data-e-type=\"widget\" data-widget_type=\"icon.default\">\n\t\t\t\t<div class=\"elementor-widget-container\">\n\t\t\t\t\t\t\t<div class=\"elementor-icon-wrapper\">\n\t\t\t<div class=\"elementor-icon\">\n\t\t\t<i aria-hidden=\"true\" class=\"far fa-file-pdf\"><\/i>\t\t\t<\/div>\n\t\t<\/div>\n\t\t\t\t\t\t<\/div>\n\t\t\t\t<\/div>\n\t\t\t\t\t<\/div>\n\t\t<\/div>\n\t\t\t\t<div class=\"elementor-column elementor-col-50 elementor-top-column elementor-element elementor-element-521bdb17\" data-id=\"521bdb17\" data-element_type=\"column\" data-e-type=\"column\">\n\t\t\t<div class=\"elementor-widget-wrap elementor-element-populated\">\n\t\t\t\t\t\t<div class=\"elementor-element elementor-element-293a536b elementor-widget elementor-widget-text-editor\" data-id=\"293a536b\" data-element_type=\"widget\" data-e-type=\"widget\" data-widget_type=\"text-editor.default\">\n\t\t\t\t<div class=\"elementor-widget-container\">\n\t\t\t\t\t\t\t\t\t<p>Pobierz wniosek o udost\u0119pnienie dokumentacji medycznej<\/p>\t\t\t\t\t\t\t\t<\/div>\n\t\t\t\t<\/div>\n\t\t\t\t\t<\/div>\n\t\t<\/div>\n\t\t\t\t<div class=\"elementor-column elementor-col-25 elementor-top-column elementor-element elementor-element-7ddc1e3b\" data-id=\"7ddc1e3b\" data-element_type=\"column\" data-e-type=\"column\">\n\t\t\t<div class=\"elementor-widget-wrap elementor-element-populated\">\n\t\t\t\t\t\t<div class=\"elementor-element elementor-element-6191fa8d elementor-align-center elementor-widget elementor-widget-button\" data-id=\"6191fa8d\" data-element_type=\"widget\" data-e-type=\"widget\" data-widget_type=\"button.default\">\n\t\t\t\t<div class=\"elementor-widget-container\">\n\t\t\t\t\t\t\t\t\t<div class=\"elementor-button-wrapper\">\n\t\t\t\t\t<a class=\"elementor-button elementor-button-link elementor-size-sm elementor-animation-grow\" href=\"https:\/\/czerwonagora.pl\/wp-content\/uploads\/2025\/03\/Wniosek-o-udostepnienie-dok.-med.pdf\">\n\t\t\t\t\t\t<span class=\"elementor-button-content-wrapper\">\n\t\t\t\t\t\t\t\t\t<span class=\"elementor-button-text\">Pobierz<\/span>\n\t\t\t\t\t<\/span>\n\t\t\t\t\t<\/a>\n\t\t\t\t<\/div>\n\t\t\t\t\t\t\t\t<\/div>\n\t\t\t\t<\/div>\n\t\t\t\t\t<\/div>\n\t\t<\/div>\n\t\t\t\t\t<\/div>\n\t\t<\/section>\n\t\t\t\t<\/div>\n\t\t","protected":false},"excerpt":{"rendered":"<p>Udost\u0119pnianie dokumentacji medycznej Na podstawie: Ustawy o prawach pacjenta i Rzecznika Praw Pacjenta z dnia 6 listopada 2008r z p\u00f3\u017an. zm. art. 26, 27 i 28. Instrukcji dotycz\u0105cej Udost\u0119pniania dokumentacji medycznej. I. Dokumentacja medyczna mo\u017ce by\u0107 udost\u0119pniana: pacjentowi lub jego przedstawicielowi ustawowemu; Osobie upowa\u017cnionej przez pacjenta; upowa\u017cnionym organom; po \u015bmierci pacjenta osobie upowa\u017cnionej przez pacjenta [&hellip;]<\/p>\n","protected":false},"author":3,"featured_media":0,"parent":0,"menu_order":0,"comment_status":"closed","ping_status":"closed","template":"","meta":{"zakra_page_container_layout":"customizer","zakra_page_sidebar_layout":"customizer","zakra_remove_content_margin":false,"zakra_sidebar":"customizer","zakra_transparent_header":"customizer","zakra_logo":0,"zakra_main_header_style":"default","zakra_menu_item_color":"","zakra_menu_item_hover_color":"","zakra_menu_item_active_color":"","zakra_menu_active_style":"","zakra_page_header":true,"footnotes":""},"class_list":["post-9601","page","type-page","status-publish","hentry"],"yoast_head":"<!-- This site is optimized with the Yoast SEO plugin v27.3 - https:\/\/yoast.com\/product\/yoast-seo-wordpress\/ -->\n<title>Dokumentacja Medyczna - Wojew\u00f3dzki Szpital Specjalistyczny im. \u015aw. Rafa\u0142a w Czerwonej G\u00f3rze<\/title>\n<meta name=\"robots\" content=\"index, follow, max-snippet:-1, max-image-preview:large, max-video-preview:-1\" \/>\n<link rel=\"canonical\" href=\"https:\/\/czerwonagora.pl\/index.php\/dokumentacja-medyczna\/\" \/>\n<meta property=\"og:locale\" content=\"pl_PL\" \/>\n<meta property=\"og:type\" content=\"article\" \/>\n<meta property=\"og:title\" content=\"Dokumentacja Medyczna - Wojew\u00f3dzki Szpital Specjalistyczny im. \u015aw. Rafa\u0142a w Czerwonej G\u00f3rze\" \/>\n<meta property=\"og:description\" content=\"Udost\u0119pnianie dokumentacji medycznej Na podstawie: Ustawy o prawach pacjenta i Rzecznika Praw Pacjenta z dnia 6 listopada 2008r z p\u00f3\u017an. zm. art. 26, 27 i 28. Instrukcji dotycz\u0105cej Udost\u0119pniania dokumentacji medycznej. I. Dokumentacja medyczna mo\u017ce by\u0107 udost\u0119pniana: pacjentowi lub jego przedstawicielowi ustawowemu; Osobie upowa\u017cnionej przez pacjenta; upowa\u017cnionym organom; po \u015bmierci pacjenta osobie upowa\u017cnionej przez pacjenta [&hellip;]\" \/>\n<meta property=\"og:url\" content=\"https:\/\/czerwonagora.pl\/index.php\/dokumentacja-medyczna\/\" \/>\n<meta property=\"og:site_name\" content=\"Wojew\u00f3dzki Szpital Specjalistyczny im. \u015aw. Rafa\u0142a w Czerwonej G\u00f3rze\" \/>\n<meta property=\"article:publisher\" content=\"https:\/\/www.facebook.com\/SzpitalCzerwonaGora\/\" \/>\n<meta property=\"article:modified_time\" content=\"2026-02-16T11:20:59+00:00\" \/>\n<meta property=\"og:image\" content=\"https:\/\/czerwonagora.pl\/wp-content\/uploads\/2021\/06\/DJI_0005-Duzy.jpg\" \/>\n\t<meta property=\"og:image:width\" content=\"1920\" \/>\n\t<meta property=\"og:image:height\" content=\"1080\" \/>\n\t<meta property=\"og:image:type\" content=\"image\/jpeg\" \/>\n<meta name=\"twitter:card\" content=\"summary_large_image\" \/>\n<meta name=\"twitter:label1\" content=\"Szacowany czas czytania\" \/>\n\t<meta name=\"twitter:data1\" content=\"4 minuty\" \/>\n<script type=\"application\/ld+json\" class=\"yoast-schema-graph\">{\"@context\":\"https:\\\/\\\/schema.org\",\"@graph\":[{\"@type\":\"WebPage\",\"@id\":\"https:\\\/\\\/czerwonagora.pl\\\/index.php\\\/dokumentacja-medyczna\\\/\",\"url\":\"https:\\\/\\\/czerwonagora.pl\\\/index.php\\\/dokumentacja-medyczna\\\/\",\"name\":\"Dokumentacja Medyczna - Wojew\u00f3dzki Szpital Specjalistyczny im. \u015aw. Rafa\u0142a w Czerwonej G\u00f3rze\",\"isPartOf\":{\"@id\":\"https:\\\/\\\/czerwonagora.pl\\\/#website\"},\"datePublished\":\"2021-07-02T07:52:32+00:00\",\"dateModified\":\"2026-02-16T11:20:59+00:00\",\"breadcrumb\":{\"@id\":\"https:\\\/\\\/czerwonagora.pl\\\/index.php\\\/dokumentacja-medyczna\\\/#breadcrumb\"},\"inLanguage\":\"pl-PL\",\"potentialAction\":[{\"@type\":\"ReadAction\",\"target\":[\"https:\\\/\\\/czerwonagora.pl\\\/index.php\\\/dokumentacja-medyczna\\\/\"]}]},{\"@type\":\"BreadcrumbList\",\"@id\":\"https:\\\/\\\/czerwonagora.pl\\\/index.php\\\/dokumentacja-medyczna\\\/#breadcrumb\",\"itemListElement\":[{\"@type\":\"ListItem\",\"position\":1,\"name\":\"Strona g\u0142\u00f3wna\",\"item\":\"https:\\\/\\\/czerwonagora.pl\\\/\"},{\"@type\":\"ListItem\",\"position\":2,\"name\":\"Dokumentacja Medyczna\"}]},{\"@type\":\"WebSite\",\"@id\":\"https:\\\/\\\/czerwonagora.pl\\\/#website\",\"url\":\"https:\\\/\\\/czerwonagora.pl\\\/\",\"name\":\"Wojew\u00f3dzki Szpital Specjalistyczny im. \u015aw. Rafa\u0142a w Czerwonej G\u00f3rze\",\"description\":\"Wojew\u00f3dzki Szpital Specjalistyczny im. \u015aw. Rafa\u0142a w Czerwonej G\u00f3rze\",\"publisher\":{\"@id\":\"https:\\\/\\\/czerwonagora.pl\\\/#organization\"},\"potentialAction\":[{\"@type\":\"SearchAction\",\"target\":{\"@type\":\"EntryPoint\",\"urlTemplate\":\"https:\\\/\\\/czerwonagora.pl\\\/?s={search_term_string}\"},\"query-input\":{\"@type\":\"PropertyValueSpecification\",\"valueRequired\":true,\"valueName\":\"search_term_string\"}}],\"inLanguage\":\"pl-PL\"},{\"@type\":\"Organization\",\"@id\":\"https:\\\/\\\/czerwonagora.pl\\\/#organization\",\"name\":\"Wojew\u00f3dzki Szpital Specjalistyczny im. \u015aw. Rafa\u0142a w Czerwonej G\u00f3rze\",\"url\":\"https:\\\/\\\/czerwonagora.pl\\\/\",\"logo\":{\"@type\":\"ImageObject\",\"inLanguage\":\"pl-PL\",\"@id\":\"https:\\\/\\\/czerwonagora.pl\\\/#\\\/schema\\\/logo\\\/image\\\/\",\"url\":\"https:\\\/\\\/czerwonagora.pl\\\/wp-content\\\/uploads\\\/2021\\\/06\\\/Logo-WSS-DUZE-transparentne.png\",\"contentUrl\":\"https:\\\/\\\/czerwonagora.pl\\\/wp-content\\\/uploads\\\/2021\\\/06\\\/Logo-WSS-DUZE-transparentne.png\",\"width\":4210,\"height\":2975,\"caption\":\"Wojew\u00f3dzki Szpital Specjalistyczny im. \u015aw. Rafa\u0142a w Czerwonej G\u00f3rze\"},\"image\":{\"@id\":\"https:\\\/\\\/czerwonagora.pl\\\/#\\\/schema\\\/logo\\\/image\\\/\"},\"sameAs\":[\"https:\\\/\\\/www.facebook.com\\\/SzpitalCzerwonaGora\\\/\"]}]}<\/script>\n<!-- \/ Yoast SEO plugin. -->","yoast_head_json":{"title":"Dokumentacja Medyczna - Wojew\u00f3dzki Szpital Specjalistyczny im. \u015aw. Rafa\u0142a w Czerwonej G\u00f3rze","robots":{"index":"index","follow":"follow","max-snippet":"max-snippet:-1","max-image-preview":"max-image-preview:large","max-video-preview":"max-video-preview:-1"},"canonical":"https:\/\/czerwonagora.pl\/index.php\/dokumentacja-medyczna\/","og_locale":"pl_PL","og_type":"article","og_title":"Dokumentacja Medyczna - Wojew\u00f3dzki Szpital Specjalistyczny im. \u015aw. Rafa\u0142a w Czerwonej G\u00f3rze","og_description":"Udost\u0119pnianie dokumentacji medycznej Na podstawie: Ustawy o prawach pacjenta i Rzecznika Praw Pacjenta z dnia 6 listopada 2008r z p\u00f3\u017an. zm. art. 26, 27 i 28. Instrukcji dotycz\u0105cej Udost\u0119pniania dokumentacji medycznej. I. Dokumentacja medyczna mo\u017ce by\u0107 udost\u0119pniana: pacjentowi lub jego przedstawicielowi ustawowemu; Osobie upowa\u017cnionej przez pacjenta; upowa\u017cnionym organom; po \u015bmierci pacjenta osobie upowa\u017cnionej przez pacjenta [&hellip;]","og_url":"https:\/\/czerwonagora.pl\/index.php\/dokumentacja-medyczna\/","og_site_name":"Wojew\u00f3dzki Szpital Specjalistyczny im. \u015aw. Rafa\u0142a w Czerwonej G\u00f3rze","article_publisher":"https:\/\/www.facebook.com\/SzpitalCzerwonaGora\/","article_modified_time":"2026-02-16T11:20:59+00:00","og_image":[{"width":1920,"height":1080,"url":"https:\/\/czerwonagora.pl\/wp-content\/uploads\/2021\/06\/DJI_0005-Duzy.jpg","type":"image\/jpeg"}],"twitter_card":"summary_large_image","twitter_misc":{"Szacowany czas czytania":"4 minuty"},"schema":{"@context":"https:\/\/schema.org","@graph":[{"@type":"WebPage","@id":"https:\/\/czerwonagora.pl\/index.php\/dokumentacja-medyczna\/","url":"https:\/\/czerwonagora.pl\/index.php\/dokumentacja-medyczna\/","name":"Dokumentacja Medyczna - Wojew\u00f3dzki Szpital Specjalistyczny im. \u015aw. Rafa\u0142a w Czerwonej G\u00f3rze","isPartOf":{"@id":"https:\/\/czerwonagora.pl\/#website"},"datePublished":"2021-07-02T07:52:32+00:00","dateModified":"2026-02-16T11:20:59+00:00","breadcrumb":{"@id":"https:\/\/czerwonagora.pl\/index.php\/dokumentacja-medyczna\/#breadcrumb"},"inLanguage":"pl-PL","potentialAction":[{"@type":"ReadAction","target":["https:\/\/czerwonagora.pl\/index.php\/dokumentacja-medyczna\/"]}]},{"@type":"BreadcrumbList","@id":"https:\/\/czerwonagora.pl\/index.php\/dokumentacja-medyczna\/#breadcrumb","itemListElement":[{"@type":"ListItem","position":1,"name":"Strona g\u0142\u00f3wna","item":"https:\/\/czerwonagora.pl\/"},{"@type":"ListItem","position":2,"name":"Dokumentacja Medyczna"}]},{"@type":"WebSite","@id":"https:\/\/czerwonagora.pl\/#website","url":"https:\/\/czerwonagora.pl\/","name":"Wojew\u00f3dzki Szpital Specjalistyczny im. \u015aw. Rafa\u0142a w Czerwonej G\u00f3rze","description":"Wojew\u00f3dzki Szpital Specjalistyczny im. \u015aw. Rafa\u0142a w Czerwonej G\u00f3rze","publisher":{"@id":"https:\/\/czerwonagora.pl\/#organization"},"potentialAction":[{"@type":"SearchAction","target":{"@type":"EntryPoint","urlTemplate":"https:\/\/czerwonagora.pl\/?s={search_term_string}"},"query-input":{"@type":"PropertyValueSpecification","valueRequired":true,"valueName":"search_term_string"}}],"inLanguage":"pl-PL"},{"@type":"Organization","@id":"https:\/\/czerwonagora.pl\/#organization","name":"Wojew\u00f3dzki Szpital Specjalistyczny im. \u015aw. Rafa\u0142a w Czerwonej G\u00f3rze","url":"https:\/\/czerwonagora.pl\/","logo":{"@type":"ImageObject","inLanguage":"pl-PL","@id":"https:\/\/czerwonagora.pl\/#\/schema\/logo\/image\/","url":"https:\/\/czerwonagora.pl\/wp-content\/uploads\/2021\/06\/Logo-WSS-DUZE-transparentne.png","contentUrl":"https:\/\/czerwonagora.pl\/wp-content\/uploads\/2021\/06\/Logo-WSS-DUZE-transparentne.png","width":4210,"height":2975,"caption":"Wojew\u00f3dzki Szpital Specjalistyczny im. \u015aw. Rafa\u0142a w Czerwonej G\u00f3rze"},"image":{"@id":"https:\/\/czerwonagora.pl\/#\/schema\/logo\/image\/"},"sameAs":["https:\/\/www.facebook.com\/SzpitalCzerwonaGora\/"]}]}},"publishpress_future_action":{"enabled":false,"date":"2026-04-18 13:59:10","action":"change-status","newStatus":"draft","terms":[],"taxonomy":"","extraData":[]},"publishpress_future_workflow_manual_trigger":{"enabledWorkflows":[]},"_links":{"self":[{"href":"https:\/\/czerwonagora.pl\/index.php\/wp-json\/wp\/v2\/pages\/9601","targetHints":{"allow":["GET"]}}],"collection":[{"href":"https:\/\/czerwonagora.pl\/index.php\/wp-json\/wp\/v2\/pages"}],"about":[{"href":"https:\/\/czerwonagora.pl\/index.php\/wp-json\/wp\/v2\/types\/page"}],"author":[{"embeddable":true,"href":"https:\/\/czerwonagora.pl\/index.php\/wp-json\/wp\/v2\/users\/3"}],"replies":[{"embeddable":true,"href":"https:\/\/czerwonagora.pl\/index.php\/wp-json\/wp\/v2\/comments?post=9601"}],"version-history":[{"count":137,"href":"https:\/\/czerwonagora.pl\/index.php\/wp-json\/wp\/v2\/pages\/9601\/revisions"}],"predecessor-version":[{"id":31217,"href":"https:\/\/czerwonagora.pl\/index.php\/wp-json\/wp\/v2\/pages\/9601\/revisions\/31217"}],"wp:attachment":[{"href":"https:\/\/czerwonagora.pl\/index.php\/wp-json\/wp\/v2\/media?parent=9601"}],"curies":[{"name":"wp","href":"https:\/\/api.w.org\/{rel}","templated":true}]}}