{"id":9615,"date":"2021-07-02T10:07:04","date_gmt":"2021-07-02T08:07:04","guid":{"rendered":"https:\/\/czerwonagora.pl\/?page_id=9615"},"modified":"2024-03-12T10:37:01","modified_gmt":"2024-03-12T09:37:01","slug":"rzecznik-praw-pacjenta","status":"publish","type":"page","link":"https:\/\/czerwonagora.pl\/index.php\/rzecznik-praw-pacjenta\/","title":{"rendered":"Rzecznik Praw Pacjenta"},"content":{"rendered":"\t\t<div data-elementor-type=\"wp-page\" data-elementor-id=\"9615\" class=\"elementor elementor-9615\">\n\t\t\t\t\t\t<section class=\"elementor-section elementor-top-section elementor-element elementor-element-68ae24b2 elementor-section-boxed elementor-section-height-default elementor-section-height-default\" data-id=\"68ae24b2\" data-element_type=\"section\" data-e-type=\"section\">\n\t\t\t\t\t\t<div class=\"elementor-container elementor-column-gap-default\">\n\t\t\t\t\t<div class=\"elementor-column elementor-col-100 elementor-top-column elementor-element elementor-element-375d2244\" data-id=\"375d2244\" data-element_type=\"column\" data-e-type=\"column\">\n\t\t\t<div class=\"elementor-widget-wrap elementor-element-populated\">\n\t\t\t\t\t\t<section class=\"elementor-section elementor-inner-section elementor-element elementor-element-427ba17 elementor-section-boxed elementor-section-height-default elementor-section-height-default\" data-id=\"427ba17\" data-element_type=\"section\" data-e-type=\"section\">\n\t\t\t\t\t\t<div class=\"elementor-container elementor-column-gap-default\">\n\t\t\t\t\t<div class=\"elementor-column elementor-col-50 elementor-inner-column elementor-element elementor-element-57ac73a\" data-id=\"57ac73a\" data-element_type=\"column\" data-e-type=\"column\">\n\t\t\t<div class=\"elementor-widget-wrap elementor-element-populated\">\n\t\t\t\t\t\t<div class=\"elementor-element elementor-element-2208fad elementor-widget elementor-widget-text-editor\" data-id=\"2208fad\" data-element_type=\"widget\" data-e-type=\"widget\" data-widget_type=\"text-editor.default\">\n\t\t\t\t<div class=\"elementor-widget-container\">\n\t\t\t\t\t\t\t\t\t<h4><strong>Biuro Rzecznika Praw Pacjenta:<\/strong><br \/>ul. P\u0142ocka 11\/13<br \/>01-231 Warszawa<br \/><strong><a class=\"moz-txt-link-freetext\" href=\"mailto:kancelaria@rpp.gov.pl\">kancelaria@rpp.gov.pl<\/a><\/strong><br \/>fax: (22) 506 50 64<\/h4><h4><strong>Przyj\u0119cia interesant\u00f3w w Biurze Rzecznika Praw Pacjenta odbywaj\u0105 si\u0119 w:<\/strong><\/h4><ul><li><strong>poniedzia\u0142ek \u2013 w godzinach od 9.00 do 18.00<\/strong><\/li><li>wtorek <strong>\u2013<\/strong> w godzinach od 9.00 do 15.00<\/li><li>\u015broda <strong>\u2013<\/strong> w godzinach od 9.00 do 15.00<\/li><li>czwartek <strong>\u2013<\/strong> w godzinach od 9.00 do 15.00<\/li><li>pi\u0105tek <strong>\u2013<\/strong> w godzinach od 9.00 do 15.00<\/li><\/ul>\t\t\t\t\t\t\t\t<\/div>\n\t\t\t\t<\/div>\n\t\t\t\t\t<\/div>\n\t\t<\/div>\n\t\t\t\t<div class=\"elementor-column elementor-col-50 elementor-inner-column elementor-element elementor-element-e8b61a8\" data-id=\"e8b61a8\" data-element_type=\"column\" data-e-type=\"column\">\n\t\t\t<div class=\"elementor-widget-wrap elementor-element-populated\">\n\t\t\t\t\t\t<div class=\"elementor-element elementor-element-c818f83 elementor-widget elementor-widget-image\" data-id=\"c818f83\" data-element_type=\"widget\" data-e-type=\"widget\" data-widget_type=\"image.default\">\n\t\t\t\t<div class=\"elementor-widget-container\">\n\t\t\t\t\t\t\t\t\t\t\t\t\t\t\t<img fetchpriority=\"high\" decoding=\"async\" width=\"768\" height=\"324\" src=\"https:\/\/czerwonagora.pl\/wp-content\/uploads\/2021\/08\/rzecznik-768x324.png\" class=\"attachment-medium_large size-medium_large wp-image-13250\" alt=\"niebieska ikona na szarym tlen z czarnym napisem Rzezcnik Praw Pacjenta\" srcset=\"https:\/\/czerwonagora.pl\/wp-content\/uploads\/2021\/08\/rzecznik-768x324.png 768w, https:\/\/czerwonagora.pl\/wp-content\/uploads\/2021\/08\/rzecznik-300x127.png 300w, https:\/\/czerwonagora.pl\/wp-content\/uploads\/2021\/08\/rzecznik-1024x432.png 1024w, https:\/\/czerwonagora.pl\/wp-content\/uploads\/2021\/08\/rzecznik-1536x648.png 1536w, https:\/\/czerwonagora.pl\/wp-content\/uploads\/2021\/08\/rzecznik.png 1920w\" sizes=\"(max-width: 768px) 100vw, 768px\" \/>\t\t\t\t\t\t\t\t\t\t\t\t\t\t\t<\/div>\n\t\t\t\t<\/div>\n\t\t\t\t\t<\/div>\n\t\t<\/div>\n\t\t\t\t\t<\/div>\n\t\t<\/section>\n\t\t\t\t<div class=\"elementor-element elementor-element-33c9fa03 elementor-widget elementor-widget-text-editor\" data-id=\"33c9fa03\" data-element_type=\"widget\" data-e-type=\"widget\" data-widget_type=\"text-editor.default\">\n\t\t\t\t<div class=\"elementor-widget-container\">\n\t\t\t\t\t\t\t\t\t<p><strong>\u00a0<\/strong><\/p><p><strong>Rzecznik Praw Pacjenta jest centralnym organem administracji rz\u0105dowej w\u0142a\u015bciwym w sprawach ochrony praw pacjent\u00f3w okre\u015blonych w ustawie z dnia 6 listopada 2008 r. o prawach pacjenta <br \/>i Rzeczniku Praw Pacjenta oraz w przepisach odr\u0119bnych, ustanowionym w celu ochrony praw pacjenta.<\/strong><\/p><p>Nad dzia\u0142alno\u015bci\u0105 Rzecznika nadz\u00f3r sprawuje Prezes Rady Ministr\u00f3w.<\/p><p>Rzecznik wykonuje swoje zadania przy pomocy Biura Rzecznika Praw Pacjenta.<\/p><p><strong>Do zakresu dzia\u0142ania Rzecznika nale\u017cy:<\/strong><\/p><ol><li>prowadzenie post\u0119powa\u0144 w sprawach praktyk naruszaj\u0105cych zbiorowe prawa pacjent\u00f3w;<\/li><li>prowadzenie post\u0119powa\u0144 w trybie art. 50-53 ustawy z dnia 6 listopada 2008 r. o prawach pacjenta <br \/>i Rzeczniku Praw Pacjenta;<\/li><li>w sprawach cywilnych wykonywanie zada\u0144 okre\u015blonych w art. 55 ustawy z dnia 6 listopada 2008 r. <br \/>o prawach pacjenta i Rzeczniku Praw Pacjenta;<\/li><li>Opracowanie i przedk\u0142adanie Radzie Ministr\u00f3w projekt\u00f3w akt\u00f3w prawnych dotycz\u0105cych ochrony praw pacjenta;<\/li><li>wyst\u0119powanie do w\u0142a\u015bciwych organ\u00f3w z wnioskami o podj\u0119cie inicjatywy ustawodawczej, b\u0105d\u017a <br \/>o wydanie lub zmian\u0119 akt\u00f3w prawnych w zakresie ochrony praw pacjenta;<\/li><li>opracowanie i wydawanie publikacji oraz program\u00f3w edukacyjnych popularyzuj\u0105cych wiedze <br \/>o ochronie praw pacjenta;<\/li><li>wsp\u00f3\u0142praca z organami w\u0142adzy publicznej w celu zapewnienia pacjentom przestrzegania ich praw, <br \/>w szczeg\u00f3lno\u015bci z ministrem w\u0142a\u015bciwym do spraw zdrowia.<\/li><li>przestawienie w\u0142a\u015bciwym organom w\u0142adzy publicznej, organizacjom i instytucjom oraz samochodom zawod\u00f3w medycznych ocen i wniosk\u00f3w zamierzaj\u0105cych do zapewnienia skutecznej ochrony praw pacjenta;<\/li><li>wsp\u00f3\u0142praca z organizacjami pozarz\u0105dowymi, spo\u0142ecznymi i zawodowymi, do kt\u00f3rych cel\u00f3w statutowych nale\u017cy ochrona praw pacjenta;<\/li><li>analiza skarg pacjent\u00f3w w celu okre\u015blenia zagro\u017ce\u0144 i obszar\u00f3w w systemie ochrony zdrowia wymagaj\u0105cych naprawy;<\/li><li>wykonywanie innych zada\u0144 okre\u015blonych w przepisach prawa lub zleconych przez Prezesa Rady Ministr\u00f3w.<p>Kontakt z Biurem Rzecznika Praw Pacjenta:<\/p><\/li><\/ol>\t\t\t\t\t\t\t\t<\/div>\n\t\t\t\t<\/div>\n\t\t\t\t\t<\/div>\n\t\t<\/div>\n\t\t\t\t\t<\/div>\n\t\t<\/section>\n\t\t\t\t<\/div>\n\t\t","protected":false},"excerpt":{"rendered":"<p>Biuro Rzecznika Praw Pacjenta:ul. P\u0142ocka 11\/1301-231 Warszawakancelaria@rpp.gov.plfax: (22) 506 50 64 Przyj\u0119cia interesant\u00f3w w Biurze Rzecznika Praw Pacjenta odbywaj\u0105 si\u0119 w: poniedzia\u0142ek \u2013 w godzinach od 9.00 do 18.00 wtorek \u2013 w godzinach od 9.00 do 15.00 \u015broda \u2013 w godzinach od 9.00 do 15.00 czwartek \u2013 w godzinach od 9.00 do 15.00 pi\u0105tek \u2013 [&hellip;]<\/p>\n","protected":false},"author":3,"featured_media":0,"parent":0,"menu_order":0,"comment_status":"closed","ping_status":"closed","template":"","meta":{"zakra_page_container_layout":"customizer","zakra_page_sidebar_layout":"customizer","zakra_remove_content_margin":false,"zakra_sidebar":"customizer","zakra_transparent_header":"customizer","zakra_logo":0,"zakra_main_header_style":"default","zakra_menu_item_color":"","zakra_menu_item_hover_color":"","zakra_menu_item_active_color":"","zakra_menu_active_style":"","zakra_page_header":true,"footnotes":""},"class_list":["post-9615","page","type-page","status-publish","hentry"],"yoast_head":"<!-- This site is optimized with the Yoast SEO plugin v27.3 - https:\/\/yoast.com\/product\/yoast-seo-wordpress\/ -->\n<title>Rzecznik Praw Pacjenta - Wojew\u00f3dzki Szpital Specjalistyczny im. \u015aw. Rafa\u0142a w Czerwonej G\u00f3rze<\/title>\n<meta name=\"robots\" content=\"index, follow, max-snippet:-1, max-image-preview:large, max-video-preview:-1\" \/>\n<link rel=\"canonical\" href=\"https:\/\/czerwonagora.pl\/index.php\/rzecznik-praw-pacjenta\/\" \/>\n<meta property=\"og:locale\" content=\"pl_PL\" \/>\n<meta property=\"og:type\" content=\"article\" \/>\n<meta property=\"og:title\" content=\"Rzecznik Praw Pacjenta - Wojew\u00f3dzki Szpital Specjalistyczny im. \u015aw. Rafa\u0142a w Czerwonej G\u00f3rze\" \/>\n<meta property=\"og:description\" content=\"Biuro Rzecznika Praw Pacjenta:ul. P\u0142ocka 11\/1301-231 Warszawakancelaria@rpp.gov.plfax: (22) 506 50 64 Przyj\u0119cia interesant\u00f3w w Biurze Rzecznika Praw Pacjenta odbywaj\u0105 si\u0119 w: poniedzia\u0142ek \u2013 w godzinach od 9.00 do 18.00 wtorek \u2013 w godzinach od 9.00 do 15.00 \u015broda \u2013 w godzinach od 9.00 do 15.00 czwartek \u2013 w godzinach od 9.00 do 15.00 pi\u0105tek \u2013 [&hellip;]\" \/>\n<meta property=\"og:url\" content=\"https:\/\/czerwonagora.pl\/index.php\/rzecznik-praw-pacjenta\/\" \/>\n<meta property=\"og:site_name\" content=\"Wojew\u00f3dzki Szpital Specjalistyczny im. \u015aw. Rafa\u0142a w Czerwonej G\u00f3rze\" \/>\n<meta property=\"article:publisher\" content=\"https:\/\/www.facebook.com\/SzpitalCzerwonaGora\/\" \/>\n<meta property=\"article:modified_time\" content=\"2024-03-12T09:37:01+00:00\" \/>\n<meta property=\"og:image\" content=\"https:\/\/czerwonagora.pl\/wp-content\/uploads\/2021\/08\/rzecznik-768x324.png\" \/>\n<meta name=\"twitter:card\" content=\"summary_large_image\" \/>\n<meta name=\"twitter:label1\" content=\"Szacowany czas czytania\" \/>\n\t<meta name=\"twitter:data1\" content=\"3 minuty\" \/>\n<script type=\"application\/ld+json\" class=\"yoast-schema-graph\">{\"@context\":\"https:\\\/\\\/schema.org\",\"@graph\":[{\"@type\":\"WebPage\",\"@id\":\"https:\\\/\\\/czerwonagora.pl\\\/index.php\\\/rzecznik-praw-pacjenta\\\/\",\"url\":\"https:\\\/\\\/czerwonagora.pl\\\/index.php\\\/rzecznik-praw-pacjenta\\\/\",\"name\":\"Rzecznik Praw Pacjenta - Wojew\u00f3dzki Szpital Specjalistyczny im. \u015aw. Rafa\u0142a w Czerwonej G\u00f3rze\",\"isPartOf\":{\"@id\":\"https:\\\/\\\/czerwonagora.pl\\\/#website\"},\"primaryImageOfPage\":{\"@id\":\"https:\\\/\\\/czerwonagora.pl\\\/index.php\\\/rzecznik-praw-pacjenta\\\/#primaryimage\"},\"image\":{\"@id\":\"https:\\\/\\\/czerwonagora.pl\\\/index.php\\\/rzecznik-praw-pacjenta\\\/#primaryimage\"},\"thumbnailUrl\":\"https:\\\/\\\/czerwonagora.pl\\\/wp-content\\\/uploads\\\/2021\\\/08\\\/rzecznik-768x324.png\",\"datePublished\":\"2021-07-02T08:07:04+00:00\",\"dateModified\":\"2024-03-12T09:37:01+00:00\",\"breadcrumb\":{\"@id\":\"https:\\\/\\\/czerwonagora.pl\\\/index.php\\\/rzecznik-praw-pacjenta\\\/#breadcrumb\"},\"inLanguage\":\"pl-PL\",\"potentialAction\":[{\"@type\":\"ReadAction\",\"target\":[\"https:\\\/\\\/czerwonagora.pl\\\/index.php\\\/rzecznik-praw-pacjenta\\\/\"]}]},{\"@type\":\"ImageObject\",\"inLanguage\":\"pl-PL\",\"@id\":\"https:\\\/\\\/czerwonagora.pl\\\/index.php\\\/rzecznik-praw-pacjenta\\\/#primaryimage\",\"url\":\"https:\\\/\\\/czerwonagora.pl\\\/wp-content\\\/uploads\\\/2021\\\/08\\\/rzecznik.png\",\"contentUrl\":\"https:\\\/\\\/czerwonagora.pl\\\/wp-content\\\/uploads\\\/2021\\\/08\\\/rzecznik.png\",\"width\":1920,\"height\":810,\"caption\":\"niebieska ikona na szarym tlen z czarnym napisem Rzezcnik Praw Pacjenta\"},{\"@type\":\"BreadcrumbList\",\"@id\":\"https:\\\/\\\/czerwonagora.pl\\\/index.php\\\/rzecznik-praw-pacjenta\\\/#breadcrumb\",\"itemListElement\":[{\"@type\":\"ListItem\",\"position\":1,\"name\":\"Strona g\u0142\u00f3wna\",\"item\":\"https:\\\/\\\/czerwonagora.pl\\\/\"},{\"@type\":\"ListItem\",\"position\":2,\"name\":\"Rzecznik Praw Pacjenta\"}]},{\"@type\":\"WebSite\",\"@id\":\"https:\\\/\\\/czerwonagora.pl\\\/#website\",\"url\":\"https:\\\/\\\/czerwonagora.pl\\\/\",\"name\":\"Wojew\u00f3dzki Szpital Specjalistyczny im. \u015aw. Rafa\u0142a w Czerwonej G\u00f3rze\",\"description\":\"Wojew\u00f3dzki Szpital Specjalistyczny im. \u015aw. Rafa\u0142a w Czerwonej G\u00f3rze\",\"publisher\":{\"@id\":\"https:\\\/\\\/czerwonagora.pl\\\/#organization\"},\"potentialAction\":[{\"@type\":\"SearchAction\",\"target\":{\"@type\":\"EntryPoint\",\"urlTemplate\":\"https:\\\/\\\/czerwonagora.pl\\\/?s={search_term_string}\"},\"query-input\":{\"@type\":\"PropertyValueSpecification\",\"valueRequired\":true,\"valueName\":\"search_term_string\"}}],\"inLanguage\":\"pl-PL\"},{\"@type\":\"Organization\",\"@id\":\"https:\\\/\\\/czerwonagora.pl\\\/#organization\",\"name\":\"Wojew\u00f3dzki Szpital Specjalistyczny im. \u015aw. Rafa\u0142a w Czerwonej G\u00f3rze\",\"url\":\"https:\\\/\\\/czerwonagora.pl\\\/\",\"logo\":{\"@type\":\"ImageObject\",\"inLanguage\":\"pl-PL\",\"@id\":\"https:\\\/\\\/czerwonagora.pl\\\/#\\\/schema\\\/logo\\\/image\\\/\",\"url\":\"https:\\\/\\\/czerwonagora.pl\\\/wp-content\\\/uploads\\\/2021\\\/06\\\/Logo-WSS-DUZE-transparentne.png\",\"contentUrl\":\"https:\\\/\\\/czerwonagora.pl\\\/wp-content\\\/uploads\\\/2021\\\/06\\\/Logo-WSS-DUZE-transparentne.png\",\"width\":4210,\"height\":2975,\"caption\":\"Wojew\u00f3dzki Szpital Specjalistyczny im. \u015aw. Rafa\u0142a w Czerwonej G\u00f3rze\"},\"image\":{\"@id\":\"https:\\\/\\\/czerwonagora.pl\\\/#\\\/schema\\\/logo\\\/image\\\/\"},\"sameAs\":[\"https:\\\/\\\/www.facebook.com\\\/SzpitalCzerwonaGora\\\/\"]}]}<\/script>\n<!-- \/ Yoast SEO plugin. -->","yoast_head_json":{"title":"Rzecznik Praw Pacjenta - Wojew\u00f3dzki Szpital Specjalistyczny im. \u015aw. Rafa\u0142a w Czerwonej G\u00f3rze","robots":{"index":"index","follow":"follow","max-snippet":"max-snippet:-1","max-image-preview":"max-image-preview:large","max-video-preview":"max-video-preview:-1"},"canonical":"https:\/\/czerwonagora.pl\/index.php\/rzecznik-praw-pacjenta\/","og_locale":"pl_PL","og_type":"article","og_title":"Rzecznik Praw Pacjenta - Wojew\u00f3dzki Szpital Specjalistyczny im. \u015aw. Rafa\u0142a w Czerwonej G\u00f3rze","og_description":"Biuro Rzecznika Praw Pacjenta:ul. P\u0142ocka 11\/1301-231 Warszawakancelaria@rpp.gov.plfax: (22) 506 50 64 Przyj\u0119cia interesant\u00f3w w Biurze Rzecznika Praw Pacjenta odbywaj\u0105 si\u0119 w: poniedzia\u0142ek \u2013 w godzinach od 9.00 do 18.00 wtorek \u2013 w godzinach od 9.00 do 15.00 \u015broda \u2013 w godzinach od 9.00 do 15.00 czwartek \u2013 w godzinach od 9.00 do 15.00 pi\u0105tek \u2013 [&hellip;]","og_url":"https:\/\/czerwonagora.pl\/index.php\/rzecznik-praw-pacjenta\/","og_site_name":"Wojew\u00f3dzki Szpital Specjalistyczny im. \u015aw. Rafa\u0142a w Czerwonej G\u00f3rze","article_publisher":"https:\/\/www.facebook.com\/SzpitalCzerwonaGora\/","article_modified_time":"2024-03-12T09:37:01+00:00","og_image":[{"url":"https:\/\/czerwonagora.pl\/wp-content\/uploads\/2021\/08\/rzecznik-768x324.png","type":"","width":"","height":""}],"twitter_card":"summary_large_image","twitter_misc":{"Szacowany czas czytania":"3 minuty"},"schema":{"@context":"https:\/\/schema.org","@graph":[{"@type":"WebPage","@id":"https:\/\/czerwonagora.pl\/index.php\/rzecznik-praw-pacjenta\/","url":"https:\/\/czerwonagora.pl\/index.php\/rzecznik-praw-pacjenta\/","name":"Rzecznik Praw Pacjenta - Wojew\u00f3dzki Szpital Specjalistyczny im. \u015aw. Rafa\u0142a w Czerwonej G\u00f3rze","isPartOf":{"@id":"https:\/\/czerwonagora.pl\/#website"},"primaryImageOfPage":{"@id":"https:\/\/czerwonagora.pl\/index.php\/rzecznik-praw-pacjenta\/#primaryimage"},"image":{"@id":"https:\/\/czerwonagora.pl\/index.php\/rzecznik-praw-pacjenta\/#primaryimage"},"thumbnailUrl":"https:\/\/czerwonagora.pl\/wp-content\/uploads\/2021\/08\/rzecznik-768x324.png","datePublished":"2021-07-02T08:07:04+00:00","dateModified":"2024-03-12T09:37:01+00:00","breadcrumb":{"@id":"https:\/\/czerwonagora.pl\/index.php\/rzecznik-praw-pacjenta\/#breadcrumb"},"inLanguage":"pl-PL","potentialAction":[{"@type":"ReadAction","target":["https:\/\/czerwonagora.pl\/index.php\/rzecznik-praw-pacjenta\/"]}]},{"@type":"ImageObject","inLanguage":"pl-PL","@id":"https:\/\/czerwonagora.pl\/index.php\/rzecznik-praw-pacjenta\/#primaryimage","url":"https:\/\/czerwonagora.pl\/wp-content\/uploads\/2021\/08\/rzecznik.png","contentUrl":"https:\/\/czerwonagora.pl\/wp-content\/uploads\/2021\/08\/rzecznik.png","width":1920,"height":810,"caption":"niebieska ikona na szarym tlen z czarnym napisem Rzezcnik Praw Pacjenta"},{"@type":"BreadcrumbList","@id":"https:\/\/czerwonagora.pl\/index.php\/rzecznik-praw-pacjenta\/#breadcrumb","itemListElement":[{"@type":"ListItem","position":1,"name":"Strona g\u0142\u00f3wna","item":"https:\/\/czerwonagora.pl\/"},{"@type":"ListItem","position":2,"name":"Rzecznik Praw Pacjenta"}]},{"@type":"WebSite","@id":"https:\/\/czerwonagora.pl\/#website","url":"https:\/\/czerwonagora.pl\/","name":"Wojew\u00f3dzki Szpital Specjalistyczny im. \u015aw. Rafa\u0142a w Czerwonej G\u00f3rze","description":"Wojew\u00f3dzki Szpital Specjalistyczny im. \u015aw. Rafa\u0142a w Czerwonej G\u00f3rze","publisher":{"@id":"https:\/\/czerwonagora.pl\/#organization"},"potentialAction":[{"@type":"SearchAction","target":{"@type":"EntryPoint","urlTemplate":"https:\/\/czerwonagora.pl\/?s={search_term_string}"},"query-input":{"@type":"PropertyValueSpecification","valueRequired":true,"valueName":"search_term_string"}}],"inLanguage":"pl-PL"},{"@type":"Organization","@id":"https:\/\/czerwonagora.pl\/#organization","name":"Wojew\u00f3dzki Szpital Specjalistyczny im. \u015aw. Rafa\u0142a w Czerwonej G\u00f3rze","url":"https:\/\/czerwonagora.pl\/","logo":{"@type":"ImageObject","inLanguage":"pl-PL","@id":"https:\/\/czerwonagora.pl\/#\/schema\/logo\/image\/","url":"https:\/\/czerwonagora.pl\/wp-content\/uploads\/2021\/06\/Logo-WSS-DUZE-transparentne.png","contentUrl":"https:\/\/czerwonagora.pl\/wp-content\/uploads\/2021\/06\/Logo-WSS-DUZE-transparentne.png","width":4210,"height":2975,"caption":"Wojew\u00f3dzki Szpital Specjalistyczny im. \u015aw. Rafa\u0142a w Czerwonej G\u00f3rze"},"image":{"@id":"https:\/\/czerwonagora.pl\/#\/schema\/logo\/image\/"},"sameAs":["https:\/\/www.facebook.com\/SzpitalCzerwonaGora\/"]}]}},"publishpress_future_action":{"enabled":false,"date":"2026-04-21 21:04:58","action":"change-status","newStatus":"draft","terms":[],"taxonomy":"","extraData":[]},"publishpress_future_workflow_manual_trigger":{"enabledWorkflows":[]},"_links":{"self":[{"href":"https:\/\/czerwonagora.pl\/index.php\/wp-json\/wp\/v2\/pages\/9615","targetHints":{"allow":["GET"]}}],"collection":[{"href":"https:\/\/czerwonagora.pl\/index.php\/wp-json\/wp\/v2\/pages"}],"about":[{"href":"https:\/\/czerwonagora.pl\/index.php\/wp-json\/wp\/v2\/types\/page"}],"author":[{"embeddable":true,"href":"https:\/\/czerwonagora.pl\/index.php\/wp-json\/wp\/v2\/users\/3"}],"replies":[{"embeddable":true,"href":"https:\/\/czerwonagora.pl\/index.php\/wp-json\/wp\/v2\/comments?post=9615"}],"version-history":[{"count":71,"href":"https:\/\/czerwonagora.pl\/index.php\/wp-json\/wp\/v2\/pages\/9615\/revisions"}],"predecessor-version":[{"id":21580,"href":"https:\/\/czerwonagora.pl\/index.php\/wp-json\/wp\/v2\/pages\/9615\/revisions\/21580"}],"wp:attachment":[{"href":"https:\/\/czerwonagora.pl\/index.php\/wp-json\/wp\/v2\/media?parent=9615"}],"curies":[{"name":"wp","href":"https:\/\/api.w.org\/{rel}","templated":true}]}}